{"id":1446,"date":"2026-02-03T14:22:59","date_gmt":"2026-02-03T14:22:59","guid":{"rendered":"https:\/\/www.wonzh.com\/?post_type=product&#038;p=1446"},"modified":"2026-02-04T15:05:01","modified_gmt":"2026-02-04T15:05:01","slug":"high-performance-hydraulic-seals-for-cylinders-and-fluid-power-systems","status":"publish","type":"product","link":"https:\/\/www.wonzh.com\/pt\/product\/high-performance-hydraulic-seals-for-cylinders-and-fluid-power-systems\/","title":{"rendered":"Vedantes Hidr\u00e1ulicos de Alto Desempenho para Cilindros e Sistemas de Alimenta\u00e7\u00e3o de Fluidos"},"content":{"rendered":"<p data-start=\"555\" data-end=\"914\">Os vedantes hidr\u00e1ulicos fornecidos pela Wonzh s\u00e3o componentes de veda\u00e7\u00e3o concebidos com precis\u00e3o para evitar fugas de fluido e manter a estabilidade da press\u00e3o em cilindros hidr\u00e1ulicos, bombas e sistemas de alimenta\u00e7\u00e3o de fluidos. Essas veda\u00e7\u00f5es desempenham um papel fundamental para garantir o movimento suave do pist\u00e3o, evitando vazamentos internos e protegendo os sistemas hidr\u00e1ulicos contra contamina\u00e7\u00e3o e desgaste.<\/p>\n<p data-start=\"916\" data-end=\"1340\">Fabricados a partir de materiais avan\u00e7ados de elast\u00f3meros e pol\u00edmeros, tais como PU (poliuretano), NBR, FKM, PTFE e compostos de PTFE, os vedantes hidr\u00e1ulicos Wonzh oferecem uma excelente resist\u00eancia \u00e0 abras\u00e3o, desempenho de baixa fric\u00e7\u00e3o e durabilidade a alta press\u00e3o. A moldagem de precis\u00e3o, a maquinagem CNC e a inspe\u00e7\u00e3o de qualidade rigorosa garantem a precis\u00e3o dimensional, uma veda\u00e7\u00e3o fi\u00e1vel e uma vida \u00fatil prolongada, mesmo em condi\u00e7\u00f5es de funcionamento dif\u00edceis.<\/p>\n<p data-start=\"1342\" data-end=\"1686\">Como um fornecedor experiente de veda\u00e7\u00f5es industriais, a Wonzh fornece perfis de veda\u00e7\u00e3o hidr\u00e1ulica padr\u00e3o, bem como solu\u00e7\u00f5es personalizadas adaptadas aos requisitos de press\u00e3o, velocidade, temperatura e compatibilidade de fluidos. A nossa equipa de engenharia apoia a sele\u00e7\u00e3o de vedantes, a otimiza\u00e7\u00e3o do desenho das ranhuras e a resolu\u00e7\u00e3o de problemas de aplica\u00e7\u00e3o para maximizar a fiabilidade do sistema.<\/p>\n<h2 data-start=\"1693\" data-end=\"1712\"><strong data-start=\"1696\" data-end=\"1712\">Carater\u00edsticas principais<\/strong><\/h2>\n<ul data-start=\"1714\" data-end=\"2014\">\n<li data-start=\"1714\" data-end=\"1767\">\n<p data-start=\"1716\" data-end=\"1767\">Excelente desempenho de veda\u00e7\u00e3o sob alta press\u00e3o<\/p>\n<\/li>\n<li data-start=\"1768\" data-end=\"1815\">\n<p data-start=\"1770\" data-end=\"1815\">Baixo atrito e consumo de energia reduzido<\/p>\n<\/li>\n<li data-start=\"1816\" data-end=\"1860\">\n<p data-start=\"1818\" data-end=\"1860\">Forte resist\u00eancia \u00e0 abras\u00e3o e \u00e0 extrus\u00e3o<\/p>\n<\/li>\n<li data-start=\"1861\" data-end=\"1906\">\n<p data-start=\"1863\" data-end=\"1906\">Adequado para movimentos alternativos din\u00e2micos<\/p>\n<\/li>\n<li data-start=\"1907\" data-end=\"1960\">\n<p data-start=\"1909\" data-end=\"1960\">Ampla compatibilidade de materiais com fluidos hidr\u00e1ulicos<\/p>\n<\/li>\n<li data-start=\"1961\" data-end=\"2014\">\n<p data-start=\"1963\" data-end=\"2014\">Modelos personalizados dispon\u00edveis para aplica\u00e7\u00f5es especiais<\/p>\n<\/li>\n<\/ul>\n<h2 data-start=\"2021\" data-end=\"2048\"><strong data-start=\"2024\" data-end=\"2048\">Aplica\u00e7\u00f5es t\u00edpicas<\/strong><\/h2>\n<ul data-start=\"2050\" data-end=\"2337\">\n<li data-start=\"2050\" data-end=\"2073\">\n<p data-start=\"2052\" data-end=\"2073\">Cilindros hidr\u00e1ulicos<\/p>\n<\/li>\n<li data-start=\"2074\" data-end=\"2115\">\n<p data-start=\"2076\" data-end=\"2115\">Escavadoras e m\u00e1quinas de constru\u00e7\u00e3o<\/p>\n<\/li>\n<li data-start=\"2116\" data-end=\"2163\">\n<p data-start=\"2118\" data-end=\"2163\">Prensas industriais e equipamentos de automatiza\u00e7\u00e3o<\/p>\n<\/li>\n<li data-start=\"2164\" data-end=\"2184\">\n<p data-start=\"2166\" data-end=\"2184\">M\u00e1quinas para a ind\u00fastria mineira<\/p>\n<\/li>\n<li data-start=\"2185\" data-end=\"2228\">\n<p data-start=\"2187\" data-end=\"2228\">Empilhadores e sistemas de movimenta\u00e7\u00e3o de materiais<\/p>\n<\/li>\n<li data-start=\"2229\" data-end=\"2255\">\n<p data-start=\"2231\" data-end=\"2255\">Equipamento agr\u00edcola<\/p>\n<\/li>\n<li data-start=\"2256\" data-end=\"2289\">\n<p data-start=\"2258\" data-end=\"2289\">Sistemas hidr\u00e1ulicos de petr\u00f3leo e g\u00e1s<\/p>\n<\/li>\n<li data-start=\"2290\" data-end=\"2337\">\n<p data-start=\"2292\" data-end=\"2337\">Unidades de energia hidr\u00e1ulica m\u00f3veis e estacion\u00e1rias<\/p>\n<\/li>\n<\/ul>\n<h2 data-start=\"2344\" data-end=\"2381\"><strong data-start=\"2347\" data-end=\"2381\">Tipos de vedantes hidr\u00e1ulicos que fornecemos<\/strong><\/h2>\n<div class=\"TyagGW_tableContainer\">\n<div class=\"group TyagGW_tableWrapper flex flex-col-reverse w-fit\" tabindex=\"-1\">\n<table class=\"w-fit min-w-(--thread-content-width)\" data-start=\"2383\" data-end=\"2809\">\n<thead data-start=\"2383\" data-end=\"2426\">\n<tr data-start=\"2383\" data-end=\"2426\">\n<th data-start=\"2383\" data-end=\"2395\" data-col-size=\"sm\">Tipo de veda\u00e7\u00e3o<\/th>\n<th data-start=\"2395\" data-end=\"2406\" data-col-size=\"md\">Fun\u00e7\u00e3o<\/th>\n<th data-start=\"2406\" data-end=\"2426\" data-col-size=\"sm\">Posi\u00e7\u00e3o t\u00edpica<\/th>\n<\/tr>\n<\/thead>\n<tbody data-start=\"2441\" data-end=\"2809\">\n<tr data-start=\"2441\" data-end=\"2516\">\n<td data-start=\"2441\" data-end=\"2455\" data-col-size=\"sm\">Veda\u00e7\u00e3o do pist\u00e3o<\/td>\n<td data-start=\"2455\" data-end=\"2497\" data-col-size=\"md\">Evita fugas internas no pist\u00e3o<\/td>\n<td data-start=\"2497\" data-end=\"2516\" data-col-size=\"sm\">Cilindro interior<\/td>\n<\/tr>\n<tr data-start=\"2517\" data-end=\"2591\">\n<td data-start=\"2517\" data-end=\"2528\" data-col-size=\"sm\">Veda\u00e7\u00e3o da haste<\/td>\n<td data-start=\"2528\" data-end=\"2570\" data-col-size=\"md\">Evita fugas externas do cilindro<\/td>\n<td data-start=\"2570\" data-end=\"2591\" data-col-size=\"sm\">Sa\u00edda da haste do cilindro<\/td>\n<\/tr>\n<tr data-start=\"2592\" data-end=\"2662\">\n<td data-start=\"2592\" data-end=\"2605\" data-col-size=\"sm\">Veda\u00e7\u00e3o do limpa para-brisas<\/td>\n<td data-start=\"2605\" data-end=\"2643\" data-col-size=\"md\">Bloqueia o p\u00f3, a sujidade e os contaminantes<\/td>\n<td data-start=\"2643\" data-end=\"2662\" data-col-size=\"sm\">Ponto de entrada da haste<\/td>\n<\/tr>\n<tr data-start=\"2663\" data-end=\"2728\">\n<td data-start=\"2663\" data-end=\"2676\" data-col-size=\"sm\">Anel-guia<\/td>\n<td data-start=\"2676\" data-end=\"2710\" data-col-size=\"md\">Evita o contacto metal-metal<\/td>\n<td data-start=\"2710\" data-end=\"2728\" data-col-size=\"sm\">Pist\u00e3o e haste<\/td>\n<\/tr>\n<tr data-start=\"2729\" data-end=\"2809\">\n<td data-start=\"2729\" data-end=\"2743\" data-col-size=\"sm\">Anel de reserva<\/td>\n<td data-start=\"2743\" data-end=\"2789\" data-col-size=\"md\">Evita a extrus\u00e3o da junta sob alta press\u00e3o<\/td>\n<td data-start=\"2789\" data-end=\"2809\" data-col-size=\"sm\">Atr\u00e1s da junta principal<\/td>\n<\/tr>\n<\/tbody>\n<\/table>\n<\/div>\n<\/div>\n<h2 data-start=\"2816\" data-end=\"2868\"><strong data-start=\"2819\" data-end=\"2866\">Par\u00e2metros t\u00e9cnicos (Gama representativa)<\/strong><\/h2>\n<div class=\"TyagGW_tableContainer\">\n<div class=\"group TyagGW_tableWrapper flex flex-col-reverse w-fit\" tabindex=\"-1\">\n<table class=\"w-fit min-w-(--thread-content-width)\" data-start=\"2870\" data-end=\"3388\">\n<thead data-start=\"2870\" data-end=\"2907\">\n<tr data-start=\"2870\" data-end=\"2907\">\n<th data-start=\"2870\" data-end=\"2882\" data-col-size=\"sm\">Par\u00e2metro<\/th>\n<th data-start=\"2882\" data-end=\"2907\" data-col-size=\"md\">Especifica\u00e7\u00e3o \/ Gama<\/th>\n<\/tr>\n<\/thead>\n<tbody data-start=\"2918\" data-end=\"3388\">\n<tr data-start=\"2918\" data-end=\"2967\">\n<td data-start=\"2918\" data-end=\"2930\" data-col-size=\"sm\">Tipo de veda\u00e7\u00e3o<\/td>\n<td data-start=\"2930\" data-end=\"2967\" data-col-size=\"md\">Pist\u00e3o, haste, limpador, guia, apoio<\/td>\n<\/tr>\n<tr data-start=\"2968\" data-end=\"3029\">\n<td data-start=\"2968\" data-end=\"2989\" data-col-size=\"sm\">Press\u00e3o de funcionamento<\/td>\n<td data-start=\"2989\" data-end=\"3029\" data-col-size=\"md\">At\u00e9 40 MPa (dependendo da aplica\u00e7\u00e3o)<\/td>\n<\/tr>\n<tr data-start=\"3030\" data-end=\"3090\">\n<td data-start=\"3030\" data-end=\"3050\" data-col-size=\"sm\">Gama de temperaturas<\/td>\n<td data-start=\"3050\" data-end=\"3090\" data-col-size=\"md\">-40\u00b0C a +120\u00b0C (dependendo do material)<\/td>\n<\/tr>\n<tr data-start=\"3091\" data-end=\"3150\">\n<td data-start=\"3091\" data-end=\"3107\" data-col-size=\"sm\">Velocidade de deslizamento<\/td>\n<td data-start=\"3107\" data-end=\"3150\" data-col-size=\"md\">At\u00e9 1,0 m\/s (dependente da configura\u00e7\u00e3o)<\/td>\n<\/tr>\n<tr data-start=\"3151\" data-end=\"3220\">\n<td data-start=\"3151\" data-end=\"3173\" data-col-size=\"sm\">Compatibilidade de suportes<\/td>\n<td data-start=\"3173\" data-end=\"3220\" data-col-size=\"md\">\u00d3leo mineral, \u00e1gua-glicol, fluidos sint\u00e9ticos<\/td>\n<\/tr>\n<tr data-start=\"3221\" data-end=\"3281\">\n<td data-start=\"3221\" data-end=\"3243\" data-col-size=\"sm\">Materiais dispon\u00edveis<\/td>\n<td data-start=\"3243\" data-end=\"3281\" data-col-size=\"md\">PU, NBR, FKM, PTFE, composto de PTFE<\/td>\n<\/tr>\n<tr data-start=\"3282\" data-end=\"3339\">\n<td data-start=\"3282\" data-end=\"3308\" data-col-size=\"sm\">Rugosidade da superf\u00edcie (haste)<\/td>\n<td data-start=\"3308\" data-end=\"3339\" data-col-size=\"md\">Ra 0,2 - 0,4 \u03bcm recomendado<\/td>\n<\/tr>\n<tr data-start=\"3340\" data-end=\"3388\">\n<td data-start=\"3340\" data-end=\"3362\" data-col-size=\"sm\">Normas suportadas<\/td>\n<td data-start=\"3362\" data-end=\"3388\" data-col-size=\"md\">Perfis ISO dispon\u00edveis<\/td>\n<\/tr>\n<\/tbody>\n<\/table>\n<\/div>\n<\/div>\n<h2 data-start=\"3395\" data-end=\"3426\"><strong data-start=\"3398\" data-end=\"3426\">Guia de sele\u00e7\u00e3o de materiais<\/strong><\/h2>\n<div class=\"TyagGW_tableContainer\">\n<div class=\"group TyagGW_tableWrapper flex flex-col-reverse w-fit\" tabindex=\"-1\">\n<table class=\"w-fit min-w-(--thread-content-width)\" data-start=\"3428\" data-end=\"3860\">\n<thead data-start=\"3428\" data-end=\"3467\">\n<tr data-start=\"3428\" data-end=\"3467\">\n<th data-start=\"3428\" data-end=\"3439\" data-col-size=\"sm\">Material<\/th>\n<th data-start=\"3439\" data-end=\"3453\" data-col-size=\"sm\">Utiliza\u00e7\u00e3o t\u00edpica<\/th>\n<th data-start=\"3453\" data-end=\"3467\" data-col-size=\"sm\">Vantagens<\/th>\n<\/tr>\n<\/thead>\n<tbody data-start=\"3482\" data-end=\"3860\">\n<tr data-start=\"3482\" data-end=\"3558\">\n<td data-start=\"3482\" data-end=\"3506\" data-col-size=\"sm\"><strong data-start=\"3484\" data-end=\"3505\">PU (Poliuretano)<\/strong><\/td>\n<td data-start=\"3506\" data-end=\"3529\" data-col-size=\"sm\">Cilindros para trabalhos pesados<\/td>\n<td data-start=\"3529\" data-end=\"3558\" data-col-size=\"sm\">Excelente resist\u00eancia ao desgaste<\/td>\n<\/tr>\n<tr data-start=\"3559\" data-end=\"3632\">\n<td data-start=\"3559\" data-end=\"3569\" data-col-size=\"sm\"><strong data-start=\"3561\" data-end=\"3568\">NBR<\/strong><\/td>\n<td data-start=\"3569\" data-end=\"3593\" data-col-size=\"sm\">\u00d3leo hidr\u00e1ulico geral<\/td>\n<td data-start=\"3593\" data-end=\"3632\" data-col-size=\"sm\">Econ\u00f3mica, boa resist\u00eancia ao \u00f3leo<\/td>\n<\/tr>\n<tr data-start=\"3633\" data-end=\"3706\">\n<td data-start=\"3633\" data-end=\"3651\" data-col-size=\"sm\"><strong data-start=\"3635\" data-end=\"3650\">FKM (Viton)<\/strong><\/td>\n<td data-start=\"3651\" data-end=\"3678\" data-col-size=\"sm\">Sistemas de alta temperatura<\/td>\n<td data-start=\"3678\" data-end=\"3706\" data-col-size=\"sm\">Resist\u00eancia superior ao calor<\/td>\n<\/tr>\n<tr data-start=\"3707\" data-end=\"3781\">\n<td data-start=\"3707\" data-end=\"3718\" data-col-size=\"sm\"><strong data-start=\"3709\" data-end=\"3717\">PTFE<\/strong><\/td>\n<td data-start=\"3718\" data-end=\"3746\" data-col-size=\"sm\">Aplica\u00e7\u00f5es de baixo atrito<\/td>\n<td data-start=\"3746\" data-end=\"3781\" data-col-size=\"sm\">Excelente resist\u00eancia qu\u00edmica<\/td>\n<\/tr>\n<tr data-start=\"3782\" data-end=\"3860\">\n<td data-start=\"3782\" data-end=\"3803\" data-col-size=\"sm\"><strong data-start=\"3784\" data-end=\"3802\">Composto de PTFE<\/strong><\/td>\n<td data-start=\"3803\" data-end=\"3828\" data-col-size=\"sm\">Alta carga e alta velocidade<\/td>\n<td data-start=\"3828\" data-end=\"3860\" data-col-size=\"sm\">Atrito muito baixo, longa dura\u00e7\u00e3o<\/td>\n<\/tr>\n<\/tbody>\n<\/table>\n<\/div>\n<\/div>\n<h2 data-start=\"3867\" data-end=\"3890\"><strong data-start=\"3870\" data-end=\"3890\">Por que escolher a Wonzh<\/strong><\/h2>\n<ul data-start=\"3892\" data-end=\"4160\">\n<li data-start=\"3892\" data-end=\"3956\">\n<p data-start=\"3894\" data-end=\"3956\">Controlo de qualidade rigoroso desde a mat\u00e9ria-prima at\u00e9 \u00e0 inspe\u00e7\u00e3o final<\/p>\n<\/li>\n<li data-start=\"3957\" data-end=\"4008\">\n<p data-start=\"3959\" data-end=\"4008\">Vasta gama de perfis de veda\u00e7\u00e3o padr\u00e3o e personalizados<\/p>\n<\/li>\n<li data-start=\"4009\" data-end=\"4069\">\n<p data-start=\"4011\" data-end=\"4069\">Apoio de engenharia para a conce\u00e7\u00e3o de ranhuras e sele\u00e7\u00e3o de vedantes<\/p>\n<\/li>\n<li data-start=\"4070\" data-end=\"4122\">\n<p data-start=\"4072\" data-end=\"4122\">Desempenho est\u00e1vel em ambientes de trabalho dif\u00edceis<\/p>\n<\/li>\n<li data-start=\"4123\" data-end=\"4160\">\n<p data-start=\"4125\" data-end=\"4160\">Capacidade de fornecimento global fi\u00e1vel<\/p>\n<\/li>\n<\/ul>\n<h2 data-start=\"4167\" data-end=\"4208\"><strong data-start=\"4170\" data-end=\"4206\">Perguntas frequentes (FAQ)<\/strong><\/h2>\n<h3 data-start=\"4210\" data-end=\"4258\"><strong data-start=\"4214\" data-end=\"4256\">Q1: Para que \u00e9 utilizado um vedante hidr\u00e1ulico?<\/strong><\/h3>\n<p data-start=\"4259\" data-end=\"4400\">Um vedante hidr\u00e1ulico evita a fuga de fluido e mant\u00e9m a press\u00e3o nos cilindros e sistemas hidr\u00e1ulicos, permitindo simultaneamente um movimento alternativo suave.<\/p>\n<h3 data-start=\"4402\" data-end=\"4472\"><strong data-start=\"4406\" data-end=\"4470\">Q2: Qual \u00e9 a diferen\u00e7a entre o vedante do pist\u00e3o e o vedante da haste?<\/strong><\/h3>\n<ul data-start=\"4473\" data-end=\"4620\">\n<li data-start=\"4473\" data-end=\"4540\">\n<p data-start=\"4475\" data-end=\"4540\"><strong data-start=\"4475\" data-end=\"4491\">Veda\u00e7\u00e3o do pist\u00e3o:<\/strong> evita fugas internas no interior do cilindro.<\/p>\n<\/li>\n<li data-start=\"4541\" data-end=\"4620\">\n<p data-start=\"4543\" data-end=\"4620\"><strong data-start=\"4543\" data-end=\"4556\">Veda\u00e7\u00e3o da haste:<\/strong> evita fugas externas do cilindro para o ambiente.<\/p>\n<\/li>\n<\/ul>\n<h3 data-start=\"4622\" data-end=\"4681\"><strong data-start=\"4626\" data-end=\"4679\">P3: Os vedantes hidr\u00e1ulicos podem funcionar a alta press\u00e3o?<\/strong><\/h3>\n<p data-start=\"4682\" data-end=\"4785\">Sim. Com uma sele\u00e7\u00e3o de material e um desenho de ranhura adequados, os nossos vedantes podem funcionar de forma fi\u00e1vel at\u00e9 <strong data-start=\"4774\" data-end=\"4784\">40 MPa<\/strong>.<\/p>\n<h3 data-start=\"4787\" data-end=\"4832\"><strong data-start=\"4791\" data-end=\"4830\">Q4: Que material devo escolher?<\/strong><\/h3>\n<ul data-start=\"4833\" data-end=\"4960\">\n<li data-start=\"4833\" data-end=\"4865\">\n<p data-start=\"4835\" data-end=\"4865\">Para um desgaste pesado \u2192 <strong data-start=\"4857\" data-end=\"4863\">PU<\/strong><\/p>\n<\/li>\n<li data-start=\"4866\" data-end=\"4900\">\n<p data-start=\"4868\" data-end=\"4900\">Para temperaturas elevadas \u2192 <strong data-start=\"4891\" data-end=\"4898\">FKM<\/strong><\/p>\n<\/li>\n<li data-start=\"4901\" data-end=\"4932\">\n<p data-start=\"4903\" data-end=\"4932\">Para um atrito reduzido \u2192 <strong data-start=\"4922\" data-end=\"4930\">PTFE<\/strong><\/p>\n<\/li>\n<li data-start=\"4933\" data-end=\"4960\">\n<p data-start=\"4935\" data-end=\"4960\">Para uso geral \u2192 <strong data-start=\"4953\" data-end=\"4960\">NBR<\/strong><\/p>\n<\/li>\n<\/ul>\n<h3 data-start=\"4962\" data-end=\"5004\"><strong data-start=\"4966\" data-end=\"5002\">Q5: Fornecem tamanhos personalizados?<\/strong><\/h3>\n<p data-start=\"5005\" data-end=\"5122\">Sim. Podemos fabricar vedantes com base nas dimens\u00f5es exactas do seu cilindro, press\u00e3o, velocidade e requisitos de temperatura.<\/p>","protected":false},"excerpt":{"rendered":"<p>Os vedantes hidr\u00e1ulicos fornecidos pela Wonzh s\u00e3o componentes de veda\u00e7\u00e3o concebidos com precis\u00e3o para evitar fugas de fluido e manter a estabilidade da press\u00e3o em cilindros hidr\u00e1ulicos, bombas e sistemas de energia de fluidos.<\/p>","protected":false},"featured_media":1496,"comment_status":"open","ping_status":"closed","template":"","meta":{"site-sidebar-layout":"default","site-content-layout":"","ast-site-content-layout":"default","site-content-style":"default","site-sidebar-style":"default","ast-global-header-display":"","ast-banner-title-visibility":"","ast-main-header-display":"","ast-hfb-above-header-display":"","ast-hfb-below-header-display":"","ast-hfb-mobile-header-display":"","site-post-title":"","ast-breadcrumbs-content":"","ast-featured-img":"","footer-sml-layout":"","ast-disable-related-posts":"","theme-transparent-header-meta":"default","adv-header-id-meta":"","stick-header-meta":"default","header-above-stick-meta":"","header-main-stick-meta":"","header-below-stick-meta":"","astra-migrate-meta-layouts":"set","ast-page-background-enabled":"default","ast-page-background-meta":{"desktop":{"background-color":"","background-image":"","background-repeat":"repeat","background-position":"center center","background-size":"auto","background-attachment":"scroll","background-type":"","background-media":"","overlay-type":"","overlay-color":"","overlay-opacity":"","overlay-gradient":""},"tablet":{"background-color":"","background-image":"","background-repeat":"repeat","background-position":"center center","background-size":"auto","background-attachment":"scroll","background-type":"","background-media":"","overlay-type":"","overlay-color":"","overlay-opacity":"","overlay-gradient":""},"mobile":{"background-color":"","background-image":"","background-repeat":"repeat","background-position":"center center","background-size":"auto","background-attachment":"scroll","background-type":"","background-media":"","overlay-type":"","overlay-color":"","overlay-opacity":"","overlay-gradient":""}},"ast-content-background-meta":{"desktop":{"background-color":"var(--ast-global-color-5)","background-image":"","background-repeat":"repeat","background-position":"center center","background-size":"auto","background-attachment":"scroll","background-type":"","background-media":"","overlay-type":"","overlay-color":"","overlay-opacity":"","overlay-gradient":""},"tablet":{"background-color":"var(--ast-global-color-5)","background-image":"","background-repeat":"repeat","background-position":"center center","background-size":"auto","background-attachment":"scroll","background-type":"","background-media":"","overlay-type":"","overlay-color":"","overlay-opacity":"","overlay-gradient":""},"mobile":{"background-color":"var(--ast-global-color-5)","background-image":"","background-repeat":"repeat","background-position":"center center","background-size":"auto","background-attachment":"scroll","background-type":"","background-media":"","overlay-type":"","overlay-color":"","overlay-opacity":"","overlay-gradient":""}}},"product_brand":[],"product_cat":[21],"product_tag":[230,214,237,233,236,229,195,235,203,190,232,226,234,231,227,228],"class_list":{"0":"post-1446","1":"product","2":"type-product","3":"status-publish","4":"has-post-thumbnail","6":"product_cat-sealing-parts-sealing-systems","7":"product_tag-backup-ring","8":"product_tag-china-seal-manufacturer","9":"product_tag-custom-hydraulic-seal","10":"product_tag-fkm-hydraulic-seal","11":"product_tag-fluid-power-seal","12":"product_tag-guide-ring","13":"product_tag-high-pressure-seal","14":"product_tag-hydraulic-cylinder-seal","15":"product_tag-hydraulic-seal","16":"product_tag-industrial-sealing","17":"product_tag-nbr-hydraulic-seal","18":"product_tag-piston-seal","19":"product_tag-ptfe-hydraulic-seal","20":"product_tag-pu-hydraulic-seal","21":"product_tag-rod-seal","22":"product_tag-wiper-seal","23":"desktop-align-left","24":"tablet-align-left","25":"mobile-align-left","27":"first","28":"instock","29":"shipping-taxable","30":"product-type-simple"},"_links":{"self":[{"href":"https:\/\/www.wonzh.com\/pt\/wp-json\/wp\/v2\/product\/1446","targetHints":{"allow":["GET"]}}],"collection":[{"href":"https:\/\/www.wonzh.com\/pt\/wp-json\/wp\/v2\/product"}],"about":[{"href":"https:\/\/www.wonzh.com\/pt\/wp-json\/wp\/v2\/types\/product"}],"replies":[{"embeddable":true,"href":"https:\/\/www.wonzh.com\/pt\/wp-json\/wp\/v2\/comments?post=1446"}],"wp:featuredmedia":[{"embeddable":true,"href":"https:\/\/www.wonzh.com\/pt\/wp-json\/wp\/v2\/media\/1496"}],"wp:attachment":[{"href":"https:\/\/www.wonzh.com\/pt\/wp-json\/wp\/v2\/media?parent=1446"}],"wp:term":[{"taxonomy":"product_brand","embeddable":true,"href":"https:\/\/www.wonzh.com\/pt\/wp-json\/wp\/v2\/product_brand?post=1446"},{"taxonomy":"product_cat","embeddable":true,"href":"https:\/\/www.wonzh.com\/pt\/wp-json\/wp\/v2\/product_cat?post=1446"},{"taxonomy":"product_tag","embeddable":true,"href":"https:\/\/www.wonzh.com\/pt\/wp-json\/wp\/v2\/product_tag?post=1446"}],"curies":[{"name":"wp","href":"https:\/\/api.w.org\/{rel}","templated":true}]}}