{"id":1443,"date":"2026-02-03T14:19:35","date_gmt":"2026-02-03T14:19:35","guid":{"rendered":"https:\/\/www.wonzh.com\/?post_type=product&#038;p=1443"},"modified":"2026-02-04T14:34:09","modified_gmt":"2026-02-04T14:34:09","slug":"industrial-o-ring-seals-for-static-and-dynamic-sealing-applications","status":"publish","type":"product","link":"https:\/\/www.wonzh.com\/pt\/product\/industrial-o-ring-seals-for-static-and-dynamic-sealing-applications\/","title":{"rendered":"An\u00e9is de veda\u00e7\u00e3o industriais para aplica\u00e7\u00f5es de veda\u00e7\u00e3o est\u00e1tica e din\u00e2mica"},"content":{"rendered":"<p data-start=\"542\" data-end=\"933\">Os O-Ring Seals fornecidos pela Wonzh s\u00e3o componentes de veda\u00e7\u00e3o de elast\u00f3mero de alto desempenho concebidos para evitar fugas de l\u00edquidos, gases e outros meios em aplica\u00e7\u00f5es est\u00e1ticas e din\u00e2micas. Com uma sec\u00e7\u00e3o transversal circular simples, os O-rings proporcionam uma veda\u00e7\u00e3o eficaz atrav\u00e9s da deforma\u00e7\u00e3o el\u00e1stica sob compress\u00e3o, tornando-os uma das solu\u00e7\u00f5es de veda\u00e7\u00e3o mais utilizadas em equipamentos industriais.<\/p>\n<p data-start=\"935\" data-end=\"1293\">Fabricados a partir de materiais elast\u00f3meros de primeira qualidade, tais como NBR, FKM (Viton), EPDM, silicone e compostos encapsulados em PTFE, os O-rings da Wonzh oferecem uma excelente resist\u00eancia ao calor, \u00f3leo, produtos qu\u00edmicos e desgaste. A moldagem de precis\u00e3o e o controlo de qualidade rigoroso garantem a exatid\u00e3o dimensional, uma vida \u00fatil longa e um desempenho de veda\u00e7\u00e3o est\u00e1vel em condi\u00e7\u00f5es de funcionamento vari\u00e1veis.<\/p>\n<p data-start=\"1295\" data-end=\"1694\">Como um fornecedor experiente de veda\u00e7\u00e3o industrial, a Wonzh fornece tamanhos padr\u00e3o, dimens\u00f5es m\u00e9tricas e em polegadas, bem como solu\u00e7\u00f5es personalizadas de O-ring adaptadas a requisitos espec\u00edficos de press\u00e3o, temperatura e compatibilidade de meios. A nossa equipa de engenharia apoia a sele\u00e7\u00e3o de materiais, recomenda\u00e7\u00f5es de design de ranhuras e otimiza\u00e7\u00e3o de aplica\u00e7\u00f5es para garantir um desempenho fi\u00e1vel em ambientes operacionais reais.<\/p>\n<h2 data-start=\"1701\" data-end=\"1720\"><strong data-start=\"1704\" data-end=\"1720\">Carater\u00edsticas principais<\/strong><\/h2>\n<ul data-start=\"1722\" data-end=\"2041\">\n<li data-start=\"1722\" data-end=\"1790\">\n<p data-start=\"1724\" data-end=\"1790\">Excelente desempenho de veda\u00e7\u00e3o em aplica\u00e7\u00f5es est\u00e1ticas e din\u00e2micas<\/p>\n<\/li>\n<li data-start=\"1791\" data-end=\"1862\">\n<p data-start=\"1793\" data-end=\"1862\">Vasta gama de op\u00e7\u00f5es de materiais para diferentes meios e temperaturas<\/p>\n<\/li>\n<li data-start=\"1863\" data-end=\"1907\">\n<p data-start=\"1865\" data-end=\"1907\">Elevada elasticidade e recupera\u00e7\u00e3o por compress\u00e3o<\/p>\n<\/li>\n<li data-start=\"1908\" data-end=\"1958\">\n<p data-start=\"1910\" data-end=\"1958\">Forte resist\u00eancia ao \u00f3leo, aos produtos qu\u00edmicos e ao envelhecimento<\/p>\n<\/li>\n<li data-start=\"1959\" data-end=\"2000\">\n<p data-start=\"1961\" data-end=\"2000\">F\u00e1cil instala\u00e7\u00e3o e baixa manuten\u00e7\u00e3o<\/p>\n<\/li>\n<li data-start=\"2001\" data-end=\"2041\">\n<p data-start=\"2003\" data-end=\"2041\">Tamanhos e materiais personalizados dispon\u00edveis<\/p>\n<\/li>\n<\/ul>\n<h2 data-start=\"2048\" data-end=\"2075\"><strong data-start=\"2051\" data-end=\"2075\">Aplica\u00e7\u00f5es t\u00edpicas<\/strong><\/h2>\n<ul data-start=\"2077\" data-end=\"2357\">\n<li data-start=\"2077\" data-end=\"2112\">\n<p data-start=\"2079\" data-end=\"2112\">Sistemas hidr\u00e1ulicos e pneum\u00e1ticos<\/p>\n<\/li>\n<li data-start=\"2113\" data-end=\"2133\">\n<p data-start=\"2115\" data-end=\"2133\">Bombas e v\u00e1lvulas<\/p>\n<\/li>\n<li data-start=\"2134\" data-end=\"2172\">\n<p data-start=\"2136\" data-end=\"2172\">M\u00e1quinas e equipamentos industriais<\/p>\n<\/li>\n<li data-start=\"2173\" data-end=\"2198\">\n<p data-start=\"2175\" data-end=\"2198\">Componentes para autom\u00f3veis<\/p>\n<\/li>\n<li data-start=\"2199\" data-end=\"2232\">\n<p data-start=\"2201\" data-end=\"2232\">Equipamento de processamento qu\u00edmico<\/p>\n<\/li>\n<li data-start=\"2233\" data-end=\"2294\">\n<p data-start=\"2235\" data-end=\"2294\">M\u00e1quinas para o sector alimentar e de bebidas (op\u00e7\u00f5es de grau FDA dispon\u00edveis)<\/p>\n<\/li>\n<li data-start=\"2295\" data-end=\"2322\">\n<p data-start=\"2297\" data-end=\"2322\">Sistemas de tratamento de \u00e1gua<\/p>\n<\/li>\n<li data-start=\"2323\" data-end=\"2357\">\n<p data-start=\"2325\" data-end=\"2357\">Equipamentos aeroespaciais e de energia<\/p>\n<\/li>\n<\/ul>\n<h2 data-start=\"2364\" data-end=\"2416\"><strong data-start=\"2367\" data-end=\"2414\">Par\u00e2metros t\u00e9cnicos (Gama representativa)<\/strong><\/h2>\n<div class=\"TyagGW_tableContainer\">\n<div class=\"group TyagGW_tableWrapper flex flex-col-reverse w-fit\" tabindex=\"-1\">\n<table class=\"w-fit min-w-(--thread-content-width)\" data-start=\"2418\" data-end=\"2984\">\n<thead data-start=\"2418\" data-end=\"2455\">\n<tr data-start=\"2418\" data-end=\"2455\">\n<th data-start=\"2418\" data-end=\"2430\" data-col-size=\"sm\">Par\u00e2metro<\/th>\n<th data-start=\"2430\" data-end=\"2455\" data-col-size=\"md\">Especifica\u00e7\u00e3o \/ Gama<\/th>\n<\/tr>\n<\/thead>\n<tbody data-start=\"2466\" data-end=\"2984\">\n<tr data-start=\"2466\" data-end=\"2505\">\n<td data-start=\"2466\" data-end=\"2478\" data-col-size=\"sm\">Tipo de veda\u00e7\u00e3o<\/td>\n<td data-start=\"2478\" data-end=\"2505\" data-col-size=\"md\">O-Ring (veda\u00e7\u00e3o de elast\u00f3mero)<\/td>\n<\/tr>\n<tr data-start=\"2506\" data-end=\"2558\">\n<td data-start=\"2506\" data-end=\"2522\" data-col-size=\"sm\">Sec\u00e7\u00e3o transversal<\/td>\n<td data-start=\"2522\" data-end=\"2558\" data-col-size=\"md\">1,0 - 10,0 mm (dispon\u00edvel por encomenda)<\/td>\n<\/tr>\n<tr data-start=\"2559\" data-end=\"2613\">\n<td data-start=\"2559\" data-end=\"2576\" data-col-size=\"sm\">Di\u00e2metro interno<\/td>\n<td data-start=\"2576\" data-end=\"2613\" data-col-size=\"md\">2 mm - 1000 mm (dispon\u00edvel por encomenda)<\/td>\n<\/tr>\n<tr data-start=\"2614\" data-end=\"2667\">\n<td data-start=\"2614\" data-end=\"2635\" data-col-size=\"sm\">Dureza (Shore A)<\/td>\n<td data-start=\"2635\" data-end=\"2667\" data-col-size=\"md\">60 - 90 (consoante o material)<\/td>\n<\/tr>\n<tr data-start=\"2668\" data-end=\"2728\">\n<td data-start=\"2668\" data-end=\"2688\" data-col-size=\"sm\">Gama de temperaturas<\/td>\n<td data-start=\"2688\" data-end=\"2728\" data-col-size=\"md\">-40\u00b0C a +250\u00b0C (dependendo do material)<\/td>\n<\/tr>\n<tr data-start=\"2729\" data-end=\"2795\">\n<td data-start=\"2729\" data-end=\"2751\" data-col-size=\"sm\">Resist\u00eancia \u00e0 press\u00e3o<\/td>\n<td data-start=\"2751\" data-end=\"2795\" data-col-size=\"md\">At\u00e9 40 MPa (com um design de ranhura adequado)<\/td>\n<\/tr>\n<tr data-start=\"2796\" data-end=\"2865\">\n<td data-start=\"2796\" data-end=\"2818\" data-col-size=\"sm\">Materiais dispon\u00edveis<\/td>\n<td data-start=\"2818\" data-end=\"2865\" data-col-size=\"md\">NBR, FKM, EPDM, Silicone, PTFE-Encapsulado<\/td>\n<\/tr>\n<tr data-start=\"2866\" data-end=\"2937\">\n<td data-start=\"2866\" data-end=\"2882\" data-col-size=\"sm\">Op\u00e7\u00f5es de cor<\/td>\n<td data-start=\"2882\" data-end=\"2937\" data-col-size=\"md\">Preto, castanho, verde, vermelho, azul (consoante o material)<\/td>\n<\/tr>\n<tr data-start=\"2938\" data-end=\"2984\">\n<td data-start=\"2938\" data-end=\"2960\" data-col-size=\"sm\">Normas suportadas<\/td>\n<td data-start=\"2960\" data-end=\"2984\" data-col-size=\"md\">ISO 3601, AS568, DIN<\/td>\n<\/tr>\n<\/tbody>\n<\/table>\n<\/div>\n<\/div>\n<h2 data-start=\"2991\" data-end=\"3037\"><strong data-start=\"2994\" data-end=\"3037\">Guia de sele\u00e7\u00e3o de materiais representativos<\/strong><\/h2>\n<div class=\"TyagGW_tableContainer\">\n<div class=\"group TyagGW_tableWrapper flex flex-col-reverse w-fit\" tabindex=\"-1\">\n<table class=\"w-fit min-w-(--thread-content-width)\" data-start=\"3039\" data-end=\"3513\">\n<thead data-start=\"3039\" data-end=\"3078\">\n<tr data-start=\"3039\" data-end=\"3078\">\n<th data-start=\"3039\" data-end=\"3050\" data-col-size=\"sm\">Material<\/th>\n<th data-start=\"3050\" data-end=\"3064\" data-col-size=\"sm\">Utiliza\u00e7\u00e3o t\u00edpica<\/th>\n<th data-start=\"3064\" data-end=\"3078\" data-col-size=\"sm\">Vantagens<\/th>\n<\/tr>\n<\/thead>\n<tbody data-start=\"3093\" data-end=\"3513\">\n<tr data-start=\"3093\" data-end=\"3173\">\n<td data-start=\"3093\" data-end=\"3108\" data-col-size=\"sm\">NBR (Buna-N)<\/td>\n<td data-start=\"3108\" data-end=\"3129\" data-col-size=\"sm\">Sistemas de \u00f3leo e combust\u00edvel<\/td>\n<td data-start=\"3129\" data-end=\"3173\" data-col-size=\"sm\">Excelente resist\u00eancia ao \u00f3leo, rent\u00e1vel<\/td>\n<\/tr>\n<tr data-start=\"3174\" data-end=\"3272\">\n<td data-start=\"3174\" data-end=\"3188\" data-col-size=\"sm\">FKM (Viton)<\/td>\n<td data-start=\"3188\" data-end=\"3231\" data-col-size=\"sm\">Ambientes qu\u00edmicos e de alta temperatura<\/td>\n<td data-start=\"3231\" data-end=\"3272\" data-col-size=\"sm\">Resist\u00eancia superior ao calor e aos produtos qu\u00edmicos<\/td>\n<\/tr>\n<tr data-start=\"3273\" data-end=\"3351\">\n<td data-start=\"3273\" data-end=\"3280\" data-col-size=\"sm\">EPDM<\/td>\n<td data-start=\"3280\" data-end=\"3309\" data-col-size=\"sm\">Aplica\u00e7\u00f5es de \u00e1gua e vapor<\/td>\n<td data-start=\"3309\" data-end=\"3351\" data-col-size=\"sm\">Excelente resist\u00eancia \u00e0s intemp\u00e9ries e ao ozono<\/td>\n<\/tr>\n<tr data-start=\"3352\" data-end=\"3434\">\n<td data-start=\"3352\" data-end=\"3363\" data-col-size=\"sm\">Silicone<\/td>\n<td data-start=\"3363\" data-end=\"3390\" data-col-size=\"sm\">Alimentos e equipamentos m\u00e9dicos<\/td>\n<td data-start=\"3390\" data-end=\"3434\" data-col-size=\"sm\">Alta flexibilidade, ampla gama de temperaturas<\/td>\n<\/tr>\n<tr data-start=\"3435\" data-end=\"3513\">\n<td data-start=\"3435\" data-end=\"3455\" data-col-size=\"sm\">Encapsulado em PTFE<\/td>\n<td data-start=\"3455\" data-end=\"3478\" data-col-size=\"sm\">Meios qu\u00edmicos agressivos<\/td>\n<td data-start=\"3478\" data-end=\"3513\" data-col-size=\"sm\">Excelente resist\u00eancia qu\u00edmica<\/td>\n<\/tr>\n<\/tbody>\n<\/table>\n<\/div>\n<\/div>\n<h2 data-start=\"3520\" data-end=\"3543\"><strong data-start=\"3523\" data-end=\"3543\">Por que escolher a Wonzh<\/strong><\/h2>\n<ul data-start=\"3545\" data-end=\"3803\">\n<li data-start=\"3545\" data-end=\"3598\">\n<p data-start=\"3547\" data-end=\"3598\">Controlo de qualidade rigoroso e inspe\u00e7\u00e3o dimensional<\/p>\n<\/li>\n<li data-start=\"3599\" data-end=\"3651\">\n<p data-start=\"3601\" data-end=\"3651\">Vasta gama de materiais para diferentes ind\u00fastrias<\/p>\n<\/li>\n<li data-start=\"3652\" data-end=\"3693\">\n<p data-start=\"3654\" data-end=\"3693\">Disponibilidade de tamanhos padr\u00e3o e personalizados<\/p>\n<\/li>\n<li data-start=\"3694\" data-end=\"3757\">\n<p data-start=\"3696\" data-end=\"3757\">Apoio de engenharia para a conce\u00e7\u00e3o de ranhuras e correspond\u00eancia de materiais<\/p>\n<\/li>\n<li data-start=\"3758\" data-end=\"3803\">\n<p data-start=\"3760\" data-end=\"3803\">Cadeia de abastecimento est\u00e1vel e entrega fi\u00e1vel<\/p>\n<\/li>\n<\/ul>\n<h2 data-start=\"3810\" data-end=\"3851\"><strong data-start=\"3813\" data-end=\"3849\">Perguntas frequentes (FAQ)<\/strong><\/h2>\n<h3 data-start=\"3853\" data-end=\"3894\"><strong data-start=\"3857\" data-end=\"3892\">Q1: Para que \u00e9 que um O-ring \u00e9 utilizado?<\/strong><\/h3>\n<p data-start=\"3895\" data-end=\"4020\">Um O-ring \u00e9 utilizado para evitar fugas entre duas superf\u00edcies de contacto, criando uma veda\u00e7\u00e3o comprimida que bloqueia o fluxo de fluido ou g\u00e1s.<\/p>\n<h3 data-start=\"4022\" data-end=\"4067\"><strong data-start=\"4026\" data-end=\"4065\">Q2: Que material devo escolher?<\/strong><\/h3>\n<ul data-start=\"4068\" data-end=\"4247\">\n<li data-start=\"4068\" data-end=\"4098\">\n<p data-start=\"4070\" data-end=\"4098\">Para o petr\u00f3leo e o combust\u00edvel \u2192 <strong data-start=\"4089\" data-end=\"4096\">NBR<\/strong><\/p>\n<\/li>\n<li data-start=\"4099\" data-end=\"4154\">\n<p data-start=\"4101\" data-end=\"4154\">Para temperaturas elevadas ou produtos qu\u00edmicos \u2192 <strong data-start=\"4137\" data-end=\"4152\">FKM (Viton)<\/strong><\/p>\n<\/li>\n<li data-start=\"4155\" data-end=\"4185\">\n<p data-start=\"4157\" data-end=\"4185\">Para \u00e1gua\/vapor \u2192 <strong data-start=\"4175\" data-end=\"4183\">EPDM<\/strong><\/p>\n<\/li>\n<li data-start=\"4186\" data-end=\"4247\">\n<p data-start=\"4188\" data-end=\"4247\">Para a categoria alimentar, utilizar \u2192 <strong data-start=\"4209\" data-end=\"4247\">Silicone ou materiais aprovados pela FDA<\/strong><\/p>\n<\/li>\n<\/ul>\n<h3 data-start=\"4249\" data-end=\"4308\"><strong data-start=\"4253\" data-end=\"4306\">Q3: Os O-rings podem ser utilizados em sistemas de alta press\u00e3o?<\/strong><\/h3>\n<p data-start=\"4309\" data-end=\"4403\">Sim. Com um design de ranhura adequado e an\u00e9is de apoio, os O-rings podem suportar press\u00f5es at\u00e9 40 MPa.<\/p>\n<h3 data-start=\"4405\" data-end=\"4447\"><strong data-start=\"4409\" data-end=\"4445\">Q4: Fornecem tamanhos personalizados?<\/strong><\/h3>\n<p data-start=\"4448\" data-end=\"4558\">Sim. Podemos fabricar O-rings em di\u00e2metros, sec\u00e7\u00f5es transversais e materiais personalizados com base nos seus requisitos.<\/p>\n<h3 data-start=\"4560\" data-end=\"4598\"><strong data-start=\"4564\" data-end=\"4596\">Q5: As normas s\u00e3o suportadas?<\/strong><\/h3>\n<p data-start=\"4599\" data-end=\"4658\">Sim. Cumprimos com <strong data-start=\"4619\" data-end=\"4647\">ISO 3601, AS568 e DIN<\/strong> normas.<\/p>","protected":false},"excerpt":{"rendered":"<p>Os O-Ring Seals fornecidos pela Wonzh s\u00e3o componentes de veda\u00e7\u00e3o de elast\u00f3mero de alto desempenho concebidos para evitar fugas de l\u00edquidos, gases e outros meios em aplica\u00e7\u00f5es est\u00e1ticas e din\u00e2micas.<\/p>","protected":false},"featured_media":1487,"comment_status":"open","ping_status":"closed","template":"","meta":{"site-sidebar-layout":"default","site-content-layout":"","ast-site-content-layout":"default","site-content-style":"default","site-sidebar-style":"default","ast-global-header-display":"","ast-banner-title-visibility":"","ast-main-header-display":"","ast-hfb-above-header-display":"","ast-hfb-below-header-display":"","ast-hfb-mobile-header-display":"","site-post-title":"","ast-breadcrumbs-content":"","ast-featured-img":"","footer-sml-layout":"","ast-disable-related-posts":"","theme-transparent-header-meta":"default","adv-header-id-meta":"","stick-header-meta":"default","header-above-stick-meta":"","header-main-stick-meta":"","header-below-stick-meta":"","astra-migrate-meta-layouts":"set","ast-page-background-enabled":"default","ast-page-background-meta":{"desktop":{"background-color":"","background-image":"","background-repeat":"repeat","background-position":"center center","background-size":"auto","background-attachment":"scroll","background-type":"","background-media":"","overlay-type":"","overlay-color":"","overlay-opacity":"","overlay-gradient":""},"tablet":{"background-color":"","background-image":"","background-repeat":"repeat","background-position":"center center","background-size":"auto","background-attachment":"scroll","background-type":"","background-media":"","overlay-type":"","overlay-color":"","overlay-opacity":"","overlay-gradient":""},"mobile":{"background-color":"","background-image":"","background-repeat":"repeat","background-position":"center center","background-size":"auto","background-attachment":"scroll","background-type":"","background-media":"","overlay-type":"","overlay-color":"","overlay-opacity":"","overlay-gradient":""}},"ast-content-background-meta":{"desktop":{"background-color":"var(--ast-global-color-5)","background-image":"","background-repeat":"repeat","background-position":"center center","background-size":"auto","background-attachment":"scroll","background-type":"","background-media":"","overlay-type":"","overlay-color":"","overlay-opacity":"","overlay-gradient":""},"tablet":{"background-color":"var(--ast-global-color-5)","background-image":"","background-repeat":"repeat","background-position":"center center","background-size":"auto","background-attachment":"scroll","background-type":"","background-media":"","overlay-type":"","overlay-color":"","overlay-opacity":"","overlay-gradient":""},"mobile":{"background-color":"var(--ast-global-color-5)","background-image":"","background-repeat":"repeat","background-position":"center center","background-size":"auto","background-attachment":"scroll","background-type":"","background-media":"","overlay-type":"","overlay-color":"","overlay-opacity":"","overlay-gradient":""}}},"product_brand":[],"product_cat":[21],"product_tag":[212,214,213,205,202,208,207,203,190,211,206,201,210,209,204],"class_list":{"0":"post-1443","1":"product","2":"type-product","3":"status-publish","4":"has-post-thumbnail","6":"product_cat-sealing-parts-sealing-systems","7":"product_tag-as568-o-ring","8":"product_tag-china-seal-manufacturer","9":"product_tag-custom-o-rings","10":"product_tag-dynamic-seal","11":"product_tag-elastomer-seal","12":"product_tag-epdm-o-ring","13":"product_tag-fkm-o-ring","14":"product_tag-hydraulic-seal","15":"product_tag-industrial-sealing","16":"product_tag-iso-3601-o-ring","17":"product_tag-nbr-o-ring","18":"product_tag-o-ring-seal","19":"product_tag-ptfe-encapsulated-o-ring","20":"product_tag-silicone-o-ring","21":"product_tag-static-seal","22":"desktop-align-left","23":"tablet-align-left","24":"mobile-align-left","26":"first","27":"instock","28":"shipping-taxable","29":"product-type-simple"},"_links":{"self":[{"href":"https:\/\/www.wonzh.com\/pt\/wp-json\/wp\/v2\/product\/1443","targetHints":{"allow":["GET"]}}],"collection":[{"href":"https:\/\/www.wonzh.com\/pt\/wp-json\/wp\/v2\/product"}],"about":[{"href":"https:\/\/www.wonzh.com\/pt\/wp-json\/wp\/v2\/types\/product"}],"replies":[{"embeddable":true,"href":"https:\/\/www.wonzh.com\/pt\/wp-json\/wp\/v2\/comments?post=1443"}],"wp:featuredmedia":[{"embeddable":true,"href":"https:\/\/www.wonzh.com\/pt\/wp-json\/wp\/v2\/media\/1487"}],"wp:attachment":[{"href":"https:\/\/www.wonzh.com\/pt\/wp-json\/wp\/v2\/media?parent=1443"}],"wp:term":[{"taxonomy":"product_brand","embeddable":true,"href":"https:\/\/www.wonzh.com\/pt\/wp-json\/wp\/v2\/product_brand?post=1443"},{"taxonomy":"product_cat","embeddable":true,"href":"https:\/\/www.wonzh.com\/pt\/wp-json\/wp\/v2\/product_cat?post=1443"},{"taxonomy":"product_tag","embeddable":true,"href":"https:\/\/www.wonzh.com\/pt\/wp-json\/wp\/v2\/product_tag?post=1443"}],"curies":[{"name":"wp","href":"https:\/\/api.w.org\/{rel}","templated":true}]}}