{"id":1442,"date":"2026-02-03T14:17:01","date_gmt":"2026-02-03T14:17:01","guid":{"rendered":"https:\/\/www.wonzh.com\/?post_type=product&#038;p=1442"},"modified":"2026-02-04T14:12:14","modified_gmt":"2026-02-04T14:12:14","slug":"industrial-mechanical-seals-for-pumps-compressors-and-rotating-equipment","status":"publish","type":"product","link":"https:\/\/www.wonzh.com\/pt\/product\/industrial-mechanical-seals-for-pumps-compressors-and-rotating-equipment\/","title":{"rendered":"Vedantes mec\u00e2nicos industriais para bombas, compressores e equipamento rotativo"},"content":{"rendered":"<p data-start=\"583\" data-end=\"1012\">Os selos mec\u00e2nicos fornecidos pela Wonzh s\u00e3o dispositivos de veda\u00e7\u00e3o de engenharia de precis\u00e3o projetados para evitar vazamento de fluido em equipamentos rotativos, como bombas, compressores, misturadores e agitadores. Ao manter o contacto controlado entre uma face estacion\u00e1ria e uma face rotativa, estes selos proporcionam um desempenho de veda\u00e7\u00e3o superior em compara\u00e7\u00e3o com as solu\u00e7\u00f5es tradicionais de embalagem, reduzindo significativamente os requisitos de manuten\u00e7\u00e3o e o tempo de inatividade operacional.<\/p>\n<p data-start=\"1014\" data-end=\"1422\">Fabricados com materiais de alta qualidade, como grafite de carbono, carboneto de sil\u00edcio (SiC), carboneto de tungst\u00e9nio e a\u00e7o inoxid\u00e1vel, os vedantes mec\u00e2nicos Wonzh oferecem uma excelente resist\u00eancia ao desgaste, estabilidade t\u00e9rmica e resist\u00eancia \u00e0 corros\u00e3o em ambientes industriais exigentes. Os processos de fabrico avan\u00e7ados e o controlo de qualidade rigoroso garantem um desempenho consistente, uma longa vida \u00fatil e uma preven\u00e7\u00e3o de fugas fi\u00e1vel.<\/p>\n<p data-start=\"1424\" data-end=\"1784\">Como um experiente fornecedor de solu\u00e7\u00f5es de veda\u00e7\u00e3o industrial, a Wonzh oferece selos mec\u00e2nicos padr\u00e3o e personalizados adaptados a condi\u00e7\u00f5es operacionais espec\u00edficas, incluindo press\u00e3o, temperatura, velocidade e compatibilidade qu\u00edmica. Nossa equipe de engenharia oferece suporte \u00e0 sele\u00e7\u00e3o de selos, combina\u00e7\u00e3o de materiais e otimiza\u00e7\u00e3o de desempenho com base em requisitos reais de aplica\u00e7\u00e3o.<\/p>\n<h2 data-start=\"1791\" data-end=\"1810\"><strong data-start=\"1794\" data-end=\"1810\">Carater\u00edsticas principais<\/strong><\/h2>\n<ul data-start=\"1812\" data-end=\"2132\">\n<li data-start=\"1812\" data-end=\"1866\">\n<p data-start=\"1814\" data-end=\"1866\">Controlo de fugas superior em compara\u00e7\u00e3o com vedantes de embalagem<\/p>\n<\/li>\n<li data-start=\"1867\" data-end=\"1907\">\n<p data-start=\"1869\" data-end=\"1907\">Baixa fric\u00e7\u00e3o e perda de energia reduzida<\/p>\n<\/li>\n<li data-start=\"1908\" data-end=\"1951\">\n<p data-start=\"1910\" data-end=\"1951\">Excelente resist\u00eancia ao desgaste e \u00e0 corros\u00e3o<\/p>\n<\/li>\n<li data-start=\"1952\" data-end=\"2016\">\n<p data-start=\"1954\" data-end=\"2016\">Adequado para aplica\u00e7\u00f5es de alta press\u00e3o e alta temperatura<\/p>\n<\/li>\n<li data-start=\"2017\" data-end=\"2070\">\n<p data-start=\"2019\" data-end=\"2070\">Compat\u00edvel com uma vasta gama de fluidos industriais<\/p>\n<\/li>\n<li data-start=\"2071\" data-end=\"2132\">\n<p data-start=\"2073\" data-end=\"2132\">Modelos personalizados dispon\u00edveis para condi\u00e7\u00f5es de funcionamento especiais<\/p>\n<\/li>\n<\/ul>\n<h2 data-start=\"2139\" data-end=\"2166\"><strong data-start=\"2142\" data-end=\"2166\">Aplica\u00e7\u00f5es t\u00edpicas<\/strong><\/h2>\n<ul data-start=\"2168\" data-end=\"2388\">\n<li data-start=\"2168\" data-end=\"2189\">\n<p data-start=\"2170\" data-end=\"2189\">Bombas centr\u00edfugas<\/p>\n<\/li>\n<li data-start=\"2190\" data-end=\"2223\">\n<p data-start=\"2192\" data-end=\"2223\">Equipamento de processamento qu\u00edmico<\/p>\n<\/li>\n<li data-start=\"2224\" data-end=\"2249\">\n<p data-start=\"2226\" data-end=\"2249\">M\u00e1quinas para o sector do petr\u00f3leo e do g\u00e1s<\/p>\n<\/li>\n<li data-start=\"2250\" data-end=\"2277\">\n<p data-start=\"2252\" data-end=\"2277\">Sistemas de tratamento de \u00e1gua<\/p>\n<\/li>\n<li data-start=\"2278\" data-end=\"2310\">\n<p data-start=\"2280\" data-end=\"2310\">Transforma\u00e7\u00e3o de alimentos e bebidas<\/p>\n<\/li>\n<li data-start=\"2311\" data-end=\"2358\">\n<p data-start=\"2313\" data-end=\"2358\">Centrais el\u00e9ctricas e sistemas de refrigera\u00e7\u00e3o industrial<\/p>\n<\/li>\n<li data-start=\"2359\" data-end=\"2388\">\n<p data-start=\"2361\" data-end=\"2388\">Compressores e agitadores<\/p>\n<\/li>\n<\/ul>\n<h2 data-start=\"2395\" data-end=\"2447\"><strong data-start=\"2398\" data-end=\"2445\">Par\u00e2metros t\u00e9cnicos (Gama representativa)<\/strong><\/h2>\n<div class=\"TyagGW_tableContainer\">\n<div class=\"group TyagGW_tableWrapper flex flex-col-reverse w-fit\" tabindex=\"-1\">\n<table class=\"w-fit min-w-(--thread-content-width)\" data-start=\"2449\" data-end=\"3012\">\n<thead data-start=\"2449\" data-end=\"2486\">\n<tr data-start=\"2449\" data-end=\"2486\">\n<th data-start=\"2449\" data-end=\"2461\" data-col-size=\"sm\">Par\u00e2metro<\/th>\n<th data-start=\"2461\" data-end=\"2486\" data-col-size=\"md\">Especifica\u00e7\u00e3o \/ Gama<\/th>\n<\/tr>\n<\/thead>\n<tbody data-start=\"2497\" data-end=\"3012\">\n<tr data-start=\"2497\" data-end=\"2528\">\n<td data-start=\"2497\" data-end=\"2509\" data-col-size=\"sm\">Tipo de veda\u00e7\u00e3o<\/td>\n<td data-start=\"2509\" data-end=\"2528\" data-col-size=\"md\">Selo mec\u00e2nico<\/td>\n<\/tr>\n<tr data-start=\"2529\" data-end=\"2588\">\n<td data-start=\"2529\" data-end=\"2546\" data-col-size=\"sm\">Materiais para o rosto<\/td>\n<td data-start=\"2546\" data-end=\"2588\" data-col-size=\"md\">Carbono, SiC, carboneto de tungst\u00e9nio, cer\u00e2mica<\/td>\n<\/tr>\n<tr data-start=\"2589\" data-end=\"2650\">\n<td data-start=\"2589\" data-end=\"2603\" data-col-size=\"sm\">Pe\u00e7as met\u00e1licas<\/td>\n<td data-start=\"2603\" data-end=\"2650\" data-col-size=\"md\">A\u00e7o inoxid\u00e1vel (304\/316) ou ligas especiais<\/td>\n<\/tr>\n<tr data-start=\"2651\" data-end=\"2713\">\n<td data-start=\"2651\" data-end=\"2672\" data-col-size=\"sm\">Press\u00e3o de funcionamento<\/td>\n<td data-start=\"2672\" data-end=\"2713\" data-col-size=\"md\">At\u00e9 2,5 MPa (dependendo da aplica\u00e7\u00e3o)<\/td>\n<\/tr>\n<tr data-start=\"2714\" data-end=\"2778\">\n<td data-start=\"2714\" data-end=\"2738\" data-col-size=\"sm\">Temperatura de funcionamento<\/td>\n<td data-start=\"2738\" data-end=\"2778\" data-col-size=\"md\">-40\u00b0C a +180\u00b0C (dependendo do material)<\/td>\n<\/tr>\n<tr data-start=\"2779\" data-end=\"2835\">\n<td data-start=\"2779\" data-end=\"2793\" data-col-size=\"sm\">Velocidade do veio<\/td>\n<td data-start=\"2793\" data-end=\"2835\" data-col-size=\"md\">At\u00e9 20 m\/s (dependente da configura\u00e7\u00e3o)<\/td>\n<\/tr>\n<tr data-start=\"2836\" data-end=\"2900\">\n<td data-start=\"2836\" data-end=\"2858\" data-col-size=\"sm\">Compatibilidade de suportes<\/td>\n<td data-start=\"2858\" data-end=\"2900\" data-col-size=\"md\">\u00c1gua, \u00f3leo, produtos qu\u00edmicos, corrosivos ligeiros<\/td>\n<\/tr>\n<tr data-start=\"2901\" data-end=\"2958\">\n<td data-start=\"2901\" data-end=\"2917\" data-col-size=\"sm\">Tipo de montagem<\/td>\n<td data-start=\"2917\" data-end=\"2958\" data-col-size=\"md\">Tipo de cartucho ou componente dispon\u00edvel<\/td>\n<\/tr>\n<tr data-start=\"2959\" data-end=\"3012\">\n<td data-start=\"2959\" data-end=\"2973\" data-col-size=\"sm\">Lubrifica\u00e7\u00e3o<\/td>\n<td data-start=\"2973\" data-end=\"3012\" data-col-size=\"md\">Pel\u00edcula de fluido ou sistema de lavagem externo<\/td>\n<\/tr>\n<\/tbody>\n<\/table>\n<\/div>\n<\/div>\n<h2 data-start=\"3019\" data-end=\"3055\"><strong data-start=\"3022\" data-end=\"3055\">Exemplos de modelos representativos<\/strong><\/h2>\n<p data-start=\"3057\" data-end=\"3118\"><em data-start=\"3057\" data-end=\"3118\">(Apenas para refer\u00eancia - cat\u00e1logo completo dispon\u00edvel mediante pedido).<\/em><\/p>\n<div class=\"TyagGW_tableContainer\">\n<div class=\"group TyagGW_tableWrapper flex flex-col-reverse w-fit\" tabindex=\"-1\">\n<table class=\"w-fit min-w-(--thread-content-width)\" data-start=\"3120\" data-end=\"3453\">\n<thead data-start=\"3120\" data-end=\"3161\">\n<tr data-start=\"3120\" data-end=\"3161\">\n<th data-start=\"3120\" data-end=\"3129\" data-col-size=\"sm\">S\u00e9rie<\/th>\n<th data-start=\"3129\" data-end=\"3146\" data-col-size=\"sm\">Modelos de exemplo<\/th>\n<th data-start=\"3146\" data-end=\"3161\" data-col-size=\"sm\">Utiliza\u00e7\u00e3o t\u00edpica<\/th>\n<\/tr>\n<\/thead>\n<tbody data-start=\"3176\" data-end=\"3453\">\n<tr data-start=\"3176\" data-end=\"3228\">\n<td data-start=\"3176\" data-end=\"3187\" data-col-size=\"sm\">Tipo 104<\/td>\n<td data-start=\"3187\" data-end=\"3204\" data-col-size=\"sm\">104-25, 104-35<\/td>\n<td data-start=\"3204\" data-end=\"3228\" data-col-size=\"sm\">Bombas de \u00e1gua standard<\/td>\n<\/tr>\n<tr data-start=\"3229\" data-end=\"3275\">\n<td data-start=\"3229\" data-end=\"3240\" data-col-size=\"sm\">Tipo 109<\/td>\n<td data-start=\"3240\" data-end=\"3257\" data-col-size=\"sm\">109-30, 109-40<\/td>\n<td data-start=\"3257\" data-end=\"3275\" data-col-size=\"sm\">Bombas qu\u00edmicas<\/td>\n<\/tr>\n<tr data-start=\"3276\" data-end=\"3337\">\n<td data-start=\"3276\" data-end=\"3288\" data-col-size=\"sm\">Tipo 2100<\/td>\n<td data-start=\"3288\" data-end=\"3307\" data-col-size=\"sm\">2100-45, 2100-60<\/td>\n<td data-start=\"3307\" data-end=\"3337\" data-col-size=\"sm\">Aplica\u00e7\u00f5es de alta press\u00e3o<\/td>\n<\/tr>\n<tr data-start=\"3338\" data-end=\"3401\">\n<td data-start=\"3338\" data-end=\"3355\" data-col-size=\"sm\">Veda\u00e7\u00e3o do cartucho<\/td>\n<td data-start=\"3355\" data-end=\"3370\" data-col-size=\"sm\">CS-50, CS-65<\/td>\n<td data-start=\"3370\" data-end=\"3401\" data-col-size=\"sm\">Bombas industriais para trabalhos pesados<\/td>\n<\/tr>\n<tr data-start=\"3402\" data-end=\"3453\">\n<td data-start=\"3402\" data-end=\"3416\" data-col-size=\"sm\">Selo personalizado<\/td>\n<td data-start=\"3416\" data-end=\"3432\" data-col-size=\"sm\">Baseado em projectos<\/td>\n<td data-start=\"3432\" data-end=\"3453\" data-col-size=\"sm\">M\u00e1quinas especiais<\/td>\n<\/tr>\n<\/tbody>\n<\/table>\n<\/div>\n<\/div>\n<p data-start=\"3455\" data-end=\"3540\"><strong data-start=\"3455\" data-end=\"3464\">Nota:<\/strong> Outros tamanhos, materiais e configura\u00e7\u00f5es est\u00e3o dispon\u00edveis mediante pedido.<\/p>\n<h2 data-start=\"3547\" data-end=\"3570\"><strong data-start=\"3550\" data-end=\"3570\">Por que escolher a Wonzh<\/strong><\/h2>\n<ul data-start=\"3572\" data-end=\"3872\">\n<li data-start=\"3572\" data-end=\"3639\">\n<p data-start=\"3574\" data-end=\"3639\">Controlo de qualidade rigoroso desde a sele\u00e7\u00e3o do material at\u00e9 ao ensaio final<\/p>\n<\/li>\n<li data-start=\"3640\" data-end=\"3695\">\n<p data-start=\"3642\" data-end=\"3695\">Vasta gama de materiais de veda\u00e7\u00e3o para diferentes meios<\/p>\n<\/li>\n<li data-start=\"3696\" data-end=\"3761\">\n<p data-start=\"3698\" data-end=\"3761\">Apoio de engenharia para correspond\u00eancia e otimiza\u00e7\u00e3o de aplica\u00e7\u00f5es<\/p>\n<\/li>\n<li data-start=\"3762\" data-end=\"3815\">\n<p data-start=\"3764\" data-end=\"3815\">Solu\u00e7\u00f5es de veda\u00e7\u00e3o personalizadas para ambientes especiais<\/p>\n<\/li>\n<li data-start=\"3816\" data-end=\"3872\">\n<p data-start=\"3818\" data-end=\"3872\">Cadeia de fornecimento fi\u00e1vel e capacidade de entrega global<\/p>\n<\/li>\n<\/ul>\n<h2 data-start=\"3879\" data-end=\"3920\"><strong data-start=\"3882\" data-end=\"3918\">Perguntas frequentes (FAQ)<\/strong><\/h2>\n<h3 data-start=\"3922\" data-end=\"3971\"><strong data-start=\"3926\" data-end=\"3969\">Q1: Para que \u00e9 utilizado um vedante mec\u00e2nico?<\/strong><\/h3>\n<p data-start=\"3972\" data-end=\"4159\">Um vedante mec\u00e2nico \u00e9 utilizado para evitar fugas de fluido em equipamento rotativo, como bombas, compressores e misturadores, mantendo um contacto controlado entre as superf\u00edcies rotativas e estacion\u00e1rias.<\/p>\n<h3 data-start=\"4161\" data-end=\"4219\"><strong data-start=\"4165\" data-end=\"4217\">Q2: Que materiais est\u00e3o dispon\u00edveis para as faces de veda\u00e7\u00e3o?<\/strong><\/h3>\n<p data-start=\"4220\" data-end=\"4369\">Oferecemos grafite de carbono, carboneto de sil\u00edcio (SiC), carboneto de tungst\u00e9nio e materiais cer\u00e2micos, dependendo da press\u00e3o, temperatura e compatibilidade de fluidos.<\/p>\n<h3 data-start=\"4371\" data-end=\"4415\"><strong data-start=\"4375\" data-end=\"4413\">Q3: Existem vedantes para cartuchos?<\/strong><\/h3>\n<p data-start=\"4416\" data-end=\"4538\">Sim. Fornecemos selos mec\u00e2nicos de cartucho e de componentes para satisfazer diferentes requisitos de instala\u00e7\u00e3o e manuten\u00e7\u00e3o.<\/p>\n<h3 data-start=\"4540\" data-end=\"4594\"><strong data-start=\"4544\" data-end=\"4592\">Q4: Estes vedantes conseguem lidar com fluidos corrosivos?<\/strong><\/h3>\n<p data-start=\"4595\" data-end=\"4724\">Sim. Com uma sele\u00e7\u00e3o de material adequada (por exemplo, SiC ou ligas especiais), os nossos vedantes podem funcionar de forma fi\u00e1vel em ambientes corrosivos.<\/p>\n<h3 data-start=\"4726\" data-end=\"4769\"><strong data-start=\"4730\" data-end=\"4767\">Q5: Suportam a personaliza\u00e7\u00e3o?<\/strong><\/h3>\n<p data-start=\"4770\" data-end=\"4890\">Sim. A Wonzh suporta tamanhos de eixo, materiais, configura\u00e7\u00f5es de veda\u00e7\u00e3o e sistemas de lavagem personalizados com base nas necessidades da aplica\u00e7\u00e3o.<\/p>","protected":false},"excerpt":{"rendered":"<p>Os selos mec\u00e2nicos fornecidos pela Wonzh s\u00e3o dispositivos de veda\u00e7\u00e3o de engenharia de precis\u00e3o projetados para evitar vazamento de fluido em equipamentos rotativos, como bombas, compressores, misturadores e agitadores.<\/p>","protected":false},"featured_media":1484,"comment_status":"open","ping_status":"closed","template":"","meta":{"site-sidebar-layout":"default","site-content-layout":"","ast-site-content-layout":"default","site-content-style":"default","site-sidebar-style":"default","ast-global-header-display":"","ast-banner-title-visibility":"","ast-main-header-display":"","ast-hfb-above-header-display":"","ast-hfb-below-header-display":"","ast-hfb-mobile-header-display":"","site-post-title":"","ast-breadcrumbs-content":"","ast-featured-img":"","footer-sml-layout":"","ast-disable-related-posts":"","theme-transparent-header-meta":"default","adv-header-id-meta":"","stick-header-meta":"default","header-above-stick-meta":"","header-main-stick-meta":"","header-below-stick-meta":"","astra-migrate-meta-layouts":"set","ast-page-background-enabled":"default","ast-page-background-meta":{"desktop":{"background-color":"","background-image":"","background-repeat":"repeat","background-position":"center center","background-size":"auto","background-attachment":"scroll","background-type":"","background-media":"","overlay-type":"","overlay-color":"","overlay-opacity":"","overlay-gradient":""},"tablet":{"background-color":"","background-image":"","background-repeat":"repeat","background-position":"center center","background-size":"auto","background-attachment":"scroll","background-type":"","background-media":"","overlay-type":"","overlay-color":"","overlay-opacity":"","overlay-gradient":""},"mobile":{"background-color":"","background-image":"","background-repeat":"repeat","background-position":"center center","background-size":"auto","background-attachment":"scroll","background-type":"","background-media":"","overlay-type":"","overlay-color":"","overlay-opacity":"","overlay-gradient":""}},"ast-content-background-meta":{"desktop":{"background-color":"var(--ast-global-color-5)","background-image":"","background-repeat":"repeat","background-position":"center center","background-size":"auto","background-attachment":"scroll","background-type":"","background-media":"","overlay-type":"","overlay-color":"","overlay-opacity":"","overlay-gradient":""},"tablet":{"background-color":"var(--ast-global-color-5)","background-image":"","background-repeat":"repeat","background-position":"center center","background-size":"auto","background-attachment":"scroll","background-type":"","background-media":"","overlay-type":"","overlay-color":"","overlay-opacity":"","overlay-gradient":""},"mobile":{"background-color":"var(--ast-global-color-5)","background-image":"","background-repeat":"repeat","background-position":"center center","background-size":"auto","background-attachment":"scroll","background-type":"","background-media":"","overlay-type":"","overlay-color":"","overlay-opacity":"","overlay-gradient":""}}},"product_brand":[],"product_cat":[21],"product_tag":[193,189,196,199,195,152,190,187,188,198,200,191,194,192,197],"class_list":{"0":"post-1442","1":"product","2":"type-product","3":"status-publish","4":"has-post-thumbnail","6":"product_cat-sealing-parts-sealing-systems","7":"product_tag-carbon-seal","8":"product_tag-cartridge-mechanical-seal","9":"product_tag-chemical-pump-seal","10":"product_tag-custom-mechanical-seal","11":"product_tag-high-pressure-seal","12":"product_tag-industrial-components","13":"product_tag-industrial-sealing","14":"product_tag-mechanical-seal","15":"product_tag-pump-seal","16":"product_tag-rotating-equipment-seal","17":"product_tag-seal-manufacturer-china","18":"product_tag-sic-seal","19":"product_tag-stainless-steel-seal","20":"product_tag-tungsten-carbide-seal","21":"product_tag-water-pump-seal","22":"desktop-align-left","23":"tablet-align-left","24":"mobile-align-left","26":"first","27":"instock","28":"shipping-taxable","29":"product-type-simple"},"_links":{"self":[{"href":"https:\/\/www.wonzh.com\/pt\/wp-json\/wp\/v2\/product\/1442","targetHints":{"allow":["GET"]}}],"collection":[{"href":"https:\/\/www.wonzh.com\/pt\/wp-json\/wp\/v2\/product"}],"about":[{"href":"https:\/\/www.wonzh.com\/pt\/wp-json\/wp\/v2\/types\/product"}],"replies":[{"embeddable":true,"href":"https:\/\/www.wonzh.com\/pt\/wp-json\/wp\/v2\/comments?post=1442"}],"wp:featuredmedia":[{"embeddable":true,"href":"https:\/\/www.wonzh.com\/pt\/wp-json\/wp\/v2\/media\/1484"}],"wp:attachment":[{"href":"https:\/\/www.wonzh.com\/pt\/wp-json\/wp\/v2\/media?parent=1442"}],"wp:term":[{"taxonomy":"product_brand","embeddable":true,"href":"https:\/\/www.wonzh.com\/pt\/wp-json\/wp\/v2\/product_brand?post=1442"},{"taxonomy":"product_cat","embeddable":true,"href":"https:\/\/www.wonzh.com\/pt\/wp-json\/wp\/v2\/product_cat?post=1442"},{"taxonomy":"product_tag","embeddable":true,"href":"https:\/\/www.wonzh.com\/pt\/wp-json\/wp\/v2\/product_tag?post=1442"}],"curies":[{"name":"wp","href":"https:\/\/api.w.org\/{rel}","templated":true}]}}