{"id":1432,"date":"2026-02-02T15:03:58","date_gmt":"2026-02-02T15:03:58","guid":{"rendered":"https:\/\/www.wonzh.com\/?post_type=product&#038;p=1432"},"modified":"2026-02-02T15:24:24","modified_gmt":"2026-02-02T15:24:24","slug":"industrial-spherical-roller-bearings-for-heavy-load-and-misalignment-conditions","status":"publish","type":"product","link":"https:\/\/www.wonzh.com\/pt\/product\/industrial-spherical-roller-bearings-for-heavy-load-and-misalignment-conditions\/","title":{"rendered":"Rolamentos autocompensadores de rolos industriais para condi\u00e7\u00f5es de carga pesada e desalinhamento"},"content":{"rendered":"<p data-start=\"593\" data-end=\"952\">Os rolamentos autocompensadores de rolos fornecidos pela Wonzh s\u00e3o rolamentos autocompensadores de alto desempenho concebidos para acomodar cargas radiais pesadas e cargas axiais em ambas as direc\u00e7\u00f5es, compensando simultaneamente o desalinhamento do eixo e a deforma\u00e7\u00e3o da caixa. A sua conce\u00e7\u00e3o \u00fanica de pista esf\u00e9rica permite um funcionamento fi\u00e1vel mesmo em condi\u00e7\u00f5es de instala\u00e7\u00e3o e funcionamento dif\u00edceis.<\/p>\n<p data-start=\"954\" data-end=\"1365\">Fabricados a partir de a\u00e7o de qualidade superior para rolamentos, como o GCr15 (equivalente ao AISI 52100) e processados atrav\u00e9s de tratamento t\u00e9rmico avan\u00e7ado e maquinagem de precis\u00e3o, os rolamentos autocompensadores de rolos Wonzh oferecem uma excelente resist\u00eancia \u00e0 fadiga, elevada toler\u00e2ncia ao impacto e uma vida \u00fatil prolongada. S\u00e3o amplamente utilizados em equipamento mineiro, siderurgias, m\u00e1quinas de papel, turbinas e\u00f3licas, caixas de velocidades pesadas e grandes sistemas rotativos industriais.<\/p>\n<p data-start=\"1367\" data-end=\"1674\">Como um fornecedor experiente de componentes industriais, a Wonzh fornece rolamentos autocompensadores de rolos padr\u00e3o e personalizados. A nossa equipa de engenharia apoia os clientes na sele\u00e7\u00e3o da folga adequada, design da gaiola, m\u00e9todo de lubrifica\u00e7\u00e3o e configura\u00e7\u00e3o de veda\u00e7\u00e3o para garantir um desempenho \u00f3timo em aplica\u00e7\u00f5es reais.<\/p>\n<h2 data-start=\"1681\" data-end=\"1700\"><strong data-start=\"1684\" data-end=\"1700\">Carater\u00edsticas principais<\/strong><\/h2>\n<ul data-start=\"1702\" data-end=\"1994\">\n<li data-start=\"1702\" data-end=\"1761\">\n<p data-start=\"1704\" data-end=\"1761\">Capacidade de auto-alinhamento para tolerar o desalinhamento do veio<\/p>\n<\/li>\n<li data-start=\"1762\" data-end=\"1796\">\n<p data-start=\"1764\" data-end=\"1796\">Capacidade de carga radial muito elevada<\/p>\n<\/li>\n<li data-start=\"1797\" data-end=\"1841\">\n<p data-start=\"1799\" data-end=\"1841\">Excelente resist\u00eancia a choques e vibra\u00e7\u00f5es<\/p>\n<\/li>\n<li data-start=\"1842\" data-end=\"1898\">\n<p data-start=\"1844\" data-end=\"1898\">Adequado para aplica\u00e7\u00f5es pesadas e de alto impacto<\/p>\n<\/li>\n<li data-start=\"1899\" data-end=\"1942\">\n<p data-start=\"1901\" data-end=\"1942\">Longa vida \u00fatil em ambientes agressivos<\/p>\n<\/li>\n<li data-start=\"1943\" data-end=\"1994\">\n<p data-start=\"1945\" data-end=\"1994\">V\u00e1rias op\u00e7\u00f5es de gaiola e lubrifica\u00e7\u00e3o dispon\u00edveis<\/p>\n<\/li>\n<\/ul>\n<h2 data-start=\"2001\" data-end=\"2028\"><strong data-start=\"2004\" data-end=\"2028\">Aplica\u00e7\u00f5es t\u00edpicas<\/strong><\/h2>\n<ul data-start=\"2030\" data-end=\"2247\">\n<li data-start=\"2030\" data-end=\"2064\">\n<p data-start=\"2032\" data-end=\"2064\">Equipamento para minas e pedreiras<\/p>\n<\/li>\n<li data-start=\"2065\" data-end=\"2098\">\n<p data-start=\"2067\" data-end=\"2098\">Siderurgias e laminadores<\/p>\n<\/li>\n<li data-start=\"2099\" data-end=\"2127\">\n<p data-start=\"2101\" data-end=\"2127\">M\u00e1quinas para papel e pasta de papel<\/p>\n<\/li>\n<li data-start=\"2128\" data-end=\"2166\">\n<p data-start=\"2130\" data-end=\"2166\">Turbinas e\u00f3licas e produ\u00e7\u00e3o de eletricidade<\/p>\n<\/li>\n<li data-start=\"2167\" data-end=\"2199\">\n<p data-start=\"2169\" data-end=\"2199\">Redutores e caixas de velocidades pesadas<\/p>\n<\/li>\n<li data-start=\"2200\" data-end=\"2247\">\n<p data-start=\"2202\" data-end=\"2247\">F\u00e1bricas de cimento e sistemas de manuseamento de materiais<\/p>\n<\/li>\n<\/ul>\n<h2 data-start=\"2254\" data-end=\"2306\"><strong data-start=\"2257\" data-end=\"2304\">Par\u00e2metros t\u00e9cnicos (Gama representativa)<\/strong><\/h2>\n<div class=\"TyagGW_tableContainer\">\n<div class=\"group TyagGW_tableWrapper flex flex-col-reverse w-fit\" tabindex=\"-1\">\n<table class=\"w-fit min-w-(--thread-content-width)\" data-start=\"2308\" data-end=\"2840\">\n<thead data-start=\"2308\" data-end=\"2345\">\n<tr data-start=\"2308\" data-end=\"2345\">\n<th data-start=\"2308\" data-end=\"2320\" data-col-size=\"sm\">Par\u00e2metro<\/th>\n<th data-start=\"2320\" data-end=\"2345\" data-col-size=\"md\">Especifica\u00e7\u00e3o \/ Gama<\/th>\n<\/tr>\n<\/thead>\n<tbody data-start=\"2356\" data-end=\"2840\">\n<tr data-start=\"2356\" data-end=\"2399\">\n<td data-start=\"2356\" data-end=\"2371\" data-col-size=\"sm\">Tipo de rolamento<\/td>\n<td data-start=\"2371\" data-end=\"2399\" data-col-size=\"md\">Rolamento autocompensador de rolos<\/td>\n<\/tr>\n<tr data-start=\"2400\" data-end=\"2467\">\n<td data-start=\"2400\" data-end=\"2411\" data-col-size=\"sm\">Material<\/td>\n<td data-start=\"2411\" data-end=\"2467\" data-col-size=\"md\">GCr15 (equivalente AISI 52100) ou liga de a\u00e7o especial<\/td>\n<\/tr>\n<tr data-start=\"2468\" data-end=\"2503\">\n<td data-start=\"2468\" data-end=\"2485\" data-col-size=\"sm\">Tamanho do furo (ID)<\/td>\n<td data-start=\"2485\" data-end=\"2503\" data-col-size=\"md\">25 mm - 500 mm<\/td>\n<\/tr>\n<tr data-start=\"2504\" data-end=\"2544\">\n<td data-start=\"2504\" data-end=\"2526\" data-col-size=\"sm\">Di\u00e2metro exterior (DE)<\/td>\n<td data-start=\"2526\" data-end=\"2544\" data-col-size=\"md\">52 mm - 900 mm<\/td>\n<\/tr>\n<tr data-start=\"2545\" data-end=\"2600\">\n<td data-start=\"2545\" data-end=\"2557\" data-col-size=\"sm\">Tipo de carga<\/td>\n<td data-start=\"2557\" data-end=\"2600\" data-col-size=\"md\">Pesado radial + axial em ambas as direc\u00e7\u00f5es<\/td>\n<\/tr>\n<tr data-start=\"2601\" data-end=\"2653\">\n<td data-start=\"2601\" data-end=\"2620\" data-col-size=\"sm\">Capacidade de velocidade<\/td>\n<td data-start=\"2620\" data-end=\"2653\" data-col-size=\"md\">Velocidade m\u00e9dia (dependente da carga)<\/td>\n<\/tr>\n<tr data-start=\"2654\" data-end=\"2697\">\n<td data-start=\"2654\" data-end=\"2678\" data-col-size=\"sm\">Temperatura de funcionamento<\/td>\n<td data-start=\"2678\" data-end=\"2697\" data-col-size=\"md\">-20\u00b0C a +120\u00b0C<\/td>\n<\/tr>\n<tr data-start=\"2698\" data-end=\"2750\">\n<td data-start=\"2698\" data-end=\"2719\" data-col-size=\"sm\">Desembara\u00e7o interno<\/td>\n<td data-start=\"2719\" data-end=\"2750\" data-col-size=\"md\">C2 \/ C3 \/ C4 (personaliz\u00e1vel)<\/td>\n<\/tr>\n<tr data-start=\"2751\" data-end=\"2808\">\n<td data-start=\"2751\" data-end=\"2763\" data-col-size=\"sm\">Tipo de gaiola<\/td>\n<td data-start=\"2763\" data-end=\"2808\" data-col-size=\"md\">Gaiola de a\u00e7o, gaiola de lat\u00e3o ou gaiola de poliamida<\/td>\n<\/tr>\n<tr data-start=\"2809\" data-end=\"2840\">\n<td data-start=\"2809\" data-end=\"2823\" data-col-size=\"sm\">Lubrifica\u00e7\u00e3o<\/td>\n<td data-start=\"2823\" data-end=\"2840\" data-col-size=\"md\">Gordura ou \u00f3leo<\/td>\n<\/tr>\n<\/tbody>\n<\/table>\n<\/div>\n<\/div>\n<h2 data-start=\"2847\" data-end=\"2883\"><strong data-start=\"2850\" data-end=\"2883\">Exemplos de modelos representativos<\/strong><\/h2>\n<p data-start=\"2885\" data-end=\"2946\"><em data-start=\"2885\" data-end=\"2946\">(Apenas para refer\u00eancia - cat\u00e1logo completo dispon\u00edvel mediante pedido).<\/em><\/p>\n<div class=\"TyagGW_tableContainer\">\n<div class=\"group TyagGW_tableWrapper flex flex-col-reverse w-fit\" tabindex=\"-1\">\n<table class=\"w-fit min-w-(--thread-content-width)\" data-start=\"2948\" data-end=\"3261\">\n<thead data-start=\"2948\" data-end=\"2989\">\n<tr data-start=\"2948\" data-end=\"2989\">\n<th data-start=\"2948\" data-end=\"2957\" data-col-size=\"sm\">S\u00e9rie<\/th>\n<th data-start=\"2957\" data-end=\"2974\" data-col-size=\"sm\">Modelos de exemplo<\/th>\n<th data-start=\"2974\" data-end=\"2989\" data-col-size=\"sm\">Utiliza\u00e7\u00e3o t\u00edpica<\/th>\n<\/tr>\n<\/thead>\n<tbody data-start=\"3004\" data-end=\"3261\">\n<tr data-start=\"3004\" data-end=\"3062\">\n<td data-start=\"3004\" data-end=\"3017\" data-col-size=\"sm\">S\u00e9rie 222<\/td>\n<td data-start=\"3017\" data-end=\"3039\" data-col-size=\"sm\">22208, 22210, 22212<\/td>\n<td data-start=\"3039\" data-end=\"3062\" data-col-size=\"sm\">Explora\u00e7\u00e3o mineira e trituradores<\/td>\n<\/tr>\n<tr data-start=\"3063\" data-end=\"3110\">\n<td data-start=\"3063\" data-end=\"3076\" data-col-size=\"sm\">S\u00e9rie 223<\/td>\n<td data-start=\"3076\" data-end=\"3091\" data-col-size=\"sm\">22310, 22312<\/td>\n<td data-start=\"3091\" data-end=\"3110\" data-col-size=\"sm\">Caixas de velocidades pesadas<\/td>\n<\/tr>\n<tr data-start=\"3111\" data-end=\"3154\">\n<td data-start=\"3111\" data-end=\"3124\" data-col-size=\"sm\">S\u00e9rie 230<\/td>\n<td data-start=\"3124\" data-end=\"3139\" data-col-size=\"sm\">23020, 23022<\/td>\n<td data-start=\"3139\" data-end=\"3154\" data-col-size=\"sm\">Siderurgias<\/td>\n<\/tr>\n<tr data-start=\"3155\" data-end=\"3202\">\n<td data-start=\"3155\" data-end=\"3168\" data-col-size=\"sm\">S\u00e9rie 231<\/td>\n<td data-start=\"3168\" data-end=\"3183\" data-col-size=\"sm\">23120, 23122<\/td>\n<td data-start=\"3183\" data-end=\"3202\" data-col-size=\"sm\">M\u00e1quinas de papel<\/td>\n<\/tr>\n<tr data-start=\"3203\" data-end=\"3261\">\n<td data-start=\"3203\" data-end=\"3216\" data-col-size=\"sm\">S\u00e9rie 232<\/td>\n<td data-start=\"3216\" data-end=\"3231\" data-col-size=\"sm\">23220, 23222<\/td>\n<td data-start=\"3231\" data-end=\"3261\" data-col-size=\"sm\">Grandes equipamentos industriais<\/td>\n<\/tr>\n<\/tbody>\n<\/table>\n<\/div>\n<\/div>\n<p data-start=\"3263\" data-end=\"3364\"><strong data-start=\"3263\" data-end=\"3272\">Nota:<\/strong> Outros tamanhos, folgas, tipos de gaiolas e materiais especiais est\u00e3o dispon\u00edveis mediante pedido.<\/p>\n<h2 data-start=\"3371\" data-end=\"3394\"><strong data-start=\"3374\" data-end=\"3394\">Por que escolher a Wonzh<\/strong><\/h2>\n<ul data-start=\"3396\" data-end=\"3697\">\n<li data-start=\"3396\" data-end=\"3460\">\n<p data-start=\"3398\" data-end=\"3460\">Controlo de qualidade rigoroso desde a mat\u00e9ria-prima at\u00e9 \u00e0 inspe\u00e7\u00e3o final<\/p>\n<\/li>\n<li data-start=\"3461\" data-end=\"3518\">\n<p data-start=\"3463\" data-end=\"3518\">Fabrico de precis\u00e3o com consist\u00eancia est\u00e1vel dos lotes<\/p>\n<\/li>\n<li data-start=\"3519\" data-end=\"3588\">\n<p data-start=\"3521\" data-end=\"3588\">Suporte de engenharia para carga, alinhamento e correspond\u00eancia de aplica\u00e7\u00f5es<\/p>\n<\/li>\n<li data-start=\"3589\" data-end=\"3640\">\n<p data-start=\"3591\" data-end=\"3640\">Desenhos personalizados dispon\u00edveis para condi\u00e7\u00f5es extremas<\/p>\n<\/li>\n<li data-start=\"3641\" data-end=\"3697\">\n<p data-start=\"3643\" data-end=\"3697\">Cadeia de fornecimento fi\u00e1vel e capacidade de entrega global<\/p>\n<\/li>\n<\/ul>\n<h2 data-start=\"3704\" data-end=\"3745\"><strong data-start=\"3707\" data-end=\"3743\">Perguntas frequentes (FAQ)<\/strong><\/h2>\n<h3 data-start=\"3747\" data-end=\"3805\"><strong data-start=\"3751\" data-end=\"3803\">Q1: Para que \u00e9 utilizado um rolamento autocompensador de rolos?<\/strong><\/h3>\n<p data-start=\"3806\" data-end=\"3988\">Os rolamentos autocompensadores de rolos s\u00e3o normalmente utilizados em maquinaria pesada, equipamento mineiro, siderurgias, maquinaria de papel e turbinas e\u00f3licas, onde est\u00e3o presentes cargas elevadas e desalinhamento do eixo.<\/p>\n<h3 data-start=\"3990\" data-end=\"4054\"><strong data-start=\"3994\" data-end=\"4052\">P2: Os rolamentos autocompensadores de rolos conseguem lidar com o desalinhamento?<\/strong><\/h3>\n<p data-start=\"4055\" data-end=\"4168\">Sim. A sua conce\u00e7\u00e3o de auto-alinhamento permite-lhes compensar o desalinhamento angular entre o veio e a caixa.<\/p>\n<h3 data-start=\"4170\" data-end=\"4214\"><strong data-start=\"4174\" data-end=\"4212\">Q3: Que tipos de gaiolas est\u00e3o dispon\u00edveis?<\/strong><\/h3>\n<p data-start=\"4215\" data-end=\"4323\">Oferecemos gaiolas de a\u00e7o, gaiolas de lat\u00e3o e gaiolas de poliamida, consoante as condi\u00e7\u00f5es de carga, velocidade e temperatura.<\/p>\n<h3 data-start=\"4325\" data-end=\"4368\"><strong data-start=\"4329\" data-end=\"4366\">Q4: Que materiais est\u00e3o dispon\u00edveis?<\/strong><\/h3>\n<p data-start=\"4369\" data-end=\"4498\">O material padr\u00e3o \u00e9 o GCr15 (equivalente ao AISI 52100). Podem ser fornecidas ligas de a\u00e7o especiais e op\u00e7\u00f5es resistentes ao calor mediante pedido.<\/p>\n<h3 data-start=\"4500\" data-end=\"4543\"><strong data-start=\"4504\" data-end=\"4541\">Q5: Suportam a personaliza\u00e7\u00e3o?<\/strong><\/h3>\n<p data-start=\"4544\" data-end=\"4681\">Sim. A Wonzh suporta tamanhos de furo personalizados, folgas (C2\/C3\/C4), tipos de gaiola, revestimentos e solu\u00e7\u00f5es de lubrifica\u00e7\u00e3o com base nas necessidades da aplica\u00e7\u00e3o.<\/p>","protected":false},"excerpt":{"rendered":"<p>Spherical Roller Bearings supplied by Wonzh are high-performance self-aligning bearings designed to accommodate heavy radial loads and axial loads in both directions while compensating for shaft misalignment and housing deformation. Their unique spherical raceway design enables reliable operation even under challenging installation and operating conditions. Manufactured from premium bearing steel such as GCr15 (AISI 52100 [&hellip;]<\/p>\n","protected":false},"featured_media":1434,"comment_status":"open","ping_status":"closed","template":"","meta":{"site-sidebar-layout":"default","site-content-layout":"","ast-site-content-layout":"default","site-content-style":"default","site-sidebar-style":"default","ast-global-header-display":"","ast-banner-title-visibility":"","ast-main-header-display":"","ast-hfb-above-header-display":"","ast-hfb-below-header-display":"","ast-hfb-mobile-header-display":"","site-post-title":"","ast-breadcrumbs-content":"","ast-featured-img":"","footer-sml-layout":"","ast-disable-related-posts":"","theme-transparent-header-meta":"default","adv-header-id-meta":"","stick-header-meta":"default","header-above-stick-meta":"","header-main-stick-meta":"","header-below-stick-meta":"","astra-migrate-meta-layouts":"set","ast-page-background-enabled":"default","ast-page-background-meta":{"desktop":{"background-color":"","background-image":"","background-repeat":"repeat","background-position":"center center","background-size":"auto","background-attachment":"scroll","background-type":"","background-media":"","overlay-type":"","overlay-color":"","overlay-opacity":"","overlay-gradient":""},"tablet":{"background-color":"","background-image":"","background-repeat":"repeat","background-position":"center center","background-size":"auto","background-attachment":"scroll","background-type":"","background-media":"","overlay-type":"","overlay-color":"","overlay-opacity":"","overlay-gradient":""},"mobile":{"background-color":"","background-image":"","background-repeat":"repeat","background-position":"center center","background-size":"auto","background-attachment":"scroll","background-type":"","background-media":"","overlay-type":"","overlay-color":"","overlay-opacity":"","overlay-gradient":""}},"ast-content-background-meta":{"desktop":{"background-color":"var(--ast-global-color-5)","background-image":"","background-repeat":"repeat","background-position":"center center","background-size":"auto","background-attachment":"scroll","background-type":"","background-media":"","overlay-type":"","overlay-color":"","overlay-opacity":"","overlay-gradient":""},"tablet":{"background-color":"var(--ast-global-color-5)","background-image":"","background-repeat":"repeat","background-position":"center center","background-size":"auto","background-attachment":"scroll","background-type":"","background-media":"","overlay-type":"","overlay-color":"","overlay-opacity":"","overlay-gradient":""},"mobile":{"background-color":"var(--ast-global-color-5)","background-image":"","background-repeat":"repeat","background-position":"center center","background-size":"auto","background-attachment":"scroll","background-type":"","background-media":"","overlay-type":"","overlay-color":"","overlay-opacity":"","overlay-gradient":""}}},"product_brand":[],"product_cat":[15],"product_tag":[140,148,144,139,157,161,136,158,153,149,156,155,159,160],"class_list":{"0":"post-1432","1":"product","2":"type-product","3":"status-publish","4":"has-post-thumbnail","6":"product_cat-bearings-bearing-components","7":"product_tag-aisi-52100-bearing","8":"product_tag-bearing-manufacturer-china","9":"product_tag-custom-bearings","10":"product_tag-gcr15-bearing","11":"product_tag-heavy-load-bearing","12":"product_tag-high-impact-bearing","13":"product_tag-industrial-bearings","14":"product_tag-mining-machinery-bearing","15":"product_tag-oem-bearings","16":"product_tag-precision-bearings","17":"product_tag-self-aligning-bearing","18":"product_tag-spherical-roller-bearing","19":"product_tag-steel-mill-bearing","20":"product_tag-wind-turbine-bearing","21":"desktop-align-left","22":"tablet-align-left","23":"mobile-align-left","25":"first","26":"instock","27":"shipping-taxable","28":"product-type-simple"},"_links":{"self":[{"href":"https:\/\/www.wonzh.com\/pt\/wp-json\/wp\/v2\/product\/1432","targetHints":{"allow":["GET"]}}],"collection":[{"href":"https:\/\/www.wonzh.com\/pt\/wp-json\/wp\/v2\/product"}],"about":[{"href":"https:\/\/www.wonzh.com\/pt\/wp-json\/wp\/v2\/types\/product"}],"replies":[{"embeddable":true,"href":"https:\/\/www.wonzh.com\/pt\/wp-json\/wp\/v2\/comments?post=1432"}],"wp:featuredmedia":[{"embeddable":true,"href":"https:\/\/www.wonzh.com\/pt\/wp-json\/wp\/v2\/media\/1434"}],"wp:attachment":[{"href":"https:\/\/www.wonzh.com\/pt\/wp-json\/wp\/v2\/media?parent=1432"}],"wp:term":[{"taxonomy":"product_brand","embeddable":true,"href":"https:\/\/www.wonzh.com\/pt\/wp-json\/wp\/v2\/product_brand?post=1432"},{"taxonomy":"product_cat","embeddable":true,"href":"https:\/\/www.wonzh.com\/pt\/wp-json\/wp\/v2\/product_cat?post=1432"},{"taxonomy":"product_tag","embeddable":true,"href":"https:\/\/www.wonzh.com\/pt\/wp-json\/wp\/v2\/product_tag?post=1432"}],"curies":[{"name":"wp","href":"https:\/\/api.w.org\/{rel}","templated":true}]}}