{"id":273,"date":"2026-01-29T14:22:45","date_gmt":"2026-01-29T14:22:45","guid":{"rendered":"https:\/\/www.wonzh.com\/training\/"},"modified":"2026-02-01T01:38:18","modified_gmt":"2026-02-01T01:38:18","slug":"aplicacoes","status":"publish","type":"page","link":"https:\/\/www.wonzh.com\/pt\/applications\/","title":{"rendered":"Aplica\u00e7\u00f5es"},"content":{"rendered":"<div data-elementor-type=\"wp-page\" data-elementor-id=\"273\" class=\"elementor elementor-273\" data-elementor-post-type=\"page\">\n\t\t\t\t<div class=\"elementor-element elementor-element-c8f1513 e-flex e-con-boxed e-con e-parent\" data-id=\"c8f1513\" data-element_type=\"container\" data-e-type=\"container\" data-settings=\"{&quot;background_background&quot;:&quot;classic&quot;}\">\n\t\t\t\t\t<div class=\"e-con-inner\">\n\t\t<div class=\"elementor-element elementor-element-e238a3f e-con-full e-flex e-con e-child\" data-id=\"e238a3f\" data-element_type=\"container\" data-e-type=\"container\">\n\t\t\t\t<div class=\"elementor-element elementor-element-024ca05 elementor-widget elementor-widget-heading\" data-id=\"024ca05\" data-element_type=\"widget\" data-e-type=\"widget\" data-widget_type=\"heading.default\">\n\t\t\t\t<div class=\"elementor-widget-container\">\n\t\t\t\t\t<h1 class=\"elementor-heading-title elementor-size-default\">Aplica\u00e7\u00f5es<\/h1>\t\t\t\t<\/div>\n\t\t\t\t<\/div>\n\t\t\t\t<div class=\"elementor-element elementor-element-66f6130 elementor-widget-divider--view-line elementor-widget elementor-widget-divider\" data-id=\"66f6130\" data-element_type=\"widget\" data-e-type=\"widget\" data-widget_type=\"divider.default\">\n\t\t\t\t<div class=\"elementor-widget-container\">\n\t\t\t\t\t\t\t<div class=\"elementor-divider\">\n\t\t\t<span class=\"elementor-divider-separator\">\n\t\t\t\t\t\t<\/span>\n\t\t<\/div>\n\t\t\t\t\t\t<\/div>\n\t\t\t\t<\/div>\n\t\t\t\t<\/div>\n\t\t\t\t\t<\/div>\n\t\t\t\t<\/div>\n\t\t<div class=\"elementor-element elementor-element-95aaa2c e-flex e-con-boxed e-con e-parent\" data-id=\"95aaa2c\" data-element_type=\"container\" data-e-type=\"container\">\n\t\t\t\t\t<div class=\"e-con-inner\">\n\t\t<div class=\"elementor-element elementor-element-fccb6b4 e-con-full e-flex e-con e-child\" data-id=\"fccb6b4\" data-element_type=\"container\" data-e-type=\"container\">\n\t\t\t\t<div class=\"elementor-element elementor-element-09f4d0c elementor-position-right elementor-vertical-align-middle elementor-widget elementor-widget-image-box\" data-id=\"09f4d0c\" data-element_type=\"widget\" data-e-type=\"widget\" data-widget_type=\"image-box.default\">\n\t\t\t\t<div class=\"elementor-widget-container\">\n\t\t\t\t\t<div class=\"elementor-image-box-wrapper\"><figure class=\"elementor-image-box-img\"><img fetchpriority=\"high\" decoding=\"async\" width=\"1024\" height=\"683\" src=\"https:\/\/www.wonzh.com\/wp-content\/uploads\/2026\/02\/Industrial-Equipment-Parts-for-Real-World-Applications.jpeg\" class=\"attachment-full size-full wp-image-1374\" alt=\"pe\u00e7as de equipamento industrial para aplica\u00e7\u00f5es no mundo real\" srcset=\"https:\/\/www.wonzh.com\/wp-content\/uploads\/2026\/02\/Industrial-Equipment-Parts-for-Real-World-Applications.jpeg 1024w, https:\/\/www.wonzh.com\/wp-content\/uploads\/2026\/02\/Industrial-Equipment-Parts-for-Real-World-Applications-300x200.jpeg 300w, https:\/\/www.wonzh.com\/wp-content\/uploads\/2026\/02\/Industrial-Equipment-Parts-for-Real-World-Applications-768x512.jpeg 768w, https:\/\/www.wonzh.com\/wp-content\/uploads\/2026\/02\/Industrial-Equipment-Parts-for-Real-World-Applications-600x400.jpeg 600w\" sizes=\"(max-width: 1024px) 100vw, 1024px\" \/><\/figure><div class=\"elementor-image-box-content\"><h2 class=\"elementor-image-box-title\">Pe\u00e7as de equipamento industrial para aplica\u00e7\u00f5es reais<\/h2><p class=\"elementor-image-box-description\">A Henan Wonzh Precision Manufacturing Co., Ltd. fornece componentes de equipamento industrial e pe\u00e7as de desgaste para uma vasta gama de ambientes operacionais. Os nossos produtos s\u00e3o normalmente utilizados na manuten\u00e7\u00e3o de equipamentos, fabrico OEM e substitui\u00e7\u00e3o de pe\u00e7as sobresselentes MRO, ajudando os clientes a manter um funcionamento est\u00e1vel e a controlar os custos de manuten\u00e7\u00e3o.\n\nAbaixo est\u00e3o os nossos principais cen\u00e1rios de aplica\u00e7\u00e3o, que reflectem a forma como os nossos produtos s\u00e3o utilizados em condi\u00e7\u00f5es industriais reais.<\/p><\/div><\/div>\t\t\t\t<\/div>\n\t\t\t\t<\/div>\n\t\t\t\t<div class=\"elementor-element elementor-element-1cff81d elementor-widget__width-initial elementor-widget-mobile__width-inherit elementor-position-top elementor-widget elementor-widget-image-box\" data-id=\"1cff81d\" data-element_type=\"widget\" data-e-type=\"widget\" data-widget_type=\"image-box.default\">\n\t\t\t\t<div class=\"elementor-widget-container\">\n\t\t\t\t\t<div class=\"elementor-image-box-wrapper\"><figure class=\"elementor-image-box-img\"><a href=\"#\" tabindex=\"-1\"><img decoding=\"async\" width=\"1536\" height=\"1024\" src=\"https:\/\/www.wonzh.com\/wp-content\/uploads\/2026\/02\/Industrial-Machinery-Maintenance.png\" class=\"attachment-full size-full wp-image-1376\" alt=\"manuten\u00e7\u00e3o de m\u00e1quinas industriais\" srcset=\"https:\/\/www.wonzh.com\/wp-content\/uploads\/2026\/02\/Industrial-Machinery-Maintenance.png 1536w, https:\/\/www.wonzh.com\/wp-content\/uploads\/2026\/02\/Industrial-Machinery-Maintenance-300x200.png 300w, https:\/\/www.wonzh.com\/wp-content\/uploads\/2026\/02\/Industrial-Machinery-Maintenance-1024x683.png 1024w, https:\/\/www.wonzh.com\/wp-content\/uploads\/2026\/02\/Industrial-Machinery-Maintenance-768x512.png 768w, https:\/\/www.wonzh.com\/wp-content\/uploads\/2026\/02\/Industrial-Machinery-Maintenance-600x400.png 600w\" sizes=\"(max-width: 1536px) 100vw, 1536px\" \/><\/a><\/figure><div class=\"elementor-image-box-content\"><h4 class=\"elementor-image-box-title\"><a href=\"#\">Manuten\u00e7\u00e3o de m\u00e1quinas industriais<\/a><\/h4><p class=\"elementor-image-box-description\">A maquinaria industrial requer a substitui\u00e7\u00e3o regular de componentes cr\u00edticos e de elevado desgaste para garantir um funcionamento cont\u00ednuo. Fornecemos rolamentos, pe\u00e7as de veda\u00e7\u00e3o, componentes de desgaste e pe\u00e7as de transmiss\u00e3o normalmente utilizados em maquinaria industrial geral.<\/p><\/div><\/div>\t\t\t\t<\/div>\n\t\t\t\t<\/div>\n\t\t\t\t<div class=\"elementor-element elementor-element-43bee2a elementor-widget__width-initial elementor-widget-mobile__width-inherit elementor-position-top elementor-widget elementor-widget-image-box\" data-id=\"43bee2a\" data-element_type=\"widget\" data-e-type=\"widget\" data-widget_type=\"image-box.default\">\n\t\t\t\t<div class=\"elementor-widget-container\">\n\t\t\t\t\t<div class=\"elementor-image-box-wrapper\"><figure class=\"elementor-image-box-img\"><a href=\"#\" tabindex=\"-1\"><img decoding=\"async\" width=\"1783\" height=\"1191\" src=\"https:\/\/www.wonzh.com\/wp-content\/uploads\/2026\/02\/BoydHydraulicHead.jpg\" class=\"attachment-full size-full wp-image-1377\" alt=\"cabe\u00e7a hidr\u00e1ulica\" srcset=\"https:\/\/www.wonzh.com\/wp-content\/uploads\/2026\/02\/BoydHydraulicHead.jpg 1783w, https:\/\/www.wonzh.com\/wp-content\/uploads\/2026\/02\/BoydHydraulicHead-300x200.jpg 300w, https:\/\/www.wonzh.com\/wp-content\/uploads\/2026\/02\/BoydHydraulicHead-1024x684.jpg 1024w, https:\/\/www.wonzh.com\/wp-content\/uploads\/2026\/02\/BoydHydraulicHead-768x513.jpg 768w, https:\/\/www.wonzh.com\/wp-content\/uploads\/2026\/02\/BoydHydraulicHead-1536x1026.jpg 1536w, https:\/\/www.wonzh.com\/wp-content\/uploads\/2026\/02\/BoydHydraulicHead-600x401.jpg 600w\" sizes=\"(max-width: 1783px) 100vw, 1783px\" \/><\/a><\/figure><div class=\"elementor-image-box-content\"><h4 class=\"elementor-image-box-title\"><a href=\"#\">Sistemas hidr\u00e1ulicos e pneum\u00e1ticos<\/a><\/h4><p class=\"elementor-image-box-description\">Os sistemas hidr\u00e1ulicos e pneum\u00e1ticos funcionam sob press\u00e3o, varia\u00e7\u00e3o de temperatura e movimentos frequentes. A veda\u00e7\u00e3o fi\u00e1vel e os componentes de precis\u00e3o s\u00e3o essenciais para evitar fugas e perda de desempenho.<\/p><\/div><\/div>\t\t\t\t<\/div>\n\t\t\t\t<\/div>\n\t\t\t\t<div class=\"elementor-element elementor-element-3b535ac elementor-widget__width-initial elementor-widget-mobile__width-inherit elementor-position-top elementor-widget elementor-widget-image-box\" data-id=\"3b535ac\" data-element_type=\"widget\" data-e-type=\"widget\" data-widget_type=\"image-box.default\">\n\t\t\t\t<div class=\"elementor-widget-container\">\n\t\t\t\t\t<div class=\"elementor-image-box-wrapper\"><figure class=\"elementor-image-box-img\"><a href=\"#\" tabindex=\"-1\"><img loading=\"lazy\" decoding=\"async\" width=\"750\" height=\"500\" src=\"https:\/\/www.wonzh.com\/wp-content\/uploads\/2026\/02\/industrial-workers-operating-machinery-in-factory.jpg\" class=\"attachment-full size-full wp-image-1378\" alt=\"trabalhadores industriais a operar m\u00e1quinas numa f\u00e1brica\" srcset=\"https:\/\/www.wonzh.com\/wp-content\/uploads\/2026\/02\/industrial-workers-operating-machinery-in-factory.jpg 750w, https:\/\/www.wonzh.com\/wp-content\/uploads\/2026\/02\/industrial-workers-operating-machinery-in-factory-300x200.jpg 300w, https:\/\/www.wonzh.com\/wp-content\/uploads\/2026\/02\/industrial-workers-operating-machinery-in-factory-600x400.jpg 600w\" sizes=\"(max-width: 750px) 100vw, 750px\" \/><\/a><\/figure><div class=\"elementor-image-box-content\"><h4 class=\"elementor-image-box-title\"><a href=\"#\">Equipamento de manuseamento e eleva\u00e7\u00e3o de materiais<\/a><\/h4><p class=\"elementor-image-box-description\">O equipamento de manuseamento e eleva\u00e7\u00e3o de materiais funciona sob carga cont\u00ednua e tens\u00e3o din\u00e2mica. Os componentes utilizados nestes sistemas devem cumprir os requisitos de resist\u00eancia, seguran\u00e7a e durabilidade.<\/p><\/div><\/div>\t\t\t\t<\/div>\n\t\t\t\t<\/div>\n\t\t\t\t<div class=\"elementor-element elementor-element-ec19072 elementor-widget__width-initial elementor-widget-mobile__width-inherit elementor-position-top elementor-widget elementor-widget-image-box\" data-id=\"ec19072\" data-element_type=\"widget\" data-e-type=\"widget\" data-widget_type=\"image-box.default\">\n\t\t\t\t<div class=\"elementor-widget-container\">\n\t\t\t\t\t<div class=\"elementor-image-box-wrapper\"><figure class=\"elementor-image-box-img\"><a href=\"#\" tabindex=\"-1\"><img loading=\"lazy\" decoding=\"async\" width=\"1200\" height=\"800\" src=\"https:\/\/www.wonzh.com\/wp-content\/uploads\/2026\/02\/OEM.jpg\" class=\"attachment-full size-full wp-image-1379\" alt=\"de origem\" srcset=\"https:\/\/www.wonzh.com\/wp-content\/uploads\/2026\/02\/OEM.jpg 1200w, https:\/\/www.wonzh.com\/wp-content\/uploads\/2026\/02\/OEM-300x200.jpg 300w, https:\/\/www.wonzh.com\/wp-content\/uploads\/2026\/02\/OEM-1024x683.jpg 1024w, https:\/\/www.wonzh.com\/wp-content\/uploads\/2026\/02\/OEM-768x512.jpg 768w, https:\/\/www.wonzh.com\/wp-content\/uploads\/2026\/02\/OEM-600x400.jpg 600w\" sizes=\"(max-width: 1200px) 100vw, 1200px\" \/><\/a><\/figure><div class=\"elementor-image-box-content\"><h4 class=\"elementor-image-box-title\"><a href=\"#\">Fabrico de equipamento OEM<\/a><\/h4><p class=\"elementor-image-box-description\">Apoiamos os fabricantes de equipamento original com componentes normalizados, pe\u00e7as de substitui\u00e7\u00e3o compat\u00edveis e pe\u00e7as fabricadas por medida com base em desenhos ou amostras.<\/p><\/div><\/div>\t\t\t\t<\/div>\n\t\t\t\t<\/div>\n\t\t\t\t<div class=\"elementor-element elementor-element-f92d5c5 elementor-widget__width-initial elementor-widget-mobile__width-inherit elementor-position-top elementor-widget elementor-widget-image-box\" data-id=\"f92d5c5\" data-element_type=\"widget\" data-e-type=\"widget\" data-widget_type=\"image-box.default\">\n\t\t\t\t<div class=\"elementor-widget-container\">\n\t\t\t\t\t<div class=\"elementor-image-box-wrapper\"><figure class=\"elementor-image-box-img\"><a href=\"#\" tabindex=\"-1\"><img loading=\"lazy\" decoding=\"async\" width=\"500\" height=\"333\" src=\"https:\/\/www.wonzh.com\/wp-content\/uploads\/2026\/02\/MRO.png\" class=\"attachment-full size-full wp-image-1380\" alt=\"mro\" srcset=\"https:\/\/www.wonzh.com\/wp-content\/uploads\/2026\/02\/MRO.png 500w, https:\/\/www.wonzh.com\/wp-content\/uploads\/2026\/02\/MRO-300x200.png 300w\" sizes=\"(max-width: 500px) 100vw, 500px\" \/><\/a><\/figure><div class=\"elementor-image-box-content\"><h4 class=\"elementor-image-box-title\"><a href=\"#\">MRO e substitui\u00e7\u00e3o de pe\u00e7as sobressalentes<\/a><\/h4><p class=\"elementor-image-box-description\">Para as equipas de manuten\u00e7\u00e3o e os compradores de MRO, o fornecimento r\u00e1pido e preciso de pe\u00e7as sobresselentes \u00e9 fundamental. Ajudamos os clientes a identificar pe\u00e7as de substitui\u00e7\u00e3o adequadas, mesmo quando os n\u00fameros de pe\u00e7as originais ou os desenhos est\u00e3o incompletos.<\/p><\/div><\/div>\t\t\t\t<\/div>\n\t\t\t\t<\/div>\n\t\t\t\t<div class=\"elementor-element elementor-element-9b00271 elementor-widget__width-initial elementor-widget-mobile__width-inherit elementor-position-top elementor-widget elementor-widget-image-box\" data-id=\"9b00271\" data-element_type=\"widget\" data-e-type=\"widget\" data-widget_type=\"image-box.default\">\n\t\t\t\t<div class=\"elementor-widget-container\">\n\t\t\t\t\t<div class=\"elementor-image-box-wrapper\"><figure class=\"elementor-image-box-img\"><a href=\"#\" tabindex=\"-1\"><img loading=\"lazy\" decoding=\"async\" width=\"660\" height=\"439\" src=\"https:\/\/www.wonzh.com\/wp-content\/uploads\/2026\/02\/Transmission.webp\" class=\"attachment-full size-full wp-image-1381\" alt=\"transmiss\u00e3o\" srcset=\"https:\/\/www.wonzh.com\/wp-content\/uploads\/2026\/02\/Transmission.webp 660w, https:\/\/www.wonzh.com\/wp-content\/uploads\/2026\/02\/Transmission-300x200.webp 300w, https:\/\/www.wonzh.com\/wp-content\/uploads\/2026\/02\/Transmission-600x399.webp 600w\" sizes=\"(max-width: 660px) 100vw, 660px\" \/><\/a><\/figure><div class=\"elementor-image-box-content\"><h4 class=\"elementor-image-box-title\"><a href=\"#\">Sistemas de transmiss\u00e3o e acionamento<\/a><\/h4><p class=\"elementor-image-box-description\">Os sistemas de transmiss\u00e3o mec\u00e2nica s\u00e3o amplamente utilizados em todo o equipamento industrial. A sele\u00e7\u00e3o adequada dos componentes garante uma transmiss\u00e3o de energia eficiente e reduz o desgaste do sistema.<\/p><\/div><\/div>\t\t\t\t<\/div>\n\t\t\t\t<\/div>\n\t\t\t\t<\/div>\n\t\t\t\t\t<\/div>\n\t\t\t\t<\/div>\n\t\t<div class=\"elementor-element elementor-element-612b94a e-flex e-con-boxed e-con e-parent\" data-id=\"612b94a\" data-element_type=\"container\" data-e-type=\"container\" data-settings=\"{&quot;background_background&quot;:&quot;classic&quot;}\">\n\t\t\t\t\t<div class=\"e-con-inner\">\n\t\t<div class=\"elementor-element elementor-element-0d15ea1 e-con-full e-flex e-con e-child\" data-id=\"0d15ea1\" data-element_type=\"container\" data-e-type=\"container\">\n\t\t\t\t<div class=\"elementor-element elementor-element-2a8ed68 elementor-widget elementor-widget-heading\" data-id=\"2a8ed68\" data-element_type=\"widget\" data-e-type=\"widget\" data-widget_type=\"heading.default\">\n\t\t\t\t<div class=\"elementor-widget-container\">\n\t\t\t\t\t<h6 class=\"elementor-heading-title elementor-size-default\">Como apoiamos a sua candidatura<\/h6>\t\t\t\t<\/div>\n\t\t\t\t<\/div>\n\t\t\t\t<div class=\"elementor-element elementor-element-00d2124 elementor-widget elementor-widget-heading\" data-id=\"00d2124\" data-element_type=\"widget\" data-e-type=\"widget\" data-widget_type=\"heading.default\">\n\t\t\t\t<div class=\"elementor-widget-container\">\n\t\t\t\t\t<h5 class=\"elementor-heading-title elementor-size-default\">Apoiamos pe\u00e7as padr\u00e3o, componentes de substitui\u00e7\u00e3o, produ\u00e7\u00e3o OEM e fabrico personalizado, com fornecimento baseado em desenhos, amostras e requisitos de aplica\u00e7\u00e3o. A nossa equipa concentra-se numa comunica\u00e7\u00e3o clara e em recomenda\u00e7\u00f5es pr\u00e1ticas, ajudando os clientes a identificar solu\u00e7\u00f5es adequadas de forma eficiente. Est\u00e3o dispon\u00edveis quantidades flex\u00edveis para encomendas de teste e fornecimento repetido. Se n\u00e3o tiver a certeza sobre as especifica\u00e7\u00f5es das pe\u00e7as ou a compatibilidade da substitui\u00e7\u00e3o, n\u00e3o hesite em contactar-nos com os detalhes da sua aplica\u00e7\u00e3o e analisaremos os seus requisitos e forneceremos as op\u00e7\u00f5es adequadas.<\/h5>\t\t\t\t<\/div>\n\t\t\t\t<\/div>\n\t\t\t\t<div class=\"elementor-element elementor-element-d7df4bf elementor-widget elementor-widget-text-editor\" data-id=\"d7df4bf\" data-element_type=\"widget\" data-e-type=\"widget\" data-widget_type=\"text-editor.default\">\n\t\t\t\t<div class=\"elementor-widget-container\">\n\t\t\t\t\t\t\t\t\t<p>Amet facilisis viverra sapien odio senectus et in nunc eget volutpat adipiscing<\/p>\t\t\t\t\t\t\t\t<\/div>\n\t\t\t\t<\/div>\n\t\t\t\t<div class=\"elementor-element elementor-element-30677dc elementor-align-center elementor-widget elementor-widget-button\" data-id=\"30677dc\" data-element_type=\"widget\" data-e-type=\"widget\" data-widget_type=\"button.default\">\n\t\t\t\t<div class=\"elementor-widget-container\">\n\t\t\t\t\t\t\t\t\t<div class=\"elementor-button-wrapper\">\n\t\t\t\t\t<a class=\"elementor-button elementor-button-link elementor-size-sm\" href=\"mailto:sales@wonzh.com\">\n\t\t\t\t\t\t<span class=\"elementor-button-content-wrapper\">\n\t\t\t\t\t\t\t\t\t<span class=\"elementor-button-text\">Contacte-nos hoje<\/span>\n\t\t\t\t\t<\/span>\n\t\t\t\t\t<\/a>\n\t\t\t\t<\/div>\n\t\t\t\t\t\t\t\t<\/div>\n\t\t\t\t<\/div>\n\t\t\t\t<\/div>\n\t\t\t\t\t<\/div>\n\t\t\t\t<\/div>\n\t\t\t\t<\/div>","protected":false},"excerpt":{"rendered":"<p>Applications Industrial Equipment Parts for Real-World Applications Henan Wonzh Precision Manufacturing Co., Ltd. supplies industrial equipment components and wear parts for a wide range of operating environments. Our products are commonly used in equipment maintenance, OEM manufacturing, and MRO spare parts replacement, helping customers maintain stable operation and control maintenance costs. Below are our core [&hellip;]<\/p>\n","protected":false},"author":1,"featured_media":0,"parent":0,"menu_order":0,"comment_status":"closed","ping_status":"closed","template":"","meta":{"site-sidebar-layout":"no-sidebar","site-content-layout":"page-builder","ast-site-content-layout":"default","site-content-style":"default","site-sidebar-style":"default","ast-global-header-display":"","ast-banner-title-visibility":"","ast-main-header-display":"","ast-hfb-above-header-display":"","ast-hfb-below-header-display":"","ast-hfb-mobile-header-display":"","site-post-title":"disabled","ast-breadcrumbs-content":"disabled","ast-featured-img":"disabled","footer-sml-layout":"","ast-disable-related-posts":"","theme-transparent-header-meta":"enabled","adv-header-id-meta":"","stick-header-meta":"","header-above-stick-meta":"","header-main-stick-meta":"","header-below-stick-meta":"","astra-migrate-meta-layouts":"default","ast-page-background-enabled":"default","ast-page-background-meta":{"desktop":{"background-color":"","background-image":"","background-repeat":"repeat","background-position":"center center","background-size":"auto","background-attachment":"scroll","background-type":"","background-media":"","overlay-type":"","overlay-color":"","overlay-opacity":"","overlay-gradient":""},"tablet":{"background-color":"","background-image":"","background-repeat":"repeat","background-position":"center center","background-size":"auto","background-attachment":"scroll","background-type":"","background-media":"","overlay-type":"","overlay-color":"","overlay-opacity":"","overlay-gradient":""},"mobile":{"background-color":"","background-image":"","background-repeat":"repeat","background-position":"center center","background-size":"auto","background-attachment":"scroll","background-type":"","background-media":"","overlay-type":"","overlay-color":"","overlay-opacity":"","overlay-gradient":""}},"ast-content-background-meta":{"desktop":{"background-color":"var(--ast-global-color-5)","background-image":"","background-repeat":"repeat","background-position":"center center","background-size":"auto","background-attachment":"scroll","background-type":"","background-media":"","overlay-type":"","overlay-color":"","overlay-opacity":"","overlay-gradient":""},"tablet":{"background-color":"var(--ast-global-color-5)","background-image":"","background-repeat":"repeat","background-position":"center center","background-size":"auto","background-attachment":"scroll","background-type":"","background-media":"","overlay-type":"","overlay-color":"","overlay-opacity":"","overlay-gradient":""},"mobile":{"background-color":"var(--ast-global-color-5)","background-image":"","background-repeat":"repeat","background-position":"center center","background-size":"auto","background-attachment":"scroll","background-type":"","background-media":"","overlay-type":"","overlay-color":"","overlay-opacity":"","overlay-gradient":""}},"footnotes":""},"class_list":["post-273","page","type-page","status-publish","hentry"],"_links":{"self":[{"href":"https:\/\/www.wonzh.com\/pt\/wp-json\/wp\/v2\/pages\/273","targetHints":{"allow":["GET"]}}],"collection":[{"href":"https:\/\/www.wonzh.com\/pt\/wp-json\/wp\/v2\/pages"}],"about":[{"href":"https:\/\/www.wonzh.com\/pt\/wp-json\/wp\/v2\/types\/page"}],"author":[{"embeddable":true,"href":"https:\/\/www.wonzh.com\/pt\/wp-json\/wp\/v2\/users\/1"}],"replies":[{"embeddable":true,"href":"https:\/\/www.wonzh.com\/pt\/wp-json\/wp\/v2\/comments?post=273"}],"version-history":[{"count":10,"href":"https:\/\/www.wonzh.com\/pt\/wp-json\/wp\/v2\/pages\/273\/revisions"}],"predecessor-version":[{"id":1384,"href":"https:\/\/www.wonzh.com\/pt\/wp-json\/wp\/v2\/pages\/273\/revisions\/1384"}],"wp:attachment":[{"href":"https:\/\/www.wonzh.com\/pt\/wp-json\/wp\/v2\/media?parent=273"}],"curies":[{"name":"wp","href":"https:\/\/api.w.org\/{rel}","templated":true}]}}