{"id":2153,"date":"2026-04-29T15:31:51","date_gmt":"2026-04-29T15:31:51","guid":{"rendered":"https:\/\/www.wonzh.com\/?post_type=product&#038;p=2153"},"modified":"2026-04-29T15:31:53","modified_gmt":"2026-04-29T15:31:53","slug":"zgs13-wind-solar-power-pad-mounted-step-up-transformer-0-69kv-to-10kv-35kv-compact-substation-transformer-for-renewable-energy-systems","status":"publish","type":"product","link":"https:\/\/www.wonzh.com\/pl\/product\/zgs13-wind-solar-power-pad-mounted-step-up-transformer-0-69kv-to-10kv-35kv-compact-substation-transformer-for-renewable-energy-systems\/","title":{"rendered":"ZGS13 Wiatrowy i s\u0142oneczny transformator step-up (0,69kV do 10kV \/ 35kV kompaktowy transformator podstacyjny dla system\u00f3w energii odnawialnej)"},"content":{"rendered":"<p data-start=\"283\" data-end=\"466\">Dedykowany transformator podwy\u017cszaj\u0105cy mocy wiatrowej i s\u0142onecznej serii ZGS13 to zintegrowany kompaktowy transformator typu podstacyjnego przeznaczony do system\u00f3w wytwarzania energii odnawialnej.<\/p>\n<p data-start=\"468\" data-end=\"532\">\u0141\u0105czy on nast\u0119puj\u0105ce komponenty w jedn\u0105 kompaktow\u0105 struktur\u0119:<\/p>\n<ul data-start=\"533\" data-end=\"630\">\n<li data-section-id=\"159gwlz\" data-start=\"533\" data-end=\"565\">Rdze\u0144 i uzwojenie transformatora<\/li>\n<li data-section-id=\"1nd1vfv\" data-start=\"566\" data-end=\"580\">Rozdzielnica<\/li>\n<li data-section-id=\"1gutmwu\" data-start=\"581\" data-end=\"590\">Bezpieczniki<\/li>\n<li data-section-id=\"1b2jgah\" data-start=\"591\" data-end=\"606\">Prze\u0142\u0105cznik zaczep\u00f3w<\/li>\n<li data-section-id=\"1d1nt9k\" data-start=\"607\" data-end=\"630\">Wyposa\u017cenie dodatkowe<\/li>\n<\/ul>\n<p data-start=\"632\" data-end=\"762\">Jednostka wykorzystuje olej izolacyjny transformatora zar\u00f3wno jako izolacj\u0119, jak i medium ch\u0142odz\u0105ce, zapewniaj\u0105c wysok\u0105 wydajno\u015b\u0107 i stabiln\u0105 prac\u0119.<\/p>\n<p data-start=\"764\" data-end=\"889\">Jest przeznaczony do konwersji generowanej mocy z:<br \/>\n\ud83d\udc49 0,69 kV (0,27-1,14 kV)<br data-start=\"839\" data-end=\"842\" \/>do<br data-start=\"846\" data-end=\"849\" \/>Poziom \u015bredniego napi\u0119cia 10kV lub 35kV<\/p>\n<p data-start=\"891\" data-end=\"954\">do transmisji sieciowej za pomoc\u0105 kabli podziemnych lub linii napowietrznych.<\/p>\n<hr data-start=\"956\" data-end=\"959\" \/>\n<h2 data-section-id=\"lmz2ep\" data-start=\"961\" data-end=\"984\">Zakres zastosowania<\/h2>\n<p data-start=\"986\" data-end=\"1001\">Szeroko stosowany w:<\/p>\n<ul data-start=\"1002\" data-end=\"1152\">\n<li data-section-id=\"2kgmpf\" data-start=\"1002\" data-end=\"1035\">Systemy wytwarzania energii wiatrowej<\/li>\n<li data-section-id=\"aj1s75\" data-start=\"1036\" data-end=\"1076\">Elektrownie fotowoltaiczne (PV)<\/li>\n<li data-section-id=\"x0107k\" data-start=\"1077\" data-end=\"1120\">Stacje gromadzenia energii odnawialnej<\/li>\n<li data-section-id=\"dyo4pr\" data-start=\"1121\" data-end=\"1152\">Projekty energii rozproszonej<\/li>\n<\/ul>\n<hr data-start=\"1154\" data-end=\"1157\" \/>\n<h2 data-section-id=\"17fvu7l\" data-start=\"1159\" data-end=\"1177\">Najwa\u017cniejsze cechy<\/h2>\n<h3 data-section-id=\"8xngy4\" data-start=\"1179\" data-end=\"1209\">Wysoce zintegrowana konstrukcja<\/h3>\n<ul data-start=\"1210\" data-end=\"1338\">\n<li data-section-id=\"18mz8ju\" data-start=\"1210\" data-end=\"1282\">Transformator + rozdzielnica + urz\u0105dzenia zabezpieczaj\u0105ce zintegrowane w jednym urz\u0105dzeniu<\/li>\n<li data-section-id=\"h1zq8k\" data-start=\"1283\" data-end=\"1338\">Kompaktowa konstrukcja odpowiednia do instalacji na zewn\u0105trz<\/li>\n<\/ul>\n<p data-start=\"1340\" data-end=\"1392\">Zmniejsza z\u0142o\u017cono\u015b\u0107 systemu i koszty instalacji<\/p>\n<hr data-start=\"1394\" data-end=\"1397\" \/>\n<h3 data-section-id=\"13rpt0v\" data-start=\"1399\" data-end=\"1429\">Konwersja mocy Step-Up<\/h3>\n<ul data-start=\"1430\" data-end=\"1532\">\n<li data-section-id=\"n0iuwa\" data-start=\"1430\" data-end=\"1490\">Przekszta\u0142ca moc wyj\u015bciow\u0105 niskiego napi\u0119cia na \u015brednie napi\u0119cie<\/li>\n<li data-section-id=\"1udo1p2\" data-start=\"1491\" data-end=\"1532\">Obs\u0142uguje wymagania dotycz\u0105ce pod\u0142\u0105czenia do sieci<\/li>\n<\/ul>\n<p data-start=\"1534\" data-end=\"1590\">Niezb\u0119dne dla system\u00f3w przesy\u0142u energii odnawialnej<\/p>\n<hr data-start=\"1592\" data-end=\"1595\" \/>\n<h3 data-section-id=\"dsrx6t\" data-start=\"1597\" data-end=\"1643\">Zanurzony w oleju system izolacji i ch\u0142odzenia<\/h3>\n<ul data-start=\"1644\" data-end=\"1734\">\n<li data-section-id=\"13xv2st\" data-start=\"1644\" data-end=\"1734\">Wykorzystuje olej izolacyjny jako:\n<ul data-start=\"1672\" data-end=\"1734\">\n<li data-section-id=\"s7zkff\" data-start=\"1672\" data-end=\"1704\">\u015arodek izolacji elektrycznej<\/li>\n<li data-section-id=\"m3lgqs\" data-start=\"1707\" data-end=\"1734\">Medium rozpraszaj\u0105ce ciep\u0142o<\/li>\n<\/ul>\n<\/li>\n<\/ul>\n<p data-start=\"1736\" data-end=\"1775\">Zapewnia stabiln\u0105 prac\u0119 przez d\u0142ugi czas<\/p>\n<hr data-start=\"1777\" data-end=\"1780\" \/>\n<h3 data-section-id=\"q0elz3\" data-start=\"1782\" data-end=\"1823\">Szybka instalacja i \u0142atwe wdro\u017cenie<\/h3>\n<ul data-start=\"1824\" data-end=\"1894\">\n<li data-section-id=\"1oiyy76\" data-start=\"1824\" data-end=\"1856\">Fabrycznie zmontowana konstrukcja<\/li>\n<li data-section-id=\"8zqbpt\" data-start=\"1857\" data-end=\"1894\">Minimalne prace instalacyjne na miejscu<\/li>\n<\/ul>\n<p data-start=\"1896\" data-end=\"1938\">Idealny dla odleg\u0142ych farm wiatrowych i s\u0142onecznych<\/p>\n<hr data-start=\"1940\" data-end=\"1943\" \/>\n<h3 data-section-id=\"1ney3w6\" data-start=\"1945\" data-end=\"1976\">Wysokie bezpiecze\u0144stwo i niezawodno\u015b\u0107<\/h3>\n<ul data-start=\"1977\" data-end=\"2059\">\n<li data-section-id=\"18wyaby\" data-start=\"1977\" data-end=\"2005\">W pe\u0142ni zamkni\u0119ta konstrukcja<\/li>\n<li data-section-id=\"1yfbqna\" data-start=\"2006\" data-end=\"2059\">Zintegrowany system ochrony (bezpieczniki + rozdzielnica)<\/li>\n<\/ul>\n<p data-start=\"2061\" data-end=\"2105\">Odpowiedni do trudnych warunk\u00f3w zewn\u0119trznych<\/p>\n<hr data-start=\"2107\" data-end=\"2110\" \/>\n<h3 data-section-id=\"1ukkhrg\" data-start=\"2112\" data-end=\"2149\">Energooszcz\u0119dne i przyjazne dla \u015brodowiska<\/h3>\n<ul data-start=\"2150\" data-end=\"2242\">\n<li data-section-id=\"10oncp9\" data-start=\"2150\" data-end=\"2169\">Konstrukcja o niskich stratach<\/li>\n<li data-section-id=\"19wmozq\" data-start=\"2170\" data-end=\"2203\">Zoptymalizowana wydajno\u015b\u0107 termiczna<\/li>\n<li data-section-id=\"14ijk6v\" data-start=\"2204\" data-end=\"2242\">Dzia\u0142anie przyjazne dla \u015brodowiska<\/li>\n<\/ul>\n<hr data-start=\"2244\" data-end=\"2247\" \/>\n<h3 data-section-id=\"mvgs39\" data-start=\"2249\" data-end=\"2285\">Elastyczna konfiguracja napi\u0119cia<\/h3>\n<p data-start=\"2286\" data-end=\"2295\">Wsparcie:<\/p>\n<ul data-start=\"2296\" data-end=\"2363\">\n<li data-section-id=\"mzelvn\" data-start=\"2296\" data-end=\"2332\">Napi\u0119cie wej\u015bciowe 0,69 kV (zakres 0,27-1,14 kV)<\/li>\n<li data-section-id=\"11dvkj3\" data-start=\"2333\" data-end=\"2363\">Opcje wyj\u015bcia 10kV \/ 35kV<\/li>\n<\/ul>\n<hr data-start=\"2365\" data-end=\"2368\" \/>\n<h2 data-section-id=\"149biba\" data-start=\"2370\" data-end=\"2393\">Zasada dzia\u0142ania<\/h2>\n<ol data-start=\"2395\" data-end=\"2716\">\n<li data-section-id=\"4w3r9l\" data-start=\"2395\" data-end=\"2477\">Energia elektryczna generowana przez turbiny wiatrowe lub falowniki fotowoltaiczne trafia do transformatora<\/li>\n<li data-section-id=\"1s3j0n7\" data-start=\"2478\" data-end=\"2539\">Napi\u0119cie jest zwi\u0119kszane z niskiego napi\u0119cia do \u015bredniego napi\u0119cia<\/li>\n<li data-section-id=\"asu5i3\" data-start=\"2540\" data-end=\"2641\">Zasilanie jest przesy\u0142ane do systemu gromadzenia danych za po\u015brednictwem\n<ul data-start=\"2597\" data-end=\"2641\">\n<li data-section-id=\"1y41j33\" data-start=\"2597\" data-end=\"2619\">Kable podziemne<\/li>\n<li data-section-id=\"1yxobhv\" data-start=\"2623\" data-end=\"2641\">Linie napowietrzne<\/li>\n<\/ul>\n<\/li>\n<li data-section-id=\"fb5a62\" data-start=\"2642\" data-end=\"2716\">Energia jest dostarczana do podstacji wiatrowej\/solarnej w celu integracji z sieci\u0105.<\/li>\n<\/ol>\n<hr data-start=\"2718\" data-end=\"2721\" \/>\n<h2 data-section-id=\"1rg4wz9\" data-start=\"2723\" data-end=\"2747\">Podsumowanie zalet<\/h2>\n<ul data-start=\"2749\" data-end=\"3022\">\n<li data-section-id=\"223ev8\" data-start=\"2749\" data-end=\"2807\">Kompaktowa, zintegrowana konstrukcja dla system\u00f3w energii odnawialnej<\/li>\n<li data-section-id=\"3v4amq\" data-start=\"2808\" data-end=\"2847\">Szybka instalacja i uruchomienie<\/li>\n<li data-section-id=\"1kyl9qx\" data-start=\"2848\" data-end=\"2891\">Wysoka niezawodno\u015b\u0107 i bezpiecze\u0144stwo pracy<\/li>\n<li data-section-id=\"1o44870\" data-start=\"2892\" data-end=\"2935\">Nadaje si\u0119 do trudnych warunk\u00f3w zewn\u0119trznych<\/li>\n<li data-section-id=\"5k48t5\" data-start=\"2936\" data-end=\"2980\">Obs\u0142uguje wymagania dotycz\u0105ce napi\u0119cia na poziomie sieci<\/li>\n<li data-section-id=\"18rnbjv\" data-start=\"2981\" data-end=\"3022\">Niskie koszty utrzymania i d\u0142uga \u017cywotno\u015b\u0107<\/li>\n<\/ul>\n<hr data-start=\"3024\" data-end=\"3027\" \/>\n<h1 data-section-id=\"1lxd8kj\" data-start=\"3029\" data-end=\"3036\">FAQ<\/h1>\n<h3 data-section-id=\"16tdf6s\" data-start=\"3038\" data-end=\"3091\">1\ufe0f\u20e3 Do czego s\u0142u\u017cy transformator podwy\u017cszaj\u0105cy ZGS13?<\/h3>\n<p data-start=\"3093\" data-end=\"3211\">S\u0142u\u017cy do:<br \/>\nZwi\u0119kszenie napi\u0119cia z system\u00f3w wytwarzania energii wiatrowej lub s\u0142onecznej do poziomu sieci przesy\u0142owej (10 kV lub 35 kV).<\/p>\n<hr data-start=\"3213\" data-end=\"3216\" \/>\n<h3 data-section-id=\"6385e5\" data-start=\"3218\" data-end=\"3248\">2\ufe0f\u20e3 Gdzie jest zainstalowany?<\/h3>\n<p data-start=\"3250\" data-end=\"3273\">Jest powszechnie stosowany w:<\/p>\n<ul data-start=\"3274\" data-end=\"3347\">\n<li data-section-id=\"1ryn0s7\" data-start=\"3274\" data-end=\"3288\">Farmy wiatrowe<\/li>\n<li data-section-id=\"igs886\" data-start=\"3289\" data-end=\"3314\">Elektrownie fotowoltaiczne<\/li>\n<li data-section-id=\"1aribom\" data-start=\"3315\" data-end=\"3347\">Podstacje energii odnawialnej<\/li>\n<\/ul>\n<hr data-start=\"3349\" data-end=\"3352\" \/>\n<h3 data-section-id=\"eaniav\" data-start=\"3354\" data-end=\"3412\">3\ufe0f\u20e3 Dlaczego nazywany jest kompaktowym transformatorem podstacji?<\/h3>\n<p data-start=\"3414\" data-end=\"3436\">Poniewa\u017c integruje si\u0119:<\/p>\n<ul data-start=\"3437\" data-end=\"3490\">\n<li data-section-id=\"1c2mxqr\" data-start=\"3437\" data-end=\"3452\">Transformator<\/li>\n<li data-section-id=\"1nd1vfv\" data-start=\"3453\" data-end=\"3467\">Rozdzielnica<\/li>\n<li data-section-id=\"9lz69s\" data-start=\"3468\" data-end=\"3490\">Urz\u0105dzenia zabezpieczaj\u0105ce<\/li>\n<\/ul>\n<p data-start=\"3492\" data-end=\"3524\">W jedn\u0105 prefabrykowan\u0105 jednostk\u0119<\/p>\n<hr data-start=\"3526\" data-end=\"3529\" \/>\n<h3 data-section-id=\"kdbnzc\" data-start=\"3531\" data-end=\"3592\">4\ufe0f\u20e3 Co sprawia, \u017ce nadaje si\u0119 do projekt\u00f3w zwi\u0105zanych z energi\u0105 odnawialn\u0105?<\/h3>\n<ul data-start=\"3594\" data-end=\"3686\">\n<li data-section-id=\"5svd5d\" data-start=\"3594\" data-end=\"3613\">Szybkie wdro\u017cenie<\/li>\n<li data-section-id=\"4sp4nl\" data-start=\"3614\" data-end=\"3636\">Trwa\u0142o\u015b\u0107 na zewn\u0105trz<\/li>\n<li data-section-id=\"1cqlean\" data-start=\"3637\" data-end=\"3666\">Stabilna konwersja napi\u0119cia<\/li>\n<li data-section-id=\"1s8wp6p\" data-start=\"3667\" data-end=\"3686\">Niskie koszty utrzymania<\/li>\n<\/ul>\n<hr data-start=\"3688\" data-end=\"3691\" \/>\n<h3 data-section-id=\"e1lsee\" data-start=\"3693\" data-end=\"3725\">5\ufe0f\u20e3 Czy wykorzystuje ch\u0142odzenie olejem?<\/h3>\n<p data-start=\"3727\" data-end=\"3794\">Tak, u\u017cywa:<br \/>\nOlej izolacyjny do ch\u0142odzenia i izolacji<\/p>","protected":false},"excerpt":{"rendered":"<p data-start=\"283\" data-end=\"466\">Dedykowany transformator podwy\u017cszaj\u0105cy mocy wiatrowej i s\u0142onecznej serii ZGS13 to zintegrowany kompaktowy transformator typu podstacyjnego przeznaczony do system\u00f3w wytwarzania energii odnawialnej.<\/p>\n<p data-start=\"468\" data-end=\"532\">\u0141\u0105czy on nast\u0119puj\u0105ce komponenty w jedn\u0105 kompaktow\u0105 struktur\u0119:<\/p>\n<ul data-start=\"533\" data-end=\"630\">\n<li data-section-id=\"159gwlz\" data-start=\"533\" data-end=\"565\">Rdze\u0144 i uzwojenie transformatora<\/li>\n<li data-section-id=\"1nd1vfv\" data-start=\"566\" data-end=\"580\">Rozdzielnica<\/li>\n<li data-section-id=\"1gutmwu\" data-start=\"581\" data-end=\"590\">Bezpieczniki<\/li>\n<li data-section-id=\"1b2jgah\" data-start=\"591\" data-end=\"606\">Prze\u0142\u0105cznik zaczep\u00f3w<\/li>\n<li data-section-id=\"1d1nt9k\" data-start=\"607\" data-end=\"630\">Wyposa\u017cenie dodatkowe<\/li>\n<\/ul>","protected":false},"featured_media":2154,"comment_status":"open","ping_status":"closed","template":"","meta":{"site-sidebar-layout":"default","site-content-layout":"","ast-site-content-layout":"default","site-content-style":"default","site-sidebar-style":"default","ast-global-header-display":"","ast-banner-title-visibility":"","ast-main-header-display":"","ast-hfb-above-header-display":"","ast-hfb-below-header-display":"","ast-hfb-mobile-header-display":"","site-post-title":"","ast-breadcrumbs-content":"","ast-featured-img":"","footer-sml-layout":"","ast-disable-related-posts":"","theme-transparent-header-meta":"default","adv-header-id-meta":"","stick-header-meta":"","header-above-stick-meta":"","header-main-stick-meta":"","header-below-stick-meta":"","astra-migrate-meta-layouts":"set","ast-page-background-enabled":"default","ast-page-background-meta":{"desktop":{"background-color":"","background-image":"","background-repeat":"repeat","background-position":"center center","background-size":"auto","background-attachment":"scroll","background-type":"","background-media":"","overlay-type":"","overlay-color":"","overlay-opacity":"","overlay-gradient":""},"tablet":{"background-color":"","background-image":"","background-repeat":"repeat","background-position":"center center","background-size":"auto","background-attachment":"scroll","background-type":"","background-media":"","overlay-type":"","overlay-color":"","overlay-opacity":"","overlay-gradient":""},"mobile":{"background-color":"","background-image":"","background-repeat":"repeat","background-position":"center center","background-size":"auto","background-attachment":"scroll","background-type":"","background-media":"","overlay-type":"","overlay-color":"","overlay-opacity":"","overlay-gradient":""}},"ast-content-background-meta":{"desktop":{"background-color":"var(--ast-global-color-5)","background-image":"","background-repeat":"repeat","background-position":"center center","background-size":"auto","background-attachment":"scroll","background-type":"","background-media":"","overlay-type":"","overlay-color":"","overlay-opacity":"","overlay-gradient":""},"tablet":{"background-color":"var(--ast-global-color-5)","background-image":"","background-repeat":"repeat","background-position":"center center","background-size":"auto","background-attachment":"scroll","background-type":"","background-media":"","overlay-type":"","overlay-color":"","overlay-opacity":"","overlay-gradient":""},"mobile":{"background-color":"var(--ast-global-color-5)","background-image":"","background-repeat":"repeat","background-position":"center center","background-size":"auto","background-attachment":"scroll","background-type":"","background-media":"","overlay-type":"","overlay-color":"","overlay-opacity":"","overlay-gradient":""}}},"product_brand":[],"product_cat":[2036,2032],"product_tag":[2156,2157,2160,2159,2155,2158,2162,2154,2161,2153,2152],"class_list":{"0":"post-2153","1":"product","2":"type-product","3":"status-publish","4":"has-post-thumbnail","6":"product_cat-renewable-energy-products","7":"product_cat-electrical-equipment","8":"product_tag-0-69kv-to-10kv-transformer","9":"product_tag-35kv-step-up-transformer","10":"product_tag-compact-substation-transformer","11":"product_tag-pad-mounted-transformer","12":"product_tag-pv-substation-transformer","13":"product_tag-renewable-energy-transformer","14":"product_tag-solar-power-equipment","15":"product_tag-solar-step-up-transformer","16":"product_tag-wind-farm-electrical-equipment","17":"product_tag-wind-power-transformer","18":"product_tag-zgs13-transformer","19":"desktop-align-left","20":"tablet-align-left","21":"mobile-align-left","23":"first","24":"instock","25":"shipping-taxable","26":"product-type-simple"},"_links":{"self":[{"href":"https:\/\/www.wonzh.com\/pl\/wp-json\/wp\/v2\/product\/2153","targetHints":{"allow":["GET"]}}],"collection":[{"href":"https:\/\/www.wonzh.com\/pl\/wp-json\/wp\/v2\/product"}],"about":[{"href":"https:\/\/www.wonzh.com\/pl\/wp-json\/wp\/v2\/types\/product"}],"replies":[{"embeddable":true,"href":"https:\/\/www.wonzh.com\/pl\/wp-json\/wp\/v2\/comments?post=2153"}],"wp:featuredmedia":[{"embeddable":true,"href":"https:\/\/www.wonzh.com\/pl\/wp-json\/wp\/v2\/media\/2154"}],"wp:attachment":[{"href":"https:\/\/www.wonzh.com\/pl\/wp-json\/wp\/v2\/media?parent=2153"}],"wp:term":[{"taxonomy":"product_brand","embeddable":true,"href":"https:\/\/www.wonzh.com\/pl\/wp-json\/wp\/v2\/product_brand?post=2153"},{"taxonomy":"product_cat","embeddable":true,"href":"https:\/\/www.wonzh.com\/pl\/wp-json\/wp\/v2\/product_cat?post=2153"},{"taxonomy":"product_tag","embeddable":true,"href":"https:\/\/www.wonzh.com\/pl\/wp-json\/wp\/v2\/product_tag?post=2153"}],"curies":[{"name":"wp","href":"https:\/\/api.w.org\/{rel}","templated":true}]}}