{"id":2151,"date":"2026-04-29T15:21:33","date_gmt":"2026-04-29T15:21:33","guid":{"rendered":"https:\/\/www.wonzh.com\/?post_type=product&#038;p=2151"},"modified":"2026-04-29T15:21:35","modified_gmt":"2026-04-29T15:21:35","slug":"hybrydowa-podstacja-kompaktowa-serii-ybh-10kv-35kv-prefabrykowana-podstacja-do-dystrybucji-energii-slonecznej-i-wiatrowej","status":"publish","type":"product","link":"https:\/\/www.wonzh.com\/pl\/product\/ybh-series-hybrid-compact-substation-10kv-35kv-prefabricated-substation-for-solar-wind-power-distribution\/","title":{"rendered":"Hybrydowa podstacja kompaktowa serii YBH (prefabrykowana podstacja 10kV\/35kV do dystrybucji energii s\u0142onecznej i wiatrowej)"},"content":{"rendered":"<p data-start=\"252\" data-end=\"450\">Hybrydowa podstacja kompaktowa serii YBH to innowacyjna prefabrykowana podstacja, kt\u00f3ra \u0142\u0105czy w sobie zalety podstacji kompaktowych typu ameryka\u0144skiego (montowanych na podk\u0142adach) i europejskiego.<\/p>\n<p data-start=\"452\" data-end=\"611\">W przeciwie\u0144stwie do tradycyjnych konstrukcji, seria YBH przyjmuje unikaln\u0105 struktur\u0119 po\u0142\u0105cze\u0144 wysokiego napi\u0119cia z zastrze\u017con\u0105 technologi\u0105, zapewniaj\u0105c doskona\u0142\u0105 r\u00f3wnowag\u0119:<\/p>\n<p data-start=\"613\" data-end=\"689\">Bezpiecze\u0144stwo<br data-start=\"622\" data-end=\"625\" \/>Niezawodno\u015b\u0107<br data-start=\"639\" data-end=\"642\" \/>Elastyczno\u015b\u0107<br data-start=\"656\" data-end=\"659\" \/>Wydajno\u015b\u0107 \u015brodowiskowa<\/p>\n<p data-start=\"691\" data-end=\"712\">Jest szeroko stosowany w:<\/p>\n<ul data-start=\"713\" data-end=\"811\">\n<li data-section-id=\"1w4tyzr\" data-start=\"713\" data-end=\"744\">Elektrownie s\u0142oneczne (PV)<\/li>\n<li data-section-id=\"z32h6d\" data-start=\"745\" data-end=\"771\">Systemy energii wiatrowej<\/li>\n<li data-section-id=\"1xsivcn\" data-start=\"772\" data-end=\"811\">Sieci dystrybucyjne 10kV \/ 35kV<\/li>\n<\/ul>\n<hr data-start=\"813\" data-end=\"816\" \/>\n<h2 data-section-id=\"17fvu7l\" data-start=\"818\" data-end=\"836\">Najwa\u017cniejsze cechy<\/h2>\n<h3 data-section-id=\"p055a8\" data-start=\"838\" data-end=\"893\">Hybrydowy design (najlepsze ameryka\u0144skie i europejskie typy)<\/h3>\n<ul data-start=\"894\" data-end=\"996\">\n<li data-section-id=\"1ravmmf\" data-start=\"894\" data-end=\"941\">\u0141\u0105czy kompaktow\u0105 struktur\u0119 typu ameryka\u0144skiego<\/li>\n<li data-section-id=\"h5akx7\" data-start=\"942\" data-end=\"996\">Integruje elastyczn\u0105 konfiguracj\u0119 typu europejskiego<\/li>\n<\/ul>\n<p data-start=\"998\" data-end=\"1048\">Zoptymalizowany pod k\u0105tem nowoczesnych potrzeb dystrybucji energii<\/p>\n<hr data-start=\"1050\" data-end=\"1053\" \/>\n<h3 data-section-id=\"jwo2v2\" data-start=\"1055\" data-end=\"1107\">Opatentowana technologia po\u0142\u0105cze\u0144 wysokonapi\u0119ciowych<\/h3>\n<ul data-start=\"1108\" data-end=\"1180\">\n<li data-section-id=\"eeyv5\" data-start=\"1108\" data-end=\"1139\">Unikalna konstrukcja po\u0142\u0105czenia HV<\/li>\n<li data-section-id=\"1neig4x\" data-start=\"1140\" data-end=\"1180\">Zwi\u0119kszona stabilno\u015b\u0107 i bezpiecze\u0144stwo systemu<\/li>\n<\/ul>\n<p data-start=\"1182\" data-end=\"1232\">Zr\u00f3\u017cnicowana przewaga produktowa dla projekt\u00f3w<\/p>\n<hr data-start=\"1234\" data-end=\"1237\" \/>\n<h3 data-section-id=\"1mr7066\" data-start=\"1239\" data-end=\"1279\">Zintegrowana konstrukcja prefabrykowana<\/h3>\n<ul data-start=\"1280\" data-end=\"1350\">\n<li data-section-id=\"kygouv\" data-start=\"1280\" data-end=\"1324\">Transformator + system WN + NN w jednym urz\u0105dzeniu<\/li>\n<li data-section-id=\"y5las0\" data-start=\"1325\" data-end=\"1350\">Fabrycznie zmontowany<\/li>\n<\/ul>\n<p data-start=\"1352\" data-end=\"1390\">\ud83d\udc49 Skraca czas instalacji u klienta<\/p>\n<hr data-start=\"1392\" data-end=\"1395\" \/>\n<h3 data-section-id=\"1ney3w6\" data-start=\"1397\" data-end=\"1428\">Wysokie bezpiecze\u0144stwo i niezawodno\u015b\u0107<\/h3>\n<ul data-start=\"1429\" data-end=\"1488\">\n<li data-section-id=\"18wyaby\" data-start=\"1429\" data-end=\"1457\">W pe\u0142ni zamkni\u0119ta konstrukcja<\/li>\n<li data-section-id=\"eqylk7\" data-start=\"1458\" data-end=\"1488\">Kompletny system ochrony<\/li>\n<\/ul>\n<p data-start=\"1490\" data-end=\"1534\">Odpowiedni do trudnych warunk\u00f3w zewn\u0119trznych<\/p>\n<hr data-start=\"1536\" data-end=\"1539\" \/>\n<h3 data-section-id=\"1ep4gse\" data-start=\"1541\" data-end=\"1569\">Kompaktowo\u015b\u0107 i oszcz\u0119dno\u015b\u0107 miejsca<\/h3>\n<ul data-start=\"1570\" data-end=\"1678\">\n<li data-section-id=\"1kzytt9\" data-start=\"1570\" data-end=\"1627\">Mniejsza powierzchnia w por\u00f3wnaniu do tradycyjnych podstacji<\/li>\n<li data-section-id=\"1bdhfgw\" data-start=\"1628\" data-end=\"1678\">Idealny dla miejskich i rozproszonych system\u00f3w energetycznych<\/li>\n<\/ul>\n<hr data-start=\"1680\" data-end=\"1683\" \/>\n<h3 data-section-id=\"nixv8q\" data-start=\"1685\" data-end=\"1722\">Konstrukcja przyjazna dla \u015brodowiska<\/h3>\n<ul data-start=\"1723\" data-end=\"1802\">\n<li data-section-id=\"16visxu\" data-start=\"1723\" data-end=\"1736\">Niski poziom ha\u0142asu<\/li>\n<li data-section-id=\"xnrp06\" data-start=\"1737\" data-end=\"1771\">Zmniejszony wp\u0142yw elektromagnetyczny<\/li>\n<li data-section-id=\"fwrxgr\" data-start=\"1772\" data-end=\"1802\">Energooszcz\u0119dne dzia\u0142anie<\/li>\n<\/ul>\n<p data-start=\"1804\" data-end=\"1843\">Odpowiedni dla projekt\u00f3w zwi\u0105zanych z zielon\u0105 energi\u0105<\/p>\n<hr data-start=\"1845\" data-end=\"1848\" \/>\n<h2 data-section-id=\"1hq6i26\" data-start=\"1850\" data-end=\"1873\">Projektowanie strukturalne<\/h2>\n<h3 data-section-id=\"18zdobt\" data-start=\"1875\" data-end=\"1899\">Jednostka wysokiego napi\u0119cia<\/h3>\n<ul data-start=\"1900\" data-end=\"1965\">\n<li data-section-id=\"1vszvk\" data-start=\"1900\" data-end=\"1933\">Elastyczny schemat po\u0142\u0105cze\u0144 WN<\/li>\n<li data-section-id=\"wvv6oo\" data-start=\"1934\" data-end=\"1965\">Bezpieczne i niezawodne prze\u0142\u0105czanie<\/li>\n<\/ul>\n<hr data-start=\"1967\" data-end=\"1970\" \/>\n<h3 data-section-id=\"ebkzy6\" data-start=\"1972\" data-end=\"1995\">Jednostka transformatorowa<\/h3>\n<ul data-start=\"1996\" data-end=\"2071\">\n<li data-section-id=\"c29kbn\" data-start=\"1996\" data-end=\"2045\">Obs\u0142uguje transformator olejowy lub suchy<\/li>\n<li data-section-id=\"zfd45y\" data-start=\"2046\" data-end=\"2071\">Mo\u017cliwo\u015b\u0107 dostosowania pojemno\u015bci<\/li>\n<\/ul>\n<hr data-start=\"2073\" data-end=\"2076\" \/>\n<h3 data-section-id=\"1ts15o3\" data-start=\"2078\" data-end=\"2101\">Jednostka niskiego napi\u0119cia<\/h3>\n<ul data-start=\"2102\" data-end=\"2177\">\n<li data-section-id=\"1nhl37j\" data-start=\"2102\" data-end=\"2140\">System dystrybucji i ochrony<\/li>\n<li data-section-id=\"nc910x\" data-start=\"2141\" data-end=\"2177\">Integracja pomiar\u00f3w i sterowania<\/li>\n<\/ul>\n<hr data-start=\"2179\" data-end=\"2182\" \/>\n<h3 data-section-id=\"1m6twft\" data-start=\"2184\" data-end=\"2200\">Obudowa<\/h3>\n<ul data-start=\"2201\" data-end=\"2286\">\n<li data-section-id=\"1ut0yto\" data-start=\"2201\" data-end=\"2222\">Odporno\u015b\u0107 na warunki atmosferyczne<\/li>\n<li data-section-id=\"xvhfr1\" data-start=\"2223\" data-end=\"2248\">Konstrukcja antykorozyjna<\/li>\n<li data-section-id=\"1qum606\" data-start=\"2249\" data-end=\"2286\">Nadaje si\u0119 do instalacji na zewn\u0105trz<\/li>\n<\/ul>\n<hr data-start=\"2288\" data-end=\"2291\" \/>\n<h2 data-section-id=\"15du31k\" data-start=\"2293\" data-end=\"2311\">Aplikacje<\/h2>\n<p data-start=\"2313\" data-end=\"2357\">Hybrydowa podstacja YBH jest szeroko stosowana w:<\/p>\n<ul data-start=\"2359\" data-end=\"2542\">\n<li data-section-id=\"aj1s75\" data-start=\"2359\" data-end=\"2399\">Elektrownie fotowoltaiczne (PV)<\/li>\n<li data-section-id=\"pdj8ig\" data-start=\"2400\" data-end=\"2424\">Projekty zwi\u0105zane z energi\u0105 wiatrow\u0105<\/li>\n<li data-section-id=\"1oiocup\" data-start=\"2425\" data-end=\"2461\">Miejskie systemy dystrybucji energii<\/li>\n<li data-section-id=\"ikoknv\" data-start=\"2462\" data-end=\"2502\">Obiekty przemys\u0142owe i handlowe<\/li>\n<li data-section-id=\"gftaf6\" data-start=\"2503\" data-end=\"2542\">Projekty infrastrukturalne i u\u017cyteczno\u015bci publicznej<\/li>\n<\/ul>\n<hr data-start=\"2544\" data-end=\"2547\" \/>\n<h2 data-section-id=\"1rg4wz9\" data-start=\"2549\" data-end=\"2573\">Podsumowanie zalet<\/h2>\n<ul data-start=\"2575\" data-end=\"2866\">\n<li data-section-id=\"1gwl3b8\" data-start=\"2575\" data-end=\"2632\">Hybrydowa konstrukcja \u0142\u0105cz\u0105ca zalety podstacji USA i UE<\/li>\n<li data-section-id=\"2hkvtw\" data-start=\"2633\" data-end=\"2683\">Opatentowana technologia po\u0142\u0105cze\u0144 wysokonapi\u0119ciowych<\/li>\n<li data-section-id=\"17kae4n\" data-start=\"2684\" data-end=\"2728\">Kompaktowy, zintegrowany i \u0142atwy w instalacji<\/li>\n<li data-section-id=\"el1xvd\" data-start=\"2729\" data-end=\"2772\">Wysokie bezpiecze\u0144stwo i niezawodno\u015b\u0107 dzia\u0142ania<\/li>\n<li data-section-id=\"blvuyk\" data-start=\"2773\" data-end=\"2816\">Idealny do zastosowa\u0144 zwi\u0105zanych z energi\u0105 odnawialn\u0105<\/li>\n<li data-section-id=\"5i22eq\" data-start=\"2817\" data-end=\"2866\">Przyjazny dla \u015brodowiska i energooszcz\u0119dny<\/li>\n<\/ul>\n<hr data-start=\"2868\" data-end=\"2871\" \/>\n<h1 data-section-id=\"1lxd8kj\" data-start=\"2873\" data-end=\"2880\">FAQ<\/h1>\n<h3 data-section-id=\"z3zs38\" data-start=\"2882\" data-end=\"2922\">1\ufe0f\u20e3 Co to jest podstacja hybrydowa YBH?<\/h3>\n<p data-start=\"2924\" data-end=\"3023\">Jest:<br \/>\nPrefabrykowana podstacja kompaktowa \u0142\u0105cz\u0105ca cechy typ\u00f3w ameryka\u0144skich i europejskich.<\/p>\n<hr data-start=\"3025\" data-end=\"3028\" \/>\n<h3 data-section-id=\"12cezs5\" data-start=\"3030\" data-end=\"3074\">2\ufe0f\u20e3 Jakie poziomy napi\u0119cia obs\u0142uguje?<\/h3>\n<p data-start=\"3076\" data-end=\"3128\">Zazwyczaj:<br \/>\nSystemy dystrybucyjne 10kV i 35kV<\/p>\n<hr data-start=\"3130\" data-end=\"3133\" \/>\n<h3 data-section-id=\"67s3uz\" data-start=\"3135\" data-end=\"3194\">3\ufe0f\u20e3 Co odr\u00f3\u017cnia YBH od standardowych podstacji?<\/h3>\n<ul data-start=\"3196\" data-end=\"3301\">\n<li data-section-id=\"1hj524x\" data-start=\"3196\" data-end=\"3216\">Struktura hybrydowa<\/li>\n<li data-section-id=\"whfq98\" data-start=\"3217\" data-end=\"3251\">Unikalne po\u0142\u0105czenie wysokonapi\u0119ciowe<\/li>\n<li data-section-id=\"111rkfh\" data-start=\"3252\" data-end=\"3301\">Lepsza r\u00f3wnowaga mi\u0119dzy kompaktowo\u015bci\u0105 i elastyczno\u015bci\u0105<\/li>\n<\/ul>\n<hr data-start=\"3303\" data-end=\"3306\" \/>\n<h3 data-section-id=\"1638i42\" data-start=\"3308\" data-end=\"3360\">4\ufe0f\u20e3 Czy mo\u017ce by\u0107 wykorzystywany w projektach zwi\u0105zanych z energi\u0105 odnawialn\u0105?<\/h3>\n<p data-start=\"3362\" data-end=\"3427\">Tak, jest szeroko stosowany w:<br \/>\nSystemy energii s\u0142onecznej (PV) i wiatrowej<\/p>\n<hr data-start=\"3429\" data-end=\"3432\" \/>\n<h3 data-section-id=\"zb1fot\" data-start=\"3434\" data-end=\"3461\">5\ufe0f\u20e3 Czy mo\u017cna go dostosowa\u0107?<\/h3>\n<p data-start=\"3463\" data-end=\"3480\">Tak, obs\u0142uguje:<\/p>\n<ul data-start=\"3481\" data-end=\"3574\">\n<li data-section-id=\"sbuquj\" data-start=\"3481\" data-end=\"3511\">Wyb\u00f3r typu transformatora<\/li>\n<li data-section-id=\"1aqod29\" data-start=\"3512\" data-end=\"3538\">Dostosowanie wydajno\u015bci<\/li>\n<li data-section-id=\"5l4zr8\" data-start=\"3539\" data-end=\"3574\">Projekt konfiguracji elektrycznej<\/li>\n<\/ul>","protected":false},"excerpt":{"rendered":"<p data-start=\"252\" data-end=\"450\">Hybrydowa podstacja kompaktowa serii YBH to innowacyjna prefabrykowana podstacja, kt\u00f3ra \u0142\u0105czy w sobie zalety podstacji kompaktowych typu ameryka\u0144skiego (montowanych na podk\u0142adach) i europejskiego.<\/p>\n<p data-start=\"452\" data-end=\"611\">W przeciwie\u0144stwie do tradycyjnych konstrukcji, seria YBH przyjmuje unikaln\u0105 struktur\u0119 po\u0142\u0105cze\u0144 wysokiego napi\u0119cia z zastrze\u017con\u0105 technologi\u0105, zapewniaj\u0105c doskona\u0142\u0105 r\u00f3wnowag\u0119:<\/p>","protected":false},"featured_media":2152,"comment_status":"open","ping_status":"closed","template":"","meta":{"site-sidebar-layout":"default","site-content-layout":"","ast-site-content-layout":"default","site-content-style":"default","site-sidebar-style":"default","ast-global-header-display":"","ast-banner-title-visibility":"","ast-main-header-display":"","ast-hfb-above-header-display":"","ast-hfb-below-header-display":"","ast-hfb-mobile-header-display":"","site-post-title":"","ast-breadcrumbs-content":"","ast-featured-img":"","footer-sml-layout":"","ast-disable-related-posts":"","theme-transparent-header-meta":"default","adv-header-id-meta":"","stick-header-meta":"","header-above-stick-meta":"","header-main-stick-meta":"","header-below-stick-meta":"","astra-migrate-meta-layouts":"set","ast-page-background-enabled":"default","ast-page-background-meta":{"desktop":{"background-color":"","background-image":"","background-repeat":"repeat","background-position":"center center","background-size":"auto","background-attachment":"scroll","background-type":"","background-media":"","overlay-type":"","overlay-color":"","overlay-opacity":"","overlay-gradient":""},"tablet":{"background-color":"","background-image":"","background-repeat":"repeat","background-position":"center center","background-size":"auto","background-attachment":"scroll","background-type":"","background-media":"","overlay-type":"","overlay-color":"","overlay-opacity":"","overlay-gradient":""},"mobile":{"background-color":"","background-image":"","background-repeat":"repeat","background-position":"center center","background-size":"auto","background-attachment":"scroll","background-type":"","background-media":"","overlay-type":"","overlay-color":"","overlay-opacity":"","overlay-gradient":""}},"ast-content-background-meta":{"desktop":{"background-color":"var(--ast-global-color-5)","background-image":"","background-repeat":"repeat","background-position":"center center","background-size":"auto","background-attachment":"scroll","background-type":"","background-media":"","overlay-type":"","overlay-color":"","overlay-opacity":"","overlay-gradient":""},"tablet":{"background-color":"var(--ast-global-color-5)","background-image":"","background-repeat":"repeat","background-position":"center center","background-size":"auto","background-attachment":"scroll","background-type":"","background-media":"","overlay-type":"","overlay-color":"","overlay-opacity":"","overlay-gradient":""},"mobile":{"background-color":"var(--ast-global-color-5)","background-image":"","background-repeat":"repeat","background-position":"center center","background-size":"auto","background-attachment":"scroll","background-type":"","background-media":"","overlay-type":"","overlay-color":"","overlay-opacity":"","overlay-gradient":""}}},"product_brand":[],"product_cat":[2032,2036],"product_tag":[2145,2146,2149,2144,2151,2150,2064,2147,2148,2143],"class_list":{"0":"post-2151","1":"product","2":"type-product","3":"status-publish","4":"has-post-thumbnail","6":"product_cat-electrical-equipment","7":"product_cat-renewable-energy-products","8":"product_tag-10kv-substation","9":"product_tag-35kv-substation","10":"product_tag-compact-transformer-substation","11":"product_tag-hybrid-compact-substation","12":"product_tag-outdoor-substation-equipment","13":"product_tag-power-distribution-substation","14":"product_tag-prefabricated-substation","15":"product_tag-solar-substation","16":"product_tag-wind-power-substation","17":"product_tag-ybh-substation","18":"desktop-align-left","19":"tablet-align-left","20":"mobile-align-left","22":"first","23":"instock","24":"shipping-taxable","25":"product-type-simple"},"_links":{"self":[{"href":"https:\/\/www.wonzh.com\/pl\/wp-json\/wp\/v2\/product\/2151","targetHints":{"allow":["GET"]}}],"collection":[{"href":"https:\/\/www.wonzh.com\/pl\/wp-json\/wp\/v2\/product"}],"about":[{"href":"https:\/\/www.wonzh.com\/pl\/wp-json\/wp\/v2\/types\/product"}],"replies":[{"embeddable":true,"href":"https:\/\/www.wonzh.com\/pl\/wp-json\/wp\/v2\/comments?post=2151"}],"wp:featuredmedia":[{"embeddable":true,"href":"https:\/\/www.wonzh.com\/pl\/wp-json\/wp\/v2\/media\/2152"}],"wp:attachment":[{"href":"https:\/\/www.wonzh.com\/pl\/wp-json\/wp\/v2\/media?parent=2151"}],"wp:term":[{"taxonomy":"product_brand","embeddable":true,"href":"https:\/\/www.wonzh.com\/pl\/wp-json\/wp\/v2\/product_brand?post=2151"},{"taxonomy":"product_cat","embeddable":true,"href":"https:\/\/www.wonzh.com\/pl\/wp-json\/wp\/v2\/product_cat?post=2151"},{"taxonomy":"product_tag","embeddable":true,"href":"https:\/\/www.wonzh.com\/pl\/wp-json\/wp\/v2\/product_tag?post=2151"}],"curies":[{"name":"wp","href":"https:\/\/api.w.org\/{rel}","templated":true}]}}