{"id":2140,"date":"2026-04-29T14:46:34","date_gmt":"2026-04-29T14:46:34","guid":{"rendered":"https:\/\/www.wonzh.com\/?post_type=product&#038;p=2140"},"modified":"2026-04-29T14:46:35","modified_gmt":"2026-04-29T14:46:35","slug":"xgn15-12-sf6-ring-main-unit-12kv-metal-enclosed-air-insulated-switchgear-for-power-distribution","status":"publish","type":"product","link":"https:\/\/www.wonzh.com\/pl\/product\/xgn15-12-sf6-ring-main-unit-12kv-metal-enclosed-air-insulated-switchgear-for-power-distribution\/","title":{"rendered":"XGN15-12 SF6 Ring Main Unit (rozdzielnica 12kV w metalowej obudowie z izolacj\u0105 powietrzn\u0105 do dystrybucji energii)"},"content":{"rendered":"<p data-start=\"244\" data-end=\"452\">Pier\u015bcieniowa jednostka g\u0142\u00f3wna (RMU) SF6 serii XGN15-12 to rozdzielnica \u015bredniego napi\u0119cia nowej generacji zaprojektowana z wy\u0142\u0105cznikami SF6 jako g\u0142\u00f3wnym elementem prze\u0142\u0105czaj\u0105cym i struktur\u0105 izolacji powietrznej.<\/p>\n<p data-start=\"454\" data-end=\"609\">Charakteryzuje si\u0119 kompaktow\u0105, modu\u0142ow\u0105 i rozszerzaln\u0105 konstrukcj\u0105, dzi\u0119ki czemu idealnie nadaje si\u0119 do nowoczesnych system\u00f3w dystrybucji energii w sieci pier\u015bcieniowej i podstacji ko\u0144cowych.<\/p>\n<p data-start=\"611\" data-end=\"638\">Rozdzielnica dzia\u0142a w:<\/p>\n<ul data-start=\"639\" data-end=\"696\">\n<li data-section-id=\"w0xwqv\" data-start=\"639\" data-end=\"668\">Cz\u0119stotliwo\u015b\u0107 znamionowa: 50 Hz<\/li>\n<li data-section-id=\"1hfgq88\" data-start=\"669\" data-end=\"696\">Napi\u0119cie znamionowe: 12 kV<\/li>\n<\/ul>\n<p data-start=\"698\" data-end=\"845\">Jest szeroko stosowany w miejskich i przemys\u0142owych sieciach dystrybucji energii, zw\u0142aszcza w systemach pier\u015bcieni kablowych i aplikacjach zasilania terminali.<\/p>\n<hr data-start=\"847\" data-end=\"850\" \/>\n<h2 data-section-id=\"17fvu7l\" data-start=\"852\" data-end=\"870\">Najwa\u017cniejsze cechy<\/h2>\n<h3 data-section-id=\"17n3pcd\" data-start=\"872\" data-end=\"902\">Kompaktowa i modu\u0142owa konstrukcja<\/h3>\n<ul data-start=\"903\" data-end=\"974\">\n<li data-section-id=\"1exxsfo\" data-start=\"903\" data-end=\"922\">Ma\u0142y \u015blad<\/li>\n<li data-section-id=\"1pg46p\" data-start=\"923\" data-end=\"947\">Struktura z mo\u017cliwo\u015bci\u0105 rozbudowy<\/li>\n<li data-section-id=\"1lwy1yl\" data-start=\"948\" data-end=\"974\">Elastyczna konfiguracja<\/li>\n<\/ul>\n<p data-start=\"976\" data-end=\"1018\">Idealny do instalacji o ograniczonej przestrzeni<\/p>\n<hr data-start=\"1020\" data-end=\"1023\" \/>\n<h3 data-section-id=\"1rmabi4\" data-start=\"1025\" data-end=\"1063\">Technologia SF6 Load Break Switch<\/h3>\n<ul data-start=\"1064\" data-end=\"1149\">\n<li data-section-id=\"xmiurg\" data-start=\"1064\" data-end=\"1106\">Wysoka niezawodno\u015b\u0107 prze\u0142\u0105czania<\/li>\n<li data-section-id=\"g919cy\" data-start=\"1107\" data-end=\"1149\">Doskona\u0142a zdolno\u015b\u0107 gaszenia \u0142uku elektrycznego<\/li>\n<\/ul>\n<p data-start=\"1151\" data-end=\"1189\">Zapewnia bezpieczn\u0105 i stabiln\u0105 prac\u0119<\/p>\n<hr data-start=\"1191\" data-end=\"1194\" \/>\n<h3 data-section-id=\"1xt7gxu\" data-start=\"1196\" data-end=\"1226\">Metalowa konstrukcja zamkni\u0119ta<\/h3>\n<ul data-start=\"1227\" data-end=\"1298\">\n<li data-section-id=\"jufgzz\" data-start=\"1227\" data-end=\"1261\">W pe\u0142ni zamkni\u0119ta szafa pancerna<\/li>\n<li data-section-id=\"1cbibis\" data-start=\"1262\" data-end=\"1298\">Izolowana powietrzem struktura wewn\u0119trzna<\/li>\n<\/ul>\n<p data-start=\"1300\" data-end=\"1332\">Zwi\u0119ksza bezpiecze\u0144stwo operacyjne<\/p>\n<hr data-start=\"1334\" data-end=\"1337\" \/>\n<h3 data-section-id=\"nmp87m\" data-start=\"1339\" data-end=\"1369\">Schematy obwod\u00f3w elastycznych<\/h3>\n<ul data-start=\"1370\" data-end=\"1462\">\n<li data-section-id=\"ivfvff\" data-start=\"1370\" data-end=\"1415\">Obs\u0142uguje okablowanie terminalowe i pier\u015bcieniowe<\/li>\n<li data-section-id=\"1l6lnne\" data-start=\"1416\" data-end=\"1462\">Mo\u017cliwo\u015b\u0107 dostosowania do r\u00f3\u017cnych konfiguracji systemu<\/li>\n<\/ul>\n<hr data-start=\"1464\" data-end=\"1467\" \/>\n<h3 data-section-id=\"1gxptii\" data-start=\"1469\" data-end=\"1505\">Pe\u0142na integracja komponent\u00f3w<\/h3>\n<p data-start=\"1506\" data-end=\"1515\">Zawiera:<\/p>\n<ul data-start=\"1516\" data-end=\"1629\">\n<li data-section-id=\"zza4lc\" data-start=\"1516\" data-end=\"1541\">Wy\u0142\u0105cznik obci\u0105\u017cenia SF6<\/li>\n<li data-section-id=\"1wup980\" data-start=\"1542\" data-end=\"1561\">Prze\u0142\u0105cznik uziemienia<\/li>\n<li data-section-id=\"1yhabhp\" data-start=\"1562\" data-end=\"1570\">Bezpiecznik<\/li>\n<li data-section-id=\"1vf5890\" data-start=\"1571\" data-end=\"1603\">Przek\u0142adniki pr\u0105dowe\/napi\u0119ciowe<\/li>\n<li data-section-id=\"9wlt9w\" data-start=\"1604\" data-end=\"1629\">Instrumenty dodatkowe<\/li>\n<\/ul>\n<p data-start=\"1631\" data-end=\"1674\">Spe\u0142nia r\u00f3\u017cnorodne wymagania in\u017cynieryjne<\/p>\n<hr data-start=\"1676\" data-end=\"1679\" \/>\n<h3 data-section-id=\"12n2clq\" data-start=\"1681\" data-end=\"1719\">Niezawodna blokada mechaniczna<\/h3>\n<ul data-start=\"1720\" data-end=\"1905\">\n<li data-section-id=\"12itbxq\" data-start=\"1720\" data-end=\"1749\">Wbudowany system blokady<\/li>\n<li data-section-id=\"opbivp\" data-start=\"1750\" data-end=\"1905\">W pe\u0142ni spe\u0142nia <strong data-start=\"1764\" data-end=\"1805\">\u201cPi\u0119\u0107 wymog\u00f3w bezpiecze\u0144stwa w zakresie zapobiegania<\/strong>:\n<ul data-start=\"1809\" data-end=\"1905\">\n<li data-section-id=\"10220o4\" data-start=\"1809\" data-end=\"1833\">Zapobieganie nieprawid\u0142owemu dzia\u0142aniu<\/li>\n<li data-section-id=\"1d8zgdx\" data-start=\"1836\" data-end=\"1862\">Zapobieganie uziemieniu pod napi\u0119ciem<\/li>\n<li data-section-id=\"1xh9vyq\" data-start=\"1865\" data-end=\"1905\">Zapobieganie nieprawid\u0142owej sekwencji prze\u0142\u0105czania<\/li>\n<\/ul>\n<\/li>\n<\/ul>\n<hr data-start=\"1907\" data-end=\"1910\" \/>\n<h3 data-section-id=\"1ney3w6\" data-start=\"1912\" data-end=\"1943\">Wysokie bezpiecze\u0144stwo i niezawodno\u015b\u0107<\/h3>\n<ul data-start=\"1944\" data-end=\"2044\">\n<li data-section-id=\"1trnttq\" data-start=\"1944\" data-end=\"1990\">Stabilna praca w systemach \u015bredniego napi\u0119cia<\/li>\n<li data-section-id=\"1upbm1x\" data-start=\"1991\" data-end=\"2044\">Nadaje si\u0119 do \u015brodowisk z ci\u0105g\u0142ym zasilaniem<\/li>\n<\/ul>\n<hr data-start=\"2046\" data-end=\"2049\" \/>\n<h2 data-section-id=\"1hq6i26\" data-start=\"2051\" data-end=\"2074\">Projektowanie strukturalne<\/h2>\n<h3 data-section-id=\"8fsvm5\" data-start=\"2076\" data-end=\"2095\">Typ obudowy<\/h3>\n<ul data-start=\"2096\" data-end=\"2183\">\n<li data-section-id=\"6ycy0i\" data-start=\"2096\" data-end=\"2129\">Zamkni\u0119ta konstrukcja pokryta metalem<\/li>\n<li data-section-id=\"9mhacx\" data-start=\"2130\" data-end=\"2160\">Komory z izolacj\u0105 powietrzn\u0105<\/li>\n<li data-section-id=\"19bdaax\" data-start=\"2161\" data-end=\"2183\">Kompaktowy i wytrzyma\u0142y<\/li>\n<\/ul>\n<hr data-start=\"2185\" data-end=\"2188\" \/>\n<h3 data-section-id=\"1k4dlis\" data-start=\"2190\" data-end=\"2213\">System prze\u0142\u0105czania<\/h3>\n<ul data-start=\"2214\" data-end=\"2300\">\n<li data-section-id=\"1pc7u17\" data-start=\"2214\" data-end=\"2254\">Wy\u0142\u0105cznik obci\u0105\u017cenia SF6 jako wy\u0142\u0105cznik g\u0142\u00f3wny<\/li>\n<li data-section-id=\"19peevs\" data-start=\"2255\" data-end=\"2300\">Zintegrowany system uziemienia i ochrony<\/li>\n<\/ul>\n<hr data-start=\"2302\" data-end=\"2305\" \/>\n<h3 data-section-id=\"1x6mgn9\" data-start=\"2307\" data-end=\"2331\">System ochrony<\/h3>\n<ul data-start=\"2332\" data-end=\"2409\">\n<li data-section-id=\"1vzhk71\" data-start=\"2332\" data-end=\"2368\">Zabezpieczenie transformator\u00f3w bezpiecznikami<\/li>\n<li data-section-id=\"1jqn82g\" data-start=\"2369\" data-end=\"2409\">Pe\u0142na zdolno\u015b\u0107 ochrony przed awariami<\/li>\n<\/ul>\n<hr data-start=\"2411\" data-end=\"2414\" \/>\n<h3 data-section-id=\"1ux2mw7\" data-start=\"2416\" data-end=\"2436\">Mo\u017cliwo\u015b\u0107 rozbudowy<\/h3>\n<ul data-start=\"2437\" data-end=\"2518\">\n<li data-section-id=\"hkvjgg\" data-start=\"2437\" data-end=\"2479\">Modu\u0142owa konstrukcja umo\u017cliwia przysz\u0142\u0105 rozbudow\u0119<\/li>\n<li data-section-id=\"cucwfa\" data-start=\"2480\" data-end=\"2518\">Nadaje si\u0119 do rosn\u0105cych system\u00f3w zasilania<\/li>\n<\/ul>\n<hr data-start=\"2520\" data-end=\"2523\" \/>\n<h2 data-section-id=\"15du31k\" data-start=\"2525\" data-end=\"2543\">Aplikacje<\/h2>\n<p data-start=\"2545\" data-end=\"2580\">XGN15-12 RMU jest szeroko stosowany w:<\/p>\n<ul data-start=\"2582\" data-end=\"2841\">\n<li data-section-id=\"86zm1h\" data-start=\"2582\" data-end=\"2622\">Miejska dystrybucja energii w budynkach mieszkalnych<\/li>\n<li data-section-id=\"zcg4fz\" data-start=\"2623\" data-end=\"2648\">Podstacje wt\u00f3rne<\/li>\n<li data-section-id=\"114sfdf\" data-start=\"2649\" data-end=\"2671\">Stacje prze\u0142\u0105czaj\u0105ce<\/li>\n<li data-section-id=\"eakz7s\" data-start=\"2672\" data-end=\"2709\">Przedsi\u0119biorstwa przemys\u0142owe i g\u00f3rnicze<\/li>\n<li data-section-id=\"hfihxt\" data-start=\"2710\" data-end=\"2734\">Budynki komercyjne<\/li>\n<li data-section-id=\"1b8blr8\" data-start=\"2735\" data-end=\"2765\">Lotniska i systemy metra<\/li>\n<li data-section-id=\"18stwit\" data-start=\"2766\" data-end=\"2789\">Projekty energetyki wiatrowej<\/li>\n<li data-section-id=\"1v8duec\" data-start=\"2790\" data-end=\"2816\">Szpitale i stadiony<\/li>\n<li data-section-id=\"11oc9le\" data-start=\"2817\" data-end=\"2841\">Koleje i tunele<\/li>\n<\/ul>\n<hr data-start=\"2843\" data-end=\"2846\" \/>\n<h2 data-section-id=\"1rg4wz9\" data-start=\"2848\" data-end=\"2872\">Podsumowanie zalet<\/h2>\n<ul data-start=\"2874\" data-end=\"3139\">\n<li data-section-id=\"1x16qe3\" data-start=\"2874\" data-end=\"2909\">Kompaktowa i zajmuj\u0105ca niewiele miejsca konstrukcja<\/li>\n<li data-section-id=\"1bsc137\" data-start=\"2910\" data-end=\"2960\">Wysoka niezawodno\u015b\u0107 dzi\u0119ki technologii prze\u0142\u0105czania SF6<\/li>\n<li data-section-id=\"lol72i\" data-start=\"2961\" data-end=\"3002\">Elastyczna i rozszerzalna konfiguracja<\/li>\n<li data-section-id=\"1nkqwt3\" data-start=\"3003\" data-end=\"3042\">Kompletny system blokad bezpiecze\u0144stwa<\/li>\n<li data-section-id=\"18p92t7\" data-start=\"3043\" data-end=\"3098\">Nadaje si\u0119 do sieci pier\u015bcieniowej i dystrybucji terminali<\/li>\n<li data-section-id=\"crou16\" data-start=\"3099\" data-end=\"3139\">Idealny do nowoczesnych miejskich system\u00f3w zasilania<\/li>\n<\/ul>\n<hr data-start=\"3141\" data-end=\"3144\" \/>\n<h1 data-section-id=\"1lxd8kj\" data-start=\"3146\" data-end=\"3153\">FAQ<\/h1>\n<h3 data-section-id=\"1ukyt9j\" data-start=\"3155\" data-end=\"3193\">1\ufe0f\u20e3 Co to jest jednostka g\u0142\u00f3wna pier\u015bcienia SF6?<\/h3>\n<p data-start=\"3195\" data-end=\"3344\">An <strong data-start=\"3198\" data-end=\"3209\">SF6 RMU<\/strong> to rozdzielnica \u015bredniego napi\u0119cia wykorzystuj\u0105ca <strong data-start=\"3247\" data-end=\"3278\">Wy\u0142\u0105czniki gazowe SF6<\/strong> dla bezpiecznej i niezawodnej dystrybucji energii w systemach sieci pier\u015bcieniowych.<\/p>\n<hr data-start=\"3346\" data-end=\"3349\" \/>\n<h3 data-section-id=\"uv2j8y\" data-start=\"3351\" data-end=\"3403\">2\ufe0f\u20e3 Do jakiego poziomu napi\u0119cia nadaje si\u0119 XGN15-12?<\/h3>\n<p data-start=\"3405\" data-end=\"3465\">Jest przeznaczony dla:<br \/>\n\ud83d\udc49 <strong data-start=\"3428\" data-end=\"3465\">Systemy zasilania \u015bredniego napi\u0119cia 12 kV<\/strong><\/p>\n<hr data-start=\"3467\" data-end=\"3470\" \/>\n<h3 data-section-id=\"tk3rvm\" data-start=\"3472\" data-end=\"3512\">3\ufe0f\u20e3 Gdzie ta jednostka RMU jest powszechnie u\u017cywana?<\/h3>\n<p data-start=\"3514\" data-end=\"3535\">Jest szeroko stosowany w:<\/p>\n<ul data-start=\"3536\" data-end=\"3607\">\n<li data-section-id=\"1k1ryxi\" data-start=\"3536\" data-end=\"3557\">Miejskie sieci energetyczne<\/li>\n<li data-section-id=\"8295nf\" data-start=\"3558\" data-end=\"3579\">Zak\u0142ady przemys\u0142owe<\/li>\n<li data-section-id=\"1e17v55\" data-start=\"3580\" data-end=\"3607\">Projekty infrastrukturalne<\/li>\n<\/ul>\n<hr data-start=\"3609\" data-end=\"3612\" \/>\n<h3 data-section-id=\"4brwmt\" data-start=\"3614\" data-end=\"3664\">4\ufe0f\u20e3 Jakie s\u0105 zalety rozdzielnic SF6?<\/h3>\n<ul data-start=\"3666\" data-end=\"3782\">\n<li data-section-id=\"1b4urz8\" data-start=\"3666\" data-end=\"3702\">Doskona\u0142a wydajno\u015b\u0107 izolacji<\/li>\n<li data-section-id=\"ub7qiv\" data-start=\"3703\" data-end=\"3739\">Silna zdolno\u015b\u0107 gaszenia \u0142uku elektrycznego<\/li>\n<li data-section-id=\"hlwggc\" data-start=\"3740\" data-end=\"3782\">Wysoka niezawodno\u015b\u0107 i d\u0142uga \u017cywotno\u015b\u0107<\/li>\n<\/ul>\n<hr data-start=\"3784\" data-end=\"3787\" \/>\n<h3 data-section-id=\"1vzxbic\" data-start=\"3789\" data-end=\"3830\">5\ufe0f\u20e3 Czy modu\u0142 RMU XGN15-12 mo\u017cna rozbudowa\u0107?<\/h3>\n<p data-start=\"3832\" data-end=\"3915\">Tak, jest wyposa\u017cony w <strong data-start=\"3851\" data-end=\"3880\">Modu\u0142owa konstrukcja z mo\u017cliwo\u015bci\u0105 rozbudowy<\/strong>, umo\u017cliwiaj\u0105c przysz\u0142\u0105 rozbudow\u0119 systemu.<\/p>","protected":false},"excerpt":{"rendered":"<p data-start=\"244\" data-end=\"452\">Pier\u015bcieniowa jednostka g\u0142\u00f3wna (RMU) SF6 serii XGN15-12 to rozdzielnica \u015bredniego napi\u0119cia nowej generacji zaprojektowana z wy\u0142\u0105cznikami SF6 jako g\u0142\u00f3wnym elementem prze\u0142\u0105czaj\u0105cym i struktur\u0105 izolacji powietrznej.<\/p>\n<p data-start=\"454\" data-end=\"609\">Charakteryzuje si\u0119 kompaktow\u0105, modu\u0142ow\u0105 i rozszerzaln\u0105 konstrukcj\u0105, dzi\u0119ki czemu idealnie nadaje si\u0119 do nowoczesnych system\u00f3w dystrybucji energii w sieci pier\u015bcieniowej i podstacji ko\u0144cowych.<\/p>","protected":false},"featured_media":2141,"comment_status":"open","ping_status":"closed","template":"","meta":{"site-sidebar-layout":"default","site-content-layout":"","ast-site-content-layout":"default","site-content-style":"default","site-sidebar-style":"default","ast-global-header-display":"","ast-banner-title-visibility":"","ast-main-header-display":"","ast-hfb-above-header-display":"","ast-hfb-below-header-display":"","ast-hfb-mobile-header-display":"","site-post-title":"","ast-breadcrumbs-content":"","ast-featured-img":"","footer-sml-layout":"","ast-disable-related-posts":"","theme-transparent-header-meta":"default","adv-header-id-meta":"","stick-header-meta":"","header-above-stick-meta":"","header-main-stick-meta":"","header-below-stick-meta":"","astra-migrate-meta-layouts":"set","ast-page-background-enabled":"default","ast-page-background-meta":{"desktop":{"background-color":"","background-image":"","background-repeat":"repeat","background-position":"center center","background-size":"auto","background-attachment":"scroll","background-type":"","background-media":"","overlay-type":"","overlay-color":"","overlay-opacity":"","overlay-gradient":""},"tablet":{"background-color":"","background-image":"","background-repeat":"repeat","background-position":"center center","background-size":"auto","background-attachment":"scroll","background-type":"","background-media":"","overlay-type":"","overlay-color":"","overlay-opacity":"","overlay-gradient":""},"mobile":{"background-color":"","background-image":"","background-repeat":"repeat","background-position":"center center","background-size":"auto","background-attachment":"scroll","background-type":"","background-media":"","overlay-type":"","overlay-color":"","overlay-opacity":"","overlay-gradient":""}},"ast-content-background-meta":{"desktop":{"background-color":"var(--ast-global-color-5)","background-image":"","background-repeat":"repeat","background-position":"center center","background-size":"auto","background-attachment":"scroll","background-type":"","background-media":"","overlay-type":"","overlay-color":"","overlay-opacity":"","overlay-gradient":""},"tablet":{"background-color":"var(--ast-global-color-5)","background-image":"","background-repeat":"repeat","background-position":"center center","background-size":"auto","background-attachment":"scroll","background-type":"","background-media":"","overlay-type":"","overlay-color":"","overlay-opacity":"","overlay-gradient":""},"mobile":{"background-color":"var(--ast-global-color-5)","background-image":"","background-repeat":"repeat","background-position":"center center","background-size":"auto","background-attachment":"scroll","background-type":"","background-media":"","overlay-type":"","overlay-color":"","overlay-opacity":"","overlay-gradient":""}}},"product_brand":[],"product_cat":[2035,2032],"product_tag":[2119,2124,2104,2125,2120,2122,2097,2123,2121,2117,2114,2118],"class_list":{"0":"post-2140","1":"product","2":"type-product","3":"status-publish","4":"has-post-thumbnail","6":"product_cat-high-and-low-voltage-switchgear","7":"product_cat-electrical-equipment","8":"product_tag-12kv-rmu","9":"product_tag-air-insulated-switchgear","10":"product_tag-electrical-switchgear","11":"product_tag-industrial-power-equipment","12":"product_tag-medium-voltage-switchgear","13":"product_tag-metal-enclosed-switchgear","14":"product_tag-power-distribution-equipment","15":"product_tag-ring-network-cabinet","16":"product_tag-sf6-load-break-switch","17":"product_tag-sf6-ring-main-unit","18":"product_tag-substation-equipment","19":"product_tag-xgn15-12-switchgear","20":"desktop-align-left","21":"tablet-align-left","22":"mobile-align-left","24":"first","25":"instock","26":"shipping-taxable","27":"product-type-simple"},"_links":{"self":[{"href":"https:\/\/www.wonzh.com\/pl\/wp-json\/wp\/v2\/product\/2140","targetHints":{"allow":["GET"]}}],"collection":[{"href":"https:\/\/www.wonzh.com\/pl\/wp-json\/wp\/v2\/product"}],"about":[{"href":"https:\/\/www.wonzh.com\/pl\/wp-json\/wp\/v2\/types\/product"}],"replies":[{"embeddable":true,"href":"https:\/\/www.wonzh.com\/pl\/wp-json\/wp\/v2\/comments?post=2140"}],"wp:featuredmedia":[{"embeddable":true,"href":"https:\/\/www.wonzh.com\/pl\/wp-json\/wp\/v2\/media\/2141"}],"wp:attachment":[{"href":"https:\/\/www.wonzh.com\/pl\/wp-json\/wp\/v2\/media?parent=2140"}],"wp:term":[{"taxonomy":"product_brand","embeddable":true,"href":"https:\/\/www.wonzh.com\/pl\/wp-json\/wp\/v2\/product_brand?post=2140"},{"taxonomy":"product_cat","embeddable":true,"href":"https:\/\/www.wonzh.com\/pl\/wp-json\/wp\/v2\/product_cat?post=2140"},{"taxonomy":"product_tag","embeddable":true,"href":"https:\/\/www.wonzh.com\/pl\/wp-json\/wp\/v2\/product_tag?post=2140"}],"curies":[{"name":"wp","href":"https:\/\/api.w.org\/{rel}","templated":true}]}}