{"id":2132,"date":"2026-04-28T15:33:52","date_gmt":"2026-04-28T15:33:52","guid":{"rendered":"https:\/\/www.wonzh.com\/?post_type=product&#038;p=2132"},"modified":"2026-04-29T16:14:16","modified_gmt":"2026-04-29T16:14:16","slug":"gcs-low-voltage-withdrawable-switchgear-up-to-4000a-power-distribution-motor-control-system","status":"publish","type":"product","link":"https:\/\/www.wonzh.com\/pl\/product\/gcs-low-voltage-withdrawable-switchgear-up-to-4000a-power-distribution-motor-control-system\/","title":{"rendered":"Rozdzielnica niskonapi\u0119ciowa GCS (do 4000 A, system dystrybucji zasilania i sterowania silnikiem)"},"content":{"rendered":"<p data-start=\"255\" data-end=\"423\">Rozdzielnice wysuwne niskiego napi\u0119cia serii GCS s\u0105 przeznaczone do rozdzia\u0142u mocy, sterowania silnikami i kompensacji mocy biernej w nowoczesnych systemach elektroenergetycznych.<\/p>\n<p data-start=\"425\" data-end=\"483\">Nadaje si\u0119 do tr\u00f3jfazowych system\u00f3w pr\u0105du przemiennego (50 Hz) z<img fetchpriority=\"high\" decoding=\"async\" class=\"size-medium wp-image-2133 alignright\" src=\"https:\/\/www.wonzh.com\/wp-content\/uploads\/2026\/04\/GCS-Low-Voltage-Withdrawable-Switchgear-Up-to-4000A-Power-Distribution-Motor-Control-System-300x300.png\" alt=\"\" width=\"300\" height=\"300\" srcset=\"https:\/\/www.wonzh.com\/wp-content\/uploads\/2026\/04\/GCS-Low-Voltage-Withdrawable-Switchgear-Up-to-4000A-Power-Distribution-Motor-Control-System-300x300.png 300w, https:\/\/www.wonzh.com\/wp-content\/uploads\/2026\/04\/GCS-Low-Voltage-Withdrawable-Switchgear-Up-to-4000A-Power-Distribution-Motor-Control-System-150x150.png 150w, https:\/\/www.wonzh.com\/wp-content\/uploads\/2026\/04\/GCS-Low-Voltage-Withdrawable-Switchgear-Up-to-4000A-Power-Distribution-Motor-Control-System-768x768.png 768w, https:\/\/www.wonzh.com\/wp-content\/uploads\/2026\/04\/GCS-Low-Voltage-Withdrawable-Switchgear-Up-to-4000A-Power-Distribution-Motor-Control-System-12x12.png 12w, https:\/\/www.wonzh.com\/wp-content\/uploads\/2026\/04\/GCS-Low-Voltage-Withdrawable-Switchgear-Up-to-4000A-Power-Distribution-Motor-Control-System-600x600.png 600w, https:\/\/www.wonzh.com\/wp-content\/uploads\/2026\/04\/GCS-Low-Voltage-Withdrawable-Switchgear-Up-to-4000A-Power-Distribution-Motor-Control-System-100x100.png 100w, https:\/\/www.wonzh.com\/wp-content\/uploads\/2026\/04\/GCS-Low-Voltage-Withdrawable-Switchgear-Up-to-4000A-Power-Distribution-Motor-Control-System.png 1000w\" sizes=\"(max-width: 300px) 100vw, 300px\" \/>h:<\/p>\n<ul data-start=\"484\" data-end=\"553\">\n<li data-section-id=\"1ua275e\" data-start=\"484\" data-end=\"518\">Napi\u0119cie znamionowe: 400 V \/ 690 V<\/li>\n<li data-section-id=\"1ui9t9i\" data-start=\"519\" data-end=\"553\">Pr\u0105d znamionowy: do 4000 A<\/li>\n<\/ul>\n<p data-start=\"555\" data-end=\"789\">Modu\u0142owa, wyjmowana konstrukcja umo\u017cliwia elastyczne dzia\u0142anie, \u0142atw\u0105 konserwacj\u0119 i wysok\u0105 niezawodno\u015b\u0107 systemu, dzi\u0119ki czemu idealnie nadaje si\u0119 do zastosowa\u0144 przemys\u0142owych i infrastrukturalnych wymagaj\u0105cych ci\u0105g\u0142ego i inteligentnego zarz\u0105dzania energi\u0105.<\/p>\n<p data-start=\"791\" data-end=\"812\">Jest szeroko stosowany w:<\/p>\n<ul data-start=\"813\" data-end=\"1000\">\n<li data-section-id=\"13gp9hh\" data-start=\"813\" data-end=\"845\">Elektrownie i podstacje<\/li>\n<li data-section-id=\"v68dal\" data-start=\"846\" data-end=\"882\">Przemys\u0142 petrochemiczny i naftowy<\/li>\n<li data-section-id=\"17rxug5\" data-start=\"883\" data-end=\"929\">Przemys\u0142 metalurgiczny i wytw\u00f3rczy<\/li>\n<li data-section-id=\"18q0d1j\" data-start=\"930\" data-end=\"951\">Fabryki w\u0142\u00f3kiennicze<\/li>\n<li data-section-id=\"1ij7n1e\" data-start=\"952\" data-end=\"1000\">Wie\u017cowce i kompleksy handlowe<\/li>\n<\/ul>\n<hr data-start=\"1002\" data-end=\"1005\" \/>\n<h2 data-section-id=\"17fvu7l\" data-start=\"1007\" data-end=\"1025\">Najwa\u017cniejsze cechy<\/h2>\n<h3 data-section-id=\"1ms3rs4\" data-start=\"1027\" data-end=\"1060\">Modu\u0142owa, wyjmowana konstrukcja<\/h3>\n<ul data-start=\"1061\" data-end=\"1145\">\n<li data-section-id=\"rzk20g\" data-start=\"1061\" data-end=\"1093\">Jednostki funkcjonalne typu szufladowego<\/li>\n<li data-section-id=\"1bdsdea\" data-start=\"1094\" data-end=\"1145\">\u0141atwa instalacja, wymiana i konserwacja<\/li>\n<\/ul>\n<p data-start=\"1147\" data-end=\"1192\">Zmniejsza czas przestoj\u00f3w i poprawia wydajno\u015b\u0107<\/p>\n<hr data-start=\"1194\" data-end=\"1197\" \/>\n<h3 data-section-id=\"2w9o6u\" data-start=\"1199\" data-end=\"1230\">Wysoka niezawodno\u015b\u0107 i bezpiecze\u0144stwo<\/h3>\n<ul data-start=\"1231\" data-end=\"1328\">\n<li data-section-id=\"1gq6mz6\" data-start=\"1231\" data-end=\"1274\">Zaawansowany system blokad elektrycznych<\/li>\n<li data-section-id=\"nhyewn\" data-start=\"1275\" data-end=\"1300\">Zapobiega nieprawid\u0142owemu dzia\u0142aniu<\/li>\n<li data-section-id=\"1605knx\" data-start=\"1301\" data-end=\"1328\">Zapewnia bezpiecze\u0144stwo operatora<\/li>\n<\/ul>\n<hr data-start=\"1330\" data-end=\"1333\" \/>\n<h3 data-section-id=\"u4z51z\" data-start=\"1335\" data-end=\"1363\">Elastyczna konfiguracja<\/h3>\n<ul data-start=\"1364\" data-end=\"1455\">\n<li data-section-id=\"sazqw8\" data-start=\"1364\" data-end=\"1455\">Wsparcie:\n<ul data-start=\"1378\" data-end=\"1455\">\n<li data-section-id=\"1tv7qr1\" data-start=\"1378\" data-end=\"1400\">Dystrybucja zasilania<\/li>\n<li data-section-id=\"zm7t8o\" data-start=\"1403\" data-end=\"1426\">Sterowanie silnikiem (MCC)<\/li>\n<li data-section-id=\"yuz8vg\" data-start=\"1429\" data-end=\"1455\">Kompensacja kondensatora<\/li>\n<\/ul>\n<\/li>\n<\/ul>\n<p data-start=\"1457\" data-end=\"1504\">Odpowiedni do r\u00f3\u017cnych scenariuszy zastosowa\u0144<\/p>\n<hr data-start=\"1506\" data-end=\"1509\" \/>\n<h3 data-section-id=\"11dpq2p\" data-start=\"1511\" data-end=\"1538\">Wysoka wydajno\u015b\u0107 pr\u0105dowa<\/h3>\n<ul data-start=\"1539\" data-end=\"1615\">\n<li data-section-id=\"1udyif0\" data-start=\"1539\" data-end=\"1572\">Pr\u0105d znamionowy do 4000A<\/li>\n<li data-section-id=\"11waltv\" data-start=\"1573\" data-end=\"1615\">Nadaje si\u0119 do wielkoskalowych system\u00f3w zasilania<\/li>\n<\/ul>\n<hr data-start=\"1617\" data-end=\"1620\" \/>\n<h3 data-section-id=\"56aejm\" data-start=\"1622\" data-end=\"1658\">Inteligentne mo\u017cliwo\u015bci sterowania<\/h3>\n<ul data-start=\"1659\" data-end=\"1759\">\n<li data-section-id=\"1q3ju9x\" data-start=\"1659\" data-end=\"1697\">Kompatybilno\u015b\u0107 z systemami automatyki<\/li>\n<li data-section-id=\"ls73aw\" data-start=\"1698\" data-end=\"1759\">Obs\u0142uguje komunikacj\u0119 z komputerami i systemami sterowania<\/li>\n<\/ul>\n<p data-start=\"1761\" data-end=\"1813\">Idealny dla inteligentnych fabryk i zautomatyzowanych system\u00f3w<\/p>\n<hr data-start=\"1815\" data-end=\"1818\" \/>\n<h3 data-section-id=\"1hweg03\" data-start=\"1820\" data-end=\"1845\">Silna zdolno\u015b\u0107 adaptacji<\/h3>\n<ul data-start=\"1846\" data-end=\"1942\">\n<li data-section-id=\"ug4n5v\" data-start=\"1846\" data-end=\"1892\">Nadaje si\u0119 do pracy w trudnych warunkach przemys\u0142owych<\/li>\n<li data-section-id=\"1e4pl9p\" data-start=\"1893\" data-end=\"1942\">Stabilna wydajno\u015b\u0107 w trybie ci\u0105g\u0142ym<\/li>\n<\/ul>\n<hr data-start=\"1944\" data-end=\"1947\" \/>\n<h2 data-section-id=\"1hq6i26\" data-start=\"1949\" data-end=\"1972\">Projektowanie strukturalne<\/h2>\n<h3 data-section-id=\"1xh03j4\" data-start=\"1974\" data-end=\"1998\">Struktura obudowy<\/h3>\n<ul data-start=\"1999\" data-end=\"2099\">\n<li data-section-id=\"rca4d3\" data-start=\"1999\" data-end=\"2030\">Modu\u0142owa, zmontowana konstrukcja<\/li>\n<li data-section-id=\"i5treg\" data-start=\"2031\" data-end=\"2060\">Stalowa rama o wysokiej wytrzyma\u0142o\u015bci<\/li>\n<li data-section-id=\"1bdd9s6\" data-start=\"2061\" data-end=\"2099\">Kompaktowa i zajmuj\u0105ca niewiele miejsca konstrukcja<\/li>\n<\/ul>\n<hr data-start=\"2101\" data-end=\"2104\" \/>\n<h3 data-section-id=\"v76t0e\" data-start=\"2106\" data-end=\"2131\">Jednostki podlegaj\u0105ce wyp\u0142acie<\/h3>\n<ul data-start=\"2132\" data-end=\"2221\">\n<li data-section-id=\"gzz3tl\" data-start=\"2132\" data-end=\"2175\">Konstrukcja szufladowa dla jednostek funkcjonalnych<\/li>\n<li data-section-id=\"mhiher\" data-start=\"2176\" data-end=\"2221\">Standaryzowane modu\u0142y dla \u0142atwej wymiany<\/li>\n<\/ul>\n<p data-start=\"2223\" data-end=\"2234\">Korzy\u015bci:<\/p>\n<ul data-start=\"2235\" data-end=\"2277\">\n<li data-section-id=\"1o62h68\" data-start=\"2235\" data-end=\"2256\">Szybka konserwacja<\/li>\n<li data-section-id=\"16zesr\" data-start=\"2257\" data-end=\"2277\">Kr\u00f3tszy czas przestoju<\/li>\n<\/ul>\n<hr data-start=\"2279\" data-end=\"2282\" \/>\n<h3 data-section-id=\"1tnodmb\" data-start=\"2284\" data-end=\"2304\">System szyn zbiorczych<\/h3>\n<ul data-start=\"2305\" data-end=\"2383\">\n<li data-section-id=\"rj0pb8\" data-start=\"2305\" data-end=\"2341\">Miedziane szyny zbiorcze o wysokiej przewodno\u015bci<\/li>\n<li data-section-id=\"11i1xl1\" data-start=\"2342\" data-end=\"2383\">Zoptymalizowany uk\u0142ad rozpraszania ciep\u0142a<\/li>\n<\/ul>\n<p data-start=\"2385\" data-end=\"2396\">Cechy:<\/p>\n<ul data-start=\"2397\" data-end=\"2447\">\n<li data-section-id=\"11d9kpn\" data-start=\"2397\" data-end=\"2422\">Wysoka wydajno\u015b\u0107 pr\u0105dowa<\/li>\n<li data-section-id=\"173shq5\" data-start=\"2423\" data-end=\"2447\">Niski wzrost temperatury<\/li>\n<\/ul>\n<hr data-start=\"2449\" data-end=\"2452\" \/>\n<h3 data-section-id=\"1x6mgn9\" data-start=\"2454\" data-end=\"2478\">System ochrony<\/h3>\n<ul data-start=\"2479\" data-end=\"2590\">\n<li data-section-id=\"1qpbf50\" data-start=\"2479\" data-end=\"2590\">Pe\u0142ne funkcje ochronne:\n<ul data-start=\"2514\" data-end=\"2590\">\n<li data-section-id=\"14s7m03\" data-start=\"2514\" data-end=\"2537\">Ochrona przed przeci\u0105\u017ceniem<\/li>\n<li data-section-id=\"xnufhj\" data-start=\"2540\" data-end=\"2568\">Ochrona przed zwarciem<\/li>\n<li data-section-id=\"1gniwxy\" data-start=\"2571\" data-end=\"2590\">Izolacja b\u0142\u0119d\u00f3w<\/li>\n<\/ul>\n<\/li>\n<\/ul>\n<hr data-start=\"2592\" data-end=\"2595\" \/>\n<h3 data-section-id=\"jsk2jm\" data-start=\"2597\" data-end=\"2627\">Kontrola i komunikacja<\/h3>\n<ul data-start=\"2628\" data-end=\"2710\">\n<li data-section-id=\"12xyfr6\" data-start=\"2628\" data-end=\"2667\">Obs\u0142uguje PLC i interfejs komputerowy<\/li>\n<li data-section-id=\"bkrhvp\" data-start=\"2668\" data-end=\"2710\">Nadaje si\u0119 do zautomatyzowanych system\u00f3w sterowania<\/li>\n<\/ul>\n<hr data-start=\"2712\" data-end=\"2715\" \/>\n<h2 data-section-id=\"15du31k\" data-start=\"2717\" data-end=\"2735\">Aplikacje<\/h2>\n<ul data-start=\"2737\" data-end=\"2922\">\n<li data-section-id=\"19y712\" data-start=\"2737\" data-end=\"2782\">Systemy wytwarzania i dystrybucji energii<\/li>\n<li data-section-id=\"1qs4a2s\" data-start=\"2783\" data-end=\"2807\">Zak\u0142ady petrochemiczne<\/li>\n<li data-section-id=\"1y4z0ss\" data-start=\"2808\" data-end=\"2847\">Przemys\u0142owe zak\u0142ady produkcyjne<\/li>\n<li data-section-id=\"6m4zjg\" data-start=\"2848\" data-end=\"2894\">Wysokie budynki i centra handlowe<\/li>\n<li data-section-id=\"1e17v55\" data-start=\"2895\" data-end=\"2922\">Projekty infrastrukturalne<\/li>\n<\/ul>\n<hr data-start=\"2924\" data-end=\"2927\" \/>\n<h2 data-section-id=\"1rg4wz9\" data-start=\"2929\" data-end=\"2953\">Podsumowanie zalet<\/h2>\n<ul data-start=\"2955\" data-end=\"3197\">\n<li data-section-id=\"z0351a\" data-start=\"2955\" data-end=\"2986\">Modu\u0142owa, wysuwana konstrukcja<\/li>\n<li data-section-id=\"1wao6ap\" data-start=\"2987\" data-end=\"3018\">Wysokie bezpiecze\u0144stwo i niezawodno\u015b\u0107<\/li>\n<li data-section-id=\"1q8mitz\" data-start=\"3019\" data-end=\"3068\">Elastyczna konfiguracja dla wielu funkcji<\/li>\n<li data-section-id=\"82rthe\" data-start=\"3069\" data-end=\"3109\">Obs\u0142uga inteligentnych system\u00f3w sterowania<\/li>\n<li data-section-id=\"1am4nmt\" data-start=\"3110\" data-end=\"3144\">\u0141atwa konserwacja i obs\u0142uga<\/li>\n<li data-section-id=\"1kvgnyc\" data-start=\"3145\" data-end=\"3197\">Nadaje si\u0119 do zastosowa\u0144 przemys\u0142owych na du\u017c\u0105 skal\u0119<\/li>\n<\/ul>\n<hr data-start=\"3199\" data-end=\"3202\" \/>\n<h1 data-section-id=\"1lxd8kj\" data-start=\"3204\" data-end=\"3211\">FAQ<\/h1>\n<h3 data-section-id=\"n1rjwe\" data-start=\"3213\" data-end=\"3255\">1\ufe0f\u20e3 Co to jest rozdzielnica wysuwna?<\/h3>\n<p data-start=\"3257\" data-end=\"3384\">Rozdzielnica wysuwana wykorzystuje jednostki szufladowe, kt\u00f3re mo\u017cna wyj\u0105\u0107 lub wymieni\u0107 bez wy\u0142\u0105czania ca\u0142ego systemu.<\/p>\n<p data-start=\"3386\" data-end=\"3449\">Zwi\u0119ksza to wydajno\u015b\u0107 konserwacji i niezawodno\u015b\u0107 systemu.<\/p>\n<hr data-start=\"3451\" data-end=\"3454\" \/>\n<h3 data-section-id=\"vheh8a\" data-start=\"3456\" data-end=\"3520\">2\ufe0f\u20e3 Jaka jest r\u00f3\u017cnica mi\u0119dzy GCS a rozdzielnic\u0105 stacjonarn\u0105?<\/h3>\n<ul data-start=\"3522\" data-end=\"3624\">\n<li data-section-id=\"fkedhn\" data-start=\"3522\" data-end=\"3575\">GCS: Wyjmowany, elastyczny, \u0142atwa konserwacja<\/li>\n<li data-section-id=\"zfbo4r\" data-start=\"3576\" data-end=\"3624\">Typ sta\u0142y: Ni\u017cszy koszt, ale mniejsza elastyczno\u015b\u0107<\/li>\n<\/ul>\n<p data-start=\"3626\" data-end=\"3676\">GCS jest lepszy dla z\u0142o\u017conych i krytycznych system\u00f3w.<\/p>\n<hr data-start=\"3678\" data-end=\"3681\" \/>\n<h3 data-section-id=\"17jpg85\" data-start=\"3683\" data-end=\"3748\">3\ufe0f\u20e3 Czy rozdzielnice GCS mo\u017cna zintegrowa\u0107 z systemami automatyki?<\/h3>\n<p data-start=\"3750\" data-end=\"3767\">Tak, obs\u0142uguje:<\/p>\n<ul data-start=\"3768\" data-end=\"3833\">\n<li data-section-id=\"11o480x\" data-start=\"3768\" data-end=\"3783\">Systemy PLC<\/li>\n<li data-section-id=\"f41at5\" data-start=\"3784\" data-end=\"3807\">Interfejsy komputerowe<\/li>\n<li data-section-id=\"ecp77k\" data-start=\"3808\" data-end=\"3833\">Inteligentne systemy sterowania<\/li>\n<\/ul>\n<p data-start=\"3835\" data-end=\"3886\">Idealny do automatyki przemys\u0142owej i inteligentnych sieci.<\/p>\n<hr data-start=\"3888\" data-end=\"3891\" \/>\n<h3 data-section-id=\"1a8r5p4\" data-start=\"3893\" data-end=\"3945\">4\ufe0f\u20e3 Jakie bran\u017ce powszechnie korzystaj\u0105 z rozdzielnic GCS?<\/h3>\n<p data-start=\"3947\" data-end=\"3968\">Jest szeroko stosowany w:<\/p>\n<ul data-start=\"3969\" data-end=\"4062\">\n<li data-section-id=\"1q4mphf\" data-start=\"3969\" data-end=\"3985\">Elektrownie<\/li>\n<li data-section-id=\"njd3e2\" data-start=\"3986\" data-end=\"4012\">Przemys\u0142 petrochemiczny<\/li>\n<li data-section-id=\"u3fi1o\" data-start=\"4013\" data-end=\"4037\">Zak\u0142ady produkcyjne<\/li>\n<li data-section-id=\"hfihxt\" data-start=\"4038\" data-end=\"4062\">Budynki komercyjne<\/li>\n<\/ul>","protected":false},"excerpt":{"rendered":"<p data-start=\"255\" data-end=\"423\">Rozdzielnice wysuwne niskiego napi\u0119cia serii GCS s\u0105 przeznaczone do rozdzia\u0142u mocy, sterowania silnikami i kompensacji mocy biernej w nowoczesnych systemach elektroenergetycznych.<\/p>\n<p data-start=\"425\" data-end=\"483\">Nadaje si\u0119 do tr\u00f3jfazowych system\u00f3w pr\u0105du przemiennego (50 Hz):<\/p>\n<ul data-start=\"484\" data-end=\"553\">\n<li data-section-id=\"1ua275e\" data-start=\"484\" data-end=\"518\">Napi\u0119cie znamionowe: 400 V \/ 690 V<\/li>\n<li data-section-id=\"1ui9t9i\" data-start=\"519\" data-end=\"553\">Pr\u0105d znamionowy: do 4000 A<\/li>\n<\/ul>","protected":false},"featured_media":2133,"comment_status":"open","ping_status":"closed","template":"","meta":{"site-sidebar-layout":"default","site-content-layout":"","ast-site-content-layout":"default","site-content-style":"default","site-sidebar-style":"default","ast-global-header-display":"","ast-banner-title-visibility":"","ast-main-header-display":"","ast-hfb-above-header-display":"","ast-hfb-below-header-display":"","ast-hfb-mobile-header-display":"","site-post-title":"","ast-breadcrumbs-content":"","ast-featured-img":"","footer-sml-layout":"","ast-disable-related-posts":"","theme-transparent-header-meta":"default","adv-header-id-meta":"","stick-header-meta":"","header-above-stick-meta":"","header-main-stick-meta":"","header-below-stick-meta":"","astra-migrate-meta-layouts":"set","ast-page-background-enabled":"default","ast-page-background-meta":{"desktop":{"background-color":"","background-image":"","background-repeat":"repeat","background-position":"center center","background-size":"auto","background-attachment":"scroll","background-type":"","background-media":"","overlay-type":"","overlay-color":"","overlay-opacity":"","overlay-gradient":""},"tablet":{"background-color":"","background-image":"","background-repeat":"repeat","background-position":"center center","background-size":"auto","background-attachment":"scroll","background-type":"","background-media":"","overlay-type":"","overlay-color":"","overlay-opacity":"","overlay-gradient":""},"mobile":{"background-color":"","background-image":"","background-repeat":"repeat","background-position":"center center","background-size":"auto","background-attachment":"scroll","background-type":"","background-media":"","overlay-type":"","overlay-color":"","overlay-opacity":"","overlay-gradient":""}},"ast-content-background-meta":{"desktop":{"background-color":"var(--ast-global-color-5)","background-image":"","background-repeat":"repeat","background-position":"center center","background-size":"auto","background-attachment":"scroll","background-type":"","background-media":"","overlay-type":"","overlay-color":"","overlay-opacity":"","overlay-gradient":""},"tablet":{"background-color":"var(--ast-global-color-5)","background-image":"","background-repeat":"repeat","background-position":"center center","background-size":"auto","background-attachment":"scroll","background-type":"","background-media":"","overlay-type":"","overlay-color":"","overlay-opacity":"","overlay-gradient":""},"mobile":{"background-color":"var(--ast-global-color-5)","background-image":"","background-repeat":"repeat","background-position":"center center","background-size":"auto","background-attachment":"scroll","background-type":"","background-media":"","overlay-type":"","overlay-color":"","overlay-opacity":"","overlay-gradient":""}}},"product_brand":[],"product_cat":[2035,2032],"product_tag":[2096,2043,2093,2099,2094,2098,2097,2100,2101,2095],"class_list":{"0":"post-2132","1":"product","2":"type-product","3":"status-publish","4":"has-post-thumbnail","6":"product_cat-high-and-low-voltage-switchgear","7":"product_cat-electrical-equipment","8":"product_tag-electrical-cabinet","9":"product_tag-electrical-equipment","10":"product_tag-gcs-switchgear","11":"product_tag-industrial-switchgear","12":"product_tag-low-voltage-switchgear","13":"product_tag-mcc-panel","14":"product_tag-power-distribution-equipment","15":"product_tag-smart-switchgear","16":"product_tag-transformer-equipment","17":"product_tag-withdrawable-switchgear","18":"desktop-align-left","19":"tablet-align-left","20":"mobile-align-left","22":"first","23":"instock","24":"shipping-taxable","25":"product-type-simple"},"_links":{"self":[{"href":"https:\/\/www.wonzh.com\/pl\/wp-json\/wp\/v2\/product\/2132","targetHints":{"allow":["GET"]}}],"collection":[{"href":"https:\/\/www.wonzh.com\/pl\/wp-json\/wp\/v2\/product"}],"about":[{"href":"https:\/\/www.wonzh.com\/pl\/wp-json\/wp\/v2\/types\/product"}],"replies":[{"embeddable":true,"href":"https:\/\/www.wonzh.com\/pl\/wp-json\/wp\/v2\/comments?post=2132"}],"wp:featuredmedia":[{"embeddable":true,"href":"https:\/\/www.wonzh.com\/pl\/wp-json\/wp\/v2\/media\/2133"}],"wp:attachment":[{"href":"https:\/\/www.wonzh.com\/pl\/wp-json\/wp\/v2\/media?parent=2132"}],"wp:term":[{"taxonomy":"product_brand","embeddable":true,"href":"https:\/\/www.wonzh.com\/pl\/wp-json\/wp\/v2\/product_brand?post=2132"},{"taxonomy":"product_cat","embeddable":true,"href":"https:\/\/www.wonzh.com\/pl\/wp-json\/wp\/v2\/product_cat?post=2132"},{"taxonomy":"product_tag","embeddable":true,"href":"https:\/\/www.wonzh.com\/pl\/wp-json\/wp\/v2\/product_tag?post=2132"}],"curies":[{"name":"wp","href":"https:\/\/api.w.org\/{rel}","templated":true}]}}