{"id":2118,"date":"2026-04-28T14:17:30","date_gmt":"2026-04-28T14:17:30","guid":{"rendered":"https:\/\/www.wonzh.com\/?post_type=product&#038;p=2118"},"modified":"2026-04-29T16:14:59","modified_gmt":"2026-04-29T16:14:59","slug":"scb11-epoxy-resin-cast-dry-type-transformer","status":"publish","type":"product","link":"https:\/\/www.wonzh.com\/pl\/product\/scb11-epoxy-resin-cast-dry-type-transformer\/","title":{"rendered":"SCB11 Transformator mocy typu suchego odlewany z \u017cywicy epoksydowej (typ niskostratny i energooszcz\u0119dny)"},"content":{"rendered":"<p data-start=\"235\" data-end=\"430\"><img fetchpriority=\"high\" decoding=\"async\" class=\"size-medium wp-image-2120 alignright\" src=\"https:\/\/www.wonzh.com\/wp-content\/uploads\/2026\/04\/SCB11-Epoxy-Resin-Cast-Dry-Type-Power-Transformer-Low-Loss-Energy-Efficient-Type-3-300x300.png\" alt=\"\" width=\"300\" height=\"300\" srcset=\"https:\/\/www.wonzh.com\/wp-content\/uploads\/2026\/04\/SCB11-Epoxy-Resin-Cast-Dry-Type-Power-Transformer-Low-Loss-Energy-Efficient-Type-3-300x300.png 300w, https:\/\/www.wonzh.com\/wp-content\/uploads\/2026\/04\/SCB11-Epoxy-Resin-Cast-Dry-Type-Power-Transformer-Low-Loss-Energy-Efficient-Type-3-150x150.png 150w, https:\/\/www.wonzh.com\/wp-content\/uploads\/2026\/04\/SCB11-Epoxy-Resin-Cast-Dry-Type-Power-Transformer-Low-Loss-Energy-Efficient-Type-3-768x768.png 768w, https:\/\/www.wonzh.com\/wp-content\/uploads\/2026\/04\/SCB11-Epoxy-Resin-Cast-Dry-Type-Power-Transformer-Low-Loss-Energy-Efficient-Type-3-12x12.png 12w, https:\/\/www.wonzh.com\/wp-content\/uploads\/2026\/04\/SCB11-Epoxy-Resin-Cast-Dry-Type-Power-Transformer-Low-Loss-Energy-Efficient-Type-3-600x600.png 600w, https:\/\/www.wonzh.com\/wp-content\/uploads\/2026\/04\/SCB11-Epoxy-Resin-Cast-Dry-Type-Power-Transformer-Low-Loss-Energy-Efficient-Type-3-100x100.png 100w, https:\/\/www.wonzh.com\/wp-content\/uploads\/2026\/04\/SCB11-Epoxy-Resin-Cast-Dry-Type-Power-Transformer-Low-Loss-Energy-Efficient-Type-3.png 1000w\" sizes=\"(max-width: 300px) 100vw, 300px\" \/>Transformator suchy SCB11 odlewany z \u017cywicy epoksydowej jest ulepszon\u0105 wersj\u0105 serii SCB10, zaprojektowan\u0105 z my\u015bl\u0105 o ni\u017cszych stratach, lepszej wydajno\u015bci energetycznej i zwi\u0119kszonej niezawodno\u015bci dzia\u0142ania.<\/p>\n<p data-start=\"432\" data-end=\"605\">Wyprodukowany przy u\u017cyciu zaawansowanej technologii odlewania, wysokiej jako\u015bci materia\u0142\u00f3w i precyzyjnych proces\u00f3w produkcyjnych, oferuje doskona\u0142\u0105 wydajno\u015b\u0107 elektryczn\u0105 i d\u0142ug\u0105 \u017cywotno\u015b\u0107.<\/p>\n<p data-start=\"607\" data-end=\"749\">Transformator ten jest bezolejowy, ognioodporny i przyjazny dla \u015brodowiska, dzi\u0119ki czemu idealnie nadaje si\u0119 do zastosowa\u0144 wewn\u0119trznych i krytycznych pod wzgl\u0119dem bezpiecze\u0144stwa.<\/p>\n<p data-start=\"751\" data-end=\"772\">Jest szeroko stosowany w:<\/p>\n<ul data-start=\"773\" data-end=\"923\">\n<li data-section-id=\"ov2w8z\" data-start=\"773\" data-end=\"796\">Budynki wysokie<\/li>\n<li data-section-id=\"1yjht70\" data-start=\"797\" data-end=\"819\">Centra handlowe<\/li>\n<li data-section-id=\"1usaqco\" data-start=\"820\" data-end=\"844\">Lotniska i tunele<\/li>\n<li data-section-id=\"11epkig\" data-start=\"845\" data-end=\"864\">Zak\u0142ady chemiczne<\/li>\n<li data-section-id=\"qf2vj0\" data-start=\"865\" data-end=\"891\">Elektrownie j\u0105drowe<\/li>\n<li data-section-id=\"5nxb0l\" data-start=\"892\" data-end=\"923\">Systemy morskie i przybrze\u017cne<\/li>\n<\/ul>\n<hr data-start=\"925\" data-end=\"928\" \/>\n<h2 data-section-id=\"g4vs8k\" data-start=\"930\" data-end=\"956\">Zgodno\u015b\u0107 z normami<\/h2>\n<ul data-start=\"958\" data-end=\"1274\">\n<li data-section-id=\"1t9ehtv\" data-start=\"958\" data-end=\"1008\">IEC 60076-11 - Transformatory mocy typu suchego<\/li>\n<li data-section-id=\"1cu5kzl\" data-start=\"1009\" data-end=\"1049\">GB\/T 1094.1 - Transformatory mocy<\/li>\n<li data-section-id=\"12jd1ed\" data-start=\"1050\" data-end=\"1094\">GB\/T 1094.11 - Transformatory suche<\/li>\n<li data-section-id=\"2b1ch6\" data-start=\"1095\" data-end=\"1164\">GB\/T 10228 - Wymagania techniczne dla transformator\u00f3w suchych<\/li>\n<li data-section-id=\"1nzvw4u\" data-start=\"1165\" data-end=\"1224\">JB\/T 10088 - Poziomy d\u017awi\u0119ku transformator\u00f3w 6kV-500kV<\/li>\n<li data-section-id=\"16sztuj\" data-start=\"1225\" data-end=\"1274\">GB 20052-2020 - Standardy efektywno\u015bci energetycznej<\/li>\n<\/ul>\n<hr data-start=\"1276\" data-end=\"1279\" \/>\n<h2 data-section-id=\"17fvu7l\" data-start=\"1281\" data-end=\"1299\">Najwa\u017cniejsze cechy<\/h2>\n<h3 data-section-id=\"1bk7ou6\" data-start=\"1301\" data-end=\"1331\">Wy\u017csza wydajno\u015b\u0107 energetyczna<\/h3>\n<ul data-start=\"1332\" data-end=\"1458\">\n<li data-section-id=\"1c5yyc9\" data-start=\"1332\" data-end=\"1376\">Ni\u017csze straty bez obci\u0105\u017cenia i pod obci\u0105\u017ceniem ni\u017c SCB10<\/li>\n<li data-section-id=\"13bj96\" data-start=\"1377\" data-end=\"1420\">Spe\u0142nia nowoczesne wymagania w zakresie oszcz\u0119dzania energii<\/li>\n<li data-section-id=\"1362i6d\" data-start=\"1421\" data-end=\"1458\">Zmniejsza koszty operacyjne w czasie<\/li>\n<\/ul>\n<hr data-start=\"1460\" data-end=\"1463\" \/>\n<h3 data-section-id=\"xrppzx\" data-start=\"1465\" data-end=\"1500\">Wysokie bezpiecze\u0144stwo i odporno\u015b\u0107 ogniowa<\/h3>\n<ul data-start=\"1501\" data-end=\"1635\">\n<li data-section-id=\"2hl2rz\" data-start=\"1501\" data-end=\"1544\">Bezolejowa konstrukcja eliminuje ryzyko po\u017caru<\/li>\n<li data-section-id=\"1iz7znm\" data-start=\"1545\" data-end=\"1587\">Nietoksyczny i przyjazny dla \u015brodowiska<\/li>\n<li data-section-id=\"1hbfpug\" data-start=\"1588\" data-end=\"1635\">Nadaje si\u0119 do instalacji w pobli\u017cu centr\u00f3w obci\u0105\u017cenia<\/li>\n<\/ul>\n<hr data-start=\"1637\" data-end=\"1640\" \/>\n<h3 data-section-id=\"d5sgrf\" data-start=\"1642\" data-end=\"1684\">Wysoka niezawodno\u015b\u0107 i d\u0142uga \u017cywotno\u015b\u0107<\/h3>\n<ul data-start=\"1685\" data-end=\"1804\">\n<li data-section-id=\"bi6h0g\" data-start=\"1685\" data-end=\"1725\">Zaawansowany proces odlewania \u017cywicy epoksydowej<\/li>\n<li data-section-id=\"1c490t9\" data-start=\"1726\" data-end=\"1757\">Niski poziom cz\u0119\u015bciowego roz\u0142adowania<\/li>\n<li data-section-id=\"1dwz9yg\" data-start=\"1758\" data-end=\"1804\">Doskona\u0142a stabilno\u015b\u0107 termiczna i trwa\u0142o\u015b\u0107<\/li>\n<\/ul>\n<hr data-start=\"1806\" data-end=\"1809\" \/>\n<h3 data-section-id=\"l9y0hl\" data-start=\"1811\" data-end=\"1843\">Silna zdolno\u015b\u0107 do przeci\u0105\u017cania<\/h3>\n<ul data-start=\"1844\" data-end=\"1927\">\n<li data-section-id=\"15of4r\" data-start=\"1844\" data-end=\"1872\">Wydajny system ch\u0142odzenia<\/li>\n<li data-section-id=\"1i5hu2f\" data-start=\"1873\" data-end=\"1927\">Obs\u0142uguje wymuszone ch\u0142odzenie powietrzem w celu zwi\u0119kszenia wydajno\u015bci<\/li>\n<\/ul>\n<hr data-start=\"1929\" data-end=\"1932\" \/>\n<h3 data-section-id=\"u1jwb0\" data-start=\"1934\" data-end=\"1979\">Odporno\u015b\u0107 na wilgo\u0107 i trudne warunki \u015brodowiskowe<\/h3>\n<ul data-start=\"1980\" data-end=\"2084\">\n<li data-section-id=\"if9zqc\" data-start=\"1980\" data-end=\"2033\">Doskona\u0142a wydajno\u015b\u0107 w warunkach wysokiej wilgotno\u015bci<\/li>\n<li data-section-id=\"1o770jo\" data-start=\"2034\" data-end=\"2084\">Nadaje si\u0119 do wymagaj\u0105cych \u015brodowisk przemys\u0142owych<\/li>\n<\/ul>\n<hr data-start=\"2086\" data-end=\"2089\" \/>\n<h3 data-section-id=\"5dsqk\" data-start=\"2091\" data-end=\"2126\">Inteligentny system monitorowania<\/h3>\n<ul data-start=\"2127\" data-end=\"2269\">\n<li data-section-id=\"uteb38\" data-start=\"2127\" data-end=\"2175\">Monitorowanie temperatury uzwoje\u0144 w czasie rzeczywistym<\/li>\n<li data-section-id=\"143wrmj\" data-start=\"2176\" data-end=\"2201\">Automatyczne sterowanie wentylatorem<\/li>\n<li data-section-id=\"36ajnw\" data-start=\"2202\" data-end=\"2231\">Alarm i zabezpieczenie przed wyzwoleniem<\/li>\n<li data-section-id=\"1yt3w6j\" data-start=\"2232\" data-end=\"2269\">Opcjonalny system zdalnego monitorowania<\/li>\n<\/ul>\n<hr data-start=\"2271\" data-end=\"2274\" \/>\n<h3 data-section-id=\"129yrz8\" data-start=\"2276\" data-end=\"2319\">Kompaktowa i ekonomiczna instalacja<\/h3>\n<ul data-start=\"2320\" data-end=\"2390\">\n<li data-section-id=\"z73dtz\" data-start=\"2320\" data-end=\"2350\">Ma\u0142y rozmiar i lekko\u015b\u0107<\/li>\n<li data-section-id=\"1ed73f8\" data-start=\"2351\" data-end=\"2390\">Mniejsza przestrze\u0144 i koszty instalacji<\/li>\n<\/ul>\n<hr data-start=\"2392\" data-end=\"2395\" \/>\n<h2 data-section-id=\"1hq6i26\" data-start=\"2397\" data-end=\"2420\">Projektowanie strukturalne<\/h2>\n<h3 data-section-id=\"1oaxluj\" data-start=\"2422\" data-end=\"2449\">Uzwojenie wysokiego napi\u0119cia<\/h3>\n<ul data-start=\"2450\" data-end=\"2586\">\n<li data-section-id=\"1rs2wlq\" data-start=\"2450\" data-end=\"2488\">Przewody z beztlenowej folii miedzianej<\/li>\n<li data-section-id=\"3ff1a0\" data-start=\"2489\" data-end=\"2518\">System izolacji klasy F<\/li>\n<li data-section-id=\"4z6hz8\" data-start=\"2519\" data-end=\"2555\">Konstrukcja wzmocniona w\u0142\u00f3knem szklanym<\/li>\n<li data-section-id=\"dv6lws\" data-start=\"2556\" data-end=\"2586\">Pr\u00f3\u017cniowe odlewanie \u017cywicy epoksydowej<\/li>\n<\/ul>\n<p data-start=\"2588\" data-end=\"2599\">Korzy\u015bci:<\/p>\n<ul data-start=\"2600\" data-end=\"2691\">\n<li data-section-id=\"19zadxp\" data-start=\"2600\" data-end=\"2628\">Wysoka wytrzyma\u0142o\u015b\u0107 elektryczna<\/li>\n<li data-section-id=\"6ehatn\" data-start=\"2629\" data-end=\"2654\">Niski poziom roz\u0142adowania cz\u0119\u015bciowego<\/li>\n<li data-section-id=\"1b4urz8\" data-start=\"2655\" data-end=\"2691\">Doskona\u0142a wydajno\u015b\u0107 izolacji<\/li>\n<\/ul>\n<hr data-start=\"2693\" data-end=\"2696\" \/>\n<h3 data-section-id=\"vz1dz5\" data-start=\"2698\" data-end=\"2724\">Uzwojenie niskiego napi\u0119cia<\/h3>\n<ul data-start=\"2725\" data-end=\"2845\">\n<li data-section-id=\"1maj4yk\" data-start=\"2725\" data-end=\"2772\">Uzwojenie z folii miedzianej z izolacj\u0105 klasy F<\/li>\n<li data-section-id=\"10wylr8\" data-start=\"2773\" data-end=\"2803\">Wbudowane kana\u0142y powietrza ch\u0142odz\u0105cego<\/li>\n<li data-section-id=\"vblrvo\" data-start=\"2804\" data-end=\"2845\">Uszczelnienie \u017cywic\u0105 dla wi\u0119kszej trwa\u0142o\u015bci<\/li>\n<\/ul>\n<p data-start=\"2847\" data-end=\"2858\">Zapewnia:<\/p>\n<ul data-start=\"2859\" data-end=\"2925\">\n<li data-section-id=\"u66b5g\" data-start=\"2859\" data-end=\"2894\">Wysoka odporno\u015b\u0107 na zwarcia<\/li>\n<li data-section-id=\"7gsig0\" data-start=\"2895\" data-end=\"2925\">Wydajne rozpraszanie ciep\u0142a<\/li>\n<\/ul>\n<hr data-start=\"2927\" data-end=\"2930\" \/>\n<h3 data-section-id=\"mp6v7c\" data-start=\"2932\" data-end=\"2943\">Rdze\u0144<\/h3>\n<ul data-start=\"2944\" data-end=\"3064\">\n<li data-section-id=\"1i8lzu9\" data-start=\"2944\" data-end=\"3001\">Wysokiej jako\u015bci stal krzemowa walcowana na zimno o ziarnistej strukturze<\/li>\n<li data-section-id=\"18m9khk\" data-start=\"3002\" data-end=\"3034\">Konstrukcja po\u0142\u0105czenia schodkowego 45<\/li>\n<li data-section-id=\"1gp9gfs\" data-start=\"3035\" data-end=\"3064\">Laserowo wycinany system mocowania<\/li>\n<\/ul>\n<p data-start=\"3066\" data-end=\"3077\">Cechy:<\/p>\n<ul data-start=\"3078\" data-end=\"3145\">\n<li data-section-id=\"tkh7rp\" data-start=\"3078\" data-end=\"3098\">Niskie straty bez obci\u0105\u017cenia<\/li>\n<li data-section-id=\"1gveydu\" data-start=\"3099\" data-end=\"3116\">Zmniejszony ha\u0142as<\/li>\n<li data-section-id=\"1s47fpa\" data-start=\"3117\" data-end=\"3145\">Wysoka wytrzyma\u0142o\u015b\u0107 strukturalna<\/li>\n<\/ul>\n<hr data-start=\"3147\" data-end=\"3150\" \/>\n<h2 data-section-id=\"15du31k\" data-start=\"3152\" data-end=\"3170\">Aplikacje<\/h2>\n<ul data-start=\"3172\" data-end=\"3353\">\n<li data-section-id=\"kec6b0\" data-start=\"3172\" data-end=\"3210\">Budynki i kompleksy komercyjne<\/li>\n<li data-section-id=\"1b8blr8\" data-start=\"3211\" data-end=\"3241\">Lotniska i systemy metra<\/li>\n<li data-section-id=\"x7ouso\" data-start=\"3242\" data-end=\"3287\">Zak\u0142ady przemys\u0142owe i przemys\u0142 chemiczny<\/li>\n<li data-section-id=\"eogvhd\" data-start=\"3288\" data-end=\"3316\">Pomieszczenia dystrybucji zasilania<\/li>\n<li data-section-id=\"1ggvioq\" data-start=\"3317\" data-end=\"3353\">Zastosowania morskie i przybrze\u017cne<\/li>\n<\/ul>\n<hr data-start=\"3355\" data-end=\"3358\" \/>\n<h2 data-section-id=\"1rg4wz9\" data-start=\"3360\" data-end=\"3384\">Podsumowanie zalet<\/h2>\n<ul data-start=\"3386\" data-end=\"3610\">\n<li data-section-id=\"4478bs\" data-start=\"3386\" data-end=\"3411\">Ni\u017csze straty ni\u017c w przypadku SCB10<\/li>\n<li data-section-id=\"1s4bb9e\" data-start=\"3412\" data-end=\"3458\">Energooszcz\u0119dny i przyjazny dla \u015brodowiska<\/li>\n<li data-section-id=\"swjw0r\" data-start=\"3459\" data-end=\"3493\">Ognioodporne i bezobs\u0142ugowe<\/li>\n<li data-section-id=\"vhoyyl\" data-start=\"3494\" data-end=\"3532\">Wysoka niezawodno\u015b\u0107 i d\u0142uga \u017cywotno\u015b\u0107<\/li>\n<li data-section-id=\"oc6tql\" data-start=\"3533\" data-end=\"3564\">Mo\u017cliwo\u015b\u0107 inteligentnego monitorowania<\/li>\n<li data-section-id=\"1tttck1\" data-start=\"3565\" data-end=\"3610\">Nadaje si\u0119 do krytycznych zastosowa\u0144 wewn\u0119trznych<\/li>\n<\/ul>\n<hr data-start=\"3612\" data-end=\"3615\" \/>\n<h1 data-section-id=\"1lxd8kj\" data-start=\"3617\" data-end=\"3624\">FAQ<\/h1>\n<h3 data-section-id=\"gnwdjm\" data-start=\"3626\" data-end=\"3694\">1\ufe0f\u20e3 Jaka jest r\u00f3\u017cnica mi\u0119dzy transformatorami SCB10 i SCB11?<\/h3>\n<p data-start=\"3696\" data-end=\"3791\">Transformator SCB11 oferuje ni\u017csze straty i wy\u017csz\u0105 wydajno\u015b\u0107 energetyczn\u0105 w por\u00f3wnaniu do SCB10.<\/p>\n<p data-start=\"3793\" data-end=\"3894\">Jest bardziej odpowiedni dla projekt\u00f3w wymagaj\u0105cych energooszcz\u0119dno\u015bci i d\u0142ugoterminowej redukcji koszt\u00f3w.<\/p>\n<hr data-start=\"3896\" data-end=\"3899\" \/>\n<h3 data-section-id=\"17jktbc\" data-start=\"3901\" data-end=\"3951\">2\ufe0f\u20e3 Czy SCB11 nadaje si\u0119 do instalacji wewn\u0105trz pomieszcze\u0144?<\/h3>\n<p data-start=\"3953\" data-end=\"4001\">Tak, jest specjalnie zaprojektowany do u\u017cytku w pomieszczeniach:<\/p>\n<ul data-start=\"4002\" data-end=\"4083\">\n<li data-section-id=\"1lbhprg\" data-start=\"4002\" data-end=\"4020\">Ognioodporno\u015b\u0107<\/li>\n<li data-section-id=\"1rtbpgg\" data-start=\"4021\" data-end=\"4044\">Brak ryzyka wycieku oleju<\/li>\n<li data-section-id=\"sr2uf3\" data-start=\"4045\" data-end=\"4083\">Bezpieczny dla \u015brodowisk o du\u017cym zag\u0119szczeniu<\/li>\n<\/ul>\n<p data-start=\"4085\" data-end=\"4147\">Idealny do budynk\u00f3w komercyjnych i projekt\u00f3w infrastrukturalnych.<\/p>\n<hr data-start=\"4149\" data-end=\"4152\" \/>\n<h3 data-section-id=\"dwut0p\" data-start=\"4154\" data-end=\"4203\">3\ufe0f\u20e3 Czy transformator wymaga konserwacji?<\/h3>\n<p data-start=\"4205\" data-end=\"4265\">SCB11 jest transformatorem bezobs\u0142ugowym, wymagaj\u0105cym jedynie:<\/p>\n<ul data-start=\"4266\" data-end=\"4334\">\n<li data-section-id=\"1mj82eg\" data-start=\"4266\" data-end=\"4288\">Rutynowa kontrola<\/li>\n<li data-section-id=\"1vmf05w\" data-start=\"4289\" data-end=\"4334\">Monitorowanie za pomoc\u0105 systemu kontroli temperatury<\/li>\n<\/ul>\n<hr data-start=\"4336\" data-end=\"4339\" \/>\n<h3 data-section-id=\"103styt\" data-start=\"4341\" data-end=\"4385\">4\ufe0f\u20e3 Czy mo\u017cna zintegrowa\u0107 zdalne monitorowanie?<\/h3>\n<p data-start=\"4387\" data-end=\"4404\">Tak, obs\u0142uguje:<\/p>\n<ul data-start=\"4405\" data-end=\"4518\">\n<li data-section-id=\"13oiu88\" data-start=\"4405\" data-end=\"4431\">Monitorowanie temperatury<\/li>\n<li data-section-id=\"e5ci2u\" data-start=\"4432\" data-end=\"4447\">Sterowanie wentylatorem<\/li>\n<li data-section-id=\"11u18w2\" data-start=\"4448\" data-end=\"4482\">Funkcje alarmowe i zabezpieczaj\u0105ce<\/li>\n<li data-section-id=\"7vomgq\" data-start=\"4483\" data-end=\"4518\">Zdalne interfejsy komunikacyjne<\/li>\n<\/ul>\n<p data-start=\"4520\" data-end=\"4554\">Umo\u017cliwia integracj\u0119 z inteligentn\u0105 sieci\u0105.<\/p>","protected":false},"excerpt":{"rendered":"<p data-start=\"235\" data-end=\"430\">Transformator suchy SCB11 odlewany z \u017cywicy epoksydowej jest ulepszon\u0105 wersj\u0105 serii SCB10, zaprojektowan\u0105 z my\u015bl\u0105 o ni\u017cszych stratach, lepszej wydajno\u015bci energetycznej i zwi\u0119kszonej niezawodno\u015bci dzia\u0142ania.<\/p>\n<p data-start=\"432\" data-end=\"605\">Wyprodukowany przy u\u017cyciu zaawansowanej technologii odlewania, wysokiej jako\u015bci materia\u0142\u00f3w i precyzyjnych proces\u00f3w produkcyjnych, oferuje doskona\u0142\u0105 wydajno\u015b\u0107 elektryczn\u0105 i d\u0142ug\u0105 \u017cywotno\u015b\u0107.<\/p>\n<p data-start=\"607\" data-end=\"749\">Transformator ten jest bezolejowy, ognioodporny i przyjazny dla \u015brodowiska, dzi\u0119ki czemu idealnie nadaje si\u0119 do zastosowa\u0144 wewn\u0119trznych i krytycznych pod wzgl\u0119dem bezpiecze\u0144stwa.<\/p>","protected":false},"featured_media":2120,"comment_status":"open","ping_status":"closed","template":"","meta":{"site-sidebar-layout":"default","site-content-layout":"","ast-site-content-layout":"default","site-content-style":"default","site-sidebar-style":"default","ast-global-header-display":"","ast-banner-title-visibility":"","ast-main-header-display":"","ast-hfb-above-header-display":"","ast-hfb-below-header-display":"","ast-hfb-mobile-header-display":"","site-post-title":"","ast-breadcrumbs-content":"","ast-featured-img":"","footer-sml-layout":"","ast-disable-related-posts":"","theme-transparent-header-meta":"default","adv-header-id-meta":"","stick-header-meta":"","header-above-stick-meta":"","header-main-stick-meta":"","header-below-stick-meta":"","astra-migrate-meta-layouts":"set","ast-page-background-enabled":"default","ast-page-background-meta":{"desktop":{"background-color":"","background-image":"","background-repeat":"repeat","background-position":"center center","background-size":"auto","background-attachment":"scroll","background-type":"","background-media":"","overlay-type":"","overlay-color":"","overlay-opacity":"","overlay-gradient":""},"tablet":{"background-color":"","background-image":"","background-repeat":"repeat","background-position":"center center","background-size":"auto","background-attachment":"scroll","background-type":"","background-media":"","overlay-type":"","overlay-color":"","overlay-opacity":"","overlay-gradient":""},"mobile":{"background-color":"","background-image":"","background-repeat":"repeat","background-position":"center center","background-size":"auto","background-attachment":"scroll","background-type":"","background-media":"","overlay-type":"","overlay-color":"","overlay-opacity":"","overlay-gradient":""}},"ast-content-background-meta":{"desktop":{"background-color":"var(--ast-global-color-5)","background-image":"","background-repeat":"repeat","background-position":"center center","background-size":"auto","background-attachment":"scroll","background-type":"","background-media":"","overlay-type":"","overlay-color":"","overlay-opacity":"","overlay-gradient":""},"tablet":{"background-color":"var(--ast-global-color-5)","background-image":"","background-repeat":"repeat","background-position":"center center","background-size":"auto","background-attachment":"scroll","background-type":"","background-media":"","overlay-type":"","overlay-color":"","overlay-opacity":"","overlay-gradient":""},"mobile":{"background-color":"var(--ast-global-color-5)","background-image":"","background-repeat":"repeat","background-position":"center center","background-size":"auto","background-attachment":"scroll","background-type":"","background-media":"","overlay-type":"","overlay-color":"","overlay-opacity":"","overlay-gradient":""}}},"product_brand":[],"product_cat":[2034,2032],"product_tag":[2074,2071,2043,2041,2078,2075,2042,2076,2077,2044],"class_list":{"0":"post-2118","1":"product","2":"type-product","3":"status-publish","4":"has-post-thumbnail","6":"product_cat-dry-type-power-transformer","7":"product_cat-electrical-equipment","8":"product_tag-cast-resin-transformer","9":"product_tag-dry-type-transformer","10":"product_tag-electrical-equipment","11":"product_tag-energy-efficient-transformer","12":"product_tag-epoxy-transformer","13":"product_tag-indoor-transformer","14":"product_tag-power-transformer","15":"product_tag-safe-transformer","16":"product_tag-scb11-transformer","17":"product_tag-transformer-manufacturer","18":"desktop-align-left","19":"tablet-align-left","20":"mobile-align-left","22":"first","23":"instock","24":"shipping-taxable","25":"product-type-simple"},"_links":{"self":[{"href":"https:\/\/www.wonzh.com\/pl\/wp-json\/wp\/v2\/product\/2118","targetHints":{"allow":["GET"]}}],"collection":[{"href":"https:\/\/www.wonzh.com\/pl\/wp-json\/wp\/v2\/product"}],"about":[{"href":"https:\/\/www.wonzh.com\/pl\/wp-json\/wp\/v2\/types\/product"}],"replies":[{"embeddable":true,"href":"https:\/\/www.wonzh.com\/pl\/wp-json\/wp\/v2\/comments?post=2118"}],"wp:featuredmedia":[{"embeddable":true,"href":"https:\/\/www.wonzh.com\/pl\/wp-json\/wp\/v2\/media\/2120"}],"wp:attachment":[{"href":"https:\/\/www.wonzh.com\/pl\/wp-json\/wp\/v2\/media?parent=2118"}],"wp:term":[{"taxonomy":"product_brand","embeddable":true,"href":"https:\/\/www.wonzh.com\/pl\/wp-json\/wp\/v2\/product_brand?post=2118"},{"taxonomy":"product_cat","embeddable":true,"href":"https:\/\/www.wonzh.com\/pl\/wp-json\/wp\/v2\/product_cat?post=2118"},{"taxonomy":"product_tag","embeddable":true,"href":"https:\/\/www.wonzh.com\/pl\/wp-json\/wp\/v2\/product_tag?post=2118"}],"curies":[{"name":"wp","href":"https:\/\/api.w.org\/{rel}","templated":true}]}}