{"id":1480,"date":"2026-02-03T15:17:38","date_gmt":"2026-02-03T15:17:38","guid":{"rendered":"https:\/\/www.wonzh.com\/?post_type=product&#038;p=1480"},"modified":"2026-02-05T15:25:42","modified_gmt":"2026-02-05T15:25:42","slug":"ceramic-lined-parts-for-abrasion-resistant-industrial-applications","status":"publish","type":"product","link":"https:\/\/www.wonzh.com\/pl\/product\/ceramic-lined-parts-for-abrasion-resistant-industrial-applications\/","title":{"rendered":"Cz\u0119\u015bci z pow\u0142ok\u0105 ceramiczn\u0105 do odpornych na \u015bcieranie zastosowa\u0144 przemys\u0142owych"},"content":{"rendered":"<p data-start=\"580\" data-end=\"910\">Cz\u0119\u015bci z wyk\u0142adzin\u0105 ceramiczn\u0105 dostarczane przez Wonzh s\u0105 zaprojektowane tak, aby wytrzyma\u0107 silne \u015bcieranie, silne uderzenia i \u015brodowiska korozyjne w maszynach przemys\u0142owych. Cz\u0119\u015bci te s\u0105 szeroko stosowane w g\u00f3rnictwie, przemy\u015ble cementowym, stalowym, przetw\u00f3rstwie chemicznym, wytwarzaniu energii i sprz\u0119cie do transportu materia\u0142\u00f3w w celu przed\u0142u\u017cenia \u017cywotno\u015bci komponent\u00f3w o wysokim zu\u017cyciu.<\/p>\n<p data-start=\"912\" data-end=\"1304\">Nasze cz\u0119\u015bci \u0142\u0105cz\u0105 w sobie wytrzyma\u0142\u0105 metalow\u0105 podstaw\u0119 (stal w\u0119glowa, stal stopowa lub stal nierdzewna) z wysokiej jako\u015bci ok\u0142adzin\u0105 ceramiczn\u0105, kt\u00f3ra zapewnia wyj\u0105tkow\u0105 twardo\u015b\u0107, odporno\u015b\u0107 na zu\u017cycie i tolerancj\u0119 na uderzenia. Procesy produkcyjne obejmuj\u0105 precyzyjn\u0105 obr\u00f3bk\u0119 CNC, osadzanie ceramiki, klejenie i wyka\u0144czanie powierzchni, dzi\u0119ki czemu ok\u0142adzina jest trwa\u0142a, jednolita i bezpiecznie po\u0142\u0105czona z podstaw\u0105.<\/p>\n<p data-start=\"1306\" data-end=\"1612\">Wonzh oferuje standardowe i niestandardowe cz\u0119\u015bci wy\u0142o\u017cone ceramik\u0105, zaprojektowane zgodnie ze specyfikacjami klienta, wymaganiami OEM lub modelami urz\u0105dze\u0144. Nasz zesp\u00f3\u0142 techniczny doradza w zakresie doboru materia\u0142\u00f3w ceramicznych, grubo\u015bci, geometrii i technik \u0142\u0105czenia w celu optymalizacji wydajno\u015bci w trudnych warunkach pracy.<\/p>\n<h2 data-start=\"1619\" data-end=\"1638\"><strong data-start=\"1622\" data-end=\"1638\">Kluczowe cechy<\/strong><\/h2>\n<ul data-start=\"1640\" data-end=\"1959\">\n<li data-start=\"1640\" data-end=\"1681\">\n<p data-start=\"1642\" data-end=\"1681\">Doskona\u0142a odporno\u015b\u0107 na zu\u017cycie i \u015bcieranie<\/p>\n<\/li>\n<li data-start=\"1682\" data-end=\"1719\">\n<p data-start=\"1684\" data-end=\"1719\">Odporno\u015b\u0107 na uderzenia i korozj\u0119<\/p>\n<\/li>\n<li data-start=\"1720\" data-end=\"1780\">\n<p data-start=\"1722\" data-end=\"1780\">Precyzyjna obr\u00f3bka zapewniaj\u0105ca sp\u00f3jne dopasowanie i funkcjonalno\u015b\u0107<\/p>\n<\/li>\n<li data-start=\"1781\" data-end=\"1836\">\n<p data-start=\"1783\" data-end=\"1836\">Konfigurowalne kszta\u0142ty, rozmiary i grubo\u015bci ceramiki<\/p>\n<\/li>\n<li data-start=\"1837\" data-end=\"1894\">\n<p data-start=\"1839\" data-end=\"1894\">Obs\u0142uga prototyp\u00f3w, produkcji ma\u0142oseryjnej i masowej<\/p>\n<\/li>\n<li data-start=\"1895\" data-end=\"1959\">\n<p data-start=\"1897\" data-end=\"1959\">Wyd\u0142u\u017ca \u017cywotno\u015b\u0107 sprz\u0119tu i zmniejsza koszty konserwacji<\/p>\n<\/li>\n<\/ul>\n<h2 data-start=\"1966\" data-end=\"1993\"><strong data-start=\"1969\" data-end=\"1993\">Typowe zastosowania<\/strong><\/h2>\n<ul data-start=\"1995\" data-end=\"2334\">\n<li data-start=\"1995\" data-end=\"2062\">\n<p data-start=\"1997\" data-end=\"2062\">Zsuwnie, leje i rury zasilaj\u0105ce w przemy\u015ble wydobywczym i cementowym<\/p>\n<\/li>\n<li data-start=\"2063\" data-end=\"2112\">\n<p data-start=\"2065\" data-end=\"2112\">Wyk\u0142adziny przeciwzu\u017cyciowe do m\u0142yn\u00f3w, kruszarek i szlifierek<\/p>\n<\/li>\n<li data-start=\"2113\" data-end=\"2158\">\n<p data-start=\"2115\" data-end=\"2158\">Pompy i zawory obs\u0142uguj\u0105ce szlam \u015bcierny<\/p>\n<\/li>\n<li data-start=\"2159\" data-end=\"2210\">\n<p data-start=\"2161\" data-end=\"2210\">Sprz\u0119t do przenoszenia materia\u0142\u00f3w i przetwarzania masowego<\/p>\n<\/li>\n<li data-start=\"2211\" data-end=\"2266\">\n<p data-start=\"2213\" data-end=\"2266\">Maszyny do wytwarzania energii i ruroci\u0105gi przemys\u0142owe<\/p>\n<\/li>\n<li data-start=\"2267\" data-end=\"2334\">\n<p data-start=\"2269\" data-end=\"2334\">Sprz\u0119t chemiczny i przetw\u00f3rczy nara\u017cony na zu\u017cycie i korozj\u0119<\/p>\n<\/li>\n<\/ul>\n<h2 data-start=\"2341\" data-end=\"2382\"><strong data-start=\"2344\" data-end=\"2382\">Dostarczane przez nas typy cz\u0119\u015bci z pow\u0142ok\u0105 ceramiczn\u0105<\/strong><\/h2>\n<div class=\"TyagGW_tableContainer\">\n<div class=\"group TyagGW_tableWrapper flex flex-col-reverse w-fit\" tabindex=\"-1\">\n<table class=\"w-fit min-w-(--thread-content-width)\" data-start=\"2384\" data-end=\"2969\">\n<thead data-start=\"2384\" data-end=\"2430\">\n<tr data-start=\"2384\" data-end=\"2430\">\n<th data-start=\"2384\" data-end=\"2401\" data-col-size=\"sm\">Typ komponentu<\/th>\n<th data-start=\"2401\" data-end=\"2415\" data-col-size=\"md\">Opis<\/th>\n<th data-start=\"2415\" data-end=\"2430\" data-col-size=\"sm\">Typowe zastosowanie<\/th>\n<\/tr>\n<\/thead>\n<tbody data-start=\"2445\" data-end=\"2969\">\n<tr data-start=\"2445\" data-end=\"2543\">\n<td data-start=\"2445\" data-end=\"2473\" data-col-size=\"sm\"><strong data-start=\"2447\" data-end=\"2472\">Wyk\u0142adziny leja zsypowego<\/strong><\/td>\n<td data-start=\"2473\" data-end=\"2513\" data-col-size=\"md\">P\u0142yty lub segmenty wy\u0142o\u017cone ceramik\u0105<\/td>\n<td data-start=\"2513\" data-end=\"2543\" data-col-size=\"sm\">Obs\u0142uga materia\u0142\u00f3w \u015bciernych<\/td>\n<\/tr>\n<tr data-start=\"2544\" data-end=\"2640\">\n<td data-start=\"2544\" data-end=\"2572\" data-col-size=\"sm\"><strong data-start=\"2546\" data-end=\"2571\">Wyk\u0142adziny m\u0142yna\/kruszarki<\/strong><\/td>\n<td data-start=\"2572\" data-end=\"2604\" data-col-size=\"md\">P\u0142yty lub pr\u0119ty z pow\u0142ok\u0105 ceramiczn\u0105<\/td>\n<td data-start=\"2604\" data-end=\"2640\" data-col-size=\"sm\">Operacje szlifowania i kruszenia<\/td>\n<\/tr>\n<tr data-start=\"2641\" data-end=\"2752\">\n<td data-start=\"2641\" data-end=\"2671\" data-col-size=\"sm\"><strong data-start=\"2643\" data-end=\"2670\">Komponenty pompy\/zaworu<\/strong><\/td>\n<td data-start=\"2671\" data-end=\"2714\" data-col-size=\"md\">Wyk\u0142adzina ceramiczna do wirnik\u00f3w i obud\u00f3w<\/td>\n<td data-start=\"2714\" data-end=\"2752\" data-col-size=\"sm\">Obs\u0142uga szlamu i p\u0142yn\u00f3w \u015bciernych<\/td>\n<\/tr>\n<tr data-start=\"2753\" data-end=\"2850\">\n<td data-start=\"2753\" data-end=\"2778\" data-col-size=\"sm\"><strong data-start=\"2755\" data-end=\"2777\">Wyk\u0142adziny rurowe<\/strong><\/td>\n<td data-start=\"2778\" data-end=\"2810\" data-col-size=\"md\">Wk\u0142adki ceramiczne do ruroci\u0105g\u00f3w<\/td>\n<td data-start=\"2810\" data-end=\"2850\" data-col-size=\"sm\">Transport szlamu i medi\u00f3w korozyjnych<\/td>\n<\/tr>\n<tr data-start=\"2851\" data-end=\"2969\">\n<td data-start=\"2851\" data-end=\"2884\" data-col-size=\"sm\"><strong data-start=\"2853\" data-end=\"2883\">Niestandardowe cz\u0119\u015bci z pow\u0142ok\u0105 ceramiczn\u0105<\/strong><\/td>\n<td data-start=\"2884\" data-end=\"2930\" data-col-size=\"md\">Zaprojektowane zgodnie z rysunkiem lub specyfikacj\u0105 OEM<\/td>\n<td data-start=\"2930\" data-end=\"2969\" data-col-size=\"sm\">Specjalistyczne zastosowania przemys\u0142owe<\/td>\n<\/tr>\n<\/tbody>\n<\/table>\n<\/div>\n<\/div>\n<h2 data-start=\"2976\" data-end=\"3028\"><strong data-start=\"2979\" data-end=\"3026\">Parametry techniczne (zakres reprezentatywny)<\/strong><\/h2>\n<div class=\"TyagGW_tableContainer\">\n<div class=\"group TyagGW_tableWrapper flex flex-col-reverse w-fit\" tabindex=\"-1\">\n<table class=\"w-fit min-w-(--thread-content-width)\" data-start=\"3030\" data-end=\"3579\">\n<thead data-start=\"3030\" data-end=\"3067\">\n<tr data-start=\"3030\" data-end=\"3067\">\n<th data-start=\"3030\" data-end=\"3042\" data-col-size=\"sm\">Parametr<\/th>\n<th data-start=\"3042\" data-end=\"3067\" data-col-size=\"md\">Specyfikacja \/ Zakres<\/th>\n<\/tr>\n<\/thead>\n<tbody data-start=\"3078\" data-end=\"3579\">\n<tr data-start=\"3078\" data-end=\"3146\">\n<td data-start=\"3078\" data-end=\"3100\" data-col-size=\"sm\">Metalowa podstawa<\/td>\n<td data-start=\"3100\" data-end=\"3146\" data-col-size=\"md\">Stal w\u0119glowa, stal stopowa, stal nierdzewna<\/td>\n<\/tr>\n<tr data-start=\"3147\" data-end=\"3246\">\n<td data-start=\"3147\" data-end=\"3166\" data-col-size=\"sm\">Materia\u0142 ceramiczny<\/td>\n<td data-start=\"3166\" data-end=\"3246\" data-col-size=\"md\">Tlenek glinu (Al\u2082O\u2083), tlenek cyrkonu (ZrO\u2082), w\u0119glik krzemu (SiC), w\u0119glik boru (B\u2084C)<\/td>\n<\/tr>\n<tr data-start=\"3247\" data-end=\"3298\">\n<td data-start=\"3247\" data-end=\"3267\" data-col-size=\"sm\">Grubo\u015b\u0107 ceramiki<\/td>\n<td data-start=\"3267\" data-end=\"3298\" data-col-size=\"md\">2 mm - 20 mm (z mo\u017cliwo\u015bci\u0105 dostosowania)<\/td>\n<\/tr>\n<tr data-start=\"3299\" data-end=\"3366\">\n<td data-start=\"3299\" data-end=\"3324\" data-col-size=\"sm\">Rozmiar p\u0142yty \/ komponentu<\/td>\n<td data-start=\"3324\" data-end=\"3366\" data-col-size=\"md\">Do 2000 mm \u00d7 1000 mm (z mo\u017cliwo\u015bci\u0105 dostosowania)<\/td>\n<\/tr>\n<tr data-start=\"3367\" data-end=\"3403\">\n<td data-start=\"3367\" data-end=\"3378\" data-col-size=\"sm\">Twardo\u015b\u0107<\/td>\n<td data-start=\"3378\" data-end=\"3403\" data-col-size=\"md\">HRA 85 - 92 (ceramika)<\/td>\n<\/tr>\n<tr data-start=\"3404\" data-end=\"3478\">\n<td data-start=\"3404\" data-end=\"3421\" data-col-size=\"sm\">Metoda \u0142\u0105czenia<\/td>\n<td data-start=\"3421\" data-end=\"3478\" data-col-size=\"md\">Spiekanie w wysokiej temperaturze, lutowanie twarde, klejenie<\/td>\n<\/tr>\n<tr data-start=\"3479\" data-end=\"3540\">\n<td data-start=\"3479\" data-end=\"3497\" data-col-size=\"sm\">Typ produkcji<\/td>\n<td data-start=\"3497\" data-end=\"3540\" data-col-size=\"md\">Prototyp, ma\u0142a partia, produkcja masowa<\/td>\n<\/tr>\n<tr data-start=\"3541\" data-end=\"3579\">\n<td data-start=\"3541\" data-end=\"3563\" data-col-size=\"sm\">Obs\u0142ugiwane standardy<\/td>\n<td data-start=\"3563\" data-end=\"3579\" data-col-size=\"md\">ISO, DIN, GB<\/td>\n<\/tr>\n<\/tbody>\n<\/table>\n<\/div>\n<\/div>\n<h2 data-start=\"3586\" data-end=\"3619\"><strong data-start=\"3589\" data-end=\"3619\">Przewodnik po materia\u0142ach i wyborze<\/strong><\/h2>\n<div class=\"TyagGW_tableContainer\">\n<div class=\"group TyagGW_tableWrapper flex flex-col-reverse w-fit\" tabindex=\"-1\">\n<table class=\"w-fit min-w-(--thread-content-width)\" data-start=\"3621\" data-end=\"3913\">\n<thead data-start=\"3621\" data-end=\"3665\">\n<tr data-start=\"3621\" data-end=\"3665\">\n<th data-start=\"3621\" data-end=\"3637\" data-col-size=\"sm\">Materia\u0142 bazowy<\/th>\n<th data-start=\"3637\" data-end=\"3650\" data-col-size=\"sm\">Zalety<\/th>\n<th data-start=\"3650\" data-end=\"3665\" data-col-size=\"sm\">Typowe zastosowanie<\/th>\n<\/tr>\n<\/thead>\n<tbody data-start=\"3680\" data-end=\"3913\">\n<tr data-start=\"3680\" data-end=\"3763\">\n<td data-start=\"3680\" data-end=\"3695\" data-col-size=\"sm\">Stal w\u0119glowa<\/td>\n<td data-start=\"3695\" data-end=\"3728\" data-col-size=\"sm\">Ekonomiczna i \u0142atwa obr\u00f3bka<\/td>\n<td data-start=\"3728\" data-end=\"3763\" data-col-size=\"sm\">Og\u00f3lne zastosowania przemys\u0142owe<\/td>\n<\/tr>\n<tr data-start=\"3764\" data-end=\"3836\">\n<td data-start=\"3764\" data-end=\"3778\" data-col-size=\"sm\">Stal stopowa<\/td>\n<td data-start=\"3778\" data-end=\"3812\" data-col-size=\"sm\">Wysoka wytrzyma\u0142o\u015b\u0107, odporno\u015b\u0107 na uderzenia<\/td>\n<td data-start=\"3812\" data-end=\"3836\" data-col-size=\"sm\">Maszyny ci\u0119\u017ckie<\/td>\n<\/tr>\n<tr data-start=\"3837\" data-end=\"3913\">\n<td data-start=\"3837\" data-end=\"3855\" data-col-size=\"sm\">Stal nierdzewna<\/td>\n<td data-start=\"3855\" data-end=\"3877\" data-col-size=\"sm\">Odporno\u015b\u0107 na korozj\u0119<\/td>\n<td data-start=\"3877\" data-end=\"3913\" data-col-size=\"sm\">\u015arodowisko chemiczne i morskie<\/td>\n<\/tr>\n<\/tbody>\n<\/table>\n<\/div>\n<\/div>\n<div class=\"TyagGW_tableContainer\">\n<div class=\"group TyagGW_tableWrapper flex flex-col-reverse w-fit\" tabindex=\"-1\">\n<table class=\"w-fit min-w-(--thread-content-width)\" data-start=\"3915\" data-end=\"4351\">\n<thead data-start=\"3915\" data-end=\"3966\">\n<tr data-start=\"3915\" data-end=\"3966\">\n<th data-start=\"3915\" data-end=\"3934\" data-col-size=\"sm\">Materia\u0142 ceramiczny<\/th>\n<th data-start=\"3934\" data-end=\"3947\" data-col-size=\"sm\">Zalety<\/th>\n<th data-start=\"3947\" data-end=\"3966\" data-col-size=\"md\">Zalecane dla<\/th>\n<\/tr>\n<\/thead>\n<tbody data-start=\"3981\" data-end=\"4351\">\n<tr data-start=\"3981\" data-end=\"4059\">\n<td data-start=\"3981\" data-end=\"3999\" data-col-size=\"sm\">Tlenek glinu (Al\u2082O\u2083)<\/td>\n<td data-start=\"3999\" data-end=\"4031\" data-col-size=\"sm\">Wysoka twardo\u015b\u0107, odporno\u015b\u0107 na zu\u017cycie<\/td>\n<td data-start=\"4031\" data-end=\"4059\" data-col-size=\"md\">Obs\u0142uga szlamu \u015bciernego<\/td>\n<\/tr>\n<tr data-start=\"4060\" data-end=\"4147\">\n<td data-start=\"4060\" data-end=\"4078\" data-col-size=\"sm\">Cyrkon (ZrO\u2082)<\/td>\n<td data-start=\"4078\" data-end=\"4120\" data-col-size=\"sm\">Wysoka odporno\u015b\u0107 na p\u0119kanie, odporno\u015b\u0107 na zu\u017cycie<\/td>\n<td data-start=\"4120\" data-end=\"4147\" data-col-size=\"md\">Operacje o du\u017cym wp\u0142ywie<\/td>\n<\/tr>\n<tr data-start=\"4148\" data-end=\"4255\">\n<td data-start=\"4148\" data-end=\"4172\" data-col-size=\"sm\">W\u0119glik krzemu (SiC)<\/td>\n<td data-start=\"4172\" data-end=\"4209\" data-col-size=\"sm\">Wyj\u0105tkowo twardy, odporny na chemikalia<\/td>\n<td data-start=\"4209\" data-end=\"4255\" data-col-size=\"md\">Szlam chemiczny, ekstremalne warunki zu\u017cycia<\/td>\n<\/tr>\n<tr data-start=\"4256\" data-end=\"4351\">\n<td data-start=\"4256\" data-end=\"4278\" data-col-size=\"sm\">W\u0119glik boru (B\u2084C)<\/td>\n<td data-start=\"4278\" data-end=\"4315\" data-col-size=\"sm\">Ultra twarda, wysoka odporno\u015b\u0107 na uderzenia<\/td>\n<td data-start=\"4315\" data-end=\"4351\" data-col-size=\"md\">Sprz\u0119t o wysokiej odporno\u015bci na zu\u017cycie i uderzenia<\/td>\n<\/tr>\n<\/tbody>\n<\/table>\n<\/div>\n<\/div>\n<h2 data-start=\"4358\" data-end=\"4381\"><strong data-start=\"4361\" data-end=\"4381\">Dlaczego warto wybra\u0107 Wonzh<\/strong><\/h2>\n<ul data-start=\"4383\" data-end=\"4732\">\n<li data-start=\"4383\" data-end=\"4437\">\n<p data-start=\"4385\" data-end=\"4437\">Zaawansowana produkcja komponent\u00f3w z ok\u0142adzinami ceramicznymi<\/p>\n<\/li>\n<li data-start=\"4438\" data-end=\"4494\">\n<p data-start=\"4440\" data-end=\"4494\">Precyzyjna obr\u00f3bka i trwa\u0142e po\u0142\u0105czenie ceramiczne<\/p>\n<\/li>\n<li data-start=\"4495\" data-end=\"4562\">\n<p data-start=\"4497\" data-end=\"4562\">Szeroka gama materia\u0142\u00f3w ceramicznych i bazowych do pracy w trudnych warunkach<\/p>\n<\/li>\n<li data-start=\"4563\" data-end=\"4626\">\n<p data-start=\"4565\" data-end=\"4626\">Niestandardowe wsparcie in\u017cynieryjne dla OEM i maszyn przemys\u0142owych<\/p>\n<\/li>\n<li data-start=\"4627\" data-end=\"4676\">\n<p data-start=\"4629\" data-end=\"4676\">Zmniejsza zu\u017cycie, przestoje i koszty konserwacji<\/p>\n<\/li>\n<li data-start=\"4677\" data-end=\"4732\">\n<p data-start=\"4679\" data-end=\"4732\">Od prototypu do masowej produkcji z niezawodn\u0105 dostaw\u0105<\/p>\n<\/li>\n<\/ul>\n<h2 data-start=\"4739\" data-end=\"4780\"><strong data-start=\"4742\" data-end=\"4778\">Cz\u0119sto zadawane pytania (FAQ)<\/strong><\/h2>\n<h3 data-start=\"4782\" data-end=\"4834\"><strong data-start=\"4786\" data-end=\"4832\">P1: Do czego s\u0142u\u017c\u0105 cz\u0119\u015bci z wyk\u0142adzin\u0105 ceramiczn\u0105?<\/strong><\/h3>\n<p data-start=\"4835\" data-end=\"4934\">Chroni\u0105 sprz\u0119t przed \u015bcieraniem, uderzeniami i korozj\u0105 w zastosowaniach przemys\u0142owych o wysokim zu\u017cyciu.<\/p>\n<h3 data-start=\"4936\" data-end=\"4984\"><strong data-start=\"4940\" data-end=\"4982\">P2: Czy mog\u0119 uzyska\u0107 niestandardowe kszta\u0142ty i rozmiary?<\/strong><\/h3>\n<p data-start=\"4985\" data-end=\"5086\">Tak. Produkujemy cz\u0119\u015bci wy\u0142o\u017cone ceramik\u0105 na podstawie rysunk\u00f3w, modeli urz\u0105dze\u0144 lub specyfikacji OEM.<\/p>\n<h3 data-start=\"5088\" data-end=\"5140\"><strong data-start=\"5092\" data-end=\"5138\">P3: Jakie materia\u0142y ceramiczne s\u0105 dost\u0119pne?<\/strong><\/h3>\n<p data-start=\"5141\" data-end=\"5271\">Opcje obejmuj\u0105 <strong data-start=\"5157\" data-end=\"5214\">Tlenek glinu, tlenek cyrkonu, w\u0119glik krzemu i w\u0119glik boru<\/strong>, w zale\u017cno\u015bci od zu\u017cycia, uderze\u0144 i wymaga\u0144 chemicznych.<\/p>\n<h3 data-start=\"5273\" data-end=\"5328\"><strong data-start=\"5277\" data-end=\"5326\">P4: Czy mo\u017cna \u0142\u0105czy\u0107 ceramik\u0119 z r\u00f3\u017cnymi metalami?<\/strong><\/h3>\n<p data-start=\"5329\" data-end=\"5473\">Tak. \u0141\u0105czymy ceramik\u0119 z <strong data-start=\"5354\" data-end=\"5404\">stal w\u0119glowa, stal stopowa i stal nierdzewna<\/strong> przy u\u017cyciu spiekania w wysokiej temperaturze, lutowania twardego lub technik klejenia.<\/p>\n<h3 data-start=\"5475\" data-end=\"5538\"><strong data-start=\"5479\" data-end=\"5536\">P5: Jakie bran\u017ce powszechnie wykorzystuj\u0105 cz\u0119\u015bci z ok\u0142adzinami ceramicznymi?<\/strong><\/h3>\n<p data-start=\"5539\" data-end=\"5636\">Przemys\u0142 wydobywczy, cementowy, stalowy, przetw\u00f3rstwa chemicznego, wytwarzania energii i transportu materia\u0142\u00f3w.<\/p>","protected":false},"excerpt":{"rendered":"<p>Cz\u0119\u015bci z wyk\u0142adzin\u0105 ceramiczn\u0105 dostarczane przez Wonzh s\u0105 zaprojektowane tak, aby wytrzyma\u0107 silne \u015bcieranie, silne uderzenia i \u015brodowiska korozyjne w maszynach przemys\u0142owych. Cz\u0119\u015bci te s\u0105 szeroko stosowane w g\u00f3rnictwie, przemy\u015ble cementowym, stalowym, przetw\u00f3rstwie chemicznym, wytwarzaniu energii i sprz\u0119cie do transportu materia\u0142\u00f3w w celu przed\u0142u\u017cenia \u017cywotno\u015bci komponent\u00f3w o wysokim zu\u017cyciu.<\/p>","protected":false},"featured_media":1542,"comment_status":"open","ping_status":"closed","template":"","meta":{"site-sidebar-layout":"default","site-content-layout":"","ast-site-content-layout":"default","site-content-style":"default","site-sidebar-style":"default","ast-global-header-display":"","ast-banner-title-visibility":"","ast-main-header-display":"","ast-hfb-above-header-display":"","ast-hfb-below-header-display":"","ast-hfb-mobile-header-display":"","site-post-title":"","ast-breadcrumbs-content":"","ast-featured-img":"","footer-sml-layout":"","ast-disable-related-posts":"","theme-transparent-header-meta":"default","adv-header-id-meta":"","stick-header-meta":"default","header-above-stick-meta":"","header-main-stick-meta":"","header-below-stick-meta":"","astra-migrate-meta-layouts":"set","ast-page-background-enabled":"default","ast-page-background-meta":{"desktop":{"background-color":"","background-image":"","background-repeat":"repeat","background-position":"center center","background-size":"auto","background-attachment":"scroll","background-type":"","background-media":"","overlay-type":"","overlay-color":"","overlay-opacity":"","overlay-gradient":""},"tablet":{"background-color":"","background-image":"","background-repeat":"repeat","background-position":"center center","background-size":"auto","background-attachment":"scroll","background-type":"","background-media":"","overlay-type":"","overlay-color":"","overlay-opacity":"","overlay-gradient":""},"mobile":{"background-color":"","background-image":"","background-repeat":"repeat","background-position":"center center","background-size":"auto","background-attachment":"scroll","background-type":"","background-media":"","overlay-type":"","overlay-color":"","overlay-opacity":"","overlay-gradient":""}},"ast-content-background-meta":{"desktop":{"background-color":"var(--ast-global-color-5)","background-image":"","background-repeat":"repeat","background-position":"center center","background-size":"auto","background-attachment":"scroll","background-type":"","background-media":"","overlay-type":"","overlay-color":"","overlay-opacity":"","overlay-gradient":""},"tablet":{"background-color":"var(--ast-global-color-5)","background-image":"","background-repeat":"repeat","background-position":"center center","background-size":"auto","background-attachment":"scroll","background-type":"","background-media":"","overlay-type":"","overlay-color":"","overlay-opacity":"","overlay-gradient":""},"mobile":{"background-color":"var(--ast-global-color-5)","background-image":"","background-repeat":"repeat","background-position":"center center","background-size":"auto","background-attachment":"scroll","background-type":"","background-media":"","overlay-type":"","overlay-color":"","overlay-opacity":"","overlay-gradient":""}}},"product_brand":[],"product_cat":[24],"product_tag":[434,429,432,428,440,343,439,420,435,436,437,431,438,433,430],"class_list":{"0":"post-1480","1":"product","2":"type-product","3":"status-publish","4":"has-post-thumbnail","6":"product_cat-wear-parts-wear-components","7":"product_tag-abrasion-resistant-parts","8":"product_tag-alumina-lined-parts","9":"product_tag-boron-carbide-lined-parts","10":"product_tag-ceramic-lined-parts","11":"product_tag-china-ceramic-lined-manufacturer","12":"product_tag-crusher-liners","13":"product_tag-custom-ceramic-lined-parts","14":"product_tag-hopper-liners","15":"product_tag-industrial-liners","16":"product_tag-mill-liners","17":"product_tag-pipe-liners","18":"product_tag-sic-lined-parts","19":"product_tag-slurry-handling-parts","20":"product_tag-wear-resistant-components","21":"product_tag-zirconia-lined-parts","22":"desktop-align-left","23":"tablet-align-left","24":"mobile-align-left","26":"first","27":"instock","28":"shipping-taxable","29":"product-type-simple"},"_links":{"self":[{"href":"https:\/\/www.wonzh.com\/pl\/wp-json\/wp\/v2\/product\/1480","targetHints":{"allow":["GET"]}}],"collection":[{"href":"https:\/\/www.wonzh.com\/pl\/wp-json\/wp\/v2\/product"}],"about":[{"href":"https:\/\/www.wonzh.com\/pl\/wp-json\/wp\/v2\/types\/product"}],"replies":[{"embeddable":true,"href":"https:\/\/www.wonzh.com\/pl\/wp-json\/wp\/v2\/comments?post=1480"}],"wp:featuredmedia":[{"embeddable":true,"href":"https:\/\/www.wonzh.com\/pl\/wp-json\/wp\/v2\/media\/1542"}],"wp:attachment":[{"href":"https:\/\/www.wonzh.com\/pl\/wp-json\/wp\/v2\/media?parent=1480"}],"wp:term":[{"taxonomy":"product_brand","embeddable":true,"href":"https:\/\/www.wonzh.com\/pl\/wp-json\/wp\/v2\/product_brand?post=1480"},{"taxonomy":"product_cat","embeddable":true,"href":"https:\/\/www.wonzh.com\/pl\/wp-json\/wp\/v2\/product_cat?post=1480"},{"taxonomy":"product_tag","embeddable":true,"href":"https:\/\/www.wonzh.com\/pl\/wp-json\/wp\/v2\/product_tag?post=1480"}],"curies":[{"name":"wp","href":"https:\/\/api.w.org\/{rel}","templated":true}]}}