{"id":1478,"date":"2026-02-03T15:15:13","date_gmt":"2026-02-03T15:15:13","guid":{"rendered":"https:\/\/www.wonzh.com\/?post_type=product&#038;p=1478"},"modified":"2026-02-05T15:10:51","modified_gmt":"2026-02-05T15:10:51","slug":"industrial-wear-plates-for-heavy-duty-machinery","status":"publish","type":"product","link":"https:\/\/www.wonzh.com\/pl\/product\/industrial-wear-plates-for-heavy-duty-machinery\/","title":{"rendered":"Przemys\u0142owe p\u0142yty \u015bcieralne do maszyn ci\u0119\u017ckich"},"content":{"rendered":"<p data-start=\"555\" data-end=\"860\">Wear Plates supplied by Wonzh are engineered to provide abrasion, impact, and corrosion resistance in industrial equipment. They are widely used in mining, cement, steel, construction, material handling, and power generation machinery to protect structural surfaces and reduce maintenance costs.<\/p>\n<p data-start=\"862\" data-end=\"1155\">Our wear plates are manufactured from high-strength carbon steel, alloy steel, stainless steel, and high-chrome wear-resistant steel. Advanced processes including CNC cutting, heat treatment, hardfacing, and surface finishing ensure high durability, precision, and long service life.<\/p>\n<p data-start=\"1157\" data-end=\"1440\">Wonzh provides standard and custom wear plates based on your specifications, drawings, or equipment models. Our engineering team supports material selection, thickness optimization, surface treatment, and tolerance control, ensuring maximum protection and minimal downtime.<\/p>\n<h2 data-start=\"1447\" data-end=\"1466\"><strong data-start=\"1450\" data-end=\"1466\">Kluczowe cechy<\/strong><\/h2>\n<ul data-start=\"1468\" data-end=\"1746\">\n<li data-start=\"1468\" data-end=\"1507\">\n<p data-start=\"1470\" data-end=\"1507\">High abrasion and impact resistance<\/p>\n<\/li>\n<li data-start=\"1508\" data-end=\"1546\">\n<p data-start=\"1510\" data-end=\"1546\">Durable under high-load conditions<\/p>\n<\/li>\n<li data-start=\"1547\" data-end=\"1601\">\n<p data-start=\"1549\" data-end=\"1601\">Custom sizes, thicknesses, and materials available<\/p>\n<\/li>\n<li data-start=\"1602\" data-end=\"1641\">\n<p data-start=\"1604\" data-end=\"1641\">Precision-cut for easy installation<\/p>\n<\/li>\n<li data-start=\"1642\" data-end=\"1697\">\n<p data-start=\"1644\" data-end=\"1697\">Prototype, small-batch, and mass production support<\/p>\n<\/li>\n<li data-start=\"1698\" data-end=\"1746\">\n<p data-start=\"1700\" data-end=\"1746\">Compatible with various industrial equipment<\/p>\n<\/li>\n<\/ul>\n<h2 data-start=\"1753\" data-end=\"1780\"><strong data-start=\"1756\" data-end=\"1780\">Typowe zastosowania<\/strong><\/h2>\n<ul data-start=\"1782\" data-end=\"1991\">\n<li data-start=\"1782\" data-end=\"1821\">\n<p data-start=\"1784\" data-end=\"1821\">Crushers, hoppers, chutes, and bins<\/p>\n<\/li>\n<li data-start=\"1822\" data-end=\"1853\">\n<p data-start=\"1824\" data-end=\"1853\">Conveyor and feeder systems<\/p>\n<\/li>\n<li data-start=\"1854\" data-end=\"1885\">\n<p data-start=\"1856\" data-end=\"1885\">Mining and quarry equipment<\/p>\n<\/li>\n<li data-start=\"1886\" data-end=\"1925\">\n<p data-start=\"1888\" data-end=\"1925\">Cement and steel industry machinery<\/p>\n<\/li>\n<li data-start=\"1926\" data-end=\"1955\">\n<p data-start=\"1928\" data-end=\"1955\">Material handling systems<\/p>\n<\/li>\n<li data-start=\"1956\" data-end=\"1991\">\n<p data-start=\"1958\" data-end=\"1991\">Heavy-duty processing equipment<\/p>\n<\/li>\n<\/ul>\n<h2 data-start=\"1998\" data-end=\"2031\"><strong data-start=\"2001\" data-end=\"2031\">Wear Plate Types We Supply<\/strong><\/h2>\n<div class=\"TyagGW_tableContainer\">\n<div class=\"group TyagGW_tableWrapper flex flex-col-reverse w-fit\" tabindex=\"-1\">\n<table class=\"w-fit min-w-(--thread-content-width)\" data-start=\"2033\" data-end=\"2567\">\n<thead data-start=\"2033\" data-end=\"2080\">\n<tr data-start=\"2033\" data-end=\"2080\">\n<th data-start=\"2033\" data-end=\"2051\" data-col-size=\"sm\">Wear Plate Type<\/th>\n<th data-start=\"2051\" data-end=\"2065\" data-col-size=\"sm\">Opis<\/th>\n<th data-start=\"2065\" data-end=\"2080\" data-col-size=\"sm\">Typowe zastosowanie<\/th>\n<\/tr>\n<\/thead>\n<tbody data-start=\"2095\" data-end=\"2567\">\n<tr data-start=\"2095\" data-end=\"2176\">\n<td data-start=\"2095\" data-end=\"2122\" data-col-size=\"sm\"><strong data-start=\"2097\" data-end=\"2121\">Standard Wear Plates<\/strong><\/td>\n<td data-start=\"2122\" data-end=\"2145\" data-col-size=\"sm\">Flat, durable plates<\/td>\n<td data-start=\"2145\" data-end=\"2176\" data-col-size=\"sm\">General abrasion protection<\/td>\n<\/tr>\n<tr data-start=\"2177\" data-end=\"2274\">\n<td data-start=\"2177\" data-end=\"2207\" data-col-size=\"sm\"><strong data-start=\"2179\" data-end=\"2206\">High-Chrome Wear Plates<\/strong><\/td>\n<td data-start=\"2207\" data-end=\"2246\" data-col-size=\"sm\">Extremely hard, high wear resistance<\/td>\n<td data-start=\"2246\" data-end=\"2274\" data-col-size=\"sm\">Crushers, mills, hoppers<\/td>\n<\/tr>\n<tr data-start=\"2275\" data-end=\"2370\">\n<td data-start=\"2275\" data-end=\"2303\" data-col-size=\"sm\"><strong data-start=\"2277\" data-end=\"2302\">Hardfaced Wear Plates<\/strong><\/td>\n<td data-start=\"2303\" data-end=\"2341\" data-col-size=\"sm\">Surface-layer reinforced with alloy<\/td>\n<td data-start=\"2341\" data-end=\"2370\" data-col-size=\"sm\">Impact-heavy environments<\/td>\n<\/tr>\n<tr data-start=\"2371\" data-end=\"2470\">\n<td data-start=\"2371\" data-end=\"2405\" data-col-size=\"sm\"><strong data-start=\"2373\" data-end=\"2404\">Stainless Steel Wear Plates<\/strong><\/td>\n<td data-start=\"2405\" data-end=\"2427\" data-col-size=\"sm\">Odporno\u015b\u0107 na korozj\u0119<\/td>\n<td data-start=\"2427\" data-end=\"2470\" data-col-size=\"sm\">Chemical, marine, and food applications<\/td>\n<\/tr>\n<tr data-start=\"2471\" data-end=\"2567\">\n<td data-start=\"2471\" data-end=\"2496\" data-col-size=\"sm\"><strong data-start=\"2473\" data-end=\"2495\">Custom Wear Plates<\/strong><\/td>\n<td data-start=\"2496\" data-end=\"2534\" data-col-size=\"sm\">Engineered to drawing\/specification<\/td>\n<td data-start=\"2534\" data-end=\"2567\" data-col-size=\"sm\">OEM and specialized equipment<\/td>\n<\/tr>\n<\/tbody>\n<\/table>\n<\/div>\n<\/div>\n<h2 data-start=\"2574\" data-end=\"2626\"><strong data-start=\"2577\" data-end=\"2624\">Parametry techniczne (zakres reprezentatywny)<\/strong><\/h2>\n<div class=\"TyagGW_tableContainer\">\n<div class=\"group TyagGW_tableWrapper flex flex-col-reverse w-fit\" tabindex=\"-1\">\n<table class=\"w-fit min-w-(--thread-content-width)\" data-start=\"2628\" data-end=\"3097\">\n<thead data-start=\"2628\" data-end=\"2665\">\n<tr data-start=\"2628\" data-end=\"2665\">\n<th data-start=\"2628\" data-end=\"2640\" data-col-size=\"sm\">Parametr<\/th>\n<th data-start=\"2640\" data-end=\"2665\" data-col-size=\"md\">Specyfikacja \/ Zakres<\/th>\n<\/tr>\n<\/thead>\n<tbody data-start=\"2676\" data-end=\"3097\">\n<tr data-start=\"2676\" data-end=\"2775\">\n<td data-start=\"2676\" data-end=\"2695\" data-col-size=\"sm\">Opcje materia\u0142owe<\/td>\n<td data-start=\"2695\" data-end=\"2775\" data-col-size=\"md\">Carbon steel, alloy steel, stainless steel, high-chrome wear-resistant steel<\/td>\n<\/tr>\n<tr data-start=\"2776\" data-end=\"2820\">\n<td data-start=\"2776\" data-end=\"2788\" data-col-size=\"sm\">Thickness<\/td>\n<td data-start=\"2788\" data-end=\"2820\" data-col-size=\"md\">5 mm \u2013 100 mm (customizable)<\/td>\n<\/tr>\n<tr data-start=\"2821\" data-end=\"2876\">\n<td data-start=\"2821\" data-end=\"2834\" data-col-size=\"sm\">Plate Size<\/td>\n<td data-start=\"2834\" data-end=\"2876\" data-col-size=\"md\">Do 2000 mm \u00d7 1000 mm (z mo\u017cliwo\u015bci\u0105 dostosowania)<\/td>\n<\/tr>\n<tr data-start=\"2877\" data-end=\"2927\">\n<td data-start=\"2877\" data-end=\"2888\" data-col-size=\"sm\">Twardo\u015b\u0107<\/td>\n<td data-start=\"2888\" data-end=\"2927\" data-col-size=\"md\">HRC 40 \u2013 65 (application dependent)<\/td>\n<\/tr>\n<tr data-start=\"2928\" data-end=\"2996\">\n<td data-start=\"2928\" data-end=\"2948\" data-col-size=\"sm\">Obr\u00f3bka powierzchni<\/td>\n<td data-start=\"2948\" data-end=\"2996\" data-col-size=\"md\">Hardfacing, coating, heat treatment, plating<\/td>\n<\/tr>\n<tr data-start=\"2997\" data-end=\"3058\">\n<td data-start=\"2997\" data-end=\"3015\" data-col-size=\"sm\">Typ produkcji<\/td>\n<td data-start=\"3015\" data-end=\"3058\" data-col-size=\"md\">Prototyp, ma\u0142a partia, produkcja masowa<\/td>\n<\/tr>\n<tr data-start=\"3059\" data-end=\"3097\">\n<td data-start=\"3059\" data-end=\"3081\" data-col-size=\"sm\">Obs\u0142ugiwane standardy<\/td>\n<td data-start=\"3081\" data-end=\"3097\" data-col-size=\"md\">ISO, DIN, GB<\/td>\n<\/tr>\n<\/tbody>\n<\/table>\n<\/div>\n<\/div>\n<h2 data-start=\"3104\" data-end=\"3137\"><strong data-start=\"3107\" data-end=\"3137\">Przewodnik po materia\u0142ach i obr\u00f3bce<\/strong><\/h2>\n<div class=\"TyagGW_tableContainer\">\n<div class=\"group TyagGW_tableWrapper flex flex-col-reverse w-fit\" tabindex=\"-1\">\n<table class=\"w-fit min-w-(--thread-content-width)\" data-start=\"3139\" data-end=\"3563\">\n<thead data-start=\"3139\" data-end=\"3178\">\n<tr data-start=\"3139\" data-end=\"3178\">\n<th data-start=\"3139\" data-end=\"3150\" data-col-size=\"sm\">Materia\u0142<\/th>\n<th data-start=\"3150\" data-end=\"3163\" data-col-size=\"sm\">Zalety<\/th>\n<th data-start=\"3163\" data-end=\"3178\" data-col-size=\"sm\">Typowe zastosowanie<\/th>\n<\/tr>\n<\/thead>\n<tbody data-start=\"3193\" data-end=\"3563\">\n<tr data-start=\"3193\" data-end=\"3292\">\n<td data-start=\"3193\" data-end=\"3212\" data-col-size=\"sm\"><strong data-start=\"3195\" data-end=\"3211\">Stal w\u0119glowa<\/strong><\/td>\n<td data-start=\"3212\" data-end=\"3255\" data-col-size=\"sm\">Cost-effective, moderate wear resistance<\/td>\n<td data-start=\"3255\" data-end=\"3292\" data-col-size=\"sm\">General machinery wear protection<\/td>\n<\/tr>\n<tr data-start=\"3293\" data-end=\"3385\">\n<td data-start=\"3293\" data-end=\"3311\" data-col-size=\"sm\"><strong data-start=\"3295\" data-end=\"3310\">Stal stopowa<\/strong><\/td>\n<td data-start=\"3311\" data-end=\"3350\" data-col-size=\"sm\">High toughness and impact resistance<\/td>\n<td data-start=\"3350\" data-end=\"3385\" data-col-size=\"sm\">Heavy-duty crushers and feeders<\/td>\n<\/tr>\n<tr data-start=\"3386\" data-end=\"3482\">\n<td data-start=\"3386\" data-end=\"3410\" data-col-size=\"sm\"><strong data-start=\"3388\" data-end=\"3409\">High-Chrome Steel<\/strong><\/td>\n<td data-start=\"3410\" data-end=\"3453\" data-col-size=\"sm\">Maximum hardness and abrasion resistance<\/td>\n<td data-start=\"3453\" data-end=\"3482\" data-col-size=\"sm\">Mills, hoppers, conveyors<\/td>\n<\/tr>\n<tr data-start=\"3483\" data-end=\"3563\">\n<td data-start=\"3483\" data-end=\"3505\" data-col-size=\"sm\"><strong data-start=\"3485\" data-end=\"3504\">Stal nierdzewna<\/strong><\/td>\n<td data-start=\"3505\" data-end=\"3527\" data-col-size=\"sm\">Odporno\u015b\u0107 na korozj\u0119<\/td>\n<td data-start=\"3527\" data-end=\"3563\" data-col-size=\"sm\">Sprz\u0119t chemiczny, morski, spo\u017cywczy<\/td>\n<\/tr>\n<\/tbody>\n<\/table>\n<\/div>\n<\/div>\n<div class=\"TyagGW_tableContainer\">\n<div class=\"group TyagGW_tableWrapper flex flex-col-reverse w-fit\" tabindex=\"-1\">\n<table class=\"w-fit min-w-(--thread-content-width)\" data-start=\"3565\" data-end=\"3846\">\n<thead data-start=\"3565\" data-end=\"3610\">\n<tr data-start=\"3565\" data-end=\"3610\">\n<th data-start=\"3565\" data-end=\"3585\" data-col-size=\"sm\">Obr\u00f3bka powierzchni<\/th>\n<th data-start=\"3585\" data-end=\"3595\" data-col-size=\"sm\">Cel<\/th>\n<th data-start=\"3595\" data-end=\"3610\" data-col-size=\"sm\">Typowe zastosowanie<\/th>\n<\/tr>\n<\/thead>\n<tbody data-start=\"3625\" data-end=\"3846\">\n<tr data-start=\"3625\" data-end=\"3692\">\n<td data-start=\"3625\" data-end=\"3638\" data-col-size=\"sm\">Hardfacing<\/td>\n<td data-start=\"3638\" data-end=\"3666\" data-col-size=\"sm\">Adds wear-resistant layer<\/td>\n<td data-start=\"3666\" data-end=\"3692\" data-col-size=\"sm\">Impact-heavy machinery<\/td>\n<\/tr>\n<tr data-start=\"3693\" data-end=\"3771\">\n<td data-start=\"3693\" data-end=\"3710\" data-col-size=\"sm\">Obr\u00f3bka cieplna<\/td>\n<td data-start=\"3710\" data-end=\"3744\" data-col-size=\"sm\">Improves hardness and toughness<\/td>\n<td data-start=\"3744\" data-end=\"3771\" data-col-size=\"sm\">Heavy-load applications<\/td>\n<\/tr>\n<tr data-start=\"3772\" data-end=\"3846\">\n<td data-start=\"3772\" data-end=\"3792\" data-col-size=\"sm\">Coating \/ Plating<\/td>\n<td data-start=\"3792\" data-end=\"3824\" data-col-size=\"sm\">Ochrona przed korozj\u0105 i zu\u017cyciem<\/td>\n<td data-start=\"3824\" data-end=\"3846\" data-col-size=\"sm\">Trudne warunki pracy<\/td>\n<\/tr>\n<\/tbody>\n<\/table>\n<\/div>\n<\/div>\n<h2 data-start=\"3853\" data-end=\"3876\"><strong data-start=\"3856\" data-end=\"3876\">Dlaczego warto wybra\u0107 Wonzh<\/strong><\/h2>\n<ul data-start=\"3878\" data-end=\"4170\">\n<li data-start=\"3878\" data-end=\"3940\">\n<p data-start=\"3880\" data-end=\"3940\">High-quality, durable wear plates for industrial machinery<\/p>\n<\/li>\n<li data-start=\"3941\" data-end=\"3995\">\n<p data-start=\"3943\" data-end=\"3995\">Wide selection of materials and surface treatments<\/p>\n<\/li>\n<li data-start=\"3996\" data-end=\"4062\">\n<p data-start=\"3998\" data-end=\"4062\">Niestandardowe wsparcie in\u017cynieryjne dla OEM i zastosowa\u0144 przemys\u0142owych<\/p>\n<\/li>\n<li data-start=\"4063\" data-end=\"4105\">\n<p data-start=\"4065\" data-end=\"4105\">Reduced downtime and maintenance costs<\/p>\n<\/li>\n<li data-start=\"4106\" data-end=\"4170\">\n<p data-start=\"4108\" data-end=\"4170\">Prototype to mass production with fast and reliable delivery<\/p>\n<\/li>\n<\/ul>\n<h2 data-start=\"4177\" data-end=\"4218\"><strong data-start=\"4180\" data-end=\"4216\">Cz\u0119sto zadawane pytania (FAQ)<\/strong><\/h2>\n<h3 data-start=\"4220\" data-end=\"4264\"><strong data-start=\"4224\" data-end=\"4262\">Q1: What are wear plates used for?<\/strong><\/h3>\n<p data-start=\"4265\" data-end=\"4377\">Wear plates protect machinery surfaces from abrasion, impact, and corrosion, extending equipment service life.<\/p>\n<h3 data-start=\"4379\" data-end=\"4432\"><strong data-start=\"4383\" data-end=\"4430\">Q2: Can I get custom sizes and thicknesses?<\/strong><\/h3>\n<p data-start=\"4433\" data-end=\"4522\">Yes. Wear plates can be fully customized based on drawings or equipment specifications.<\/p>\n<h3 data-start=\"4524\" data-end=\"4568\"><strong data-start=\"4528\" data-end=\"4566\">Q3: Which materials are available?<\/strong><\/h3>\n<p data-start=\"4569\" data-end=\"4694\">Materials include <strong data-start=\"4587\" data-end=\"4661\">carbon steel, alloy steel, high-chrome wear steel, and stainless steel<\/strong>, depending on the application.<\/p>\n<h3 data-start=\"4696\" data-end=\"4743\"><strong data-start=\"4700\" data-end=\"4741\">P4: Czy dost\u0119pna jest obr\u00f3bka powierzchni?<\/strong><\/h3>\n<p data-start=\"4744\" data-end=\"4843\">Yes. Options include <strong data-start=\"4765\" data-end=\"4817\">hardfacing, heat treatment, plating, and coating<\/strong> to increase durability.<\/p>\n<h3 data-start=\"4845\" data-end=\"4900\"><strong data-start=\"4849\" data-end=\"4898\">Q5: What industries commonly use wear plates?<\/strong><\/h3>\n<p data-start=\"4901\" data-end=\"5001\">Mining, cement, steel, construction, material handling, and chemical industries are typical users.<\/p>","protected":false},"excerpt":{"rendered":"<p>Wear Plates supplied by Wonzh are engineered to provide abrasion, impact, and corrosion resistance in industrial equipment. They are widely used in mining, cement, steel, construction, material handling, and power generation machinery to protect structural surfaces and reduce maintenance costs.<\/p>","protected":false},"featured_media":1539,"comment_status":"open","ping_status":"closed","template":"","meta":{"site-sidebar-layout":"default","site-content-layout":"","ast-site-content-layout":"default","site-content-style":"default","site-sidebar-style":"default","ast-global-header-display":"","ast-banner-title-visibility":"","ast-main-header-display":"","ast-hfb-above-header-display":"","ast-hfb-below-header-display":"","ast-hfb-mobile-header-display":"","site-post-title":"","ast-breadcrumbs-content":"","ast-featured-img":"","footer-sml-layout":"","ast-disable-related-posts":"","theme-transparent-header-meta":"default","adv-header-id-meta":"","stick-header-meta":"default","header-above-stick-meta":"","header-main-stick-meta":"","header-below-stick-meta":"","astra-migrate-meta-layouts":"set","ast-page-background-enabled":"default","ast-page-background-meta":{"desktop":{"background-color":"","background-image":"","background-repeat":"repeat","background-position":"center center","background-size":"auto","background-attachment":"scroll","background-type":"","background-media":"","overlay-type":"","overlay-color":"","overlay-opacity":"","overlay-gradient":""},"tablet":{"background-color":"","background-image":"","background-repeat":"repeat","background-position":"center center","background-size":"auto","background-attachment":"scroll","background-type":"","background-media":"","overlay-type":"","overlay-color":"","overlay-opacity":"","overlay-gradient":""},"mobile":{"background-color":"","background-image":"","background-repeat":"repeat","background-position":"center center","background-size":"auto","background-attachment":"scroll","background-type":"","background-media":"","overlay-type":"","overlay-color":"","overlay-opacity":"","overlay-gradient":""}},"ast-content-background-meta":{"desktop":{"background-color":"var(--ast-global-color-5)","background-image":"","background-repeat":"repeat","background-position":"center center","background-size":"auto","background-attachment":"scroll","background-type":"","background-media":"","overlay-type":"","overlay-color":"","overlay-opacity":"","overlay-gradient":""},"tablet":{"background-color":"var(--ast-global-color-5)","background-image":"","background-repeat":"repeat","background-position":"center center","background-size":"auto","background-attachment":"scroll","background-type":"","background-media":"","overlay-type":"","overlay-color":"","overlay-opacity":"","overlay-gradient":""},"mobile":{"background-color":"var(--ast-global-color-5)","background-image":"","background-repeat":"repeat","background-position":"center center","background-size":"auto","background-attachment":"scroll","background-type":"","background-media":"","overlay-type":"","overlay-color":"","overlay-opacity":"","overlay-gradient":""}}},"product_brand":[],"product_cat":[24],"product_tag":[423,427,426,421,343,425,417,424,416,420,419,422,353,418,342],"class_list":{"0":"post-1478","1":"product","2":"type-product","3":"status-publish","4":"has-post-thumbnail","6":"product_cat-wear-parts-wear-components","7":"product_tag-cement-equipment-wear-parts","8":"product_tag-china-wear-plate-manufacturer","9":"product_tag-cnc-cut-wear-plates","10":"product_tag-conveyor-wear-plates","11":"product_tag-crusher-liners","12":"product_tag-custom-wear-plates","13":"product_tag-hardfaced-plates","14":"product_tag-heavy-duty-machinery-protection","15":"product_tag-high-chrome-wear-plates","16":"product_tag-hopper-liners","17":"product_tag-industrial-wear-components","18":"product_tag-mining-wear-plates","19":"product_tag-oem-wear-components","20":"product_tag-stainless-steel-wear-plates","21":"product_tag-wear-plates","22":"desktop-align-left","23":"tablet-align-left","24":"mobile-align-left","26":"first","27":"instock","28":"shipping-taxable","29":"product-type-simple"},"_links":{"self":[{"href":"https:\/\/www.wonzh.com\/pl\/wp-json\/wp\/v2\/product\/1478","targetHints":{"allow":["GET"]}}],"collection":[{"href":"https:\/\/www.wonzh.com\/pl\/wp-json\/wp\/v2\/product"}],"about":[{"href":"https:\/\/www.wonzh.com\/pl\/wp-json\/wp\/v2\/types\/product"}],"replies":[{"embeddable":true,"href":"https:\/\/www.wonzh.com\/pl\/wp-json\/wp\/v2\/comments?post=1478"}],"wp:featuredmedia":[{"embeddable":true,"href":"https:\/\/www.wonzh.com\/pl\/wp-json\/wp\/v2\/media\/1539"}],"wp:attachment":[{"href":"https:\/\/www.wonzh.com\/pl\/wp-json\/wp\/v2\/media?parent=1478"}],"wp:term":[{"taxonomy":"product_brand","embeddable":true,"href":"https:\/\/www.wonzh.com\/pl\/wp-json\/wp\/v2\/product_brand?post=1478"},{"taxonomy":"product_cat","embeddable":true,"href":"https:\/\/www.wonzh.com\/pl\/wp-json\/wp\/v2\/product_cat?post=1478"},{"taxonomy":"product_tag","embeddable":true,"href":"https:\/\/www.wonzh.com\/pl\/wp-json\/wp\/v2\/product_tag?post=1478"}],"curies":[{"name":"wp","href":"https:\/\/api.w.org\/{rel}","templated":true}]}}