{"id":1476,"date":"2026-02-03T15:06:59","date_gmt":"2026-02-03T15:06:59","guid":{"rendered":"https:\/\/www.wonzh.com\/?post_type=product&#038;p=1476"},"modified":"2026-02-05T15:03:37","modified_gmt":"2026-02-05T15:03:37","slug":"sprockets-chain-components-for-industrial-power-transmission","status":"publish","type":"product","link":"https:\/\/www.wonzh.com\/pl\/product\/sprockets-chain-components-for-industrial-power-transmission\/","title":{"rendered":"Ko\u0142a \u0142a\u0144cuchowe i \u0142a\u0144cuchy do przemys\u0142owego przenoszenia mocy"},"content":{"rendered":"<p data-start=\"615\" data-end=\"909\">Ko\u0142a \u0142a\u0144cuchowe i komponenty \u0142a\u0144cuchowe dostarczane przez Wonzh to precyzyjnie zaprojektowane cz\u0119\u015bci przeznaczone do przenoszenia mocy mechanicznej w systemach nap\u0119dzanych \u0142a\u0144cuchem. S\u0105 one szeroko stosowane w przeno\u015bnikach, maszynach rolniczych, sprz\u0119cie budowlanym, automatyce przemys\u0142owej i systemach transportu materia\u0142\u00f3w.<\/p>\n<p data-start=\"911\" data-end=\"1262\">Nasze ko\u0142a \u0142a\u0144cuchowe s\u0105 produkowane ze stali w\u0119glowej, stali stopowej, stali nierdzewnej lub tworzyw konstrukcyjnych i obrabiane z wysok\u0105 precyzj\u0105 i \u015bcis\u0142ymi tolerancjami profilu z\u0119b\u00f3w. \u0141a\u0144cuchy s\u0105 produkowane z wysokowytrzyma\u0142ej stali stopowej z obr\u00f3bk\u0105 ciepln\u0105 i wyko\u0144czeniem powierzchni w celu zapewnienia odporno\u015bci na zu\u017cycie, wytrzyma\u0142o\u015bci zm\u0119czeniowej i d\u0142ugiej \u017cywotno\u015bci.<\/p>\n<p data-start=\"1264\" data-end=\"1667\">Wonzh oferuje szerok\u0105 gam\u0119 \u0142a\u0144cuch\u00f3w rolkowych, \u0142a\u0144cuch\u00f3w cichobie\u017cnych, \u0142a\u0144cuch\u00f3w przeno\u015bnikowych, standardowych k\u00f3\u0142 \u0142a\u0144cuchowych, niestandardowych k\u00f3\u0142 \u0142a\u0144cuchowych i zespo\u0142\u00f3w \u0142a\u0144cuchowych. Oferujemy r\u00f3wnie\u017c niestandardowe rozmiary, liczb\u0119 z\u0119b\u00f3w, materia\u0142y i pow\u0142oki, aby spe\u0142ni\u0107 wymagania specyficzne dla danego zastosowania. Nasz zesp\u00f3\u0142 in\u017cynier\u00f3w pomaga w doborze typ\u00f3w \u0142a\u0144cuch\u00f3w, materia\u0142\u00f3w k\u00f3\u0142 \u0142a\u0144cuchowych i kompatybilno\u015bci, zapewniaj\u0105c p\u0142ynn\u0105 i niezawodn\u0105 prac\u0119.<\/p>\n<h2 data-start=\"1674\" data-end=\"1693\"><strong data-start=\"1677\" data-end=\"1693\">Kluczowe cechy<\/strong><\/h2>\n<ul data-start=\"1695\" data-end=\"2057\">\n<li data-start=\"1695\" data-end=\"1764\">\n<p data-start=\"1697\" data-end=\"1764\">Precyzyjny profil z\u0119ba z\u0119batki zapewnia p\u0142ynne zaz\u0119bianie si\u0119 \u0142a\u0144cucha<\/p>\n<\/li>\n<li data-start=\"1765\" data-end=\"1832\">\n<p data-start=\"1767\" data-end=\"1832\">\u0141a\u0144cuchy zaprojektowane z my\u015bl\u0105 o wysokiej wytrzyma\u0142o\u015bci na rozci\u0105ganie i odporno\u015bci na zu\u017cycie<\/p>\n<\/li>\n<li data-start=\"1833\" data-end=\"1889\">\n<p data-start=\"1835\" data-end=\"1889\">Obs\u0142uguje wiele typ\u00f3w aplikacji \u0142a\u0144cuchowych<\/p>\n<\/li>\n<li data-start=\"1890\" data-end=\"1945\">\n<p data-start=\"1892\" data-end=\"1945\">Dost\u0119pne niestandardowe rozmiary, liczba z\u0119b\u00f3w i materia\u0142y<\/p>\n<\/li>\n<li data-start=\"1946\" data-end=\"1996\">\n<p data-start=\"1948\" data-end=\"1996\">Wytrzyma\u0142o\u015b\u0107 na du\u017ce obci\u0105\u017cenia i trudne warunki pracy<\/p>\n<\/li>\n<li data-start=\"1997\" data-end=\"2057\">\n<p data-start=\"1999\" data-end=\"2057\">Nadaje si\u0119 do prototyp\u00f3w, ma\u0142ych partii i produkcji masowej<\/p>\n<\/li>\n<\/ul>\n<h2 data-start=\"2064\" data-end=\"2091\"><strong data-start=\"2067\" data-end=\"2091\">Typowe zastosowania<\/strong><\/h2>\n<ul data-start=\"2093\" data-end=\"2348\">\n<li data-start=\"2093\" data-end=\"2139\">\n<p data-start=\"2095\" data-end=\"2139\">Przeno\u015bniki przemys\u0142owe i transport materia\u0142\u00f3w<\/p>\n<\/li>\n<li data-start=\"2140\" data-end=\"2178\">\n<p data-start=\"2142\" data-end=\"2178\">Maszyny rolnicze i hodowlane<\/p>\n<\/li>\n<li data-start=\"2179\" data-end=\"2216\">\n<p data-start=\"2181\" data-end=\"2216\">Sprz\u0119t budowlany i g\u00f3rniczy<\/p>\n<\/li>\n<li data-start=\"2217\" data-end=\"2273\">\n<p data-start=\"2219\" data-end=\"2273\">Maszyny do pakowania, przetwarzania \u017cywno\u015bci i automatyzacji<\/p>\n<\/li>\n<li data-start=\"2274\" data-end=\"2307\">\n<p data-start=\"2276\" data-end=\"2307\">Samochodowy uk\u0142ad przeniesienia nap\u0119du<\/p>\n<\/li>\n<li data-start=\"2308\" data-end=\"2348\">\n<p data-start=\"2310\" data-end=\"2348\">Nap\u0119dy ci\u0119\u017ckich maszyn i urz\u0105dze\u0144<\/p>\n<\/li>\n<\/ul>\n<h2 data-start=\"2355\" data-end=\"2394\"><strong data-start=\"2358\" data-end=\"2394\">Dostarczane przez nas typy k\u00f3\u0142 \u0142a\u0144cuchowych i \u0142a\u0144cuch\u00f3w<\/strong><\/h2>\n<div class=\"TyagGW_tableContainer\">\n<div class=\"group TyagGW_tableWrapper flex flex-col-reverse w-fit\" tabindex=\"-1\">\n<table class=\"w-fit min-w-(--thread-content-width)\" data-start=\"2396\" data-end=\"3034\">\n<thead data-start=\"2396\" data-end=\"2442\">\n<tr data-start=\"2396\" data-end=\"2442\">\n<th data-start=\"2396\" data-end=\"2413\" data-col-size=\"sm\">Typ komponentu<\/th>\n<th data-start=\"2413\" data-end=\"2427\" data-col-size=\"md\">Opis<\/th>\n<th data-start=\"2427\" data-end=\"2442\" data-col-size=\"sm\">Typowe zastosowanie<\/th>\n<\/tr>\n<\/thead>\n<tbody data-start=\"2457\" data-end=\"3034\">\n<tr data-start=\"2457\" data-end=\"2548\">\n<td data-start=\"2457\" data-end=\"2476\" data-col-size=\"sm\"><strong data-start=\"2459\" data-end=\"2475\">\u0141a\u0144cuch rolkowy<\/strong><\/td>\n<td data-start=\"2476\" data-end=\"2516\" data-col-size=\"md\">Standardowy \u0142a\u0144cuch do przenoszenia nap\u0119du<\/td>\n<td data-start=\"2516\" data-end=\"2548\" data-col-size=\"sm\">Przeno\u015bniki, nap\u0119dy przemys\u0142owe<\/td>\n<\/tr>\n<tr data-start=\"2549\" data-end=\"2650\">\n<td data-start=\"2549\" data-end=\"2577\" data-col-size=\"sm\"><strong data-start=\"2551\" data-end=\"2576\">Cichy \/ \u0141a\u0144cuch rozrz\u0105du<\/strong><\/td>\n<td data-start=\"2577\" data-end=\"2612\" data-col-size=\"md\">P\u0142ynna praca, precyzyjne odmierzanie czasu<\/td>\n<td data-start=\"2612\" data-end=\"2650\" data-col-size=\"sm\">Motoryzacja, maszyny CNC, robotyka<\/td>\n<\/tr>\n<tr data-start=\"2651\" data-end=\"2743\">\n<td data-start=\"2651\" data-end=\"2672\" data-col-size=\"sm\"><strong data-start=\"2653\" data-end=\"2671\">\u0141a\u0144cuch przeno\u015bnika<\/strong><\/td>\n<td data-start=\"2672\" data-end=\"2702\" data-col-size=\"md\">Wytrzyma\u0142y lub modu\u0142owy \u0142a\u0144cuch<\/td>\n<td data-start=\"2702\" data-end=\"2743\" data-col-size=\"sm\">Obs\u0142uga materia\u0142\u00f3w i linie pakuj\u0105ce<\/td>\n<\/tr>\n<tr data-start=\"2744\" data-end=\"2846\">\n<td data-start=\"2744\" data-end=\"2768\" data-col-size=\"sm\"><strong data-start=\"2746\" data-end=\"2767\">Standardowa z\u0119batka<\/strong><\/td>\n<td data-start=\"2768\" data-end=\"2812\" data-col-size=\"md\">Ko\u0142o z\u0119bate z z\u0119bami do \u0142\u0105czenia \u0142a\u0144cuch\u00f3w<\/td>\n<td data-start=\"2812\" data-end=\"2846\" data-col-size=\"sm\">Nap\u0119dy \u0142a\u0144cuchowo-rolkowe, przeno\u015bniki<\/td>\n<\/tr>\n<tr data-start=\"2847\" data-end=\"2946\">\n<td data-start=\"2847\" data-end=\"2869\" data-col-size=\"sm\"><strong data-start=\"2849\" data-end=\"2868\">Niestandardowa z\u0119batka<\/strong><\/td>\n<td data-start=\"2869\" data-end=\"2910\" data-col-size=\"md\">Zaprojektowane zgodnie z rysunkiem \/ specyfikacj\u0105<\/td>\n<td data-start=\"2910\" data-end=\"2946\" data-col-size=\"sm\">OEM i aplikacje specjalistyczne<\/td>\n<\/tr>\n<tr data-start=\"2947\" data-end=\"3034\">\n<td data-start=\"2947\" data-end=\"2971\" data-col-size=\"sm\"><strong data-start=\"2949\" data-end=\"2970\">Akcesoria do \u0142a\u0144cuch\u00f3w<\/strong><\/td>\n<td data-start=\"2971\" data-end=\"3000\" data-col-size=\"md\">Z\u0142\u0105cza, sworznie, tuleje<\/td>\n<td data-start=\"3000\" data-end=\"3034\" data-col-size=\"sm\">Monta\u017c i konserwacja \u0142a\u0144cucha<\/td>\n<\/tr>\n<\/tbody>\n<\/table>\n<\/div>\n<\/div>\n<h2 data-start=\"3041\" data-end=\"3093\"><strong data-start=\"3044\" data-end=\"3091\">Parametry techniczne (zakres reprezentatywny)<\/strong><\/h2>\n<div class=\"TyagGW_tableContainer\">\n<div class=\"group TyagGW_tableWrapper flex flex-col-reverse w-fit\" tabindex=\"-1\">\n<table class=\"w-fit min-w-(--thread-content-width)\" data-start=\"3095\" data-end=\"3617\">\n<thead data-start=\"3095\" data-end=\"3132\">\n<tr data-start=\"3095\" data-end=\"3132\">\n<th data-start=\"3095\" data-end=\"3107\" data-col-size=\"sm\">Parametr<\/th>\n<th data-start=\"3107\" data-end=\"3132\" data-col-size=\"md\">Specyfikacja \/ Zakres<\/th>\n<\/tr>\n<\/thead>\n<tbody data-start=\"3143\" data-end=\"3617\">\n<tr data-start=\"3143\" data-end=\"3230\">\n<td data-start=\"3143\" data-end=\"3162\" data-col-size=\"sm\">Opcje materia\u0142owe<\/td>\n<td data-start=\"3162\" data-end=\"3230\" data-col-size=\"md\">Stal w\u0119glowa, stal stopowa, stal nierdzewna, konstrukcyjne tworzywa sztuczne<\/td>\n<\/tr>\n<tr data-start=\"3231\" data-end=\"3282\">\n<td data-start=\"3231\" data-end=\"3245\" data-col-size=\"sm\">Skok \u0142a\u0144cucha<\/td>\n<td data-start=\"3245\" data-end=\"3282\" data-col-size=\"md\">6 mm - 100 mm (standardowe i niestandardowe)<\/td>\n<\/tr>\n<tr data-start=\"3283\" data-end=\"3331\">\n<td data-start=\"3283\" data-end=\"3299\" data-col-size=\"sm\">Otw\u00f3r ko\u0142a \u0142a\u0144cuchowego<\/td>\n<td data-start=\"3299\" data-end=\"3331\" data-col-size=\"md\">5 mm - 150 mm (z mo\u017cliwo\u015bci\u0105 dostosowania)<\/td>\n<\/tr>\n<tr data-start=\"3332\" data-end=\"3377\">\n<td data-start=\"3332\" data-end=\"3350\" data-col-size=\"sm\">Liczba z\u0119b\u00f3w<\/td>\n<td data-start=\"3350\" data-end=\"3377\" data-col-size=\"md\">10 - 200 (z mo\u017cliwo\u015bci\u0105 dostosowania)<\/td>\n<\/tr>\n<tr data-start=\"3378\" data-end=\"3442\">\n<td data-start=\"3378\" data-end=\"3394\" data-col-size=\"sm\">Ud\u017awig<\/td>\n<td data-start=\"3394\" data-end=\"3442\" data-col-size=\"md\">\u0141a\u0144cuchy od lekkich do ci\u0119\u017ckich (w zale\u017cno\u015bci od typu)<\/td>\n<\/tr>\n<tr data-start=\"3443\" data-end=\"3510\">\n<td data-start=\"3443\" data-end=\"3463\" data-col-size=\"sm\">Obr\u00f3bka powierzchni<\/td>\n<td data-start=\"3463\" data-end=\"3510\" data-col-size=\"md\">Hartowanie, galwanizacja, powlekanie, obr\u00f3bka cieplna<\/td>\n<\/tr>\n<tr data-start=\"3511\" data-end=\"3572\">\n<td data-start=\"3511\" data-end=\"3529\" data-col-size=\"sm\">Typ produkcji<\/td>\n<td data-start=\"3529\" data-end=\"3572\" data-col-size=\"md\">Prototyp, ma\u0142a partia, produkcja masowa<\/td>\n<\/tr>\n<tr data-start=\"3573\" data-end=\"3617\">\n<td data-start=\"3573\" data-end=\"3595\" data-col-size=\"sm\">Obs\u0142ugiwane standardy<\/td>\n<td data-start=\"3595\" data-end=\"3617\" data-col-size=\"md\">ISO, DIN, ANSI, GB<\/td>\n<\/tr>\n<\/tbody>\n<\/table>\n<\/div>\n<\/div>\n<h2 data-start=\"3624\" data-end=\"3657\"><strong data-start=\"3627\" data-end=\"3657\">Przewodnik po materia\u0142ach i wyborze<\/strong><\/h2>\n<div class=\"TyagGW_tableContainer\">\n<div class=\"group TyagGW_tableWrapper flex flex-col-reverse w-fit\" tabindex=\"-1\">\n<table class=\"w-fit min-w-(--thread-content-width)\" data-start=\"3659\" data-end=\"4079\">\n<thead data-start=\"3659\" data-end=\"3702\">\n<tr data-start=\"3659\" data-end=\"3702\">\n<th data-start=\"3659\" data-end=\"3670\" data-col-size=\"sm\">Materia\u0142<\/th>\n<th data-start=\"3670\" data-end=\"3683\" data-col-size=\"sm\">Zalety<\/th>\n<th data-start=\"3683\" data-end=\"3702\" data-col-size=\"sm\">Zalecane dla<\/th>\n<\/tr>\n<\/thead>\n<tbody data-start=\"3717\" data-end=\"4079\">\n<tr data-start=\"3717\" data-end=\"3805\">\n<td data-start=\"3717\" data-end=\"3736\" data-col-size=\"sm\"><strong data-start=\"3719\" data-end=\"3735\">Stal w\u0119glowa<\/strong><\/td>\n<td data-start=\"3736\" data-end=\"3761\" data-col-size=\"sm\">Mocny, op\u0142acalny<\/td>\n<td data-start=\"3761\" data-end=\"3805\" data-col-size=\"sm\">Standardowe przemys\u0142owe \u0142a\u0144cuchy i ko\u0142a \u0142a\u0144cuchowe<\/td>\n<\/tr>\n<tr data-start=\"3806\" data-end=\"3902\">\n<td data-start=\"3806\" data-end=\"3824\" data-col-size=\"sm\"><strong data-start=\"3808\" data-end=\"3823\">Stal stopowa<\/strong><\/td>\n<td data-start=\"3824\" data-end=\"3864\" data-col-size=\"sm\">Wysoka wytrzyma\u0142o\u015b\u0107 na rozci\u0105ganie, odporno\u015b\u0107 na zu\u017cycie<\/td>\n<td data-start=\"3864\" data-end=\"3902\" data-col-size=\"sm\">Ci\u0119\u017ckie aplikacje o du\u017cym obci\u0105\u017ceniu<\/td>\n<\/tr>\n<tr data-start=\"3903\" data-end=\"3987\">\n<td data-start=\"3903\" data-end=\"3925\" data-col-size=\"sm\"><strong data-start=\"3905\" data-end=\"3924\">Stal nierdzewna<\/strong><\/td>\n<td data-start=\"3925\" data-end=\"3947\" data-col-size=\"sm\">Odporno\u015b\u0107 na korozj\u0119<\/td>\n<td data-start=\"3947\" data-end=\"3987\" data-col-size=\"sm\">Maszyny spo\u017cywcze, chemiczne i morskie<\/td>\n<\/tr>\n<tr data-start=\"3988\" data-end=\"4079\">\n<td data-start=\"3988\" data-end=\"4015\" data-col-size=\"sm\"><strong data-start=\"3990\" data-end=\"4014\">Tworzywa konstrukcyjne<\/strong><\/td>\n<td data-start=\"4015\" data-end=\"4043\" data-col-size=\"sm\">Lekko\u015b\u0107 i niskie tarcie<\/td>\n<td data-start=\"4043\" data-end=\"4079\" data-col-size=\"sm\">Aplikacje o niskim obci\u0105\u017ceniu i niskiej pr\u0119dko\u015bci<\/td>\n<\/tr>\n<\/tbody>\n<\/table>\n<\/div>\n<\/div>\n<div class=\"TyagGW_tableContainer\">\n<div class=\"group TyagGW_tableWrapper flex flex-col-reverse w-fit\" tabindex=\"-1\">\n<table class=\"w-fit min-w-(--thread-content-width)\" data-start=\"4081\" data-end=\"4427\">\n<thead data-start=\"4081\" data-end=\"4125\">\n<tr data-start=\"4081\" data-end=\"4125\">\n<th data-start=\"4081\" data-end=\"4098\" data-col-size=\"sm\">Typ komponentu<\/th>\n<th data-start=\"4098\" data-end=\"4110\" data-col-size=\"sm\">Przewaga<\/th>\n<th data-start=\"4110\" data-end=\"4125\" data-col-size=\"sm\">Typowe zastosowanie<\/th>\n<\/tr>\n<\/thead>\n<tbody data-start=\"4140\" data-end=\"4427\">\n<tr data-start=\"4140\" data-end=\"4200\">\n<td data-start=\"4140\" data-end=\"4155\" data-col-size=\"sm\">\u0141a\u0144cuch rolkowy<\/td>\n<td data-start=\"4155\" data-end=\"4179\" data-col-size=\"sm\">Wysokie obci\u0105\u017cenie, trwa\u0142o\u015b\u0107<\/td>\n<td data-start=\"4179\" data-end=\"4200\" data-col-size=\"sm\">Przeno\u015bniki, nap\u0119dy<\/td>\n<\/tr>\n<tr data-start=\"4201\" data-end=\"4274\">\n<td data-start=\"4201\" data-end=\"4225\" data-col-size=\"sm\">Rozrz\u0105d \/ cichy \u0142a\u0144cuch<\/td>\n<td data-start=\"4225\" data-end=\"4245\" data-col-size=\"sm\">P\u0142ynna praca i niski poziom ha\u0142asu<\/td>\n<td data-start=\"4245\" data-end=\"4274\" data-col-size=\"sm\">Motoryzacja, CNC, robotyka<\/td>\n<\/tr>\n<tr data-start=\"4275\" data-end=\"4350\">\n<td data-start=\"4275\" data-end=\"4286\" data-col-size=\"sm\">Ko\u0142o \u0142a\u0144cuchowe<\/td>\n<td data-start=\"4286\" data-end=\"4310\" data-col-size=\"sm\">Precyzyjny profil z\u0119b\u00f3w<\/td>\n<td data-start=\"4310\" data-end=\"4350\" data-col-size=\"sm\">Po\u0142\u0105czenie \u0142a\u0144cuchowe, przenoszenie mocy<\/td>\n<\/tr>\n<tr data-start=\"4351\" data-end=\"4427\">\n<td data-start=\"4351\" data-end=\"4371\" data-col-size=\"sm\">Komponenty niestandardowe<\/td>\n<td data-start=\"4371\" data-end=\"4394\" data-col-size=\"sm\">Specyficzne dla aplikacji<\/td>\n<td data-start=\"4394\" data-end=\"4427\" data-col-size=\"sm\">OEM i maszyny specjalistyczne<\/td>\n<\/tr>\n<\/tbody>\n<\/table>\n<\/div>\n<\/div>\n<h2 data-start=\"4434\" data-end=\"4457\"><strong data-start=\"4437\" data-end=\"4457\">Dlaczego warto wybra\u0107 Wonzh<\/strong><\/h2>\n<ul data-start=\"4459\" data-end=\"4772\">\n<li data-start=\"4459\" data-end=\"4510\">\n<p data-start=\"4461\" data-end=\"4510\">Zaawansowana produkcja k\u00f3\u0142 \u0142a\u0144cuchowych i \u0142a\u0144cuch\u00f3w<\/p>\n<\/li>\n<li data-start=\"4511\" data-end=\"4585\">\n<p data-start=\"4513\" data-end=\"4585\">\u015acis\u0142a kontrola jako\u015bci pod k\u0105tem odporno\u015bci na zu\u017cycie i dok\u0142adno\u015bci wymiarowej<\/p>\n<\/li>\n<li data-start=\"4586\" data-end=\"4652\">\n<p data-start=\"4588\" data-end=\"4652\">Niestandardowe wsparcie in\u017cynieryjne dla OEM i zastosowa\u0144 przemys\u0142owych<\/p>\n<\/li>\n<li data-start=\"4653\" data-end=\"4716\">\n<p data-start=\"4655\" data-end=\"4716\">Trwa\u0142e, wytrzyma\u0142e komponenty zapewniaj\u0105ce d\u0142ugi okres eksploatacji<\/p>\n<\/li>\n<li data-start=\"4717\" data-end=\"4772\">\n<p data-start=\"4719\" data-end=\"4772\">Od prototypu do masowej produkcji z niezawodn\u0105 dostaw\u0105<\/p>\n<\/li>\n<\/ul>\n<h2 data-start=\"4779\" data-end=\"4820\"><strong data-start=\"4782\" data-end=\"4818\">Cz\u0119sto zadawane pytania (FAQ)<\/strong><\/h2>\n<h3 data-start=\"4822\" data-end=\"4875\"><strong data-start=\"4826\" data-end=\"4873\">P1: Do czego s\u0142u\u017c\u0105 ko\u0142a \u0142a\u0144cuchowe i \u0142a\u0144cuchy?<\/strong><\/h3>\n<p data-start=\"4876\" data-end=\"4965\">Przekazuj\u0105 moc mechaniczn\u0105 mi\u0119dzy wa\u0142ami i nap\u0119dzaj\u0105 ruch w systemach nap\u0119dzanych \u0142a\u0144cuchem.<\/p>\n<h3 data-start=\"4967\" data-end=\"5018\"><strong data-start=\"4971\" data-end=\"5016\">P2: Czy mog\u0119 otrzyma\u0107 niestandardowe ko\u0142a \u0142a\u0144cuchowe lub \u0142a\u0144cuchy?<\/strong><\/h3>\n<p data-start=\"5019\" data-end=\"5121\">Tak. Produkujemy ko\u0142a \u0142a\u0144cuchowe i \u0142a\u0144cuchy w oparciu o <strong data-start=\"5069\" data-end=\"5118\">rysunki, specyfikacje lub wymagania OEM<\/strong>.<\/p>\n<h3 data-start=\"5123\" data-end=\"5166\"><strong data-start=\"5127\" data-end=\"5164\">P3: Jakie materia\u0142y s\u0105 dost\u0119pne?<\/strong><\/h3>\n<p data-start=\"5167\" data-end=\"5301\"><strong data-start=\"5167\" data-end=\"5239\">Stal w\u0119glowa, stal stopowa, stal nierdzewna i konstrukcyjne tworzywa sztuczne<\/strong> w zale\u017cno\u015bci od obci\u0105\u017cenia, \u015brodowiska i wymaga\u0144 dotycz\u0105cych korozji.<\/p>\n<h3 data-start=\"5303\" data-end=\"5349\"><strong data-start=\"5307\" data-end=\"5347\">P4: Jakie typy \u0142a\u0144cuch\u00f3w s\u0105 obs\u0142ugiwane?<\/strong><\/h3>\n<p data-start=\"5350\" data-end=\"5423\">Dostarczamy <strong data-start=\"5360\" data-end=\"5420\">\u0142a\u0144cuchy rolkowe, \u0142a\u0144cuchy wyciszaj\u0105ce\/czasowe i \u0142a\u0144cuchy przeno\u015bnik\u00f3w<\/strong>.<\/p>\n<h3 data-start=\"5425\" data-end=\"5473\"><strong data-start=\"5429\" data-end=\"5471\">P5: Czy mo\u017cna zastosowa\u0107 obr\u00f3bk\u0119 powierzchni?<\/strong><\/h3>\n<p data-start=\"5474\" data-end=\"5600\">Tak. Hartowanie, galwanizacja, powlekanie i inne metody obr\u00f3bki powierzchni s\u0105 dost\u0119pne w celu zwi\u0119kszenia trwa\u0142o\u015bci i odporno\u015bci na korozj\u0119.<\/p>","protected":false},"excerpt":{"rendered":"<p>Ko\u0142a \u0142a\u0144cuchowe i komponenty \u0142a\u0144cuchowe dostarczane przez Wonzh to precyzyjnie zaprojektowane cz\u0119\u015bci przeznaczone do przenoszenia mocy mechanicznej w systemach nap\u0119dzanych \u0142a\u0144cuchem. S\u0105 one szeroko stosowane w przeno\u015bnikach, maszynach rolniczych, sprz\u0119cie budowlanym, automatyce przemys\u0142owej i systemach transportu materia\u0142\u00f3w.<\/p>","protected":false},"featured_media":1536,"comment_status":"open","ping_status":"closed","template":"","meta":{"site-sidebar-layout":"default","site-content-layout":"","ast-site-content-layout":"default","site-content-style":"default","site-sidebar-style":"default","ast-global-header-display":"","ast-banner-title-visibility":"","ast-main-header-display":"","ast-hfb-above-header-display":"","ast-hfb-below-header-display":"","ast-hfb-mobile-header-display":"","site-post-title":"","ast-breadcrumbs-content":"","ast-featured-img":"","footer-sml-layout":"","ast-disable-related-posts":"","theme-transparent-header-meta":"default","adv-header-id-meta":"","stick-header-meta":"default","header-above-stick-meta":"","header-main-stick-meta":"","header-below-stick-meta":"","astra-migrate-meta-layouts":"set","ast-page-background-enabled":"default","ast-page-background-meta":{"desktop":{"background-color":"","background-image":"","background-repeat":"repeat","background-position":"center center","background-size":"auto","background-attachment":"scroll","background-type":"","background-media":"","overlay-type":"","overlay-color":"","overlay-opacity":"","overlay-gradient":""},"tablet":{"background-color":"","background-image":"","background-repeat":"repeat","background-position":"center center","background-size":"auto","background-attachment":"scroll","background-type":"","background-media":"","overlay-type":"","overlay-color":"","overlay-opacity":"","overlay-gradient":""},"mobile":{"background-color":"","background-image":"","background-repeat":"repeat","background-position":"center center","background-size":"auto","background-attachment":"scroll","background-type":"","background-media":"","overlay-type":"","overlay-color":"","overlay-opacity":"","overlay-gradient":""}},"ast-content-background-meta":{"desktop":{"background-color":"var(--ast-global-color-5)","background-image":"","background-repeat":"repeat","background-position":"center center","background-size":"auto","background-attachment":"scroll","background-type":"","background-media":"","overlay-type":"","overlay-color":"","overlay-opacity":"","overlay-gradient":""},"tablet":{"background-color":"var(--ast-global-color-5)","background-image":"","background-repeat":"repeat","background-position":"center center","background-size":"auto","background-attachment":"scroll","background-type":"","background-media":"","overlay-type":"","overlay-color":"","overlay-opacity":"","overlay-gradient":""},"mobile":{"background-color":"var(--ast-global-color-5)","background-image":"","background-repeat":"repeat","background-position":"center center","background-size":"auto","background-attachment":"scroll","background-type":"","background-media":"","overlay-type":"","overlay-color":"","overlay-opacity":"","overlay-gradient":""}}},"product_brand":[],"product_cat":[25],"product_tag":[409,408,415,411,405,406,414,407,413,412,402,404,401,410,403],"class_list":{"0":"post-1476","1":"product","2":"type-product","3":"status-publish","4":"has-post-thumbnail","6":"product_cat-transmission-drive-components","7":"product_tag-alloy-steel-chains","8":"product_tag-chain-accessories","9":"product_tag-china-chain-manufacturer","10":"product_tag-cnc-machined-sprockets","11":"product_tag-conveyor-chain","12":"product_tag-custom-sprockets","13":"product_tag-heavy-duty-chains","14":"product_tag-industrial-sprockets","15":"product_tag-oem-chains","16":"product_tag-power-transmission-components","17":"product_tag-roller-chain","18":"product_tag-silent-chain","19":"product_tag-sprocket-components","20":"product_tag-stainless-steel-chains","21":"product_tag-timing-chain","22":"desktop-align-left","23":"tablet-align-left","24":"mobile-align-left","26":"first","27":"instock","28":"shipping-taxable","29":"product-type-simple"},"_links":{"self":[{"href":"https:\/\/www.wonzh.com\/pl\/wp-json\/wp\/v2\/product\/1476","targetHints":{"allow":["GET"]}}],"collection":[{"href":"https:\/\/www.wonzh.com\/pl\/wp-json\/wp\/v2\/product"}],"about":[{"href":"https:\/\/www.wonzh.com\/pl\/wp-json\/wp\/v2\/types\/product"}],"replies":[{"embeddable":true,"href":"https:\/\/www.wonzh.com\/pl\/wp-json\/wp\/v2\/comments?post=1476"}],"wp:featuredmedia":[{"embeddable":true,"href":"https:\/\/www.wonzh.com\/pl\/wp-json\/wp\/v2\/media\/1536"}],"wp:attachment":[{"href":"https:\/\/www.wonzh.com\/pl\/wp-json\/wp\/v2\/media?parent=1476"}],"wp:term":[{"taxonomy":"product_brand","embeddable":true,"href":"https:\/\/www.wonzh.com\/pl\/wp-json\/wp\/v2\/product_brand?post=1476"},{"taxonomy":"product_cat","embeddable":true,"href":"https:\/\/www.wonzh.com\/pl\/wp-json\/wp\/v2\/product_cat?post=1476"},{"taxonomy":"product_tag","embeddable":true,"href":"https:\/\/www.wonzh.com\/pl\/wp-json\/wp\/v2\/product_tag?post=1476"}],"curies":[{"name":"wp","href":"https:\/\/api.w.org\/{rel}","templated":true}]}}