{"id":1474,"date":"2026-02-03T15:03:33","date_gmt":"2026-02-03T15:03:33","guid":{"rendered":"https:\/\/www.wonzh.com\/?post_type=product&#038;p=1474"},"modified":"2026-02-05T14:57:08","modified_gmt":"2026-02-05T14:57:08","slug":"industrial-pulleys-for-power-transmission-and-material-handling","status":"publish","type":"product","link":"https:\/\/www.wonzh.com\/pl\/product\/industrial-pulleys-for-power-transmission-and-material-handling\/","title":{"rendered":"Przemys\u0142owe ko\u0142a pasowe do przenoszenia mocy i transportu materia\u0142\u00f3w"},"content":{"rendered":"<p data-start=\"557\" data-end=\"827\">Pulleys supplied by Wonzh are precision-manufactured components used in belt-driven systems, conveying power and motion between shafts in industrial machinery. They are widely used in conveyors, compressors, pumps, fans, HVAC systems, and automation equipment.<\/p>\n<p data-start=\"829\" data-end=\"1205\">Our pulleys are produced from carbon steel, alloy steel, stainless steel, aluminum, and engineering plastics, ensuring strength, wear resistance, and dimensional accuracy. We provide V-belt pulleys, timing belt pulleys, flat belt pulleys, and custom-designed pulleys, with precise groove profiles, bore sizes, and surface finishes for smooth and efficient operation.<\/p>\n<p data-start=\"1207\" data-end=\"1520\">Wonzh supports standard sizes and fully customized pulleys, tailored to meet load, speed, alignment, and environmental requirements. Our engineering team can advise on material selection, groove type, surface treatment, and tolerance optimization, ensuring optimal performance and long-term reliability.<\/p>\n<h2 data-start=\"1527\" data-end=\"1546\"><strong data-start=\"1530\" data-end=\"1546\">Kluczowe cechy<\/strong><\/h2>\n<ul data-start=\"1548\" data-end=\"1853\">\n<li data-start=\"1548\" data-end=\"1590\">\n<p data-start=\"1550\" data-end=\"1590\">High dimensional precision and balance<\/p>\n<\/li>\n<li data-start=\"1591\" data-end=\"1644\">\n<p data-start=\"1593\" data-end=\"1644\">Smooth torque transmission with minimal vibration<\/p>\n<\/li>\n<li data-start=\"1645\" data-end=\"1695\">\n<p data-start=\"1647\" data-end=\"1695\">Wide range of materials and surface treatments<\/p>\n<\/li>\n<li data-start=\"1696\" data-end=\"1749\">\n<p data-start=\"1698\" data-end=\"1749\">Compatible with V-belts, timing belts, flat belts<\/p>\n<\/li>\n<li data-start=\"1750\" data-end=\"1795\">\n<p data-start=\"1752\" data-end=\"1795\">Custom bore, groove, and diameter options<\/p>\n<\/li>\n<li data-start=\"1796\" data-end=\"1853\">\n<p data-start=\"1798\" data-end=\"1853\">Obs\u0142uga prototyp\u00f3w, produkcji ma\u0142oseryjnej i masowej<\/p>\n<\/li>\n<\/ul>\n<h2 data-start=\"1860\" data-end=\"1887\"><strong data-start=\"1863\" data-end=\"1887\">Typowe zastosowania<\/strong><\/h2>\n<ul data-start=\"1889\" data-end=\"2145\">\n<li data-start=\"1889\" data-end=\"1931\">\n<p data-start=\"1891\" data-end=\"1931\">Przeno\u015bniki i systemy transportu materia\u0142\u00f3w<\/p>\n<\/li>\n<li data-start=\"1932\" data-end=\"1966\">\n<p data-start=\"1934\" data-end=\"1966\">Motors, pumps, and compressors<\/p>\n<\/li>\n<li data-start=\"1967\" data-end=\"2004\">\n<p data-start=\"1969\" data-end=\"2004\">Fans, blowers, and HVAC equipment<\/p>\n<\/li>\n<li data-start=\"2005\" data-end=\"2050\">\n<p data-start=\"2007\" data-end=\"2050\">Industrial automation and robotic systems<\/p>\n<\/li>\n<li data-start=\"2051\" data-end=\"2097\">\n<p data-start=\"2053\" data-end=\"2097\">Heavy machinery and agricultural equipment<\/p>\n<\/li>\n<li data-start=\"2098\" data-end=\"2145\">\n<p data-start=\"2100\" data-end=\"2145\">Mining, construction, and energy industries<\/p>\n<\/li>\n<\/ul>\n<h2 data-start=\"2152\" data-end=\"2181\"><strong data-start=\"2155\" data-end=\"2181\">Pulley Types We Supply<\/strong><\/h2>\n<div class=\"TyagGW_tableContainer\">\n<div class=\"group TyagGW_tableWrapper flex flex-col-reverse w-fit\" tabindex=\"-1\">\n<table class=\"w-fit min-w-(--thread-content-width)\" data-start=\"2183\" data-end=\"2701\">\n<thead data-start=\"2183\" data-end=\"2226\">\n<tr data-start=\"2183\" data-end=\"2226\">\n<th data-start=\"2183\" data-end=\"2197\" data-col-size=\"sm\">Pulley Type<\/th>\n<th data-start=\"2197\" data-end=\"2211\" data-col-size=\"md\">Opis<\/th>\n<th data-start=\"2211\" data-end=\"2226\" data-col-size=\"sm\">Typowe zastosowanie<\/th>\n<\/tr>\n<\/thead>\n<tbody data-start=\"2241\" data-end=\"2701\">\n<tr data-start=\"2241\" data-end=\"2334\">\n<td data-start=\"2241\" data-end=\"2261\" data-col-size=\"sm\"><strong data-start=\"2243\" data-end=\"2260\">V-Belt Pulley<\/strong><\/td>\n<td data-start=\"2261\" data-end=\"2308\" data-col-size=\"md\">Grooved design for V-belt power transmission<\/td>\n<td data-start=\"2308\" data-end=\"2334\" data-col-size=\"sm\">Standard drive systems<\/td>\n<\/tr>\n<tr data-start=\"2335\" data-end=\"2445\">\n<td data-start=\"2335\" data-end=\"2360\" data-col-size=\"sm\"><strong data-start=\"2337\" data-end=\"2359\">Timing Belt Pulley<\/strong><\/td>\n<td data-start=\"2360\" data-end=\"2407\" data-col-size=\"md\">Precise tooth profile for synchronous drives<\/td>\n<td data-start=\"2407\" data-end=\"2445\" data-col-size=\"sm\">CNC machines, robotics, automotive<\/td>\n<\/tr>\n<tr data-start=\"2446\" data-end=\"2533\">\n<td data-start=\"2446\" data-end=\"2469\" data-col-size=\"sm\"><strong data-start=\"2448\" data-end=\"2468\">Flat Belt Pulley<\/strong><\/td>\n<td data-start=\"2469\" data-end=\"2501\" data-col-size=\"md\">Smooth surface for flat belts<\/td>\n<td data-start=\"2501\" data-end=\"2533\" data-col-size=\"sm\">Material handling, conveyors<\/td>\n<\/tr>\n<tr data-start=\"2534\" data-end=\"2614\">\n<td data-start=\"2534\" data-end=\"2552\" data-col-size=\"sm\"><strong data-start=\"2536\" data-end=\"2551\">Step Pulley<\/strong><\/td>\n<td data-start=\"2552\" data-end=\"2587\" data-col-size=\"md\">Multiple diameters on one pulley<\/td>\n<td data-start=\"2587\" data-end=\"2614\" data-col-size=\"sm\">Adjustable speed drives<\/td>\n<\/tr>\n<tr data-start=\"2615\" data-end=\"2701\">\n<td data-start=\"2615\" data-end=\"2635\" data-col-size=\"sm\"><strong data-start=\"2617\" data-end=\"2634\">Custom Pulley<\/strong><\/td>\n<td data-start=\"2635\" data-end=\"2660\" data-col-size=\"md\">Zaprojektowane zgodnie z rysunkiem<\/td>\n<td data-start=\"2660\" data-end=\"2701\" data-col-size=\"sm\">Specialized machinery and OEM systems<\/td>\n<\/tr>\n<\/tbody>\n<\/table>\n<\/div>\n<\/div>\n<h2 data-start=\"2708\" data-end=\"2760\"><strong data-start=\"2711\" data-end=\"2758\">Parametry techniczne (zakres reprezentatywny)<\/strong><\/h2>\n<div class=\"TyagGW_tableContainer\">\n<div class=\"group TyagGW_tableWrapper flex flex-col-reverse w-fit\" tabindex=\"-1\">\n<table class=\"w-fit min-w-(--thread-content-width)\" data-start=\"2762\" data-end=\"3290\">\n<thead data-start=\"2762\" data-end=\"2799\">\n<tr data-start=\"2762\" data-end=\"2799\">\n<th data-start=\"2762\" data-end=\"2774\" data-col-size=\"sm\">Parametr<\/th>\n<th data-start=\"2774\" data-end=\"2799\" data-col-size=\"md\">Specyfikacja \/ Zakres<\/th>\n<\/tr>\n<\/thead>\n<tbody data-start=\"2810\" data-end=\"3290\">\n<tr data-start=\"2810\" data-end=\"2907\">\n<td data-start=\"2810\" data-end=\"2829\" data-col-size=\"sm\">Opcje materia\u0142owe<\/td>\n<td data-start=\"2829\" data-end=\"2907\" data-col-size=\"md\">Stal w\u0119glowa, stal stopowa, stal nierdzewna, aluminium, konstrukcyjne tworzywa sztuczne<\/td>\n<\/tr>\n<tr data-start=\"2908\" data-end=\"2959\">\n<td data-start=\"2908\" data-end=\"2925\" data-col-size=\"sm\">Zakres \u015brednic<\/td>\n<td data-start=\"2925\" data-end=\"2959\" data-col-size=\"md\">20 mm \u2013 1000 mm (customizable)<\/td>\n<\/tr>\n<tr data-start=\"2960\" data-end=\"3008\">\n<td data-start=\"2960\" data-end=\"2976\" data-col-size=\"sm\">\u015arednica otworu<\/td>\n<td data-start=\"2976\" data-end=\"3008\" data-col-size=\"md\">5 mm - 150 mm (z mo\u017cliwo\u015bci\u0105 dostosowania)<\/td>\n<\/tr>\n<tr data-start=\"3009\" data-end=\"3085\">\n<td data-start=\"3009\" data-end=\"3023\" data-col-size=\"sm\">Groove Type<\/td>\n<td data-start=\"3023\" data-end=\"3085\" data-col-size=\"md\">V-belt (A\/B\/C\/D\/E), timing belt (T2.5\/T5\/T10\/MXL\/XL), flat<\/td>\n<\/tr>\n<tr data-start=\"3086\" data-end=\"3127\">\n<td data-start=\"3086\" data-end=\"3094\" data-col-size=\"sm\">Width<\/td>\n<td data-start=\"3094\" data-end=\"3127\" data-col-size=\"md\">10 mm \u2013 300 mm (customizable)<\/td>\n<\/tr>\n<tr data-start=\"3128\" data-end=\"3189\">\n<td data-start=\"3128\" data-end=\"3148\" data-col-size=\"sm\">Obr\u00f3bka powierzchni<\/td>\n<td data-start=\"3148\" data-end=\"3189\" data-col-size=\"md\">Coating, plating, anodizing, painting<\/td>\n<\/tr>\n<tr data-start=\"3190\" data-end=\"3251\">\n<td data-start=\"3190\" data-end=\"3208\" data-col-size=\"sm\">Typ produkcji<\/td>\n<td data-start=\"3208\" data-end=\"3251\" data-col-size=\"md\">Prototyp, ma\u0142a partia, produkcja masowa<\/td>\n<\/tr>\n<tr data-start=\"3252\" data-end=\"3290\">\n<td data-start=\"3252\" data-end=\"3274\" data-col-size=\"sm\">Obs\u0142ugiwane standardy<\/td>\n<td data-start=\"3274\" data-end=\"3290\" data-col-size=\"md\">ISO, DIN, GB<\/td>\n<\/tr>\n<\/tbody>\n<\/table>\n<\/div>\n<\/div>\n<h2 data-start=\"3297\" data-end=\"3337\"><strong data-start=\"3300\" data-end=\"3337\">Material &amp; Groove Selection Guide<\/strong><\/h2>\n<div class=\"TyagGW_tableContainer\">\n<div class=\"group TyagGW_tableWrapper flex flex-col-reverse w-fit\" tabindex=\"-1\">\n<table class=\"w-fit min-w-(--thread-content-width)\" data-start=\"3339\" data-end=\"3812\">\n<thead data-start=\"3339\" data-end=\"3378\">\n<tr data-start=\"3339\" data-end=\"3378\">\n<th data-start=\"3339\" data-end=\"3350\" data-col-size=\"sm\">Materia\u0142<\/th>\n<th data-start=\"3350\" data-end=\"3363\" data-col-size=\"sm\">Zalety<\/th>\n<th data-start=\"3363\" data-end=\"3378\" data-col-size=\"sm\">Typowe zastosowanie<\/th>\n<\/tr>\n<\/thead>\n<tbody data-start=\"3393\" data-end=\"3812\">\n<tr data-start=\"3393\" data-end=\"3475\">\n<td data-start=\"3393\" data-end=\"3412\" data-col-size=\"sm\"><strong data-start=\"3395\" data-end=\"3411\">Stal w\u0119glowa<\/strong><\/td>\n<td data-start=\"3412\" data-end=\"3444\" data-col-size=\"sm\">Wysoka wytrzyma\u0142o\u015b\u0107, op\u0142acalno\u015b\u0107<\/td>\n<td data-start=\"3444\" data-end=\"3475\" data-col-size=\"sm\">Standard industrial pulleys<\/td>\n<\/tr>\n<tr data-start=\"3476\" data-end=\"3538\">\n<td data-start=\"3476\" data-end=\"3494\" data-col-size=\"sm\"><strong data-start=\"3478\" data-end=\"3493\">Stal stopowa<\/strong><\/td>\n<td data-start=\"3494\" data-end=\"3517\" data-col-size=\"sm\">High wear resistance<\/td>\n<td data-start=\"3517\" data-end=\"3538\" data-col-size=\"sm\">Heavy-duty drives<\/td>\n<\/tr>\n<tr data-start=\"3539\" data-end=\"3623\">\n<td data-start=\"3539\" data-end=\"3561\" data-col-size=\"sm\"><strong data-start=\"3541\" data-end=\"3560\">Stal nierdzewna<\/strong><\/td>\n<td data-start=\"3561\" data-end=\"3583\" data-col-size=\"sm\">Odporno\u015b\u0107 na korozj\u0119<\/td>\n<td data-start=\"3583\" data-end=\"3623\" data-col-size=\"sm\">Food, marine, and chemical machinery<\/td>\n<\/tr>\n<tr data-start=\"3624\" data-end=\"3720\">\n<td data-start=\"3624\" data-end=\"3645\" data-col-size=\"sm\"><strong data-start=\"3626\" data-end=\"3644\">Stop aluminium<\/strong><\/td>\n<td data-start=\"3645\" data-end=\"3679\" data-col-size=\"sm\">Lekko\u015b\u0107, dobra obrabialno\u015b\u0107<\/td>\n<td data-start=\"3679\" data-end=\"3720\" data-col-size=\"sm\">Robotics, automation, low-load drives<\/td>\n<\/tr>\n<tr data-start=\"3721\" data-end=\"3812\">\n<td data-start=\"3721\" data-end=\"3748\" data-col-size=\"sm\"><strong data-start=\"3723\" data-end=\"3747\">Tworzywa konstrukcyjne<\/strong><\/td>\n<td data-start=\"3748\" data-end=\"3776\" data-col-size=\"sm\">Low friction, lightweight<\/td>\n<td data-start=\"3776\" data-end=\"3812\" data-col-size=\"sm\">Low-speed, low-load applications<\/td>\n<\/tr>\n<\/tbody>\n<\/table>\n<\/div>\n<\/div>\n<div class=\"TyagGW_tableContainer\">\n<div class=\"group TyagGW_tableWrapper flex flex-col-reverse w-fit\" tabindex=\"-1\">\n<table class=\"w-fit min-w-(--thread-content-width)\" data-start=\"3814\" data-end=\"4159\">\n<thead data-start=\"3814\" data-end=\"3859\">\n<tr data-start=\"3814\" data-end=\"3859\">\n<th data-start=\"3814\" data-end=\"3828\" data-col-size=\"sm\">Groove Type<\/th>\n<th data-start=\"3828\" data-end=\"3840\" data-col-size=\"sm\">Przewaga<\/th>\n<th data-start=\"3840\" data-end=\"3859\" data-col-size=\"sm\">Zalecane dla<\/th>\n<\/tr>\n<\/thead>\n<tbody data-start=\"3874\" data-end=\"4159\">\n<tr data-start=\"3874\" data-end=\"3943\">\n<td data-start=\"3874\" data-end=\"3883\" data-col-size=\"sm\">V-Belt<\/td>\n<td data-start=\"3883\" data-end=\"3913\" data-col-size=\"sm\">High torque, compact design<\/td>\n<td data-start=\"3913\" data-end=\"3943\" data-col-size=\"sm\">Standard industrial drives<\/td>\n<\/tr>\n<tr data-start=\"3944\" data-end=\"4029\">\n<td data-start=\"3944\" data-end=\"3958\" data-col-size=\"sm\">Timing Belt<\/td>\n<td data-start=\"3958\" data-end=\"3991\" data-col-size=\"sm\">Synchronous power transmission<\/td>\n<td data-start=\"3991\" data-end=\"4029\" data-col-size=\"sm\">Precision machinery, CNC, robotics<\/td>\n<\/tr>\n<tr data-start=\"4030\" data-end=\"4100\">\n<td data-start=\"4030\" data-end=\"4042\" data-col-size=\"sm\">Flat Belt<\/td>\n<td data-start=\"4042\" data-end=\"4065\" data-col-size=\"sm\">Smooth, wide contact<\/td>\n<td data-start=\"4065\" data-end=\"4100\" data-col-size=\"sm\">Conveyors and material handling<\/td>\n<\/tr>\n<tr data-start=\"4101\" data-end=\"4159\">\n<td data-start=\"4101\" data-end=\"4115\" data-col-size=\"sm\">Step Pulley<\/td>\n<td data-start=\"4115\" data-end=\"4134\" data-col-size=\"sm\">Adjustable speed<\/td>\n<td data-start=\"4134\" data-end=\"4159\" data-col-size=\"sm\">Variable-speed drives<\/td>\n<\/tr>\n<\/tbody>\n<\/table>\n<\/div>\n<\/div>\n<h2 data-start=\"4166\" data-end=\"4189\"><strong data-start=\"4169\" data-end=\"4189\">Dlaczego warto wybra\u0107 Wonzh<\/strong><\/h2>\n<ul data-start=\"4191\" data-end=\"4490\">\n<li data-start=\"4191\" data-end=\"4248\">\n<p data-start=\"4193\" data-end=\"4248\">Precision-engineered pulleys for reliable performance<\/p>\n<\/li>\n<li data-start=\"4249\" data-end=\"4305\">\n<p data-start=\"4251\" data-end=\"4305\">Wide range of materials, groove types, and diameters<\/p>\n<\/li>\n<li data-start=\"4306\" data-end=\"4368\">\n<p data-start=\"4308\" data-end=\"4368\">Custom engineering support for torque, alignment, and load<\/p>\n<\/li>\n<li data-start=\"4369\" data-end=\"4425\">\n<p data-start=\"4371\" data-end=\"4425\">Durable, wear-resistant, and long-lasting components<\/p>\n<\/li>\n<li data-start=\"4426\" data-end=\"4490\">\n<p data-start=\"4428\" data-end=\"4490\">Prototype to mass production with fast and reliable delivery<\/p>\n<\/li>\n<\/ul>\n<h2 data-start=\"4497\" data-end=\"4538\"><strong data-start=\"4500\" data-end=\"4536\">Cz\u0119sto zadawane pytania (FAQ)<\/strong><\/h2>\n<h3 data-start=\"4540\" data-end=\"4592\"><strong data-start=\"4544\" data-end=\"4590\">Q1: What is the main function of a pulley?<\/strong><\/h3>\n<p data-start=\"4593\" data-end=\"4704\">A pulley transmits power between shafts using a belt while reducing friction and maintaining smooth rotation.<\/p>\n<h3 data-start=\"4706\" data-end=\"4745\"><strong data-start=\"4710\" data-end=\"4743\">Q2: Can I get custom pulleys?<\/strong><\/h3>\n<p data-start=\"4746\" data-end=\"4840\">Yes. We can manufacture pulleys based on your drawings, specifications, or OEM requirements.<\/p>\n<h3 data-start=\"4842\" data-end=\"4886\"><strong data-start=\"4846\" data-end=\"4884\">Q3: What belt types are supported?<\/strong><\/h3>\n<p data-start=\"4887\" data-end=\"4991\">We support <strong data-start=\"4898\" data-end=\"4935\">V-belts, timing belts, flat belts<\/strong>, and can customize grooves for specific applications.<\/p>\n<h3 data-start=\"4993\" data-end=\"5039\"><strong data-start=\"4997\" data-end=\"5037\">Q4: Which materials should I choose?<\/strong><\/h3>\n<ul data-start=\"5040\" data-end=\"5258\">\n<li data-start=\"5040\" data-end=\"5094\">\n<p data-start=\"5042\" data-end=\"5094\"><strong data-start=\"5042\" data-end=\"5059\">Carbon steel:<\/strong> Standard industrial applications<\/p>\n<\/li>\n<li data-start=\"5095\" data-end=\"5147\">\n<p data-start=\"5097\" data-end=\"5147\"><strong data-start=\"5097\" data-end=\"5113\">Alloy steel:<\/strong> High-load and heavy-duty drives<\/p>\n<\/li>\n<li data-start=\"5148\" data-end=\"5201\">\n<p data-start=\"5150\" data-end=\"5201\"><strong data-start=\"5150\" data-end=\"5170\">Stainless steel:<\/strong> Corrosion-prone environments<\/p>\n<\/li>\n<li data-start=\"5202\" data-end=\"5258\">\n<p data-start=\"5204\" data-end=\"5258\"><strong data-start=\"5204\" data-end=\"5227\">Aluminum \/ Plastic:<\/strong> Lightweight, low-load drives<\/p>\n<\/li>\n<\/ul>\n<h3 data-start=\"5260\" data-end=\"5309\"><strong data-start=\"5264\" data-end=\"5307\">Q5: Can you provide surface treatments?<\/strong><\/h3>\n<p data-start=\"5310\" data-end=\"5433\">Tak, zabiegi obejmuj\u0105 <strong data-start=\"5334\" data-end=\"5378\">plating, coating, anodizing, or painting<\/strong> to enhance wear resistance and corrosion protection.<\/p>","protected":false},"excerpt":{"rendered":"<p>Pulleys supplied by Wonzh are precision-manufactured components used in belt-driven systems, conveying power and motion between shafts in industrial machinery. They are widely used in conveyors, compressors, pumps, fans, HVAC systems, and automation equipment.<\/p>","protected":false},"featured_media":1533,"comment_status":"open","ping_status":"closed","template":"","meta":{"site-sidebar-layout":"default","site-content-layout":"","ast-site-content-layout":"default","site-content-style":"default","site-sidebar-style":"default","ast-global-header-display":"","ast-banner-title-visibility":"","ast-main-header-display":"","ast-hfb-above-header-display":"","ast-hfb-below-header-display":"","ast-hfb-mobile-header-display":"","site-post-title":"","ast-breadcrumbs-content":"","ast-featured-img":"","footer-sml-layout":"","ast-disable-related-posts":"","theme-transparent-header-meta":"default","adv-header-id-meta":"","stick-header-meta":"default","header-above-stick-meta":"","header-main-stick-meta":"","header-below-stick-meta":"","astra-migrate-meta-layouts":"set","ast-page-background-enabled":"default","ast-page-background-meta":{"desktop":{"background-color":"","background-image":"","background-repeat":"repeat","background-position":"center center","background-size":"auto","background-attachment":"scroll","background-type":"","background-media":"","overlay-type":"","overlay-color":"","overlay-opacity":"","overlay-gradient":""},"tablet":{"background-color":"","background-image":"","background-repeat":"repeat","background-position":"center center","background-size":"auto","background-attachment":"scroll","background-type":"","background-media":"","overlay-type":"","overlay-color":"","overlay-opacity":"","overlay-gradient":""},"mobile":{"background-color":"","background-image":"","background-repeat":"repeat","background-position":"center center","background-size":"auto","background-attachment":"scroll","background-type":"","background-media":"","overlay-type":"","overlay-color":"","overlay-opacity":"","overlay-gradient":""}},"ast-content-background-meta":{"desktop":{"background-color":"var(--ast-global-color-5)","background-image":"","background-repeat":"repeat","background-position":"center center","background-size":"auto","background-attachment":"scroll","background-type":"","background-media":"","overlay-type":"","overlay-color":"","overlay-opacity":"","overlay-gradient":""},"tablet":{"background-color":"var(--ast-global-color-5)","background-image":"","background-repeat":"repeat","background-position":"center center","background-size":"auto","background-attachment":"scroll","background-type":"","background-media":"","overlay-type":"","overlay-color":"","overlay-opacity":"","overlay-gradient":""},"mobile":{"background-color":"var(--ast-global-color-5)","background-image":"","background-repeat":"repeat","background-position":"center center","background-size":"auto","background-attachment":"scroll","background-type":"","background-media":"","overlay-type":"","overlay-color":"","overlay-opacity":"","overlay-gradient":""}}},"product_brand":[],"product_cat":[25],"product_tag":[393,400,392,397,391,389,386,398,399,396,395,394,390,388,387],"class_list":{"0":"post-1474","1":"product","2":"type-product","3":"status-publish","4":"has-post-thumbnail","6":"product_cat-transmission-drive-components","7":"product_tag-aluminum-pulley","8":"product_tag-china-pulley-manufacturer","9":"product_tag-cnc-pulley","10":"product_tag-conveyor-pulley","11":"product_tag-custom-pulley","12":"product_tag-flat-belt-pulley","13":"product_tag-industrial-pulley","14":"product_tag-machine-pulley","15":"product_tag-oem-pulley","16":"product_tag-power-transmission-pulley","17":"product_tag-stainless-steel-pulley","18":"product_tag-steel-pulley","19":"product_tag-step-pulley","20":"product_tag-timing-belt-pulley","21":"product_tag-v-belt-pulley","22":"desktop-align-left","23":"tablet-align-left","24":"mobile-align-left","26":"first","27":"instock","28":"shipping-taxable","29":"product-type-simple"},"_links":{"self":[{"href":"https:\/\/www.wonzh.com\/pl\/wp-json\/wp\/v2\/product\/1474","targetHints":{"allow":["GET"]}}],"collection":[{"href":"https:\/\/www.wonzh.com\/pl\/wp-json\/wp\/v2\/product"}],"about":[{"href":"https:\/\/www.wonzh.com\/pl\/wp-json\/wp\/v2\/types\/product"}],"replies":[{"embeddable":true,"href":"https:\/\/www.wonzh.com\/pl\/wp-json\/wp\/v2\/comments?post=1474"}],"wp:featuredmedia":[{"embeddable":true,"href":"https:\/\/www.wonzh.com\/pl\/wp-json\/wp\/v2\/media\/1533"}],"wp:attachment":[{"href":"https:\/\/www.wonzh.com\/pl\/wp-json\/wp\/v2\/media?parent=1474"}],"wp:term":[{"taxonomy":"product_brand","embeddable":true,"href":"https:\/\/www.wonzh.com\/pl\/wp-json\/wp\/v2\/product_brand?post=1474"},{"taxonomy":"product_cat","embeddable":true,"href":"https:\/\/www.wonzh.com\/pl\/wp-json\/wp\/v2\/product_cat?post=1474"},{"taxonomy":"product_tag","embeddable":true,"href":"https:\/\/www.wonzh.com\/pl\/wp-json\/wp\/v2\/product_tag?post=1474"}],"curies":[{"name":"wp","href":"https:\/\/api.w.org\/{rel}","templated":true}]}}