{"id":1472,"date":"2026-02-03T15:00:09","date_gmt":"2026-02-03T15:00:09","guid":{"rendered":"https:\/\/www.wonzh.com\/?post_type=product&#038;p=1472"},"modified":"2026-02-05T14:50:06","modified_gmt":"2026-02-05T14:50:06","slug":"sprzegla-przemyslowe-do-przenoszenia-mocy-i-systemow-mechanicznych","status":"publish","type":"product","link":"https:\/\/www.wonzh.com\/pl\/product\/industrial-couplings-for-power-transmission-and-mechanical-systems\/","title":{"rendered":"Sprz\u0119g\u0142a przemys\u0142owe do przenoszenia mocy i system\u00f3w mechanicznych"},"content":{"rendered":"<p data-start=\"567\" data-end=\"910\">Z\u0142\u0105cza dostarczane przez <strong data-start=\"589\" data-end=\"598\">Wonzh<\/strong> s\u0105 precyzyjnie zaprojektowanymi komponentami mechanicznymi u\u017cywanymi do \u0142\u0105czenia dw\u00f3ch wa\u0142\u00f3w w celu przenoszenia mocy, przy jednoczesnym uwzgl\u0119dnieniu niewsp\u00f3\u0142osiowo\u015bci, redukcji wibracji i ochronie pod\u0142\u0105czonego sprz\u0119tu. Nasze sprz\u0119g\u0142a s\u0105 szeroko stosowane w <strong data-start=\"829\" data-end=\"907\">silniki, pompy, spr\u0119\u017carki, przeno\u015bniki, przek\u0142adnie i maszyny przemys\u0142owe<\/strong>.<\/p>\n<p data-start=\"912\" data-end=\"1409\">Wykonane z materia\u0142\u00f3w o wysokiej wytrzyma\u0142o\u015bci <strong data-start=\"944\" data-end=\"1015\">stal w\u0119glowa, stal stopowa, stal nierdzewna lub konstrukcyjne tworzywa sztuczne<\/strong>, Sprz\u0119g\u0142a Wonzh zosta\u0142y zaprojektowane pod k\u0105tem trwa\u0142o\u015bci, momentu obrotowego i niezawodno\u015bci dzia\u0142ania. Nasze produkty obejmuj\u0105 <strong data-start=\"1131\" data-end=\"1232\">Sprz\u0119g\u0142a sztywne, sprz\u0119g\u0142a elastyczne, sprz\u0119g\u0142a szcz\u0119kowe, sprz\u0119g\u0142a z\u0119bate i rozwi\u0105zania niestandardowe<\/strong> do specjalistycznych zastosowa\u0144. Zaawansowana obr\u00f3bka CNC, obr\u00f3bka cieplna i wyko\u0144czenie powierzchni zapewniaj\u0105 sta\u0142\u0105 wydajno\u015b\u0107 przy dynamicznych obci\u0105\u017ceniach i trudnych warunkach przemys\u0142owych.<\/p>\n<p data-start=\"1411\" data-end=\"1722\">Zapewniamy <strong data-start=\"1422\" data-end=\"1465\">Sprz\u0119g\u0142a standardowe i w pe\u0142ni spersonalizowane<\/strong>, W zale\u017cno\u015bci od \u015brednicy wa\u0142u, wymaga\u0144 dotycz\u0105cych momentu obrotowego, warunk\u00f3w pracy i kwestii wyr\u00f3wnania, nasz zesp\u00f3\u0142 in\u017cynier\u00f3w mo\u017ce zaproponowa\u0107 odpowiednie typy sprz\u0119gie\u0142, materia\u0142y i tolerancje. Nasz zesp\u00f3\u0142 in\u017cynier\u00f3w mo\u017ce zaleci\u0107 odpowiednie typy sprz\u0119gie\u0142, materia\u0142y i tolerancje w celu zoptymalizowania wydajno\u015bci i \u017cywotno\u015bci maszyny.<\/p>\n<h2 data-start=\"1729\" data-end=\"1748\"><strong data-start=\"1732\" data-end=\"1748\">Kluczowe cechy<\/strong><\/h2>\n<ul data-start=\"1750\" data-end=\"2049\">\n<li data-start=\"1750\" data-end=\"1789\">\n<p data-start=\"1752\" data-end=\"1789\">Mo\u017cliwo\u015b\u0107 przenoszenia wysokiego momentu obrotowego<\/p>\n<\/li>\n<li data-start=\"1790\" data-end=\"1848\">\n<p data-start=\"1792\" data-end=\"1848\">Kompensacja niewsp\u00f3\u0142osiowo\u015bci k\u0105towej, r\u00f3wnoleg\u0142ej i osiowej<\/p>\n<\/li>\n<li data-start=\"1849\" data-end=\"1891\">\n<p data-start=\"1851\" data-end=\"1891\">T\u0142umienie drga\u0144 i poch\u0142anianie wstrz\u0105s\u00f3w<\/p>\n<\/li>\n<li data-start=\"1892\" data-end=\"1940\">\n<p data-start=\"1894\" data-end=\"1940\">Odporna na zu\u017cycie i wytrzyma\u0142a na du\u017ce obci\u0105\u017cenia<\/p>\n<\/li>\n<li data-start=\"1941\" data-end=\"1992\">\n<p data-start=\"1943\" data-end=\"1992\">Standardowe i niestandardowe rozmiary, materia\u0142y i typy<\/p>\n<\/li>\n<li data-start=\"1993\" data-end=\"2049\">\n<p data-start=\"1995\" data-end=\"2049\">Obs\u0142uga prototyp\u00f3w, produkcji ma\u0142oseryjnej i masowej<\/p>\n<\/li>\n<\/ul>\n<h2 data-start=\"2056\" data-end=\"2083\"><strong data-start=\"2059\" data-end=\"2083\">Typowe zastosowania<\/strong><\/h2>\n<ul data-start=\"2085\" data-end=\"2350\">\n<li data-start=\"2085\" data-end=\"2116\">\n<p data-start=\"2087\" data-end=\"2116\">Silniki i pompy przemys\u0142owe<\/p>\n<\/li>\n<li data-start=\"2117\" data-end=\"2155\">\n<p data-start=\"2119\" data-end=\"2155\">Skrzynie bieg\u00f3w i uk\u0142ady przeniesienia nap\u0119du<\/p>\n<\/li>\n<li data-start=\"2156\" data-end=\"2183\">\n<p data-start=\"2158\" data-end=\"2183\">Spr\u0119\u017carki i dmuchawy<\/p>\n<\/li>\n<li data-start=\"2184\" data-end=\"2227\">\n<p data-start=\"2186\" data-end=\"2227\">Przeno\u015bniki i systemy transportu materia\u0142\u00f3w<\/p>\n<\/li>\n<li data-start=\"2228\" data-end=\"2273\">\n<p data-start=\"2230\" data-end=\"2273\">G\u00f3rnictwo, budownictwo i maszyny ci\u0119\u017ckie<\/p>\n<\/li>\n<li data-start=\"2274\" data-end=\"2315\">\n<p data-start=\"2276\" data-end=\"2315\">Urz\u0105dzenia do wytwarzania mocy i energii<\/p>\n<\/li>\n<li data-start=\"2316\" data-end=\"2350\">\n<p data-start=\"2318\" data-end=\"2350\">Automatyzacja i systemy zrobotyzowane<\/p>\n<\/li>\n<\/ul>\n<h2 data-start=\"2357\" data-end=\"2388\"><strong data-start=\"2360\" data-end=\"2388\">Dostarczane przez nas typy z\u0142\u0105czy<\/strong><\/h2>\n<div class=\"TyagGW_tableContainer\">\n<div class=\"group TyagGW_tableWrapper flex flex-col-reverse w-fit\" tabindex=\"-1\">\n<table class=\"w-fit min-w-(--thread-content-width)\" data-start=\"2390\" data-end=\"3062\">\n<thead data-start=\"2390\" data-end=\"2435\">\n<tr data-start=\"2390\" data-end=\"2435\">\n<th data-start=\"2390\" data-end=\"2406\" data-col-size=\"sm\">Typ z\u0142\u0105cza<\/th>\n<th data-start=\"2406\" data-end=\"2420\" data-col-size=\"md\">Opis<\/th>\n<th data-start=\"2420\" data-end=\"2435\" data-col-size=\"md\">Typowe zastosowanie<\/th>\n<\/tr>\n<\/thead>\n<tbody data-start=\"2450\" data-end=\"3062\">\n<tr data-start=\"2450\" data-end=\"2571\">\n<td data-start=\"2450\" data-end=\"2471\" data-col-size=\"sm\"><strong data-start=\"2452\" data-end=\"2470\">Sprz\u0119g\u0142o sztywne<\/strong><\/td>\n<td data-start=\"2471\" data-end=\"2520\" data-col-size=\"md\">Solidne po\u0142\u0105czenie, brak kompensacji niewsp\u00f3\u0142osiowo\u015bci<\/td>\n<td data-start=\"2520\" data-end=\"2571\" data-col-size=\"md\">Precyzyjne osiowanie wa\u0142u, zastosowania przy niskich pr\u0119dko\u015bciach<\/td>\n<\/tr>\n<tr data-start=\"2572\" data-end=\"2681\">\n<td data-start=\"2572\" data-end=\"2596\" data-col-size=\"sm\"><strong data-start=\"2574\" data-end=\"2595\">Elastyczne z\u0142\u0105cze<\/strong><\/td>\n<td data-start=\"2596\" data-end=\"2639\" data-col-size=\"md\">Umo\u017cliwia niewsp\u00f3\u0142osiowo\u015b\u0107 k\u0105tow\u0105 i r\u00f3wnoleg\u0142\u0105<\/td>\n<td data-start=\"2639\" data-end=\"2681\" data-col-size=\"md\">Silniki, pompy, lekkie t\u0142umienie drga\u0144<\/td>\n<\/tr>\n<tr data-start=\"2682\" data-end=\"2787\">\n<td data-start=\"2682\" data-end=\"2701\" data-col-size=\"sm\"><strong data-start=\"2684\" data-end=\"2700\">Sprz\u0119g\u0142o szcz\u0119kowe<\/strong><\/td>\n<td data-start=\"2701\" data-end=\"2748\" data-col-size=\"md\">Wk\u0142adka z elastomeru poch\u0142ania wibracje i wstrz\u0105sy<\/td>\n<td data-start=\"2748\" data-end=\"2787\" data-col-size=\"md\">Przeniesienie momentu obrotowego og\u00f3lnego przeznaczenia<\/td>\n<\/tr>\n<tr data-start=\"2788\" data-end=\"2883\">\n<td data-start=\"2788\" data-end=\"2808\" data-col-size=\"sm\"><strong data-start=\"2790\" data-end=\"2807\">Sprz\u0119g\u0142o z\u0119bate<\/strong><\/td>\n<td data-start=\"2808\" data-end=\"2848\" data-col-size=\"md\">Wysoki moment obrotowy, kompensuje niewsp\u00f3\u0142osiowo\u015b\u0107<\/td>\n<td data-start=\"2848\" data-end=\"2883\" data-col-size=\"md\">Ci\u0119\u017ckie maszyny przemys\u0142owe<\/td>\n<\/tr>\n<tr data-start=\"2884\" data-end=\"2979\">\n<td data-start=\"2884\" data-end=\"2911\" data-col-size=\"sm\"><strong data-start=\"2886\" data-end=\"2910\">Siatka \/ sprz\u0119g\u0142o tarczowe<\/strong><\/td>\n<td data-start=\"2911\" data-end=\"2947\" data-col-size=\"md\">Elastyczno\u015b\u0107 skr\u0119tna, wysoki moment obrotowy<\/td>\n<td data-start=\"2947\" data-end=\"2979\" data-col-size=\"md\">Pompy, spr\u0119\u017carki, turbiny<\/td>\n<\/tr>\n<tr data-start=\"2980\" data-end=\"3062\">\n<td data-start=\"2980\" data-end=\"3002\" data-col-size=\"sm\"><strong data-start=\"2982\" data-end=\"3001\">Z\u0142\u0105cze niestandardowe<\/strong><\/td>\n<td data-start=\"3002\" data-end=\"3033\" data-col-size=\"md\">Zaprojektowane zgodnie ze specyfikacj\u0105<\/td>\n<td data-start=\"3033\" data-end=\"3062\" data-col-size=\"md\">OEM i maszyny specjalne<\/td>\n<\/tr>\n<\/tbody>\n<\/table>\n<\/div>\n<\/div>\n<h2 data-start=\"3069\" data-end=\"3121\"><strong data-start=\"3072\" data-end=\"3119\">Parametry techniczne (zakres reprezentatywny)<\/strong><\/h2>\n<div class=\"TyagGW_tableContainer\">\n<div class=\"group TyagGW_tableWrapper flex flex-col-reverse w-fit\" tabindex=\"-1\">\n<table class=\"w-fit min-w-(--thread-content-width)\" data-start=\"3123\" data-end=\"3669\">\n<thead data-start=\"3123\" data-end=\"3160\">\n<tr data-start=\"3123\" data-end=\"3160\">\n<th data-start=\"3123\" data-end=\"3135\" data-col-size=\"sm\">Parametr<\/th>\n<th data-start=\"3135\" data-end=\"3160\" data-col-size=\"md\">Specyfikacja \/ Zakres<\/th>\n<\/tr>\n<\/thead>\n<tbody data-start=\"3171\" data-end=\"3669\">\n<tr data-start=\"3171\" data-end=\"3268\">\n<td data-start=\"3171\" data-end=\"3190\" data-col-size=\"sm\">Opcje materia\u0142owe<\/td>\n<td data-start=\"3190\" data-end=\"3268\" data-col-size=\"md\">Stal w\u0119glowa, stal stopowa, stal nierdzewna, aluminium, konstrukcyjne tworzywa sztuczne<\/td>\n<\/tr>\n<tr data-start=\"3269\" data-end=\"3317\">\n<td data-start=\"3269\" data-end=\"3285\" data-col-size=\"sm\">\u015arednica otworu<\/td>\n<td data-start=\"3285\" data-end=\"3317\" data-col-size=\"md\">5 mm - 150 mm (z mo\u017cliwo\u015bci\u0105 dostosowania)<\/td>\n<\/tr>\n<tr data-start=\"3318\" data-end=\"3381\">\n<td data-start=\"3318\" data-end=\"3336\" data-col-size=\"sm\">Moment obrotowy<\/td>\n<td data-start=\"3336\" data-end=\"3381\" data-col-size=\"md\">10 Nm - 50 000 Nm (w zale\u017cno\u015bci od zastosowania)<\/td>\n<\/tr>\n<tr data-start=\"3382\" data-end=\"3461\">\n<td data-start=\"3382\" data-end=\"3406\" data-col-size=\"sm\">Zdolno\u015b\u0107 niewsp\u00f3\u0142osiowo\u015bci<\/td>\n<td data-start=\"3406\" data-end=\"3461\" data-col-size=\"md\">K\u0105towy: 1\u00b0-5\u00b0, R\u00f3wnoleg\u0142y: 0,1-1 mm, Osiowy: 0,5-5 mm<\/td>\n<\/tr>\n<tr data-start=\"3462\" data-end=\"3510\">\n<td data-start=\"3462\" data-end=\"3470\" data-col-size=\"sm\">Pr\u0119dko\u015b\u0107<\/td>\n<td data-start=\"3470\" data-end=\"3510\" data-col-size=\"md\">Do 10 000 obrot\u00f3w na minut\u0119 (w zale\u017cno\u015bci od typu)<\/td>\n<\/tr>\n<tr data-start=\"3511\" data-end=\"3562\">\n<td data-start=\"3511\" data-end=\"3531\" data-col-size=\"sm\">Obr\u00f3bka powierzchni<\/td>\n<td data-start=\"3531\" data-end=\"3562\" data-col-size=\"md\">Hartowanie, powlekanie, galwanizacja<\/td>\n<\/tr>\n<tr data-start=\"3563\" data-end=\"3607\">\n<td data-start=\"3563\" data-end=\"3585\" data-col-size=\"sm\">Obs\u0142ugiwane standardy<\/td>\n<td data-start=\"3585\" data-end=\"3607\" data-col-size=\"md\">ISO, DIN, AGMA, GB<\/td>\n<\/tr>\n<tr data-start=\"3608\" data-end=\"3669\">\n<td data-start=\"3608\" data-end=\"3626\" data-col-size=\"sm\">Typ produkcji<\/td>\n<td data-start=\"3626\" data-end=\"3669\" data-col-size=\"md\">Prototyp, ma\u0142a partia, produkcja masowa<\/td>\n<\/tr>\n<\/tbody>\n<\/table>\n<\/div>\n<\/div>\n<h2 data-start=\"3676\" data-end=\"3709\"><strong data-start=\"3679\" data-end=\"3709\">Przewodnik po materia\u0142ach i wyborze<\/strong><\/h2>\n<div class=\"TyagGW_tableContainer\">\n<div class=\"group TyagGW_tableWrapper flex flex-col-reverse w-fit\" tabindex=\"-1\">\n<table class=\"w-fit min-w-(--thread-content-width)\" data-start=\"3711\" data-end=\"4136\">\n<thead data-start=\"3711\" data-end=\"3750\">\n<tr data-start=\"3711\" data-end=\"3750\">\n<th data-start=\"3711\" data-end=\"3722\" data-col-size=\"sm\">Materia\u0142<\/th>\n<th data-start=\"3722\" data-end=\"3735\" data-col-size=\"sm\">Zalety<\/th>\n<th data-start=\"3735\" data-end=\"3750\" data-col-size=\"sm\">Typowe zastosowanie<\/th>\n<\/tr>\n<\/thead>\n<tbody data-start=\"3765\" data-end=\"4136\">\n<tr data-start=\"3765\" data-end=\"3841\">\n<td data-start=\"3765\" data-end=\"3784\" data-col-size=\"sm\"><strong data-start=\"3767\" data-end=\"3783\">Stal w\u0119glowa<\/strong><\/td>\n<td data-start=\"3784\" data-end=\"3809\" data-col-size=\"sm\">Mocny, op\u0142acalny<\/td>\n<td data-start=\"3809\" data-end=\"3841\" data-col-size=\"sm\">Og\u00f3lne sprz\u0119g\u0142a przemys\u0142owe<\/td>\n<\/tr>\n<tr data-start=\"3842\" data-end=\"3935\">\n<td data-start=\"3842\" data-end=\"3860\" data-col-size=\"sm\"><strong data-start=\"3844\" data-end=\"3859\">Stal stopowa<\/strong><\/td>\n<td data-start=\"3860\" data-end=\"3892\" data-col-size=\"sm\">Wysoka wytrzyma\u0142o\u015b\u0107, odporno\u015b\u0107 na zu\u017cycie<\/td>\n<td data-start=\"3892\" data-end=\"3935\" data-col-size=\"sm\">Aplikacje do du\u017cych obci\u0105\u017ce\u0144 i wysokich moment\u00f3w obrotowych<\/td>\n<\/tr>\n<tr data-start=\"3936\" data-end=\"4020\">\n<td data-start=\"3936\" data-end=\"3958\" data-col-size=\"sm\"><strong data-start=\"3938\" data-end=\"3957\">Stal nierdzewna<\/strong><\/td>\n<td data-start=\"3958\" data-end=\"3980\" data-col-size=\"sm\">Odporno\u015b\u0107 na korozj\u0119<\/td>\n<td data-start=\"3980\" data-end=\"4020\" data-col-size=\"sm\">Maszyny morskie, chemiczne i spo\u017cywcze<\/td>\n<\/tr>\n<tr data-start=\"4021\" data-end=\"4136\">\n<td data-start=\"4021\" data-end=\"4061\" data-col-size=\"sm\"><strong data-start=\"4023\" data-end=\"4060\">Tworzywa konstrukcyjne \/ elastomery<\/strong><\/td>\n<td data-start=\"4061\" data-end=\"4093\" data-col-size=\"sm\">Amortyzacja wstrz\u0105s\u00f3w, niewielka waga<\/td>\n<td data-start=\"4093\" data-end=\"4136\" data-col-size=\"sm\">Aplikacje o niskiej pr\u0119dko\u015bci i podatne na wibracje<\/td>\n<\/tr>\n<\/tbody>\n<\/table>\n<\/div>\n<\/div>\n<div class=\"TyagGW_tableContainer\">\n<div class=\"group TyagGW_tableWrapper flex flex-col-reverse w-fit\" tabindex=\"-1\">\n<table class=\"w-fit min-w-(--thread-content-width)\" data-start=\"4138\" data-end=\"4521\">\n<thead data-start=\"4138\" data-end=\"4185\">\n<tr data-start=\"4138\" data-end=\"4185\">\n<th data-start=\"4138\" data-end=\"4154\" data-col-size=\"sm\">Typ z\u0142\u0105cza<\/th>\n<th data-start=\"4154\" data-end=\"4166\" data-col-size=\"sm\">Przewaga<\/th>\n<th data-start=\"4166\" data-end=\"4185\" data-col-size=\"sm\">Zalecane dla<\/th>\n<\/tr>\n<\/thead>\n<tbody data-start=\"4200\" data-end=\"4521\">\n<tr data-start=\"4200\" data-end=\"4263\">\n<td data-start=\"4200\" data-end=\"4208\" data-col-size=\"sm\">Sztywny<\/td>\n<td data-start=\"4208\" data-end=\"4241\" data-col-size=\"sm\">Wysoki moment obrotowy, precyzyjne osiowanie<\/td>\n<td data-start=\"4241\" data-end=\"4263\" data-col-size=\"sm\">Maszyny wolnoobrotowe<\/td>\n<\/tr>\n<tr data-start=\"4264\" data-end=\"4320\">\n<td data-start=\"4264\" data-end=\"4275\" data-col-size=\"sm\">Elastyczno\u015b\u0107<\/td>\n<td data-start=\"4275\" data-end=\"4303\" data-col-size=\"sm\">Kompensacja niewsp\u00f3\u0142osiowo\u015bci<\/td>\n<td data-start=\"4303\" data-end=\"4320\" data-col-size=\"sm\">Silniki, pompy<\/td>\n<\/tr>\n<tr data-start=\"4321\" data-end=\"4389\">\n<td data-start=\"4321\" data-end=\"4327\" data-col-size=\"sm\">Szcz\u0119ka<\/td>\n<td data-start=\"4327\" data-end=\"4350\" data-col-size=\"sm\">Poch\u0142anianie wibracji<\/td>\n<td data-start=\"4350\" data-end=\"4389\" data-col-size=\"sm\">\u015arednioobrotowe nap\u0119dy og\u00f3lnego przeznaczenia<\/td>\n<\/tr>\n<tr data-start=\"4390\" data-end=\"4451\">\n<td data-start=\"4390\" data-end=\"4397\" data-col-size=\"sm\">Przek\u0142adnia<\/td>\n<td data-start=\"4397\" data-end=\"4417\" data-col-size=\"sm\">Wytrzyma\u0142y moment obrotowy<\/td>\n<td data-start=\"4417\" data-end=\"4451\" data-col-size=\"sm\">Maszyny przemys\u0142owe o du\u017cym obci\u0105\u017ceniu<\/td>\n<\/tr>\n<tr data-start=\"4452\" data-end=\"4521\">\n<td data-start=\"4452\" data-end=\"4466\" data-col-size=\"sm\">Siatka \/ Dysk<\/td>\n<td data-start=\"4466\" data-end=\"4489\" data-col-size=\"sm\">Elastyczno\u015b\u0107 skr\u0119tna<\/td>\n<td data-start=\"4489\" data-end=\"4521\" data-col-size=\"sm\">Pompy, spr\u0119\u017carki, turbiny<\/td>\n<\/tr>\n<\/tbody>\n<\/table>\n<\/div>\n<\/div>\n<h2 data-start=\"4528\" data-end=\"4551\"><strong data-start=\"4531\" data-end=\"4551\">Dlaczego warto wybra\u0107 Wonzh<\/strong><\/h2>\n<ul data-start=\"4553\" data-end=\"4854\">\n<li data-start=\"4553\" data-end=\"4601\">\n<p data-start=\"4555\" data-end=\"4601\">Wysokiej jako\u015bci, precyzyjnie zaprojektowane z\u0142\u0105cza<\/p>\n<\/li>\n<li data-start=\"4602\" data-end=\"4653\">\n<p data-start=\"4604\" data-end=\"4653\">Zaawansowane procesy produkcji i kontroli<\/p>\n<\/li>\n<li data-start=\"4654\" data-end=\"4730\">\n<p data-start=\"4656\" data-end=\"4730\">Niestandardowe wsparcie in\u017cynieryjne w zakresie momentu obrotowego, osiowania i doboru materia\u0142\u00f3w<\/p>\n<\/li>\n<li data-start=\"4731\" data-end=\"4800\">\n<p data-start=\"4733\" data-end=\"4800\">Trwa\u0142e, odporne na zu\u017cycie i niezawodne w ci\u0119\u017ckich zastosowaniach<\/p>\n<\/li>\n<li data-start=\"4801\" data-end=\"4854\">\n<p data-start=\"4803\" data-end=\"4854\">Od prototypu do masowej produkcji z globaln\u0105 dostaw\u0105<\/p>\n<\/li>\n<\/ul>\n<h2 data-start=\"4861\" data-end=\"4902\"><strong data-start=\"4864\" data-end=\"4900\">Cz\u0119sto zadawane pytania (FAQ)<\/strong><\/h2>\n<h3 data-start=\"4904\" data-end=\"4952\"><strong data-start=\"4908\" data-end=\"4950\">P1: Jaki jest cel sprz\u0119g\u0142a?<\/strong><\/h3>\n<p data-start=\"4953\" data-end=\"5073\">Sprz\u0119g\u0142o \u0142\u0105czy dwa wa\u0142y w celu przeniesienia momentu obrotowego, jednocze\u015bnie dostosowuj\u0105c si\u0119 do niewsp\u00f3\u0142osiowo\u015bci i poch\u0142aniaj\u0105c wibracje lub wstrz\u0105sy.<\/p>\n<h3 data-start=\"5075\" data-end=\"5122\"><strong data-start=\"5079\" data-end=\"5120\">P2: Czy mo\u017cecie dostarczy\u0107 niestandardowe z\u0142\u0105cza?<\/strong><\/h3>\n<p data-start=\"5123\" data-end=\"5230\">Tak. Produkujemy niestandardowe sprz\u0119g\u0142a w oparciu o rozmiary wa\u0142\u00f3w, wymagania dotycz\u0105ce momentu obrotowego i warunki pracy.<\/p>\n<h3 data-start=\"5232\" data-end=\"5306\"><strong data-start=\"5236\" data-end=\"5304\">P3: Kt\u00f3ry typ sprz\u0119g\u0142a jest najlepszy do zastosowa\u0144 wymagaj\u0105cych wysokiego momentu obrotowego?<\/strong><\/h3>\n<p data-start=\"5307\" data-end=\"5404\"><strong data-start=\"5307\" data-end=\"5325\">Sprz\u0119g\u0142a z\u0119bate<\/strong> oraz <strong data-start=\"5330\" data-end=\"5353\">Sprz\u0119g\u0142o siatka\/tarcza<\/strong> s\u0105 idealne do maszyn o wysokim momencie obrotowym i du\u017cych obci\u0105\u017ceniach.<\/p>\n<h3 data-start=\"5406\" data-end=\"5468\"><strong data-start=\"5410\" data-end=\"5466\">P4: Czy sprz\u0119g\u0142a mog\u0105 kompensowa\u0107 niewsp\u00f3\u0142osiowo\u015b\u0107 wa\u0142u?<\/strong><\/h3>\n<p data-start=\"5469\" data-end=\"5569\">Tak. Sprz\u0119g\u0142a elastyczne, szcz\u0119kowe, z\u0119bate i tarczowe mog\u0105 obs\u0142ugiwa\u0107 niewsp\u00f3\u0142osiowo\u015b\u0107 k\u0105tow\u0105, r\u00f3wnoleg\u0142\u0105 i osiow\u0105.<\/p>\n<h3 data-start=\"5571\" data-end=\"5614\"><strong data-start=\"5575\" data-end=\"5612\">P5: Jakie materia\u0142y s\u0105 dost\u0119pne?<\/strong><\/h3>\n<p data-start=\"5615\" data-end=\"5762\">Z\u0142\u0105cza s\u0105 wykonane z <strong data-start=\"5639\" data-end=\"5720\">stal w\u0119glowa, stal stopowa, stal nierdzewna, aluminium lub konstrukcyjne tworzywa sztuczne<\/strong>, w zale\u017cno\u015bci od wymaga\u0144 aplikacji.<\/p>","protected":false},"excerpt":{"rendered":"<p>Z\u0142\u0105cza dostarczane przez <strong data-start=\"589\" data-end=\"598\">Wonzh<\/strong> s\u0105 precyzyjnie zaprojektowanymi komponentami mechanicznymi u\u017cywanymi do \u0142\u0105czenia dw\u00f3ch wa\u0142\u00f3w w celu przenoszenia mocy, przy jednoczesnym uwzgl\u0119dnieniu niewsp\u00f3\u0142osiowo\u015bci, redukcji wibracji i ochronie pod\u0142\u0105czonego sprz\u0119tu. Nasze sprz\u0119g\u0142a s\u0105 szeroko stosowane w <strong data-start=\"829\" data-end=\"907\">silniki, pompy, spr\u0119\u017carki, przeno\u015bniki, przek\u0142adnie i maszyny przemys\u0142owe<\/strong>.<\/p>","protected":false},"featured_media":1530,"comment_status":"open","ping_status":"closed","template":"","meta":{"site-sidebar-layout":"default","site-content-layout":"","ast-site-content-layout":"default","site-content-style":"default","site-sidebar-style":"default","ast-global-header-display":"","ast-banner-title-visibility":"","ast-main-header-display":"","ast-hfb-above-header-display":"","ast-hfb-below-header-display":"","ast-hfb-mobile-header-display":"","site-post-title":"","ast-breadcrumbs-content":"","ast-featured-img":"","footer-sml-layout":"","ast-disable-related-posts":"","theme-transparent-header-meta":"default","adv-header-id-meta":"","stick-header-meta":"default","header-above-stick-meta":"","header-main-stick-meta":"","header-below-stick-meta":"","astra-migrate-meta-layouts":"set","ast-page-background-enabled":"default","ast-page-background-meta":{"desktop":{"background-color":"","background-image":"","background-repeat":"repeat","background-position":"center center","background-size":"auto","background-attachment":"scroll","background-type":"","background-media":"","overlay-type":"","overlay-color":"","overlay-opacity":"","overlay-gradient":""},"tablet":{"background-color":"","background-image":"","background-repeat":"repeat","background-position":"center center","background-size":"auto","background-attachment":"scroll","background-type":"","background-media":"","overlay-type":"","overlay-color":"","overlay-opacity":"","overlay-gradient":""},"mobile":{"background-color":"","background-image":"","background-repeat":"repeat","background-position":"center center","background-size":"auto","background-attachment":"scroll","background-type":"","background-media":"","overlay-type":"","overlay-color":"","overlay-opacity":"","overlay-gradient":""}},"ast-content-background-meta":{"desktop":{"background-color":"var(--ast-global-color-5)","background-image":"","background-repeat":"repeat","background-position":"center center","background-size":"auto","background-attachment":"scroll","background-type":"","background-media":"","overlay-type":"","overlay-color":"","overlay-opacity":"","overlay-gradient":""},"tablet":{"background-color":"var(--ast-global-color-5)","background-image":"","background-repeat":"repeat","background-position":"center center","background-size":"auto","background-attachment":"scroll","background-type":"","background-media":"","overlay-type":"","overlay-color":"","overlay-opacity":"","overlay-gradient":""},"mobile":{"background-color":"var(--ast-global-color-5)","background-image":"","background-repeat":"repeat","background-position":"center center","background-size":"auto","background-attachment":"scroll","background-type":"","background-media":"","overlay-type":"","overlay-color":"","overlay-opacity":"","overlay-gradient":""}}},"product_brand":[],"product_cat":[25],"product_tag":[385,381,377,372,375,376,383,371,374,380,382,373,378,384,379],"class_list":{"0":"post-1472","1":"product","2":"type-product","3":"status-publish","4":"has-post-thumbnail","6":"product_cat-transmission-drive-components","7":"product_tag-china-coupling-manufacturer","8":"product_tag-cnc-coupling","9":"product_tag-disc-coupling","10":"product_tag-flexible-coupling","11":"product_tag-gear-coupling","12":"product_tag-grid-coupling","13":"product_tag-high-torque-coupling","14":"product_tag-industrial-couplings","15":"product_tag-jaw-coupling","16":"product_tag-misalignment-compensation","17":"product_tag-oem-couplings","18":"product_tag-rigid-coupling","19":"product_tag-shaft-connection","20":"product_tag-stainless-steel-coupling","21":"product_tag-torque-transmission","22":"desktop-align-left","23":"tablet-align-left","24":"mobile-align-left","26":"first","27":"instock","28":"shipping-taxable","29":"product-type-simple"},"_links":{"self":[{"href":"https:\/\/www.wonzh.com\/pl\/wp-json\/wp\/v2\/product\/1472","targetHints":{"allow":["GET"]}}],"collection":[{"href":"https:\/\/www.wonzh.com\/pl\/wp-json\/wp\/v2\/product"}],"about":[{"href":"https:\/\/www.wonzh.com\/pl\/wp-json\/wp\/v2\/types\/product"}],"replies":[{"embeddable":true,"href":"https:\/\/www.wonzh.com\/pl\/wp-json\/wp\/v2\/comments?post=1472"}],"wp:featuredmedia":[{"embeddable":true,"href":"https:\/\/www.wonzh.com\/pl\/wp-json\/wp\/v2\/media\/1530"}],"wp:attachment":[{"href":"https:\/\/www.wonzh.com\/pl\/wp-json\/wp\/v2\/media?parent=1472"}],"wp:term":[{"taxonomy":"product_brand","embeddable":true,"href":"https:\/\/www.wonzh.com\/pl\/wp-json\/wp\/v2\/product_brand?post=1472"},{"taxonomy":"product_cat","embeddable":true,"href":"https:\/\/www.wonzh.com\/pl\/wp-json\/wp\/v2\/product_cat?post=1472"},{"taxonomy":"product_tag","embeddable":true,"href":"https:\/\/www.wonzh.com\/pl\/wp-json\/wp\/v2\/product_tag?post=1472"}],"curies":[{"name":"wp","href":"https:\/\/api.w.org\/{rel}","templated":true}]}}