{"id":1465,"date":"2026-02-03T14:47:16","date_gmt":"2026-02-03T14:47:16","guid":{"rendered":"https:\/\/www.wonzh.com\/?post_type=product&#038;p=1465"},"modified":"2026-02-05T14:24:10","modified_gmt":"2026-02-05T14:24:10","slug":"niestandardowe-czesci-metalowe-do-zastosowan-przemyslowych-motoryzacyjnych-i-oem","status":"publish","type":"product","link":"https:\/\/www.wonzh.com\/pl\/product\/custom-metal-parts-for-industrial-automotive-and-oem-applications\/","title":{"rendered":"Niestandardowe cz\u0119\u015bci metalowe do zastosowa\u0144 przemys\u0142owych, motoryzacyjnych i OEM"},"content":{"rendered":"<p data-start=\"534\" data-end=\"856\">Niestandardowe cz\u0119\u015bci metalowe dostarczane przez <strong data-start=\"565\" data-end=\"574\">Wonzh<\/strong> to precyzyjnie zaprojektowane komponenty zaprojektowane i wyprodukowane zgodnie ze specyfikacjami klienta, rysunkami lub prototypami. Specjalizujemy si\u0119 w dostarczaniu wysokiej jako\u015bci cz\u0119\u015bci metalowych w r\u00f3\u017cnych bran\u017cach, w tym maszyn przemys\u0142owych, motoryzacyjnej, budowlanej, energetycznej i wyposa\u017cenia OEM.<\/p>\n<p data-start=\"858\" data-end=\"1285\">Nasze mo\u017cliwo\u015bci obejmuj\u0105 szeroki zakres metali.<strong data-start=\"904\" data-end=\"979\">stal w\u0119glowa, stal nierdzewna, aluminium, mosi\u0105dz, mied\u017a i stal stopowa<\/strong>-z procesami obejmuj\u0105cymi <strong data-start=\"1005\" data-end=\"1088\">Obr\u00f3bka CNC, ci\u0119cie laserowe, t\u0142oczenie, gi\u0119cie, spawanie i wyka\u0144czanie powierzchni<\/strong>. \u0141\u0105cz\u0105c zaawansowane technologie produkcyjne ze \u015bcis\u0142\u0105 kontrol\u0105 jako\u015bci, Wonzh zapewnia, \u017ce ka\u017cda cz\u0119\u015b\u0107 spe\u0142nia dok\u0142adne tolerancje wymiarowe, wydajno\u015b\u0107 mechaniczn\u0105 i wymagania estetyczne.<\/p>\n<p data-start=\"1287\" data-end=\"1634\">Jako zaufany dostawca przemys\u0142owy wspieramy <strong data-start=\"1332\" data-end=\"1412\">opracowywanie prototyp\u00f3w, produkcja ma\u0142oseryjna i produkcja na du\u017c\u0105 skal\u0119<\/strong>, \u015bci\u015ble wsp\u00f3\u0142pracuj\u0105c z in\u017cynierami w celu optymalizacji doboru materia\u0142\u00f3w, projektowania pod k\u0105tem mo\u017cliwo\u015bci produkcyjnych i wydajno\u015bci produkcji. Niestandardowe cz\u0119\u015bci metalowe od Wonzh s\u0105 zaprojektowane z my\u015bl\u0105 o trwa\u0142o\u015bci, precyzji i d\u0142ugoterminowej niezawodno\u015bci.<\/p>\n<h2 data-start=\"1641\" data-end=\"1660\"><strong data-start=\"1644\" data-end=\"1660\">Kluczowe cechy<\/strong><\/h2>\n<ul data-start=\"1662\" data-end=\"1989\">\n<li data-start=\"1662\" data-end=\"1725\">\n<p data-start=\"1664\" data-end=\"1725\">W pe\u0142ni dostosowane do rysunk\u00f3w, specyfikacji lub prototyp\u00f3w<\/p>\n<\/li>\n<li data-start=\"1726\" data-end=\"1773\">\n<p data-start=\"1728\" data-end=\"1773\">Wysoka dok\u0142adno\u015b\u0107 wymiarowa i powtarzalno\u015b\u0107<\/p>\n<\/li>\n<li data-start=\"1774\" data-end=\"1824\">\n<p data-start=\"1776\" data-end=\"1824\">Nadaje si\u0119 do szerokiej gamy metali i stop\u00f3w<\/p>\n<\/li>\n<li data-start=\"1825\" data-end=\"1894\">\n<p data-start=\"1827\" data-end=\"1894\">Wiele proces\u00f3w produkcyjnych: CNC, t\u0142oczenie, spawanie, gi\u0119cie<\/p>\n<\/li>\n<li data-start=\"1895\" data-end=\"1948\">\n<p data-start=\"1897\" data-end=\"1948\">Dost\u0119pne opcje obr\u00f3bki powierzchni i wyko\u0144czenia<\/p>\n<\/li>\n<li data-start=\"1949\" data-end=\"1989\">\n<p data-start=\"1951\" data-end=\"1989\">Wsparcie od prototypu do produkcji masowej<\/p>\n<\/li>\n<\/ul>\n<h2 data-start=\"1996\" data-end=\"2023\"><strong data-start=\"1999\" data-end=\"2023\">Typowe zastosowania<\/strong><\/h2>\n<ul data-start=\"2025\" data-end=\"2295\">\n<li data-start=\"2025\" data-end=\"2060\">\n<p data-start=\"2027\" data-end=\"2060\">Komponenty maszyn przemys\u0142owych<\/p>\n<\/li>\n<li data-start=\"2061\" data-end=\"2096\">\n<p data-start=\"2063\" data-end=\"2096\">Cz\u0119\u015bci i podzespo\u0142y samochodowe<\/p>\n<\/li>\n<li data-start=\"2097\" data-end=\"2129\">\n<p data-start=\"2099\" data-end=\"2129\">Cz\u0119\u015bci do sprz\u0119tu budowlanego<\/p>\n<\/li>\n<li data-start=\"2130\" data-end=\"2169\">\n<p data-start=\"2132\" data-end=\"2169\">Systemy wytwarzania energii i zasilania<\/p>\n<\/li>\n<li data-start=\"2170\" data-end=\"2217\">\n<p data-start=\"2172\" data-end=\"2217\">Pompy, zawory i urz\u0105dzenia do transportu p\u0142yn\u00f3w<\/p>\n<\/li>\n<li data-start=\"2218\" data-end=\"2245\">\n<p data-start=\"2220\" data-end=\"2245\">Cz\u0119\u015bci zamienne OEM i MRO<\/p>\n<\/li>\n<li data-start=\"2246\" data-end=\"2295\">\n<p data-start=\"2248\" data-end=\"2295\">Architektoniczne i konstrukcyjne elementy metalowe<\/p>\n<\/li>\n<\/ul>\n<h2 data-start=\"2302\" data-end=\"2335\"><strong data-start=\"2305\" data-end=\"2335\">Mo\u017cliwo\u015bci produkcyjne<\/strong><\/h2>\n<div class=\"TyagGW_tableContainer\">\n<div class=\"group TyagGW_tableWrapper flex flex-col-reverse w-fit\" tabindex=\"-1\">\n<table class=\"w-fit min-w-(--thread-content-width)\" data-start=\"2337\" data-end=\"2850\">\n<thead data-start=\"2337\" data-end=\"2361\">\n<tr data-start=\"2337\" data-end=\"2361\">\n<th data-start=\"2337\" data-end=\"2347\" data-col-size=\"sm\">Proces<\/th>\n<th data-start=\"2347\" data-end=\"2361\" data-col-size=\"md\">Zdolno\u015b\u0107<\/th>\n<\/tr>\n<\/thead>\n<tbody data-start=\"2372\" data-end=\"2850\">\n<tr data-start=\"2372\" data-end=\"2449\">\n<td data-start=\"2372\" data-end=\"2388\" data-col-size=\"sm\">Obr\u00f3bka CNC<\/td>\n<td data-start=\"2388\" data-end=\"2449\" data-col-size=\"md\">Toczenie, frezowanie, wiercenie i szlifowanie z\u0142o\u017conych cz\u0119\u015bci<\/td>\n<\/tr>\n<tr data-start=\"2450\" data-end=\"2505\">\n<td data-start=\"2450\" data-end=\"2467\" data-col-size=\"sm\">T\u0142oczenie metali<\/td>\n<td data-start=\"2467\" data-end=\"2505\" data-col-size=\"md\">Wysokonak\u0142adowe komponenty blaszane<\/td>\n<\/tr>\n<tr data-start=\"2506\" data-end=\"2568\">\n<td data-start=\"2506\" data-end=\"2522\" data-col-size=\"sm\">Ci\u0119cie laserowe<\/td>\n<td data-start=\"2522\" data-end=\"2568\" data-col-size=\"md\">Precyzyjne ci\u0119cie blach i p\u0142yt<\/td>\n<\/tr>\n<tr data-start=\"2569\" data-end=\"2619\">\n<td data-start=\"2569\" data-end=\"2589\" data-col-size=\"sm\">Gi\u0119cie \/ formowanie<\/td>\n<td data-start=\"2589\" data-end=\"2619\" data-col-size=\"md\">Niestandardowe kszta\u0142ty i profile<\/td>\n<\/tr>\n<tr data-start=\"2620\" data-end=\"2689\">\n<td data-start=\"2620\" data-end=\"2641\" data-col-size=\"sm\">Spawanie i monta\u017c<\/td>\n<td data-start=\"2641\" data-end=\"2689\" data-col-size=\"md\">TIG, MIG, spawanie punktowe i monta\u017c modu\u0142owy<\/td>\n<\/tr>\n<tr data-start=\"2690\" data-end=\"2771\">\n<td data-start=\"2690\" data-end=\"2710\" data-col-size=\"sm\">Obr\u00f3bka powierzchni<\/td>\n<td data-start=\"2710\" data-end=\"2771\" data-col-size=\"md\">Anodowanie, galwanizacja, malowanie, malowanie proszkowe, pasywacja<\/td>\n<\/tr>\n<tr data-start=\"2772\" data-end=\"2850\">\n<td data-start=\"2772\" data-end=\"2789\" data-col-size=\"sm\">Obr\u00f3bka cieplna<\/td>\n<td data-start=\"2789\" data-end=\"2850\" data-col-size=\"md\">Hartowanie, odpuszczanie, wy\u017carzanie w celu uzyskania w\u0142a\u015bciwo\u015bci mechanicznych<\/td>\n<\/tr>\n<\/tbody>\n<\/table>\n<\/div>\n<\/div>\n<h2 data-start=\"2857\" data-end=\"2909\"><strong data-start=\"2860\" data-end=\"2907\">Parametry techniczne (zakres reprezentatywny)<\/strong><\/h2>\n<div class=\"TyagGW_tableContainer\">\n<div class=\"group TyagGW_tableWrapper flex flex-col-reverse w-fit\" tabindex=\"-1\">\n<table class=\"w-fit min-w-(--thread-content-width)\" data-start=\"2911\" data-end=\"3406\">\n<thead data-start=\"2911\" data-end=\"2937\">\n<tr data-start=\"2911\" data-end=\"2937\">\n<th data-start=\"2911\" data-end=\"2923\" data-col-size=\"sm\">Parametr<\/th>\n<th data-start=\"2923\" data-end=\"2937\" data-col-size=\"md\">Zdolno\u015b\u0107<\/th>\n<\/tr>\n<\/thead>\n<tbody data-start=\"2948\" data-end=\"3406\">\n<tr data-start=\"2948\" data-end=\"3038\">\n<td data-start=\"2948\" data-end=\"2967\" data-col-size=\"sm\">Opcje materia\u0142owe<\/td>\n<td data-start=\"2967\" data-end=\"3038\" data-col-size=\"md\">Stal w\u0119glowa, stal nierdzewna, aluminium, mosi\u0105dz, mied\u017a, stal stopowa<\/td>\n<\/tr>\n<tr data-start=\"3039\" data-end=\"3098\">\n<td data-start=\"3039\" data-end=\"3063\" data-col-size=\"sm\">Tolerancja wymiar\u00f3w<\/td>\n<td data-start=\"3063\" data-end=\"3098\" data-col-size=\"md\">Do \u00b10,01 mm (w zale\u017cno\u015bci od cz\u0119\u015bci)<\/td>\n<\/tr>\n<tr data-start=\"3099\" data-end=\"3171\">\n<td data-start=\"3099\" data-end=\"3116\" data-col-size=\"sm\">Wyko\u0144czenie powierzchni<\/td>\n<td data-start=\"3116\" data-end=\"3171\" data-col-size=\"md\">Ra 0,8 - Ra 3,2, polerowane, anodowane, platerowane, powlekane<\/td>\n<\/tr>\n<tr data-start=\"3172\" data-end=\"3220\">\n<td data-start=\"3172\" data-end=\"3188\" data-col-size=\"sm\">Maksymalny rozmiar cz\u0119\u015bci<\/td>\n<td data-start=\"3188\" data-end=\"3220\" data-col-size=\"md\">Do 1200 mm (z mo\u017cliwo\u015bci\u0105 dostosowania)<\/td>\n<\/tr>\n<tr data-start=\"3221\" data-end=\"3282\">\n<td data-start=\"3221\" data-end=\"3239\" data-col-size=\"sm\">Typ produkcji<\/td>\n<td data-start=\"3239\" data-end=\"3282\" data-col-size=\"md\">Prototyp, ma\u0142a partia, produkcja masowa<\/td>\n<\/tr>\n<tr data-start=\"3283\" data-end=\"3335\">\n<td data-start=\"3283\" data-end=\"3303\" data-col-size=\"sm\">Standardy jako\u015bci<\/td>\n<td data-start=\"3303\" data-end=\"3335\" data-col-size=\"md\">Proces kontroli oparty na normach ISO<\/td>\n<\/tr>\n<tr data-start=\"3336\" data-end=\"3406\">\n<td data-start=\"3336\" data-end=\"3349\" data-col-size=\"sm\">Kontrola<\/td>\n<td data-start=\"3349\" data-end=\"3406\" data-col-size=\"md\">Wsp\u00f3\u0142rz\u0119dno\u015bciowa maszyna pomiarowa, mikrometry, suwmiarki, badanie chropowato\u015bci powierzchni<\/td>\n<\/tr>\n<\/tbody>\n<\/table>\n<\/div>\n<\/div>\n<h2 data-start=\"3413\" data-end=\"3444\"><strong data-start=\"3416\" data-end=\"3444\">Przewodnik wyboru materia\u0142\u00f3w<\/strong><\/h2>\n<div class=\"TyagGW_tableContainer\">\n<div class=\"group TyagGW_tableWrapper flex flex-col-reverse w-fit\" tabindex=\"-1\">\n<table class=\"w-fit min-w-(--thread-content-width)\" data-start=\"3446\" data-end=\"3945\">\n<thead data-start=\"3446\" data-end=\"3485\">\n<tr data-start=\"3446\" data-end=\"3485\">\n<th data-start=\"3446\" data-end=\"3457\" data-col-size=\"sm\">Materia\u0142<\/th>\n<th data-start=\"3457\" data-end=\"3470\" data-col-size=\"sm\">Zalety<\/th>\n<th data-start=\"3470\" data-end=\"3485\" data-col-size=\"sm\">Typowe zastosowanie<\/th>\n<\/tr>\n<\/thead>\n<tbody data-start=\"3500\" data-end=\"3945\">\n<tr data-start=\"3500\" data-end=\"3582\">\n<td data-start=\"3500\" data-end=\"3519\" data-col-size=\"sm\"><strong data-start=\"3502\" data-end=\"3518\">Stal w\u0119glowa<\/strong><\/td>\n<td data-start=\"3519\" data-end=\"3551\" data-col-size=\"sm\">Wysoka wytrzyma\u0142o\u015b\u0107, op\u0142acalno\u015b\u0107<\/td>\n<td data-start=\"3551\" data-end=\"3582\" data-col-size=\"sm\">Maszyny, cz\u0119\u015bci do du\u017cych obci\u0105\u017ce\u0144<\/td>\n<\/tr>\n<tr data-start=\"3583\" data-end=\"3673\">\n<td data-start=\"3583\" data-end=\"3615\" data-col-size=\"sm\"><strong data-start=\"3585\" data-end=\"3614\">Stal nierdzewna (304\/316)<\/strong><\/td>\n<td data-start=\"3615\" data-end=\"3637\" data-col-size=\"sm\">Odporno\u015b\u0107 na korozj\u0119<\/td>\n<td data-start=\"3637\" data-end=\"3673\" data-col-size=\"sm\">Sprz\u0119t morski, chemiczny, spo\u017cywczy<\/td>\n<\/tr>\n<tr data-start=\"3674\" data-end=\"3767\">\n<td data-start=\"3674\" data-end=\"3695\" data-col-size=\"sm\"><strong data-start=\"3676\" data-end=\"3694\">Stop aluminium<\/strong><\/td>\n<td data-start=\"3695\" data-end=\"3729\" data-col-size=\"sm\">Lekko\u015b\u0107, dobra obrabialno\u015b\u0107<\/td>\n<td data-start=\"3729\" data-end=\"3767\" data-col-size=\"sm\">Motoryzacja, lotnictwo i kosmonautyka, elektronika<\/td>\n<\/tr>\n<tr data-start=\"3768\" data-end=\"3858\">\n<td data-start=\"3768\" data-end=\"3789\" data-col-size=\"sm\"><strong data-start=\"3770\" data-end=\"3788\">Mosi\u0105dz \/ Mied\u017a<\/strong><\/td>\n<td data-start=\"3789\" data-end=\"3826\" data-col-size=\"sm\">Przewodno\u015b\u0107, odporno\u015b\u0107 na korozj\u0119<\/td>\n<td data-start=\"3826\" data-end=\"3858\" data-col-size=\"sm\">Zawory, armatura, z\u0142\u0105cza<\/td>\n<\/tr>\n<tr data-start=\"3859\" data-end=\"3945\">\n<td data-start=\"3859\" data-end=\"3877\" data-col-size=\"sm\"><strong data-start=\"3861\" data-end=\"3876\">Stal stopowa<\/strong><\/td>\n<td data-start=\"3877\" data-end=\"3910\" data-col-size=\"sm\">Wysoka wytrzyma\u0142o\u015b\u0107, odporno\u015b\u0107 na zu\u017cycie<\/td>\n<td data-start=\"3910\" data-end=\"3945\" data-col-size=\"sm\">Sprz\u0119t przemys\u0142owy i g\u00f3rniczy<\/td>\n<\/tr>\n<\/tbody>\n<\/table>\n<\/div>\n<\/div>\n<h2 data-start=\"3952\" data-end=\"3975\"><strong data-start=\"3955\" data-end=\"3975\">Dlaczego warto wybra\u0107 Wonzh<\/strong><\/h2>\n<ul data-start=\"3977\" data-end=\"4287\">\n<li data-start=\"3977\" data-end=\"4050\">\n<p data-start=\"3979\" data-end=\"4050\">Kompleksowa kontrola jako\u015bci od pozyskiwania materia\u0142\u00f3w do kontroli ko\u0144cowej<\/p>\n<\/li>\n<li data-start=\"4051\" data-end=\"4116\">\n<p data-start=\"4053\" data-end=\"4116\">Zaawansowany sprz\u0119t produkcyjny i wykwalifikowany zesp\u00f3\u0142 in\u017cynier\u00f3w<\/p>\n<\/li>\n<li data-start=\"4117\" data-end=\"4173\">\n<p data-start=\"4119\" data-end=\"4173\">Obs\u0142uga z\u0142o\u017conych geometrii i niestandardowych tolerancji<\/p>\n<\/li>\n<li data-start=\"4174\" data-end=\"4241\">\n<p data-start=\"4176\" data-end=\"4241\">Elastyczna produkcja: prototypy, ma\u0142e partie, produkcja masowa<\/p>\n<\/li>\n<li data-start=\"4242\" data-end=\"4287\">\n<p data-start=\"4244\" data-end=\"4287\">Globalna dostawa i niezawodny \u0142a\u0144cuch dostaw<\/p>\n<\/li>\n<\/ul>\n<h2 data-start=\"4294\" data-end=\"4335\"><strong data-start=\"4297\" data-end=\"4333\">Cz\u0119sto zadawane pytania (FAQ)<\/strong><\/h2>\n<h3 data-start=\"4337\" data-end=\"4394\"><strong data-start=\"4341\" data-end=\"4392\">P1: Czy mo\u017cecie produkowa\u0107 cz\u0119\u015bci na podstawie moich rysunk\u00f3w?<\/strong><\/h3>\n<p data-start=\"4395\" data-end=\"4500\">Tak. Mo\u017cemy produkowa\u0107 cz\u0119\u015bci \u015bci\u015ble wed\u0142ug <strong data-start=\"4447\" data-end=\"4497\">Rysunki 2D\/3D, pliki CAD lub pr\u00f3bki fizyczne<\/strong>.<\/p>\n<h3 data-start=\"4502\" data-end=\"4547\"><strong data-start=\"4506\" data-end=\"4545\">P2: Jakie formaty plik\u00f3w s\u0105 akceptowane?<\/strong><\/h3>\n<p data-start=\"4548\" data-end=\"4621\">Akceptujemy <strong data-start=\"4558\" data-end=\"4587\">STEP, IGES, DXF, DWG, PDF<\/strong> i inne standardowe formaty CAD.<\/p>\n<h3 data-start=\"4623\" data-end=\"4667\"><strong data-start=\"4627\" data-end=\"4665\">P3: Jaki jest typowy czas realizacji zam\u00f3wienia?<\/strong><\/h3>\n<ul data-start=\"4668\" data-end=\"4766\">\n<li data-start=\"4668\" data-end=\"4696\">\n<p data-start=\"4670\" data-end=\"4696\">Prototyp: <strong data-start=\"4681\" data-end=\"4694\">1-2 tygodnie<\/strong><\/p>\n<\/li>\n<li data-start=\"4697\" data-end=\"4727\">\n<p data-start=\"4699\" data-end=\"4727\">Ma\u0142a partia: <strong data-start=\"4712\" data-end=\"4725\">2-4 tygodnie<\/strong><\/p>\n<\/li>\n<li data-start=\"4728\" data-end=\"4766\">\n<p data-start=\"4730\" data-end=\"4766\">Produkcja masowa: zale\u017cna od projektu<\/p>\n<\/li>\n<\/ul>\n<h3 data-start=\"4768\" data-end=\"4815\"><strong data-start=\"4772\" data-end=\"4813\">P4: Czy dost\u0119pna jest obr\u00f3bka powierzchni?<\/strong><\/h3>\n<p data-start=\"4816\" data-end=\"4915\">Tak. Oferujemy <strong data-start=\"4830\" data-end=\"4891\">anodowanie, galwanizacja, malowanie, malowanie proszkowe, pasywacja<\/strong>, i niestandardowe wyko\u0144czenia.<\/p>\n<h3 data-start=\"4917\" data-end=\"4969\"><strong data-start=\"4921\" data-end=\"4967\">P5: Czy wspierasz produkcj\u0119 ma\u0142oseryjn\u0105?<\/strong><\/h3>\n<p data-start=\"4970\" data-end=\"5057\">Tak. Mo\u017cemy wydajnie produkowa\u0107 prototypy, ma\u0142e partie i produkcj\u0119 na pe\u0142n\u0105 skal\u0119.<\/p>","protected":false},"excerpt":{"rendered":"<p>Niestandardowe cz\u0119\u015bci metalowe dostarczane przez <strong data-start=\"565\" data-end=\"574\">Wonzh<\/strong> to precyzyjnie zaprojektowane komponenty zaprojektowane i wyprodukowane zgodnie ze specyfikacjami klienta, rysunkami lub prototypami. Specjalizujemy si\u0119 w dostarczaniu wysokiej jako\u015bci cz\u0119\u015bci metalowych w r\u00f3\u017cnych bran\u017cach, w tym maszyn przemys\u0142owych, motoryzacyjnej, budowlanej, energetycznej i wyposa\u017cenia OEM.<\/p>","protected":false},"featured_media":1520,"comment_status":"open","ping_status":"closed","template":"","meta":{"site-sidebar-layout":"default","site-content-layout":"","ast-site-content-layout":"default","site-content-style":"default","site-sidebar-style":"default","ast-global-header-display":"","ast-banner-title-visibility":"","ast-main-header-display":"","ast-hfb-above-header-display":"","ast-hfb-below-header-display":"","ast-hfb-mobile-header-display":"","site-post-title":"","ast-breadcrumbs-content":"","ast-featured-img":"","footer-sml-layout":"","ast-disable-related-posts":"","theme-transparent-header-meta":"default","adv-header-id-meta":"","stick-header-meta":"default","header-above-stick-meta":"","header-main-stick-meta":"","header-below-stick-meta":"","astra-migrate-meta-layouts":"set","ast-page-background-enabled":"default","ast-page-background-meta":{"desktop":{"background-color":"","background-image":"","background-repeat":"repeat","background-position":"center center","background-size":"auto","background-attachment":"scroll","background-type":"","background-media":"","overlay-type":"","overlay-color":"","overlay-opacity":"","overlay-gradient":""},"tablet":{"background-color":"","background-image":"","background-repeat":"repeat","background-position":"center center","background-size":"auto","background-attachment":"scroll","background-type":"","background-media":"","overlay-type":"","overlay-color":"","overlay-opacity":"","overlay-gradient":""},"mobile":{"background-color":"","background-image":"","background-repeat":"repeat","background-position":"center center","background-size":"auto","background-attachment":"scroll","background-type":"","background-media":"","overlay-type":"","overlay-color":"","overlay-opacity":"","overlay-gradient":""}},"ast-content-background-meta":{"desktop":{"background-color":"var(--ast-global-color-5)","background-image":"","background-repeat":"repeat","background-position":"center center","background-size":"auto","background-attachment":"scroll","background-type":"","background-media":"","overlay-type":"","overlay-color":"","overlay-opacity":"","overlay-gradient":""},"tablet":{"background-color":"var(--ast-global-color-5)","background-image":"","background-repeat":"repeat","background-position":"center center","background-size":"auto","background-attachment":"scroll","background-type":"","background-media":"","overlay-type":"","overlay-color":"","overlay-opacity":"","overlay-gradient":""},"mobile":{"background-color":"var(--ast-global-color-5)","background-image":"","background-repeat":"repeat","background-position":"center center","background-size":"auto","background-attachment":"scroll","background-type":"","background-media":"","overlay-type":"","overlay-color":"","overlay-opacity":"","overlay-gradient":""}}},"product_brand":[],"product_cat":[23],"product_tag":[315,317,323,299,324,312,325,319,318,313,320,321,316,314,322],"class_list":{"0":"post-1465","1":"product","2":"type-product","3":"status-publish","4":"has-post-thumbnail","6":"product_cat-precision-machined-parts","7":"product_tag-aluminum-parts","8":"product_tag-carbon-steel-parts","9":"product_tag-china-metal-manufacturer","10":"product_tag-cnc-machined-parts","11":"product_tag-custom-fabricated-parts","12":"product_tag-custom-metal-parts","13":"product_tag-high-precision-metal-parts","14":"product_tag-industrial-metal-components","15":"product_tag-oem-metal-parts","16":"product_tag-precision-metal-components","17":"product_tag-prototype-metal-parts","18":"product_tag-small-batch-metal-production","19":"product_tag-stainless-steel-components","20":"product_tag-stamped-metal-parts","21":"product_tag-surface-treated-metal","22":"desktop-align-left","23":"tablet-align-left","24":"mobile-align-left","26":"first","27":"instock","28":"shipping-taxable","29":"product-type-simple"},"_links":{"self":[{"href":"https:\/\/www.wonzh.com\/pl\/wp-json\/wp\/v2\/product\/1465","targetHints":{"allow":["GET"]}}],"collection":[{"href":"https:\/\/www.wonzh.com\/pl\/wp-json\/wp\/v2\/product"}],"about":[{"href":"https:\/\/www.wonzh.com\/pl\/wp-json\/wp\/v2\/types\/product"}],"replies":[{"embeddable":true,"href":"https:\/\/www.wonzh.com\/pl\/wp-json\/wp\/v2\/comments?post=1465"}],"wp:featuredmedia":[{"embeddable":true,"href":"https:\/\/www.wonzh.com\/pl\/wp-json\/wp\/v2\/media\/1520"}],"wp:attachment":[{"href":"https:\/\/www.wonzh.com\/pl\/wp-json\/wp\/v2\/media?parent=1465"}],"wp:term":[{"taxonomy":"product_brand","embeddable":true,"href":"https:\/\/www.wonzh.com\/pl\/wp-json\/wp\/v2\/product_brand?post=1465"},{"taxonomy":"product_cat","embeddable":true,"href":"https:\/\/www.wonzh.com\/pl\/wp-json\/wp\/v2\/product_cat?post=1465"},{"taxonomy":"product_tag","embeddable":true,"href":"https:\/\/www.wonzh.com\/pl\/wp-json\/wp\/v2\/product_tag?post=1465"}],"curies":[{"name":"wp","href":"https:\/\/api.w.org\/{rel}","templated":true}]}}