{"id":1462,"date":"2026-02-03T14:41:29","date_gmt":"2026-02-03T14:41:29","guid":{"rendered":"https:\/\/www.wonzh.com\/?post_type=product&#038;p=1462"},"modified":"2026-02-05T09:12:03","modified_gmt":"2026-02-05T09:12:03","slug":"akcesoria-do-lin-stalowych-do-olinowania-podnoszenia-i-systemow-linowych","status":"publish","type":"product","link":"https:\/\/www.wonzh.com\/pl\/product\/wire-rope-accessories-for-rigging-lifting-and-cable-systems\/","title":{"rendered":"Akcesoria do lin stalowych dla system\u00f3w podnosz\u0105cych i kablowych"},"content":{"rendered":"<p data-start=\"549\" data-end=\"911\">Akcesoria do lin stalowych dostarczane przez Wonzh to precyzyjnie wykonane z\u0142\u0105czki i osprz\u0119t u\u017cywany do \u0142\u0105czenia, zabezpieczania i zaka\u0144czania lin stalowych w systemach podnoszenia, olinowania i kablowych. Komponenty te odgrywaj\u0105 kluczow\u0105 rol\u0119 w zapewnieniu integralno\u015bci strukturalnej, bezpiecze\u0144stwa \u0142adunku i niezawodno\u015bci operacyjnej w d\u017awigach, podno\u015bnikach, sprz\u0119cie morskim i instalacjach przemys\u0142owych.<\/p>\n<p data-start=\"913\" data-end=\"1300\">Nasze akcesoria s\u0105 produkowane z wysokiej jako\u015bci materia\u0142\u00f3w, takich jak stal w\u0119glowa, stal galwanizowana, stal nierdzewna (AISI 304\/316) i stal stopowa, zapewniaj\u0105cych doskona\u0142\u0105 wytrzyma\u0142o\u015b\u0107 mechaniczn\u0105, odporno\u015b\u0107 na korozj\u0119 i trwa\u0142o\u015b\u0107 zm\u0119czeniow\u0105. Zaawansowane procesy kucia, odlewania, obr\u00f3bki skrawaniem i obr\u00f3bki powierzchni zapewniaj\u0105 dok\u0142adno\u015b\u0107 wymiarow\u0105 i stabilne dzia\u0142anie w warunkach dynamicznego obci\u0105\u017cenia.<\/p>\n<p data-start=\"1302\" data-end=\"1614\">Jako do\u015bwiadczony dostawca przemys\u0142owy, Wonzh zapewnia zar\u00f3wno standardowe, jak i niestandardowe akcesoria do lin stalowych, w tym zaciski, napinacze, \u015bruby rzymskie, szekle, haki, tuleje i z\u0142\u0105czki. Nasz zesp\u00f3\u0142 in\u017cynier\u00f3w wspiera w\u0142a\u015bciwy dob\u00f3r w oparciu o \u015brednic\u0119 liny, wymagania dotycz\u0105ce obci\u0105\u017cenia i warunki \u015brodowiskowe.<\/p>\n<h2 data-start=\"1621\" data-end=\"1640\"><strong data-start=\"1624\" data-end=\"1640\">Kluczowe cechy<\/strong><\/h2>\n<ul data-start=\"1642\" data-end=\"1924\">\n<li data-start=\"1642\" data-end=\"1679\">\n<p data-start=\"1644\" data-end=\"1679\">Niezawodna no\u015bno\u015b\u0107<\/p>\n<\/li>\n<li data-start=\"1680\" data-end=\"1733\">\n<p data-start=\"1682\" data-end=\"1733\">Wytrzyma\u0142e materia\u0142y zapewniaj\u0105ce bezpiecze\u0144stwo i trwa\u0142o\u015b\u0107<\/p>\n<\/li>\n<li data-start=\"1734\" data-end=\"1797\">\n<p data-start=\"1736\" data-end=\"1797\">Opcje odporne na korozj\u0119 (stal galwanizowana lub nierdzewna)<\/p>\n<\/li>\n<li data-start=\"1798\" data-end=\"1846\">\n<p data-start=\"1800\" data-end=\"1846\">Kompatybilny z wi\u0119kszo\u015bci\u0105 konstrukcji lin stalowych<\/p>\n<\/li>\n<li data-start=\"1847\" data-end=\"1884\">\n<p data-start=\"1849\" data-end=\"1884\">\u0141atwa instalacja i konserwacja<\/p>\n<\/li>\n<li data-start=\"1885\" data-end=\"1924\">\n<p data-start=\"1887\" data-end=\"1924\">Dost\u0119pne rozmiary standardowe i niestandardowe<\/p>\n<\/li>\n<\/ul>\n<h2 data-start=\"1931\" data-end=\"1958\"><strong data-start=\"1934\" data-end=\"1958\">Typowe zastosowania<\/strong><\/h2>\n<ul data-start=\"1960\" data-end=\"2212\">\n<li data-start=\"1960\" data-end=\"1990\">\n<p data-start=\"1962\" data-end=\"1990\">D\u017awigi i systemy podnoszenia<\/p>\n<\/li>\n<li data-start=\"1991\" data-end=\"2022\">\n<p data-start=\"1993\" data-end=\"2022\">Olinowanie morskie i przybrze\u017cne<\/p>\n<\/li>\n<li data-start=\"2023\" data-end=\"2067\">\n<p data-start=\"2025\" data-end=\"2067\">Projekty budowlane i infrastrukturalne<\/p>\n<\/li>\n<li data-start=\"2068\" data-end=\"2098\">\n<p data-start=\"2070\" data-end=\"2098\">G\u00f3rnictwo i maszyny ci\u0119\u017ckie<\/p>\n<\/li>\n<li data-start=\"2099\" data-end=\"2129\">\n<p data-start=\"2101\" data-end=\"2129\">Systemy wind i wci\u0105garek<\/p>\n<\/li>\n<li data-start=\"2130\" data-end=\"2164\">\n<p data-start=\"2132\" data-end=\"2164\">Architektoniczne konstrukcje kablowe<\/p>\n<\/li>\n<li data-start=\"2165\" data-end=\"2212\">\n<p data-start=\"2167\" data-end=\"2212\">Konserwacja przemys\u0142owa i aplikacje MRO<\/p>\n<\/li>\n<\/ul>\n<h2 data-start=\"2219\" data-end=\"2262\"><strong data-start=\"2222\" data-end=\"2262\">G\u0142\u00f3wne akcesoria do lin stalowych, kt\u00f3re dostarczamy<\/strong><\/h2>\n<div class=\"TyagGW_tableContainer\">\n<div class=\"group TyagGW_tableWrapper flex flex-col-reverse w-fit\" tabindex=\"-1\">\n<table class=\"w-fit min-w-(--thread-content-width)\" data-start=\"2264\" data-end=\"2915\">\n<thead data-start=\"2264\" data-end=\"2302\">\n<tr data-start=\"2264\" data-end=\"2302\">\n<th data-start=\"2264\" data-end=\"2276\" data-col-size=\"sm\">Akcesoria<\/th>\n<th data-start=\"2276\" data-end=\"2287\" data-col-size=\"sm\">Funkcja<\/th>\n<th data-start=\"2287\" data-end=\"2302\" data-col-size=\"sm\">Typowe zastosowanie<\/th>\n<\/tr>\n<\/thead>\n<tbody data-start=\"2317\" data-end=\"2915\">\n<tr data-start=\"2317\" data-end=\"2404\">\n<td data-start=\"2317\" data-end=\"2346\" data-col-size=\"sm\"><strong data-start=\"2319\" data-end=\"2345\">Klips do liny stalowej (zacisk)<\/strong><\/td>\n<td data-start=\"2346\" data-end=\"2377\" data-col-size=\"sm\">Zabezpiecz p\u0119tle i po\u0142\u0105czenia linowe<\/td>\n<td data-start=\"2377\" data-end=\"2404\" data-col-size=\"sm\">Olinowanie od lekkiego do \u015bredniego<\/td>\n<\/tr>\n<tr data-start=\"2405\" data-end=\"2476\">\n<td data-start=\"2405\" data-end=\"2419\" data-col-size=\"sm\"><strong data-start=\"2407\" data-end=\"2418\">Naparstek<\/strong><\/td>\n<td data-start=\"2419\" data-end=\"2449\" data-col-size=\"sm\">Chroni oko liny przed zu\u017cyciem<\/td>\n<td data-start=\"2449\" data-end=\"2476\" data-col-size=\"sm\">Zawiesia i liny do podnoszenia<\/td>\n<\/tr>\n<tr data-start=\"2477\" data-end=\"2550\">\n<td data-start=\"2477\" data-end=\"2494\" data-col-size=\"sm\"><strong data-start=\"2479\" data-end=\"2493\">\u015aruba rzymska<\/strong><\/td>\n<td data-start=\"2494\" data-end=\"2518\" data-col-size=\"sm\">Regulacja napi\u0119cia kabla<\/td>\n<td data-start=\"2518\" data-end=\"2550\" data-col-size=\"sm\">Kable strukturalne i morskie<\/td>\n<\/tr>\n<tr data-start=\"2551\" data-end=\"2624\">\n<td data-start=\"2551\" data-end=\"2576\" data-col-size=\"sm\"><strong data-start=\"2553\" data-end=\"2575\">Szekla (D lub dziobowa)<\/strong><\/td>\n<td data-start=\"2576\" data-end=\"2607\" data-col-size=\"sm\">\u0141\u0105czy zawiesia i osprz\u0119t<\/td>\n<td data-start=\"2607\" data-end=\"2624\" data-col-size=\"sm\">Podnoszenie ci\u0119\u017car\u00f3w<\/td>\n<\/tr>\n<tr data-start=\"2625\" data-end=\"2698\">\n<td data-start=\"2625\" data-end=\"2649\" data-col-size=\"sm\"><strong data-start=\"2627\" data-end=\"2648\">Hak (Clevis\/Eye)<\/strong><\/td>\n<td data-start=\"2649\" data-end=\"2677\" data-col-size=\"sm\">Szybkie mocowanie do \u0142adunk\u00f3w<\/td>\n<td data-start=\"2677\" data-end=\"2698\" data-col-size=\"sm\">D\u017awigi i podno\u015bniki<\/td>\n<\/tr>\n<tr data-start=\"2699\" data-end=\"2768\">\n<td data-start=\"2699\" data-end=\"2722\" data-col-size=\"sm\"><strong data-start=\"2701\" data-end=\"2721\">Tuleja<\/strong><\/td>\n<td data-start=\"2722\" data-end=\"2751\" data-col-size=\"sm\">Sta\u0142e zako\u0144czenie liny<\/td>\n<td data-start=\"2751\" data-end=\"2768\" data-col-size=\"sm\">Zawiesia pasowe<\/td>\n<\/tr>\n<tr data-start=\"2769\" data-end=\"2840\">\n<td data-start=\"2769\" data-end=\"2789\" data-col-size=\"sm\"><strong data-start=\"2771\" data-end=\"2788\">Swage Fitting<\/strong><\/td>\n<td data-start=\"2789\" data-end=\"2816\" data-col-size=\"sm\">Silne sta\u0142e zako\u0144czenie<\/td>\n<td data-start=\"2816\" data-end=\"2840\" data-col-size=\"sm\">Kable architektoniczne<\/td>\n<\/tr>\n<tr data-start=\"2841\" data-end=\"2915\">\n<td data-start=\"2841\" data-end=\"2866\" data-col-size=\"sm\"><strong data-start=\"2843\" data-end=\"2865\">\u015aruba oczkowa \/ nakr\u0119tka oczkowa<\/strong><\/td>\n<td data-start=\"2866\" data-end=\"2889\" data-col-size=\"sm\">Punkt kotwiczenia podnoszenia<\/td>\n<td data-start=\"2889\" data-end=\"2915\" data-col-size=\"sm\">Maszyny i konstrukcje<\/td>\n<\/tr>\n<\/tbody>\n<\/table>\n<\/div>\n<\/div>\n<h2 data-start=\"2922\" data-end=\"2974\"><strong data-start=\"2925\" data-end=\"2972\">Parametry techniczne (zakres reprezentatywny)<\/strong><\/h2>\n<div class=\"TyagGW_tableContainer\">\n<div class=\"group TyagGW_tableWrapper flex flex-col-reverse w-fit\" tabindex=\"-1\">\n<table class=\"w-fit min-w-(--thread-content-width)\" data-start=\"2976\" data-end=\"3416\">\n<thead data-start=\"2976\" data-end=\"3013\">\n<tr data-start=\"2976\" data-end=\"3013\">\n<th data-start=\"2976\" data-end=\"2988\" data-col-size=\"sm\">Parametr<\/th>\n<th data-start=\"2988\" data-end=\"3013\" data-col-size=\"md\">Specyfikacja \/ Zakres<\/th>\n<\/tr>\n<\/thead>\n<tbody data-start=\"3024\" data-end=\"3416\">\n<tr data-start=\"3024\" data-end=\"3117\">\n<td data-start=\"3024\" data-end=\"3043\" data-col-size=\"sm\">Opcje materia\u0142owe<\/td>\n<td data-start=\"3043\" data-end=\"3117\" data-col-size=\"md\">Stal w\u0119glowa, stal galwanizowana, stal nierdzewna (304\/316), stal stopowa<\/td>\n<\/tr>\n<tr data-start=\"3118\" data-end=\"3187\">\n<td data-start=\"3118\" data-end=\"3135\" data-col-size=\"sm\">Wyko\u0144czenie powierzchni<\/td>\n<td data-start=\"3135\" data-end=\"3187\" data-col-size=\"md\">Ocynkowane, ze stali nierdzewnej, malowane lub powlekane<\/td>\n<\/tr>\n<tr data-start=\"3188\" data-end=\"3253\">\n<td data-start=\"3188\" data-end=\"3215\" data-col-size=\"sm\">Kompatybilna \u015brednica liny<\/td>\n<td data-start=\"3215\" data-end=\"3253\" data-col-size=\"md\">2 mm - 60 mm (w zale\u017cno\u015bci od akcesori\u00f3w)<\/td>\n<\/tr>\n<tr data-start=\"3254\" data-end=\"3308\">\n<td data-start=\"3254\" data-end=\"3268\" data-col-size=\"sm\">Obci\u0105\u017cenie znamionowe<\/td>\n<td data-start=\"3268\" data-end=\"3308\" data-col-size=\"md\">Oznaczone wed\u0142ug typu produktu i standardu<\/td>\n<\/tr>\n<tr data-start=\"3309\" data-end=\"3351\">\n<td data-start=\"3309\" data-end=\"3331\" data-col-size=\"sm\">Obs\u0142ugiwane standardy<\/td>\n<td data-start=\"3331\" data-end=\"3351\" data-col-size=\"md\">ISO, DIN, EN, GB<\/td>\n<\/tr>\n<tr data-start=\"3352\" data-end=\"3416\">\n<td data-start=\"3352\" data-end=\"3376\" data-col-size=\"sm\">Proces produkcji<\/td>\n<td data-start=\"3376\" data-end=\"3416\" data-col-size=\"md\">Kucie, odlewanie, obr\u00f3bka skrawaniem, kucie matrycowe<\/td>\n<\/tr>\n<\/tbody>\n<\/table>\n<\/div>\n<\/div>\n<h2 data-start=\"3423\" data-end=\"3454\"><strong data-start=\"3426\" data-end=\"3454\">Przewodnik wyboru materia\u0142\u00f3w<\/strong><\/h2>\n<div class=\"TyagGW_tableContainer\">\n<div class=\"group TyagGW_tableWrapper flex flex-col-reverse w-fit\" tabindex=\"-1\">\n<table class=\"w-fit min-w-(--thread-content-width)\" data-start=\"3456\" data-end=\"3909\">\n<thead data-start=\"3456\" data-end=\"3498\">\n<tr data-start=\"3456\" data-end=\"3498\">\n<th data-start=\"3456\" data-end=\"3467\" data-col-size=\"sm\">Materia\u0142<\/th>\n<th data-start=\"3467\" data-end=\"3479\" data-col-size=\"sm\">Przewaga<\/th>\n<th data-start=\"3479\" data-end=\"3498\" data-col-size=\"sm\">Zalecane dla<\/th>\n<\/tr>\n<\/thead>\n<tbody data-start=\"3513\" data-end=\"3909\">\n<tr data-start=\"3513\" data-end=\"3590\">\n<td data-start=\"3513\" data-end=\"3532\" data-col-size=\"sm\"><strong data-start=\"3515\" data-end=\"3531\">Stal w\u0119glowa<\/strong><\/td>\n<td data-start=\"3532\" data-end=\"3564\" data-col-size=\"sm\">Wysoka wytrzyma\u0142o\u015b\u0107, op\u0142acalno\u015b\u0107<\/td>\n<td data-start=\"3564\" data-end=\"3590\" data-col-size=\"sm\">Og\u00f3lne zastosowanie przemys\u0142owe<\/td>\n<\/tr>\n<tr data-start=\"3591\" data-end=\"3673\">\n<td data-start=\"3591\" data-end=\"3614\" data-col-size=\"sm\"><strong data-start=\"3593\" data-end=\"3613\">Stal ocynkowana<\/strong><\/td>\n<td data-start=\"3614\" data-end=\"3649\" data-col-size=\"sm\">Odporno\u015b\u0107 na korozj\u0119, oszcz\u0119dno\u015b\u0107<\/td>\n<td data-start=\"3649\" data-end=\"3673\" data-col-size=\"sm\">Zastosowania zewn\u0119trzne<\/td>\n<\/tr>\n<tr data-start=\"3674\" data-end=\"3755\">\n<td data-start=\"3674\" data-end=\"3699\" data-col-size=\"sm\"><strong data-start=\"3676\" data-end=\"3698\">Stal nierdzewna AISI 304<\/strong><\/td>\n<td data-start=\"3699\" data-end=\"3727\" data-col-size=\"sm\">Dobra odporno\u015b\u0107 na korozj\u0119<\/td>\n<td data-start=\"3727\" data-end=\"3755\" data-col-size=\"sm\">\u0141agodne \u015brodowisko morskie<\/td>\n<\/tr>\n<tr data-start=\"3756\" data-end=\"3847\">\n<td data-start=\"3756\" data-end=\"3781\" data-col-size=\"sm\"><strong data-start=\"3758\" data-end=\"3780\">Stal nierdzewna AISI 316<\/strong><\/td>\n<td data-start=\"3781\" data-end=\"3814\" data-col-size=\"sm\">Doskona\u0142a odporno\u015b\u0107 na korozj\u0119<\/td>\n<td data-start=\"3814\" data-end=\"3847\" data-col-size=\"sm\">Trudne warunki morskie i chemiczne<\/td>\n<\/tr>\n<tr data-start=\"3848\" data-end=\"3909\">\n<td data-start=\"3848\" data-end=\"3866\" data-col-size=\"sm\"><strong data-start=\"3850\" data-end=\"3865\">Stal stopowa<\/strong><\/td>\n<td data-start=\"3866\" data-end=\"3887\" data-col-size=\"sm\">Bardzo wysoka wytrzyma\u0142o\u015b\u0107<\/td>\n<td data-start=\"3887\" data-end=\"3909\" data-col-size=\"sm\">Podnoszenie ci\u0119\u017ckich przedmiot\u00f3w<\/td>\n<\/tr>\n<\/tbody>\n<\/table>\n<\/div>\n<\/div>\n<h2 data-start=\"3916\" data-end=\"3939\"><strong data-start=\"3919\" data-end=\"3939\">Dlaczego warto wybra\u0107 Wonzh<\/strong><\/h2>\n<ul data-start=\"3941\" data-end=\"4195\">\n<li data-start=\"3941\" data-end=\"3986\">\n<p data-start=\"3943\" data-end=\"3986\">\u015acis\u0142a kontrola jako\u015bci ka\u017cdej partii<\/p>\n<\/li>\n<li data-start=\"3987\" data-end=\"4033\">\n<p data-start=\"3989\" data-end=\"4033\">Szeroki zakres standardowych i niestandardowych oku\u0107<\/p>\n<\/li>\n<li data-start=\"4034\" data-end=\"4089\">\n<p data-start=\"4036\" data-end=\"4089\">Wysoka kompatybilno\u015b\u0107 z r\u00f3\u017cnymi rodzajami lin stalowych<\/p>\n<\/li>\n<li data-start=\"4090\" data-end=\"4149\">\n<p data-start=\"4092\" data-end=\"4149\">Wsparcie in\u017cynieryjne w zakresie bezpiecznego wyboru i instalacji<\/p>\n<\/li>\n<li data-start=\"4150\" data-end=\"4195\">\n<p data-start=\"4152\" data-end=\"4195\">Niezawodny \u0142a\u0144cuch dostaw i globalna dostawa<\/p>\n<\/li>\n<\/ul>\n<h2 data-start=\"4202\" data-end=\"4243\"><strong data-start=\"4205\" data-end=\"4241\">Cz\u0119sto zadawane pytania (FAQ)<\/strong><\/h2>\n<h3 data-start=\"4245\" data-end=\"4299\"><strong data-start=\"4249\" data-end=\"4297\">P1: Do czego s\u0142u\u017c\u0105 akcesoria do lin stalowych?<\/strong><\/h3>\n<p data-start=\"4300\" data-end=\"4406\">S\u0142u\u017c\u0105 do \u0142\u0105czenia, zabezpieczania, zaka\u0144czania i regulacji lin stalowych w systemach podnoszenia, olinowania i kablowych.<\/p>\n<h3 data-start=\"4408\" data-end=\"4462\"><strong data-start=\"4412\" data-end=\"4460\">P2: Ile zacisk\u00f3w linowych nale\u017cy u\u017cy\u0107?<\/strong><\/h3>\n<p data-start=\"4463\" data-end=\"4586\">Zale\u017cy to od \u015brednicy liny i warunk\u00f3w obci\u0105\u017cenia, ale zazwyczaj <strong data-start=\"4526\" data-end=\"4548\">co najmniej 3-5 klip\u00f3w<\/strong> s\u0105 zalecane do bezpiecznego zako\u0144czenia.<\/p>\n<h3 data-start=\"4588\" data-end=\"4633\"><strong data-start=\"4592\" data-end=\"4631\">P3: Jaki materia\u0142 powinienem wybra\u0107?<\/strong><\/h3>\n<ul data-start=\"4634\" data-end=\"4743\">\n<li data-start=\"4634\" data-end=\"4668\">\n<p data-start=\"4636\" data-end=\"4668\">Og\u00f3lne zastosowanie \u2192 <strong data-start=\"4650\" data-end=\"4666\">Stal w\u0119glowa<\/strong><\/p>\n<\/li>\n<li data-start=\"4669\" data-end=\"4703\">\n<p data-start=\"4671\" data-end=\"4703\">Na zewn\u0105trz \u2192 <strong data-start=\"4681\" data-end=\"4701\">Stal ocynkowana<\/strong><\/p>\n<\/li>\n<li data-start=\"4704\" data-end=\"4743\">\n<p data-start=\"4706\" data-end=\"4743\">Marine \u2192 <strong data-start=\"4715\" data-end=\"4743\">Stal nierdzewna AISI 316<\/strong><\/p>\n<\/li>\n<\/ul>\n<h3 data-start=\"4745\" data-end=\"4812\"><strong data-start=\"4749\" data-end=\"4810\">P4: Czy te akcesoria s\u0105 kompatybilne z lin\u0105 nierdzewn\u0105?<\/strong><\/h3>\n<p data-start=\"4813\" data-end=\"4907\">Tak. Dostarczamy pasuj\u0105ce akcesoria nierdzewne (304\/316) do system\u00f3w linowych ze stali nierdzewnej.<\/p>\n<h3 data-start=\"4909\" data-end=\"4954\"><strong data-start=\"4913\" data-end=\"4952\">P5: Czy oferujecie niestandardowe wyposa\u017cenie?<\/strong><\/h3>\n<p data-start=\"4955\" data-end=\"5058\">Tak. Mo\u017cemy dostosowa\u0107 wymiary, materia\u0142y i obr\u00f3bk\u0119 powierzchni w oparciu o wymagania projektu.<\/p>","protected":false},"excerpt":{"rendered":"<p>Akcesoria do lin stalowych dostarczane przez Wonzh to precyzyjnie wykonane z\u0142\u0105czki i osprz\u0119t u\u017cywany do \u0142\u0105czenia, zabezpieczania i zaka\u0144czania lin stalowych w systemach podnoszenia, olinowania i kablowych. Komponenty te odgrywaj\u0105 kluczow\u0105 rol\u0119 w zapewnieniu integralno\u015bci strukturalnej, bezpiecze\u0144stwa \u0142adunku i niezawodno\u015bci operacyjnej w d\u017awigach, podno\u015bnikach, sprz\u0119cie morskim i instalacjach przemys\u0142owych.<\/p>","protected":false},"featured_media":1513,"comment_status":"open","ping_status":"closed","template":"","meta":{"site-sidebar-layout":"default","site-content-layout":"","ast-site-content-layout":"default","site-content-style":"default","site-sidebar-style":"default","ast-global-header-display":"","ast-banner-title-visibility":"","ast-main-header-display":"","ast-hfb-above-header-display":"","ast-hfb-below-header-display":"","ast-hfb-mobile-header-display":"","site-post-title":"","ast-breadcrumbs-content":"","ast-featured-img":"","footer-sml-layout":"","ast-disable-related-posts":"","theme-transparent-header-meta":"default","adv-header-id-meta":"","stick-header-meta":"default","header-above-stick-meta":"","header-main-stick-meta":"","header-below-stick-meta":"","astra-migrate-meta-layouts":"set","ast-page-background-enabled":"default","ast-page-background-meta":{"desktop":{"background-color":"","background-image":"","background-repeat":"repeat","background-position":"center center","background-size":"auto","background-attachment":"scroll","background-type":"","background-media":"","overlay-type":"","overlay-color":"","overlay-opacity":"","overlay-gradient":""},"tablet":{"background-color":"","background-image":"","background-repeat":"repeat","background-position":"center center","background-size":"auto","background-attachment":"scroll","background-type":"","background-media":"","overlay-type":"","overlay-color":"","overlay-opacity":"","overlay-gradient":""},"mobile":{"background-color":"","background-image":"","background-repeat":"repeat","background-position":"center center","background-size":"auto","background-attachment":"scroll","background-type":"","background-media":"","overlay-type":"","overlay-color":"","overlay-opacity":"","overlay-gradient":""}},"ast-content-background-meta":{"desktop":{"background-color":"var(--ast-global-color-5)","background-image":"","background-repeat":"repeat","background-position":"center center","background-size":"auto","background-attachment":"scroll","background-type":"","background-media":"","overlay-type":"","overlay-color":"","overlay-opacity":"","overlay-gradient":""},"tablet":{"background-color":"var(--ast-global-color-5)","background-image":"","background-repeat":"repeat","background-position":"center center","background-size":"auto","background-attachment":"scroll","background-type":"","background-media":"","overlay-type":"","overlay-color":"","overlay-opacity":"","overlay-gradient":""},"mobile":{"background-color":"var(--ast-global-color-5)","background-image":"","background-repeat":"repeat","background-position":"center center","background-size":"auto","background-attachment":"scroll","background-type":"","background-media":"","overlay-type":"","overlay-color":"","overlay-opacity":"","overlay-gradient":""}}},"product_brand":[],"product_cat":[22],"product_tag":[298,289,295,291,292,297,296,288,294,293,290,287,284,285,286],"class_list":{"0":"post-1462","1":"product","2":"type-product","3":"status-publish","4":"has-post-thumbnail","6":"product_cat-wire-rope-lifting-accessories","7":"product_tag-china-rigging-manufacturer","8":"product_tag-crane-hook","9":"product_tag-din-rigging-hardware","10":"product_tag-ferrule-sleeve","11":"product_tag-galvanized-rigging-hardware","12":"product_tag-industrial-rigging","13":"product_tag-iso-lifting-accessories","14":"product_tag-lifting-shackle","15":"product_tag-marine-rigging-fittings","16":"product_tag-stainless-steel-rigging","17":"product_tag-swage-fitting","18":"product_tag-turnbuckle","19":"product_tag-wire-rope-accessories","20":"product_tag-wire-rope-clips","21":"product_tag-wire-rope-thimble","22":"desktop-align-left","23":"tablet-align-left","24":"mobile-align-left","26":"first","27":"instock","28":"shipping-taxable","29":"product-type-simple"},"_links":{"self":[{"href":"https:\/\/www.wonzh.com\/pl\/wp-json\/wp\/v2\/product\/1462","targetHints":{"allow":["GET"]}}],"collection":[{"href":"https:\/\/www.wonzh.com\/pl\/wp-json\/wp\/v2\/product"}],"about":[{"href":"https:\/\/www.wonzh.com\/pl\/wp-json\/wp\/v2\/types\/product"}],"replies":[{"embeddable":true,"href":"https:\/\/www.wonzh.com\/pl\/wp-json\/wp\/v2\/comments?post=1462"}],"wp:featuredmedia":[{"embeddable":true,"href":"https:\/\/www.wonzh.com\/pl\/wp-json\/wp\/v2\/media\/1513"}],"wp:attachment":[{"href":"https:\/\/www.wonzh.com\/pl\/wp-json\/wp\/v2\/media?parent=1462"}],"wp:term":[{"taxonomy":"product_brand","embeddable":true,"href":"https:\/\/www.wonzh.com\/pl\/wp-json\/wp\/v2\/product_brand?post=1462"},{"taxonomy":"product_cat","embeddable":true,"href":"https:\/\/www.wonzh.com\/pl\/wp-json\/wp\/v2\/product_cat?post=1462"},{"taxonomy":"product_tag","embeddable":true,"href":"https:\/\/www.wonzh.com\/pl\/wp-json\/wp\/v2\/product_tag?post=1462"}],"curies":[{"name":"wp","href":"https:\/\/api.w.org\/{rel}","templated":true}]}}