{"id":1460,"date":"2026-02-03T14:39:17","date_gmt":"2026-02-03T14:39:17","guid":{"rendered":"https:\/\/www.wonzh.com\/?post_type=product&#038;p=1460"},"modified":"2026-02-05T09:03:15","modified_gmt":"2026-02-05T09:03:15","slug":"wire-rope-sling-for-lifting-rigging-and-heavy-duty-industrial-handling","status":"publish","type":"product","link":"https:\/\/www.wonzh.com\/pl\/product\/wire-rope-sling-for-lifting-rigging-and-heavy-duty-industrial-handling\/","title":{"rendered":"Zawiesie linowe do podnoszenia, podwieszania i przenoszenia ci\u0119\u017ckich \u0142adunk\u00f3w przemys\u0142owych"},"content":{"rendered":"<p data-start=\"582\" data-end=\"931\">Wire Rope Slings supplied by Wonzh are professionally fabricated lifting assemblies made from high-strength steel wire rope with securely terminated end fittings. Designed for safe and reliable load handling, these slings are widely used in cranes, hoists, rigging operations, construction sites, mining, ports, and heavy machinery installation.<\/p>\n<p data-start=\"933\" data-end=\"1388\">Our wire rope slings are manufactured using either galvanized steel wire rope or stainless steel wire rope, depending on environmental exposure and corrosion requirements. Each sling is assembled with precision-swaged or pressed ferrules, thimbles, and fittings to ensure structural integrity, load stability, and long-term durability. All slings are produced under strict quality control procedures to meet international lifting safety standards.<\/p>\n<p data-start=\"1390\" data-end=\"1698\">As an experienced industrial supplier, Wonzh provides standard and custom wire rope slings, including different configurations, lengths, diameters, and end terminations. Our technical team supports selection of sling type, safety factor, and working load limit (WLL) based on real application conditions.<\/p>\n<h2 data-start=\"1705\" data-end=\"1724\"><strong data-start=\"1708\" data-end=\"1724\">Kluczowe cechy<\/strong><\/h2>\n<ul data-start=\"1726\" data-end=\"2062\">\n<li data-start=\"1726\" data-end=\"1781\">\n<p data-start=\"1728\" data-end=\"1781\">High load capacity and excellent fatigue resistance<\/p>\n<\/li>\n<li data-start=\"1782\" data-end=\"1826\">\n<p data-start=\"1784\" data-end=\"1826\">Secure end terminations for safe lifting<\/p>\n<\/li>\n<li data-start=\"1827\" data-end=\"1894\">\n<p data-start=\"1829\" data-end=\"1894\">Corrosion-resistant options available (galvanized or stainless)<\/p>\n<\/li>\n<li data-start=\"1895\" data-end=\"1951\">\n<p data-start=\"1897\" data-end=\"1951\">Suitable for dynamic and static lifting applications<\/p>\n<\/li>\n<li data-start=\"1952\" data-end=\"2005\">\n<p data-start=\"1954\" data-end=\"2005\">Custom lengths, diameters, and fittings available<\/p>\n<\/li>\n<li data-start=\"2006\" data-end=\"2062\">\n<p data-start=\"2008\" data-end=\"2062\">Compliant with major international lifting standards<\/p>\n<\/li>\n<\/ul>\n<h2 data-start=\"2069\" data-end=\"2096\"><strong data-start=\"2072\" data-end=\"2096\">Typowe zastosowania<\/strong><\/h2>\n<ul data-start=\"2098\" data-end=\"2359\">\n<li data-start=\"2098\" data-end=\"2127\">\n<p data-start=\"2100\" data-end=\"2127\">Crane lifting and rigging<\/p>\n<\/li>\n<li data-start=\"2128\" data-end=\"2159\">\n<p data-start=\"2130\" data-end=\"2159\">Port and shipping terminals<\/p>\n<\/li>\n<li data-start=\"2160\" data-end=\"2204\">\n<p data-start=\"2162\" data-end=\"2204\">Projekty budowlane i infrastrukturalne<\/p>\n<\/li>\n<li data-start=\"2205\" data-end=\"2234\">\n<p data-start=\"2207\" data-end=\"2234\">Mining and heavy industry<\/p>\n<\/li>\n<li data-start=\"2235\" data-end=\"2280\">\n<p data-start=\"2237\" data-end=\"2280\">Steel plants and manufacturing facilities<\/p>\n<\/li>\n<li data-start=\"2281\" data-end=\"2315\">\n<p data-start=\"2283\" data-end=\"2315\">Offshore and marine operations<\/p>\n<\/li>\n<li data-start=\"2316\" data-end=\"2359\">\n<p data-start=\"2318\" data-end=\"2359\">Power plants and industrial maintenance<\/p>\n<\/li>\n<\/ul>\n<h2 data-start=\"2366\" data-end=\"2404\"><strong data-start=\"2369\" data-end=\"2404\">Wire Rope Sling Types We Supply<\/strong><\/h2>\n<div class=\"TyagGW_tableContainer\">\n<div class=\"group TyagGW_tableWrapper flex flex-col-reverse w-fit\" tabindex=\"-1\">\n<table class=\"w-fit min-w-(--thread-content-width)\" data-start=\"2406\" data-end=\"2847\">\n<thead data-start=\"2406\" data-end=\"2448\">\n<tr data-start=\"2406\" data-end=\"2448\">\n<th data-start=\"2406\" data-end=\"2419\" data-col-size=\"sm\">Sling Type<\/th>\n<th data-start=\"2419\" data-end=\"2433\" data-col-size=\"sm\">Opis<\/th>\n<th data-start=\"2433\" data-end=\"2448\" data-col-size=\"sm\">Typowe zastosowanie<\/th>\n<\/tr>\n<\/thead>\n<tbody data-start=\"2463\" data-end=\"2847\">\n<tr data-start=\"2463\" data-end=\"2544\">\n<td data-start=\"2463\" data-end=\"2486\" data-col-size=\"sm\"><strong data-start=\"2465\" data-end=\"2485\">Single-Leg Sling<\/strong><\/td>\n<td data-start=\"2486\" data-end=\"2519\" data-col-size=\"sm\">One rope with two end fittings<\/td>\n<td data-start=\"2519\" data-end=\"2544\" data-col-size=\"sm\">Simple straight lifts<\/td>\n<\/tr>\n<tr data-start=\"2545\" data-end=\"2622\">\n<td data-start=\"2545\" data-end=\"2565\" data-col-size=\"sm\"><strong data-start=\"2547\" data-end=\"2564\">Two-Leg Sling<\/strong><\/td>\n<td data-start=\"2565\" data-end=\"2604\" data-col-size=\"sm\">Two ropes connected to a master link<\/td>\n<td data-start=\"2604\" data-end=\"2622\" data-col-size=\"sm\">Balanced loads<\/td>\n<\/tr>\n<tr data-start=\"2623\" data-end=\"2701\">\n<td data-start=\"2623\" data-end=\"2644\" data-col-size=\"sm\"><strong data-start=\"2625\" data-end=\"2643\">Four-Leg Sling<\/strong><\/td>\n<td data-start=\"2644\" data-end=\"2673\" data-col-size=\"sm\">Four ropes for heavy loads<\/td>\n<td data-start=\"2673\" data-end=\"2701\" data-col-size=\"sm\">Large industrial lifting<\/td>\n<\/tr>\n<tr data-start=\"2702\" data-end=\"2768\">\n<td data-start=\"2702\" data-end=\"2722\" data-col-size=\"sm\"><strong data-start=\"2704\" data-end=\"2721\">Endless Sling<\/strong><\/td>\n<td data-start=\"2722\" data-end=\"2740\" data-col-size=\"sm\">Continuous loop<\/td>\n<td data-start=\"2740\" data-end=\"2768\" data-col-size=\"sm\">Abrasion-sensitive loads<\/td>\n<\/tr>\n<tr data-start=\"2769\" data-end=\"2847\">\n<td data-start=\"2769\" data-end=\"2788\" data-col-size=\"sm\"><strong data-start=\"2771\" data-end=\"2787\">Basket Sling<\/strong><\/td>\n<td data-start=\"2788\" data-end=\"2813\" data-col-size=\"sm\">Rope passes under load<\/td>\n<td data-start=\"2813\" data-end=\"2847\" data-col-size=\"sm\">Surface protection &amp; stability<\/td>\n<\/tr>\n<\/tbody>\n<\/table>\n<\/div>\n<\/div>\n<h2 data-start=\"2854\" data-end=\"2906\"><strong data-start=\"2857\" data-end=\"2904\">Parametry techniczne (zakres reprezentatywny)<\/strong><\/h2>\n<div class=\"TyagGW_tableContainer\">\n<div class=\"group TyagGW_tableWrapper flex flex-col-reverse w-fit\" tabindex=\"-1\">\n<table class=\"w-fit min-w-(--thread-content-width)\" data-start=\"2908\" data-end=\"3367\">\n<thead data-start=\"2908\" data-end=\"2945\">\n<tr data-start=\"2908\" data-end=\"2945\">\n<th data-start=\"2908\" data-end=\"2920\" data-col-size=\"sm\">Parametr<\/th>\n<th data-start=\"2920\" data-end=\"2945\" data-col-size=\"sm\">Specyfikacja \/ Zakres<\/th>\n<\/tr>\n<\/thead>\n<tbody data-start=\"2956\" data-end=\"3367\">\n<tr data-start=\"2956\" data-end=\"3011\">\n<td data-start=\"2956\" data-end=\"2972\" data-col-size=\"sm\">Materia\u0142 bazowy<\/td>\n<td data-start=\"2972\" data-end=\"3011\" data-col-size=\"sm\">Galvanized steel or stainless steel<\/td>\n<\/tr>\n<tr data-start=\"3012\" data-end=\"3065\">\n<td data-start=\"3012\" data-end=\"3037\" data-col-size=\"sm\">Konstrukcja liny stalowej<\/td>\n<td data-start=\"3037\" data-end=\"3065\" data-col-size=\"sm\">6\u00d719, 6\u00d737, 7\u00d719, 6\u00d736WS<\/td>\n<\/tr>\n<tr data-start=\"3066\" data-end=\"3118\">\n<td data-start=\"3066\" data-end=\"3083\" data-col-size=\"sm\">Zakres \u015brednic<\/td>\n<td data-start=\"3083\" data-end=\"3118\" data-col-size=\"sm\">6 mm \u2013 60 mm (custom available)<\/td>\n<\/tr>\n<tr data-start=\"3119\" data-end=\"3171\">\n<td data-start=\"3119\" data-end=\"3146\" data-col-size=\"sm\">Working Load Limit (WLL)<\/td>\n<td data-start=\"3146\" data-end=\"3171\" data-col-size=\"sm\">Application dependent<\/td>\n<\/tr>\n<tr data-start=\"3172\" data-end=\"3212\">\n<td data-start=\"3172\" data-end=\"3188\" data-col-size=\"sm\">Safety Factor<\/td>\n<td data-start=\"3188\" data-end=\"3212\" data-col-size=\"sm\">Typically 5:1 or 6:1<\/td>\n<\/tr>\n<tr data-start=\"3213\" data-end=\"3272\">\n<td data-start=\"3213\" data-end=\"3228\" data-col-size=\"sm\">End Fittings<\/td>\n<td data-start=\"3228\" data-end=\"3272\" data-col-size=\"sm\">Thimble, hook, shackle, eye, master link<\/td>\n<\/tr>\n<tr data-start=\"3273\" data-end=\"3324\">\n<td data-start=\"3273\" data-end=\"3290\" data-col-size=\"sm\">Wyko\u0144czenie powierzchni<\/td>\n<td data-start=\"3290\" data-end=\"3324\" data-col-size=\"sm\">Galvanized or bright stainless<\/td>\n<\/tr>\n<tr data-start=\"3325\" data-end=\"3367\">\n<td data-start=\"3325\" data-end=\"3347\" data-col-size=\"sm\">Obs\u0142ugiwane standardy<\/td>\n<td data-start=\"3347\" data-end=\"3367\" data-col-size=\"sm\">ISO, EN, DIN, GB<\/td>\n<\/tr>\n<\/tbody>\n<\/table>\n<\/div>\n<\/div>\n<h2 data-start=\"3374\" data-end=\"3420\"><strong data-start=\"3377\" data-end=\"3420\">Material &amp; Construction Selection Guide<\/strong><\/h2>\n<div class=\"TyagGW_tableContainer\">\n<div class=\"group TyagGW_tableWrapper flex flex-col-reverse w-fit\" tabindex=\"-1\">\n<table class=\"w-fit min-w-(--thread-content-width)\" data-start=\"3422\" data-end=\"3807\">\n<thead data-start=\"3422\" data-end=\"3462\">\n<tr data-start=\"3422\" data-end=\"3462\">\n<th data-start=\"3422\" data-end=\"3431\" data-col-size=\"sm\">Option<\/th>\n<th data-start=\"3431\" data-end=\"3443\" data-col-size=\"md\">Przewaga<\/th>\n<th data-start=\"3443\" data-end=\"3462\" data-col-size=\"sm\">Zalecane dla<\/th>\n<\/tr>\n<\/thead>\n<tbody data-start=\"3477\" data-end=\"3807\">\n<tr data-start=\"3477\" data-end=\"3568\">\n<td data-start=\"3477\" data-end=\"3505\" data-col-size=\"sm\"><strong data-start=\"3479\" data-end=\"3504\">Galvanized Rope Sling<\/strong><\/td>\n<td data-start=\"3505\" data-end=\"3549\" data-col-size=\"md\">Good corrosion resistance, cost-effective<\/td>\n<td data-start=\"3549\" data-end=\"3568\" data-col-size=\"sm\">Outdoor lifting<\/td>\n<\/tr>\n<tr data-start=\"3569\" data-end=\"3662\">\n<td data-start=\"3569\" data-end=\"3602\" data-col-size=\"sm\"><strong data-start=\"3571\" data-end=\"3601\">Stainless Rope Sling (316)<\/strong><\/td>\n<td data-start=\"3602\" data-end=\"3635\" data-col-size=\"md\">Doskona\u0142a odporno\u015b\u0107 na korozj\u0119<\/td>\n<td data-start=\"3635\" data-end=\"3662\" data-col-size=\"sm\">Marine &amp; chemical sites<\/td>\n<\/tr>\n<tr data-start=\"3663\" data-end=\"3746\">\n<td data-start=\"3663\" data-end=\"3687\" data-col-size=\"sm\"><strong data-start=\"3665\" data-end=\"3686\">6\u00d719 Construction<\/strong><\/td>\n<td data-start=\"3687\" data-end=\"3724\" data-col-size=\"md\">Higher strength, lower flexibility<\/td>\n<td data-start=\"3724\" data-end=\"3746\" data-col-size=\"sm\">Podnoszenie ci\u0119\u017ckich przedmiot\u00f3w<\/td>\n<\/tr>\n<tr data-start=\"3747\" data-end=\"3807\">\n<td data-start=\"3747\" data-end=\"3771\" data-col-size=\"sm\"><strong data-start=\"3749\" data-end=\"3770\">6\u00d737 Construction<\/strong><\/td>\n<td data-start=\"3771\" data-end=\"3787\" data-col-size=\"md\">Wi\u0119ksza elastyczno\u015b\u0107<\/td>\n<td data-start=\"3787\" data-end=\"3807\" data-col-size=\"sm\">Dynamic hoisting<\/td>\n<\/tr>\n<\/tbody>\n<\/table>\n<\/div>\n<\/div>\n<h2 data-start=\"3814\" data-end=\"3837\"><strong data-start=\"3817\" data-end=\"3837\">Dlaczego warto wybra\u0107 Wonzh<\/strong><\/h2>\n<ul data-start=\"3839\" data-end=\"4082\">\n<li data-start=\"3839\" data-end=\"3883\">\n<p data-start=\"3841\" data-end=\"3883\">Strict quality inspection on every sling<\/p>\n<\/li>\n<li data-start=\"3884\" data-end=\"3933\">\n<p data-start=\"3886\" data-end=\"3933\">Certified fabrication and secure terminations<\/p>\n<\/li>\n<li data-start=\"3934\" data-end=\"3975\">\n<p data-start=\"3936\" data-end=\"3975\">Wide range of rope types and fittings<\/p>\n<\/li>\n<li data-start=\"3976\" data-end=\"4035\">\n<p data-start=\"3978\" data-end=\"4035\">Engineering support for WLL and safety factor selection<\/p>\n<\/li>\n<li data-start=\"4036\" data-end=\"4082\">\n<p data-start=\"4038\" data-end=\"4082\">Stable supply and reliable global delivery<\/p>\n<\/li>\n<\/ul>\n<h2 data-start=\"4089\" data-end=\"4130\"><strong data-start=\"4092\" data-end=\"4128\">Cz\u0119sto zadawane pytania (FAQ)<\/strong><\/h2>\n<h3 data-start=\"4132\" data-end=\"4181\"><strong data-start=\"4136\" data-end=\"4179\">Q1: What is a wire rope sling used for?<\/strong><\/h3>\n<p data-start=\"4182\" data-end=\"4294\">It is used for lifting, rigging, and securing heavy loads in cranes, hoists, and industrial handling operations.<\/p>\n<h3 data-start=\"4296\" data-end=\"4338\"><strong data-start=\"4300\" data-end=\"4336\">Q2: Which sling should I choose?<\/strong><\/h3>\n<ul data-start=\"4339\" data-end=\"4506\">\n<li data-start=\"4339\" data-end=\"4380\">\n<p data-start=\"4341\" data-end=\"4380\"><strong data-start=\"4341\" data-end=\"4356\">Single-leg:<\/strong> simple straight lifts<\/p>\n<\/li>\n<li data-start=\"4381\" data-end=\"4412\">\n<p data-start=\"4383\" data-end=\"4412\"><strong data-start=\"4383\" data-end=\"4395\">Two-leg:<\/strong> balanced loads<\/p>\n<\/li>\n<li data-start=\"4413\" data-end=\"4456\">\n<p data-start=\"4415\" data-end=\"4456\"><strong data-start=\"4415\" data-end=\"4428\">Four-leg:<\/strong> very heavy or large loads<\/p>\n<\/li>\n<li data-start=\"4457\" data-end=\"4506\">\n<p data-start=\"4459\" data-end=\"4506\"><strong data-start=\"4459\" data-end=\"4471\">Endless:<\/strong> when load surface needs protection<\/p>\n<\/li>\n<\/ul>\n<h3 data-start=\"4508\" data-end=\"4534\"><strong data-start=\"4512\" data-end=\"4532\">Q3: What is WLL?<\/strong><\/h3>\n<p data-start=\"4535\" data-end=\"4630\">WLL (Working Load Limit) is the <strong data-start=\"4567\" data-end=\"4588\">maximum safe load<\/strong> a sling can lift under normal conditions.<\/p>\n<h3 data-start=\"4632\" data-end=\"4690\"><strong data-start=\"4636\" data-end=\"4688\">Q4: Is galvanized sling suitable for marine use?<\/strong><\/h3>\n<p data-start=\"4691\" data-end=\"4797\">Yes, but for highly corrosive saltwater environments, <strong data-start=\"4745\" data-end=\"4780\">AISI 316 stainless steel slings<\/strong> are recommended.<\/p>\n<h3 data-start=\"4799\" data-end=\"4839\"><strong data-start=\"4803\" data-end=\"4837\">Q5: Do you make custom slings?<\/strong><\/h3>\n<p data-start=\"4840\" data-end=\"4946\">Yes. We can customize length, diameter, construction, and end fittings based on your lifting requirements.<\/p>","protected":false},"excerpt":{"rendered":"<p>Wire Rope Slings supplied by Wonzh are professionally fabricated lifting assemblies made from high-strength steel wire rope with securely terminated end fittings. Designed for safe and reliable load handling, these slings are widely used in cranes, hoists, rigging operations, construction sites, mining, ports, and heavy machinery installation.<\/p>","protected":false},"featured_media":1510,"comment_status":"open","ping_status":"closed","template":"","meta":{"site-sidebar-layout":"default","site-content-layout":"","ast-site-content-layout":"default","site-content-style":"default","site-sidebar-style":"default","ast-global-header-display":"","ast-banner-title-visibility":"","ast-main-header-display":"","ast-hfb-above-header-display":"","ast-hfb-below-header-display":"","ast-hfb-mobile-header-display":"","site-post-title":"","ast-breadcrumbs-content":"","ast-featured-img":"","footer-sml-layout":"","ast-disable-related-posts":"","theme-transparent-header-meta":"default","adv-header-id-meta":"","stick-header-meta":"default","header-above-stick-meta":"","header-main-stick-meta":"","header-below-stick-meta":"","astra-migrate-meta-layouts":"set","ast-page-background-enabled":"default","ast-page-background-meta":{"desktop":{"background-color":"","background-image":"","background-repeat":"repeat","background-position":"center center","background-size":"auto","background-attachment":"scroll","background-type":"","background-media":"","overlay-type":"","overlay-color":"","overlay-opacity":"","overlay-gradient":""},"tablet":{"background-color":"","background-image":"","background-repeat":"repeat","background-position":"center center","background-size":"auto","background-attachment":"scroll","background-type":"","background-media":"","overlay-type":"","overlay-color":"","overlay-opacity":"","overlay-gradient":""},"mobile":{"background-color":"","background-image":"","background-repeat":"repeat","background-position":"center center","background-size":"auto","background-attachment":"scroll","background-type":"","background-media":"","overlay-type":"","overlay-color":"","overlay-opacity":"","overlay-gradient":""}},"ast-content-background-meta":{"desktop":{"background-color":"var(--ast-global-color-5)","background-image":"","background-repeat":"repeat","background-position":"center center","background-size":"auto","background-attachment":"scroll","background-type":"","background-media":"","overlay-type":"","overlay-color":"","overlay-opacity":"","overlay-gradient":""},"tablet":{"background-color":"var(--ast-global-color-5)","background-image":"","background-repeat":"repeat","background-position":"center center","background-size":"auto","background-attachment":"scroll","background-type":"","background-media":"","overlay-type":"","overlay-color":"","overlay-opacity":"","overlay-gradient":""},"mobile":{"background-color":"var(--ast-global-color-5)","background-image":"","background-repeat":"repeat","background-position":"center center","background-size":"auto","background-attachment":"scroll","background-type":"","background-media":"","overlay-type":"","overlay-color":"","overlay-opacity":"","overlay-gradient":""}}},"product_brand":[],"product_cat":[22],"product_tag":[274,275,283,270,281,278,277,272,279,280,282,269,271,273,276,268],"class_list":{"0":"post-1460","1":"product","2":"type-product","3":"status-publish","4":"has-post-thumbnail","6":"product_cat-wire-rope-lifting-accessories","7":"product_tag-6x19-sling","8":"product_tag-6x37-sling","9":"product_tag-china-sling-manufacturer","10":"product_tag-crane-sling","11":"product_tag-din-sling","12":"product_tag-endless-sling","13":"product_tag-four-leg-sling","14":"product_tag-galvanized-sling","15":"product_tag-hoisting-sling","16":"product_tag-industrial-lifting","17":"product_tag-iso-wire-rope-sling","18":"product_tag-lifting-sling","19":"product_tag-rigging-sling","20":"product_tag-stainless-steel-sling","21":"product_tag-two-leg-sling","22":"product_tag-wire-rope-sling","23":"desktop-align-left","24":"tablet-align-left","25":"mobile-align-left","27":"first","28":"instock","29":"shipping-taxable","30":"product-type-simple"},"_links":{"self":[{"href":"https:\/\/www.wonzh.com\/pl\/wp-json\/wp\/v2\/product\/1460","targetHints":{"allow":["GET"]}}],"collection":[{"href":"https:\/\/www.wonzh.com\/pl\/wp-json\/wp\/v2\/product"}],"about":[{"href":"https:\/\/www.wonzh.com\/pl\/wp-json\/wp\/v2\/types\/product"}],"replies":[{"embeddable":true,"href":"https:\/\/www.wonzh.com\/pl\/wp-json\/wp\/v2\/comments?post=1460"}],"wp:featuredmedia":[{"embeddable":true,"href":"https:\/\/www.wonzh.com\/pl\/wp-json\/wp\/v2\/media\/1510"}],"wp:attachment":[{"href":"https:\/\/www.wonzh.com\/pl\/wp-json\/wp\/v2\/media?parent=1460"}],"wp:term":[{"taxonomy":"product_brand","embeddable":true,"href":"https:\/\/www.wonzh.com\/pl\/wp-json\/wp\/v2\/product_brand?post=1460"},{"taxonomy":"product_cat","embeddable":true,"href":"https:\/\/www.wonzh.com\/pl\/wp-json\/wp\/v2\/product_cat?post=1460"},{"taxonomy":"product_tag","embeddable":true,"href":"https:\/\/www.wonzh.com\/pl\/wp-json\/wp\/v2\/product_tag?post=1460"}],"curies":[{"name":"wp","href":"https:\/\/api.w.org\/{rel}","templated":true}]}}