{"id":1443,"date":"2026-02-03T14:19:35","date_gmt":"2026-02-03T14:19:35","guid":{"rendered":"https:\/\/www.wonzh.com\/?post_type=product&#038;p=1443"},"modified":"2026-02-04T14:34:09","modified_gmt":"2026-02-04T14:34:09","slug":"industrial-o-ring-seals-for-static-and-dynamic-sealing-applications","status":"publish","type":"product","link":"https:\/\/www.wonzh.com\/pl\/product\/industrial-o-ring-seals-for-static-and-dynamic-sealing-applications\/","title":{"rendered":"Przemys\u0142owe uszczelki O-Ring do uszczelnie\u0144 statycznych i dynamicznych"},"content":{"rendered":"<p data-start=\"542\" data-end=\"933\">O-ringi dostarczane przez Wonzh to wysokowydajne elastomerowe elementy uszczelniaj\u0105ce zaprojektowane w celu zapobiegania wyciekom cieczy, gaz\u00f3w i innych medi\u00f3w zar\u00f3wno w zastosowaniach statycznych, jak i dynamicznych. O-ringi o prostym okr\u0105g\u0142ym przekroju zapewniaj\u0105 skuteczne uszczelnienie poprzez elastyczne odkszta\u0142cenie pod wp\u0142ywem \u015bciskania, co czyni je jednym z najcz\u0119\u015bciej stosowanych rozwi\u0105za\u0144 uszczelniaj\u0105cych w urz\u0105dzeniach przemys\u0142owych.<\/p>\n<p data-start=\"935\" data-end=\"1293\">Wykonane z najwy\u017cszej jako\u015bci materia\u0142\u00f3w elastomerowych, takich jak NBR, FKM (Viton), EPDM, silikon i zwi\u0105zki otoczone PTFE, pier\u015bcienie uszczelniaj\u0105ce Wonzh zapewniaj\u0105 doskona\u0142\u0105 odporno\u015b\u0107 na ciep\u0142o, olej, chemikalia i zu\u017cycie. Precyzyjne formowanie i \u015bcis\u0142a kontrola jako\u015bci zapewniaj\u0105 dok\u0142adno\u015b\u0107 wymiarow\u0105, d\u0142ug\u0105 \u017cywotno\u015b\u0107 i stabilne uszczelnienie w r\u00f3\u017cnych warunkach pracy.<\/p>\n<p data-start=\"1295\" data-end=\"1694\">Jako do\u015bwiadczony dostawca uszczelnie\u0144 przemys\u0142owych, Wonzh zapewnia standardowe rozmiary, wymiary metryczne i calowe, a tak\u017ce niestandardowe rozwi\u0105zania O-ring dostosowane do okre\u015blonych wymaga\u0144 dotycz\u0105cych ci\u015bnienia, temperatury i kompatybilno\u015bci z mediami. Nasz zesp\u00f3\u0142 in\u017cynier\u00f3w wspiera dob\u00f3r materia\u0142\u00f3w, zalecenia dotycz\u0105ce projektowania rowk\u00f3w i optymalizacj\u0119 aplikacji, aby zapewni\u0107 niezawodne dzia\u0142anie w rzeczywistych \u015brodowiskach operacyjnych.<\/p>\n<h2 data-start=\"1701\" data-end=\"1720\"><strong data-start=\"1704\" data-end=\"1720\">Kluczowe cechy<\/strong><\/h2>\n<ul data-start=\"1722\" data-end=\"2041\">\n<li data-start=\"1722\" data-end=\"1790\">\n<p data-start=\"1724\" data-end=\"1790\">Doskona\u0142e w\u0142a\u015bciwo\u015bci uszczelniaj\u0105ce w zastosowaniach statycznych i dynamicznych<\/p>\n<\/li>\n<li data-start=\"1791\" data-end=\"1862\">\n<p data-start=\"1793\" data-end=\"1862\">Szeroki zakres opcji materia\u0142owych dla r\u00f3\u017cnych medi\u00f3w i temperatur<\/p>\n<\/li>\n<li data-start=\"1863\" data-end=\"1907\">\n<p data-start=\"1865\" data-end=\"1907\">Wysoka elastyczno\u015b\u0107 i odzyskiwanie kompresji<\/p>\n<\/li>\n<li data-start=\"1908\" data-end=\"1958\">\n<p data-start=\"1910\" data-end=\"1958\">Wysoka odporno\u015b\u0107 na olej, chemikalia i starzenie<\/p>\n<\/li>\n<li data-start=\"1959\" data-end=\"2000\">\n<p data-start=\"1961\" data-end=\"2000\">\u0141atwa instalacja i niskie koszty utrzymania<\/p>\n<\/li>\n<li data-start=\"2001\" data-end=\"2041\">\n<p data-start=\"2003\" data-end=\"2041\">Dost\u0119pne niestandardowe rozmiary i materia\u0142y<\/p>\n<\/li>\n<\/ul>\n<h2 data-start=\"2048\" data-end=\"2075\"><strong data-start=\"2051\" data-end=\"2075\">Typowe zastosowania<\/strong><\/h2>\n<ul data-start=\"2077\" data-end=\"2357\">\n<li data-start=\"2077\" data-end=\"2112\">\n<p data-start=\"2079\" data-end=\"2112\">Systemy hydrauliczne i pneumatyczne<\/p>\n<\/li>\n<li data-start=\"2113\" data-end=\"2133\">\n<p data-start=\"2115\" data-end=\"2133\">Pompy i zawory<\/p>\n<\/li>\n<li data-start=\"2134\" data-end=\"2172\">\n<p data-start=\"2136\" data-end=\"2172\">Maszyny i urz\u0105dzenia przemys\u0142owe<\/p>\n<\/li>\n<li data-start=\"2173\" data-end=\"2198\">\n<p data-start=\"2175\" data-end=\"2198\">Cz\u0119\u015bci samochodowe<\/p>\n<\/li>\n<li data-start=\"2199\" data-end=\"2232\">\n<p data-start=\"2201\" data-end=\"2232\">Sprz\u0119t do przetwarzania chemicznego<\/p>\n<\/li>\n<li data-start=\"2233\" data-end=\"2294\">\n<p data-start=\"2235\" data-end=\"2294\">Maszyny do produkcji \u017cywno\u015bci i napoj\u00f3w (dost\u0119pne opcje klasy FDA)<\/p>\n<\/li>\n<li data-start=\"2295\" data-end=\"2322\">\n<p data-start=\"2297\" data-end=\"2322\">Systemy uzdatniania wody<\/p>\n<\/li>\n<li data-start=\"2323\" data-end=\"2357\">\n<p data-start=\"2325\" data-end=\"2357\">Sprz\u0119t lotniczy i energetyczny<\/p>\n<\/li>\n<\/ul>\n<h2 data-start=\"2364\" data-end=\"2416\"><strong data-start=\"2367\" data-end=\"2414\">Parametry techniczne (zakres reprezentatywny)<\/strong><\/h2>\n<div class=\"TyagGW_tableContainer\">\n<div class=\"group TyagGW_tableWrapper flex flex-col-reverse w-fit\" tabindex=\"-1\">\n<table class=\"w-fit min-w-(--thread-content-width)\" data-start=\"2418\" data-end=\"2984\">\n<thead data-start=\"2418\" data-end=\"2455\">\n<tr data-start=\"2418\" data-end=\"2455\">\n<th data-start=\"2418\" data-end=\"2430\" data-col-size=\"sm\">Parametr<\/th>\n<th data-start=\"2430\" data-end=\"2455\" data-col-size=\"md\">Specyfikacja \/ Zakres<\/th>\n<\/tr>\n<\/thead>\n<tbody data-start=\"2466\" data-end=\"2984\">\n<tr data-start=\"2466\" data-end=\"2505\">\n<td data-start=\"2466\" data-end=\"2478\" data-col-size=\"sm\">Typ uszczelnienia<\/td>\n<td data-start=\"2478\" data-end=\"2505\" data-col-size=\"md\">O-Ring (uszczelka elastomerowa)<\/td>\n<\/tr>\n<tr data-start=\"2506\" data-end=\"2558\">\n<td data-start=\"2506\" data-end=\"2522\" data-col-size=\"sm\">Przekr\u00f3j poprzeczny<\/td>\n<td data-start=\"2522\" data-end=\"2558\" data-col-size=\"md\">1,0 - 10,0 mm (dost\u0119pne na zam\u00f3wienie)<\/td>\n<\/tr>\n<tr data-start=\"2559\" data-end=\"2613\">\n<td data-start=\"2559\" data-end=\"2576\" data-col-size=\"sm\">\u015arednica wewn\u0119trzna<\/td>\n<td data-start=\"2576\" data-end=\"2613\" data-col-size=\"md\">2 mm - 1000 mm (dost\u0119pne na zam\u00f3wienie)<\/td>\n<\/tr>\n<tr data-start=\"2614\" data-end=\"2667\">\n<td data-start=\"2614\" data-end=\"2635\" data-col-size=\"sm\">Twardo\u015b\u0107 (Shore A)<\/td>\n<td data-start=\"2635\" data-end=\"2667\" data-col-size=\"md\">60-90 (w zale\u017cno\u015bci od materia\u0142u)<\/td>\n<\/tr>\n<tr data-start=\"2668\" data-end=\"2728\">\n<td data-start=\"2668\" data-end=\"2688\" data-col-size=\"sm\">Zakres temperatur<\/td>\n<td data-start=\"2688\" data-end=\"2728\" data-col-size=\"md\">-40\u00b0C do +250\u00b0C (w zale\u017cno\u015bci od materia\u0142u)<\/td>\n<\/tr>\n<tr data-start=\"2729\" data-end=\"2795\">\n<td data-start=\"2729\" data-end=\"2751\" data-col-size=\"sm\">Odporno\u015b\u0107 na ci\u015bnienie<\/td>\n<td data-start=\"2751\" data-end=\"2795\" data-col-size=\"md\">Do 40 MPa (przy odpowiedniej konstrukcji rowka)<\/td>\n<\/tr>\n<tr data-start=\"2796\" data-end=\"2865\">\n<td data-start=\"2796\" data-end=\"2818\" data-col-size=\"sm\">Dost\u0119pne materia\u0142y<\/td>\n<td data-start=\"2818\" data-end=\"2865\" data-col-size=\"md\">NBR, FKM, EPDM, silikon, kapsu\u0142kowany PTFE<\/td>\n<\/tr>\n<tr data-start=\"2866\" data-end=\"2937\">\n<td data-start=\"2866\" data-end=\"2882\" data-col-size=\"sm\">Opcje kolor\u00f3w<\/td>\n<td data-start=\"2882\" data-end=\"2937\" data-col-size=\"md\">Czarny, br\u0105zowy, zielony, czerwony, niebieski (w zale\u017cno\u015bci od materia\u0142u)<\/td>\n<\/tr>\n<tr data-start=\"2938\" data-end=\"2984\">\n<td data-start=\"2938\" data-end=\"2960\" data-col-size=\"sm\">Obs\u0142ugiwane standardy<\/td>\n<td data-start=\"2960\" data-end=\"2984\" data-col-size=\"md\">ISO 3601, AS568, DIN<\/td>\n<\/tr>\n<\/tbody>\n<\/table>\n<\/div>\n<\/div>\n<h2 data-start=\"2991\" data-end=\"3037\"><strong data-start=\"2994\" data-end=\"3037\">Przewodnik wyboru reprezentatywnych materia\u0142\u00f3w<\/strong><\/h2>\n<div class=\"TyagGW_tableContainer\">\n<div class=\"group TyagGW_tableWrapper flex flex-col-reverse w-fit\" tabindex=\"-1\">\n<table class=\"w-fit min-w-(--thread-content-width)\" data-start=\"3039\" data-end=\"3513\">\n<thead data-start=\"3039\" data-end=\"3078\">\n<tr data-start=\"3039\" data-end=\"3078\">\n<th data-start=\"3039\" data-end=\"3050\" data-col-size=\"sm\">Materia\u0142<\/th>\n<th data-start=\"3050\" data-end=\"3064\" data-col-size=\"sm\">Typowe zastosowanie<\/th>\n<th data-start=\"3064\" data-end=\"3078\" data-col-size=\"sm\">Zalety<\/th>\n<\/tr>\n<\/thead>\n<tbody data-start=\"3093\" data-end=\"3513\">\n<tr data-start=\"3093\" data-end=\"3173\">\n<td data-start=\"3093\" data-end=\"3108\" data-col-size=\"sm\">NBR (Buna-N)<\/td>\n<td data-start=\"3108\" data-end=\"3129\" data-col-size=\"sm\">Uk\u0142ady paliwowe i olejowe<\/td>\n<td data-start=\"3129\" data-end=\"3173\" data-col-size=\"sm\">Doskona\u0142a odporno\u015b\u0107 na olej, op\u0142acalno\u015b\u0107<\/td>\n<\/tr>\n<tr data-start=\"3174\" data-end=\"3272\">\n<td data-start=\"3174\" data-end=\"3188\" data-col-size=\"sm\">FKM (Viton)<\/td>\n<td data-start=\"3188\" data-end=\"3231\" data-col-size=\"sm\">\u015arodowiska wysokotemperaturowe i chemiczne<\/td>\n<td data-start=\"3231\" data-end=\"3272\" data-col-size=\"sm\">Doskona\u0142a odporno\u015b\u0107 termiczna i chemiczna<\/td>\n<\/tr>\n<tr data-start=\"3273\" data-end=\"3351\">\n<td data-start=\"3273\" data-end=\"3280\" data-col-size=\"sm\">EPDM<\/td>\n<td data-start=\"3280\" data-end=\"3309\" data-col-size=\"sm\">Aplikacje wodne i parowe<\/td>\n<td data-start=\"3309\" data-end=\"3351\" data-col-size=\"sm\">Doskona\u0142a odporno\u015b\u0107 na warunki atmosferyczne i ozon<\/td>\n<\/tr>\n<tr data-start=\"3352\" data-end=\"3434\">\n<td data-start=\"3352\" data-end=\"3363\" data-col-size=\"sm\">Silikon<\/td>\n<td data-start=\"3363\" data-end=\"3390\" data-col-size=\"sm\">\u017bywno\u015b\u0107 i sprz\u0119t medyczny<\/td>\n<td data-start=\"3390\" data-end=\"3434\" data-col-size=\"sm\">Wysoka elastyczno\u015b\u0107, szeroki zakres temperatur<\/td>\n<\/tr>\n<tr data-start=\"3435\" data-end=\"3513\">\n<td data-start=\"3435\" data-end=\"3455\" data-col-size=\"sm\">W obudowie z PTFE<\/td>\n<td data-start=\"3455\" data-end=\"3478\" data-col-size=\"sm\">Ostre media chemiczne<\/td>\n<td data-start=\"3478\" data-end=\"3513\" data-col-size=\"sm\">Wyj\u0105tkowa odporno\u015b\u0107 chemiczna<\/td>\n<\/tr>\n<\/tbody>\n<\/table>\n<\/div>\n<\/div>\n<h2 data-start=\"3520\" data-end=\"3543\"><strong data-start=\"3523\" data-end=\"3543\">Dlaczego warto wybra\u0107 Wonzh<\/strong><\/h2>\n<ul data-start=\"3545\" data-end=\"3803\">\n<li data-start=\"3545\" data-end=\"3598\">\n<p data-start=\"3547\" data-end=\"3598\">\u015acis\u0142a kontrola jako\u015bci i kontrola wymiar\u00f3w<\/p>\n<\/li>\n<li data-start=\"3599\" data-end=\"3651\">\n<p data-start=\"3601\" data-end=\"3651\">Szerokie portfolio materia\u0142\u00f3w dla r\u00f3\u017cnych bran\u017c<\/p>\n<\/li>\n<li data-start=\"3652\" data-end=\"3693\">\n<p data-start=\"3654\" data-end=\"3693\">Dost\u0119pno\u015b\u0107 rozmiar\u00f3w standardowych i niestandardowych<\/p>\n<\/li>\n<li data-start=\"3694\" data-end=\"3757\">\n<p data-start=\"3696\" data-end=\"3757\">Wsparcie in\u017cynieryjne w zakresie projektowania rowk\u00f3w i dopasowywania materia\u0142\u00f3w<\/p>\n<\/li>\n<li data-start=\"3758\" data-end=\"3803\">\n<p data-start=\"3760\" data-end=\"3803\">Stabilny \u0142a\u0144cuch dostaw i niezawodne dostawy<\/p>\n<\/li>\n<\/ul>\n<h2 data-start=\"3810\" data-end=\"3851\"><strong data-start=\"3813\" data-end=\"3849\">Cz\u0119sto zadawane pytania (FAQ)<\/strong><\/h2>\n<h3 data-start=\"3853\" data-end=\"3894\"><strong data-start=\"3857\" data-end=\"3892\">P1: Do czego s\u0142u\u017cy o-ring?<\/strong><\/h3>\n<p data-start=\"3895\" data-end=\"4020\">O-ring s\u0142u\u017cy do zapobiegania wyciekom mi\u0119dzy dwiema wsp\u00f3\u0142pracuj\u0105cymi powierzchniami, tworz\u0105c \u015bci\u015bni\u0119te uszczelnienie, kt\u00f3re blokuje przep\u0142yw p\u0142ynu lub gazu.<\/p>\n<h3 data-start=\"4022\" data-end=\"4067\"><strong data-start=\"4026\" data-end=\"4065\">P2: Jaki materia\u0142 powinienem wybra\u0107?<\/strong><\/h3>\n<ul data-start=\"4068\" data-end=\"4247\">\n<li data-start=\"4068\" data-end=\"4098\">\n<p data-start=\"4070\" data-end=\"4098\">Dla oleju i paliwa \u2192 <strong data-start=\"4089\" data-end=\"4096\">NBR<\/strong><\/p>\n<\/li>\n<li data-start=\"4099\" data-end=\"4154\">\n<p data-start=\"4101\" data-end=\"4154\">Dla wysokich temperatur lub chemikali\u00f3w \u2192 <strong data-start=\"4137\" data-end=\"4152\">FKM (Viton)<\/strong><\/p>\n<\/li>\n<li data-start=\"4155\" data-end=\"4185\">\n<p data-start=\"4157\" data-end=\"4185\">Dla wody\/pary \u2192 <strong data-start=\"4175\" data-end=\"4183\">EPDM<\/strong><\/p>\n<\/li>\n<li data-start=\"4186\" data-end=\"4247\">\n<p data-start=\"4188\" data-end=\"4247\">Do zastosowa\u0144 spo\u017cywczych \u2192 <strong data-start=\"4209\" data-end=\"4247\">Silikon lub materia\u0142y zatwierdzone przez FDA<\/strong><\/p>\n<\/li>\n<\/ul>\n<h3 data-start=\"4249\" data-end=\"4308\"><strong data-start=\"4253\" data-end=\"4306\">P3: Czy O-ringi mog\u0105 by\u0107 stosowane w systemach wysokoci\u015bnieniowych?<\/strong><\/h3>\n<p data-start=\"4309\" data-end=\"4403\">Tak. Przy odpowiedniej konstrukcji rowka i pier\u015bcieni zapasowych, O-ringi mog\u0105 wytrzyma\u0107 ci\u015bnienie do 40 MPa.<\/p>\n<h3 data-start=\"4405\" data-end=\"4447\"><strong data-start=\"4409\" data-end=\"4445\">P4: Czy oferujecie niestandardowe rozmiary?<\/strong><\/h3>\n<p data-start=\"4448\" data-end=\"4558\">Tak. Mo\u017cemy produkowa\u0107 o-ringi o niestandardowych \u015brednicach, przekrojach i materia\u0142ach zgodnie z wymaganiami klienta.<\/p>\n<h3 data-start=\"4560\" data-end=\"4598\"><strong data-start=\"4564\" data-end=\"4596\">P5: Czy standardy s\u0105 obs\u0142ugiwane?<\/strong><\/h3>\n<p data-start=\"4599\" data-end=\"4658\">Tak. Stosujemy si\u0119 do <strong data-start=\"4619\" data-end=\"4647\">ISO 3601, AS568 i DIN<\/strong> standardy.<\/p>","protected":false},"excerpt":{"rendered":"<p>Uszczelki O-Ring dostarczane przez Wonzh to wysokowydajne elastomerowe elementy uszczelniaj\u0105ce zaprojektowane w celu zapobiegania wyciekom cieczy, gaz\u00f3w i innych medi\u00f3w zar\u00f3wno w zastosowaniach statycznych, jak i dynamicznych.<\/p>","protected":false},"featured_media":1487,"comment_status":"open","ping_status":"closed","template":"","meta":{"site-sidebar-layout":"default","site-content-layout":"","ast-site-content-layout":"default","site-content-style":"default","site-sidebar-style":"default","ast-global-header-display":"","ast-banner-title-visibility":"","ast-main-header-display":"","ast-hfb-above-header-display":"","ast-hfb-below-header-display":"","ast-hfb-mobile-header-display":"","site-post-title":"","ast-breadcrumbs-content":"","ast-featured-img":"","footer-sml-layout":"","ast-disable-related-posts":"","theme-transparent-header-meta":"default","adv-header-id-meta":"","stick-header-meta":"default","header-above-stick-meta":"","header-main-stick-meta":"","header-below-stick-meta":"","astra-migrate-meta-layouts":"set","ast-page-background-enabled":"default","ast-page-background-meta":{"desktop":{"background-color":"","background-image":"","background-repeat":"repeat","background-position":"center center","background-size":"auto","background-attachment":"scroll","background-type":"","background-media":"","overlay-type":"","overlay-color":"","overlay-opacity":"","overlay-gradient":""},"tablet":{"background-color":"","background-image":"","background-repeat":"repeat","background-position":"center center","background-size":"auto","background-attachment":"scroll","background-type":"","background-media":"","overlay-type":"","overlay-color":"","overlay-opacity":"","overlay-gradient":""},"mobile":{"background-color":"","background-image":"","background-repeat":"repeat","background-position":"center center","background-size":"auto","background-attachment":"scroll","background-type":"","background-media":"","overlay-type":"","overlay-color":"","overlay-opacity":"","overlay-gradient":""}},"ast-content-background-meta":{"desktop":{"background-color":"var(--ast-global-color-5)","background-image":"","background-repeat":"repeat","background-position":"center center","background-size":"auto","background-attachment":"scroll","background-type":"","background-media":"","overlay-type":"","overlay-color":"","overlay-opacity":"","overlay-gradient":""},"tablet":{"background-color":"var(--ast-global-color-5)","background-image":"","background-repeat":"repeat","background-position":"center center","background-size":"auto","background-attachment":"scroll","background-type":"","background-media":"","overlay-type":"","overlay-color":"","overlay-opacity":"","overlay-gradient":""},"mobile":{"background-color":"var(--ast-global-color-5)","background-image":"","background-repeat":"repeat","background-position":"center center","background-size":"auto","background-attachment":"scroll","background-type":"","background-media":"","overlay-type":"","overlay-color":"","overlay-opacity":"","overlay-gradient":""}}},"product_brand":[],"product_cat":[21],"product_tag":[212,214,213,205,202,208,207,203,190,211,206,201,210,209,204],"class_list":{"0":"post-1443","1":"product","2":"type-product","3":"status-publish","4":"has-post-thumbnail","6":"product_cat-sealing-parts-sealing-systems","7":"product_tag-as568-o-ring","8":"product_tag-china-seal-manufacturer","9":"product_tag-custom-o-rings","10":"product_tag-dynamic-seal","11":"product_tag-elastomer-seal","12":"product_tag-epdm-o-ring","13":"product_tag-fkm-o-ring","14":"product_tag-hydraulic-seal","15":"product_tag-industrial-sealing","16":"product_tag-iso-3601-o-ring","17":"product_tag-nbr-o-ring","18":"product_tag-o-ring-seal","19":"product_tag-ptfe-encapsulated-o-ring","20":"product_tag-silicone-o-ring","21":"product_tag-static-seal","22":"desktop-align-left","23":"tablet-align-left","24":"mobile-align-left","26":"first","27":"instock","28":"shipping-taxable","29":"product-type-simple"},"_links":{"self":[{"href":"https:\/\/www.wonzh.com\/pl\/wp-json\/wp\/v2\/product\/1443","targetHints":{"allow":["GET"]}}],"collection":[{"href":"https:\/\/www.wonzh.com\/pl\/wp-json\/wp\/v2\/product"}],"about":[{"href":"https:\/\/www.wonzh.com\/pl\/wp-json\/wp\/v2\/types\/product"}],"replies":[{"embeddable":true,"href":"https:\/\/www.wonzh.com\/pl\/wp-json\/wp\/v2\/comments?post=1443"}],"wp:featuredmedia":[{"embeddable":true,"href":"https:\/\/www.wonzh.com\/pl\/wp-json\/wp\/v2\/media\/1487"}],"wp:attachment":[{"href":"https:\/\/www.wonzh.com\/pl\/wp-json\/wp\/v2\/media?parent=1443"}],"wp:term":[{"taxonomy":"product_brand","embeddable":true,"href":"https:\/\/www.wonzh.com\/pl\/wp-json\/wp\/v2\/product_brand?post=1443"},{"taxonomy":"product_cat","embeddable":true,"href":"https:\/\/www.wonzh.com\/pl\/wp-json\/wp\/v2\/product_cat?post=1443"},{"taxonomy":"product_tag","embeddable":true,"href":"https:\/\/www.wonzh.com\/pl\/wp-json\/wp\/v2\/product_tag?post=1443"}],"curies":[{"name":"wp","href":"https:\/\/api.w.org\/{rel}","templated":true}]}}