{"id":1442,"date":"2026-02-03T14:17:01","date_gmt":"2026-02-03T14:17:01","guid":{"rendered":"https:\/\/www.wonzh.com\/?post_type=product&#038;p=1442"},"modified":"2026-02-04T14:12:14","modified_gmt":"2026-02-04T14:12:14","slug":"industrial-mechanical-seals-for-pumps-compressors-and-rotating-equipment","status":"publish","type":"product","link":"https:\/\/www.wonzh.com\/pl\/product\/industrial-mechanical-seals-for-pumps-compressors-and-rotating-equipment\/","title":{"rendered":"Przemys\u0142owe uszczelnienia mechaniczne do pomp, spr\u0119\u017carek i urz\u0105dze\u0144 obrotowych"},"content":{"rendered":"<p data-start=\"583\" data-end=\"1012\">Mechanical Seals supplied by Wonzh are precision-engineered sealing devices designed to prevent fluid leakage in rotating equipment such as pumps, compressors, mixers, and agitators. By maintaining controlled contact between a stationary face and a rotating face, these seals provide superior sealing performance compared to traditional packing solutions, significantly reducing maintenance requirements and operational downtime.<\/p>\n<p data-start=\"1014\" data-end=\"1422\">Manufactured using high-quality materials such as carbon graphite, silicon carbide (SiC), tungsten carbide, and stainless steel, Wonzh mechanical seals deliver excellent wear resistance, thermal stability, and corrosion resistance in demanding industrial environments. Advanced manufacturing processes and strict quality control ensure consistent performance, long service life, and reliable leak prevention.<\/p>\n<p data-start=\"1424\" data-end=\"1784\">As an experienced industrial sealing solutions provider, Wonzh offers both standard and customized mechanical seals tailored to specific operating conditions, including pressure, temperature, speed, and chemical compatibility. Our engineering team supports seal selection, material matching, and performance optimization based on real application requirements.<\/p>\n<h2 data-start=\"1791\" data-end=\"1810\"><strong data-start=\"1794\" data-end=\"1810\">Kluczowe cechy<\/strong><\/h2>\n<ul data-start=\"1812\" data-end=\"2132\">\n<li data-start=\"1812\" data-end=\"1866\">\n<p data-start=\"1814\" data-end=\"1866\">Superior leakage control compared to packing seals<\/p>\n<\/li>\n<li data-start=\"1867\" data-end=\"1907\">\n<p data-start=\"1869\" data-end=\"1907\">Niskie tarcie i mniejsze straty energii<\/p>\n<\/li>\n<li data-start=\"1908\" data-end=\"1951\">\n<p data-start=\"1910\" data-end=\"1951\">Excellent wear and corrosion resistance<\/p>\n<\/li>\n<li data-start=\"1952\" data-end=\"2016\">\n<p data-start=\"1954\" data-end=\"2016\">Suitable for high-pressure and high-temperature applications<\/p>\n<\/li>\n<li data-start=\"2017\" data-end=\"2070\">\n<p data-start=\"2019\" data-end=\"2070\">Compatible with a wide range of industrial fluids<\/p>\n<\/li>\n<li data-start=\"2071\" data-end=\"2132\">\n<p data-start=\"2073\" data-end=\"2132\">Niestandardowe projekty dost\u0119pne dla specjalnych warunk\u00f3w pracy<\/p>\n<\/li>\n<\/ul>\n<h2 data-start=\"2139\" data-end=\"2166\"><strong data-start=\"2142\" data-end=\"2166\">Typowe zastosowania<\/strong><\/h2>\n<ul data-start=\"2168\" data-end=\"2388\">\n<li data-start=\"2168\" data-end=\"2189\">\n<p data-start=\"2170\" data-end=\"2189\">Centrifugal pumps<\/p>\n<\/li>\n<li data-start=\"2190\" data-end=\"2223\">\n<p data-start=\"2192\" data-end=\"2223\">Sprz\u0119t do przetwarzania chemicznego<\/p>\n<\/li>\n<li data-start=\"2224\" data-end=\"2249\">\n<p data-start=\"2226\" data-end=\"2249\">Oil and gas machinery<\/p>\n<\/li>\n<li data-start=\"2250\" data-end=\"2277\">\n<p data-start=\"2252\" data-end=\"2277\">Systemy uzdatniania wody<\/p>\n<\/li>\n<li data-start=\"2278\" data-end=\"2310\">\n<p data-start=\"2280\" data-end=\"2310\">Food and beverage processing<\/p>\n<\/li>\n<li data-start=\"2311\" data-end=\"2358\">\n<p data-start=\"2313\" data-end=\"2358\">Power plants and industrial cooling systems<\/p>\n<\/li>\n<li data-start=\"2359\" data-end=\"2388\">\n<p data-start=\"2361\" data-end=\"2388\">Compressors and agitators<\/p>\n<\/li>\n<\/ul>\n<h2 data-start=\"2395\" data-end=\"2447\"><strong data-start=\"2398\" data-end=\"2445\">Parametry techniczne (zakres reprezentatywny)<\/strong><\/h2>\n<div class=\"TyagGW_tableContainer\">\n<div class=\"group TyagGW_tableWrapper flex flex-col-reverse w-fit\" tabindex=\"-1\">\n<table class=\"w-fit min-w-(--thread-content-width)\" data-start=\"2449\" data-end=\"3012\">\n<thead data-start=\"2449\" data-end=\"2486\">\n<tr data-start=\"2449\" data-end=\"2486\">\n<th data-start=\"2449\" data-end=\"2461\" data-col-size=\"sm\">Parametr<\/th>\n<th data-start=\"2461\" data-end=\"2486\" data-col-size=\"md\">Specyfikacja \/ Zakres<\/th>\n<\/tr>\n<\/thead>\n<tbody data-start=\"2497\" data-end=\"3012\">\n<tr data-start=\"2497\" data-end=\"2528\">\n<td data-start=\"2497\" data-end=\"2509\" data-col-size=\"sm\">Typ uszczelnienia<\/td>\n<td data-start=\"2509\" data-end=\"2528\" data-col-size=\"md\">Uszczelnienie mechaniczne<\/td>\n<\/tr>\n<tr data-start=\"2529\" data-end=\"2588\">\n<td data-start=\"2529\" data-end=\"2546\" data-col-size=\"sm\">Face Materials<\/td>\n<td data-start=\"2546\" data-end=\"2588\" data-col-size=\"md\">Carbon, SiC, Tungsten Carbide, Ceramic<\/td>\n<\/tr>\n<tr data-start=\"2589\" data-end=\"2650\">\n<td data-start=\"2589\" data-end=\"2603\" data-col-size=\"sm\">Metal Parts<\/td>\n<td data-start=\"2603\" data-end=\"2650\" data-col-size=\"md\">Stainless Steel (304\/316) or special alloys<\/td>\n<\/tr>\n<tr data-start=\"2651\" data-end=\"2713\">\n<td data-start=\"2651\" data-end=\"2672\" data-col-size=\"sm\">Ci\u015bnienie robocze<\/td>\n<td data-start=\"2672\" data-end=\"2713\" data-col-size=\"md\">Up to 2.5 MPa (application dependent)<\/td>\n<\/tr>\n<tr data-start=\"2714\" data-end=\"2778\">\n<td data-start=\"2714\" data-end=\"2738\" data-col-size=\"sm\">Temperatura pracy<\/td>\n<td data-start=\"2738\" data-end=\"2778\" data-col-size=\"md\">-40\u00b0C to +180\u00b0C (material dependent)<\/td>\n<\/tr>\n<tr data-start=\"2779\" data-end=\"2835\">\n<td data-start=\"2779\" data-end=\"2793\" data-col-size=\"sm\">Shaft Speed<\/td>\n<td data-start=\"2793\" data-end=\"2835\" data-col-size=\"md\">Up to 20 m\/s (configuration dependent)<\/td>\n<\/tr>\n<tr data-start=\"2836\" data-end=\"2900\">\n<td data-start=\"2836\" data-end=\"2858\" data-col-size=\"sm\">Kompatybilno\u015b\u0107 no\u015bnik\u00f3w<\/td>\n<td data-start=\"2858\" data-end=\"2900\" data-col-size=\"md\">Water, oil, chemicals, mild corrosives<\/td>\n<\/tr>\n<tr data-start=\"2901\" data-end=\"2958\">\n<td data-start=\"2901\" data-end=\"2917\" data-col-size=\"sm\">Mounting Type<\/td>\n<td data-start=\"2917\" data-end=\"2958\" data-col-size=\"md\">Cartridge or component type available<\/td>\n<\/tr>\n<tr data-start=\"2959\" data-end=\"3012\">\n<td data-start=\"2959\" data-end=\"2973\" data-col-size=\"sm\">Smarowanie<\/td>\n<td data-start=\"2973\" data-end=\"3012\" data-col-size=\"md\">Fluid film or external flush system<\/td>\n<\/tr>\n<\/tbody>\n<\/table>\n<\/div>\n<\/div>\n<h2 data-start=\"3019\" data-end=\"3055\"><strong data-start=\"3022\" data-end=\"3055\">Reprezentatywne przyk\u0142ady modeli<\/strong><\/h2>\n<p data-start=\"3057\" data-end=\"3118\"><em data-start=\"3057\" data-end=\"3118\">(Tylko w celach informacyjnych - pe\u0142ny katalog dost\u0119pny na \u017cyczenie).<\/em><\/p>\n<div class=\"TyagGW_tableContainer\">\n<div class=\"group TyagGW_tableWrapper flex flex-col-reverse w-fit\" tabindex=\"-1\">\n<table class=\"w-fit min-w-(--thread-content-width)\" data-start=\"3120\" data-end=\"3453\">\n<thead data-start=\"3120\" data-end=\"3161\">\n<tr data-start=\"3120\" data-end=\"3161\">\n<th data-start=\"3120\" data-end=\"3129\" data-col-size=\"sm\">Seria<\/th>\n<th data-start=\"3129\" data-end=\"3146\" data-col-size=\"sm\">Przyk\u0142adowe modele<\/th>\n<th data-start=\"3146\" data-end=\"3161\" data-col-size=\"sm\">Typowe zastosowanie<\/th>\n<\/tr>\n<\/thead>\n<tbody data-start=\"3176\" data-end=\"3453\">\n<tr data-start=\"3176\" data-end=\"3228\">\n<td data-start=\"3176\" data-end=\"3187\" data-col-size=\"sm\">Type 104<\/td>\n<td data-start=\"3187\" data-end=\"3204\" data-col-size=\"sm\">104-25, 104-35<\/td>\n<td data-start=\"3204\" data-end=\"3228\" data-col-size=\"sm\">Standard water pumps<\/td>\n<\/tr>\n<tr data-start=\"3229\" data-end=\"3275\">\n<td data-start=\"3229\" data-end=\"3240\" data-col-size=\"sm\">Type 109<\/td>\n<td data-start=\"3240\" data-end=\"3257\" data-col-size=\"sm\">109-30, 109-40<\/td>\n<td data-start=\"3257\" data-end=\"3275\" data-col-size=\"sm\">Chemical pumps<\/td>\n<\/tr>\n<tr data-start=\"3276\" data-end=\"3337\">\n<td data-start=\"3276\" data-end=\"3288\" data-col-size=\"sm\">Type 2100<\/td>\n<td data-start=\"3288\" data-end=\"3307\" data-col-size=\"sm\">2100-45, 2100-60<\/td>\n<td data-start=\"3307\" data-end=\"3337\" data-col-size=\"sm\">High-pressure applications<\/td>\n<\/tr>\n<tr data-start=\"3338\" data-end=\"3401\">\n<td data-start=\"3338\" data-end=\"3355\" data-col-size=\"sm\">Cartridge Seal<\/td>\n<td data-start=\"3355\" data-end=\"3370\" data-col-size=\"sm\">CS-50, CS-65<\/td>\n<td data-start=\"3370\" data-end=\"3401\" data-col-size=\"sm\">Heavy-duty industrial pumps<\/td>\n<\/tr>\n<tr data-start=\"3402\" data-end=\"3453\">\n<td data-start=\"3402\" data-end=\"3416\" data-col-size=\"sm\">Custom Seal<\/td>\n<td data-start=\"3416\" data-end=\"3432\" data-col-size=\"sm\">Project-based<\/td>\n<td data-start=\"3432\" data-end=\"3453\" data-col-size=\"sm\">Special machinery<\/td>\n<\/tr>\n<\/tbody>\n<\/table>\n<\/div>\n<\/div>\n<p data-start=\"3455\" data-end=\"3540\"><strong data-start=\"3455\" data-end=\"3464\">Uwaga:<\/strong> Additional sizes, materials, and configurations are available upon request.<\/p>\n<h2 data-start=\"3547\" data-end=\"3570\"><strong data-start=\"3550\" data-end=\"3570\">Dlaczego warto wybra\u0107 Wonzh<\/strong><\/h2>\n<ul data-start=\"3572\" data-end=\"3872\">\n<li data-start=\"3572\" data-end=\"3639\">\n<p data-start=\"3574\" data-end=\"3639\">Strict quality control from material selection to final testing<\/p>\n<\/li>\n<li data-start=\"3640\" data-end=\"3695\">\n<p data-start=\"3642\" data-end=\"3695\">Wide range of sealing materials for different media<\/p>\n<\/li>\n<li data-start=\"3696\" data-end=\"3761\">\n<p data-start=\"3698\" data-end=\"3761\">Engineering support for application matching and optimization<\/p>\n<\/li>\n<li data-start=\"3762\" data-end=\"3815\">\n<p data-start=\"3764\" data-end=\"3815\">Custom sealing solutions for special environments<\/p>\n<\/li>\n<li data-start=\"3816\" data-end=\"3872\">\n<p data-start=\"3818\" data-end=\"3872\">Niezawodny \u0142a\u0144cuch dostaw i globalne mo\u017cliwo\u015bci dostaw<\/p>\n<\/li>\n<\/ul>\n<h2 data-start=\"3879\" data-end=\"3920\"><strong data-start=\"3882\" data-end=\"3918\">Cz\u0119sto zadawane pytania (FAQ)<\/strong><\/h2>\n<h3 data-start=\"3922\" data-end=\"3971\"><strong data-start=\"3926\" data-end=\"3969\">Q1: What is a mechanical seal used for?<\/strong><\/h3>\n<p data-start=\"3972\" data-end=\"4159\">A mechanical seal is used to prevent fluid leakage in rotating equipment such as pumps, compressors, and mixers by maintaining controlled contact between rotating and stationary surfaces.<\/p>\n<h3 data-start=\"4161\" data-end=\"4219\"><strong data-start=\"4165\" data-end=\"4217\">Q2: What materials are available for seal faces?<\/strong><\/h3>\n<p data-start=\"4220\" data-end=\"4369\">We offer carbon graphite, silicon carbide (SiC), tungsten carbide, and ceramic materials depending on pressure, temperature, and fluid compatibility.<\/p>\n<h3 data-start=\"4371\" data-end=\"4415\"><strong data-start=\"4375\" data-end=\"4413\">Q3: Are cartridge seals available?<\/strong><\/h3>\n<p data-start=\"4416\" data-end=\"4538\">Yes. We provide both cartridge and component mechanical seals to suit different installation and maintenance requirements.<\/p>\n<h3 data-start=\"4540\" data-end=\"4594\"><strong data-start=\"4544\" data-end=\"4592\">Q4: Can these seals handle corrosive fluids?<\/strong><\/h3>\n<p data-start=\"4595\" data-end=\"4724\">Yes. With appropriate material selection (e.g., SiC or special alloys), our seals can perform reliably in corrosive environments.<\/p>\n<h3 data-start=\"4726\" data-end=\"4769\"><strong data-start=\"4730\" data-end=\"4767\">P5: Czy wspieracie personalizacj\u0119?<\/strong><\/h3>\n<p data-start=\"4770\" data-end=\"4890\">Yes. Wonzh supports custom shaft sizes, materials, seal configurations, and flushing systems based on application needs.<\/p>","protected":false},"excerpt":{"rendered":"<p>Mechanical Seals supplied by Wonzh are precision-engineered sealing devices designed to prevent fluid leakage in rotating equipment such as pumps, compressors, mixers, and agitators.<\/p>","protected":false},"featured_media":1484,"comment_status":"open","ping_status":"closed","template":"","meta":{"site-sidebar-layout":"default","site-content-layout":"","ast-site-content-layout":"default","site-content-style":"default","site-sidebar-style":"default","ast-global-header-display":"","ast-banner-title-visibility":"","ast-main-header-display":"","ast-hfb-above-header-display":"","ast-hfb-below-header-display":"","ast-hfb-mobile-header-display":"","site-post-title":"","ast-breadcrumbs-content":"","ast-featured-img":"","footer-sml-layout":"","ast-disable-related-posts":"","theme-transparent-header-meta":"default","adv-header-id-meta":"","stick-header-meta":"default","header-above-stick-meta":"","header-main-stick-meta":"","header-below-stick-meta":"","astra-migrate-meta-layouts":"set","ast-page-background-enabled":"default","ast-page-background-meta":{"desktop":{"background-color":"","background-image":"","background-repeat":"repeat","background-position":"center center","background-size":"auto","background-attachment":"scroll","background-type":"","background-media":"","overlay-type":"","overlay-color":"","overlay-opacity":"","overlay-gradient":""},"tablet":{"background-color":"","background-image":"","background-repeat":"repeat","background-position":"center center","background-size":"auto","background-attachment":"scroll","background-type":"","background-media":"","overlay-type":"","overlay-color":"","overlay-opacity":"","overlay-gradient":""},"mobile":{"background-color":"","background-image":"","background-repeat":"repeat","background-position":"center center","background-size":"auto","background-attachment":"scroll","background-type":"","background-media":"","overlay-type":"","overlay-color":"","overlay-opacity":"","overlay-gradient":""}},"ast-content-background-meta":{"desktop":{"background-color":"var(--ast-global-color-5)","background-image":"","background-repeat":"repeat","background-position":"center center","background-size":"auto","background-attachment":"scroll","background-type":"","background-media":"","overlay-type":"","overlay-color":"","overlay-opacity":"","overlay-gradient":""},"tablet":{"background-color":"var(--ast-global-color-5)","background-image":"","background-repeat":"repeat","background-position":"center center","background-size":"auto","background-attachment":"scroll","background-type":"","background-media":"","overlay-type":"","overlay-color":"","overlay-opacity":"","overlay-gradient":""},"mobile":{"background-color":"var(--ast-global-color-5)","background-image":"","background-repeat":"repeat","background-position":"center center","background-size":"auto","background-attachment":"scroll","background-type":"","background-media":"","overlay-type":"","overlay-color":"","overlay-opacity":"","overlay-gradient":""}}},"product_brand":[],"product_cat":[21],"product_tag":[193,189,196,199,195,152,190,187,188,198,200,191,194,192,197],"class_list":{"0":"post-1442","1":"product","2":"type-product","3":"status-publish","4":"has-post-thumbnail","6":"product_cat-sealing-parts-sealing-systems","7":"product_tag-carbon-seal","8":"product_tag-cartridge-mechanical-seal","9":"product_tag-chemical-pump-seal","10":"product_tag-custom-mechanical-seal","11":"product_tag-high-pressure-seal","12":"product_tag-industrial-components","13":"product_tag-industrial-sealing","14":"product_tag-mechanical-seal","15":"product_tag-pump-seal","16":"product_tag-rotating-equipment-seal","17":"product_tag-seal-manufacturer-china","18":"product_tag-sic-seal","19":"product_tag-stainless-steel-seal","20":"product_tag-tungsten-carbide-seal","21":"product_tag-water-pump-seal","22":"desktop-align-left","23":"tablet-align-left","24":"mobile-align-left","26":"first","27":"instock","28":"shipping-taxable","29":"product-type-simple"},"_links":{"self":[{"href":"https:\/\/www.wonzh.com\/pl\/wp-json\/wp\/v2\/product\/1442","targetHints":{"allow":["GET"]}}],"collection":[{"href":"https:\/\/www.wonzh.com\/pl\/wp-json\/wp\/v2\/product"}],"about":[{"href":"https:\/\/www.wonzh.com\/pl\/wp-json\/wp\/v2\/types\/product"}],"replies":[{"embeddable":true,"href":"https:\/\/www.wonzh.com\/pl\/wp-json\/wp\/v2\/comments?post=1442"}],"wp:featuredmedia":[{"embeddable":true,"href":"https:\/\/www.wonzh.com\/pl\/wp-json\/wp\/v2\/media\/1484"}],"wp:attachment":[{"href":"https:\/\/www.wonzh.com\/pl\/wp-json\/wp\/v2\/media?parent=1442"}],"wp:term":[{"taxonomy":"product_brand","embeddable":true,"href":"https:\/\/www.wonzh.com\/pl\/wp-json\/wp\/v2\/product_brand?post=1442"},{"taxonomy":"product_cat","embeddable":true,"href":"https:\/\/www.wonzh.com\/pl\/wp-json\/wp\/v2\/product_cat?post=1442"},{"taxonomy":"product_tag","embeddable":true,"href":"https:\/\/www.wonzh.com\/pl\/wp-json\/wp\/v2\/product_tag?post=1442"}],"curies":[{"name":"wp","href":"https:\/\/api.w.org\/{rel}","templated":true}]}}