{"id":1436,"date":"2026-02-02T15:35:41","date_gmt":"2026-02-02T15:35:41","guid":{"rendered":"https:\/\/www.wonzh.com\/?post_type=product&#038;p=1436"},"modified":"2026-02-02T15:35:42","modified_gmt":"2026-02-02T15:35:42","slug":"industrial-pillow-block-bearings-for-heavy-machinery-and-equipment-support","status":"publish","type":"product","link":"https:\/\/www.wonzh.com\/pl\/product\/industrial-pillow-block-bearings-for-heavy-machinery-and-equipment-support\/","title":{"rendered":"Przemys\u0142owe \u0142o\u017cyska \u015blizgowe do ci\u0119\u017ckich maszyn i urz\u0105dze\u0144"},"content":{"rendered":"<p data-start=\"470\" data-end=\"809\">\u0141o\u017cyska Pillow Block Bearings dostarczane przez Wonzh to \u0142o\u017cyska montowane, kt\u00f3re zapewniaj\u0105 stabilne i niezawodne wsparcie dla obracaj\u0105cych si\u0119 wa\u0142\u00f3w w maszynach przemys\u0142owych. Zaprojektowane ze zintegrowan\u0105 obudow\u0105 i samonastawn\u0105 wk\u0142adk\u0105 \u0142o\u017cyskow\u0105, oferuj\u0105 \u0142atwo\u015b\u0107 monta\u017cu, wysok\u0105 no\u015bno\u015b\u0107 i stabiln\u0105 prac\u0119 w ci\u0119\u017ckich warunkach.<\/p>\n<p data-start=\"811\" data-end=\"1210\">Wykonane z wysokiej jako\u015bci stali \u0142o\u017cyskowej (odpowiednik GCr15 \/ AISI 52100) z precyzyjn\u0105 obr\u00f3bk\u0105 i zoptymalizowan\u0105 obr\u00f3bk\u0105 ciepln\u0105, \u0142o\u017cyska Wonzh zapewniaj\u0105 sta\u0142\u0105 dok\u0142adno\u015b\u0107 wymiarow\u0105, niskie tarcie i d\u0142ug\u0105 \u017cywotno\u015b\u0107. Wk\u0142adki \u0142o\u017cyskowe mog\u0105 przyjmowa\u0107 niewielkie niewsp\u00f3\u0142osiowo\u015bci i s\u0105 dost\u0119pne w konfiguracjach standardowych i uszczelnionych w celu ochrony przed kurzem, gruzem i zanieczyszczeniami.<\/p>\n<p data-start=\"1212\" data-end=\"1466\">\u0141o\u017cyska te, szeroko stosowane w systemach przeno\u015bnik\u00f3w, urz\u0105dzeniach do transportu materia\u0142\u00f3w, pompach, wentylatorach, spr\u0119\u017carkach i og\u00f3lnych maszynach przemys\u0142owych, s\u0105 idealne do zastosowa\u0144, w kt\u00f3rych wydajno\u015b\u0107 konserwacji, niezawodno\u015b\u0107 i stabilna wydajno\u015b\u0107 obrotowa maj\u0105 kluczowe znaczenie.<\/p>\n<h2 data-start=\"1473\" data-end=\"1492\"><strong data-start=\"1476\" data-end=\"1492\">Kluczowe cechy<\/strong><\/h2>\n<ul data-start=\"1494\" data-end=\"1788\">\n<li data-start=\"1494\" data-end=\"1563\">\n<p data-start=\"1496\" data-end=\"1563\">Samonastawna wk\u0142adka \u0142o\u017cyskowa kompensuj\u0105ca niewsp\u00f3\u0142osiowo\u015b\u0107 wa\u0142u<\/p>\n<\/li>\n<li data-start=\"1564\" data-end=\"1606\">\n<p data-start=\"1566\" data-end=\"1606\">Wytrzyma\u0142a obudowa zapewniaj\u0105ca bezpieczny monta\u017c<\/p>\n<\/li>\n<li data-start=\"1607\" data-end=\"1644\">\n<p data-start=\"1609\" data-end=\"1644\">Wysoka no\u015bno\u015b\u0107 i trwa\u0142o\u015b\u0107<\/p>\n<\/li>\n<li data-start=\"1645\" data-end=\"1697\">\n<p data-start=\"1647\" data-end=\"1697\">Uszczelnione i otwarte opcje dla r\u00f3\u017cnych \u015brodowisk<\/p>\n<\/li>\n<li data-start=\"1698\" data-end=\"1735\">\n<p data-start=\"1700\" data-end=\"1735\">\u0141atwa instalacja i konserwacja<\/p>\n<\/li>\n<li data-start=\"1736\" data-end=\"1788\">\n<p data-start=\"1738\" data-end=\"1788\">Mo\u017cliwo\u015b\u0107 dostosowania materia\u0142\u00f3w obudowy i typ\u00f3w \u0142o\u017cysk<\/p>\n<\/li>\n<\/ul>\n<h2 data-start=\"1795\" data-end=\"1822\"><strong data-start=\"1798\" data-end=\"1822\">Typowe zastosowania<\/strong><\/h2>\n<ul data-start=\"1824\" data-end=\"2033\">\n<li data-start=\"1824\" data-end=\"1866\">\n<p data-start=\"1826\" data-end=\"1866\">Przeno\u015bniki i systemy transportu materia\u0142\u00f3w<\/p>\n<\/li>\n<li data-start=\"1867\" data-end=\"1898\">\n<p data-start=\"1869\" data-end=\"1898\">Wentylatory i dmuchawy przemys\u0142owe<\/p>\n<\/li>\n<li data-start=\"1899\" data-end=\"1924\">\n<p data-start=\"1901\" data-end=\"1924\">Pompy i spr\u0119\u017carki<\/p>\n<\/li>\n<li data-start=\"1925\" data-end=\"1963\">\n<p data-start=\"1927\" data-end=\"1963\">Maszyny do pakowania i przetwarzania<\/p>\n<\/li>\n<li data-start=\"1964\" data-end=\"2002\">\n<p data-start=\"1966\" data-end=\"2002\">Ci\u0119\u017cki sprz\u0119t i linie monta\u017cowe<\/p>\n<\/li>\n<li data-start=\"2003\" data-end=\"2033\">\n<p data-start=\"2005\" data-end=\"2033\">Systemy przenoszenia nap\u0119du<\/p>\n<\/li>\n<\/ul>\n<h2 data-start=\"2040\" data-end=\"2092\"><strong data-start=\"2043\" data-end=\"2090\">Parametry techniczne (zakres reprezentatywny)<\/strong><\/h2>\n<div class=\"TyagGW_tableContainer\">\n<div class=\"group TyagGW_tableWrapper flex flex-col-reverse w-fit\" tabindex=\"-1\">\n<table class=\"w-fit min-w-(--thread-content-width)\" data-start=\"2094\" data-end=\"2702\">\n<thead data-start=\"2094\" data-end=\"2131\">\n<tr data-start=\"2094\" data-end=\"2131\">\n<th data-start=\"2094\" data-end=\"2106\" data-col-size=\"sm\">Parametr<\/th>\n<th data-start=\"2106\" data-end=\"2131\" data-col-size=\"md\">Specyfikacja \/ Zakres<\/th>\n<\/tr>\n<\/thead>\n<tbody data-start=\"2142\" data-end=\"2702\">\n<tr data-start=\"2142\" data-end=\"2199\">\n<td data-start=\"2142\" data-end=\"2157\" data-col-size=\"sm\">Typ \u0142o\u017cyska<\/td>\n<td data-start=\"2157\" data-end=\"2199\" data-col-size=\"md\">\u0141o\u017cysko blokowe (\u0142o\u017cysko montowane)<\/td>\n<\/tr>\n<tr data-start=\"2200\" data-end=\"2271\">\n<td data-start=\"2200\" data-end=\"2211\" data-col-size=\"sm\">Materia\u0142<\/td>\n<td data-start=\"2211\" data-end=\"2271\" data-col-size=\"md\">Obudowa: \u017beliwo lub Stal; \u0141o\u017cysko: GCr15 \/ AISI 52100<\/td>\n<\/tr>\n<tr data-start=\"2272\" data-end=\"2307\">\n<td data-start=\"2272\" data-end=\"2289\" data-col-size=\"sm\">Rozmiar otworu (ID)<\/td>\n<td data-start=\"2289\" data-end=\"2307\" data-col-size=\"md\">12 mm - 100 mm<\/td>\n<\/tr>\n<tr data-start=\"2308\" data-end=\"2360\">\n<td data-start=\"2308\" data-end=\"2323\" data-col-size=\"sm\">Typ obudowy<\/td>\n<td data-start=\"2323\" data-end=\"2360\" data-col-size=\"md\">UCP, UCF, UCFL lub projekty niestandardowe<\/td>\n<\/tr>\n<tr data-start=\"2361\" data-end=\"2402\">\n<td data-start=\"2361\" data-end=\"2373\" data-col-size=\"sm\">Typ obci\u0105\u017cenia<\/td>\n<td data-start=\"2373\" data-end=\"2402\" data-col-size=\"md\">Promieniowy + osiowy (umiarkowany)<\/td>\n<\/tr>\n<tr data-start=\"2403\" data-end=\"2467\">\n<td data-start=\"2403\" data-end=\"2422\" data-col-size=\"sm\">Mo\u017cliwo\u015bci pr\u0119dko\u015bci<\/td>\n<td data-start=\"2422\" data-end=\"2467\" data-col-size=\"md\">\u015arednia pr\u0119dko\u015b\u0107 (zale\u017cna od otworu i obci\u0105\u017cenia)<\/td>\n<\/tr>\n<tr data-start=\"2468\" data-end=\"2511\">\n<td data-start=\"2468\" data-end=\"2492\" data-col-size=\"sm\">Temperatura pracy<\/td>\n<td data-start=\"2492\" data-end=\"2511\" data-col-size=\"md\">-20\u00b0C do +120\u00b0C<\/td>\n<\/tr>\n<tr data-start=\"2512\" data-end=\"2582\">\n<td data-start=\"2512\" data-end=\"2529\" data-col-size=\"sm\">Wk\u0142adka \u0142o\u017cyskowa<\/td>\n<td data-start=\"2529\" data-end=\"2582\" data-col-size=\"md\">\u0141o\u017cysko kulkowe jednorz\u0119dowe \/ wk\u0142adka bary\u0142kowa<\/td>\n<\/tr>\n<tr data-start=\"2583\" data-end=\"2649\">\n<td data-start=\"2583\" data-end=\"2601\" data-col-size=\"sm\">Opcje uszczelnienia<\/td>\n<td data-start=\"2601\" data-end=\"2649\" data-col-size=\"md\">Otwarte \/ 2RS (gumowa uszczelka) \/ ZZ (metalowa os\u0142ona)<\/td>\n<\/tr>\n<tr data-start=\"2650\" data-end=\"2702\">\n<td data-start=\"2650\" data-end=\"2664\" data-col-size=\"sm\">Smarowanie<\/td>\n<td data-start=\"2664\" data-end=\"2702\" data-col-size=\"md\">Smar (standard) \/ Olej (opcjonalnie)<\/td>\n<\/tr>\n<\/tbody>\n<\/table>\n<\/div>\n<\/div>\n<h2 data-start=\"2709\" data-end=\"2745\"><strong data-start=\"2712\" data-end=\"2745\">Reprezentatywne przyk\u0142ady modeli<\/strong><\/h2>\n<div class=\"TyagGW_tableContainer\">\n<div class=\"group TyagGW_tableWrapper flex flex-col-reverse w-fit\" tabindex=\"-1\">\n<table class=\"w-fit min-w-(--thread-content-width)\" data-start=\"2747\" data-end=\"3157\">\n<thead data-start=\"2747\" data-end=\"2788\">\n<tr data-start=\"2747\" data-end=\"2788\">\n<th data-start=\"2747\" data-end=\"2756\" data-col-size=\"sm\">Seria<\/th>\n<th data-start=\"2756\" data-end=\"2773\" data-col-size=\"sm\">Przyk\u0142adowe modele<\/th>\n<th data-start=\"2773\" data-end=\"2788\" data-col-size=\"sm\">Typowe zastosowanie<\/th>\n<\/tr>\n<\/thead>\n<tbody data-start=\"2803\" data-end=\"3157\">\n<tr data-start=\"2803\" data-end=\"2876\">\n<td data-start=\"2803\" data-end=\"2816\" data-col-size=\"sm\">Seria UCP<\/td>\n<td data-start=\"2816\" data-end=\"2841\" data-col-size=\"sm\">UCP205, UCP206, UCP207<\/td>\n<td data-start=\"2841\" data-end=\"2876\" data-col-size=\"sm\">Lekkie i \u015brednie przeno\u015bniki, wentylatory<\/td>\n<\/tr>\n<tr data-start=\"2877\" data-end=\"2944\">\n<td data-start=\"2877\" data-end=\"2890\" data-col-size=\"sm\">Seria UCF<\/td>\n<td data-start=\"2890\" data-end=\"2907\" data-col-size=\"sm\">UCF208, UCF209<\/td>\n<td data-start=\"2907\" data-end=\"2944\" data-col-size=\"sm\">Maszyny ci\u0119\u017ckie, spr\u0119\u017carki<\/td>\n<\/tr>\n<tr data-start=\"2945\" data-end=\"3020\">\n<td data-start=\"2945\" data-end=\"2959\" data-col-size=\"sm\">Seria UCFL<\/td>\n<td data-start=\"2959\" data-end=\"2978\" data-col-size=\"sm\">UCFL210, UCFL211<\/td>\n<td data-start=\"2978\" data-end=\"3020\" data-col-size=\"sm\">Przetwarzanie przemys\u0142owe, linie pakuj\u0105ce<\/td>\n<\/tr>\n<tr data-start=\"3021\" data-end=\"3080\">\n<td data-start=\"3021\" data-end=\"3034\" data-col-size=\"sm\">Seria UCT<\/td>\n<td data-start=\"3034\" data-end=\"3051\" data-col-size=\"sm\">UCT212, UCT213<\/td>\n<td data-start=\"3051\" data-end=\"3080\" data-col-size=\"sm\">G\u00f3rnictwo, prze\u0142adunek materia\u0142\u00f3w<\/td>\n<\/tr>\n<tr data-start=\"3081\" data-end=\"3157\">\n<td data-start=\"3081\" data-end=\"3097\" data-col-size=\"sm\">Seria niestandardowa<\/td>\n<td data-start=\"3097\" data-end=\"3123\" data-col-size=\"sm\">Niestandardowy otw\u00f3r i obudowa<\/td>\n<td data-start=\"3123\" data-end=\"3157\" data-col-size=\"sm\">Specjalne zastosowania maszyn<\/td>\n<\/tr>\n<\/tbody>\n<\/table>\n<\/div>\n<\/div>\n<p data-start=\"3159\" data-end=\"3249\"><strong data-start=\"3159\" data-end=\"3168\">Uwaga:<\/strong> Dodatkowe rozmiary, konstrukcje obud\u00f3w i typy \u0142o\u017cysk s\u0105 dost\u0119pne na \u017c\u0105danie.<\/p>\n<h2 data-start=\"3256\" data-end=\"3279\"><strong data-start=\"3259\" data-end=\"3279\">Dlaczego warto wybra\u0107 Wonzh<\/strong><\/h2>\n<ul data-start=\"3281\" data-end=\"3651\">\n<li data-start=\"3281\" data-end=\"3354\">\n<p data-start=\"3283\" data-end=\"3354\">Wysokiej jako\u015bci \u017celiwna lub stalowa obudowa zapewniaj\u0105ca stabilno\u015b\u0107 i trwa\u0142o\u015b\u0107<\/p>\n<\/li>\n<li data-start=\"3355\" data-end=\"3421\">\n<p data-start=\"3357\" data-end=\"3421\">Precyzyjne \u0142o\u017cyska o niskim tarciu i wyd\u0142u\u017conej \u017cywotno\u015bci<\/p>\n<\/li>\n<li data-start=\"3422\" data-end=\"3483\">\n<p data-start=\"3424\" data-end=\"3483\">Wk\u0142adki samonastawne do kompensacji niewsp\u00f3\u0142osiowo\u015bci wa\u0142u<\/p>\n<\/li>\n<li data-start=\"3484\" data-end=\"3534\">\n<p data-start=\"3486\" data-end=\"3534\">Uszczelnione i otwarte opcje dla trudnych warunk\u00f3w pracy<\/p>\n<\/li>\n<li data-start=\"3535\" data-end=\"3603\">\n<p data-start=\"3537\" data-end=\"3603\">Wsparcie techniczne w zakresie instalacji, wyboru i dostosowywania<\/p>\n<\/li>\n<li data-start=\"3604\" data-end=\"3651\">\n<p data-start=\"3606\" data-end=\"3651\">Niezawodne globalne dostawy i terminowo\u015b\u0107 dostaw<\/p>\n<\/li>\n<\/ul>\n<h2 data-start=\"3658\" data-end=\"3699\"><strong data-start=\"3661\" data-end=\"3697\">Cz\u0119sto zadawane pytania (FAQ)<\/strong><\/h2>\n<h3 data-start=\"3701\" data-end=\"3755\"><strong data-start=\"3705\" data-end=\"3753\">P1: Do czego s\u0142u\u017cy \u0142o\u017cysko blokowe?<\/strong><\/h3>\n<p data-start=\"3756\" data-end=\"3895\">\u0141o\u017cyska blokowe zapewniaj\u0105 wsparcie dla wa\u0142\u00f3w obrotowych w przeno\u015bnikach, wentylatorach, pompach, spr\u0119\u017carkach i og\u00f3lnych maszynach przemys\u0142owych.<\/p>\n<h3 data-start=\"3897\" data-end=\"3955\"><strong data-start=\"3901\" data-end=\"3953\">Q2: Czy \u0142o\u017cyska te mog\u0105 by\u0107 niewsp\u00f3\u0142osiowe?<\/strong><\/h3>\n<p data-start=\"3956\" data-end=\"4072\">Tak. \u0141o\u017cyska blokowe zazwyczaj zawieraj\u0105 wk\u0142adki samonastawne, kt\u00f3re mog\u0105 kompensowa\u0107 niewielkie niewsp\u00f3\u0142osiowo\u015bci wa\u0142u.<\/p>\n<h3 data-start=\"4074\" data-end=\"4121\"><strong data-start=\"4078\" data-end=\"4119\">P3: Jakie rodzaje mieszka\u0144 s\u0105 dost\u0119pne?<\/strong><\/h3>\n<p data-start=\"4122\" data-end=\"4242\">Standardowe typy obejmuj\u0105 serie UCP, UCF, UCFL i UCT. Obudowy niestandardowe s\u0105 dost\u0119pne dla specjalnych zastosowa\u0144 maszynowych.<\/p>\n<h3 data-start=\"4244\" data-end=\"4288\"><strong data-start=\"4248\" data-end=\"4286\">P4: Czy dost\u0119pne s\u0105 uszczelnione \u0142o\u017cyska?<\/strong><\/h3>\n<p data-start=\"4289\" data-end=\"4405\">Tak. Oferujemy opcje uszczelnione (gumowa uszczelka 2RS lub metalowa os\u0142ona ZZ) i otwarte w zale\u017cno\u015bci od \u015brodowiska i zastosowania.<\/p>\n<h3 data-start=\"4407\" data-end=\"4471\"><strong data-start=\"4411\" data-end=\"4469\">P5: Czy mo\u017cna dostosowa\u0107 rozmiary otwor\u00f3w lub materia\u0142y obudowy?<\/strong><\/h3>\n<p data-start=\"4472\" data-end=\"4589\">Tak. Wonzh obs\u0142uguje niestandardowe rozmiary otwor\u00f3w, materia\u0142y obudowy i typy wk\u0142adek, aby spe\u0142ni\u0107 wymagania specyficzne dla aplikacji.<\/p>","protected":false},"excerpt":{"rendered":"<p>\u0141o\u017cyska Pillow Block Bearings dostarczane przez Wonzh to \u0142o\u017cyska montowane, kt\u00f3re zapewniaj\u0105 stabilne i niezawodne wsparcie dla obracaj\u0105cych si\u0119 wa\u0142\u00f3w w maszynach przemys\u0142owych. Zaprojektowane ze zintegrowan\u0105 obudow\u0105 i samonastawn\u0105 wk\u0142adk\u0105 \u0142o\u017cyskow\u0105, oferuj\u0105 \u0142atwo\u015b\u0107 monta\u017cu, wysok\u0105 no\u015bno\u015b\u0107 i stabiln\u0105 prac\u0119 w ci\u0119\u017ckich warunkach.<\/p>","protected":false},"featured_media":1438,"comment_status":"open","ping_status":"closed","template":"","meta":{"site-sidebar-layout":"default","site-content-layout":"","ast-site-content-layout":"default","site-content-style":"default","site-sidebar-style":"default","ast-global-header-display":"","ast-banner-title-visibility":"","ast-main-header-display":"","ast-hfb-above-header-display":"","ast-hfb-below-header-display":"","ast-hfb-mobile-header-display":"","site-post-title":"","ast-breadcrumbs-content":"","ast-featured-img":"","footer-sml-layout":"","ast-disable-related-posts":"","theme-transparent-header-meta":"default","adv-header-id-meta":"","stick-header-meta":"default","header-above-stick-meta":"","header-main-stick-meta":"","header-below-stick-meta":"","astra-migrate-meta-layouts":"set","ast-page-background-enabled":"default","ast-page-background-meta":{"desktop":{"background-color":"","background-image":"","background-repeat":"repeat","background-position":"center center","background-size":"auto","background-attachment":"scroll","background-type":"","background-media":"","overlay-type":"","overlay-color":"","overlay-opacity":"","overlay-gradient":""},"tablet":{"background-color":"","background-image":"","background-repeat":"repeat","background-position":"center center","background-size":"auto","background-attachment":"scroll","background-type":"","background-media":"","overlay-type":"","overlay-color":"","overlay-opacity":"","overlay-gradient":""},"mobile":{"background-color":"","background-image":"","background-repeat":"repeat","background-position":"center center","background-size":"auto","background-attachment":"scroll","background-type":"","background-media":"","overlay-type":"","overlay-color":"","overlay-opacity":"","overlay-gradient":""}},"ast-content-background-meta":{"desktop":{"background-color":"var(--ast-global-color-5)","background-image":"","background-repeat":"repeat","background-position":"center center","background-size":"auto","background-attachment":"scroll","background-type":"","background-media":"","overlay-type":"","overlay-color":"","overlay-opacity":"","overlay-gradient":""},"tablet":{"background-color":"var(--ast-global-color-5)","background-image":"","background-repeat":"repeat","background-position":"center center","background-size":"auto","background-attachment":"scroll","background-type":"","background-media":"","overlay-type":"","overlay-color":"","overlay-opacity":"","overlay-gradient":""},"mobile":{"background-color":"var(--ast-global-color-5)","background-image":"","background-repeat":"repeat","background-position":"center center","background-size":"auto","background-attachment":"scroll","background-type":"","background-media":"","overlay-type":"","overlay-color":"","overlay-opacity":"","overlay-gradient":""}}},"product_brand":[],"product_cat":[15],"product_tag":[140,148,174,172,144,173,139,171,136,167,153,166,149,156,169,170,168],"class_list":{"0":"post-1436","1":"product","2":"type-product","3":"status-publish","4":"has-post-thumbnail","6":"product_cat-bearings-bearing-components","7":"product_tag-aisi-52100-bearing","8":"product_tag-bearing-manufacturer-china","9":"product_tag-compressor-bearing","10":"product_tag-conveyor-bearing","11":"product_tag-custom-bearings","12":"product_tag-fan-bearing","13":"product_tag-gcr15-bearing","14":"product_tag-heavy-machinery-bearing","15":"product_tag-industrial-bearings","16":"product_tag-mounted-bearing","17":"product_tag-oem-bearings","18":"product_tag-pillow-block-bearing","19":"product_tag-precision-bearings","20":"product_tag-self-aligning-bearing","21":"product_tag-ucf-bearing","22":"product_tag-ucfl-bearing","23":"product_tag-ucp-bearing","24":"desktop-align-left","25":"tablet-align-left","26":"mobile-align-left","28":"first","29":"instock","30":"shipping-taxable","31":"product-type-simple"},"_links":{"self":[{"href":"https:\/\/www.wonzh.com\/pl\/wp-json\/wp\/v2\/product\/1436","targetHints":{"allow":["GET"]}}],"collection":[{"href":"https:\/\/www.wonzh.com\/pl\/wp-json\/wp\/v2\/product"}],"about":[{"href":"https:\/\/www.wonzh.com\/pl\/wp-json\/wp\/v2\/types\/product"}],"replies":[{"embeddable":true,"href":"https:\/\/www.wonzh.com\/pl\/wp-json\/wp\/v2\/comments?post=1436"}],"wp:featuredmedia":[{"embeddable":true,"href":"https:\/\/www.wonzh.com\/pl\/wp-json\/wp\/v2\/media\/1438"}],"wp:attachment":[{"href":"https:\/\/www.wonzh.com\/pl\/wp-json\/wp\/v2\/media?parent=1436"}],"wp:term":[{"taxonomy":"product_brand","embeddable":true,"href":"https:\/\/www.wonzh.com\/pl\/wp-json\/wp\/v2\/product_brand?post=1436"},{"taxonomy":"product_cat","embeddable":true,"href":"https:\/\/www.wonzh.com\/pl\/wp-json\/wp\/v2\/product_cat?post=1436"},{"taxonomy":"product_tag","embeddable":true,"href":"https:\/\/www.wonzh.com\/pl\/wp-json\/wp\/v2\/product_tag?post=1436"}],"curies":[{"name":"wp","href":"https:\/\/api.w.org\/{rel}","templated":true}]}}