{"id":1428,"date":"2026-02-02T14:54:21","date_gmt":"2026-02-02T14:54:21","guid":{"rendered":"https:\/\/www.wonzh.com\/?post_type=product&#038;p=1428"},"modified":"2026-02-02T15:07:33","modified_gmt":"2026-02-02T15:07:33","slug":"industrial-tapered-roller-bearings-for-heavy-load-and-high-reliability-applications","status":"publish","type":"product","link":"https:\/\/www.wonzh.com\/pl\/product\/industrial-tapered-roller-bearings-for-heavy-load-and-high-reliability-applications\/","title":{"rendered":"Przemys\u0142owe \u0142o\u017cyska sto\u017ckowe do zastosowa\u0144 wymagaj\u0105cych du\u017cych obci\u0105\u017ce\u0144 i wysokiej niezawodno\u015bci"},"content":{"rendered":"<p data-start=\"588\" data-end=\"902\">\u0141o\u017cyska sto\u017ckowe dostarczane przez Wonzh to precyzyjnie zaprojektowane \u0142o\u017cyska toczne przeznaczone do przenoszenia zar\u00f3wno obci\u0105\u017ce\u0144 promieniowych, jak i osiowych w jednym kierunku. Ze wzgl\u0119du na sto\u017ckow\u0105 geometri\u0119, \u0142o\u017cyska te zapewniaj\u0105 doskona\u0142\u0105 no\u015bno\u015b\u0107, wysok\u0105 sztywno\u015b\u0107 i doskona\u0142\u0105 trwa\u0142o\u015b\u0107 w ci\u0119\u017ckich warunkach pracy.<\/p>\n<p data-start=\"904\" data-end=\"1327\">Produkowane z wysokiej jako\u015bci stali \u0142o\u017cyskowej, takiej jak GCr15 (odpowiednik AISI 52100) i przetwarzane poprzez zaawansowan\u0105 obr\u00f3bk\u0119 ciepln\u0105 i precyzyjne szlifowanie, \u0142o\u017cyska sto\u017ckowe Wonzh zapewniaj\u0105 sta\u0142\u0105 dok\u0142adno\u015b\u0107 wymiarow\u0105, niezawodne dzia\u0142anie i wyd\u0142u\u017con\u0105 \u017cywotno\u015b\u0107. S\u0105 one szeroko stosowane w osiach samochodowych, skrzyniach bieg\u00f3w, maszynach budowlanych, sprz\u0119cie g\u00f3rniczym, przek\u0142adniach przemys\u0142owych i ci\u0119\u017ckich maszynach wiruj\u0105cych.<\/p>\n<p data-start=\"1329\" data-end=\"1611\">Jako do\u015bwiadczony dostawca komponent\u00f3w przemys\u0142owych, Wonzh oferuje zar\u00f3wno standardowe, jak i niestandardowe \u0142o\u017cyska sto\u017ckowe. Nasz zesp\u00f3\u0142 in\u017cynier\u00f3w wspiera klient\u00f3w w doborze odpowiednich rozmiar\u00f3w, prze\u015bwit\u00f3w, materia\u0142\u00f3w i konfiguracji w celu optymalizacji wydajno\u015bci w rzeczywistych zastosowaniach.<\/p>\n<h2 data-start=\"1618\" data-end=\"1637\"><strong data-start=\"1621\" data-end=\"1637\">Kluczowe cechy<\/strong><\/h2>\n<ul data-start=\"1639\" data-end=\"1918\">\n<li data-start=\"1639\" data-end=\"1683\">\n<p data-start=\"1641\" data-end=\"1683\">Doskona\u0142a no\u015bno\u015b\u0107 promieniowa i osiowa<\/p>\n<\/li>\n<li data-start=\"1684\" data-end=\"1726\">\n<p data-start=\"1686\" data-end=\"1726\">Wysoka sztywno\u015b\u0107 i stabilno\u015b\u0107 strukturalna<\/p>\n<\/li>\n<li data-start=\"1727\" data-end=\"1774\">\n<p data-start=\"1729\" data-end=\"1774\">Wysoka odporno\u015b\u0107 na wstrz\u0105sy i obci\u0105\u017cenia udarowe<\/p>\n<\/li>\n<li data-start=\"1775\" data-end=\"1831\">\n<p data-start=\"1777\" data-end=\"1831\">Nadaje si\u0119 do zastosowa\u0144 wymagaj\u0105cych du\u017cych obci\u0105\u017ce\u0144 i wysokiego momentu obrotowego<\/p>\n<\/li>\n<li data-start=\"1832\" data-end=\"1877\">\n<p data-start=\"1834\" data-end=\"1877\">D\u0142uga \u017cywotno\u015b\u0107 przy odpowiednim smarowaniu<\/p>\n<\/li>\n<li data-start=\"1878\" data-end=\"1918\">\n<p data-start=\"1880\" data-end=\"1918\">Dost\u0119pne niestandardowe rozmiary i materia\u0142y<\/p>\n<\/li>\n<\/ul>\n<h2 data-start=\"1925\" data-end=\"1952\"><strong data-start=\"1928\" data-end=\"1952\">Typowe zastosowania<\/strong><\/h2>\n<ul data-start=\"1954\" data-end=\"2180\">\n<li data-start=\"1954\" data-end=\"1989\">\n<p data-start=\"1956\" data-end=\"1989\">Osie samochodowe i piasty k\u00f3\u0142<\/p>\n<\/li>\n<li data-start=\"1990\" data-end=\"2016\">\n<p data-start=\"1992\" data-end=\"2016\">Przek\u0142adnie i reduktory<\/p>\n<\/li>\n<li data-start=\"2017\" data-end=\"2054\">\n<p data-start=\"2019\" data-end=\"2054\">Maszyny g\u00f3rnicze i budowlane<\/p>\n<\/li>\n<li data-start=\"2055\" data-end=\"2083\">\n<p data-start=\"2057\" data-end=\"2083\">Przek\u0142adnie przemys\u0142owe<\/p>\n<\/li>\n<li data-start=\"2084\" data-end=\"2132\">\n<p data-start=\"2086\" data-end=\"2132\">Ci\u0119\u017cki sprz\u0119t i systemy wytwarzania energii<\/p>\n<\/li>\n<li data-start=\"2133\" data-end=\"2180\">\n<p data-start=\"2135\" data-end=\"2180\">Huty stali i urz\u0105dzenia do transportu materia\u0142\u00f3w<\/p>\n<\/li>\n<\/ul>\n<h2 data-start=\"2187\" data-end=\"2239\"><strong data-start=\"2190\" data-end=\"2237\">Parametry techniczne (zakres reprezentatywny)<\/strong><\/h2>\n<div class=\"TyagGW_tableContainer\">\n<div class=\"group TyagGW_tableWrapper flex flex-col-reverse w-fit\" tabindex=\"-1\">\n<table class=\"w-fit min-w-(--thread-content-width)\" data-start=\"2241\" data-end=\"2765\">\n<thead data-start=\"2241\" data-end=\"2278\">\n<tr data-start=\"2241\" data-end=\"2278\">\n<th data-start=\"2241\" data-end=\"2253\" data-col-size=\"sm\">Parametr<\/th>\n<th data-start=\"2253\" data-end=\"2278\" data-col-size=\"md\">Specyfikacja \/ Zakres<\/th>\n<\/tr>\n<\/thead>\n<tbody data-start=\"2289\" data-end=\"2765\">\n<tr data-start=\"2289\" data-end=\"2330\">\n<td data-start=\"2289\" data-end=\"2304\" data-col-size=\"sm\">Typ \u0142o\u017cyska<\/td>\n<td data-col-size=\"md\" data-start=\"2304\" data-end=\"2330\">\u0141o\u017cysko sto\u017ckowe<\/td>\n<\/tr>\n<tr data-start=\"2331\" data-end=\"2398\">\n<td data-start=\"2331\" data-end=\"2342\" data-col-size=\"sm\">Materia\u0142<\/td>\n<td data-col-size=\"md\" data-start=\"2342\" data-end=\"2398\">GCr15 (odpowiednik AISI 52100) lub specjalna stal stopowa<\/td>\n<\/tr>\n<tr data-start=\"2399\" data-end=\"2434\">\n<td data-start=\"2399\" data-end=\"2416\" data-col-size=\"sm\">Rozmiar otworu (ID)<\/td>\n<td data-start=\"2416\" data-end=\"2434\" data-col-size=\"md\">20 mm - 300 mm<\/td>\n<\/tr>\n<tr data-start=\"2435\" data-end=\"2475\">\n<td data-start=\"2435\" data-end=\"2457\" data-col-size=\"sm\">\u015arednica zewn\u0119trzna (OD)<\/td>\n<td data-start=\"2457\" data-end=\"2475\" data-col-size=\"md\">47 mm - 600 mm<\/td>\n<\/tr>\n<tr data-start=\"2476\" data-end=\"2522\">\n<td data-start=\"2476\" data-end=\"2488\" data-col-size=\"sm\">Typ obci\u0105\u017cenia<\/td>\n<td data-start=\"2488\" data-end=\"2522\" data-col-size=\"md\">Promieniowy + osiowy (w jednym kierunku)<\/td>\n<\/tr>\n<tr data-start=\"2523\" data-end=\"2575\">\n<td data-start=\"2523\" data-end=\"2542\" data-col-size=\"sm\">Mo\u017cliwo\u015bci pr\u0119dko\u015bci<\/td>\n<td data-start=\"2542\" data-end=\"2575\" data-col-size=\"md\">\u015arednia pr\u0119dko\u015b\u0107 (zale\u017cna od obci\u0105\u017cenia)<\/td>\n<\/tr>\n<tr data-start=\"2576\" data-end=\"2619\">\n<td data-start=\"2576\" data-end=\"2600\" data-col-size=\"sm\">Temperatura pracy<\/td>\n<td data-start=\"2600\" data-end=\"2619\" data-col-size=\"md\">-20\u00b0C do +120\u00b0C<\/td>\n<\/tr>\n<tr data-start=\"2620\" data-end=\"2669\">\n<td data-start=\"2620\" data-end=\"2632\" data-col-size=\"sm\">Rozliczenie<\/td>\n<td data-start=\"2632\" data-end=\"2669\" data-col-size=\"md\">Mo\u017cliwo\u015b\u0107 dostosowania do aplikacji<\/td>\n<\/tr>\n<tr data-start=\"2670\" data-end=\"2733\">\n<td data-start=\"2670\" data-end=\"2686\" data-col-size=\"sm\">Konfiguracja<\/td>\n<td data-start=\"2686\" data-end=\"2733\" data-col-size=\"md\">Dost\u0119pne w wersji jednorz\u0119dowej, parowanej lub dwurz\u0119dowej<\/td>\n<\/tr>\n<tr data-start=\"2734\" data-end=\"2765\">\n<td data-start=\"2734\" data-end=\"2748\" data-col-size=\"sm\">Smarowanie<\/td>\n<td data-start=\"2748\" data-end=\"2765\" data-col-size=\"md\">Smar lub olej<\/td>\n<\/tr>\n<\/tbody>\n<\/table>\n<\/div>\n<\/div>\n<h2 data-start=\"2772\" data-end=\"2808\"><strong data-start=\"2775\" data-end=\"2808\">Reprezentatywne przyk\u0142ady modeli<\/strong><\/h2>\n<p data-start=\"2810\" data-end=\"2871\"><em data-start=\"2810\" data-end=\"2871\">(Tylko w celach informacyjnych - pe\u0142ny katalog dost\u0119pny na \u017cyczenie).<\/em><\/p>\n<div class=\"TyagGW_tableContainer\">\n<div class=\"group TyagGW_tableWrapper flex flex-col-reverse w-fit\" tabindex=\"-1\">\n<table class=\"w-fit min-w-(--thread-content-width)\" data-start=\"2873\" data-end=\"3217\">\n<thead data-start=\"2873\" data-end=\"2914\">\n<tr data-start=\"2873\" data-end=\"2914\">\n<th data-start=\"2873\" data-end=\"2882\" data-col-size=\"sm\">Seria<\/th>\n<th data-start=\"2882\" data-end=\"2899\" data-col-size=\"sm\">Przyk\u0142adowe modele<\/th>\n<th data-start=\"2899\" data-end=\"2914\" data-col-size=\"sm\">Typowe zastosowanie<\/th>\n<\/tr>\n<\/thead>\n<tbody data-start=\"2929\" data-end=\"3217\">\n<tr data-start=\"2929\" data-end=\"2993\">\n<td data-start=\"2929\" data-end=\"2942\" data-col-size=\"sm\">Seria 302<\/td>\n<td data-start=\"2942\" data-end=\"2964\" data-col-size=\"sm\">30205, 30206, 30208<\/td>\n<td data-start=\"2964\" data-end=\"2993\" data-col-size=\"sm\">Lekkie i \u015brednie maszyny<\/td>\n<\/tr>\n<tr data-start=\"2994\" data-end=\"3050\">\n<td data-start=\"2994\" data-end=\"3007\" data-col-size=\"sm\">Seria 303<\/td>\n<td data-start=\"3007\" data-end=\"3022\" data-col-size=\"sm\">30306, 30308<\/td>\n<td data-start=\"3022\" data-end=\"3050\" data-col-size=\"sm\">Przek\u0142adnie przemys\u0142owe<\/td>\n<\/tr>\n<tr data-start=\"3051\" data-end=\"3103\">\n<td data-start=\"3051\" data-end=\"3064\" data-col-size=\"sm\">Seria 322<\/td>\n<td data-col-size=\"sm\" data-start=\"3064\" data-end=\"3079\">32208, 32210<\/td>\n<td data-col-size=\"sm\" data-start=\"3079\" data-end=\"3103\">Wytrzyma\u0142e skrzynie bieg\u00f3w<\/td>\n<\/tr>\n<tr data-start=\"3104\" data-end=\"3162\">\n<td data-start=\"3104\" data-end=\"3117\" data-col-size=\"sm\">Seria 323<\/td>\n<td data-start=\"3117\" data-end=\"3132\" data-col-size=\"sm\">32308, 32310<\/td>\n<td data-start=\"3132\" data-end=\"3162\" data-col-size=\"sm\">Sprz\u0119t g\u00f3rniczy i stalowy<\/td>\n<\/tr>\n<tr data-start=\"3163\" data-end=\"3217\">\n<td data-start=\"3163\" data-end=\"3176\" data-col-size=\"sm\">Seria 329<\/td>\n<td data-start=\"3176\" data-end=\"3191\" data-col-size=\"sm\">32908, 32910<\/td>\n<td data-start=\"3191\" data-end=\"3217\" data-col-size=\"sm\">Aplikacje o du\u017cym obci\u0105\u017ceniu<\/td>\n<\/tr>\n<\/tbody>\n<\/table>\n<\/div>\n<\/div>\n<p data-start=\"3219\" data-end=\"3311\"><strong data-start=\"3219\" data-end=\"3228\">Uwaga:<\/strong> Dodatkowe rozmiary, materia\u0142y i konfiguracje par s\u0105 dost\u0119pne na \u017cyczenie.<\/p>\n<h2 data-start=\"3318\" data-end=\"3341\"><strong data-start=\"3321\" data-end=\"3341\">Dlaczego warto wybra\u0107 Wonzh<\/strong><\/h2>\n<ul data-start=\"3343\" data-end=\"3637\">\n<li data-start=\"3343\" data-end=\"3407\">\n<p data-start=\"3345\" data-end=\"3407\">\u015acis\u0142a kontrola jako\u015bci od surowca do kontroli ko\u0144cowej<\/p>\n<\/li>\n<li data-start=\"3408\" data-end=\"3460\">\n<p data-start=\"3410\" data-end=\"3460\">Precyzyjna obr\u00f3bka i stabilna sp\u00f3jno\u015b\u0107 partii<\/p>\n<\/li>\n<li data-start=\"3461\" data-end=\"3518\">\n<p data-start=\"3463\" data-end=\"3518\">Wsparcie in\u017cynieryjne w zakresie dopasowywania obci\u0105\u017ce\u0144 i aplikacji<\/p>\n<\/li>\n<li data-start=\"3519\" data-end=\"3580\">\n<p data-start=\"3521\" data-end=\"3580\">Niestandardowe projekty dost\u0119pne dla specjalnych warunk\u00f3w pracy<\/p>\n<\/li>\n<li data-start=\"3581\" data-end=\"3637\">\n<p data-start=\"3583\" data-end=\"3637\">Niezawodny \u0142a\u0144cuch dostaw i globalne mo\u017cliwo\u015bci dostaw<\/p>\n<\/li>\n<\/ul>\n<h2 data-start=\"3644\" data-end=\"3685\"><strong data-start=\"3647\" data-end=\"3683\">Cz\u0119sto zadawane pytania (FAQ)<\/strong><\/h2>\n<h3 data-start=\"3687\" data-end=\"3743\"><strong data-start=\"3691\" data-end=\"3741\">P1: Do czego s\u0142u\u017cy \u0142o\u017cysko sto\u017ckowe?<\/strong><\/h3>\n<p data-start=\"3744\" data-end=\"3917\">\u0141o\u017cyska sto\u017ckowe s\u0105 powszechnie stosowane w osiach samochodowych, skrzyniach bieg\u00f3w, maszynach g\u00f3rniczych i ci\u0119\u017ckim sprz\u0119cie przemys\u0142owym, gdzie wyst\u0119puj\u0105 po\u0142\u0105czone obci\u0105\u017cenia promieniowe i osiowe.<\/p>\n<h3 data-start=\"3919\" data-end=\"3980\"><strong data-start=\"3923\" data-end=\"3978\">P2: Czy \u0142o\u017cyska sto\u017ckowe mog\u0105 przenosi\u0107 du\u017ce obci\u0105\u017cenia?<\/strong><\/h3>\n<p data-start=\"3981\" data-end=\"4110\">Tak. Ze wzgl\u0119du na sto\u017ckow\u0105 konstrukcj\u0119 i du\u017c\u0105 powierzchni\u0119 styku, s\u0105 one szczeg\u00f3lnie odpowiednie do zastosowa\u0144 wymagaj\u0105cych du\u017cych obci\u0105\u017ce\u0144 i uderze\u0144.<\/p>\n<h3 data-start=\"4112\" data-end=\"4156\"><strong data-start=\"4116\" data-end=\"4154\">P3: Czy dost\u0119pne s\u0105 sparowane \u0142o\u017cyska?<\/strong><\/h3>\n<p data-start=\"4157\" data-end=\"4284\">Tak. Mo\u017cemy dostarczy\u0107 \u0142o\u017cyska sto\u017ckowe jednorz\u0119dowe, typu back-to-back, face-to-face lub tandem w zale\u017cno\u015bci od potrzeb aplikacji.<\/p>\n<h3 data-start=\"4286\" data-end=\"4329\"><strong data-start=\"4290\" data-end=\"4327\">P4: Jakie materia\u0142y s\u0105 dost\u0119pne?<\/strong><\/h3>\n<p data-start=\"4330\" data-end=\"4454\">Standardowym materia\u0142em jest GCr15 (odpowiednik AISI 52100). Specjalne gatunki stali stopowej i nierdzewnej mog\u0105 by\u0107 dostarczone na \u017c\u0105danie.<\/p>\n<h3 data-start=\"4456\" data-end=\"4499\"><strong data-start=\"4460\" data-end=\"4497\">P5: Czy wspieracie personalizacj\u0119?<\/strong><\/h3>\n<p data-start=\"4500\" data-end=\"4618\">Tak. Wonzh obs\u0142uguje niestandardowe rozmiary, materia\u0142y, prze\u015bwity i konfiguracje, aby spe\u0142ni\u0107 okre\u015blone wymagania dotycz\u0105ce wydajno\u015bci.<\/p>","protected":false},"excerpt":{"rendered":"<p>\u0141o\u017cyska sto\u017ckowe dostarczane przez Wonzh to precyzyjnie zaprojektowane \u0142o\u017cyska toczne przeznaczone do przenoszenia zar\u00f3wno obci\u0105\u017ce\u0144 promieniowych, jak i osiowych w jednym kierunku. Ze wzgl\u0119du na sto\u017ckow\u0105 geometri\u0119, \u0142o\u017cyska te zapewniaj\u0105 doskona\u0142\u0105 no\u015bno\u015b\u0107, wysok\u0105 sztywno\u015b\u0107 i doskona\u0142\u0105 trwa\u0142o\u015b\u0107 w ci\u0119\u017ckich warunkach pracy.<\/p>","protected":false},"featured_media":1429,"comment_status":"open","ping_status":"closed","template":"","meta":{"site-sidebar-layout":"default","site-content-layout":"","ast-site-content-layout":"default","site-content-style":"default","site-sidebar-style":"default","ast-global-header-display":"","ast-banner-title-visibility":"","ast-main-header-display":"","ast-hfb-above-header-display":"","ast-hfb-below-header-display":"","ast-hfb-mobile-header-display":"","site-post-title":"","ast-breadcrumbs-content":"","ast-featured-img":"","footer-sml-layout":"","ast-disable-related-posts":"","theme-transparent-header-meta":"default","adv-header-id-meta":"","stick-header-meta":"default","header-above-stick-meta":"","header-main-stick-meta":"","header-below-stick-meta":"","astra-migrate-meta-layouts":"set","ast-page-background-enabled":"default","ast-page-background-meta":{"desktop":{"background-color":"","background-image":"","background-repeat":"repeat","background-position":"center center","background-size":"auto","background-attachment":"scroll","background-type":"","background-media":"","overlay-type":"","overlay-color":"","overlay-opacity":"","overlay-gradient":""},"tablet":{"background-color":"","background-image":"","background-repeat":"repeat","background-position":"center center","background-size":"auto","background-attachment":"scroll","background-type":"","background-media":"","overlay-type":"","overlay-color":"","overlay-opacity":"","overlay-gradient":""},"mobile":{"background-color":"","background-image":"","background-repeat":"repeat","background-position":"center center","background-size":"auto","background-attachment":"scroll","background-type":"","background-media":"","overlay-type":"","overlay-color":"","overlay-opacity":"","overlay-gradient":""}},"ast-content-background-meta":{"desktop":{"background-color":"var(--ast-global-color-5)","background-image":"","background-repeat":"repeat","background-position":"center center","background-size":"auto","background-attachment":"scroll","background-type":"","background-media":"","overlay-type":"","overlay-color":"","overlay-opacity":"","overlay-gradient":""},"tablet":{"background-color":"var(--ast-global-color-5)","background-image":"","background-repeat":"repeat","background-position":"center center","background-size":"auto","background-attachment":"scroll","background-type":"","background-media":"","overlay-type":"","overlay-color":"","overlay-opacity":"","overlay-gradient":""},"mobile":{"background-color":"var(--ast-global-color-5)","background-image":"","background-repeat":"repeat","background-position":"center center","background-size":"auto","background-attachment":"scroll","background-type":"","background-media":"","overlay-type":"","overlay-color":"","overlay-opacity":"","overlay-gradient":""}}},"product_brand":[],"product_cat":[15],"product_tag":[140,165,148,144,139,164,157,136,152,158,153,149,163,162],"class_list":{"0":"post-1428","1":"product","2":"type-product","3":"status-publish","4":"has-post-thumbnail","6":"product_cat-bearings-bearing-components","7":"product_tag-aisi-52100-bearing","8":"product_tag-automotive-axle-bearing","9":"product_tag-bearing-manufacturer-china","10":"product_tag-custom-bearings","11":"product_tag-gcr15-bearing","12":"product_tag-gearbox-bearing","13":"product_tag-heavy-load-bearing","14":"product_tag-industrial-bearings","15":"product_tag-industrial-components","16":"product_tag-mining-machinery-bearing","17":"product_tag-oem-bearings","18":"product_tag-precision-bearings","19":"product_tag-radial-and-axial-bearing","20":"product_tag-tapered-roller-bearing","21":"desktop-align-left","22":"tablet-align-left","23":"mobile-align-left","25":"first","26":"instock","27":"shipping-taxable","28":"product-type-simple"},"_links":{"self":[{"href":"https:\/\/www.wonzh.com\/pl\/wp-json\/wp\/v2\/product\/1428","targetHints":{"allow":["GET"]}}],"collection":[{"href":"https:\/\/www.wonzh.com\/pl\/wp-json\/wp\/v2\/product"}],"about":[{"href":"https:\/\/www.wonzh.com\/pl\/wp-json\/wp\/v2\/types\/product"}],"replies":[{"embeddable":true,"href":"https:\/\/www.wonzh.com\/pl\/wp-json\/wp\/v2\/comments?post=1428"}],"wp:featuredmedia":[{"embeddable":true,"href":"https:\/\/www.wonzh.com\/pl\/wp-json\/wp\/v2\/media\/1429"}],"wp:attachment":[{"href":"https:\/\/www.wonzh.com\/pl\/wp-json\/wp\/v2\/media?parent=1428"}],"wp:term":[{"taxonomy":"product_brand","embeddable":true,"href":"https:\/\/www.wonzh.com\/pl\/wp-json\/wp\/v2\/product_brand?post=1428"},{"taxonomy":"product_cat","embeddable":true,"href":"https:\/\/www.wonzh.com\/pl\/wp-json\/wp\/v2\/product_cat?post=1428"},{"taxonomy":"product_tag","embeddable":true,"href":"https:\/\/www.wonzh.com\/pl\/wp-json\/wp\/v2\/product_tag?post=1428"}],"curies":[{"name":"wp","href":"https:\/\/api.w.org\/{rel}","templated":true}]}}