{"id":1424,"date":"2026-02-02T14:35:53","date_gmt":"2026-02-02T14:35:53","guid":{"rendered":"https:\/\/www.wonzh.com\/?post_type=product&#038;p=1424"},"modified":"2026-02-02T14:35:54","modified_gmt":"2026-02-02T14:35:54","slug":"industrial-deep-groove-ball-bearings-for-heavy-machinery-motors-and-pumps","status":"publish","type":"product","link":"https:\/\/www.wonzh.com\/pl\/product\/industrial-deep-groove-ball-bearings-for-heavy-machinery-motors-and-pumps\/","title":{"rendered":"Przemys\u0142owe \u0142o\u017cyska kulkowe poprzeczne do ci\u0119\u017ckich maszyn, silnik\u00f3w i pomp"},"content":{"rendered":"<p data-start=\"684\" data-end=\"1058\">\u0141o\u017cyska kulkowe zwyk\u0142e dostarczane przez Wonzh to precyzyjnie zaprojektowane \u0142o\u017cyska poprzeczne zaprojektowane do przenoszenia zar\u00f3wno obci\u0105\u017ce\u0144 promieniowych, jak i umiarkowanych obci\u0105\u017ce\u0144 osiowych w szybkich i ci\u0119\u017ckich zastosowaniach przemys\u0142owych. Produkowane zgodnie z rygorystycznymi procesami kontroli jako\u015bci opartymi na normach ISO, \u0142o\u017cyska te zapewniaj\u0105 stabilny obr\u00f3t, niskie tarcie i doskona\u0142\u0105 trwa\u0142o\u015b\u0107 w wymagaj\u0105cych \u015brodowiskach pracy.<\/p>\n<p data-start=\"1060\" data-end=\"1424\">Dzi\u0119ki zoptymalizowanej obr\u00f3bce cieplnej, precyzyjnemu szlifowaniu i wysokiej jako\u015bci stali \u0142o\u017cyskowej, takiej jak GCr15 (odpowiednik AISI 52100), \u0142o\u017cyska kulkowe zwyk\u0142e Wonzh osi\u0105gaj\u0105 sta\u0142\u0105 dok\u0142adno\u015b\u0107 wymiarow\u0105, p\u0142ynn\u0105 prac\u0119 i wyd\u0142u\u017con\u0105 \u017cywotno\u015b\u0107. S\u0105 one szeroko stosowane w silnikach elektrycznych, pompach, skrzyniach bieg\u00f3w, spr\u0119\u017carkach, systemach przeno\u015bnik\u00f3w i og\u00f3lnych maszynach przemys\u0142owych.<\/p>\n<p data-start=\"1426\" data-end=\"1747\">Jako do\u015bwiadczony dostawca komponent\u00f3w przemys\u0142owych, Wonzh zapewnia zar\u00f3wno standardowe \u0142o\u017cyska, jak i niestandardowe rozwi\u0105zania spe\u0142niaj\u0105ce okre\u015blone wymagania dotycz\u0105ce obci\u0105\u017cenia, pr\u0119dko\u015bci, temperatury i \u015brodowiska. Nasz zesp\u00f3\u0142 in\u017cynier\u00f3w wspiera dob\u00f3r materia\u0142\u00f3w, opcji uszczelnie\u0144 i optymalizacj\u0119 wydajno\u015bci w oparciu o rzeczywiste warunki zastosowania.<\/p>\n<h2 data-start=\"1754\" data-end=\"1773\"><strong data-start=\"1757\" data-end=\"1773\">Kluczowe cechy<\/strong><\/h2>\n<ul data-start=\"1775\" data-end=\"2039\">\n<li data-start=\"1775\" data-end=\"1817\">\n<p data-start=\"1777\" data-end=\"1817\">Wysoka dok\u0142adno\u015b\u0107 i stabilno\u015b\u0107 obrotu<\/p>\n<\/li>\n<li data-start=\"1818\" data-end=\"1858\">\n<p data-start=\"1820\" data-end=\"1858\">Niskie tarcie i mniejsze straty energii<\/p>\n<\/li>\n<li data-start=\"1859\" data-end=\"1900\">\n<p data-start=\"1861\" data-end=\"1900\">Wysoka odporno\u015b\u0107 na zu\u017cycie i zm\u0119czenie<\/p>\n<\/li>\n<li data-start=\"1901\" data-end=\"1951\">\n<p data-start=\"1903\" data-end=\"1951\">Nadaje si\u0119 do zastosowa\u0144 o \u015bredniej i du\u017cej pr\u0119dko\u015bci<\/p>\n<\/li>\n<li data-start=\"1952\" data-end=\"1994\">\n<p data-start=\"1954\" data-end=\"1994\">Wiele opcji uszczelniania i ekranowania<\/p>\n<\/li>\n<li data-start=\"1995\" data-end=\"2039\">\n<p data-start=\"1997\" data-end=\"2039\">Dost\u0119pne niestandardowe materia\u0142y i prze\u015bwit<\/p>\n<\/li>\n<\/ul>\n<h2 data-start=\"2046\" data-end=\"2073\"><strong data-start=\"2049\" data-end=\"2073\">Typowe zastosowania<\/strong><\/h2>\n<ul data-start=\"2075\" data-end=\"2262\">\n<li data-start=\"2075\" data-end=\"2094\">\n<p data-start=\"2077\" data-end=\"2094\">Silniki elektryczne<\/p>\n<\/li>\n<li data-start=\"2095\" data-end=\"2120\">\n<p data-start=\"2097\" data-end=\"2120\">Pompy i spr\u0119\u017carki<\/p>\n<\/li>\n<li data-start=\"2121\" data-end=\"2145\">\n<p data-start=\"2123\" data-end=\"2145\">Przek\u0142adnie przemys\u0142owe<\/p>\n<\/li>\n<li data-start=\"2146\" data-end=\"2183\">\n<p data-start=\"2148\" data-end=\"2183\">Sprz\u0119t g\u00f3rniczy i budowlany<\/p>\n<\/li>\n<li data-start=\"2184\" data-end=\"2219\">\n<p data-start=\"2186\" data-end=\"2219\">Systemy przeno\u015bnik\u00f3w i automatyzacji<\/p>\n<\/li>\n<li data-start=\"2220\" data-end=\"2262\">\n<p data-start=\"2222\" data-end=\"2262\">Maszyny ci\u0119\u017ckie i przenoszenie mocy<\/p>\n<\/li>\n<\/ul>\n<h2 data-start=\"2269\" data-end=\"2321\"><strong data-start=\"2272\" data-end=\"2319\">Parametry techniczne (zakres reprezentatywny)<\/strong><\/h2>\n<div class=\"TyagGW_tableContainer\">\n<div class=\"group TyagGW_tableWrapper flex flex-col-reverse w-fit\" tabindex=\"-1\">\n<table class=\"w-fit min-w-(--thread-content-width)\" data-start=\"2323\" data-end=\"2835\">\n<thead data-start=\"2323\" data-end=\"2360\">\n<tr data-start=\"2323\" data-end=\"2360\">\n<th data-start=\"2323\" data-end=\"2335\" data-col-size=\"sm\">Parametr<\/th>\n<th data-start=\"2335\" data-end=\"2360\" data-col-size=\"md\">Specyfikacja \/ Zakres<\/th>\n<\/tr>\n<\/thead>\n<tbody data-start=\"2371\" data-end=\"2835\">\n<tr data-start=\"2371\" data-end=\"2414\">\n<td data-start=\"2371\" data-end=\"2386\" data-col-size=\"sm\">Typ \u0142o\u017cyska<\/td>\n<td data-start=\"2386\" data-end=\"2414\" data-col-size=\"md\">\u0141o\u017cysko kulkowe zwyk\u0142e<\/td>\n<\/tr>\n<tr data-start=\"2415\" data-end=\"2478\">\n<td data-start=\"2415\" data-end=\"2426\" data-col-size=\"sm\">Materia\u0142<\/td>\n<td data-start=\"2426\" data-end=\"2478\" data-col-size=\"md\">GCr15 (odpowiednik AISI 52100) lub stal nierdzewna<\/td>\n<\/tr>\n<tr data-start=\"2479\" data-end=\"2514\">\n<td data-start=\"2479\" data-end=\"2496\" data-col-size=\"sm\">Rozmiar otworu (ID)<\/td>\n<td data-start=\"2496\" data-end=\"2514\" data-col-size=\"md\">10 mm - 200 mm<\/td>\n<\/tr>\n<tr data-start=\"2515\" data-end=\"2555\">\n<td data-start=\"2515\" data-end=\"2537\" data-col-size=\"sm\">\u015arednica zewn\u0119trzna (OD)<\/td>\n<td data-start=\"2537\" data-end=\"2555\" data-col-size=\"md\">26 mm - 360 mm<\/td>\n<\/tr>\n<tr data-start=\"2556\" data-end=\"2595\">\n<td data-start=\"2556\" data-end=\"2568\" data-col-size=\"sm\">Typ obci\u0105\u017cenia<\/td>\n<td data-start=\"2568\" data-end=\"2595\" data-col-size=\"md\">Promieniowy + Umiarkowany osiowy<\/td>\n<\/tr>\n<tr data-start=\"2596\" data-end=\"2639\">\n<td data-start=\"2596\" data-end=\"2615\" data-col-size=\"sm\">Mo\u017cliwo\u015bci pr\u0119dko\u015bci<\/td>\n<td data-start=\"2615\" data-end=\"2639\" data-col-size=\"md\">\u015arednia do wysokiej pr\u0119dko\u015bci<\/td>\n<\/tr>\n<tr data-start=\"2640\" data-end=\"2683\">\n<td data-start=\"2640\" data-end=\"2664\" data-col-size=\"sm\">Temperatura pracy<\/td>\n<td data-col-size=\"md\" data-start=\"2664\" data-end=\"2683\">-20\u00b0C do +120\u00b0C<\/td>\n<\/tr>\n<tr data-start=\"2684\" data-end=\"2736\">\n<td data-start=\"2684\" data-end=\"2705\" data-col-size=\"sm\">Prze\u015bwit wewn\u0119trzny<\/td>\n<td data-start=\"2705\" data-end=\"2736\" data-col-size=\"md\">C2 \/ C3 \/ C4 (z mo\u017cliwo\u015bci\u0105 dostosowania)<\/td>\n<\/tr>\n<tr data-start=\"2737\" data-end=\"2803\">\n<td data-start=\"2737\" data-end=\"2755\" data-col-size=\"sm\">Opcje uszczelnienia<\/td>\n<td data-col-size=\"md\" data-start=\"2755\" data-end=\"2803\">Otwarte \/ ZZ (metalowa os\u0142ona) \/ 2RS (gumowa uszczelka)<\/td>\n<\/tr>\n<tr data-start=\"2804\" data-end=\"2835\">\n<td data-start=\"2804\" data-end=\"2818\" data-col-size=\"sm\">Smarowanie<\/td>\n<td data-col-size=\"md\" data-start=\"2818\" data-end=\"2835\">Smar lub olej<\/td>\n<\/tr>\n<\/tbody>\n<\/table>\n<\/div>\n<\/div>\n<h2 data-start=\"2842\" data-end=\"2878\"><strong data-start=\"2845\" data-end=\"2878\">Reprezentatywne przyk\u0142ady modeli<\/strong><\/h2>\n<p data-start=\"2880\" data-end=\"2941\"><em data-start=\"2880\" data-end=\"2941\">(Tylko w celach informacyjnych - pe\u0142ny katalog dost\u0119pny na \u017cyczenie).<\/em><\/p>\n<div class=\"TyagGW_tableContainer\">\n<div class=\"group TyagGW_tableWrapper flex flex-col-reverse w-fit\" tabindex=\"-1\">\n<table class=\"w-fit min-w-(--thread-content-width)\" data-start=\"2943\" data-end=\"3253\">\n<thead data-start=\"2943\" data-end=\"2984\">\n<tr data-start=\"2943\" data-end=\"2984\">\n<th data-start=\"2943\" data-end=\"2952\" data-col-size=\"sm\">Seria<\/th>\n<th data-start=\"2952\" data-end=\"2969\" data-col-size=\"sm\">Przyk\u0142adowe modele<\/th>\n<th data-start=\"2969\" data-end=\"2984\" data-col-size=\"sm\">Typowe zastosowanie<\/th>\n<\/tr>\n<\/thead>\n<tbody data-start=\"2999\" data-end=\"3253\">\n<tr data-start=\"2999\" data-end=\"3049\">\n<td data-start=\"2999\" data-end=\"3013\" data-col-size=\"sm\">Seria 6000<\/td>\n<td data-col-size=\"sm\" data-start=\"3013\" data-end=\"3032\">6205, 6206, 6208<\/td>\n<td data-col-size=\"sm\" data-start=\"3032\" data-end=\"3049\">Silniki, pompy<\/td>\n<\/tr>\n<tr data-start=\"3050\" data-end=\"3102\">\n<td data-start=\"3050\" data-end=\"3064\" data-col-size=\"sm\">Seria 6300<\/td>\n<td data-start=\"3064\" data-end=\"3083\" data-col-size=\"sm\">6306, 6308, 6310<\/td>\n<td data-col-size=\"sm\" data-start=\"3083\" data-end=\"3102\">Maszyny ci\u0119\u017ckie<\/td>\n<\/tr>\n<tr data-start=\"3103\" data-end=\"3154\">\n<td data-start=\"3103\" data-end=\"3117\" data-col-size=\"sm\">Seria 6400<\/td>\n<td data-start=\"3117\" data-end=\"3130\" data-col-size=\"sm\">6405, 6406<\/td>\n<td data-start=\"3130\" data-end=\"3154\" data-col-size=\"sm\">Szybki sprz\u0119t<\/td>\n<\/tr>\n<tr data-start=\"3155\" data-end=\"3206\">\n<td data-start=\"3155\" data-end=\"3169\" data-col-size=\"sm\">Seria 6800<\/td>\n<td data-col-size=\"sm\" data-start=\"3169\" data-end=\"3182\">6804, 6806<\/td>\n<td data-col-size=\"sm\" data-start=\"3182\" data-end=\"3206\">Aplikacje kompaktowe<\/td>\n<\/tr>\n<tr data-start=\"3207\" data-end=\"3253\">\n<td data-start=\"3207\" data-end=\"3221\" data-col-size=\"sm\">Seria 6900<\/td>\n<td data-start=\"3221\" data-end=\"3234\" data-col-size=\"sm\">6905, 6906<\/td>\n<td data-start=\"3234\" data-end=\"3253\" data-col-size=\"sm\">Lekkie maszyny<\/td>\n<\/tr>\n<\/tbody>\n<\/table>\n<\/div>\n<\/div>\n<p data-start=\"3255\" data-end=\"3351\"><strong data-start=\"3255\" data-end=\"3264\">Uwaga:<\/strong> Dodatkowe rozmiary, materia\u0142y i niestandardowe specyfikacje s\u0105 dost\u0119pne na \u017cyczenie.<\/p>\n<h2 data-start=\"3358\" data-end=\"3381\"><strong data-start=\"3361\" data-end=\"3381\">Dlaczego warto wybra\u0107 Wonzh<\/strong><\/h2>\n<ul data-start=\"3383\" data-end=\"3665\">\n<li data-start=\"3383\" data-end=\"3447\">\n<p data-start=\"3385\" data-end=\"3447\">\u015acis\u0142a kontrola jako\u015bci od surowca do kontroli ko\u0144cowej<\/p>\n<\/li>\n<li data-start=\"3448\" data-end=\"3504\">\n<p data-start=\"3450\" data-end=\"3504\">Precyzyjna produkcja i stabilna sp\u00f3jno\u015b\u0107 partii<\/p>\n<\/li>\n<li data-start=\"3505\" data-end=\"3553\">\n<p data-start=\"3507\" data-end=\"3553\">Wsparcie in\u017cynieryjne w zakresie dopasowywania aplikacji<\/p>\n<\/li>\n<li data-start=\"3554\" data-end=\"3608\">\n<p data-start=\"3556\" data-end=\"3608\">Dost\u0119pna niestandardowa konstrukcja i specjalne specyfikacje<\/p>\n<\/li>\n<li data-start=\"3609\" data-end=\"3665\">\n<p data-start=\"3611\" data-end=\"3665\">Niezawodny \u0142a\u0144cuch dostaw i globalne mo\u017cliwo\u015bci dostaw<\/p>\n<\/li>\n<\/ul>\n<h2 data-start=\"3672\" data-end=\"3713\"><strong data-start=\"3675\" data-end=\"3711\">Cz\u0119sto zadawane pytania (FAQ)<\/strong><\/h2>\n<h3 data-start=\"3715\" data-end=\"3773\"><strong data-start=\"3719\" data-end=\"3771\">P1: Do czego s\u0142u\u017cy \u0142o\u017cysko kulkowe zwyk\u0142e?<\/strong><\/h3>\n<p data-start=\"3774\" data-end=\"3987\">\u0141o\u017cyska kulkowe zwyk\u0142e s\u0105 szeroko stosowane w silnikach elektrycznych, pompach, skrzyniach bieg\u00f3w, przeno\u015bnikach, spr\u0119\u017carkach i og\u00f3lnych maszynach przemys\u0142owych, poniewa\u017c mog\u0105 przenosi\u0107 zar\u00f3wno obci\u0105\u017cenia promieniowe, jak i umiarkowane obci\u0105\u017cenia osiowe przy du\u017cych pr\u0119dko\u015bciach.<\/p>\n<h3 data-start=\"3989\" data-end=\"4032\"><strong data-start=\"3993\" data-end=\"4030\">P2: Jakie materia\u0142y s\u0105 dost\u0119pne?<\/strong><\/h3>\n<p data-start=\"4033\" data-end=\"4188\">Standardowym materia\u0142em jest wysokiej jako\u015bci stal \u0142o\u017cyskowa (odpowiednik GCr15 \/ AISI 52100). Na \u017cyczenie dost\u0119pne s\u0105 r\u00f3wnie\u017c opcje ze stali nierdzewnej i specjalnych stop\u00f3w.<\/p>\n<h3 data-start=\"4190\" data-end=\"4238\"><strong data-start=\"4194\" data-end=\"4236\">P3: Jakie opcje uszczelnie\u0144 oferujecie?<\/strong><\/h3>\n<p data-start=\"4239\" data-end=\"4358\">Oferujemy \u0142o\u017cyska otwarte, os\u0142oni\u0119te metalem (ZZ) i uszczelnione gum\u0105 (2RS), aby dopasowa\u0107 je do r\u00f3\u017cnych \u015brodowisk pracy.<\/p>\n<h3 data-start=\"4360\" data-end=\"4410\"><strong data-start=\"4364\" data-end=\"4408\">P4: Czy mo\u017cesz dostarczy\u0107 niestandardowe \u0142o\u017cyska?<\/strong><\/h3>\n<p data-start=\"4411\" data-end=\"4561\">Tak. Wonzh obs\u0142uguje niestandardowe rozmiary otwor\u00f3w, luzy wewn\u0119trzne (C2\/C3\/C4), specjalne pow\u0142oki i modyfikacje materia\u0142\u00f3w w oparciu o wymagania aplikacji.<\/p>\n<h3 data-start=\"4563\" data-end=\"4624\"><strong data-start=\"4567\" data-end=\"4622\">P5: Czy s\u0105 one odpowiednie do zastosowa\u0144 wymagaj\u0105cych du\u017cej pr\u0119dko\u015bci?<\/strong><\/h3>\n<p data-start=\"4625\" data-end=\"4758\">Tak. Odpowiednio nasmarowane \u0142o\u017cyska kulkowe zwyk\u0142e s\u0105 jednym z najlepszych wybor\u00f3w do zastosowa\u0144 przemys\u0142owych o \u015brednich i du\u017cych pr\u0119dko\u015bciach.<\/p>","protected":false},"excerpt":{"rendered":"<p>\u0141o\u017cyska kulkowe zwyk\u0142e dostarczane przez Wonzh to precyzyjnie zaprojektowane \u0142o\u017cyska poprzeczne zaprojektowane do przenoszenia zar\u00f3wno obci\u0105\u017ce\u0144 promieniowych, jak i umiarkowanych obci\u0105\u017ce\u0144 osiowych w szybkich i ci\u0119\u017ckich zastosowaniach przemys\u0142owych.<\/p>","protected":false},"featured_media":1425,"comment_status":"open","ping_status":"closed","template":"","meta":{"site-sidebar-layout":"default","site-content-layout":"","ast-site-content-layout":"default","site-content-style":"default","site-sidebar-style":"default","ast-global-header-display":"","ast-banner-title-visibility":"","ast-main-header-display":"","ast-hfb-above-header-display":"","ast-hfb-below-header-display":"","ast-hfb-mobile-header-display":"","site-post-title":"","ast-breadcrumbs-content":"","ast-featured-img":"","footer-sml-layout":"","ast-disable-related-posts":"","theme-transparent-header-meta":"default","adv-header-id-meta":"","stick-header-meta":"default","header-above-stick-meta":"","header-main-stick-meta":"","header-below-stick-meta":"","astra-migrate-meta-layouts":"set","ast-page-background-enabled":"default","ast-page-background-meta":{"desktop":{"background-color":"","background-image":"","background-repeat":"repeat","background-position":"center center","background-size":"auto","background-attachment":"scroll","background-type":"","background-media":"","overlay-type":"","overlay-color":"","overlay-opacity":"","overlay-gradient":""},"tablet":{"background-color":"","background-image":"","background-repeat":"repeat","background-position":"center center","background-size":"auto","background-attachment":"scroll","background-type":"","background-media":"","overlay-type":"","overlay-color":"","overlay-opacity":"","overlay-gradient":""},"mobile":{"background-color":"","background-image":"","background-repeat":"repeat","background-position":"center center","background-size":"auto","background-attachment":"scroll","background-type":"","background-media":"","overlay-type":"","overlay-color":"","overlay-opacity":"","overlay-gradient":""}},"ast-content-background-meta":{"desktop":{"background-color":"var(--ast-global-color-5)","background-image":"","background-repeat":"repeat","background-position":"center center","background-size":"auto","background-attachment":"scroll","background-type":"","background-media":"","overlay-type":"","overlay-color":"","overlay-opacity":"","overlay-gradient":""},"tablet":{"background-color":"var(--ast-global-color-5)","background-image":"","background-repeat":"repeat","background-position":"center center","background-size":"auto","background-attachment":"scroll","background-type":"","background-media":"","overlay-type":"","overlay-color":"","overlay-opacity":"","overlay-gradient":""},"mobile":{"background-color":"var(--ast-global-color-5)","background-image":"","background-repeat":"repeat","background-position":"center center","background-size":"auto","background-attachment":"scroll","background-type":"","background-media":"","overlay-type":"","overlay-color":"","overlay-opacity":"","overlay-gradient":""}}},"product_brand":[],"product_cat":[15],"product_tag":[141,140,148,144,135,139,145,138,136,152,150,151,146,154,153,143,149,147,137,142],"class_list":{"0":"post-1424","1":"product","2":"type-product","3":"status-publish","4":"has-post-thumbnail","6":"product_cat-bearings-bearing-components","7":"product_tag-2rs-bearing","8":"product_tag-aisi-52100-bearing","9":"product_tag-bearing-manufacturer-china","10":"product_tag-custom-bearings","11":"product_tag-deep-groove-ball-bearing","12":"product_tag-gcr15-bearing","13":"product_tag-heavy-machinery-bearings","14":"product_tag-high-speed-bearings","15":"product_tag-industrial-bearings","16":"product_tag-industrial-components","17":"product_tag-iso-quality-bearings","18":"product_tag-low-friction-bearings","19":"product_tag-motor-bearings","20":"product_tag-mro-bearings","21":"product_tag-oem-bearings","22":"product_tag-open-bearing","23":"product_tag-precision-bearings","24":"product_tag-pump-bearings","25":"product_tag-radial-bearings","26":"product_tag-zz-bearing","27":"desktop-align-left","28":"tablet-align-left","29":"mobile-align-left","31":"first","32":"instock","33":"shipping-taxable","34":"product-type-simple"},"_links":{"self":[{"href":"https:\/\/www.wonzh.com\/pl\/wp-json\/wp\/v2\/product\/1424","targetHints":{"allow":["GET"]}}],"collection":[{"href":"https:\/\/www.wonzh.com\/pl\/wp-json\/wp\/v2\/product"}],"about":[{"href":"https:\/\/www.wonzh.com\/pl\/wp-json\/wp\/v2\/types\/product"}],"replies":[{"embeddable":true,"href":"https:\/\/www.wonzh.com\/pl\/wp-json\/wp\/v2\/comments?post=1424"}],"wp:featuredmedia":[{"embeddable":true,"href":"https:\/\/www.wonzh.com\/pl\/wp-json\/wp\/v2\/media\/1425"}],"wp:attachment":[{"href":"https:\/\/www.wonzh.com\/pl\/wp-json\/wp\/v2\/media?parent=1424"}],"wp:term":[{"taxonomy":"product_brand","embeddable":true,"href":"https:\/\/www.wonzh.com\/pl\/wp-json\/wp\/v2\/product_brand?post=1424"},{"taxonomy":"product_cat","embeddable":true,"href":"https:\/\/www.wonzh.com\/pl\/wp-json\/wp\/v2\/product_cat?post=1424"},{"taxonomy":"product_tag","embeddable":true,"href":"https:\/\/www.wonzh.com\/pl\/wp-json\/wp\/v2\/product_tag?post=1424"}],"curies":[{"name":"wp","href":"https:\/\/api.w.org\/{rel}","templated":true}]}}