{"id":1923,"date":"2026-02-16T03:42:16","date_gmt":"2026-02-16T03:42:16","guid":{"rendered":"https:\/\/www.wonzh.com\/?post_type=product&#038;p=1923"},"modified":"2026-02-16T04:08:22","modified_gmt":"2026-02-16T04:08:22","slug":"high-strength-alloy-wire-rope-for-heavy-lifting","status":"publish","type":"product","link":"https:\/\/www.wonzh.com\/ko\/product\/high-strength-alloy-wire-rope-for-heavy-lifting\/","title":{"rendered":"\ubb34\uac70\uc6b4 \uc9d0\uc744 \ub4e4\uc5b4 \uc62c\ub9ac\ub294 \uace0\uac15\ub3c4 \ud569\uae08 \uc640\uc774\uc5b4 \ub85c\ud504"},"content":{"rendered":"<p data-start=\"215\" data-end=\"667\">\ub2f9\uc0ac\uc758 \uace0\uac15\ub3c4 \ud569\uae08 \uc640\uc774\uc5b4 \ub85c\ud504\ub294 \uae4c\ub2e4\ub85c\uc6b4 \uc0b0\uc5c5\uc6a9 \ub9ac\ud504\ud305, \ud638\uc774\uc2a4\ud305 \ubc0f \ub9ac\uae45 \uc560\ud50c\ub9ac\ucf00\uc774\uc158\uc744 \uc704\ud574 \uc124\uacc4\ub418\uc5c8\uc2b5\ub2c8\ub2e4. \ud504\ub9ac\ubbf8\uc5c4 \ud569\uae08\uac15\uc73c\ub85c \uc81c\uc791\ub418\uc5b4 \uc778\uc7a5 \uac15\ub3c4\uac00 \uc6b0\uc218\ud558\uace0 \ud53c\ub85c \uc800\ud56d\uc131\uc774 \ub6f0\uc5b4\ub098\uba70 \uadf9\ud55c\uc758 \ud558\uc911\uc5d0\uc11c\ub3c4 \uae34 \uc218\uba85\uc744 \uc81c\uacf5\ud569\ub2c8\ub2e4. \uace0\uac15\ub3c4 \uc791\uc5c5\uc744 \uc704\ud574 \uc124\uacc4\ub41c \uc774 \uc640\uc774\uc5b4 \ub85c\ud504\ub294 \uc0b0\uc5c5, \uac74\uc124, \ud574\uc591 \ubc0f \uad11\uc5c5 \ubd84\uc57c\uc5d0\uc11c \ucd5c\ub300\uc758 \uc548\uc804\uacfc \uc2e0\ub8b0\uc131\uc744 \ubcf4\uc7a5\ud569\ub2c8\ub2e4.<\/p>\n<p data-start=\"669\" data-end=\"1001\">\uace0\uac15\ub3c4 \ud569\uae08\uac15 \ucf54\uc5b4\ub294 \uc720\uc5f0\uc131\uacfc \ud0c4\ub825\uc131\uc744 \uc720\uc9c0\ud558\uba74\uc11c \ub6f0\uc5b4\ub09c \ud558\uc911 \uc9c0\uc9c0\ub825\uc744 \uc81c\uacf5\ud569\ub2c8\ub2e4. \ubaa8\ub4e0 \ub85c\ud504\ub294 \uc5c4\uaca9\ud55c \ud488\uc9c8 \uad00\ub9ac \uae30\uc900\uc5d0 \ub530\ub77c \uc81c\uc870\ub418\uc5b4 \uad6d\uc81c \uc548\uc804 \ubc0f \uc131\ub2a5 \uc694\uac74\uc744 \ucda9\uc871\ud558\ubbc0\ub85c \ub9ac\ud504\ud305 \ubc0f \ub9ac\uae45 \uc0b0\uc5c5 \uc804\ubb38\uac00\uc5d0\uac8c \uc2e0\ub8b0\ud560 \uc218 \uc788\ub294 \uc194\ub8e8\uc158\uc785\ub2c8\ub2e4.<\/p>\n<hr data-start=\"1003\" data-end=\"1006\" \/>\n<h3 data-start=\"1008\" data-end=\"1031\"><strong data-start=\"1012\" data-end=\"1029\">\uc8fc\uc694 \uae30\ub2a5:<\/strong><\/h3>\n<ul data-start=\"1032\" data-end=\"1439\">\n<li data-start=\"1032\" data-end=\"1104\">\n<p data-start=\"1034\" data-end=\"1104\">\uac15\ub3c4\uc640 \ub0b4\uad6c\uc131\uc744 \uadf9\ub300\ud654\ud558\ub294 \ud504\ub9ac\ubbf8\uc5c4 \ud569\uae08\uac15 \uad6c\uc870<\/p>\n<\/li>\n<li data-start=\"1105\" data-end=\"1169\">\n<p data-start=\"1107\" data-end=\"1169\">\ubb34\uac70\uc6b4 \ud558\uc911\uc744 \uacac\ub514\ub294 \ub192\uc740 \uc778\uc7a5 \uac15\ub3c4 \ubc0f \ub0b4\ud53c\ub85c\uc131<\/p>\n<\/li>\n<li data-start=\"1170\" data-end=\"1234\">\n<p data-start=\"1172\" data-end=\"1234\">\uc9c0\uc18d\uc801\uc778 \uacfc\uc911\ud55c \uc791\uc5c5\uc5d0\ub3c4 \uae34 \uc218\uba85 \ubcf4\uc7a5<\/p>\n<\/li>\n<li data-start=\"1235\" data-end=\"1308\">\n<p data-start=\"1237\" data-end=\"1308\">\ud06c\ub808\uc778, \ud638\uc774\uc2a4\ud2b8 \ubc0f \uc0b0\uc5c5 \uae30\uacc4\uc5d0 \uc801\ud569\ud55c \uc720\uc5f0\ud55c \uc124\uacc4<\/p>\n<\/li>\n<li data-start=\"1309\" data-end=\"1377\">\n<p data-start=\"1311\" data-end=\"1377\">\uad6d\uc81c \ub9ac\ud504\ud305 \ubc0f \ub9ac\uae45 \uc548\uc804 \ud45c\uc900 \uc900\uc218<\/p>\n<\/li>\n<li data-start=\"1378\" data-end=\"1439\">\n<p data-start=\"1380\" data-end=\"1439\">\ub9c8\ubaa8, \ubcc0\ud615 \ubc0f \uae30\uacc4\uc801 \uc2a4\ud2b8\ub808\uc2a4\uc5d0 \uac15\ud568<\/p>\n<\/li>\n<\/ul>\n<hr data-start=\"1441\" data-end=\"1444\" \/>\n<h3 data-start=\"1446\" data-end=\"1480\"><strong data-start=\"1450\" data-end=\"1478\">\uae30\uc220 \uc0ac\uc591<\/strong><\/h3>\n<div class=\"TyagGW_tableContainer\">\n<div class=\"group TyagGW_tableWrapper flex flex-col-reverse w-fit\" tabindex=\"-1\">\n<table class=\"w-fit min-w-(--thread-content-width)\" data-start=\"1482\" data-end=\"2176\">\n<thead data-start=\"1482\" data-end=\"1519\">\n<tr data-start=\"1482\" data-end=\"1519\">\n<th class=\"\" data-start=\"1482\" data-end=\"1494\" data-col-size=\"sm\">\ub9e4\uac1c\ubcc0\uc218<\/th>\n<th class=\"\" data-start=\"1494\" data-end=\"1510\" data-col-size=\"md\">\uc0ac\uc591<\/th>\n<th class=\"\" data-start=\"1510\" data-end=\"1519\" data-col-size=\"md\">\ucc38\uace0<\/th>\n<\/tr>\n<\/thead>\n<tbody data-start=\"1558\" data-end=\"2176\">\n<tr data-start=\"1558\" data-end=\"1639\">\n<td data-start=\"1558\" data-end=\"1569\" data-col-size=\"sm\">\uc7ac\ub8cc<\/td>\n<td data-start=\"1569\" data-end=\"1591\" data-col-size=\"md\">\ud504\ub9ac\ubbf8\uc5c4 \ud569\uae08\uac15<\/td>\n<td data-start=\"1591\" data-end=\"1639\" data-col-size=\"md\">\ub192\uc740 \uc778\uc7a5 \uac15\ub3c4 \ubc0f \ub0b4\ud53c\ub85c\uc131<\/td>\n<\/tr>\n<tr data-start=\"1640\" data-end=\"1718\">\n<td data-start=\"1640\" data-end=\"1657\" data-col-size=\"sm\">\uc9c1\uacbd \ubc94\uc704<\/td>\n<td data-start=\"1657\" data-end=\"1672\" data-col-size=\"md\">8mm - 36mm<\/td>\n<td data-start=\"1672\" data-end=\"1718\" data-col-size=\"md\">\ud45c\uc900 \ud06c\uae30, \ub9de\ucda4\ud615 \uc9c0\ub984 \uc0ac\uc6a9 \uac00\ub2a5<\/td>\n<\/tr>\n<tr data-start=\"1719\" data-end=\"1807\">\n<td data-start=\"1719\" data-end=\"1734\" data-col-size=\"sm\">\uac74\uc124<\/td>\n<td data-col-size=\"md\" data-start=\"1734\" data-end=\"1767\">6\u00d719, 6\u00d736, 7\u00d719, 1\u00d719 \uac00\ub2e5<\/td>\n<td data-col-size=\"md\" data-start=\"1767\" data-end=\"1807\">\uc720\uc5f0 \ub610\ub294 \ubc18\uac15\uccb4 \uad6c\uc870<\/td>\n<\/tr>\n<tr data-start=\"1808\" data-end=\"1881\">\n<td data-start=\"1808\" data-end=\"1824\" data-col-size=\"sm\">\ubd80\ud558 \ucc28\ub2e8<\/td>\n<td data-start=\"1824\" data-end=\"1839\" data-col-size=\"md\">2 - 150\ud1a4<\/td>\n<td data-start=\"1839\" data-end=\"1881\" data-col-size=\"md\">\uc9c1\uacbd \ubc0f \uad6c\uc870\uc5d0 \ub530\ub77c \ub2e4\ub984<\/td>\n<\/tr>\n<tr data-start=\"1882\" data-end=\"1962\">\n<td data-start=\"1882\" data-end=\"1892\" data-col-size=\"sm\">\ucf54\ud305<\/td>\n<td data-start=\"1892\" data-end=\"1929\" data-col-size=\"md\">\uc544\uc5f0 \ub3c4\uae08 \ub610\ub294 PVC \ucf54\ud305 \uc635\uc158<\/td>\n<td data-start=\"1929\" data-end=\"1962\" data-col-size=\"md\">\ub0b4\uc2dd\uc131 \ud5a5\uc0c1<\/td>\n<\/tr>\n<tr data-start=\"1963\" data-end=\"2056\">\n<td data-start=\"1963\" data-end=\"1983\" data-col-size=\"sm\">\uc628\ub3c4 \ubc94\uc704<\/td>\n<td data-start=\"1983\" data-end=\"2001\" data-col-size=\"md\">-40\u00b0C ~ +150\u00b0C<\/td>\n<td data-start=\"2001\" data-end=\"2056\" data-col-size=\"md\">\ucf54\ud305\uc5d0 \ub530\ub77c \ub2e4\ub974\uba70 \uadf9\ud55c \uc870\uac74\uc5d0 \uc801\ud569<\/td>\n<\/tr>\n<tr data-start=\"2057\" data-end=\"2176\">\n<td data-start=\"2057\" data-end=\"2072\" data-col-size=\"sm\">\uc560\ud50c\ub9ac\ucf00\uc774\uc158<\/td>\n<td data-start=\"2072\" data-end=\"2128\" data-col-size=\"md\">\ud5e4\ube44 \ub9ac\ud504\ud305, \ud06c\ub808\uc778, \uac74\uc124, \ud574\uc591, \uad11\uc5c5<\/td>\n<td data-start=\"2128\" data-end=\"2176\" data-col-size=\"md\">\uae4c\ub2e4\ub85c\uc6b4 \uc0b0\uc5c5 \uc6b4\uc601\uc744 \uc704\ud55c \uc124\uacc4<\/td>\n<\/tr>\n<\/tbody>\n<\/table>\n<\/div>\n<\/div>\n<blockquote data-start=\"2178\" data-end=\"2285\">\n<p data-start=\"2180\" data-end=\"2285\"><strong data-start=\"2180\" data-end=\"2189\">\ucc38\uace0:<\/strong> \ud2b9\uc218\ud55c \uc694\uad6c \uc0ac\ud56d\uc744 \ucda9\uc871\ud558\uae30 \uc704\ud574 \ub9de\ucda4\ud615 \uc9c1\uacbd, \uad6c\uc870 \ubc0f \ucf54\ud305\uc744 \uc0ac\uc6a9\ud560 \uc218 \uc788\uc2b5\ub2c8\ub2e4.<\/p>\n<\/blockquote>\n<hr data-start=\"2287\" data-end=\"2290\" \/>\n<h3 data-start=\"2292\" data-end=\"2323\"><strong data-start=\"2296\" data-end=\"2321\">\uc77c\ubc18\uc801\uc778 \uc560\ud50c\ub9ac\ucf00\uc774\uc158:<\/strong><\/h3>\n<ul data-start=\"2324\" data-end=\"2598\">\n<li data-start=\"2324\" data-end=\"2373\">\n<p data-start=\"2326\" data-end=\"2373\">\uc0b0\uc5c5\uc6a9 \ud06c\ub808\uc778 \ubc0f \uc911\uc7a5\ube44 \ub9ac\ud504\ud305<\/p>\n<\/li>\n<li data-start=\"2374\" data-end=\"2427\">\n<p data-start=\"2376\" data-end=\"2427\">\uac74\uc124 \ud604\uc7a5 \ub9ac\ud504\ud305 \ubc0f \ub9ac\uae45 \uc791\uc5c5<\/p>\n<\/li>\n<li data-start=\"2428\" data-end=\"2470\">\n<p data-start=\"2430\" data-end=\"2470\">\ud574\uc591 \ub9ac\ud504\ud305 \ubc0f \ud574\uc591 \uc791\uc5c5<\/p>\n<\/li>\n<li data-start=\"2471\" data-end=\"2525\">\n<p data-start=\"2473\" data-end=\"2525\">\ucc44\uad74 \uc791\uc5c5 \ubc0f \uace0\uac15\ub3c4 \uc790\uc7ac \ucde8\uae09<\/p>\n<\/li>\n<li data-start=\"2526\" data-end=\"2598\">\n<p data-start=\"2528\" data-end=\"2598\">\uace0\ud558\uc911, \uace0\uac15\ub3c4 \ub9ac\ud504\ud305 \uc194\ub8e8\uc158\uc774 \ud544\uc694\ud55c \ubaa8\ub4e0 \uc560\ud50c\ub9ac\ucf00\uc774\uc158<\/p>\n<\/li>\n<\/ul>\n<hr data-start=\"2600\" data-end=\"2603\" \/>\n<h3 data-start=\"2605\" data-end=\"2656\"><strong data-start=\"2609\" data-end=\"2654\">\uc65c \uace0\uac15\ub3c4 \ud569\uae08 \uc640\uc774\uc5b4 \ub85c\ud504\ub97c \uc120\ud0dd\ud574\uc57c \ud560\uae4c\uc694?<\/strong><\/h3>\n<p data-start=\"2657\" data-end=\"3096\">\uace0\uac15\ub3c4 \ud569\uae08 \uc640\uc774\uc5b4 \ub85c\ud504\ub294 \ub2e4\uc74c\uacfc \uac19\uc740 \uc644\ubcbd\ud55c \uade0\ud615\uc744 \uc81c\uacf5\ud569\ub2c8\ub2e4. <strong data-start=\"2724\" data-end=\"2778\">\ud558\uc911 \uc9c0\uc9c0\ub825, \uc720\uc5f0\uc131 \ubc0f \ub0b4\uad6c\uc131<\/strong>. \ud45c\uc900 \uac15\ucca0 \ub85c\ud504\uc640 \ub2ec\ub9ac \ud569\uae08 \uc131\ubd84\uc740 \ud53c\ub85c\uc5d0 \ub300\ud55c \uc800\ud56d\ub825\uc744 \ud5a5\uc0c1\uc2dc\ud0a4\uace0 \ubc18\ubcf5\uc801\uc778 \uc751\ub825 \ud558\uc5d0\uc11c \uace0\uc7a5 \uc704\ud5d8\uc744 \uc904\uc774\uba70 \uae4c\ub2e4\ub85c\uc6b4 \ud658\uacbd\uc5d0\uc11c\ub3c4 \uc0ac\uc6a9 \uc218\uba85\uc744 \uc5f0\uc7a5\ud569\ub2c8\ub2e4. \uc774\ub7ec\ud55c \ud2b9\uc9d5 \ub355\ubd84\uc5d0 \uadf9\ud55c\uc758 \ud558\uc911\uacfc \uc870\uac74\uc5d0\uc11c \uc548\uc815\uc801\uc778 \uc131\ub2a5\uc744 \ud544\uc694\ub85c \ud558\ub294 \uc5d4\uc9c0\ub2c8\uc5b4\uc640 \uc791\uc5c5\uc790\uc5d0\uac8c \uc774\uc0c1\uc801\uc785\ub2c8\ub2e4.<\/p>\n<hr data-start=\"3098\" data-end=\"3101\" \/>\n<h3 data-start=\"3103\" data-end=\"3145\"><strong data-start=\"3107\" data-end=\"3143\">\uc790\uc8fc \ubb3b\ub294 \uc9c8\ubb38(FAQ)<\/strong><\/h3>\n<p data-start=\"3147\" data-end=\"3457\"><strong data-start=\"3147\" data-end=\"3230\">Q1: \uace0\uac15\ub3c4 \ud569\uae08 \uc640\uc774\uc5b4 \ub85c\ud504\ub294 \uc77c\ubc18 \uac15\ucca0 \uc640\uc774\uc5b4 \ub85c\ud504\uc640 \uc5b4\ub5bb\uac8c \ub2e4\ub985\ub2c8\uae4c?<\/strong><br data-start=\"3230\" data-end=\"3233\" \/>A: \ud569\uae08 \uc640\uc774\uc5b4 \ub85c\ud504\ub294 \ud2b9\uc218 \uac15\ucca0 \ud569\uae08\uc73c\ub85c \ub9cc\ub4e4\uc5b4\uc838 \uc778\uc7a5 \uac15\ub3c4, \ub0b4\ud53c\ub85c\uc131, \ud558\uc911 \uc6a9\ub7c9\uc774 \uc99d\uac00\ud569\ub2c8\ub2e4. \uc77c\ubc18 \uac15\ucca0 \uc640\uc774\uc5b4 \ub85c\ud504\ub294 \ubb34\uac70\uc6b4 \ud558\uc911\uc744 \ubc1b\uc73c\uba74 \ub9c8\ubaa8, \ubcc0\ud615 \ubc0f \uace0\uc7a5\uc774 \ubc1c\uc0dd\ud558\uae30 \uc27d\uc2b5\ub2c8\ub2e4.<\/p>\n<p data-start=\"3459\" data-end=\"3739\"><strong data-start=\"3459\" data-end=\"3518\">Q2: \uc774 \uc640\uc774\uc5b4 \ub85c\ud504\ub294 \uadf9\ud55c \ud658\uacbd\uc5d0\uc11c\ub3c4 \uc0ac\uc6a9\ud560 \uc218 \uc788\ub098\uc694?<\/strong><br data-start=\"3518\" data-end=\"3521\" \/>A: \uc608. \uc544\uc5f0 \ub3c4\uae08 \ub610\ub294 PVC\uc640 \uac19\uc740 \uc635\uc158 \ucf54\ud305\uc744 \ud1b5\ud574 \uc640\uc774\uc5b4 \ub85c\ud504\ub294 \ub192\uc740 \uc2b5\ub3c4, \uc2e4\uc678 \ub178\ucd9c, \ud574\uc591 \uc870\uac74 \ubc0f \ub192\uc740 \uae30\uacc4\uc801 \uc2a4\ud2b8\ub808\uc2a4\ub97c \uacac\ub51c \uc218 \uc788\uc2b5\ub2c8\ub2e4. \uc628\ub3c4\uc5d0 \uac15\ud55c \ubcc0\ud615\ub3c4 \uc0ac\uc6a9\ud560 \uc218 \uc788\uc2b5\ub2c8\ub2e4.<\/p>\n<p data-start=\"3741\" data-end=\"4109\"><strong data-start=\"3741\" data-end=\"3822\">Q3: \uc560\ud50c\ub9ac\ucf00\uc774\uc158\uc5d0 \uc801\ud569\ud55c \uc9c1\uacbd\uacfc \uad6c\uc870\ub97c \uc120\ud0dd\ud558\ub824\uba74 \uc5b4\ub5bb\uac8c \ud574\uc57c \ud558\ub098\uc694?<\/strong><br data-start=\"3822\" data-end=\"3825\" \/>A: \ud544\uc694\ud55c \ud30c\ub2e8 \ud558\uc911, \uad7d\ud798 \ubc18\uacbd \ubc0f \uc791\ub3d9 \uc870\uac74\uc5d0 \ub530\ub77c \uc120\ud0dd\ud574\uc57c \ud569\ub2c8\ub2e4. 6\u00d719, 6\u00d736 \ub610\ub294 7\u00d719\uc640 \uac19\uc740 \ud45c\uc900 \uad6c\uc870\ub294 \ub300\ubd80\ubd84\uc758 \uace0\uac15\ub3c4 \uc791\uc5c5\uc5d0 \uc801\ud569\ud569\ub2c8\ub2e4. \uadf9\ud55c \ud558\uc911\uc774\ub098 \ud2b9\uc218\ud55c \uc791\uc5c5\uc744 \uc704\ud55c \ub9de\ucda4\ud615 \uad6c\uc131\uc740 \uc81c\uc870\uc5c5\uccb4\uc5d0 \ubb38\uc758\ud558\uc138\uc694.<\/p>\n<hr data-start=\"4111\" data-end=\"4114\" \/>\n<p data-start=\"4116\" data-end=\"4369\">\uc774 <strong data-start=\"4121\" data-end=\"4154\">\uace0\uac15\ub3c4 \ud569\uae08 \uc640\uc774\uc5b4 \ub85c\ud504<\/strong> \ub294 \uc804\ubb38\uac00\ub97c \uc704\ud55c \ucd5c\uc801\uc758 \uc194\ub8e8\uc158\uc785\ub2c8\ub2e4. <strong data-start=\"4205\" data-end=\"4266\">\uc548\uc815\uc801\uc774\uace0 \ub0b4\uad6c\uc131\uc774 \ub6f0\uc5b4\ub09c \uace0\uc131\ub2a5 \ub9ac\ud504\ud305 \uc7a5\ube44<\/strong>. \uc801\uc808\ud55c \uc120\ud0dd, \uc124\uce58 \ubc0f \uc720\uc9c0\ubcf4\uc218\ub97c \ud1b5\ud574 \uc7a5\uae30\uc801\uc778 \uc6b4\uc601 \uc548\uc804\uacfc \ud6a8\uc728\uc131\uc744 \ubcf4\uc7a5\ud569\ub2c8\ub2e4.<\/p>","protected":false},"excerpt":{"rendered":"<p>\ub2f9\uc0ac\uc758 \uace0\uac15\ub3c4 \ud569\uae08 \uc640\uc774\uc5b4 \ub85c\ud504\ub294 \uae4c\ub2e4\ub85c\uc6b4 \uc0b0\uc5c5\uc6a9 \ub9ac\ud504\ud305, \ud638\uc774\uc2a4\ud305 \ubc0f \ub9ac\uae45 \uc560\ud50c\ub9ac\ucf00\uc774\uc158\uc744 \uc704\ud574 \uc124\uacc4\ub418\uc5c8\uc2b5\ub2c8\ub2e4. \ud504\ub9ac\ubbf8\uc5c4 \ud569\uae08\uac15\uc73c\ub85c \uc81c\uc791\ub418\uc5b4 \uc778\uc7a5 \uac15\ub3c4\uac00 \uc6b0\uc218\ud558\uace0 \ud53c\ub85c \uc800\ud56d\uc131\uc774 \ub6f0\uc5b4\ub098\uba70 \uadf9\ud55c\uc758 \ud558\uc911\uc5d0\uc11c\ub3c4 \uae34 \uc218\uba85\uc744 \uc81c\uacf5\ud569\ub2c8\ub2e4.<\/p>","protected":false},"featured_media":1929,"comment_status":"open","ping_status":"closed","template":"","meta":{"site-sidebar-layout":"default","site-content-layout":"","ast-site-content-layout":"default","site-content-style":"default","site-sidebar-style":"default","ast-global-header-display":"","ast-banner-title-visibility":"","ast-main-header-display":"","ast-hfb-above-header-display":"","ast-hfb-below-header-display":"","ast-hfb-mobile-header-display":"","site-post-title":"","ast-breadcrumbs-content":"","ast-featured-img":"","footer-sml-layout":"","ast-disable-related-posts":"","theme-transparent-header-meta":"default","adv-header-id-meta":"","stick-header-meta":"default","header-above-stick-meta":"","header-main-stick-meta":"","header-below-stick-meta":"","astra-migrate-meta-layouts":"set","ast-page-background-enabled":"default","ast-page-background-meta":{"desktop":{"background-color":"","background-image":"","background-repeat":"repeat","background-position":"center center","background-size":"auto","background-attachment":"scroll","background-type":"","background-media":"","overlay-type":"","overlay-color":"","overlay-opacity":"","overlay-gradient":""},"tablet":{"background-color":"","background-image":"","background-repeat":"repeat","background-position":"center center","background-size":"auto","background-attachment":"scroll","background-type":"","background-media":"","overlay-type":"","overlay-color":"","overlay-opacity":"","overlay-gradient":""},"mobile":{"background-color":"","background-image":"","background-repeat":"repeat","background-position":"center center","background-size":"auto","background-attachment":"scroll","background-type":"","background-media":"","overlay-type":"","overlay-color":"","overlay-opacity":"","overlay-gradient":""}},"ast-content-background-meta":{"desktop":{"background-color":"var(--ast-global-color-5)","background-image":"","background-repeat":"repeat","background-position":"center center","background-size":"auto","background-attachment":"scroll","background-type":"","background-media":"","overlay-type":"","overlay-color":"","overlay-opacity":"","overlay-gradient":""},"tablet":{"background-color":"var(--ast-global-color-5)","background-image":"","background-repeat":"repeat","background-position":"center center","background-size":"auto","background-attachment":"scroll","background-type":"","background-media":"","overlay-type":"","overlay-color":"","overlay-opacity":"","overlay-gradient":""},"mobile":{"background-color":"var(--ast-global-color-5)","background-image":"","background-repeat":"repeat","background-position":"center center","background-size":"auto","background-attachment":"scroll","background-type":"","background-media":"","overlay-type":"","overlay-color":"","overlay-opacity":"","overlay-gradient":""}}},"product_brand":[],"product_cat":[22],"product_tag":[1639,1642,256,1645,1644,1646,1638,1647,1643,1637,1632,119,1641,1640,1627,1633],"class_list":{"0":"post-1923","1":"product","2":"type-product","3":"status-publish","4":"has-post-thumbnail","6":"product_cat-wire-rope-lifting-accessories","7":"product_tag-alloy-steel-wire-rope","8":"product_tag-construction-wire-rope","9":"product_tag-crane-wire-rope","10":"product_tag-durable-wire-rope","11":"product_tag-fatigue-resistant-wire-rope","12":"product_tag-galvanized-wire-rope","13":"product_tag-heavy-lifting-wire-rope","14":"product_tag-heavy-duty-lifting-equipment","15":"product_tag-high-load-wire-rope","16":"product_tag-high-strength-alloy-wire-rope","17":"product_tag-hoisting-wire-rope","18":"product_tag-industrial-wire-rope","19":"product_tag-mining-wire-rope","20":"product_tag-offshore-wire-rope","21":"product_tag-pvc-coated-wire-rope","22":"product_tag-rigging-wire-rope","23":"desktop-align-left","24":"tablet-align-left","25":"mobile-align-left","27":"first","28":"instock","29":"shipping-taxable","30":"product-type-simple"},"_links":{"self":[{"href":"https:\/\/www.wonzh.com\/ko\/wp-json\/wp\/v2\/product\/1923","targetHints":{"allow":["GET"]}}],"collection":[{"href":"https:\/\/www.wonzh.com\/ko\/wp-json\/wp\/v2\/product"}],"about":[{"href":"https:\/\/www.wonzh.com\/ko\/wp-json\/wp\/v2\/types\/product"}],"replies":[{"embeddable":true,"href":"https:\/\/www.wonzh.com\/ko\/wp-json\/wp\/v2\/comments?post=1923"}],"wp:featuredmedia":[{"embeddable":true,"href":"https:\/\/www.wonzh.com\/ko\/wp-json\/wp\/v2\/media\/1929"}],"wp:attachment":[{"href":"https:\/\/www.wonzh.com\/ko\/wp-json\/wp\/v2\/media?parent=1923"}],"wp:term":[{"taxonomy":"product_brand","embeddable":true,"href":"https:\/\/www.wonzh.com\/ko\/wp-json\/wp\/v2\/product_brand?post=1923"},{"taxonomy":"product_cat","embeddable":true,"href":"https:\/\/www.wonzh.com\/ko\/wp-json\/wp\/v2\/product_cat?post=1923"},{"taxonomy":"product_tag","embeddable":true,"href":"https:\/\/www.wonzh.com\/ko\/wp-json\/wp\/v2\/product_tag?post=1923"}],"curies":[{"name":"wp","href":"https:\/\/api.w.org\/{rel}","templated":true}]}}