{"id":1460,"date":"2026-02-03T14:39:17","date_gmt":"2026-02-03T14:39:17","guid":{"rendered":"https:\/\/www.wonzh.com\/?post_type=product&#038;p=1460"},"modified":"2026-02-05T09:03:15","modified_gmt":"2026-02-05T09:03:15","slug":"wire-rope-sling-for-lifting-rigging-and-heavy-duty-industrial-handling","status":"publish","type":"product","link":"https:\/\/www.wonzh.com\/ko\/product\/wire-rope-sling-for-lifting-rigging-and-heavy-duty-industrial-handling\/","title":{"rendered":"\ub9ac\ud504\ud305, \ub9ac\uae45 \ubc0f \uc911\uc7a5\ube44 \uc0b0\uc5c5 \ucde8\uae09\uc744 \uc704\ud55c \uc640\uc774\uc5b4 \ub85c\ud504 \uc2ac\ub9c1"},"content":{"rendered":"<p data-start=\"582\" data-end=\"931\">\uc6d0\uc988\uc5d0\uc11c \uacf5\uae09\ud558\ub294 \uc640\uc774\uc5b4 \ub85c\ud504 \uc2ac\ub9c1\uc740 \uace0\uac15\ub3c4 \uac15\ucca0 \uc640\uc774\uc5b4 \ub85c\ud504\uc640 \ub2e8\ub2e8\ud788 \uc885\ub2e8\ub41c \uc5d4\ub4dc \ud53c\ud305\uc73c\ub85c \uc804\ubb38\uc801\uc73c\ub85c \uc81c\uc791\ub41c \ub9ac\ud504\ud305 \uc5b4\uc148\ube14\ub9ac\uc785\ub2c8\ub2e4. \uc548\uc804\ud558\uace0 \uc548\uc815\uc801\uc778 \ud558\uc911 \ucc98\ub9ac\ub97c \uc704\ud574 \uc124\uacc4\ub41c \uc774 \uc2ac\ub9c1\uc740 \ud06c\ub808\uc778, \ud638\uc774\uc2a4\ud2b8, \ub9ac\uae45 \uc791\uc5c5, \uac74\uc124 \ud604\uc7a5, \uad11\uc0b0, \ud56d\ub9cc \ubc0f \uc911\uc7a5\ube44 \uc124\uce58\uc5d0 \ub110\ub9ac \uc0ac\uc6a9\ub429\ub2c8\ub2e4.<\/p>\n<p data-start=\"933\" data-end=\"1388\">\ub2f9\uc0ac\uc758 \uc640\uc774\uc5b4 \ub85c\ud504 \uc2ac\ub9c1\uc740 \ud658\uacbd \ub178\ucd9c \ubc0f \ubd80\uc2dd \uc694\uac74\uc5d0 \ub530\ub77c \uc544\uc5f0 \ub3c4\uae08 \uac15\ucca0 \uc640\uc774\uc5b4 \ub85c\ud504 \ub610\ub294 \uc2a4\ud14c\uc778\ub9ac\uc2a4 \uc2a4\ud2f8 \uc640\uc774\uc5b4 \ub85c\ud504\ub97c \uc0ac\uc6a9\ud558\uc5ec \uc81c\uc870\ub429\ub2c8\ub2e4. \uac01 \uc2ac\ub9c1\uc740 \uad6c\uc870\uc801 \ubb34\uacb0\uc131, \ud558\uc911 \uc548\uc815\uc131 \ubc0f \uc7a5\uae30\uc801\uc778 \ub0b4\uad6c\uc131\uc744 \ubcf4\uc7a5\ud558\uae30 \uc704\ud574 \uc815\ubc00\ud558\uac8c \uc2a4\uc6e8\uc774\uc9c0 \ub610\ub294 \ud504\ub808\uc2a4 \uac00\uacf5\ub41c \ud398\ub8f0, \uace8\ubb34 \ubc0f \ud53c\ud305\uc73c\ub85c \uc870\ub9bd\ub429\ub2c8\ub2e4. \ubaa8\ub4e0 \uc2ac\ub9c1\uc740 \uad6d\uc81c \ub9ac\ud504\ud305 \uc548\uc804 \ud45c\uc900\uc744 \ucda9\uc871\ud558\uae30 \uc704\ud574 \uc5c4\uaca9\ud55c \ud488\uc9c8 \uad00\ub9ac \uc808\ucc28\uc5d0 \ub530\ub77c \uc0dd\uc0b0\ub429\ub2c8\ub2e4.<\/p>\n<p data-start=\"1390\" data-end=\"1698\">\uc219\ub828\ub41c \uc0b0\uc5c5 \uacf5\uae09\uc5c5\uccb4\uc778 \uc6d0\uc988\ub294 \ub2e4\uc591\ud55c \uad6c\uc131, \uae38\uc774, \uc9c1\uacbd \ubc0f \ub05d\ub2e8 \uc885\ub2e8\uc744 \ud3ec\ud568\ud55c \ud45c\uc900 \ubc0f \ub9de\ucda4\ud615 \uc640\uc774\uc5b4 \ub85c\ud504 \uc2ac\ub9c1\uc744 \uc81c\uacf5\ud569\ub2c8\ub2e4. \ub2f9\uc0ac\uc758 \uae30\uc220\ud300\uc740 \uc2e4\uc81c \uc801\uc6a9 \uc870\uac74\uc5d0 \ub530\ub77c \uc2ac\ub9c1 \uc720\ud615, \uc548\uc804 \uacc4\uc218 \ubc0f \uc791\uc5c5 \ud558\uc911 \uc81c\ud55c(WLL)\uc744 \uc120\ud0dd\ud560 \uc218 \uc788\ub3c4\ub85d \uc9c0\uc6d0\ud569\ub2c8\ub2e4.<\/p>\n<h2 data-start=\"1705\" data-end=\"1724\"><strong data-start=\"1708\" data-end=\"1724\">\uc8fc\uc694 \uae30\ub2a5<\/strong><\/h2>\n<ul data-start=\"1726\" data-end=\"2062\">\n<li data-start=\"1726\" data-end=\"1781\">\n<p data-start=\"1728\" data-end=\"1781\">\ub192\uc740 \ubd80\ud558 \uc6a9\ub7c9\uacfc \ub6f0\uc5b4\ub09c \ub0b4\ud53c\ub85c\uc131<\/p>\n<\/li>\n<li data-start=\"1782\" data-end=\"1826\">\n<p data-start=\"1784\" data-end=\"1826\">\uc548\uc804\ud55c \ub9ac\ud504\ud305\uc744 \uc704\ud55c \uc548\uc804\ud55c \uc5d4\ub4dc \uc885\ub2e8<\/p>\n<\/li>\n<li data-start=\"1827\" data-end=\"1894\">\n<p data-start=\"1829\" data-end=\"1894\">\ubd80\uc2dd \ubc29\uc9c0 \uc635\uc158 \uc0ac\uc6a9 \uac00\ub2a5(\uc544\uc5f0 \ub3c4\uae08 \ub610\ub294 \uc2a4\ud14c\uc778\ub9ac\uc2a4)<\/p>\n<\/li>\n<li data-start=\"1895\" data-end=\"1951\">\n<p data-start=\"1897\" data-end=\"1951\">\ub3d9\uc801 \ubc0f \uc815\uc801 \ub9ac\ud504\ud305 \uc560\ud50c\ub9ac\ucf00\uc774\uc158\uc5d0 \uc801\ud569<\/p>\n<\/li>\n<li data-start=\"1952\" data-end=\"2005\">\n<p data-start=\"1954\" data-end=\"2005\">\ub9de\ucda4\ud615 \uae38\uc774, \uc9c1\uacbd \ubc0f \ud53c\ud305 \uc0ac\uc6a9 \uac00\ub2a5<\/p>\n<\/li>\n<li data-start=\"2006\" data-end=\"2062\">\n<p data-start=\"2008\" data-end=\"2062\">\uc8fc\uc694 \uad6d\uc81c \ub9ac\ud504\ud305 \ud45c\uc900 \uc900\uc218<\/p>\n<\/li>\n<\/ul>\n<h2 data-start=\"2069\" data-end=\"2096\"><strong data-start=\"2072\" data-end=\"2096\">\uc77c\ubc18\uc801\uc778 \uc560\ud50c\ub9ac\ucf00\uc774\uc158<\/strong><\/h2>\n<ul data-start=\"2098\" data-end=\"2359\">\n<li data-start=\"2098\" data-end=\"2127\">\n<p data-start=\"2100\" data-end=\"2127\">\ud06c\ub808\uc778 \ub9ac\ud504\ud305 \ubc0f \ub9ac\uae45<\/p>\n<\/li>\n<li data-start=\"2128\" data-end=\"2159\">\n<p data-start=\"2130\" data-end=\"2159\">\ud56d\ub9cc \ubc0f \ubc30\uc1a1 \ud130\ubbf8\ub110<\/p>\n<\/li>\n<li data-start=\"2160\" data-end=\"2204\">\n<p data-start=\"2162\" data-end=\"2204\">\uac74\uc124 \ubc0f \uc778\ud504\ub77c \ud504\ub85c\uc81d\ud2b8<\/p>\n<\/li>\n<li data-start=\"2205\" data-end=\"2234\">\n<p data-start=\"2207\" data-end=\"2234\">\uad11\uc5c5 \ubc0f \uc911\uacf5\uc5c5<\/p>\n<\/li>\n<li data-start=\"2235\" data-end=\"2280\">\n<p data-start=\"2237\" data-end=\"2280\">\ucca0\uac15 \uacf5\uc7a5 \ubc0f \uc81c\uc870 \uc2dc\uc124<\/p>\n<\/li>\n<li data-start=\"2281\" data-end=\"2315\">\n<p data-start=\"2283\" data-end=\"2315\">\ud574\uc591 \ubc0f \ud574\uc591 \uc6b4\uc601<\/p>\n<\/li>\n<li data-start=\"2316\" data-end=\"2359\">\n<p data-start=\"2318\" data-end=\"2359\">\ubc1c\uc804\uc18c \ubc0f \uc0b0\uc5c5 \uc720\uc9c0\ubcf4\uc218<\/p>\n<\/li>\n<\/ul>\n<h2 data-start=\"2366\" data-end=\"2404\"><strong data-start=\"2369\" data-end=\"2404\">\ub2f9\uc0ac\uac00 \uacf5\uae09\ud558\ub294 \uc640\uc774\uc5b4 \ub85c\ud504 \uc2ac\ub9c1 \uc720\ud615<\/strong><\/h2>\n<div class=\"TyagGW_tableContainer\">\n<div class=\"group TyagGW_tableWrapper flex flex-col-reverse w-fit\" tabindex=\"-1\">\n<table class=\"w-fit min-w-(--thread-content-width)\" data-start=\"2406\" data-end=\"2847\">\n<thead data-start=\"2406\" data-end=\"2448\">\n<tr data-start=\"2406\" data-end=\"2448\">\n<th data-start=\"2406\" data-end=\"2419\" data-col-size=\"sm\">\uc2ac\ub9c1 \uc720\ud615<\/th>\n<th data-start=\"2419\" data-end=\"2433\" data-col-size=\"sm\">\uc124\uba85<\/th>\n<th data-start=\"2433\" data-end=\"2448\" data-col-size=\"sm\">\uc77c\ubc18\uc801\uc778 \uc0ac\uc6a9<\/th>\n<\/tr>\n<\/thead>\n<tbody data-start=\"2463\" data-end=\"2847\">\n<tr data-start=\"2463\" data-end=\"2544\">\n<td data-start=\"2463\" data-end=\"2486\" data-col-size=\"sm\"><strong data-start=\"2465\" data-end=\"2485\">\uc2f1\uae00 \ub808\uadf8 \uc2ac\ub9c1<\/strong><\/td>\n<td data-start=\"2486\" data-end=\"2519\" data-col-size=\"sm\">\ub450 \uac1c\uc758 \uc5d4\ub4dc \ud53c\ud305\uc774 \uc788\ub294 \ud558\ub098\uc758 \ub85c\ud504<\/td>\n<td data-start=\"2519\" data-end=\"2544\" data-col-size=\"sm\">\uac04\ub2e8\ud55c \uc2a4\ud2b8\ub808\uc774\ud2b8 \ub9ac\ud504\ud2b8<\/td>\n<\/tr>\n<tr data-start=\"2545\" data-end=\"2622\">\n<td data-start=\"2545\" data-end=\"2565\" data-col-size=\"sm\"><strong data-start=\"2547\" data-end=\"2564\">\ud22c \ub808\uadf8 \uc2ac\ub9c1<\/strong><\/td>\n<td data-start=\"2565\" data-end=\"2604\" data-col-size=\"sm\">\ub9c8\uc2a4\ud130 \ub9c1\ud06c\uc5d0 \uc5f0\uacb0\ub41c \ub450 \uac1c\uc758 \ub85c\ud504<\/td>\n<td data-start=\"2604\" data-end=\"2622\" data-col-size=\"sm\">\uade0\ud615 \uc7a1\ud78c \ubd80\ud558<\/td>\n<\/tr>\n<tr data-start=\"2623\" data-end=\"2701\">\n<td data-start=\"2623\" data-end=\"2644\" data-col-size=\"sm\"><strong data-start=\"2625\" data-end=\"2643\">\ub124 \ub2e4\ub9ac \uc2ac\ub9c1<\/strong><\/td>\n<td data-start=\"2644\" data-end=\"2673\" data-col-size=\"sm\">\ubb34\uac70\uc6b4 \uc9d0\uc744 \uc704\ud55c 4\uac1c\uc758 \ub85c\ud504<\/td>\n<td data-start=\"2673\" data-end=\"2701\" data-col-size=\"sm\">\ub300\ud615 \uc0b0\uc5c5\uc6a9 \ub9ac\ud504\ud305<\/td>\n<\/tr>\n<tr data-start=\"2702\" data-end=\"2768\">\n<td data-start=\"2702\" data-end=\"2722\" data-col-size=\"sm\"><strong data-start=\"2704\" data-end=\"2721\">\ub05d\uc5c6\ub294 \uc2ac\ub9c1<\/strong><\/td>\n<td data-start=\"2722\" data-end=\"2740\" data-col-size=\"sm\">\uc5f0\uc18d \ub8e8\ud504<\/td>\n<td data-start=\"2740\" data-end=\"2768\" data-col-size=\"sm\">\ub9c8\ubaa8\uc5d0 \ubbfc\uac10\ud55c \ubd80\ud558<\/td>\n<\/tr>\n<tr data-start=\"2769\" data-end=\"2847\">\n<td data-start=\"2769\" data-end=\"2788\" data-col-size=\"sm\"><strong data-start=\"2771\" data-end=\"2787\">\ubc14\uc2a4\ucf13 \uc2ac\ub9c1<\/strong><\/td>\n<td data-start=\"2788\" data-end=\"2813\" data-col-size=\"sm\">\ud558\uc911\uc744 \ubc1b\ub294 \ub85c\ud504 \ud1b5\uacfc<\/td>\n<td data-start=\"2813\" data-end=\"2847\" data-col-size=\"sm\">\ud45c\uba74 \ubcf4\ud638 \ubc0f \uc548\uc815\uc131<\/td>\n<\/tr>\n<\/tbody>\n<\/table>\n<\/div>\n<\/div>\n<h2 data-start=\"2854\" data-end=\"2906\"><strong data-start=\"2857\" data-end=\"2904\">\uae30\uc220 \ud30c\ub77c\ubbf8\ud130(\ub300\ud45c \ubc94\uc704)<\/strong><\/h2>\n<div class=\"TyagGW_tableContainer\">\n<div class=\"group TyagGW_tableWrapper flex flex-col-reverse w-fit\" tabindex=\"-1\">\n<table class=\"w-fit min-w-(--thread-content-width)\" data-start=\"2908\" data-end=\"3367\">\n<thead data-start=\"2908\" data-end=\"2945\">\n<tr data-start=\"2908\" data-end=\"2945\">\n<th data-start=\"2908\" data-end=\"2920\" data-col-size=\"sm\">\ub9e4\uac1c\ubcc0\uc218<\/th>\n<th data-start=\"2920\" data-end=\"2945\" data-col-size=\"sm\">\uc0ac\uc591 \/ \ubc94\uc704<\/th>\n<\/tr>\n<\/thead>\n<tbody data-start=\"2956\" data-end=\"3367\">\n<tr data-start=\"2956\" data-end=\"3011\">\n<td data-start=\"2956\" data-end=\"2972\" data-col-size=\"sm\">\uae30\ubcf8 \uc7ac\ub8cc<\/td>\n<td data-start=\"2972\" data-end=\"3011\" data-col-size=\"sm\">\uc544\uc5f0 \ub3c4\uae08 \uac15\ucca0 \ub610\ub294 \uc2a4\ud14c\uc778\ub9ac\uc2a4 \uc2a4\ud2f8<\/td>\n<\/tr>\n<tr data-start=\"3012\" data-end=\"3065\">\n<td data-start=\"3012\" data-end=\"3037\" data-col-size=\"sm\">\uc640\uc774\uc5b4 \ub85c\ud504 \uad6c\uc131<\/td>\n<td data-start=\"3037\" data-end=\"3065\" data-col-size=\"sm\">6\u00d719, 6\u00d737, 7\u00d719, 6\u00d736WS<\/td>\n<\/tr>\n<tr data-start=\"3066\" data-end=\"3118\">\n<td data-start=\"3066\" data-end=\"3083\" data-col-size=\"sm\">\uc9c1\uacbd \ubc94\uc704<\/td>\n<td data-start=\"3083\" data-end=\"3118\" data-col-size=\"sm\">6mm - 60mm(\uc0ac\uc6a9\uc790 \uc9c0\uc815 \uac00\ub2a5)<\/td>\n<\/tr>\n<tr data-start=\"3119\" data-end=\"3171\">\n<td data-start=\"3119\" data-end=\"3146\" data-col-size=\"sm\">\uc791\uc5c5 \ubd80\ud558 \uc81c\ud55c(WLL)<\/td>\n<td data-start=\"3146\" data-end=\"3171\" data-col-size=\"sm\">\uc560\ud50c\ub9ac\ucf00\uc774\uc158\uc5d0 \ub530\ub77c \ub2e4\ub984<\/td>\n<\/tr>\n<tr data-start=\"3172\" data-end=\"3212\">\n<td data-start=\"3172\" data-end=\"3188\" data-col-size=\"sm\">\uc548\uc804 \uacc4\uc218<\/td>\n<td data-start=\"3188\" data-end=\"3212\" data-col-size=\"sm\">\uc77c\ubc18\uc801\uc73c\ub85c 5:1 \ub610\ub294 6:1<\/td>\n<\/tr>\n<tr data-start=\"3213\" data-end=\"3272\">\n<td data-start=\"3213\" data-end=\"3228\" data-col-size=\"sm\">\uc5d4\ub4dc \ud53c\ud305<\/td>\n<td data-start=\"3228\" data-end=\"3272\" data-col-size=\"sm\">\uace8\ubb34, \ud6c4\ud06c, \uac78\uc1e0, \ub208, \ub9c8\uc2a4\ud130 \ub9c1\ud06c<\/td>\n<\/tr>\n<tr data-start=\"3273\" data-end=\"3324\">\n<td data-start=\"3273\" data-end=\"3290\" data-col-size=\"sm\">\ud45c\uba74 \ub9c8\uac10<\/td>\n<td data-start=\"3290\" data-end=\"3324\" data-col-size=\"sm\">\uc544\uc5f0 \ub3c4\uae08 \ub610\ub294 \ubc1d\uc740 \uc2a4\ud14c\uc778\ub9ac\uc2a4<\/td>\n<\/tr>\n<tr data-start=\"3325\" data-end=\"3367\">\n<td data-start=\"3325\" data-end=\"3347\" data-col-size=\"sm\">\uc9c0\uc6d0\ub418\ub294 \ud45c\uc900<\/td>\n<td data-start=\"3347\" data-end=\"3367\" data-col-size=\"sm\">ISO, EN, DIN, GB<\/td>\n<\/tr>\n<\/tbody>\n<\/table>\n<\/div>\n<\/div>\n<h2 data-start=\"3374\" data-end=\"3420\"><strong data-start=\"3377\" data-end=\"3420\">\uc7ac\ub8cc \ubc0f \uad6c\uc870 \uc120\ud0dd \uac00\uc774\ub4dc<\/strong><\/h2>\n<div class=\"TyagGW_tableContainer\">\n<div class=\"group TyagGW_tableWrapper flex flex-col-reverse w-fit\" tabindex=\"-1\">\n<table class=\"w-fit min-w-(--thread-content-width)\" data-start=\"3422\" data-end=\"3807\">\n<thead data-start=\"3422\" data-end=\"3462\">\n<tr data-start=\"3422\" data-end=\"3462\">\n<th data-start=\"3422\" data-end=\"3431\" data-col-size=\"sm\">\uc635\uc158<\/th>\n<th data-start=\"3431\" data-end=\"3443\" data-col-size=\"md\">\uc774\uc810<\/th>\n<th data-start=\"3443\" data-end=\"3462\" data-col-size=\"sm\">\ucd94\ucc9c \ub300\uc0c1<\/th>\n<\/tr>\n<\/thead>\n<tbody data-start=\"3477\" data-end=\"3807\">\n<tr data-start=\"3477\" data-end=\"3568\">\n<td data-start=\"3477\" data-end=\"3505\" data-col-size=\"sm\"><strong data-start=\"3479\" data-end=\"3504\">\uc544\uc5f0 \ub3c4\uae08 \ub85c\ud504 \uc2ac\ub9c1<\/strong><\/td>\n<td data-start=\"3505\" data-end=\"3549\" data-col-size=\"md\">\uc6b0\uc218\ud55c \ub0b4\uc2dd\uc131, \ube44\uc6a9 \ud6a8\uc728\uc801<\/td>\n<td data-start=\"3549\" data-end=\"3568\" data-col-size=\"sm\">\uc57c\uc678 \ub9ac\ud504\ud305<\/td>\n<\/tr>\n<tr data-start=\"3569\" data-end=\"3662\">\n<td data-start=\"3569\" data-end=\"3602\" data-col-size=\"sm\"><strong data-start=\"3571\" data-end=\"3601\">\uc2a4\ud14c\uc778\ub9ac\uc2a4 \ub85c\ud504 \uc2ac\ub9c1 (316)<\/strong><\/td>\n<td data-start=\"3602\" data-end=\"3635\" data-col-size=\"md\">\ub6f0\uc5b4\ub09c \ub0b4\uc2dd\uc131<\/td>\n<td data-start=\"3635\" data-end=\"3662\" data-col-size=\"sm\">\ud574\uc591 \ubc0f \ud654\ud559 \ud604\uc7a5<\/td>\n<\/tr>\n<tr data-start=\"3663\" data-end=\"3746\">\n<td data-start=\"3663\" data-end=\"3687\" data-col-size=\"sm\"><strong data-start=\"3665\" data-end=\"3686\">6\u00d719 \uac74\uc124<\/strong><\/td>\n<td data-start=\"3687\" data-end=\"3724\" data-col-size=\"md\">\ub354 \ub192\uc740 \uac15\ub3c4, \ub354 \ub0ae\uc740 \uc720\uc5f0\uc131<\/td>\n<td data-start=\"3724\" data-end=\"3746\" data-col-size=\"sm\">\ubb34\uac70\uc6b4 \ubb3c\uac74\uc744 \ub4e4\uc5b4 \uc62c\ub9ac\uae30<\/td>\n<\/tr>\n<tr data-start=\"3747\" data-end=\"3807\">\n<td data-start=\"3747\" data-end=\"3771\" data-col-size=\"sm\"><strong data-start=\"3749\" data-end=\"3770\">6\u00d737 \uac74\uc124<\/strong><\/td>\n<td data-start=\"3771\" data-end=\"3787\" data-col-size=\"md\">\uc720\uc5f0\uc131 \ud5a5\uc0c1<\/td>\n<td data-start=\"3787\" data-end=\"3807\" data-col-size=\"sm\">\ub3d9\uc801 \ud638\uc774\uc2a4\ud305<\/td>\n<\/tr>\n<\/tbody>\n<\/table>\n<\/div>\n<\/div>\n<h2 data-start=\"3814\" data-end=\"3837\"><strong data-start=\"3817\" data-end=\"3837\">\uc6d0\uc988\ub97c \uc120\ud0dd\ud574\uc57c \ud558\ub294 \uc774\uc720<\/strong><\/h2>\n<ul data-start=\"3839\" data-end=\"4082\">\n<li data-start=\"3839\" data-end=\"3883\">\n<p data-start=\"3841\" data-end=\"3883\">\ubaa8\ub4e0 \uc2ac\ub9c1\uc5d0 \ub300\ud55c \uc5c4\uaca9\ud55c \ud488\uc9c8 \uac80\uc0ac<\/p>\n<\/li>\n<li data-start=\"3884\" data-end=\"3933\">\n<p data-start=\"3886\" data-end=\"3933\">\uc778\uc99d\ub41c \uc81c\uc791 \ubc0f \uc548\uc804\ud55c \uc885\ub8cc<\/p>\n<\/li>\n<li data-start=\"3934\" data-end=\"3975\">\n<p data-start=\"3936\" data-end=\"3975\">\ub2e4\uc591\ud55c \ub85c\ud504 \uc720\ud615\uacfc \ud53c\ud305<\/p>\n<\/li>\n<li data-start=\"3976\" data-end=\"4035\">\n<p data-start=\"3978\" data-end=\"4035\">WLL \ubc0f \uc548\uc804 \uacc4\uc218 \uc120\ud0dd\uc744 \uc704\ud55c \uc5d4\uc9c0\ub2c8\uc5b4\ub9c1 \uc9c0\uc6d0<\/p>\n<\/li>\n<li data-start=\"4036\" data-end=\"4082\">\n<p data-start=\"4038\" data-end=\"4082\">\uc548\uc815\uc801\uc778 \uacf5\uae09\uacfc \uc2e0\ub8b0\ud560 \uc218 \uc788\ub294 \uae00\ub85c\ubc8c \ubc30\uc1a1<\/p>\n<\/li>\n<\/ul>\n<h2 data-start=\"4089\" data-end=\"4130\"><strong data-start=\"4092\" data-end=\"4128\">\uc790\uc8fc \ubb3b\ub294 \uc9c8\ubb38(FAQ)<\/strong><\/h2>\n<h3 data-start=\"4132\" data-end=\"4181\"><strong data-start=\"4136\" data-end=\"4179\">Q1: \uc640\uc774\uc5b4\ub85c\ud504 \uc2ac\ub9c1\uc740 \uc5b4\ub5a4 \uc6a9\ub3c4\ub85c \uc0ac\uc6a9\ub418\ub098\uc694?<\/strong><\/h3>\n<p data-start=\"4182\" data-end=\"4294\">\ud06c\ub808\uc778, \ud638\uc774\uc2a4\ud2b8 \ubc0f \uc0b0\uc5c5 \ucde8\uae09 \uc791\uc5c5\uc5d0\uc11c \ubb34\uac70\uc6b4 \ud558\uc911\uc744 \ub4e4\uc5b4\uc62c\ub9ac\uace0, \ub9ac\uae45\ud558\uace0, \uace0\uc815\ud558\ub294 \ub370 \uc0ac\uc6a9\ub429\ub2c8\ub2e4.<\/p>\n<h3 data-start=\"4296\" data-end=\"4338\"><strong data-start=\"4300\" data-end=\"4336\">Q2: \uc5b4\ub5a4 \uc2ac\ub9c1\uc744 \uc120\ud0dd\ud574\uc57c \ud558\ub098\uc694?<\/strong><\/h3>\n<ul data-start=\"4339\" data-end=\"4506\">\n<li data-start=\"4339\" data-end=\"4380\">\n<p data-start=\"4341\" data-end=\"4380\"><strong data-start=\"4341\" data-end=\"4356\">\uc2f1\uae00 \ub808\uadf8:<\/strong> \uac04\ub2e8\ud55c \uc2a4\ud2b8\ub808\uc774\ud2b8 \ub9ac\ud504\ud2b8<\/p>\n<\/li>\n<li data-start=\"4381\" data-end=\"4412\">\n<p data-start=\"4383\" data-end=\"4412\"><strong data-start=\"4383\" data-end=\"4395\">\ub450 \ub2e4\ub9ac:<\/strong> \uade0\ud615 \uc7a1\ud78c \ubd80\ud558<\/p>\n<\/li>\n<li data-start=\"4413\" data-end=\"4456\">\n<p data-start=\"4415\" data-end=\"4456\"><strong data-start=\"4415\" data-end=\"4428\">\ub124 \ub2e4\ub9ac:<\/strong> \ub9e4\uc6b0 \ubb34\uac81\uac70\ub098 \ud070 \ud558\uc911<\/p>\n<\/li>\n<li data-start=\"4457\" data-end=\"4506\">\n<p data-start=\"4459\" data-end=\"4506\"><strong data-start=\"4459\" data-end=\"4471\">\ub05d\uc774 \uc5c6\uc2b5\ub2c8\ub2e4:<\/strong> \ud558\uc911 \ud45c\uba74 \ubcf4\ud638\uac00 \ud544\uc694\ud55c \uacbd\uc6b0<\/p>\n<\/li>\n<\/ul>\n<h3 data-start=\"4508\" data-end=\"4534\"><strong data-start=\"4512\" data-end=\"4532\">Q3: WLL\uc774\ub780 \ubb34\uc5c7\uc778\uac00\uc694?<\/strong><\/h3>\n<p data-start=\"4535\" data-end=\"4630\">WLL(\uc791\uc5c5 \ubd80\ud558 \uc81c\ud55c)\uc740 <strong data-start=\"4567\" data-end=\"4588\">\ucd5c\ub300 \uc548\uc804 \ubd80\ud558<\/strong> \uc2ac\ub9c1\uc740 \uc815\uc0c1\uc801\uc778 \uc870\uac74\uc5d0\uc11c \ub4e4\uc5b4 \uc62c\ub9b4 \uc218 \uc788\uc2b5\ub2c8\ub2e4.<\/p>\n<h3 data-start=\"4632\" data-end=\"4690\"><strong data-start=\"4636\" data-end=\"4688\">Q4: \uc544\uc5f0 \ub3c4\uae08 \uc2ac\ub9c1\uc740 \ud574\uc591\uc6a9\uc73c\ub85c \uc801\ud569\ud569\ub2c8\uae4c?<\/strong><\/h3>\n<p data-start=\"4691\" data-end=\"4797\">\uc608, \ud558\uc9c0\ub9cc \ubd80\uc2dd\uc774 \uc2ec\ud55c \ubc14\ub2f7\ubb3c \ud658\uacbd\uc5d0\uc11c\ub294 \uc0ac\uc6a9\ud560 \uc218 \uc5c6\uc2b5\ub2c8\ub2e4, <strong data-start=\"4745\" data-end=\"4780\">AISI 316 \uc2a4\ud14c\uc778\ub9ac\uc2a4 \uc2a4\ud2f8 \uc2ac\ub9c1<\/strong> \ub97c \uad8c\uc7a5\ud569\ub2c8\ub2e4.<\/p>\n<h3 data-start=\"4799\" data-end=\"4839\"><strong data-start=\"4803\" data-end=\"4837\">Q5: \ub9de\ucda4\ud615 \uc2ac\ub9c1\ub3c4 \uc81c\uc791\ud558\ub098\uc694?<\/strong><\/h3>\n<p data-start=\"4840\" data-end=\"4946\">\uc608. \ub9ac\ud504\ud305 \uc694\uad6c \uc0ac\ud56d\uc5d0 \ub530\ub77c \uae38\uc774, \uc9c1\uacbd, \uad6c\uc870 \ubc0f \uc5d4\ub4dc \ud53c\ud305\uc744 \ub9de\ucda4\ud654\ud560 \uc218 \uc788\uc2b5\ub2c8\ub2e4.<\/p>","protected":false},"excerpt":{"rendered":"<p>\uc6d0\uc988\uc5d0\uc11c \uacf5\uae09\ud558\ub294 \uc640\uc774\uc5b4 \ub85c\ud504 \uc2ac\ub9c1\uc740 \uace0\uac15\ub3c4 \uac15\ucca0 \uc640\uc774\uc5b4 \ub85c\ud504\uc640 \ub2e8\ub2e8\ud788 \uc885\ub2e8\ub41c \uc5d4\ub4dc \ud53c\ud305\uc73c\ub85c \uc804\ubb38\uc801\uc73c\ub85c \uc81c\uc791\ub41c \ub9ac\ud504\ud305 \uc5b4\uc148\ube14\ub9ac\uc785\ub2c8\ub2e4. \uc548\uc804\ud558\uace0 \uc548\uc815\uc801\uc778 \ud558\uc911 \ucc98\ub9ac\ub97c \uc704\ud574 \uc124\uacc4\ub41c \uc774 \uc2ac\ub9c1\uc740 \ud06c\ub808\uc778, \ud638\uc774\uc2a4\ud2b8, \ub9ac\uae45 \uc791\uc5c5, \uac74\uc124 \ud604\uc7a5, \uad11\uc0b0, \ud56d\ub9cc \ubc0f \uc911\uc7a5\ube44 \uc124\uce58\uc5d0 \ub110\ub9ac \uc0ac\uc6a9\ub429\ub2c8\ub2e4.<\/p>","protected":false},"featured_media":1510,"comment_status":"open","ping_status":"closed","template":"","meta":{"site-sidebar-layout":"default","site-content-layout":"","ast-site-content-layout":"default","site-content-style":"default","site-sidebar-style":"default","ast-global-header-display":"","ast-banner-title-visibility":"","ast-main-header-display":"","ast-hfb-above-header-display":"","ast-hfb-below-header-display":"","ast-hfb-mobile-header-display":"","site-post-title":"","ast-breadcrumbs-content":"","ast-featured-img":"","footer-sml-layout":"","ast-disable-related-posts":"","theme-transparent-header-meta":"default","adv-header-id-meta":"","stick-header-meta":"default","header-above-stick-meta":"","header-main-stick-meta":"","header-below-stick-meta":"","astra-migrate-meta-layouts":"set","ast-page-background-enabled":"default","ast-page-background-meta":{"desktop":{"background-color":"","background-image":"","background-repeat":"repeat","background-position":"center center","background-size":"auto","background-attachment":"scroll","background-type":"","background-media":"","overlay-type":"","overlay-color":"","overlay-opacity":"","overlay-gradient":""},"tablet":{"background-color":"","background-image":"","background-repeat":"repeat","background-position":"center center","background-size":"auto","background-attachment":"scroll","background-type":"","background-media":"","overlay-type":"","overlay-color":"","overlay-opacity":"","overlay-gradient":""},"mobile":{"background-color":"","background-image":"","background-repeat":"repeat","background-position":"center center","background-size":"auto","background-attachment":"scroll","background-type":"","background-media":"","overlay-type":"","overlay-color":"","overlay-opacity":"","overlay-gradient":""}},"ast-content-background-meta":{"desktop":{"background-color":"var(--ast-global-color-5)","background-image":"","background-repeat":"repeat","background-position":"center center","background-size":"auto","background-attachment":"scroll","background-type":"","background-media":"","overlay-type":"","overlay-color":"","overlay-opacity":"","overlay-gradient":""},"tablet":{"background-color":"var(--ast-global-color-5)","background-image":"","background-repeat":"repeat","background-position":"center center","background-size":"auto","background-attachment":"scroll","background-type":"","background-media":"","overlay-type":"","overlay-color":"","overlay-opacity":"","overlay-gradient":""},"mobile":{"background-color":"var(--ast-global-color-5)","background-image":"","background-repeat":"repeat","background-position":"center center","background-size":"auto","background-attachment":"scroll","background-type":"","background-media":"","overlay-type":"","overlay-color":"","overlay-opacity":"","overlay-gradient":""}}},"product_brand":[],"product_cat":[22],"product_tag":[274,275,283,270,281,278,277,272,279,280,282,269,271,273,276,268],"class_list":{"0":"post-1460","1":"product","2":"type-product","3":"status-publish","4":"has-post-thumbnail","6":"product_cat-wire-rope-lifting-accessories","7":"product_tag-6x19-sling","8":"product_tag-6x37-sling","9":"product_tag-china-sling-manufacturer","10":"product_tag-crane-sling","11":"product_tag-din-sling","12":"product_tag-endless-sling","13":"product_tag-four-leg-sling","14":"product_tag-galvanized-sling","15":"product_tag-hoisting-sling","16":"product_tag-industrial-lifting","17":"product_tag-iso-wire-rope-sling","18":"product_tag-lifting-sling","19":"product_tag-rigging-sling","20":"product_tag-stainless-steel-sling","21":"product_tag-two-leg-sling","22":"product_tag-wire-rope-sling","23":"desktop-align-left","24":"tablet-align-left","25":"mobile-align-left","27":"first","28":"instock","29":"shipping-taxable","30":"product-type-simple"},"_links":{"self":[{"href":"https:\/\/www.wonzh.com\/ko\/wp-json\/wp\/v2\/product\/1460","targetHints":{"allow":["GET"]}}],"collection":[{"href":"https:\/\/www.wonzh.com\/ko\/wp-json\/wp\/v2\/product"}],"about":[{"href":"https:\/\/www.wonzh.com\/ko\/wp-json\/wp\/v2\/types\/product"}],"replies":[{"embeddable":true,"href":"https:\/\/www.wonzh.com\/ko\/wp-json\/wp\/v2\/comments?post=1460"}],"wp:featuredmedia":[{"embeddable":true,"href":"https:\/\/www.wonzh.com\/ko\/wp-json\/wp\/v2\/media\/1510"}],"wp:attachment":[{"href":"https:\/\/www.wonzh.com\/ko\/wp-json\/wp\/v2\/media?parent=1460"}],"wp:term":[{"taxonomy":"product_brand","embeddable":true,"href":"https:\/\/www.wonzh.com\/ko\/wp-json\/wp\/v2\/product_brand?post=1460"},{"taxonomy":"product_cat","embeddable":true,"href":"https:\/\/www.wonzh.com\/ko\/wp-json\/wp\/v2\/product_cat?post=1460"},{"taxonomy":"product_tag","embeddable":true,"href":"https:\/\/www.wonzh.com\/ko\/wp-json\/wp\/v2\/product_tag?post=1460"}],"curies":[{"name":"wp","href":"https:\/\/api.w.org\/{rel}","templated":true}]}}