{"id":1922,"date":"2026-02-16T03:38:48","date_gmt":"2026-02-16T03:38:48","guid":{"rendered":"https:\/\/www.wonzh.com\/?post_type=product&#038;p=1922"},"modified":"2026-02-16T03:56:00","modified_gmt":"2026-02-16T03:56:00","slug":"coated-wire-rope-for-corrosion-protection","status":"publish","type":"product","link":"https:\/\/www.wonzh.com\/it\/product\/coated-wire-rope-for-corrosion-protection\/","title":{"rendered":"Funi metalliche rivestite per la protezione dalla corrosione"},"content":{"rendered":"<p data-start=\"172\" data-end=\"635\">La nostra fune metallica rivestita presenta un'anima in acciaio zincato di alta qualit\u00e0 con un rivestimento durevole in PVC o poliuretano per una resistenza superiore alla corrosione e all'abrasione. Ideale per applicazioni di sollevamento in ambienti marini, esterni, chimici e industriali, questa fune metallica garantisce una lunga durata, una maggiore sicurezza di movimentazione e prestazioni affidabili anche in ambienti difficili. Perfetta per il sollevamento, l'arginatura, il rigging e le operazioni industriali pesanti.<\/p>\n<p data-start=\"637\" data-end=\"656\"><strong data-start=\"637\" data-end=\"654\">Caratteristiche principali:<\/strong><\/p>\n<ul data-start=\"657\" data-end=\"939\">\n<li data-start=\"657\" data-end=\"721\">\n<p data-start=\"659\" data-end=\"721\">Rivestimento in PVC o poliuretano per la massima protezione dalla corrosione<\/p>\n<\/li>\n<li data-start=\"722\" data-end=\"766\">\n<p data-start=\"724\" data-end=\"766\">Riduce l'usura e l'abrasione metallo-metallo<\/p>\n<\/li>\n<li data-start=\"767\" data-end=\"818\">\n<p data-start=\"769\" data-end=\"818\">Flessibile e facile da maneggiare durante l'installazione<\/p>\n<\/li>\n<li data-start=\"819\" data-end=\"878\">\n<p data-start=\"821\" data-end=\"878\">Adatto per ambienti marini, esterni e chimici<\/p>\n<\/li>\n<li data-start=\"879\" data-end=\"939\">\n<p data-start=\"881\" data-end=\"939\">Soddisfa gli standard internazionali di sicurezza per il sollevamento e il rigging<\/p>\n<\/li>\n<\/ul>\n<hr data-start=\"941\" data-end=\"944\" \/>\n<h3 data-start=\"946\" data-end=\"980\"><strong data-start=\"950\" data-end=\"978\">Specifiche tecniche<\/strong><\/h3>\n<div class=\"TyagGW_tableContainer\">\n<div class=\"group TyagGW_tableWrapper flex flex-col-reverse w-fit\" tabindex=\"-1\">\n<table class=\"w-fit min-w-(--thread-content-width)\" data-start=\"982\" data-end=\"1610\">\n<thead data-start=\"982\" data-end=\"1019\">\n<tr data-start=\"982\" data-end=\"1019\">\n<th class=\"\" data-start=\"982\" data-end=\"994\" data-col-size=\"sm\">Parametro<\/th>\n<th class=\"\" data-start=\"994\" data-end=\"1010\" data-col-size=\"md\">Specifiche<\/th>\n<th class=\"\" data-start=\"1010\" data-end=\"1019\" data-col-size=\"md\">Note<\/th>\n<\/tr>\n<\/thead>\n<tbody data-start=\"1058\" data-end=\"1610\">\n<tr data-start=\"1058\" data-end=\"1141\">\n<td data-start=\"1058\" data-end=\"1069\" data-col-size=\"sm\">Materiale<\/td>\n<td data-start=\"1069\" data-end=\"1093\" data-col-size=\"md\">Anima in acciaio zincato<\/td>\n<td data-col-size=\"md\" data-start=\"1093\" data-end=\"1141\">Elevata resistenza alla trazione e alla fatica<\/td>\n<\/tr>\n<tr data-start=\"1142\" data-end=\"1210\">\n<td data-start=\"1142\" data-end=\"1152\" data-col-size=\"sm\">Rivestimento<\/td>\n<td data-start=\"1152\" data-end=\"1173\" data-col-size=\"md\">PVC \/ Poliuretano<\/td>\n<td data-col-size=\"md\" data-start=\"1173\" data-end=\"1210\">Spessore: 0,5-2 mm, personalizzabile<\/td>\n<\/tr>\n<tr data-start=\"1211\" data-end=\"1289\">\n<td data-start=\"1211\" data-end=\"1228\" data-col-size=\"sm\">Gamma di diametri<\/td>\n<td data-col-size=\"md\" data-start=\"1228\" data-end=\"1243\">6 mm - 32 mm<\/td>\n<td data-col-size=\"md\" data-start=\"1243\" data-end=\"1289\">Dimensioni standard; diametri personalizzati disponibili<\/td>\n<\/tr>\n<tr data-start=\"1290\" data-end=\"1361\">\n<td data-start=\"1290\" data-end=\"1305\" data-col-size=\"sm\">Costruzione<\/td>\n<td data-col-size=\"md\" data-start=\"1305\" data-end=\"1335\">Fili 6\u00d719, 7\u00d719 o 1\u00d719<\/td>\n<td data-col-size=\"md\" data-start=\"1335\" data-end=\"1361\">Flessibile o semirigido<\/td>\n<\/tr>\n<tr data-start=\"1362\" data-end=\"1435\">\n<td data-start=\"1362\" data-end=\"1378\" data-col-size=\"sm\">Carico di rottura<\/td>\n<td data-col-size=\"md\" data-start=\"1378\" data-end=\"1395\">1,5 - 120 tonnellate<\/td>\n<td data-col-size=\"md\" data-start=\"1395\" data-end=\"1435\">Dipende dal diametro e dalla costruzione<\/td>\n<\/tr>\n<tr data-start=\"1436\" data-end=\"1511\">\n<td data-start=\"1436\" data-end=\"1456\" data-col-size=\"sm\">Intervallo di temperatura<\/td>\n<td data-start=\"1456\" data-end=\"1473\" data-col-size=\"md\">Da -40\u00b0C a +80\u00b0C<\/td>\n<td data-col-size=\"md\" data-start=\"1473\" data-end=\"1511\">PVC; rivestimenti ad alta temperatura opzionali<\/td>\n<\/tr>\n<tr data-start=\"1512\" data-end=\"1610\">\n<td data-start=\"1512\" data-end=\"1527\" data-col-size=\"sm\">Applicazioni<\/td>\n<td data-start=\"1527\" data-end=\"1575\" data-col-size=\"md\">Sollevamento marino, all'aperto, chimico e industriale<\/td>\n<td data-col-size=\"md\" data-start=\"1575\" data-end=\"1610\">Protezione anticorrosione per impieghi gravosi<\/td>\n<\/tr>\n<\/tbody>\n<\/table>\n<\/div>\n<\/div>\n<hr data-start=\"1612\" data-end=\"1615\" \/>\n<h3 data-start=\"1617\" data-end=\"1630\"><strong data-start=\"1621\" data-end=\"1628\">FAQ<\/strong><\/h3>\n<p data-start=\"1632\" data-end=\"1919\"><strong data-start=\"1632\" data-end=\"1704\">Q1: In cosa si differenzia la fune metallica rivestita dalla fune zincata standard?<\/strong><br data-start=\"1704\" data-end=\"1707\" \/>R: La fune metallica rivestita \u00e8 dotata di uno strato protettivo in PVC o poliuretano sopra l'anima in acciaio, che offre resistenza alla corrosione, riduce l'abrasione e migliora la sicurezza. Le funi zincate standard non hanno questa protezione aggiuntiva.<\/p>\n<p data-start=\"1921\" data-end=\"2111\"><strong data-start=\"1921\" data-end=\"1991\">D2: Questa fune metallica pu\u00f2 essere utilizzata in ambienti marini o chimici?<\/strong><br data-start=\"1991\" data-end=\"1994\" \/>R: S\u00ec. Il rivestimento impedisce la corrosione dovuta all'acqua salata o all'esposizione a sostanze chimiche, rendendolo ideale per gli ambienti difficili.<\/p>\n<p data-start=\"2113\" data-end=\"2395\"><strong data-start=\"2113\" data-end=\"2173\">D3: Come faccio a scegliere il diametro e la struttura giusti?<\/strong><br data-start=\"2173\" data-end=\"2176\" \/>R: La scelta si basa sul carico di rottura richiesto, sul raggio di curvatura e sulle condizioni ambientali. Le costruzioni standard come 6\u00d719 o 7\u00d719 sono adatte alla maggior parte delle applicazioni di sollevamento. Per esigenze particolari sono disponibili opzioni personalizzate.<\/p>","protected":false},"excerpt":{"rendered":"<p>La nostra fune metallica rivestita presenta un'anima in acciaio zincato di alta qualit\u00e0 con un rivestimento durevole in PVC o poliuretano per una resistenza superiore alla corrosione e all'abrasione.<\/p>","protected":false},"featured_media":1926,"comment_status":"open","ping_status":"closed","template":"","meta":{"site-sidebar-layout":"default","site-content-layout":"","ast-site-content-layout":"default","site-content-style":"default","site-sidebar-style":"default","ast-global-header-display":"","ast-banner-title-visibility":"","ast-main-header-display":"","ast-hfb-above-header-display":"","ast-hfb-below-header-display":"","ast-hfb-mobile-header-display":"","site-post-title":"","ast-breadcrumbs-content":"","ast-featured-img":"","footer-sml-layout":"","ast-disable-related-posts":"","theme-transparent-header-meta":"default","adv-header-id-meta":"","stick-header-meta":"default","header-above-stick-meta":"","header-main-stick-meta":"","header-below-stick-meta":"","astra-migrate-meta-layouts":"set","ast-page-background-enabled":"default","ast-page-background-meta":{"desktop":{"background-color":"","background-image":"","background-repeat":"repeat","background-position":"center center","background-size":"auto","background-attachment":"scroll","background-type":"","background-media":"","overlay-type":"","overlay-color":"","overlay-opacity":"","overlay-gradient":""},"tablet":{"background-color":"","background-image":"","background-repeat":"repeat","background-position":"center center","background-size":"auto","background-attachment":"scroll","background-type":"","background-media":"","overlay-type":"","overlay-color":"","overlay-opacity":"","overlay-gradient":""},"mobile":{"background-color":"","background-image":"","background-repeat":"repeat","background-position":"center center","background-size":"auto","background-attachment":"scroll","background-type":"","background-media":"","overlay-type":"","overlay-color":"","overlay-opacity":"","overlay-gradient":""}},"ast-content-background-meta":{"desktop":{"background-color":"var(--ast-global-color-5)","background-image":"","background-repeat":"repeat","background-position":"center center","background-size":"auto","background-attachment":"scroll","background-type":"","background-media":"","overlay-type":"","overlay-color":"","overlay-opacity":"","overlay-gradient":""},"tablet":{"background-color":"var(--ast-global-color-5)","background-image":"","background-repeat":"repeat","background-position":"center center","background-size":"auto","background-attachment":"scroll","background-type":"","background-media":"","overlay-type":"","overlay-color":"","overlay-opacity":"","overlay-gradient":""},"mobile":{"background-color":"var(--ast-global-color-5)","background-image":"","background-repeat":"repeat","background-position":"center center","background-size":"auto","background-attachment":"scroll","background-type":"","background-media":"","overlay-type":"","overlay-color":"","overlay-opacity":"","overlay-gradient":""}}},"product_brand":[],"product_cat":[22],"product_tag":[1631,1625,1626,249,1634,1635,1632,1629,1636,118,1630,1628,1627,1633,284],"class_list":{"0":"post-1922","1":"product","2":"type-product","3":"status-publish","4":"has-post-thumbnail","6":"product_cat-wire-rope-lifting-accessories","7":"product_tag-chemical-resistant-wire-rope","8":"product_tag-coated-wire-rope","9":"product_tag-corrosion-resistant-wire-rope","10":"product_tag-galvanized-steel-wire-rope","11":"product_tag-heavy-duty-wire-rope","12":"product_tag-high-strength-wire-rope","13":"product_tag-hoisting-wire-rope","14":"product_tag-industrial-lifting-wire-rope","15":"product_tag-lifting-equipment","16":"product_tag-marine-wire-rope","17":"product_tag-outdoor-wire-rope","18":"product_tag-polyurethane-coated-wire-rope","19":"product_tag-pvc-coated-wire-rope","20":"product_tag-rigging-wire-rope","21":"product_tag-wire-rope-accessories","22":"desktop-align-left","23":"tablet-align-left","24":"mobile-align-left","26":"first","27":"instock","28":"shipping-taxable","29":"product-type-simple"},"_links":{"self":[{"href":"https:\/\/www.wonzh.com\/it\/wp-json\/wp\/v2\/product\/1922","targetHints":{"allow":["GET"]}}],"collection":[{"href":"https:\/\/www.wonzh.com\/it\/wp-json\/wp\/v2\/product"}],"about":[{"href":"https:\/\/www.wonzh.com\/it\/wp-json\/wp\/v2\/types\/product"}],"replies":[{"embeddable":true,"href":"https:\/\/www.wonzh.com\/it\/wp-json\/wp\/v2\/comments?post=1922"}],"wp:featuredmedia":[{"embeddable":true,"href":"https:\/\/www.wonzh.com\/it\/wp-json\/wp\/v2\/media\/1926"}],"wp:attachment":[{"href":"https:\/\/www.wonzh.com\/it\/wp-json\/wp\/v2\/media?parent=1922"}],"wp:term":[{"taxonomy":"product_brand","embeddable":true,"href":"https:\/\/www.wonzh.com\/it\/wp-json\/wp\/v2\/product_brand?post=1922"},{"taxonomy":"product_cat","embeddable":true,"href":"https:\/\/www.wonzh.com\/it\/wp-json\/wp\/v2\/product_cat?post=1922"},{"taxonomy":"product_tag","embeddable":true,"href":"https:\/\/www.wonzh.com\/it\/wp-json\/wp\/v2\/product_tag?post=1922"}],"curies":[{"name":"wp","href":"https:\/\/api.w.org\/{rel}","templated":true}]}}