{"id":1472,"date":"2026-02-03T15:00:09","date_gmt":"2026-02-03T15:00:09","guid":{"rendered":"https:\/\/www.wonzh.com\/?post_type=product&#038;p=1472"},"modified":"2026-02-05T14:50:06","modified_gmt":"2026-02-05T14:50:06","slug":"industrial-couplings-for-power-transmission-and-mechanical-systems","status":"publish","type":"product","link":"https:\/\/www.wonzh.com\/it\/product\/industrial-couplings-for-power-transmission-and-mechanical-systems\/","title":{"rendered":"Giunti industriali per trasmissione di potenza e sistemi meccanici"},"content":{"rendered":"<p data-start=\"567\" data-end=\"910\">Giunti forniti da <strong data-start=\"589\" data-end=\"598\">Wonzh<\/strong> sono componenti meccanici di precisione utilizzati per collegare due alberi per la trasmissione di potenza, adattando il disallineamento, riducendo le vibrazioni e proteggendo le apparecchiature collegate. I nostri giunti sono ampiamente applicati in <strong data-start=\"829\" data-end=\"907\">motori, pompe, compressori, nastri trasportatori, riduttori e macchinari industriali<\/strong>.<\/p>\n<p data-start=\"912\" data-end=\"1409\">Realizzato in materiale ad alta resistenza <strong data-start=\"944\" data-end=\"1015\">acciaio al carbonio, acciaio legato, acciaio inossidabile o tecnopolimeri<\/strong>, I giunti Wonzh sono progettati per garantire durata, capacit\u00e0 di coppia e affidabilit\u00e0 operativa. I nostri prodotti includono <strong data-start=\"1131\" data-end=\"1232\">giunti rigidi, giunti flessibili, giunti a ganascia, giunti ad ingranaggi e soluzioni personalizzate<\/strong> per applicazioni specializzate. L'avanzata lavorazione CNC, il trattamento termico e la finitura superficiale garantiscono prestazioni costanti in presenza di carichi dinamici e condizioni industriali difficili.<\/p>\n<p data-start=\"1411\" data-end=\"1722\">Forniamo <strong data-start=\"1422\" data-end=\"1465\">giunti standard e completamente personalizzati<\/strong>, Il nostro team di ingegneri \u00e8 in grado di consigliare i tipi, i materiali e le tolleranze pi\u00f9 adatti per ottimizzare l'efficienza e la durata della macchina. Il nostro team di ingegneri \u00e8 in grado di consigliare i tipi, i materiali e le tolleranze di accoppiamento pi\u00f9 adatti per ottimizzare l'efficienza e la durata della macchina.<\/p>\n<h2 data-start=\"1729\" data-end=\"1748\"><strong data-start=\"1732\" data-end=\"1748\">Caratteristiche principali<\/strong><\/h2>\n<ul data-start=\"1750\" data-end=\"2049\">\n<li data-start=\"1750\" data-end=\"1789\">\n<p data-start=\"1752\" data-end=\"1789\">Capacit\u00e0 di trasmissione della coppia elevata<\/p>\n<\/li>\n<li data-start=\"1790\" data-end=\"1848\">\n<p data-start=\"1792\" data-end=\"1848\">Si adatta a disallineamenti angolari, paralleli e assiali<\/p>\n<\/li>\n<li data-start=\"1849\" data-end=\"1891\">\n<p data-start=\"1851\" data-end=\"1891\">Smorzamento delle vibrazioni e assorbimento degli urti<\/p>\n<\/li>\n<li data-start=\"1892\" data-end=\"1940\">\n<p data-start=\"1894\" data-end=\"1940\">Resistente all'usura e durevole sotto carichi pesanti<\/p>\n<\/li>\n<li data-start=\"1941\" data-end=\"1992\">\n<p data-start=\"1943\" data-end=\"1992\">Dimensioni, materiali e tipi standard e personalizzati<\/p>\n<\/li>\n<li data-start=\"1993\" data-end=\"2049\">\n<p data-start=\"1995\" data-end=\"2049\">Supporta prototipi, piccoli lotti e produzione di massa<\/p>\n<\/li>\n<\/ul>\n<h2 data-start=\"2056\" data-end=\"2083\"><strong data-start=\"2059\" data-end=\"2083\">Applicazioni tipiche<\/strong><\/h2>\n<ul data-start=\"2085\" data-end=\"2350\">\n<li data-start=\"2085\" data-end=\"2116\">\n<p data-start=\"2087\" data-end=\"2116\">Motori e pompe industriali<\/p>\n<\/li>\n<li data-start=\"2117\" data-end=\"2155\">\n<p data-start=\"2119\" data-end=\"2155\">Riduttori e sistemi di trasmissione<\/p>\n<\/li>\n<li data-start=\"2156\" data-end=\"2183\">\n<p data-start=\"2158\" data-end=\"2183\">Compressori e soffianti<\/p>\n<\/li>\n<li data-start=\"2184\" data-end=\"2227\">\n<p data-start=\"2186\" data-end=\"2227\">Trasportatori e sistemi di movimentazione dei materiali<\/p>\n<\/li>\n<li data-start=\"2228\" data-end=\"2273\">\n<p data-start=\"2230\" data-end=\"2273\">Miniere, costruzioni e macchinari pesanti<\/p>\n<\/li>\n<li data-start=\"2274\" data-end=\"2315\">\n<p data-start=\"2276\" data-end=\"2315\">Apparecchiature per la generazione di energia e per l'energia<\/p>\n<\/li>\n<li data-start=\"2316\" data-end=\"2350\">\n<p data-start=\"2318\" data-end=\"2350\">Sistemi di automazione e robotica<\/p>\n<\/li>\n<\/ul>\n<h2 data-start=\"2357\" data-end=\"2388\"><strong data-start=\"2360\" data-end=\"2388\">Tipi di accoppiamento che forniamo<\/strong><\/h2>\n<div class=\"TyagGW_tableContainer\">\n<div class=\"group TyagGW_tableWrapper flex flex-col-reverse w-fit\" tabindex=\"-1\">\n<table class=\"w-fit min-w-(--thread-content-width)\" data-start=\"2390\" data-end=\"3062\">\n<thead data-start=\"2390\" data-end=\"2435\">\n<tr data-start=\"2390\" data-end=\"2435\">\n<th data-start=\"2390\" data-end=\"2406\" data-col-size=\"sm\">Tipo di accoppiamento<\/th>\n<th data-start=\"2406\" data-end=\"2420\" data-col-size=\"md\">Descrizione<\/th>\n<th data-start=\"2420\" data-end=\"2435\" data-col-size=\"md\">Uso tipico<\/th>\n<\/tr>\n<\/thead>\n<tbody data-start=\"2450\" data-end=\"3062\">\n<tr data-start=\"2450\" data-end=\"2571\">\n<td data-start=\"2450\" data-end=\"2471\" data-col-size=\"sm\"><strong data-start=\"2452\" data-end=\"2470\">Giunto rigido<\/strong><\/td>\n<td data-start=\"2471\" data-end=\"2520\" data-col-size=\"md\">Collegamento solido, nessuna compensazione del disallineamento<\/td>\n<td data-start=\"2520\" data-end=\"2571\" data-col-size=\"md\">Allineamento preciso dell'albero, applicazioni a bassa velocit\u00e0<\/td>\n<\/tr>\n<tr data-start=\"2572\" data-end=\"2681\">\n<td data-start=\"2572\" data-end=\"2596\" data-col-size=\"sm\"><strong data-start=\"2574\" data-end=\"2595\">Giunto flessibile<\/strong><\/td>\n<td data-start=\"2596\" data-end=\"2639\" data-col-size=\"md\">Consente il disallineamento angolare e parallelo<\/td>\n<td data-start=\"2639\" data-end=\"2681\" data-col-size=\"md\">Motori, pompe, smorzamento delle vibrazioni leggere<\/td>\n<\/tr>\n<tr data-start=\"2682\" data-end=\"2787\">\n<td data-start=\"2682\" data-end=\"2701\" data-col-size=\"sm\"><strong data-start=\"2684\" data-end=\"2700\">Accoppiamento a ganasce<\/strong><\/td>\n<td data-start=\"2701\" data-end=\"2748\" data-col-size=\"md\">L'inserto in elastomero assorbe le vibrazioni e gli urti<\/td>\n<td data-start=\"2748\" data-end=\"2787\" data-col-size=\"md\">Trasmissione di coppia per uso generale<\/td>\n<\/tr>\n<tr data-start=\"2788\" data-end=\"2883\">\n<td data-start=\"2788\" data-end=\"2808\" data-col-size=\"sm\"><strong data-start=\"2790\" data-end=\"2807\">Accoppiamento a ingranaggi<\/strong><\/td>\n<td data-start=\"2808\" data-end=\"2848\" data-col-size=\"md\">Coppia elevata, compensa il disallineamento<\/td>\n<td data-start=\"2848\" data-end=\"2883\" data-col-size=\"md\">Macchinari industriali per impieghi gravosi<\/td>\n<\/tr>\n<tr data-start=\"2884\" data-end=\"2979\">\n<td data-start=\"2884\" data-end=\"2911\" data-col-size=\"sm\"><strong data-start=\"2886\" data-end=\"2910\">Accoppiamento griglia\/disco<\/strong><\/td>\n<td data-start=\"2911\" data-end=\"2947\" data-col-size=\"md\">Flessibilit\u00e0 torsionale, coppia elevata<\/td>\n<td data-start=\"2947\" data-end=\"2979\" data-col-size=\"md\">Pompe, compressori, turbine<\/td>\n<\/tr>\n<tr data-start=\"2980\" data-end=\"3062\">\n<td data-start=\"2980\" data-end=\"3002\" data-col-size=\"sm\"><strong data-start=\"2982\" data-end=\"3001\">Accoppiamento personalizzato<\/strong><\/td>\n<td data-start=\"3002\" data-end=\"3033\" data-col-size=\"md\">Progettato secondo le specifiche<\/td>\n<td data-start=\"3033\" data-end=\"3062\" data-col-size=\"md\">Macchinari OEM e speciali<\/td>\n<\/tr>\n<\/tbody>\n<\/table>\n<\/div>\n<\/div>\n<h2 data-start=\"3069\" data-end=\"3121\"><strong data-start=\"3072\" data-end=\"3119\">Parametri tecnici (gamma rappresentativa)<\/strong><\/h2>\n<div class=\"TyagGW_tableContainer\">\n<div class=\"group TyagGW_tableWrapper flex flex-col-reverse w-fit\" tabindex=\"-1\">\n<table class=\"w-fit min-w-(--thread-content-width)\" data-start=\"3123\" data-end=\"3669\">\n<thead data-start=\"3123\" data-end=\"3160\">\n<tr data-start=\"3123\" data-end=\"3160\">\n<th data-start=\"3123\" data-end=\"3135\" data-col-size=\"sm\">Parametro<\/th>\n<th data-start=\"3135\" data-end=\"3160\" data-col-size=\"md\">Specifiche \/ Gamma<\/th>\n<\/tr>\n<\/thead>\n<tbody data-start=\"3171\" data-end=\"3669\">\n<tr data-start=\"3171\" data-end=\"3268\">\n<td data-start=\"3171\" data-end=\"3190\" data-col-size=\"sm\">Opzioni di materiale<\/td>\n<td data-start=\"3190\" data-end=\"3268\" data-col-size=\"md\">Acciaio al carbonio, acciaio legato, acciaio inox, alluminio, tecnopolimeri<\/td>\n<\/tr>\n<tr data-start=\"3269\" data-end=\"3317\">\n<td data-start=\"3269\" data-end=\"3285\" data-col-size=\"sm\">Diametro del foro<\/td>\n<td data-start=\"3285\" data-end=\"3317\" data-col-size=\"md\">5 mm - 150 mm (personalizzabile)<\/td>\n<\/tr>\n<tr data-start=\"3318\" data-end=\"3381\">\n<td data-start=\"3318\" data-end=\"3336\" data-col-size=\"sm\">Capacit\u00e0 di coppia<\/td>\n<td data-start=\"3336\" data-end=\"3381\" data-col-size=\"md\">10 Nm - 50.000 Nm (a seconda dell'applicazione)<\/td>\n<\/tr>\n<tr data-start=\"3382\" data-end=\"3461\">\n<td data-start=\"3382\" data-end=\"3406\" data-col-size=\"sm\">Capacit\u00e0 di disallineamento<\/td>\n<td data-start=\"3406\" data-end=\"3461\" data-col-size=\"md\">Angolare: 1\u00b0-5\u00b0, Parallelo: 0,1-1 mm, Assiale: 0,5-5 mm<\/td>\n<\/tr>\n<tr data-start=\"3462\" data-end=\"3510\">\n<td data-start=\"3462\" data-end=\"3470\" data-col-size=\"sm\">Velocit\u00e0<\/td>\n<td data-start=\"3470\" data-end=\"3510\" data-col-size=\"md\">Fino a 10.000 giri\/min (a seconda del tipo)<\/td>\n<\/tr>\n<tr data-start=\"3511\" data-end=\"3562\">\n<td data-start=\"3511\" data-end=\"3531\" data-col-size=\"sm\">Trattamento della superficie<\/td>\n<td data-start=\"3531\" data-end=\"3562\" data-col-size=\"md\">Tempra, rivestimento, placcatura<\/td>\n<\/tr>\n<tr data-start=\"3563\" data-end=\"3607\">\n<td data-start=\"3563\" data-end=\"3585\" data-col-size=\"sm\">Standard supportati<\/td>\n<td data-start=\"3585\" data-end=\"3607\" data-col-size=\"md\">ISO, DIN, AGMA, GB<\/td>\n<\/tr>\n<tr data-start=\"3608\" data-end=\"3669\">\n<td data-start=\"3608\" data-end=\"3626\" data-col-size=\"sm\">Tipo di produzione<\/td>\n<td data-start=\"3626\" data-end=\"3669\" data-col-size=\"md\">Prototipo, piccolo lotto, produzione di massa<\/td>\n<\/tr>\n<\/tbody>\n<\/table>\n<\/div>\n<\/div>\n<h2 data-start=\"3676\" data-end=\"3709\"><strong data-start=\"3679\" data-end=\"3709\">Guida ai materiali e alla selezione<\/strong><\/h2>\n<div class=\"TyagGW_tableContainer\">\n<div class=\"group TyagGW_tableWrapper flex flex-col-reverse w-fit\" tabindex=\"-1\">\n<table class=\"w-fit min-w-(--thread-content-width)\" data-start=\"3711\" data-end=\"4136\">\n<thead data-start=\"3711\" data-end=\"3750\">\n<tr data-start=\"3711\" data-end=\"3750\">\n<th data-start=\"3711\" data-end=\"3722\" data-col-size=\"sm\">Materiale<\/th>\n<th data-start=\"3722\" data-end=\"3735\" data-col-size=\"sm\">Vantaggi<\/th>\n<th data-start=\"3735\" data-end=\"3750\" data-col-size=\"sm\">Uso tipico<\/th>\n<\/tr>\n<\/thead>\n<tbody data-start=\"3765\" data-end=\"4136\">\n<tr data-start=\"3765\" data-end=\"3841\">\n<td data-start=\"3765\" data-end=\"3784\" data-col-size=\"sm\"><strong data-start=\"3767\" data-end=\"3783\">Acciaio al carbonio<\/strong><\/td>\n<td data-start=\"3784\" data-end=\"3809\" data-col-size=\"sm\">Forte e conveniente<\/td>\n<td data-start=\"3809\" data-end=\"3841\" data-col-size=\"sm\">Giunti industriali generici<\/td>\n<\/tr>\n<tr data-start=\"3842\" data-end=\"3935\">\n<td data-start=\"3842\" data-end=\"3860\" data-col-size=\"sm\"><strong data-start=\"3844\" data-end=\"3859\">Acciaio legato<\/strong><\/td>\n<td data-start=\"3860\" data-end=\"3892\" data-col-size=\"sm\">Alta resistenza, resistente all'usura<\/td>\n<td data-start=\"3892\" data-end=\"3935\" data-col-size=\"sm\">Applicazioni per impieghi gravosi e coppie elevate<\/td>\n<\/tr>\n<tr data-start=\"3936\" data-end=\"4020\">\n<td data-start=\"3936\" data-end=\"3958\" data-col-size=\"sm\"><strong data-start=\"3938\" data-end=\"3957\">Acciaio inox<\/strong><\/td>\n<td data-start=\"3958\" data-end=\"3980\" data-col-size=\"sm\">Resistente alla corrosione<\/td>\n<td data-start=\"3980\" data-end=\"4020\" data-col-size=\"sm\">Macchine marine, chimiche e alimentari<\/td>\n<\/tr>\n<tr data-start=\"4021\" data-end=\"4136\">\n<td data-start=\"4021\" data-end=\"4061\" data-col-size=\"sm\"><strong data-start=\"4023\" data-end=\"4060\">Plastica tecnica \/ Elastomeri<\/strong><\/td>\n<td data-start=\"4061\" data-end=\"4093\" data-col-size=\"sm\">Assorbimento degli urti, leggerezza<\/td>\n<td data-start=\"4093\" data-end=\"4136\" data-col-size=\"sm\">Applicazioni a bassa velocit\u00e0 e soggette a vibrazioni<\/td>\n<\/tr>\n<\/tbody>\n<\/table>\n<\/div>\n<\/div>\n<div class=\"TyagGW_tableContainer\">\n<div class=\"group TyagGW_tableWrapper flex flex-col-reverse w-fit\" tabindex=\"-1\">\n<table class=\"w-fit min-w-(--thread-content-width)\" data-start=\"4138\" data-end=\"4521\">\n<thead data-start=\"4138\" data-end=\"4185\">\n<tr data-start=\"4138\" data-end=\"4185\">\n<th data-start=\"4138\" data-end=\"4154\" data-col-size=\"sm\">Tipo di accoppiamento<\/th>\n<th data-start=\"4154\" data-end=\"4166\" data-col-size=\"sm\">Vantaggio<\/th>\n<th data-start=\"4166\" data-end=\"4185\" data-col-size=\"sm\">Consigliato per<\/th>\n<\/tr>\n<\/thead>\n<tbody data-start=\"4200\" data-end=\"4521\">\n<tr data-start=\"4200\" data-end=\"4263\">\n<td data-start=\"4200\" data-end=\"4208\" data-col-size=\"sm\">Rigido<\/td>\n<td data-start=\"4208\" data-end=\"4241\" data-col-size=\"sm\">Coppia elevata, allineamento preciso<\/td>\n<td data-start=\"4241\" data-end=\"4263\" data-col-size=\"sm\">Macchine a bassa velocit\u00e0<\/td>\n<\/tr>\n<tr data-start=\"4264\" data-end=\"4320\">\n<td data-start=\"4264\" data-end=\"4275\" data-col-size=\"sm\">Flessibile<\/td>\n<td data-start=\"4275\" data-end=\"4303\" data-col-size=\"sm\">Compensazione del disallineamento<\/td>\n<td data-start=\"4303\" data-end=\"4320\" data-col-size=\"sm\">Motori, pompe<\/td>\n<\/tr>\n<tr data-start=\"4321\" data-end=\"4389\">\n<td data-start=\"4321\" data-end=\"4327\" data-col-size=\"sm\">Mascella<\/td>\n<td data-start=\"4327\" data-end=\"4350\" data-col-size=\"sm\">Assorbimento delle vibrazioni<\/td>\n<td data-start=\"4350\" data-end=\"4389\" data-col-size=\"sm\">Azionamenti generici a media velocit\u00e0<\/td>\n<\/tr>\n<tr data-start=\"4390\" data-end=\"4451\">\n<td data-start=\"4390\" data-end=\"4397\" data-col-size=\"sm\">Ingranaggio<\/td>\n<td data-start=\"4397\" data-end=\"4417\" data-col-size=\"sm\">Coppia per impieghi gravosi<\/td>\n<td data-start=\"4417\" data-end=\"4451\" data-col-size=\"sm\">Macchinari industriali ad alto carico<\/td>\n<\/tr>\n<tr data-start=\"4452\" data-end=\"4521\">\n<td data-start=\"4452\" data-end=\"4466\" data-col-size=\"sm\">Griglia \/ Disco<\/td>\n<td data-start=\"4466\" data-end=\"4489\" data-col-size=\"sm\">Flessibile alla torsione<\/td>\n<td data-start=\"4489\" data-end=\"4521\" data-col-size=\"sm\">Pompe, compressori, turbine<\/td>\n<\/tr>\n<\/tbody>\n<\/table>\n<\/div>\n<\/div>\n<h2 data-start=\"4528\" data-end=\"4551\"><strong data-start=\"4531\" data-end=\"4551\">Perch\u00e9 scegliere Wonzh<\/strong><\/h2>\n<ul data-start=\"4553\" data-end=\"4854\">\n<li data-start=\"4553\" data-end=\"4601\">\n<p data-start=\"4555\" data-end=\"4601\">Giunti di alta qualit\u00e0 e precisione<\/p>\n<\/li>\n<li data-start=\"4602\" data-end=\"4653\">\n<p data-start=\"4604\" data-end=\"4653\">Processi di produzione e ispezione avanzati<\/p>\n<\/li>\n<li data-start=\"4654\" data-end=\"4730\">\n<p data-start=\"4656\" data-end=\"4730\">Supporto ingegneristico personalizzato per la coppia, l'allineamento e la selezione dei materiali<\/p>\n<\/li>\n<li data-start=\"4731\" data-end=\"4800\">\n<p data-start=\"4733\" data-end=\"4800\">Durevole, resistente all'usura e affidabile per applicazioni pesanti<\/p>\n<\/li>\n<li data-start=\"4801\" data-end=\"4854\">\n<p data-start=\"4803\" data-end=\"4854\">Dal prototipo alla produzione di massa con consegna globale<\/p>\n<\/li>\n<\/ul>\n<h2 data-start=\"4861\" data-end=\"4902\"><strong data-start=\"4864\" data-end=\"4900\">Domande frequenti (FAQ)<\/strong><\/h2>\n<h3 data-start=\"4904\" data-end=\"4952\"><strong data-start=\"4908\" data-end=\"4950\">D1: Qual \u00e8 lo scopo di un accoppiamento?<\/strong><\/h3>\n<p data-start=\"4953\" data-end=\"5073\">Un giunto collega due alberi per trasmettere la coppia, adattandosi al disallineamento e assorbendo le vibrazioni o gli urti.<\/p>\n<h3 data-start=\"5075\" data-end=\"5122\"><strong data-start=\"5079\" data-end=\"5120\">D2: Potete fornire accoppiamenti personalizzati?<\/strong><\/h3>\n<p data-start=\"5123\" data-end=\"5230\">S\u00ec. Produciamo giunti personalizzati in base alle dimensioni degli alberi, ai requisiti di coppia e alle condizioni operative.<\/p>\n<h3 data-start=\"5232\" data-end=\"5306\"><strong data-start=\"5236\" data-end=\"5304\">D3: Qual \u00e8 il tipo di giunto migliore per le applicazioni a coppia elevata?<\/strong><\/h3>\n<p data-start=\"5307\" data-end=\"5404\"><strong data-start=\"5307\" data-end=\"5325\">Giunti ad ingranaggi<\/strong> e <strong data-start=\"5330\" data-end=\"5353\">accoppiamenti griglia\/disco<\/strong> sono ideali per macchinari ad alta coppia e per impieghi gravosi.<\/p>\n<h3 data-start=\"5406\" data-end=\"5468\"><strong data-start=\"5410\" data-end=\"5466\">D4: I giunti possono compensare il disallineamento dell'albero?<\/strong><\/h3>\n<p data-start=\"5469\" data-end=\"5569\">S\u00ec. I giunti flessibili, a ganasce, a ingranaggi e a dischi possono gestire disallineamenti angolari, paralleli e assiali.<\/p>\n<h3 data-start=\"5571\" data-end=\"5614\"><strong data-start=\"5575\" data-end=\"5612\">D5: Quali materiali sono disponibili?<\/strong><\/h3>\n<p data-start=\"5615\" data-end=\"5762\">I giunti sono realizzati in <strong data-start=\"5639\" data-end=\"5720\">acciaio al carbonio, acciaio legato, acciaio inossidabile, alluminio o tecnopolimeri<\/strong>, a seconda dei requisiti dell'applicazione.<\/p>","protected":false},"excerpt":{"rendered":"<p>Giunti forniti da <strong data-start=\"589\" data-end=\"598\">Wonzh<\/strong> sono componenti meccanici di precisione utilizzati per collegare due alberi per la trasmissione di potenza, adattando il disallineamento, riducendo le vibrazioni e proteggendo le apparecchiature collegate. I nostri giunti sono ampiamente applicati in <strong data-start=\"829\" data-end=\"907\">motori, pompe, compressori, nastri trasportatori, riduttori e macchinari industriali<\/strong>.<\/p>","protected":false},"featured_media":1530,"comment_status":"open","ping_status":"closed","template":"","meta":{"site-sidebar-layout":"default","site-content-layout":"","ast-site-content-layout":"default","site-content-style":"default","site-sidebar-style":"default","ast-global-header-display":"","ast-banner-title-visibility":"","ast-main-header-display":"","ast-hfb-above-header-display":"","ast-hfb-below-header-display":"","ast-hfb-mobile-header-display":"","site-post-title":"","ast-breadcrumbs-content":"","ast-featured-img":"","footer-sml-layout":"","ast-disable-related-posts":"","theme-transparent-header-meta":"default","adv-header-id-meta":"","stick-header-meta":"default","header-above-stick-meta":"","header-main-stick-meta":"","header-below-stick-meta":"","astra-migrate-meta-layouts":"set","ast-page-background-enabled":"default","ast-page-background-meta":{"desktop":{"background-color":"","background-image":"","background-repeat":"repeat","background-position":"center center","background-size":"auto","background-attachment":"scroll","background-type":"","background-media":"","overlay-type":"","overlay-color":"","overlay-opacity":"","overlay-gradient":""},"tablet":{"background-color":"","background-image":"","background-repeat":"repeat","background-position":"center center","background-size":"auto","background-attachment":"scroll","background-type":"","background-media":"","overlay-type":"","overlay-color":"","overlay-opacity":"","overlay-gradient":""},"mobile":{"background-color":"","background-image":"","background-repeat":"repeat","background-position":"center center","background-size":"auto","background-attachment":"scroll","background-type":"","background-media":"","overlay-type":"","overlay-color":"","overlay-opacity":"","overlay-gradient":""}},"ast-content-background-meta":{"desktop":{"background-color":"var(--ast-global-color-5)","background-image":"","background-repeat":"repeat","background-position":"center center","background-size":"auto","background-attachment":"scroll","background-type":"","background-media":"","overlay-type":"","overlay-color":"","overlay-opacity":"","overlay-gradient":""},"tablet":{"background-color":"var(--ast-global-color-5)","background-image":"","background-repeat":"repeat","background-position":"center center","background-size":"auto","background-attachment":"scroll","background-type":"","background-media":"","overlay-type":"","overlay-color":"","overlay-opacity":"","overlay-gradient":""},"mobile":{"background-color":"var(--ast-global-color-5)","background-image":"","background-repeat":"repeat","background-position":"center center","background-size":"auto","background-attachment":"scroll","background-type":"","background-media":"","overlay-type":"","overlay-color":"","overlay-opacity":"","overlay-gradient":""}}},"product_brand":[],"product_cat":[25],"product_tag":[385,381,377,372,375,376,383,371,374,380,382,373,378,384,379],"class_list":{"0":"post-1472","1":"product","2":"type-product","3":"status-publish","4":"has-post-thumbnail","6":"product_cat-transmission-drive-components","7":"product_tag-china-coupling-manufacturer","8":"product_tag-cnc-coupling","9":"product_tag-disc-coupling","10":"product_tag-flexible-coupling","11":"product_tag-gear-coupling","12":"product_tag-grid-coupling","13":"product_tag-high-torque-coupling","14":"product_tag-industrial-couplings","15":"product_tag-jaw-coupling","16":"product_tag-misalignment-compensation","17":"product_tag-oem-couplings","18":"product_tag-rigid-coupling","19":"product_tag-shaft-connection","20":"product_tag-stainless-steel-coupling","21":"product_tag-torque-transmission","22":"desktop-align-left","23":"tablet-align-left","24":"mobile-align-left","26":"first","27":"instock","28":"shipping-taxable","29":"product-type-simple"},"_links":{"self":[{"href":"https:\/\/www.wonzh.com\/it\/wp-json\/wp\/v2\/product\/1472","targetHints":{"allow":["GET"]}}],"collection":[{"href":"https:\/\/www.wonzh.com\/it\/wp-json\/wp\/v2\/product"}],"about":[{"href":"https:\/\/www.wonzh.com\/it\/wp-json\/wp\/v2\/types\/product"}],"replies":[{"embeddable":true,"href":"https:\/\/www.wonzh.com\/it\/wp-json\/wp\/v2\/comments?post=1472"}],"wp:featuredmedia":[{"embeddable":true,"href":"https:\/\/www.wonzh.com\/it\/wp-json\/wp\/v2\/media\/1530"}],"wp:attachment":[{"href":"https:\/\/www.wonzh.com\/it\/wp-json\/wp\/v2\/media?parent=1472"}],"wp:term":[{"taxonomy":"product_brand","embeddable":true,"href":"https:\/\/www.wonzh.com\/it\/wp-json\/wp\/v2\/product_brand?post=1472"},{"taxonomy":"product_cat","embeddable":true,"href":"https:\/\/www.wonzh.com\/it\/wp-json\/wp\/v2\/product_cat?post=1472"},{"taxonomy":"product_tag","embeddable":true,"href":"https:\/\/www.wonzh.com\/it\/wp-json\/wp\/v2\/product_tag?post=1472"}],"curies":[{"name":"wp","href":"https:\/\/api.w.org\/{rel}","templated":true}]}}