{"id":1460,"date":"2026-02-03T14:39:17","date_gmt":"2026-02-03T14:39:17","guid":{"rendered":"https:\/\/www.wonzh.com\/?post_type=product&#038;p=1460"},"modified":"2026-02-05T09:03:15","modified_gmt":"2026-02-05T09:03:15","slug":"wire-rope-sling-for-lifting-rigging-and-heavy-duty-industrial-handling","status":"publish","type":"product","link":"https:\/\/www.wonzh.com\/it\/product\/wire-rope-sling-for-lifting-rigging-and-heavy-duty-industrial-handling\/","title":{"rendered":"Imbracatura a fune metallica per il sollevamento, l'imbracatura e la movimentazione industriale pesante"},"content":{"rendered":"<p data-start=\"582\" data-end=\"931\">Le brache a fune metallica fornite da Wonzh sono gruppi di sollevamento fabbricati a regola d'arte in fune metallica d'acciaio ad alta resistenza con terminazioni sicure. Progettate per una movimentazione sicura e affidabile dei carichi, queste brache sono ampiamente utilizzate in gru, paranchi, operazioni di sollevamento, cantieri, miniere, porti e installazione di macchinari pesanti.<\/p>\n<p data-start=\"933\" data-end=\"1388\">Le nostre brache a fune metallica sono prodotte utilizzando funi metalliche in acciaio zincato o in acciaio inox, a seconda dell'esposizione ambientale e dei requisiti di corrosione. Ogni braca \u00e8 assemblata con ghiere, ditali e raccordi di precisione o pressati per garantire l'integrit\u00e0 strutturale, la stabilit\u00e0 del carico e la durata nel tempo. Tutte le imbracature sono prodotte secondo rigorose procedure di controllo della qualit\u00e0 per soddisfare gli standard internazionali di sicurezza per il sollevamento.<\/p>\n<p data-start=\"1390\" data-end=\"1698\">In qualit\u00e0 di fornitore industriale esperto, Wonzh fornisce brache a fune metallica standard e personalizzate, comprese diverse configurazioni, lunghezze, diametri e terminazioni. Il nostro team tecnico supporta la scelta del tipo di braca, del fattore di sicurezza e del limite di carico di lavoro (WLL) in base alle reali condizioni di applicazione.<\/p>\n<h2 data-start=\"1705\" data-end=\"1724\"><strong data-start=\"1708\" data-end=\"1724\">Caratteristiche principali<\/strong><\/h2>\n<ul data-start=\"1726\" data-end=\"2062\">\n<li data-start=\"1726\" data-end=\"1781\">\n<p data-start=\"1728\" data-end=\"1781\">Elevata capacit\u00e0 di carico ed eccellente resistenza alla fatica<\/p>\n<\/li>\n<li data-start=\"1782\" data-end=\"1826\">\n<p data-start=\"1784\" data-end=\"1826\">Terminazioni finali sicure per un sollevamento sicuro<\/p>\n<\/li>\n<li data-start=\"1827\" data-end=\"1894\">\n<p data-start=\"1829\" data-end=\"1894\">Disponibili opzioni resistenti alla corrosione (zincate o inossidabili)<\/p>\n<\/li>\n<li data-start=\"1895\" data-end=\"1951\">\n<p data-start=\"1897\" data-end=\"1951\">Adatto per applicazioni di sollevamento dinamico e statico<\/p>\n<\/li>\n<li data-start=\"1952\" data-end=\"2005\">\n<p data-start=\"1954\" data-end=\"2005\">Disponibili lunghezze, diametri e raccordi personalizzati<\/p>\n<\/li>\n<li data-start=\"2006\" data-end=\"2062\">\n<p data-start=\"2008\" data-end=\"2062\">Conforme ai principali standard internazionali di sollevamento<\/p>\n<\/li>\n<\/ul>\n<h2 data-start=\"2069\" data-end=\"2096\"><strong data-start=\"2072\" data-end=\"2096\">Applicazioni tipiche<\/strong><\/h2>\n<ul data-start=\"2098\" data-end=\"2359\">\n<li data-start=\"2098\" data-end=\"2127\">\n<p data-start=\"2100\" data-end=\"2127\">Sollevamento e sollevamento con gru<\/p>\n<\/li>\n<li data-start=\"2128\" data-end=\"2159\">\n<p data-start=\"2130\" data-end=\"2159\">Terminali portuali e marittimi<\/p>\n<\/li>\n<li data-start=\"2160\" data-end=\"2204\">\n<p data-start=\"2162\" data-end=\"2204\">Progetti di costruzione e infrastrutture<\/p>\n<\/li>\n<li data-start=\"2205\" data-end=\"2234\">\n<p data-start=\"2207\" data-end=\"2234\">Industria mineraria e pesante<\/p>\n<\/li>\n<li data-start=\"2235\" data-end=\"2280\">\n<p data-start=\"2237\" data-end=\"2280\">Impianti siderurgici e strutture produttive<\/p>\n<\/li>\n<li data-start=\"2281\" data-end=\"2315\">\n<p data-start=\"2283\" data-end=\"2315\">Operazioni offshore e marine<\/p>\n<\/li>\n<li data-start=\"2316\" data-end=\"2359\">\n<p data-start=\"2318\" data-end=\"2359\">Centrali elettriche e manutenzione industriale<\/p>\n<\/li>\n<\/ul>\n<h2 data-start=\"2366\" data-end=\"2404\"><strong data-start=\"2369\" data-end=\"2404\">Tipi di imbracatura a fune che forniamo<\/strong><\/h2>\n<div class=\"TyagGW_tableContainer\">\n<div class=\"group TyagGW_tableWrapper flex flex-col-reverse w-fit\" tabindex=\"-1\">\n<table class=\"w-fit min-w-(--thread-content-width)\" data-start=\"2406\" data-end=\"2847\">\n<thead data-start=\"2406\" data-end=\"2448\">\n<tr data-start=\"2406\" data-end=\"2448\">\n<th data-start=\"2406\" data-end=\"2419\" data-col-size=\"sm\">Tipo di imbracatura<\/th>\n<th data-start=\"2419\" data-end=\"2433\" data-col-size=\"sm\">Descrizione<\/th>\n<th data-start=\"2433\" data-end=\"2448\" data-col-size=\"sm\">Uso tipico<\/th>\n<\/tr>\n<\/thead>\n<tbody data-start=\"2463\" data-end=\"2847\">\n<tr data-start=\"2463\" data-end=\"2544\">\n<td data-start=\"2463\" data-end=\"2486\" data-col-size=\"sm\"><strong data-start=\"2465\" data-end=\"2485\">Imbragatura a gamba singola<\/strong><\/td>\n<td data-start=\"2486\" data-end=\"2519\" data-col-size=\"sm\">Una corda con due terminali<\/td>\n<td data-start=\"2519\" data-end=\"2544\" data-col-size=\"sm\">Sollevamenti rettilinei semplici<\/td>\n<\/tr>\n<tr data-start=\"2545\" data-end=\"2622\">\n<td data-start=\"2545\" data-end=\"2565\" data-col-size=\"sm\"><strong data-start=\"2547\" data-end=\"2564\">Imbracatura a due gambe<\/strong><\/td>\n<td data-start=\"2565\" data-end=\"2604\" data-col-size=\"sm\">Due funi collegate a un collegamento master<\/td>\n<td data-start=\"2604\" data-end=\"2622\" data-col-size=\"sm\">Carichi bilanciati<\/td>\n<\/tr>\n<tr data-start=\"2623\" data-end=\"2701\">\n<td data-start=\"2623\" data-end=\"2644\" data-col-size=\"sm\"><strong data-start=\"2625\" data-end=\"2643\">Imbracatura a quattro gambe<\/strong><\/td>\n<td data-start=\"2644\" data-end=\"2673\" data-col-size=\"sm\">Quattro corde per carichi pesanti<\/td>\n<td data-start=\"2673\" data-end=\"2701\" data-col-size=\"sm\">Sollevamento industriale di grandi dimensioni<\/td>\n<\/tr>\n<tr data-start=\"2702\" data-end=\"2768\">\n<td data-start=\"2702\" data-end=\"2722\" data-col-size=\"sm\"><strong data-start=\"2704\" data-end=\"2721\">Fionda senza fine<\/strong><\/td>\n<td data-start=\"2722\" data-end=\"2740\" data-col-size=\"sm\">Anello continuo<\/td>\n<td data-start=\"2740\" data-end=\"2768\" data-col-size=\"sm\">Carichi sensibili all'abrasione<\/td>\n<\/tr>\n<tr data-start=\"2769\" data-end=\"2847\">\n<td data-start=\"2769\" data-end=\"2788\" data-col-size=\"sm\"><strong data-start=\"2771\" data-end=\"2787\">Imbragatura a cesto<\/strong><\/td>\n<td data-start=\"2788\" data-end=\"2813\" data-col-size=\"sm\">La corda passa sotto carico<\/td>\n<td data-start=\"2813\" data-end=\"2847\" data-col-size=\"sm\">Protezione e stabilit\u00e0 della superficie<\/td>\n<\/tr>\n<\/tbody>\n<\/table>\n<\/div>\n<\/div>\n<h2 data-start=\"2854\" data-end=\"2906\"><strong data-start=\"2857\" data-end=\"2904\">Parametri tecnici (gamma rappresentativa)<\/strong><\/h2>\n<div class=\"TyagGW_tableContainer\">\n<div class=\"group TyagGW_tableWrapper flex flex-col-reverse w-fit\" tabindex=\"-1\">\n<table class=\"w-fit min-w-(--thread-content-width)\" data-start=\"2908\" data-end=\"3367\">\n<thead data-start=\"2908\" data-end=\"2945\">\n<tr data-start=\"2908\" data-end=\"2945\">\n<th data-start=\"2908\" data-end=\"2920\" data-col-size=\"sm\">Parametro<\/th>\n<th data-start=\"2920\" data-end=\"2945\" data-col-size=\"sm\">Specifiche \/ Gamma<\/th>\n<\/tr>\n<\/thead>\n<tbody data-start=\"2956\" data-end=\"3367\">\n<tr data-start=\"2956\" data-end=\"3011\">\n<td data-start=\"2956\" data-end=\"2972\" data-col-size=\"sm\">Materiale di base<\/td>\n<td data-start=\"2972\" data-end=\"3011\" data-col-size=\"sm\">Acciaio zincato o acciaio inox<\/td>\n<\/tr>\n<tr data-start=\"3012\" data-end=\"3065\">\n<td data-start=\"3012\" data-end=\"3037\" data-col-size=\"sm\">Costruzione di funi metalliche<\/td>\n<td data-start=\"3037\" data-end=\"3065\" data-col-size=\"sm\">6\u00d719, 6\u00d737, 7\u00d719, 6\u00d736WS<\/td>\n<\/tr>\n<tr data-start=\"3066\" data-end=\"3118\">\n<td data-start=\"3066\" data-end=\"3083\" data-col-size=\"sm\">Gamma di diametri<\/td>\n<td data-start=\"3083\" data-end=\"3118\" data-col-size=\"sm\">6 mm - 60 mm (disponibile su misura)<\/td>\n<\/tr>\n<tr data-start=\"3119\" data-end=\"3171\">\n<td data-start=\"3119\" data-end=\"3146\" data-col-size=\"sm\">Limite di carico di lavoro (WLL)<\/td>\n<td data-start=\"3146\" data-end=\"3171\" data-col-size=\"sm\">Dipende dall'applicazione<\/td>\n<\/tr>\n<tr data-start=\"3172\" data-end=\"3212\">\n<td data-start=\"3172\" data-end=\"3188\" data-col-size=\"sm\">Fattore di sicurezza<\/td>\n<td data-start=\"3188\" data-end=\"3212\" data-col-size=\"sm\">In genere 5:1 o 6:1<\/td>\n<\/tr>\n<tr data-start=\"3213\" data-end=\"3272\">\n<td data-start=\"3213\" data-end=\"3228\" data-col-size=\"sm\">Raccordi terminali<\/td>\n<td data-start=\"3228\" data-end=\"3272\" data-col-size=\"sm\">Ditale, gancio, grillo, occhiello, maglie master<\/td>\n<\/tr>\n<tr data-start=\"3273\" data-end=\"3324\">\n<td data-start=\"3273\" data-end=\"3290\" data-col-size=\"sm\">Finitura superficiale<\/td>\n<td data-start=\"3290\" data-end=\"3324\" data-col-size=\"sm\">Zincato o inox lucido<\/td>\n<\/tr>\n<tr data-start=\"3325\" data-end=\"3367\">\n<td data-start=\"3325\" data-end=\"3347\" data-col-size=\"sm\">Standard supportati<\/td>\n<td data-start=\"3347\" data-end=\"3367\" data-col-size=\"sm\">ISO, EN, DIN, GB<\/td>\n<\/tr>\n<\/tbody>\n<\/table>\n<\/div>\n<\/div>\n<h2 data-start=\"3374\" data-end=\"3420\"><strong data-start=\"3377\" data-end=\"3420\">Guida alla scelta dei materiali e delle costruzioni<\/strong><\/h2>\n<div class=\"TyagGW_tableContainer\">\n<div class=\"group TyagGW_tableWrapper flex flex-col-reverse w-fit\" tabindex=\"-1\">\n<table class=\"w-fit min-w-(--thread-content-width)\" data-start=\"3422\" data-end=\"3807\">\n<thead data-start=\"3422\" data-end=\"3462\">\n<tr data-start=\"3422\" data-end=\"3462\">\n<th data-start=\"3422\" data-end=\"3431\" data-col-size=\"sm\">Opzione<\/th>\n<th data-start=\"3431\" data-end=\"3443\" data-col-size=\"md\">Vantaggio<\/th>\n<th data-start=\"3443\" data-end=\"3462\" data-col-size=\"sm\">Consigliato per<\/th>\n<\/tr>\n<\/thead>\n<tbody data-start=\"3477\" data-end=\"3807\">\n<tr data-start=\"3477\" data-end=\"3568\">\n<td data-start=\"3477\" data-end=\"3505\" data-col-size=\"sm\"><strong data-start=\"3479\" data-end=\"3504\">Imbracatura in corda zincata<\/strong><\/td>\n<td data-start=\"3505\" data-end=\"3549\" data-col-size=\"md\">Buona resistenza alla corrosione, conveniente<\/td>\n<td data-start=\"3549\" data-end=\"3568\" data-col-size=\"sm\">Sollevamento all'aperto<\/td>\n<\/tr>\n<tr data-start=\"3569\" data-end=\"3662\">\n<td data-start=\"3569\" data-end=\"3602\" data-col-size=\"sm\"><strong data-start=\"3571\" data-end=\"3601\">Imbracatura a fune in acciaio inox (316)<\/strong><\/td>\n<td data-start=\"3602\" data-end=\"3635\" data-col-size=\"md\">Eccellente resistenza alla corrosione<\/td>\n<td data-start=\"3635\" data-end=\"3662\" data-col-size=\"sm\">Siti marini e chimici<\/td>\n<\/tr>\n<tr data-start=\"3663\" data-end=\"3746\">\n<td data-start=\"3663\" data-end=\"3687\" data-col-size=\"sm\"><strong data-start=\"3665\" data-end=\"3686\">6\u00d719 Costruzione<\/strong><\/td>\n<td data-start=\"3687\" data-end=\"3724\" data-col-size=\"md\">Maggiore forza, minore flessibilit\u00e0<\/td>\n<td data-start=\"3724\" data-end=\"3746\" data-col-size=\"sm\">Sollevamento di carichi pesanti<\/td>\n<\/tr>\n<tr data-start=\"3747\" data-end=\"3807\">\n<td data-start=\"3747\" data-end=\"3771\" data-col-size=\"sm\"><strong data-start=\"3749\" data-end=\"3770\">6\u00d737 Costruzione<\/strong><\/td>\n<td data-start=\"3771\" data-end=\"3787\" data-col-size=\"md\">Pi\u00f9 flessibile<\/td>\n<td data-start=\"3787\" data-end=\"3807\" data-col-size=\"sm\">Sollevamento dinamico<\/td>\n<\/tr>\n<\/tbody>\n<\/table>\n<\/div>\n<\/div>\n<h2 data-start=\"3814\" data-end=\"3837\"><strong data-start=\"3817\" data-end=\"3837\">Perch\u00e9 scegliere Wonzh<\/strong><\/h2>\n<ul data-start=\"3839\" data-end=\"4082\">\n<li data-start=\"3839\" data-end=\"3883\">\n<p data-start=\"3841\" data-end=\"3883\">Rigoroso controllo di qualit\u00e0 su ogni imbracatura<\/p>\n<\/li>\n<li data-start=\"3884\" data-end=\"3933\">\n<p data-start=\"3886\" data-end=\"3933\">Fabbricazione certificata e terminazioni sicure<\/p>\n<\/li>\n<li data-start=\"3934\" data-end=\"3975\">\n<p data-start=\"3936\" data-end=\"3975\">Ampia gamma di tipi di funi e accessori<\/p>\n<\/li>\n<li data-start=\"3976\" data-end=\"4035\">\n<p data-start=\"3978\" data-end=\"4035\">Supporto ingegneristico per la selezione del WLL e del fattore di sicurezza<\/p>\n<\/li>\n<li data-start=\"4036\" data-end=\"4082\">\n<p data-start=\"4038\" data-end=\"4082\">Fornitura stabile e consegna globale affidabile<\/p>\n<\/li>\n<\/ul>\n<h2 data-start=\"4089\" data-end=\"4130\"><strong data-start=\"4092\" data-end=\"4128\">Domande frequenti (FAQ)<\/strong><\/h2>\n<h3 data-start=\"4132\" data-end=\"4181\"><strong data-start=\"4136\" data-end=\"4179\">D1: A cosa serve un'imbracatura a fune metallica?<\/strong><\/h3>\n<p data-start=\"4182\" data-end=\"4294\">Viene utilizzato per il sollevamento, l'imbracatura e il fissaggio di carichi pesanti in gru, paranchi e operazioni di movimentazione industriale.<\/p>\n<h3 data-start=\"4296\" data-end=\"4338\"><strong data-start=\"4300\" data-end=\"4336\">D2: Quale imbragatura scegliere?<\/strong><\/h3>\n<ul data-start=\"4339\" data-end=\"4506\">\n<li data-start=\"4339\" data-end=\"4380\">\n<p data-start=\"4341\" data-end=\"4380\"><strong data-start=\"4341\" data-end=\"4356\">Gamba singola:<\/strong> sollevamenti rettilinei semplici<\/p>\n<\/li>\n<li data-start=\"4381\" data-end=\"4412\">\n<p data-start=\"4383\" data-end=\"4412\"><strong data-start=\"4383\" data-end=\"4395\">A due gambe:<\/strong> carichi bilanciati<\/p>\n<\/li>\n<li data-start=\"4413\" data-end=\"4456\">\n<p data-start=\"4415\" data-end=\"4456\"><strong data-start=\"4415\" data-end=\"4428\">Quattro gambe:<\/strong> carichi molto pesanti o grandi<\/p>\n<\/li>\n<li data-start=\"4457\" data-end=\"4506\">\n<p data-start=\"4459\" data-end=\"4506\"><strong data-start=\"4459\" data-end=\"4471\">Senza fine:<\/strong> quando la superficie di carico deve essere protetta<\/p>\n<\/li>\n<\/ul>\n<h3 data-start=\"4508\" data-end=\"4534\"><strong data-start=\"4512\" data-end=\"4532\">D3: Che cos'\u00e8 il WLL?<\/strong><\/h3>\n<p data-start=\"4535\" data-end=\"4630\">WLL (Working Load Limit) \u00e8 il limite di carico di lavoro. <strong data-start=\"4567\" data-end=\"4588\">carico massimo di sicurezza<\/strong> un'imbracatura pu\u00f2 sollevare in condizioni normali.<\/p>\n<h3 data-start=\"4632\" data-end=\"4690\"><strong data-start=\"4636\" data-end=\"4688\">D4: L'imbracatura zincata \u00e8 adatta all'uso in mare?<\/strong><\/h3>\n<p data-start=\"4691\" data-end=\"4797\">S\u00ec, ma per ambienti altamente corrosivi di acqua salata, <strong data-start=\"4745\" data-end=\"4780\">Brache in acciaio inox AISI 316<\/strong> sono raccomandati.<\/p>\n<h3 data-start=\"4799\" data-end=\"4839\"><strong data-start=\"4803\" data-end=\"4837\">D5: Realizzate imbragature personalizzate?<\/strong><\/h3>\n<p data-start=\"4840\" data-end=\"4946\">S\u00ec. Possiamo personalizzare la lunghezza, il diametro, la struttura e i raccordi terminali in base alle vostre esigenze di sollevamento.<\/p>","protected":false},"excerpt":{"rendered":"<p>Le brache a fune metallica fornite da Wonzh sono gruppi di sollevamento fabbricati a regola d'arte in fune metallica d'acciaio ad alta resistenza con terminazioni sicure. Progettate per una movimentazione sicura e affidabile dei carichi, queste brache sono ampiamente utilizzate in gru, paranchi, operazioni di sollevamento, cantieri, miniere, porti e installazione di macchinari pesanti.<\/p>","protected":false},"featured_media":1510,"comment_status":"open","ping_status":"closed","template":"","meta":{"site-sidebar-layout":"default","site-content-layout":"","ast-site-content-layout":"default","site-content-style":"default","site-sidebar-style":"default","ast-global-header-display":"","ast-banner-title-visibility":"","ast-main-header-display":"","ast-hfb-above-header-display":"","ast-hfb-below-header-display":"","ast-hfb-mobile-header-display":"","site-post-title":"","ast-breadcrumbs-content":"","ast-featured-img":"","footer-sml-layout":"","ast-disable-related-posts":"","theme-transparent-header-meta":"default","adv-header-id-meta":"","stick-header-meta":"default","header-above-stick-meta":"","header-main-stick-meta":"","header-below-stick-meta":"","astra-migrate-meta-layouts":"set","ast-page-background-enabled":"default","ast-page-background-meta":{"desktop":{"background-color":"","background-image":"","background-repeat":"repeat","background-position":"center center","background-size":"auto","background-attachment":"scroll","background-type":"","background-media":"","overlay-type":"","overlay-color":"","overlay-opacity":"","overlay-gradient":""},"tablet":{"background-color":"","background-image":"","background-repeat":"repeat","background-position":"center center","background-size":"auto","background-attachment":"scroll","background-type":"","background-media":"","overlay-type":"","overlay-color":"","overlay-opacity":"","overlay-gradient":""},"mobile":{"background-color":"","background-image":"","background-repeat":"repeat","background-position":"center center","background-size":"auto","background-attachment":"scroll","background-type":"","background-media":"","overlay-type":"","overlay-color":"","overlay-opacity":"","overlay-gradient":""}},"ast-content-background-meta":{"desktop":{"background-color":"var(--ast-global-color-5)","background-image":"","background-repeat":"repeat","background-position":"center center","background-size":"auto","background-attachment":"scroll","background-type":"","background-media":"","overlay-type":"","overlay-color":"","overlay-opacity":"","overlay-gradient":""},"tablet":{"background-color":"var(--ast-global-color-5)","background-image":"","background-repeat":"repeat","background-position":"center center","background-size":"auto","background-attachment":"scroll","background-type":"","background-media":"","overlay-type":"","overlay-color":"","overlay-opacity":"","overlay-gradient":""},"mobile":{"background-color":"var(--ast-global-color-5)","background-image":"","background-repeat":"repeat","background-position":"center center","background-size":"auto","background-attachment":"scroll","background-type":"","background-media":"","overlay-type":"","overlay-color":"","overlay-opacity":"","overlay-gradient":""}}},"product_brand":[],"product_cat":[22],"product_tag":[274,275,283,270,281,278,277,272,279,280,282,269,271,273,276,268],"class_list":{"0":"post-1460","1":"product","2":"type-product","3":"status-publish","4":"has-post-thumbnail","6":"product_cat-wire-rope-lifting-accessories","7":"product_tag-6x19-sling","8":"product_tag-6x37-sling","9":"product_tag-china-sling-manufacturer","10":"product_tag-crane-sling","11":"product_tag-din-sling","12":"product_tag-endless-sling","13":"product_tag-four-leg-sling","14":"product_tag-galvanized-sling","15":"product_tag-hoisting-sling","16":"product_tag-industrial-lifting","17":"product_tag-iso-wire-rope-sling","18":"product_tag-lifting-sling","19":"product_tag-rigging-sling","20":"product_tag-stainless-steel-sling","21":"product_tag-two-leg-sling","22":"product_tag-wire-rope-sling","23":"desktop-align-left","24":"tablet-align-left","25":"mobile-align-left","27":"first","28":"instock","29":"shipping-taxable","30":"product-type-simple"},"_links":{"self":[{"href":"https:\/\/www.wonzh.com\/it\/wp-json\/wp\/v2\/product\/1460","targetHints":{"allow":["GET"]}}],"collection":[{"href":"https:\/\/www.wonzh.com\/it\/wp-json\/wp\/v2\/product"}],"about":[{"href":"https:\/\/www.wonzh.com\/it\/wp-json\/wp\/v2\/types\/product"}],"replies":[{"embeddable":true,"href":"https:\/\/www.wonzh.com\/it\/wp-json\/wp\/v2\/comments?post=1460"}],"wp:featuredmedia":[{"embeddable":true,"href":"https:\/\/www.wonzh.com\/it\/wp-json\/wp\/v2\/media\/1510"}],"wp:attachment":[{"href":"https:\/\/www.wonzh.com\/it\/wp-json\/wp\/v2\/media?parent=1460"}],"wp:term":[{"taxonomy":"product_brand","embeddable":true,"href":"https:\/\/www.wonzh.com\/it\/wp-json\/wp\/v2\/product_brand?post=1460"},{"taxonomy":"product_cat","embeddable":true,"href":"https:\/\/www.wonzh.com\/it\/wp-json\/wp\/v2\/product_cat?post=1460"},{"taxonomy":"product_tag","embeddable":true,"href":"https:\/\/www.wonzh.com\/it\/wp-json\/wp\/v2\/product_tag?post=1460"}],"curies":[{"name":"wp","href":"https:\/\/api.w.org\/{rel}","templated":true}]}}