{"id":1450,"date":"2026-02-03T14:29:35","date_gmt":"2026-02-03T14:29:35","guid":{"rendered":"https:\/\/www.wonzh.com\/?post_type=product&#038;p=1450"},"modified":"2026-02-05T05:02:29","modified_gmt":"2026-02-05T05:02:29","slug":"galvanized-steel-wire-rope-for-lifting-hoisting-and-industrial-applications","status":"publish","type":"product","link":"https:\/\/www.wonzh.com\/it\/product\/galvanized-steel-wire-rope-for-lifting-hoisting-and-industrial-applications\/","title":{"rendered":"Funi metalliche in acciaio zincato per il sollevamento, l'arginatura e le applicazioni industriali"},"content":{"rendered":"<p data-start=\"583\" data-end=\"958\">Le funi metalliche in acciaio zincato fornite da Wonzh sono prodotte con fili di acciaio al carbonio di alta qualit\u00e0 che vengono immersi a caldo o elettrozincati per migliorare la resistenza alla corrosione e la durata. Il rivestimento di zinco fornisce una protezione efficace contro l'umidit\u00e0, le sostanze chimiche e gli ambienti esterni pi\u00f9 difficili, rendendola ideale per il sollevamento, l'argenteria e le applicazioni strutturali.<\/p>\n<p data-start=\"960\" data-end=\"1274\">Le nostre funi metalliche zincate sono prodotte in base a rigorosi standard di controllo della qualit\u00e0, che garantiscono una costante resistenza alla trazione, alla flessibilit\u00e0 e alla fatica. La tecnologia di trefolatura di precisione riduce al minimo l'attrito interno tra i fili, migliorando la stabilit\u00e0 del carico e la sicurezza operativa in condizioni di lavoro dinamiche.<\/p>\n<p data-start=\"1276\" data-end=\"1621\">In qualit\u00e0 di fornitore esperto di componenti industriali, Wonzh fornisce costruzioni standard e soluzioni di funi metalliche personalizzate in base ai requisiti di carico, alle condizioni di abrasione e all'esposizione ambientale. Il nostro team tecnico supporta la scelta del diametro, del tipo di anima, del modello di costruzione e della finitura superficiale in base alle reali esigenze applicative.<\/p>\n<h2 data-start=\"1628\" data-end=\"1647\"><strong data-start=\"1631\" data-end=\"1647\">Caratteristiche principali<\/strong><\/h2>\n<ul data-start=\"1649\" data-end=\"1979\">\n<li data-start=\"1649\" data-end=\"1709\">\n<p data-start=\"1651\" data-end=\"1709\">Eccellente resistenza alla corrosione grazie al rivestimento zincato<\/p>\n<\/li>\n<li data-start=\"1710\" data-end=\"1770\">\n<p data-start=\"1712\" data-end=\"1770\">Elevata resistenza alla trazione e capacit\u00e0 di carico affidabile<\/p>\n<\/li>\n<li data-start=\"1771\" data-end=\"1814\">\n<p data-start=\"1773\" data-end=\"1814\">Buona flessibilit\u00e0 e resistenza alla fatica<\/p>\n<\/li>\n<li data-start=\"1815\" data-end=\"1871\">\n<p data-start=\"1817\" data-end=\"1871\">Lunga durata in ambienti esterni e marini<\/p>\n<\/li>\n<li data-start=\"1872\" data-end=\"1939\">\n<p data-start=\"1874\" data-end=\"1939\">Adatto al sollevamento dinamico e alle applicazioni strutturali statiche<\/p>\n<\/li>\n<li data-start=\"1940\" data-end=\"1979\">\n<p data-start=\"1942\" data-end=\"1979\">Dimensioni standard e personalizzate disponibili<\/p>\n<\/li>\n<\/ul>\n<h2 data-start=\"1986\" data-end=\"2013\"><strong data-start=\"1989\" data-end=\"2013\">Applicazioni tipiche<\/strong><\/h2>\n<ul data-start=\"2015\" data-end=\"2270\">\n<li data-start=\"2015\" data-end=\"2048\">\n<p data-start=\"2017\" data-end=\"2048\">Gru e attrezzature di sollevamento<\/p>\n<\/li>\n<li data-start=\"2049\" data-end=\"2074\">\n<p data-start=\"2051\" data-end=\"2074\">Ascensori e argani<\/p>\n<\/li>\n<li data-start=\"2075\" data-end=\"2112\">\n<p data-start=\"2077\" data-end=\"2112\">Macchine da miniera e da costruzione<\/p>\n<\/li>\n<li data-start=\"2113\" data-end=\"2147\">\n<p data-start=\"2115\" data-end=\"2147\">Operazioni marine e offshore<\/p>\n<\/li>\n<li data-start=\"2148\" data-end=\"2188\">\n<p data-start=\"2150\" data-end=\"2188\">Ponti sospesi e sistemi a fune<\/p>\n<\/li>\n<li data-start=\"2189\" data-end=\"2230\">\n<p data-start=\"2191\" data-end=\"2230\">Imbracature industriali e imbracature di sollevamento<\/p>\n<\/li>\n<li data-start=\"2231\" data-end=\"2270\">\n<p data-start=\"2233\" data-end=\"2270\">Macchine agricole e forestali<\/p>\n<\/li>\n<\/ul>\n<h2 data-start=\"2277\" data-end=\"2329\"><strong data-start=\"2280\" data-end=\"2327\">Parametri tecnici (gamma rappresentativa)<\/strong><\/h2>\n<div class=\"TyagGW_tableContainer\">\n<div class=\"group TyagGW_tableWrapper flex flex-col-reverse w-fit\" tabindex=\"-1\">\n<table class=\"w-fit min-w-(--thread-content-width)\" data-start=\"2331\" data-end=\"2794\">\n<thead data-start=\"2331\" data-end=\"2368\">\n<tr data-start=\"2331\" data-end=\"2368\">\n<th data-start=\"2331\" data-end=\"2343\" data-col-size=\"sm\">Parametro<\/th>\n<th data-start=\"2343\" data-end=\"2368\" data-col-size=\"md\">Specifiche \/ Gamma<\/th>\n<\/tr>\n<\/thead>\n<tbody data-start=\"2379\" data-end=\"2794\">\n<tr data-start=\"2379\" data-end=\"2424\">\n<td data-start=\"2379\" data-end=\"2394\" data-col-size=\"sm\">Tipo di prodotto<\/td>\n<td data-start=\"2394\" data-end=\"2424\" data-col-size=\"md\">Filo d'acciaio zincato<\/td>\n<\/tr>\n<tr data-start=\"2425\" data-end=\"2484\">\n<td data-start=\"2425\" data-end=\"2440\" data-col-size=\"sm\">Tipo di rivestimento<\/td>\n<td data-start=\"2440\" data-end=\"2484\" data-col-size=\"md\">Zincato a caldo o elettrozincato<\/td>\n<\/tr>\n<tr data-start=\"2485\" data-end=\"2543\">\n<td data-start=\"2485\" data-end=\"2510\" data-col-size=\"sm\">Costruzione di funi metalliche<\/td>\n<td data-start=\"2510\" data-end=\"2543\" data-col-size=\"md\">6\u00d719, 6\u00d737, 7\u00d719, 7\u00d77, 6\u00d736WS<\/td>\n<\/tr>\n<tr data-start=\"2544\" data-end=\"2612\">\n<td data-start=\"2544\" data-end=\"2556\" data-col-size=\"sm\">Tipo di nucleo<\/td>\n<td data-start=\"2556\" data-end=\"2612\" data-col-size=\"md\">FC (anima in fibra) o IWRC (anima a fune indipendente)<\/td>\n<\/tr>\n<tr data-start=\"2613\" data-end=\"2665\">\n<td data-start=\"2613\" data-end=\"2630\" data-col-size=\"sm\">Gamma di diametri<\/td>\n<td data-start=\"2630\" data-end=\"2665\" data-col-size=\"md\">2 mm - 60 mm (disponibile su misura)<\/td>\n<\/tr>\n<tr data-start=\"2666\" data-end=\"2704\">\n<td data-start=\"2666\" data-end=\"2685\" data-col-size=\"sm\">Resistenza alla trazione<\/td>\n<td data-start=\"2685\" data-end=\"2704\" data-col-size=\"md\">1570 - 1960 MPa<\/td>\n<\/tr>\n<tr data-start=\"2705\" data-end=\"2751\">\n<td data-start=\"2705\" data-end=\"2722\" data-col-size=\"sm\">Finitura superficiale<\/td>\n<td data-start=\"2722\" data-end=\"2751\" data-col-size=\"md\">Rivestimento galvanizzato liscio<\/td>\n<\/tr>\n<tr data-start=\"2752\" data-end=\"2794\">\n<td data-start=\"2752\" data-end=\"2774\" data-col-size=\"sm\">Standard supportati<\/td>\n<td data-start=\"2774\" data-end=\"2794\" data-col-size=\"md\">ISO, DIN, EN, GB<\/td>\n<\/tr>\n<\/tbody>\n<\/table>\n<\/div>\n<\/div>\n<h2 data-start=\"2801\" data-end=\"2838\"><strong data-start=\"2804\" data-end=\"2838\">Costruzioni comuni di funi metalliche<\/strong><\/h2>\n<div class=\"TyagGW_tableContainer\">\n<div class=\"group TyagGW_tableWrapper flex flex-col-reverse w-fit\" tabindex=\"-1\">\n<table class=\"w-fit min-w-(--thread-content-width)\" data-start=\"2840\" data-end=\"3150\">\n<thead data-start=\"2840\" data-end=\"2884\">\n<tr data-start=\"2840\" data-end=\"2884\">\n<th data-start=\"2840\" data-end=\"2855\" data-col-size=\"sm\">Costruzione<\/th>\n<th data-start=\"2855\" data-end=\"2869\" data-col-size=\"sm\">Flessibilit\u00e0<\/th>\n<th data-start=\"2869\" data-end=\"2884\" data-col-size=\"sm\">Uso tipico<\/th>\n<\/tr>\n<\/thead>\n<tbody data-start=\"2899\" data-end=\"3150\">\n<tr data-start=\"2899\" data-end=\"2960\">\n<td data-start=\"2899\" data-end=\"2920\" data-col-size=\"sm\"><strong data-start=\"2901\" data-end=\"2919\">6\u00d719 + FC\/IWRC<\/strong><\/td>\n<td data-start=\"2920\" data-end=\"2929\" data-col-size=\"sm\">Medio<\/td>\n<td data-start=\"2929\" data-end=\"2960\" data-col-size=\"sm\">Sollevamento e sollevamento generale<\/td>\n<\/tr>\n<tr data-start=\"2961\" data-end=\"3030\">\n<td data-start=\"2961\" data-end=\"2982\" data-col-size=\"sm\"><strong data-start=\"2963\" data-end=\"2981\">6\u00d737 + FC\/IWRC<\/strong><\/td>\n<td data-start=\"2982\" data-end=\"2989\" data-col-size=\"sm\">Alto<\/td>\n<td data-start=\"2989\" data-end=\"3030\" data-col-size=\"sm\">Gru, argani, applicazioni dinamiche<\/td>\n<\/tr>\n<tr data-start=\"3031\" data-end=\"3091\">\n<td data-start=\"3031\" data-end=\"3042\" data-col-size=\"sm\"><strong data-start=\"3033\" data-end=\"3041\">7\u00d719<\/strong><\/td>\n<td data-start=\"3042\" data-end=\"3058\" data-col-size=\"sm\">Molto flessibile<\/td>\n<td data-start=\"3058\" data-end=\"3091\" data-col-size=\"sm\">Sollevamento marino e per carichi leggeri<\/td>\n<\/tr>\n<tr data-start=\"3092\" data-end=\"3150\">\n<td data-start=\"3092\" data-end=\"3105\" data-col-size=\"sm\"><strong data-start=\"3094\" data-end=\"3104\">6\u00d736WS<\/strong><\/td>\n<td data-start=\"3105\" data-end=\"3121\" data-col-size=\"sm\">Alta resistenza<\/td>\n<td data-start=\"3121\" data-end=\"3150\" data-col-size=\"sm\">Uso industriale intensivo<\/td>\n<\/tr>\n<\/tbody>\n<\/table>\n<\/div>\n<\/div>\n<h2 data-start=\"3157\" data-end=\"3195\"><strong data-start=\"3160\" data-end=\"3195\">Guida alla scelta dei materiali e delle anime<\/strong><\/h2>\n<div class=\"TyagGW_tableContainer\">\n<div class=\"group TyagGW_tableWrapper flex flex-col-reverse w-fit\" tabindex=\"-1\">\n<table class=\"w-fit min-w-(--thread-content-width)\" data-start=\"3197\" data-end=\"3433\">\n<thead data-start=\"3197\" data-end=\"3241\">\n<tr data-start=\"3197\" data-end=\"3241\">\n<th data-start=\"3197\" data-end=\"3209\" data-col-size=\"sm\">Tipo di nucleo<\/th>\n<th data-start=\"3209\" data-end=\"3222\" data-col-size=\"sm\">Vantaggi<\/th>\n<th data-start=\"3222\" data-end=\"3241\" data-col-size=\"sm\">Consigliato per<\/th>\n<\/tr>\n<\/thead>\n<tbody data-start=\"3256\" data-end=\"3433\">\n<tr data-start=\"3256\" data-end=\"3335\">\n<td data-start=\"3256\" data-end=\"3278\" data-col-size=\"sm\"><strong data-start=\"3258\" data-end=\"3277\">Nucleo in fibra (FC)<\/strong><\/td>\n<td data-start=\"3278\" data-end=\"3310\" data-col-size=\"sm\">Pi\u00f9 flessibile, pi\u00f9 leggero<\/td>\n<td data-start=\"3310\" data-end=\"3335\" data-col-size=\"sm\">Carichi leggeri e medi<\/td>\n<\/tr>\n<tr data-start=\"3336\" data-end=\"3433\">\n<td data-start=\"3336\" data-end=\"3360\" data-col-size=\"sm\"><strong data-start=\"3338\" data-end=\"3359\">IWRC (nucleo in acciaio)<\/strong><\/td>\n<td data-start=\"3360\" data-end=\"3396\" data-col-size=\"sm\">Maggiore resistenza, migliore stabilit\u00e0<\/td>\n<td data-start=\"3396\" data-end=\"3433\" data-col-size=\"sm\">Carichi pesanti e temperature elevate<\/td>\n<\/tr>\n<\/tbody>\n<\/table>\n<\/div>\n<\/div>\n<h2 data-start=\"3440\" data-end=\"3463\"><strong data-start=\"3443\" data-end=\"3463\">Perch\u00e9 scegliere Wonzh<\/strong><\/h2>\n<ul data-start=\"3465\" data-end=\"3772\">\n<li data-start=\"3465\" data-end=\"3528\">\n<p data-start=\"3467\" data-end=\"3528\">Rigoroso controllo di qualit\u00e0 dalla trafilatura alla trefolatura finale<\/p>\n<\/li>\n<li data-start=\"3529\" data-end=\"3592\">\n<p data-start=\"3531\" data-end=\"3592\">Diversi tipi di costruzione per adattarsi a diverse applicazioni<\/p>\n<\/li>\n<li data-start=\"3593\" data-end=\"3651\">\n<p data-start=\"3595\" data-end=\"3651\">Rivestimento zincato resistente alla corrosione per uso esterno<\/p>\n<\/li>\n<li data-start=\"3652\" data-end=\"3719\">\n<p data-start=\"3654\" data-end=\"3719\">Supporto ingegneristico per la selezione delle funi e la progettazione del fattore di sicurezza<\/p>\n<\/li>\n<li data-start=\"3720\" data-end=\"3772\">\n<p data-start=\"3722\" data-end=\"3772\">Catena di fornitura stabile e consegna globale affidabile<\/p>\n<\/li>\n<\/ul>\n<h2 data-start=\"3779\" data-end=\"3820\"><strong data-start=\"3782\" data-end=\"3818\">Domande frequenti (FAQ)<\/strong><\/h2>\n<h3 data-start=\"3822\" data-end=\"3874\"><strong data-start=\"3826\" data-end=\"3872\">D1: A cosa serve la fune metallica zincata?<\/strong><\/h3>\n<p data-start=\"3875\" data-end=\"4006\">Viene utilizzato per il sollevamento, l'arginatura, la sospensione e il supporto strutturale in applicazioni industriali, edilizie e marine.<\/p>\n<h3 data-start=\"4008\" data-end=\"4067\"><strong data-start=\"4012\" data-end=\"4065\">D2: Qual \u00e8 la differenza tra 6\u00d719 e 6\u00d737?<\/strong><\/h3>\n<ul data-start=\"4068\" data-end=\"4201\">\n<li data-start=\"4068\" data-end=\"4133\">\n<p data-start=\"4070\" data-end=\"4133\"><strong data-start=\"4070\" data-end=\"4079\">6\u00d719:<\/strong> pi\u00f9 forte e pi\u00f9 resistente all'usura, ma meno flessibile.<\/p>\n<\/li>\n<li data-start=\"4134\" data-end=\"4201\">\n<p data-start=\"4136\" data-end=\"4201\"><strong data-start=\"4136\" data-end=\"4145\">6\u00d737:<\/strong> pi\u00f9 flessibile, migliore per i movimenti dinamici e le carrucole.<\/p>\n<\/li>\n<\/ul>\n<h3 data-start=\"4203\" data-end=\"4244\"><strong data-start=\"4207\" data-end=\"4242\">D3: Quale nucleo scegliere?<\/strong><\/h3>\n<ul data-start=\"4245\" data-end=\"4337\">\n<li data-start=\"4245\" data-end=\"4286\">\n<p data-start=\"4247\" data-end=\"4286\">Per la flessibilit\u00e0 \u2192 <strong data-start=\"4265\" data-end=\"4284\">Nucleo in fibra (FC)<\/strong><\/p>\n<\/li>\n<li data-start=\"4287\" data-end=\"4337\">\n<p data-start=\"4289\" data-end=\"4337\">Per una maggiore capacit\u00e0 di carico \u2192 <strong data-start=\"4316\" data-end=\"4337\">IWRC (nucleo in acciaio)<\/strong><\/p>\n<\/li>\n<\/ul>\n<h3 data-start=\"4339\" data-end=\"4410\"><strong data-start=\"4343\" data-end=\"4408\">D4: La fune metallica zincata \u00e8 adatta agli ambienti marini?<\/strong><\/h3>\n<p data-start=\"4411\" data-end=\"4565\">S\u00ec. Il rivestimento galvanizzato offre una buona resistenza alla corrosione, ma per condizioni marine molto aggressive \u00e8 consigliabile una fune metallica in acciaio inox.<\/p>\n<h3 data-start=\"4567\" data-end=\"4611\"><strong data-start=\"4571\" data-end=\"4609\">D5: Offrite diametri personalizzati?<\/strong><\/h3>\n<p data-start=\"4612\" data-end=\"4705\">S\u00ec. Possiamo produrre diametri, costruzioni e rivestimenti personalizzati in base alle vostre esigenze.<\/p>","protected":false},"excerpt":{"rendered":"<p>Le funi metalliche in acciaio zincato fornite da Wonzh sono prodotte con fili di acciaio al carbonio di alta qualit\u00e0 che vengono immersi a caldo o elettrozincati per migliorare la resistenza alla corrosione e la durata di vita.<\/p>","protected":false},"featured_media":1502,"comment_status":"open","ping_status":"closed","template":"","meta":{"site-sidebar-layout":"default","site-content-layout":"","ast-site-content-layout":"default","site-content-style":"default","site-sidebar-style":"default","ast-global-header-display":"","ast-banner-title-visibility":"","ast-main-header-display":"","ast-hfb-above-header-display":"","ast-hfb-below-header-display":"","ast-hfb-mobile-header-display":"","site-post-title":"","ast-breadcrumbs-content":"","ast-featured-img":"","footer-sml-layout":"","ast-disable-related-posts":"","theme-transparent-header-meta":"default","adv-header-id-meta":"","stick-header-meta":"default","header-above-stick-meta":"","header-main-stick-meta":"","header-below-stick-meta":"","astra-migrate-meta-layouts":"set","ast-page-background-enabled":"default","ast-page-background-meta":{"desktop":{"background-color":"","background-image":"","background-repeat":"repeat","background-position":"center center","background-size":"auto","background-attachment":"scroll","background-type":"","background-media":"","overlay-type":"","overlay-color":"","overlay-opacity":"","overlay-gradient":""},"tablet":{"background-color":"","background-image":"","background-repeat":"repeat","background-position":"center center","background-size":"auto","background-attachment":"scroll","background-type":"","background-media":"","overlay-type":"","overlay-color":"","overlay-opacity":"","overlay-gradient":""},"mobile":{"background-color":"","background-image":"","background-repeat":"repeat","background-position":"center center","background-size":"auto","background-attachment":"scroll","background-type":"","background-media":"","overlay-type":"","overlay-color":"","overlay-opacity":"","overlay-gradient":""}},"ast-content-background-meta":{"desktop":{"background-color":"var(--ast-global-color-5)","background-image":"","background-repeat":"repeat","background-position":"center center","background-size":"auto","background-attachment":"scroll","background-type":"","background-media":"","overlay-type":"","overlay-color":"","overlay-opacity":"","overlay-gradient":""},"tablet":{"background-color":"var(--ast-global-color-5)","background-image":"","background-repeat":"repeat","background-position":"center center","background-size":"auto","background-attachment":"scroll","background-type":"","background-media":"","overlay-type":"","overlay-color":"","overlay-opacity":"","overlay-gradient":""},"mobile":{"background-color":"var(--ast-global-color-5)","background-image":"","background-repeat":"repeat","background-position":"center center","background-size":"auto","background-attachment":"scroll","background-type":"","background-media":"","overlay-type":"","overlay-color":"","overlay-opacity":"","overlay-gradient":""}}},"product_brand":[],"product_cat":[22],"product_tag":[261,257,256,259,253,249,258,254,119,260,252,255,118,250,251],"class_list":{"0":"post-1450","1":"product","2":"type-product","3":"status-publish","4":"has-post-thumbnail","6":"product_cat-wire-rope-lifting-accessories","7":"product_tag-china-wire-rope-manufacturer","8":"product_tag-corrosion-resistant-rope","9":"product_tag-crane-wire-rope","10":"product_tag-din-wire-rope","11":"product_tag-fiber-core-wire-rope","12":"product_tag-galvanized-steel-wire-rope","13":"product_tag-high-tensile-wire-rope","14":"product_tag-hoisting-cable","15":"product_tag-industrial-wire-rope","16":"product_tag-iso-wire-rope","17":"product_tag-iwrc-wire-rope","18":"product_tag-lifting-rope","19":"product_tag-marine-wire-rope","20":"product_tag-wire-rope-6x19","21":"product_tag-wire-rope-6x37","22":"desktop-align-left","23":"tablet-align-left","24":"mobile-align-left","26":"first","27":"instock","28":"shipping-taxable","29":"product-type-simple"},"_links":{"self":[{"href":"https:\/\/www.wonzh.com\/it\/wp-json\/wp\/v2\/product\/1450","targetHints":{"allow":["GET"]}}],"collection":[{"href":"https:\/\/www.wonzh.com\/it\/wp-json\/wp\/v2\/product"}],"about":[{"href":"https:\/\/www.wonzh.com\/it\/wp-json\/wp\/v2\/types\/product"}],"replies":[{"embeddable":true,"href":"https:\/\/www.wonzh.com\/it\/wp-json\/wp\/v2\/comments?post=1450"}],"wp:featuredmedia":[{"embeddable":true,"href":"https:\/\/www.wonzh.com\/it\/wp-json\/wp\/v2\/media\/1502"}],"wp:attachment":[{"href":"https:\/\/www.wonzh.com\/it\/wp-json\/wp\/v2\/media?parent=1450"}],"wp:term":[{"taxonomy":"product_brand","embeddable":true,"href":"https:\/\/www.wonzh.com\/it\/wp-json\/wp\/v2\/product_brand?post=1450"},{"taxonomy":"product_cat","embeddable":true,"href":"https:\/\/www.wonzh.com\/it\/wp-json\/wp\/v2\/product_cat?post=1450"},{"taxonomy":"product_tag","embeddable":true,"href":"https:\/\/www.wonzh.com\/it\/wp-json\/wp\/v2\/product_tag?post=1450"}],"curies":[{"name":"wp","href":"https:\/\/api.w.org\/{rel}","templated":true}]}}