{"id":1443,"date":"2026-02-03T14:19:35","date_gmt":"2026-02-03T14:19:35","guid":{"rendered":"https:\/\/www.wonzh.com\/?post_type=product&#038;p=1443"},"modified":"2026-02-04T14:34:09","modified_gmt":"2026-02-04T14:34:09","slug":"industrial-o-ring-seals-for-static-and-dynamic-sealing-applications","status":"publish","type":"product","link":"https:\/\/www.wonzh.com\/it\/product\/industrial-o-ring-seals-for-static-and-dynamic-sealing-applications\/","title":{"rendered":"Guarnizioni industriali O-Ring per applicazioni di tenuta statica e dinamica"},"content":{"rendered":"<p data-start=\"542\" data-end=\"933\">Le guarnizioni O-Ring fornite da Wonzh sono componenti di tenuta in elastomero ad alte prestazioni, progettati per prevenire perdite di liquidi, gas e altri mezzi in applicazioni statiche e dinamiche. Caratterizzati da una semplice sezione circolare, gli O-Ring garantiscono una tenuta efficace attraverso la deformazione elastica sotto compressione, rendendoli una delle soluzioni di tenuta pi\u00f9 utilizzate nelle apparecchiature industriali.<\/p>\n<p data-start=\"935\" data-end=\"1293\">Realizzati con materiali elastomerici di prima qualit\u00e0 come NBR, FKM (Viton), EPDM, silicone e composti incapsulati in PTFE, gli O-Ring Wonzh offrono un'eccellente resistenza al calore, all'olio, agli agenti chimici e all'usura. Lo stampaggio di precisione e il rigoroso controllo di qualit\u00e0 assicurano accuratezza dimensionale, lunga durata e prestazioni di tenuta stabili in condizioni operative variabili.<\/p>\n<p data-start=\"1295\" data-end=\"1694\">In qualit\u00e0 di fornitore esperto di guarnizioni industriali, Wonzh fornisce misure standard, metriche e in pollici, nonch\u00e9 soluzioni di O-ring personalizzate, adattate a requisiti specifici di pressione, temperatura e compatibilit\u00e0 con i fluidi. Il nostro team di ingegneri supporta la selezione dei materiali, le raccomandazioni per la progettazione delle scanalature e l'ottimizzazione delle applicazioni per garantire prestazioni affidabili in ambienti operativi reali.<\/p>\n<h2 data-start=\"1701\" data-end=\"1720\"><strong data-start=\"1704\" data-end=\"1720\">Caratteristiche principali<\/strong><\/h2>\n<ul data-start=\"1722\" data-end=\"2041\">\n<li data-start=\"1722\" data-end=\"1790\">\n<p data-start=\"1724\" data-end=\"1790\">Eccellenti prestazioni di tenuta in applicazioni statiche e dinamiche<\/p>\n<\/li>\n<li data-start=\"1791\" data-end=\"1862\">\n<p data-start=\"1793\" data-end=\"1862\">Ampia gamma di opzioni di materiali per diversi mezzi e temperature<\/p>\n<\/li>\n<li data-start=\"1863\" data-end=\"1907\">\n<p data-start=\"1865\" data-end=\"1907\">Elevata elasticit\u00e0 e recupero della compressione<\/p>\n<\/li>\n<li data-start=\"1908\" data-end=\"1958\">\n<p data-start=\"1910\" data-end=\"1958\">Forte resistenza all'olio, ai prodotti chimici e all'invecchiamento<\/p>\n<\/li>\n<li data-start=\"1959\" data-end=\"2000\">\n<p data-start=\"1961\" data-end=\"2000\">Facile installazione e bassa manutenzione<\/p>\n<\/li>\n<li data-start=\"2001\" data-end=\"2041\">\n<p data-start=\"2003\" data-end=\"2041\">Dimensioni e materiali personalizzati disponibili<\/p>\n<\/li>\n<\/ul>\n<h2 data-start=\"2048\" data-end=\"2075\"><strong data-start=\"2051\" data-end=\"2075\">Applicazioni tipiche<\/strong><\/h2>\n<ul data-start=\"2077\" data-end=\"2357\">\n<li data-start=\"2077\" data-end=\"2112\">\n<p data-start=\"2079\" data-end=\"2112\">Sistemi idraulici e pneumatici<\/p>\n<\/li>\n<li data-start=\"2113\" data-end=\"2133\">\n<p data-start=\"2115\" data-end=\"2133\">Pompe e valvole<\/p>\n<\/li>\n<li data-start=\"2134\" data-end=\"2172\">\n<p data-start=\"2136\" data-end=\"2172\">Macchinari e attrezzature industriali<\/p>\n<\/li>\n<li data-start=\"2173\" data-end=\"2198\">\n<p data-start=\"2175\" data-end=\"2198\">Componenti per autoveicoli<\/p>\n<\/li>\n<li data-start=\"2199\" data-end=\"2232\">\n<p data-start=\"2201\" data-end=\"2232\">Attrezzature per il trattamento chimico<\/p>\n<\/li>\n<li data-start=\"2233\" data-end=\"2294\">\n<p data-start=\"2235\" data-end=\"2294\">Macchinari per alimenti e bevande (sono disponibili opzioni di grado FDA)<\/p>\n<\/li>\n<li data-start=\"2295\" data-end=\"2322\">\n<p data-start=\"2297\" data-end=\"2322\">Sistemi di trattamento dell'acqua<\/p>\n<\/li>\n<li data-start=\"2323\" data-end=\"2357\">\n<p data-start=\"2325\" data-end=\"2357\">Apparecchiature aerospaziali ed energetiche<\/p>\n<\/li>\n<\/ul>\n<h2 data-start=\"2364\" data-end=\"2416\"><strong data-start=\"2367\" data-end=\"2414\">Parametri tecnici (gamma rappresentativa)<\/strong><\/h2>\n<div class=\"TyagGW_tableContainer\">\n<div class=\"group TyagGW_tableWrapper flex flex-col-reverse w-fit\" tabindex=\"-1\">\n<table class=\"w-fit min-w-(--thread-content-width)\" data-start=\"2418\" data-end=\"2984\">\n<thead data-start=\"2418\" data-end=\"2455\">\n<tr data-start=\"2418\" data-end=\"2455\">\n<th data-start=\"2418\" data-end=\"2430\" data-col-size=\"sm\">Parametro<\/th>\n<th data-start=\"2430\" data-end=\"2455\" data-col-size=\"md\">Specifiche \/ Gamma<\/th>\n<\/tr>\n<\/thead>\n<tbody data-start=\"2466\" data-end=\"2984\">\n<tr data-start=\"2466\" data-end=\"2505\">\n<td data-start=\"2466\" data-end=\"2478\" data-col-size=\"sm\">Tipo di guarnizione<\/td>\n<td data-start=\"2478\" data-end=\"2505\" data-col-size=\"md\">O-Ring (guarnizione in elastomero)<\/td>\n<\/tr>\n<tr data-start=\"2506\" data-end=\"2558\">\n<td data-start=\"2506\" data-end=\"2522\" data-col-size=\"sm\">Sezione trasversale<\/td>\n<td data-start=\"2522\" data-end=\"2558\" data-col-size=\"md\">1,0 - 10,0 mm (disponibile su misura)<\/td>\n<\/tr>\n<tr data-start=\"2559\" data-end=\"2613\">\n<td data-start=\"2559\" data-end=\"2576\" data-col-size=\"sm\">Diametro interno<\/td>\n<td data-start=\"2576\" data-end=\"2613\" data-col-size=\"md\">2 mm - 1000 mm (disponibile su misura)<\/td>\n<\/tr>\n<tr data-start=\"2614\" data-end=\"2667\">\n<td data-start=\"2614\" data-end=\"2635\" data-col-size=\"sm\">Durezza (Shore A)<\/td>\n<td data-start=\"2635\" data-end=\"2667\" data-col-size=\"md\">60-90 (a seconda del materiale)<\/td>\n<\/tr>\n<tr data-start=\"2668\" data-end=\"2728\">\n<td data-start=\"2668\" data-end=\"2688\" data-col-size=\"sm\">Intervallo di temperatura<\/td>\n<td data-start=\"2688\" data-end=\"2728\" data-col-size=\"md\">Da -40\u00b0C a +250\u00b0C (a seconda del materiale)<\/td>\n<\/tr>\n<tr data-start=\"2729\" data-end=\"2795\">\n<td data-start=\"2729\" data-end=\"2751\" data-col-size=\"sm\">Resistenza alla pressione<\/td>\n<td data-start=\"2751\" data-end=\"2795\" data-col-size=\"md\">Fino a 40 MPa (con una corretta progettazione della scanalatura)<\/td>\n<\/tr>\n<tr data-start=\"2796\" data-end=\"2865\">\n<td data-start=\"2796\" data-end=\"2818\" data-col-size=\"sm\">Materiali disponibili<\/td>\n<td data-start=\"2818\" data-end=\"2865\" data-col-size=\"md\">NBR, FKM, EPDM, silicone, PTFE incapsulato<\/td>\n<\/tr>\n<tr data-start=\"2866\" data-end=\"2937\">\n<td data-start=\"2866\" data-end=\"2882\" data-col-size=\"sm\">Opzioni di colore<\/td>\n<td data-start=\"2882\" data-end=\"2937\" data-col-size=\"md\">Nero, marrone, verde, rosso, blu (a seconda del materiale)<\/td>\n<\/tr>\n<tr data-start=\"2938\" data-end=\"2984\">\n<td data-start=\"2938\" data-end=\"2960\" data-col-size=\"sm\">Standard supportati<\/td>\n<td data-start=\"2960\" data-end=\"2984\" data-col-size=\"md\">ISO 3601, AS568, DIN<\/td>\n<\/tr>\n<\/tbody>\n<\/table>\n<\/div>\n<\/div>\n<h2 data-start=\"2991\" data-end=\"3037\"><strong data-start=\"2994\" data-end=\"3037\">Guida alla selezione dei materiali rappresentativi<\/strong><\/h2>\n<div class=\"TyagGW_tableContainer\">\n<div class=\"group TyagGW_tableWrapper flex flex-col-reverse w-fit\" tabindex=\"-1\">\n<table class=\"w-fit min-w-(--thread-content-width)\" data-start=\"3039\" data-end=\"3513\">\n<thead data-start=\"3039\" data-end=\"3078\">\n<tr data-start=\"3039\" data-end=\"3078\">\n<th data-start=\"3039\" data-end=\"3050\" data-col-size=\"sm\">Materiale<\/th>\n<th data-start=\"3050\" data-end=\"3064\" data-col-size=\"sm\">Uso tipico<\/th>\n<th data-start=\"3064\" data-end=\"3078\" data-col-size=\"sm\">Vantaggi<\/th>\n<\/tr>\n<\/thead>\n<tbody data-start=\"3093\" data-end=\"3513\">\n<tr data-start=\"3093\" data-end=\"3173\">\n<td data-start=\"3093\" data-end=\"3108\" data-col-size=\"sm\">NBR (Buna-N)<\/td>\n<td data-start=\"3108\" data-end=\"3129\" data-col-size=\"sm\">Sistemi di olio e carburante<\/td>\n<td data-start=\"3129\" data-end=\"3173\" data-col-size=\"sm\">Eccellente resistenza all'olio, conveniente<\/td>\n<\/tr>\n<tr data-start=\"3174\" data-end=\"3272\">\n<td data-start=\"3174\" data-end=\"3188\" data-col-size=\"sm\">FKM (Viton)<\/td>\n<td data-start=\"3188\" data-end=\"3231\" data-col-size=\"sm\">Ambienti chimici e ad alta temperatura<\/td>\n<td data-start=\"3231\" data-end=\"3272\" data-col-size=\"sm\">Resistenza termica e chimica superiore<\/td>\n<\/tr>\n<tr data-start=\"3273\" data-end=\"3351\">\n<td data-start=\"3273\" data-end=\"3280\" data-col-size=\"sm\">EPDM<\/td>\n<td data-start=\"3280\" data-end=\"3309\" data-col-size=\"sm\">Applicazioni per acqua e vapore<\/td>\n<td data-start=\"3309\" data-end=\"3351\" data-col-size=\"sm\">Eccellente resistenza agli agenti atmosferici e all'ozono<\/td>\n<\/tr>\n<tr data-start=\"3352\" data-end=\"3434\">\n<td data-start=\"3352\" data-end=\"3363\" data-col-size=\"sm\">Silicone<\/td>\n<td data-start=\"3363\" data-end=\"3390\" data-col-size=\"sm\">Alimenti e attrezzature mediche<\/td>\n<td data-start=\"3390\" data-end=\"3434\" data-col-size=\"sm\">Elevata flessibilit\u00e0, ampio intervallo di temperatura<\/td>\n<\/tr>\n<tr data-start=\"3435\" data-end=\"3513\">\n<td data-start=\"3435\" data-end=\"3455\" data-col-size=\"sm\">Incapsulato in PTFE<\/td>\n<td data-start=\"3455\" data-end=\"3478\" data-col-size=\"sm\">Mezzi chimici aggressivi<\/td>\n<td data-start=\"3478\" data-end=\"3513\" data-col-size=\"sm\">Eccezionale resistenza chimica<\/td>\n<\/tr>\n<\/tbody>\n<\/table>\n<\/div>\n<\/div>\n<h2 data-start=\"3520\" data-end=\"3543\"><strong data-start=\"3523\" data-end=\"3543\">Perch\u00e9 scegliere Wonzh<\/strong><\/h2>\n<ul data-start=\"3545\" data-end=\"3803\">\n<li data-start=\"3545\" data-end=\"3598\">\n<p data-start=\"3547\" data-end=\"3598\">Rigoroso controllo di qualit\u00e0 e ispezione dimensionale<\/p>\n<\/li>\n<li data-start=\"3599\" data-end=\"3651\">\n<p data-start=\"3601\" data-end=\"3651\">Ampia gamma di materiali per diversi settori industriali<\/p>\n<\/li>\n<li data-start=\"3652\" data-end=\"3693\">\n<p data-start=\"3654\" data-end=\"3693\">Disponibilit\u00e0 di dimensioni standard e personalizzate<\/p>\n<\/li>\n<li data-start=\"3694\" data-end=\"3757\">\n<p data-start=\"3696\" data-end=\"3757\">Supporto ingegneristico per la progettazione delle scanalature e l'abbinamento dei materiali<\/p>\n<\/li>\n<li data-start=\"3758\" data-end=\"3803\">\n<p data-start=\"3760\" data-end=\"3803\">Catena di approvvigionamento stabile e consegne affidabili<\/p>\n<\/li>\n<\/ul>\n<h2 data-start=\"3810\" data-end=\"3851\"><strong data-start=\"3813\" data-end=\"3849\">Domande frequenti (FAQ)<\/strong><\/h2>\n<h3 data-start=\"3853\" data-end=\"3894\"><strong data-start=\"3857\" data-end=\"3892\">D1: A cosa serve un O-ring?<\/strong><\/h3>\n<p data-start=\"3895\" data-end=\"4020\">Un O-ring viene utilizzato per prevenire le perdite tra due superfici accoppiate creando una tenuta compressa che blocca il flusso di fluidi o gas.<\/p>\n<h3 data-start=\"4022\" data-end=\"4067\"><strong data-start=\"4026\" data-end=\"4065\">D2: Quale materiale scegliere?<\/strong><\/h3>\n<ul data-start=\"4068\" data-end=\"4247\">\n<li data-start=\"4068\" data-end=\"4098\">\n<p data-start=\"4070\" data-end=\"4098\">Per l'olio e il carburante \u2192 <strong data-start=\"4089\" data-end=\"4096\">NBR<\/strong><\/p>\n<\/li>\n<li data-start=\"4099\" data-end=\"4154\">\n<p data-start=\"4101\" data-end=\"4154\">Per alte temperature o sostanze chimiche \u2192 <strong data-start=\"4137\" data-end=\"4152\">FKM (Viton)<\/strong><\/p>\n<\/li>\n<li data-start=\"4155\" data-end=\"4185\">\n<p data-start=\"4157\" data-end=\"4185\">Per acqua\/vapore \u2192 <strong data-start=\"4175\" data-end=\"4183\">EPDM<\/strong><\/p>\n<\/li>\n<li data-start=\"4186\" data-end=\"4247\">\n<p data-start=\"4188\" data-end=\"4247\">Per uso alimentare \u2192 <strong data-start=\"4209\" data-end=\"4247\">Silicone o materiali approvati dalla FDA<\/strong><\/p>\n<\/li>\n<\/ul>\n<h3 data-start=\"4249\" data-end=\"4308\"><strong data-start=\"4253\" data-end=\"4306\">D3: Gli O-ring possono essere utilizzati nei sistemi ad alta pressione?<\/strong><\/h3>\n<p data-start=\"4309\" data-end=\"4403\">S\u00ec. Con un'adeguata progettazione delle scanalature e degli anelli di sicurezza, gli O-Ring possono resistere a pressioni fino a 40 MPa.<\/p>\n<h3 data-start=\"4405\" data-end=\"4447\"><strong data-start=\"4409\" data-end=\"4445\">D4: Fornite misure personalizzate?<\/strong><\/h3>\n<p data-start=\"4448\" data-end=\"4558\">S\u00ec. Possiamo produrre O-ring con diametri, sezioni e materiali personalizzati in base alle vostre esigenze.<\/p>\n<h3 data-start=\"4560\" data-end=\"4598\"><strong data-start=\"4564\" data-end=\"4596\">D5: Gli standard sono supportati?<\/strong><\/h3>\n<p data-start=\"4599\" data-end=\"4658\">S\u00ec. Siamo conformi a <strong data-start=\"4619\" data-end=\"4647\">ISO 3601, AS568 e DIN<\/strong> standard.<\/p>","protected":false},"excerpt":{"rendered":"<p>Le guarnizioni O-Ring fornite da Wonzh sono componenti di tenuta in elastomero ad alte prestazioni, progettati per impedire la fuoriuscita di liquidi, gas e altri mezzi in applicazioni statiche e dinamiche.<\/p>","protected":false},"featured_media":1487,"comment_status":"open","ping_status":"closed","template":"","meta":{"site-sidebar-layout":"default","site-content-layout":"","ast-site-content-layout":"default","site-content-style":"default","site-sidebar-style":"default","ast-global-header-display":"","ast-banner-title-visibility":"","ast-main-header-display":"","ast-hfb-above-header-display":"","ast-hfb-below-header-display":"","ast-hfb-mobile-header-display":"","site-post-title":"","ast-breadcrumbs-content":"","ast-featured-img":"","footer-sml-layout":"","ast-disable-related-posts":"","theme-transparent-header-meta":"default","adv-header-id-meta":"","stick-header-meta":"default","header-above-stick-meta":"","header-main-stick-meta":"","header-below-stick-meta":"","astra-migrate-meta-layouts":"set","ast-page-background-enabled":"default","ast-page-background-meta":{"desktop":{"background-color":"","background-image":"","background-repeat":"repeat","background-position":"center center","background-size":"auto","background-attachment":"scroll","background-type":"","background-media":"","overlay-type":"","overlay-color":"","overlay-opacity":"","overlay-gradient":""},"tablet":{"background-color":"","background-image":"","background-repeat":"repeat","background-position":"center center","background-size":"auto","background-attachment":"scroll","background-type":"","background-media":"","overlay-type":"","overlay-color":"","overlay-opacity":"","overlay-gradient":""},"mobile":{"background-color":"","background-image":"","background-repeat":"repeat","background-position":"center center","background-size":"auto","background-attachment":"scroll","background-type":"","background-media":"","overlay-type":"","overlay-color":"","overlay-opacity":"","overlay-gradient":""}},"ast-content-background-meta":{"desktop":{"background-color":"var(--ast-global-color-5)","background-image":"","background-repeat":"repeat","background-position":"center center","background-size":"auto","background-attachment":"scroll","background-type":"","background-media":"","overlay-type":"","overlay-color":"","overlay-opacity":"","overlay-gradient":""},"tablet":{"background-color":"var(--ast-global-color-5)","background-image":"","background-repeat":"repeat","background-position":"center center","background-size":"auto","background-attachment":"scroll","background-type":"","background-media":"","overlay-type":"","overlay-color":"","overlay-opacity":"","overlay-gradient":""},"mobile":{"background-color":"var(--ast-global-color-5)","background-image":"","background-repeat":"repeat","background-position":"center center","background-size":"auto","background-attachment":"scroll","background-type":"","background-media":"","overlay-type":"","overlay-color":"","overlay-opacity":"","overlay-gradient":""}}},"product_brand":[],"product_cat":[21],"product_tag":[212,214,213,205,202,208,207,203,190,211,206,201,210,209,204],"class_list":{"0":"post-1443","1":"product","2":"type-product","3":"status-publish","4":"has-post-thumbnail","6":"product_cat-sealing-parts-sealing-systems","7":"product_tag-as568-o-ring","8":"product_tag-china-seal-manufacturer","9":"product_tag-custom-o-rings","10":"product_tag-dynamic-seal","11":"product_tag-elastomer-seal","12":"product_tag-epdm-o-ring","13":"product_tag-fkm-o-ring","14":"product_tag-hydraulic-seal","15":"product_tag-industrial-sealing","16":"product_tag-iso-3601-o-ring","17":"product_tag-nbr-o-ring","18":"product_tag-o-ring-seal","19":"product_tag-ptfe-encapsulated-o-ring","20":"product_tag-silicone-o-ring","21":"product_tag-static-seal","22":"desktop-align-left","23":"tablet-align-left","24":"mobile-align-left","26":"first","27":"instock","28":"shipping-taxable","29":"product-type-simple"},"_links":{"self":[{"href":"https:\/\/www.wonzh.com\/it\/wp-json\/wp\/v2\/product\/1443","targetHints":{"allow":["GET"]}}],"collection":[{"href":"https:\/\/www.wonzh.com\/it\/wp-json\/wp\/v2\/product"}],"about":[{"href":"https:\/\/www.wonzh.com\/it\/wp-json\/wp\/v2\/types\/product"}],"replies":[{"embeddable":true,"href":"https:\/\/www.wonzh.com\/it\/wp-json\/wp\/v2\/comments?post=1443"}],"wp:featuredmedia":[{"embeddable":true,"href":"https:\/\/www.wonzh.com\/it\/wp-json\/wp\/v2\/media\/1487"}],"wp:attachment":[{"href":"https:\/\/www.wonzh.com\/it\/wp-json\/wp\/v2\/media?parent=1443"}],"wp:term":[{"taxonomy":"product_brand","embeddable":true,"href":"https:\/\/www.wonzh.com\/it\/wp-json\/wp\/v2\/product_brand?post=1443"},{"taxonomy":"product_cat","embeddable":true,"href":"https:\/\/www.wonzh.com\/it\/wp-json\/wp\/v2\/product_cat?post=1443"},{"taxonomy":"product_tag","embeddable":true,"href":"https:\/\/www.wonzh.com\/it\/wp-json\/wp\/v2\/product_tag?post=1443"}],"curies":[{"name":"wp","href":"https:\/\/api.w.org\/{rel}","templated":true}]}}