{"id":2155,"date":"2026-04-29T15:46:24","date_gmt":"2026-04-29T15:46:24","guid":{"rendered":"https:\/\/www.wonzh.com\/?post_type=product&#038;p=2155"},"modified":"2026-04-29T15:46:25","modified_gmt":"2026-04-29T15:46:25","slug":"dfw-series-cable-branch-box-outdoor-indoor-underground-fully-insulated-cable-distribution-junction-box-for-power-cable-network-system","status":"publish","type":"product","link":"https:\/\/www.wonzh.com\/hu\/product\/dfw-series-cable-branch-box-outdoor-indoor-underground-fully-insulated-cable-distribution-junction-box-for-power-cable-network-system\/","title":{"rendered":"DFW sorozat\u00fa k\u00e1belel\u00e1gaz\u00f3 doboz (k\u00fclt\u00e9ri \/ belt\u00e9ri \/ f\u00f6ldalatti teljesen szigetelt k\u00e1beleloszt\u00f3 csatlakoz\u00f3doboz a t\u00e1pk\u00e1bel-h\u00e1l\u00f3zati rendszerhez)"},"content":{"rendered":"<p data-start=\"267\" data-end=\"438\">A DFW sorozat\u00fa k\u00e1belel\u00e1gaz\u00f3 doboz egy sokoldal\u00fa k\u00f6z\u00e9p- \u00e9s kisfesz\u00fclts\u00e9g\u0171 k\u00e1beleloszt\u00f3 \u00e9s csatlakoz\u00f3 eszk\u00f6z, amelyet modern t\u00e1pk\u00e1bel-h\u00e1l\u00f3zati rendszerekhez terveztek.<\/p>\n<p data-start=\"440\" data-end=\"483\">T\u00f6bbf\u00e9le konfigur\u00e1ci\u00f3ban kaphat\u00f3:<\/p>\n<ul data-start=\"484\" data-end=\"585\">\n<li data-section-id=\"1b1rycm\" data-start=\"484\" data-end=\"518\">Amerikai t\u00edpus\u00fa k\u00e1belel\u00e1gaz\u00f3 doboz<\/li>\n<li data-section-id=\"4zhipb\" data-start=\"519\" data-end=\"553\">Eur\u00f3pai t\u00edpus\u00fa k\u00e1belel\u00e1gaz\u00f3 doboz<\/li>\n<li data-section-id=\"1y53ypx\" data-start=\"554\" data-end=\"585\">Terhel\u00e9skapcsol\u00f3 t\u00edpus\u00fa el\u00e1gaz\u00f3 doboz<\/li>\n<\/ul>\n<p data-start=\"587\" data-end=\"610\">Telep\u00edthet\u0151:<\/p>\n<ul data-start=\"611\" data-end=\"688\">\n<li data-section-id=\"ogmok6\" data-start=\"611\" data-end=\"635\">K\u00fclt\u00e9ri k\u00f6rnyezetek<\/li>\n<li data-section-id=\"1ga8o2c\" data-start=\"636\" data-end=\"658\">Belt\u00e9ri al\u00e1llom\u00e1sok<\/li>\n<li data-section-id=\"4gvg0a\" data-start=\"659\" data-end=\"688\">F\u00f6ld alatti l\u00e9tes\u00edtm\u00e9nyek<\/li>\n<\/ul>\n<p data-start=\"690\" data-end=\"738\">A rendszer a t\u00e1pk\u00e1belek csatlakoztat\u00e1s\u00e1ra szolg\u00e1l:<\/p>\n<ul data-start=\"739\" data-end=\"850\">\n<li data-section-id=\"1wb0xsk\" data-start=\"739\" data-end=\"767\">Padra szerelt transzform\u00e1torok<\/li>\n<li data-section-id=\"204qt5\" data-start=\"768\" data-end=\"792\">Terhel\u00e9skapcsol\u00f3 szekr\u00e9nyek<\/li>\n<li data-section-id=\"1n6bpa2\" data-start=\"793\" data-end=\"824\">Biztos\u00edt\u00e9k-kombin\u00e1ci\u00f3s kapcsol\u00f3berendez\u00e9s<\/li>\n<li data-section-id=\"1nbsyjz\" data-start=\"825\" data-end=\"850\">Gy\u0171r\u0171s f\u0151egys\u00e9gek (RMU)<\/li>\n<\/ul>\n<p data-start=\"852\" data-end=\"955\">\ud83d\udc49 A t\u00e1pk\u00e1belek el\u00e1gaz\u00e1si, eloszt\u00e1si, \u00e1tviteli \u00e9s \u00f6sszekapcsol\u00e1si funkci\u00f3it biztos\u00edtja.<\/p>\n<hr data-start=\"957\" data-end=\"960\" \/>\n<h2 data-section-id=\"17fvu7l\" data-start=\"962\" data-end=\"980\">\ud83d\udd39 F\u0151bb jellemz\u0151k<\/h2>\n<h3 data-section-id=\"83kma6\" data-start=\"982\" data-end=\"1022\">\u2714 Rugalmas k\u00e1belh\u00e1l\u00f3zati integr\u00e1ci\u00f3<\/h3>\n<ul data-start=\"1023\" data-end=\"1127\">\n<li data-section-id=\"1xveqe0\" data-start=\"1023\" data-end=\"1076\">T\u00f6bbf\u00e9le k\u00e1belcsatlakoz\u00e1si konfigur\u00e1ci\u00f3t t\u00e1mogat<\/li>\n<li data-section-id=\"qn3ivt\" data-start=\"1077\" data-end=\"1127\">Kompatibilis a k\u00fcl\u00f6nb\u00f6z\u0151 eloszt\u00f3 berendez\u00e9sekkel<\/li>\n<\/ul>\n<p data-start=\"1129\" data-end=\"1174\">\ud83d\udc49 Lehet\u0151v\u00e9 teszi a rugalmas energiah\u00e1l\u00f3zat b\u0151v\u00edt\u00e9s\u00e9t<\/p>\n<hr data-start=\"1176\" data-end=\"1179\" \/>\n<h3 data-section-id=\"eb4elr\" data-start=\"1181\" data-end=\"1218\">\u2714 Teljesen szigetelt \u00e9s t\u00f6m\u00edtett kialak\u00edt\u00e1s<\/h3>\n<ul data-start=\"1219\" data-end=\"1318\">\n<li data-section-id=\"j9zwqu\" data-start=\"1219\" data-end=\"1256\">El\u0151re \u00f6nt\u00f6tt k\u00e1belcsatlakoz\u00f3 rendszer<\/li>\n<li data-section-id=\"7jmlji\" data-start=\"1257\" data-end=\"1286\">Teljesen szigetelt szerkezet<\/li>\n<li data-section-id=\"1p7zya\" data-start=\"1287\" data-end=\"1318\">Teljesen z\u00e1rt \u00e9s v\u00edz\u00e1ll\u00f3<\/li>\n<\/ul>\n<p data-start=\"1320\" data-end=\"1369\">\ud83d\udc49 Biztos\u00edtja a biztons\u00e1gos m\u0171k\u00f6d\u00e9st zord k\u00f6rnyezetben is<\/p>\n<hr data-start=\"1371\" data-end=\"1374\" \/>\n<h3 data-section-id=\"11uvrqb\" data-start=\"1376\" data-end=\"1408\">\u2714 Karbantart\u00e1smentes m\u0171k\u00f6d\u00e9s<\/h3>\n<ul data-start=\"1409\" data-end=\"1473\">\n<li data-section-id=\"1s9s2lf\" data-start=\"1409\" data-end=\"1444\">Nincs sz\u00fcks\u00e9g rutinszer\u0171 karbantart\u00e1sra<\/li>\n<li data-section-id=\"3m3xcb\" data-start=\"1445\" data-end=\"1473\">Hossz\u00fa \u00e9lettartam\u00fa kialak\u00edt\u00e1s<\/li>\n<\/ul>\n<p data-start=\"1475\" data-end=\"1518\">\ud83d\udc49 Cs\u00f6kkenti az \u00fczemeltet\u00e9si \u00e9s karbantart\u00e1si k\u00f6lts\u00e9geket<\/p>\n<hr data-start=\"1520\" data-end=\"1523\" \/>\n<h3 data-section-id=\"1yk88wo\" data-start=\"1525\" data-end=\"1554\">\u2714 Magas biztons\u00e1gi teljes\u00edtm\u00e9ny<\/h3>\n<ul data-start=\"1555\" data-end=\"1668\">\n<li data-section-id=\"1sbxal4\" data-start=\"1555\" data-end=\"1590\">\u00c9rint\u00e9sbiztos szigetelt csatlakoz\u00f3k<\/li>\n<li data-section-id=\"1j4yelu\" data-start=\"1591\" data-end=\"1626\">V\u00edz\u00e1ll\u00f3 \u00e9s por\u00e1ll\u00f3 kialak\u00edt\u00e1s<\/li>\n<li data-section-id=\"xrwnq4\" data-start=\"1627\" data-end=\"1668\">Nagy megb\u00edzhat\u00f3s\u00e1g k\u00fclt\u00e9ri \u00fczemben<\/li>\n<\/ul>\n<hr data-start=\"1670\" data-end=\"1673\" \/>\n<h3 data-section-id=\"5ae8zy\" data-start=\"1675\" data-end=\"1710\">\u2714 T\u00f6bbf\u00e9le telep\u00edt\u00e9si lehet\u0151s\u00e9g<\/h3>\n<ul data-start=\"1711\" data-end=\"1789\">\n<li data-section-id=\"1psv4z0\" data-start=\"1711\" data-end=\"1729\">F\u00f6ldre szerelt<\/li>\n<li data-section-id=\"15dtqpx\" data-start=\"1730\" data-end=\"1753\">Belt\u00e9ri telep\u00edt\u00e9s<\/li>\n<li data-section-id=\"drzzpw\" data-start=\"1754\" data-end=\"1789\">F\u00f6ld alatti f\u00f6ldbe \u00e1sott telep\u00edt\u00e9s<\/li>\n<\/ul>\n<p data-start=\"1791\" data-end=\"1840\">\ud83d\udc49 Alkalmas k\u00fcl\u00f6nb\u00f6z\u0151 m\u0171szaki forgat\u00f3k\u00f6nyvekhez<\/p>\n<hr data-start=\"1842\" data-end=\"1845\" \/>\n<h3 data-section-id=\"lo4pv\" data-start=\"1847\" data-end=\"1871\">\u2714 Sz\u00e9les k\u00f6r\u0171 kompatibilit\u00e1s<\/h3>\n<p data-start=\"1872\" data-end=\"1889\">Kapcsol\u00f3dhat:<\/p>\n<ul data-start=\"1890\" data-end=\"2006\">\n<li data-section-id=\"9e8jry\" data-start=\"1890\" data-end=\"1917\">Transzform\u00e1tor al\u00e1llom\u00e1sok<\/li>\n<li data-section-id=\"204qt5\" data-start=\"1918\" data-end=\"1942\">Terhel\u00e9skapcsol\u00f3 szekr\u00e9nyek<\/li>\n<li data-section-id=\"17bv308\" data-start=\"1943\" data-end=\"1971\">RMU gy\u0171r\u0171s h\u00e1l\u00f3zati rendszerek<\/li>\n<li data-section-id=\"1hei0ww\" data-start=\"1972\" data-end=\"2006\">Kombin\u00e1lt elektromos kapcsol\u00f3berendez\u00e9sek<\/li>\n<\/ul>\n<hr data-start=\"2008\" data-end=\"2011\" \/>\n<h2 data-section-id=\"1hq6i26\" data-start=\"2013\" data-end=\"2036\">\ud83d\udd39 Szerkezeti tervez\u00e9s<\/h2>\n<h3 data-section-id=\"1y35nqk\" data-start=\"2038\" data-end=\"2067\">\ud83d\udd38 K\u00e1belcsatlakoz\u00f3 rendszer<\/h3>\n<ul data-start=\"2068\" data-end=\"2151\">\n<li data-section-id=\"alh734\" data-start=\"2068\" data-end=\"2103\">El\u0151re \u00f6nt\u00f6tt szigetelt csatlakoz\u00f3k<\/li>\n<li data-section-id=\"1c3b4xr\" data-start=\"2104\" data-end=\"2151\">T\u00f6bbf\u00e9le m\u00e9ret \u00e9s konfigur\u00e1ci\u00f3 \u00e1ll rendelkez\u00e9sre<\/li>\n<\/ul>\n<hr data-start=\"2153\" data-end=\"2156\" \/>\n<h3 data-section-id=\"10wxqng\" data-start=\"2158\" data-end=\"2184\">\ud83d\udd38 Z\u00e1r\u00f3szerkezet<\/h3>\n<ul data-start=\"2185\" data-end=\"2286\">\n<li data-section-id=\"3ajclp\" data-start=\"2185\" data-end=\"2214\">Id\u0151j\u00e1r\u00e1s\u00e1ll\u00f3 h\u00e1z<\/li>\n<li data-section-id=\"1twjtjg\" data-start=\"2215\" data-end=\"2244\">Korr\u00f3zi\u00f3v\u00e9delem<\/li>\n<li data-section-id=\"127ycka\" data-start=\"2245\" data-end=\"2286\">Alkalmas a zord k\u00fclt\u00e9ri k\u00f6r\u00fclm\u00e9nyekhez<\/li>\n<\/ul>\n<hr data-start=\"2288\" data-end=\"2291\" \/>\n<h3 data-section-id=\"1u5i8v2\" data-start=\"2293\" data-end=\"2317\">\ud83d\udd38 Funkcion\u00e1lis tervez\u00e9s<\/h3>\n<ul data-start=\"2318\" data-end=\"2406\">\n<li data-section-id=\"1wjoi39\" data-start=\"2318\" data-end=\"2337\">K\u00e1bel el\u00e1gaz\u00e1s<\/li>\n<li data-section-id=\"1nucvvf\" data-start=\"2338\" data-end=\"2360\">K\u00e1beleloszt\u00e1s<\/li>\n<li data-section-id=\"1o2p1be\" data-start=\"2361\" data-end=\"2379\">K\u00e1beles \u00e1tvitel<\/li>\n<li data-section-id=\"koqqbj\" data-start=\"2380\" data-end=\"2406\">Rendszer\u00f6sszek\u00f6ttet\u00e9s<\/li>\n<\/ul>\n<hr data-start=\"2408\" data-end=\"2411\" \/>\n<h2 data-section-id=\"15du31k\" data-start=\"2413\" data-end=\"2431\">\ud83d\udd39 Alkalmaz\u00e1sok<\/h2>\n<p data-start=\"2433\" data-end=\"2476\">A DFW k\u00e1belel\u00e1gaz\u00f3 doboz sz\u00e9les k\u00f6rben haszn\u00e1latos a k\u00f6vetkez\u0151kben:<\/p>\n<ul data-start=\"2478\" data-end=\"2684\">\n<li data-section-id=\"cptaoa\" data-start=\"2478\" data-end=\"2515\">V\u00e1rosi energiaeloszt\u00f3 h\u00e1l\u00f3zatok<\/li>\n<li data-section-id=\"16vuyds\" data-start=\"2516\" data-end=\"2544\">Ipari k\u00e1belrendszerek<\/li>\n<li data-section-id=\"zs3gyb\" data-start=\"2545\" data-end=\"2586\">Lakoss\u00e1gi elektromos infrastrukt\u00fara<\/li>\n<li data-section-id=\"hfihxt\" data-start=\"2587\" data-end=\"2611\">Kereskedelmi \u00e9p\u00fcletek<\/li>\n<li data-section-id=\"rysg9z\" data-start=\"2612\" data-end=\"2653\">Meg\u00fajul\u00f3 energiaeloszt\u00f3 rendszerek<\/li>\n<li data-section-id=\"7b60u9\" data-start=\"2654\" data-end=\"2684\">F\u00f6ldalatti k\u00e1belh\u00e1l\u00f3zatok<\/li>\n<\/ul>\n<hr data-start=\"2686\" data-end=\"2689\" \/>\n<h2 data-section-id=\"1rg4wz9\" data-start=\"2691\" data-end=\"2715\">\ud83d\udd39 El\u0151ny\u00f6k \u00f6sszefoglal\u00e1sa<\/h2>\n<ul data-start=\"2717\" data-end=\"2982\">\n<li data-section-id=\"1cqn87z\" data-start=\"2717\" data-end=\"2757\">Teljesen szigetelt \u00e9s z\u00e1rt szerkezet<\/li>\n<li data-section-id=\"yjho9c\" data-start=\"2758\" data-end=\"2803\">Biztons\u00e1gos \u00e9s megb\u00edzhat\u00f3 k\u00e1belcsatlakoz\u00e1si rendszer<\/li>\n<li data-section-id=\"phyv7z\" data-start=\"2804\" data-end=\"2851\">Rugalmas, t\u00f6bbir\u00e1ny\u00fa k\u00e1beleloszt\u00e1s<\/li>\n<li data-section-id=\"sjf3fy\" data-start=\"2852\" data-end=\"2905\">Alkalmas belt\u00e9ri, k\u00fclt\u00e9ri \u00e9s f\u00f6ldalatti haszn\u00e1latra<\/li>\n<li data-section-id=\"1ysv9yx\" data-start=\"2906\" data-end=\"2936\">Karbantart\u00e1smentes m\u0171k\u00f6d\u00e9s<\/li>\n<li data-section-id=\"1azmre0\" data-start=\"2937\" data-end=\"2982\">Ide\u00e1lis a modern k\u00e1beles h\u00e1l\u00f3zati rendszerekhez<\/li>\n<\/ul>\n<hr data-start=\"2984\" data-end=\"2987\" \/>\n<h1 data-section-id=\"1lxd8kj\" data-start=\"2989\" data-end=\"2996\">\u2753 GYIK<\/h1>\n<h3 data-section-id=\"10d5nh0\" data-start=\"2998\" data-end=\"3046\">1\ufe0f\u20e3 Mire haszn\u00e1lj\u00e1k a DFW k\u00e1belel\u00e1gaz\u00f3 doboz\u00e1t?<\/h3>\n<p data-start=\"3048\" data-end=\"3145\">Ezt a k\u00f6vetkez\u0151 c\u00e9lokra haszn\u00e1lj\u00e1k:<br \/>\n\ud83d\udc49 K\u00e1beleloszt\u00e1s, el\u00e1gaz\u00e1s \u00e9s \u00f6sszekapcsol\u00e1s a villamosenergia-k\u00e1belh\u00e1l\u00f3zatokban<\/p>\n<hr data-start=\"3147\" data-end=\"3150\" \/>\n<h3 data-section-id=\"m8r8u4\" data-start=\"3152\" data-end=\"3192\">2\ufe0f\u20e3 A f\u00f6ld al\u00e1 is telep\u00edthet\u0151?<\/h3>\n<p data-start=\"3194\" data-end=\"3262\">Igen, t\u00e1mogatja:<br \/>\n\ud83d\udc49 K\u00fclt\u00e9ri, belt\u00e9ri \u00e9s f\u00f6ldalatti telep\u00edt\u00e9s<\/p>\n<hr data-start=\"3264\" data-end=\"3267\" \/>\n<h3 data-section-id=\"3v9qy9\" data-start=\"3269\" data-end=\"3312\">3\ufe0f\u20e3 Biztons\u00e1gos a rendszer k\u00fclt\u00e9ri haszn\u00e1latra?<\/h3>\n<p data-start=\"3314\" data-end=\"3331\">Igen, ez a jellemz\u0151:<\/p>\n<ul data-start=\"3332\" data-end=\"3420\">\n<li data-section-id=\"1rm48rt\" data-start=\"3332\" data-end=\"3358\">Teljesen szigetelt kivitel<\/li>\n<li data-section-id=\"1n1cccd\" data-start=\"3359\" data-end=\"3394\">V\u00edz\u00e1ll\u00f3 \u00e9s t\u00f6m\u00edtett szerkezet<\/li>\n<li data-section-id=\"rm0pq9\" data-start=\"3395\" data-end=\"3420\">\u00c9rint\u00e9sbiztos csatlakoz\u00f3k<\/li>\n<\/ul>\n<hr data-start=\"3422\" data-end=\"3425\" \/>\n<h3 data-section-id=\"b3qzgx\" data-start=\"3427\" data-end=\"3463\">4\ufe0f\u20e3 Sz\u00fcks\u00e9g van karbantart\u00e1sra?<\/h3>\n<p data-start=\"3465\" data-end=\"3529\">Nem, ez az:<br \/>\n\ud83d\udc49 Karbantart\u00e1smentes kialak\u00edt\u00e1s hossz\u00fa \u00e9lettartammal<\/p>\n<hr data-start=\"3531\" data-end=\"3534\" \/>\n<h3 data-section-id=\"17drfyl\" data-start=\"3536\" data-end=\"3579\">5\ufe0f\u20e3 Milyen berendez\u00e9sekhez tud csatlakozni?<\/h3>\n<p data-start=\"3581\" data-end=\"3604\">Csatlakoztathat\u00f3:<\/p>\n<ul data-start=\"3605\" data-end=\"3704\">\n<li data-section-id=\"nqkthc\" data-start=\"3605\" data-end=\"3621\">Transformers<\/li>\n<li data-section-id=\"h6gab3\" data-start=\"3622\" data-end=\"3647\">RMU (gy\u0171r\u0171s f\u0151egys\u00e9gek)<\/li>\n<li data-section-id=\"204qt5\" data-start=\"3648\" data-end=\"3672\">Terhel\u00e9skapcsol\u00f3 szekr\u00e9nyek<\/li>\n<li data-section-id=\"rbnifp\" data-start=\"3673\" data-end=\"3704\">Kombin\u00e1lt elektromos rendszerek<\/li>\n<\/ul>","protected":false},"excerpt":{"rendered":"<p data-start=\"267\" data-end=\"438\">A DFW sorozat\u00fa k\u00e1belel\u00e1gaz\u00f3 doboz egy sokoldal\u00fa k\u00f6z\u00e9p- \u00e9s kisfesz\u00fclts\u00e9g\u0171 k\u00e1beleloszt\u00f3 \u00e9s csatlakoz\u00f3 eszk\u00f6z, amelyet modern t\u00e1pk\u00e1bel-h\u00e1l\u00f3zati rendszerekhez terveztek.<\/p>\n<p data-start=\"440\" data-end=\"483\">T\u00f6bbf\u00e9le konfigur\u00e1ci\u00f3ban kaphat\u00f3:<\/p>\n<ul data-start=\"484\" data-end=\"585\">\n<li data-section-id=\"1b1rycm\" data-start=\"484\" data-end=\"518\">Amerikai t\u00edpus\u00fa k\u00e1belel\u00e1gaz\u00f3 doboz<\/li>\n<li data-section-id=\"4zhipb\" data-start=\"519\" data-end=\"553\">Eur\u00f3pai t\u00edpus\u00fa k\u00e1belel\u00e1gaz\u00f3 doboz<\/li>\n<li data-section-id=\"1y53ypx\" data-start=\"554\" data-end=\"585\">Terhel\u00e9skapcsol\u00f3 t\u00edpus\u00fa el\u00e1gaz\u00f3 doboz<\/li>\n<\/ul>","protected":false},"featured_media":2158,"comment_status":"open","ping_status":"closed","template":"","meta":{"site-sidebar-layout":"default","site-content-layout":"","ast-site-content-layout":"default","site-content-style":"default","site-sidebar-style":"default","ast-global-header-display":"","ast-banner-title-visibility":"","ast-main-header-display":"","ast-hfb-above-header-display":"","ast-hfb-below-header-display":"","ast-hfb-mobile-header-display":"","site-post-title":"","ast-breadcrumbs-content":"","ast-featured-img":"","footer-sml-layout":"","ast-disable-related-posts":"","theme-transparent-header-meta":"default","adv-header-id-meta":"","stick-header-meta":"","header-above-stick-meta":"","header-main-stick-meta":"","header-below-stick-meta":"","astra-migrate-meta-layouts":"set","ast-page-background-enabled":"default","ast-page-background-meta":{"desktop":{"background-color":"","background-image":"","background-repeat":"repeat","background-position":"center center","background-size":"auto","background-attachment":"scroll","background-type":"","background-media":"","overlay-type":"","overlay-color":"","overlay-opacity":"","overlay-gradient":""},"tablet":{"background-color":"","background-image":"","background-repeat":"repeat","background-position":"center center","background-size":"auto","background-attachment":"scroll","background-type":"","background-media":"","overlay-type":"","overlay-color":"","overlay-opacity":"","overlay-gradient":""},"mobile":{"background-color":"","background-image":"","background-repeat":"repeat","background-position":"center center","background-size":"auto","background-attachment":"scroll","background-type":"","background-media":"","overlay-type":"","overlay-color":"","overlay-opacity":"","overlay-gradient":""}},"ast-content-background-meta":{"desktop":{"background-color":"var(--ast-global-color-5)","background-image":"","background-repeat":"repeat","background-position":"center center","background-size":"auto","background-attachment":"scroll","background-type":"","background-media":"","overlay-type":"","overlay-color":"","overlay-opacity":"","overlay-gradient":""},"tablet":{"background-color":"var(--ast-global-color-5)","background-image":"","background-repeat":"repeat","background-position":"center center","background-size":"auto","background-attachment":"scroll","background-type":"","background-media":"","overlay-type":"","overlay-color":"","overlay-opacity":"","overlay-gradient":""},"mobile":{"background-color":"var(--ast-global-color-5)","background-image":"","background-repeat":"repeat","background-position":"center center","background-size":"auto","background-attachment":"scroll","background-type":"","background-media":"","overlay-type":"","overlay-color":"","overlay-opacity":"","overlay-gradient":""}}},"product_brand":[],"product_cat":[2036,2032],"product_tag":[2164,2165,2163,2170,2167,2171,2169,2166,2172,2168],"class_list":{"0":"post-2155","1":"product","2":"type-product","3":"status-publish","4":"has-post-thumbnail","6":"product_cat-renewable-energy-products","7":"product_cat-electrical-equipment","8":"product_tag-cable-distribution-box","9":"product_tag-cable-junction-box","10":"product_tag-dfw-cable-branch-box","11":"product_tag-electrical-cable-network-equipment","12":"product_tag-fully-insulated-cable-box","13":"product_tag-medium-voltage-cable-system","14":"product_tag-outdoor-cable-branch-cabinet","15":"product_tag-power-cable-branch-system","16":"product_tag-power-distribution-accessories","17":"product_tag-underground-cable-distribution-box","18":"desktop-align-left","19":"tablet-align-left","20":"mobile-align-left","22":"first","23":"instock","24":"shipping-taxable","25":"product-type-simple"},"_links":{"self":[{"href":"https:\/\/www.wonzh.com\/hu\/wp-json\/wp\/v2\/product\/2155","targetHints":{"allow":["GET"]}}],"collection":[{"href":"https:\/\/www.wonzh.com\/hu\/wp-json\/wp\/v2\/product"}],"about":[{"href":"https:\/\/www.wonzh.com\/hu\/wp-json\/wp\/v2\/types\/product"}],"replies":[{"embeddable":true,"href":"https:\/\/www.wonzh.com\/hu\/wp-json\/wp\/v2\/comments?post=2155"}],"wp:featuredmedia":[{"embeddable":true,"href":"https:\/\/www.wonzh.com\/hu\/wp-json\/wp\/v2\/media\/2158"}],"wp:attachment":[{"href":"https:\/\/www.wonzh.com\/hu\/wp-json\/wp\/v2\/media?parent=2155"}],"wp:term":[{"taxonomy":"product_brand","embeddable":true,"href":"https:\/\/www.wonzh.com\/hu\/wp-json\/wp\/v2\/product_brand?post=2155"},{"taxonomy":"product_cat","embeddable":true,"href":"https:\/\/www.wonzh.com\/hu\/wp-json\/wp\/v2\/product_cat?post=2155"},{"taxonomy":"product_tag","embeddable":true,"href":"https:\/\/www.wonzh.com\/hu\/wp-json\/wp\/v2\/product_tag?post=2155"}],"curies":[{"name":"wp","href":"https:\/\/api.w.org\/{rel}","templated":true}]}}