{"id":2153,"date":"2026-04-29T15:31:51","date_gmt":"2026-04-29T15:31:51","guid":{"rendered":"https:\/\/www.wonzh.com\/?post_type=product&#038;p=2153"},"modified":"2026-04-29T15:31:53","modified_gmt":"2026-04-29T15:31:53","slug":"zgs13-wind-solar-power-pad-mounted-step-up-transformer-0-69kv-to-10kv-35kv-compact-substation-transformer-for-renewable-energy-systems","status":"publish","type":"product","link":"https:\/\/www.wonzh.com\/hu\/product\/zgs13-wind-solar-power-pad-mounted-step-up-transformer-0-69kv-to-10kv-35kv-compact-substation-transformer-for-renewable-energy-systems\/","title":{"rendered":"ZGS13 Sz\u00e9l- \u00e9s napenergi\u00e1val m\u0171k\u00f6d\u0151, padra szerelt fokozati transzform\u00e1tor (0,69 kV - 10 kV \/ 35 kV kompakt al\u00e1llom\u00e1s transzform\u00e1tor meg\u00fajul\u00f3 energiarendszerekhez)"},"content":{"rendered":"<p data-start=\"283\" data-end=\"466\">A ZGS13 sorozat\u00fa sz\u00e9l- \u00e9s napenergia dedik\u00e1lt felfokoz\u00f3 transzform\u00e1tor egy integr\u00e1lt, kompakt, al\u00e1llom\u00e1s-t\u00edpus\u00fa transzform\u00e1toregys\u00e9g, amelyet meg\u00fajul\u00f3 energiatermel\u0151 rendszerekhez terveztek.<\/p>\n<p data-start=\"468\" data-end=\"532\">A k\u00f6vetkez\u0151 komponenseket egyes\u00edti egyetlen kompakt strukt\u00far\u00e1ban:<\/p>\n<ul data-start=\"533\" data-end=\"630\">\n<li data-section-id=\"159gwlz\" data-start=\"533\" data-end=\"565\">Transzform\u00e1tor mag \u00e9s tekercsel\u00e9s<\/li>\n<li data-section-id=\"1nd1vfv\" data-start=\"566\" data-end=\"580\">Kapcsol\u00f3berendez\u00e9sek<\/li>\n<li data-section-id=\"1gutmwu\" data-start=\"581\" data-end=\"590\">Biztos\u00edt\u00e9kok<\/li>\n<li data-section-id=\"1b2jgah\" data-start=\"591\" data-end=\"606\">Csapol\u00f3v\u00e1lt\u00f3<\/li>\n<li data-section-id=\"1d1nt9k\" data-start=\"607\" data-end=\"630\">Kieg\u00e9sz\u00edt\u0151 berendez\u00e9sek<\/li>\n<\/ul>\n<p data-start=\"632\" data-end=\"762\">Az egys\u00e9g szigetel\u0151- \u00e9s h\u0171t\u0151k\u00f6zegk\u00e9nt egyar\u00e1nt transzform\u00e1tor szigetel\u0151olajat haszn\u00e1l, ami nagy hat\u00e9konys\u00e1got \u00e9s stabil m\u0171k\u00f6d\u00e9st biztos\u00edt.<\/p>\n<p data-start=\"764\" data-end=\"889\">\u00dagy tervezt\u00e9k, hogy \u00e1talak\u00edtsa a termelt energi\u00e1t:<br \/>\n\ud83d\udc49 0,69kV (0,27-1,14kV)<br data-start=\"839\" data-end=\"842\" \/>a  c\u00edmre.<br data-start=\"846\" data-end=\"849\" \/>\ud83d\udc49 10 kV vagy 35 kV k\u00f6z\u00e9pfesz\u00fclts\u00e9gi szint<\/p>\n<p data-start=\"891\" data-end=\"954\">f\u00f6ldk\u00e1beleken vagy l\u00e9gvezet\u00e9keken kereszt\u00fcl t\u00f6rt\u00e9n\u0151 h\u00e1l\u00f3zati \u00e1tvitelre.<\/p>\n<hr data-start=\"956\" data-end=\"959\" \/>\n<h2 data-section-id=\"lmz2ep\" data-start=\"961\" data-end=\"984\">\ud83d\udd39 Alkalmaz\u00e1si ter\u00fclet<\/h2>\n<p data-start=\"986\" data-end=\"1001\">Sz\u00e9les k\u00f6rben haszn\u00e1lj\u00e1k:<\/p>\n<ul data-start=\"1002\" data-end=\"1152\">\n<li data-section-id=\"2kgmpf\" data-start=\"1002\" data-end=\"1035\">Sz\u00e9lenergia-termel\u0151 rendszerek<\/li>\n<li data-section-id=\"aj1s75\" data-start=\"1036\" data-end=\"1076\">Fotovoltaikus (PV) naper\u0151m\u0171vek<\/li>\n<li data-section-id=\"x0107k\" data-start=\"1077\" data-end=\"1120\">Meg\u00fajul\u00f3 energi\u00e1t gy\u0171jt\u0151 al\u00e1llom\u00e1sok<\/li>\n<li data-section-id=\"dyo4pr\" data-start=\"1121\" data-end=\"1152\">Elosztott energiaprojektek<\/li>\n<\/ul>\n<hr data-start=\"1154\" data-end=\"1157\" \/>\n<h2 data-section-id=\"17fvu7l\" data-start=\"1159\" data-end=\"1177\">\ud83d\udd39 F\u0151bb jellemz\u0151k<\/h2>\n<h3 data-section-id=\"8xngy4\" data-start=\"1179\" data-end=\"1209\">\u2714 Magasan integr\u00e1lt tervez\u00e9s<\/h3>\n<ul data-start=\"1210\" data-end=\"1338\">\n<li data-section-id=\"18mz8ju\" data-start=\"1210\" data-end=\"1282\">Transzform\u00e1tor + kapcsol\u00f3berendez\u00e9s + v\u00e9d\u0151berendez\u00e9sek egy egys\u00e9gbe integr\u00e1lva<\/li>\n<li data-section-id=\"h1zq8k\" data-start=\"1283\" data-end=\"1338\">Kompakt szerkezet, amely alkalmas k\u00fclt\u00e9ri telep\u00edt\u00e9sre<\/li>\n<\/ul>\n<p data-start=\"1340\" data-end=\"1392\">\ud83d\udc49 Cs\u00f6kkenti a rendszer \u00f6sszetetts\u00e9g\u00e9t \u00e9s a telep\u00edt\u00e9si k\u00f6lts\u00e9geket<\/p>\n<hr data-start=\"1394\" data-end=\"1397\" \/>\n<h3 data-section-id=\"13rpt0v\" data-start=\"1399\" data-end=\"1429\">\u2714 Step-Up teljes\u00edtm\u00e9ny \u00e1talak\u00edt\u00e1s<\/h3>\n<ul data-start=\"1430\" data-end=\"1532\">\n<li data-section-id=\"n0iuwa\" data-start=\"1430\" data-end=\"1490\">A kisfesz\u00fclts\u00e9g\u0171 termel\u00e9s kimenet\u00e9t k\u00f6z\u00e9pfesz\u00fclts\u00e9gre alak\u00edtja \u00e1t<\/li>\n<li data-section-id=\"1udo1p2\" data-start=\"1491\" data-end=\"1532\">T\u00e1mogatja a h\u00e1l\u00f3zati csatlakoz\u00e1si k\u00f6vetelm\u00e9nyeket<\/li>\n<\/ul>\n<p data-start=\"1534\" data-end=\"1590\">\ud83d\udc49 Elengedhetetlen a meg\u00fajul\u00f3 energia \u00e1tviteli rendszerekhez<\/p>\n<hr data-start=\"1592\" data-end=\"1595\" \/>\n<h3 data-section-id=\"dsrx6t\" data-start=\"1597\" data-end=\"1643\">\u2714 Olajba \u00e1gyazott szigetel\u00e9s \u00e9s h\u0171t\u0151rendszer<\/h3>\n<ul data-start=\"1644\" data-end=\"1734\">\n<li data-section-id=\"13xv2st\" data-start=\"1644\" data-end=\"1734\">Szigetel\u0151 olajat haszn\u00e1l, mint:\n<ul data-start=\"1672\" data-end=\"1734\">\n<li data-section-id=\"s7zkff\" data-start=\"1672\" data-end=\"1704\">Elektromos szigetel\u0151 k\u00f6zeg<\/li>\n<li data-section-id=\"m3lgqs\" data-start=\"1707\" data-end=\"1734\">H\u0151elvezet\u0151 k\u00f6zeg<\/li>\n<\/ul>\n<\/li>\n<\/ul>\n<p data-start=\"1736\" data-end=\"1775\">\ud83d\udc49 Biztos\u00edtja a stabil hossz\u00fa t\u00e1v\u00fa m\u0171k\u00f6d\u00e9st<\/p>\n<hr data-start=\"1777\" data-end=\"1780\" \/>\n<h3 data-section-id=\"q0elz3\" data-start=\"1782\" data-end=\"1823\">\u2714 Gyors telep\u00edt\u00e9s \u00e9s egyszer\u0171 telep\u00edt\u00e9s<\/h3>\n<ul data-start=\"1824\" data-end=\"1894\">\n<li data-section-id=\"1oiyy76\" data-start=\"1824\" data-end=\"1856\">Gy\u00e1rilag el\u0151re \u00f6sszeszerelt kivitel<\/li>\n<li data-section-id=\"8zqbpt\" data-start=\"1857\" data-end=\"1894\">Minim\u00e1lis helysz\u00edni telep\u00edt\u00e9si munka<\/li>\n<\/ul>\n<p data-start=\"1896\" data-end=\"1938\">\ud83d\udc49 Ide\u00e1lis t\u00e1voli sz\u00e9l- \u00e9s naper\u0151m\u0171vekhez<\/p>\n<hr data-start=\"1940\" data-end=\"1943\" \/>\n<h3 data-section-id=\"1ney3w6\" data-start=\"1945\" data-end=\"1976\">\u2714 Nagy biztons\u00e1g \u00e9s megb\u00edzhat\u00f3s\u00e1g<\/h3>\n<ul data-start=\"1977\" data-end=\"2059\">\n<li data-section-id=\"18wyaby\" data-start=\"1977\" data-end=\"2005\">Teljesen z\u00e1rt szerkezet<\/li>\n<li data-section-id=\"1yfbqna\" data-start=\"2006\" data-end=\"2059\">Integr\u00e1lt v\u00e9delmi rendszer (biztos\u00edt\u00e9kok + kapcsol\u00f3berendez\u00e9sek)<\/li>\n<\/ul>\n<p data-start=\"2061\" data-end=\"2105\">\ud83d\udc49 Alkalmas zord k\u00fclt\u00e9ri k\u00f6rnyezethez<\/p>\n<hr data-start=\"2107\" data-end=\"2110\" \/>\n<h3 data-section-id=\"1ukkhrg\" data-start=\"2112\" data-end=\"2149\">\u2714 Energiahat\u00e9kony \u00e9s k\u00f6rnyezetbar\u00e1t<\/h3>\n<ul data-start=\"2150\" data-end=\"2242\">\n<li data-section-id=\"10oncp9\" data-start=\"2150\" data-end=\"2169\">Alacsony vesztes\u00e9g\u0171 kialak\u00edt\u00e1s<\/li>\n<li data-section-id=\"19wmozq\" data-start=\"2170\" data-end=\"2203\">Optimaliz\u00e1lt h\u0151teljes\u00edtm\u00e9ny<\/li>\n<li data-section-id=\"14ijk6v\" data-start=\"2204\" data-end=\"2242\">K\u00f6rnyezetbar\u00e1t m\u0171k\u00f6d\u00e9s<\/li>\n<\/ul>\n<hr data-start=\"2244\" data-end=\"2247\" \/>\n<h3 data-section-id=\"mvgs39\" data-start=\"2249\" data-end=\"2285\">\u2714 Rugalmas fesz\u00fclts\u00e9g konfigur\u00e1ci\u00f3<\/h3>\n<p data-start=\"2286\" data-end=\"2295\">T\u00e1mogatja:<\/p>\n<ul data-start=\"2296\" data-end=\"2363\">\n<li data-section-id=\"mzelvn\" data-start=\"2296\" data-end=\"2332\">0,69 kV bemenet (0,27-1,14 kV tartom\u00e1ny)<\/li>\n<li data-section-id=\"11dvkj3\" data-start=\"2333\" data-end=\"2363\">10kV \/ 35kV kimeneti opci\u00f3k<\/li>\n<\/ul>\n<hr data-start=\"2365\" data-end=\"2368\" \/>\n<h2 data-section-id=\"149biba\" data-start=\"2370\" data-end=\"2393\">\ud83d\udd39 M\u0171k\u00f6d\u00e9si elv<\/h2>\n<ol data-start=\"2395\" data-end=\"2716\">\n<li data-section-id=\"4w3r9l\" data-start=\"2395\" data-end=\"2477\">A sz\u00e9lturbin\u00e1k vagy a PV-inverterek \u00e1ltal termelt villamos energia bel\u00e9p a transzform\u00e1torba.<\/li>\n<li data-section-id=\"1s3j0n7\" data-start=\"2478\" data-end=\"2539\">A fesz\u00fclts\u00e9g kisfesz\u00fclts\u00e9gr\u0151l k\u00f6z\u00e9pfesz\u00fclts\u00e9gre emelkedik<\/li>\n<li data-section-id=\"asu5i3\" data-start=\"2540\" data-end=\"2641\">Az \u00e1ramot a gy\u0171jt\u0151rendszerbe a k\u00f6vetkez\u0151k\u00f6n kereszt\u00fcl tov\u00e1bb\u00edtj\u00e1k:\n<ul data-start=\"2597\" data-end=\"2641\">\n<li data-section-id=\"1y41j33\" data-start=\"2597\" data-end=\"2619\">F\u00f6ldalatti k\u00e1belek<\/li>\n<li data-section-id=\"1yxobhv\" data-start=\"2623\" data-end=\"2641\">Fels\u0151vezet\u00e9kek<\/li>\n<\/ul>\n<\/li>\n<li data-section-id=\"fb5a62\" data-start=\"2642\" data-end=\"2716\">Az energi\u00e1t a sz\u00e9l\/napenergia al\u00e1llom\u00e1sra sz\u00e1ll\u00edtj\u00e1k a h\u00e1l\u00f3zatba val\u00f3 integr\u00e1l\u00e1shoz.<\/li>\n<\/ol>\n<hr data-start=\"2718\" data-end=\"2721\" \/>\n<h2 data-section-id=\"1rg4wz9\" data-start=\"2723\" data-end=\"2747\">\ud83d\udd39 El\u0151ny\u00f6k \u00f6sszefoglal\u00e1sa<\/h2>\n<ul data-start=\"2749\" data-end=\"3022\">\n<li data-section-id=\"223ev8\" data-start=\"2749\" data-end=\"2807\">Kompakt integr\u00e1lt tervez\u00e9s meg\u00fajul\u00f3 energiarendszerekhez<\/li>\n<li data-section-id=\"3v4amq\" data-start=\"2808\" data-end=\"2847\">Gyors telep\u00edt\u00e9s \u00e9s \u00fczembe helyez\u00e9s<\/li>\n<li data-section-id=\"1kyl9qx\" data-start=\"2848\" data-end=\"2891\">Nagy megb\u00edzhat\u00f3s\u00e1g \u00e9s \u00fczembiztons\u00e1g<\/li>\n<li data-section-id=\"1o44870\" data-start=\"2892\" data-end=\"2935\">Alkalmas zord k\u00fclt\u00e9ri k\u00f6rnyezethez<\/li>\n<li data-section-id=\"5k48t5\" data-start=\"2936\" data-end=\"2980\">T\u00e1mogatja a h\u00e1l\u00f3zati szint\u0171 fesz\u00fclts\u00e9gk\u00f6vetelm\u00e9nyeket<\/li>\n<li data-section-id=\"18rnbjv\" data-start=\"2981\" data-end=\"3022\">Alacsony karbantart\u00e1si ig\u00e9ny \u00e9s hossz\u00fa \u00e9lettartam<\/li>\n<\/ul>\n<hr data-start=\"3024\" data-end=\"3027\" \/>\n<h1 data-section-id=\"1lxd8kj\" data-start=\"3029\" data-end=\"3036\">\u2753 GYIK<\/h1>\n<h3 data-section-id=\"16tdf6s\" data-start=\"3038\" data-end=\"3091\">1\ufe0f\u20e3 Mire haszn\u00e1lj\u00e1k a ZGS13 fokozati transzform\u00e1tort?<\/h3>\n<p data-start=\"3093\" data-end=\"3211\">Ezt haszn\u00e1lj\u00e1k:<br \/>\n\ud83d\udc49 A sz\u00e9l- vagy napenergia-termel\u0151 rendszerek fesz\u00fclts\u00e9g\u00e9nek n\u00f6vel\u00e9se a h\u00e1l\u00f3zati \u00e1tviteli szintre (10 kV vagy 35 kV).<\/p>\n<hr data-start=\"3213\" data-end=\"3216\" \/>\n<h3 data-section-id=\"6385e5\" data-start=\"3218\" data-end=\"3248\">2\ufe0f\u20e3 Hol van telep\u00edtve?<\/h3>\n<p data-start=\"3250\" data-end=\"3273\">\u00c1ltal\u00e1ban a k\u00f6vetkez\u0151kben haszn\u00e1lj\u00e1k:<\/p>\n<ul data-start=\"3274\" data-end=\"3347\">\n<li data-section-id=\"1ryn0s7\" data-start=\"3274\" data-end=\"3288\">Sz\u00e9ler\u0151m\u0171vek<\/li>\n<li data-section-id=\"igs886\" data-start=\"3289\" data-end=\"3314\">PV naper\u0151m\u0171vek<\/li>\n<li data-section-id=\"1aribom\" data-start=\"3315\" data-end=\"3347\">Meg\u00fajul\u00f3 energi\u00e1t hasznos\u00edt\u00f3 al\u00e1llom\u00e1sok<\/li>\n<\/ul>\n<hr data-start=\"3349\" data-end=\"3352\" \/>\n<h3 data-section-id=\"eaniav\" data-start=\"3354\" data-end=\"3412\">3\ufe0f\u20e3 Mi\u00e9rt h\u00edvj\u00e1k kompakt al\u00e1llom\u00e1si transzform\u00e1tornak?<\/h3>\n<p data-start=\"3414\" data-end=\"3436\">Mert integr\u00e1l:<\/p>\n<ul data-start=\"3437\" data-end=\"3490\">\n<li data-section-id=\"1c2mxqr\" data-start=\"3437\" data-end=\"3452\">Transzform\u00e1tor<\/li>\n<li data-section-id=\"1nd1vfv\" data-start=\"3453\" data-end=\"3467\">Kapcsol\u00f3berendez\u00e9sek<\/li>\n<li data-section-id=\"9lz69s\" data-start=\"3468\" data-end=\"3490\">V\u00e9d\u0151eszk\u00f6z\u00f6k<\/li>\n<\/ul>\n<p data-start=\"3492\" data-end=\"3524\">\ud83d\udc49 Egy el\u0151re gy\u00e1rtott egys\u00e9gbe<\/p>\n<hr data-start=\"3526\" data-end=\"3529\" \/>\n<h3 data-section-id=\"kdbnzc\" data-start=\"3531\" data-end=\"3592\">4\ufe0f\u20e3 Mi teszi alkalmass\u00e1 a meg\u00fajul\u00f3 energi\u00e1val kapcsolatos projektekhez?<\/h3>\n<ul data-start=\"3594\" data-end=\"3686\">\n<li data-section-id=\"5svd5d\" data-start=\"3594\" data-end=\"3613\">Gyors telep\u00edt\u00e9s<\/li>\n<li data-section-id=\"4sp4nl\" data-start=\"3614\" data-end=\"3636\">K\u00fclt\u00e9ri tart\u00f3ss\u00e1g<\/li>\n<li data-section-id=\"1cqlean\" data-start=\"3637\" data-end=\"3666\">Stabil fesz\u00fclts\u00e9g \u00e1talak\u00edt\u00e1s<\/li>\n<li data-section-id=\"1s8wp6p\" data-start=\"3667\" data-end=\"3686\">Alacsony karbantart\u00e1si ig\u00e9ny<\/li>\n<\/ul>\n<hr data-start=\"3688\" data-end=\"3691\" \/>\n<h3 data-section-id=\"e1lsee\" data-start=\"3693\" data-end=\"3725\">5\ufe0f\u20e3 Haszn\u00e1l olajh\u0171t\u00e9st?<\/h3>\n<p data-start=\"3727\" data-end=\"3794\">Igen, haszn\u00e1lja:<br \/>\n\ud83d\udc49 Szigetel\u0151olaj mind h\u0171t\u00e9shez, mind szigetel\u00e9shez<\/p>","protected":false},"excerpt":{"rendered":"<p data-start=\"283\" data-end=\"466\">A ZGS13 sorozat\u00fa sz\u00e9l- \u00e9s napenergia dedik\u00e1lt felfokoz\u00f3 transzform\u00e1tor egy integr\u00e1lt, kompakt, al\u00e1llom\u00e1s-t\u00edpus\u00fa transzform\u00e1toregys\u00e9g, amelyet meg\u00fajul\u00f3 energiatermel\u0151 rendszerekhez terveztek.<\/p>\n<p data-start=\"468\" data-end=\"532\">A k\u00f6vetkez\u0151 komponenseket egyes\u00edti egyetlen kompakt strukt\u00far\u00e1ban:<\/p>\n<ul data-start=\"533\" data-end=\"630\">\n<li data-section-id=\"159gwlz\" data-start=\"533\" data-end=\"565\">Transzform\u00e1tor mag \u00e9s tekercsel\u00e9s<\/li>\n<li data-section-id=\"1nd1vfv\" data-start=\"566\" data-end=\"580\">Kapcsol\u00f3berendez\u00e9sek<\/li>\n<li data-section-id=\"1gutmwu\" data-start=\"581\" data-end=\"590\">Biztos\u00edt\u00e9kok<\/li>\n<li data-section-id=\"1b2jgah\" data-start=\"591\" data-end=\"606\">Csapol\u00f3v\u00e1lt\u00f3<\/li>\n<li data-section-id=\"1d1nt9k\" data-start=\"607\" data-end=\"630\">Kieg\u00e9sz\u00edt\u0151 berendez\u00e9sek<\/li>\n<\/ul>","protected":false},"featured_media":2154,"comment_status":"open","ping_status":"closed","template":"","meta":{"site-sidebar-layout":"default","site-content-layout":"","ast-site-content-layout":"default","site-content-style":"default","site-sidebar-style":"default","ast-global-header-display":"","ast-banner-title-visibility":"","ast-main-header-display":"","ast-hfb-above-header-display":"","ast-hfb-below-header-display":"","ast-hfb-mobile-header-display":"","site-post-title":"","ast-breadcrumbs-content":"","ast-featured-img":"","footer-sml-layout":"","ast-disable-related-posts":"","theme-transparent-header-meta":"default","adv-header-id-meta":"","stick-header-meta":"","header-above-stick-meta":"","header-main-stick-meta":"","header-below-stick-meta":"","astra-migrate-meta-layouts":"set","ast-page-background-enabled":"default","ast-page-background-meta":{"desktop":{"background-color":"","background-image":"","background-repeat":"repeat","background-position":"center center","background-size":"auto","background-attachment":"scroll","background-type":"","background-media":"","overlay-type":"","overlay-color":"","overlay-opacity":"","overlay-gradient":""},"tablet":{"background-color":"","background-image":"","background-repeat":"repeat","background-position":"center center","background-size":"auto","background-attachment":"scroll","background-type":"","background-media":"","overlay-type":"","overlay-color":"","overlay-opacity":"","overlay-gradient":""},"mobile":{"background-color":"","background-image":"","background-repeat":"repeat","background-position":"center center","background-size":"auto","background-attachment":"scroll","background-type":"","background-media":"","overlay-type":"","overlay-color":"","overlay-opacity":"","overlay-gradient":""}},"ast-content-background-meta":{"desktop":{"background-color":"var(--ast-global-color-5)","background-image":"","background-repeat":"repeat","background-position":"center center","background-size":"auto","background-attachment":"scroll","background-type":"","background-media":"","overlay-type":"","overlay-color":"","overlay-opacity":"","overlay-gradient":""},"tablet":{"background-color":"var(--ast-global-color-5)","background-image":"","background-repeat":"repeat","background-position":"center center","background-size":"auto","background-attachment":"scroll","background-type":"","background-media":"","overlay-type":"","overlay-color":"","overlay-opacity":"","overlay-gradient":""},"mobile":{"background-color":"var(--ast-global-color-5)","background-image":"","background-repeat":"repeat","background-position":"center center","background-size":"auto","background-attachment":"scroll","background-type":"","background-media":"","overlay-type":"","overlay-color":"","overlay-opacity":"","overlay-gradient":""}}},"product_brand":[],"product_cat":[2036,2032],"product_tag":[2156,2157,2160,2159,2155,2158,2162,2154,2161,2153,2152],"class_list":{"0":"post-2153","1":"product","2":"type-product","3":"status-publish","4":"has-post-thumbnail","6":"product_cat-renewable-energy-products","7":"product_cat-electrical-equipment","8":"product_tag-0-69kv-to-10kv-transformer","9":"product_tag-35kv-step-up-transformer","10":"product_tag-compact-substation-transformer","11":"product_tag-pad-mounted-transformer","12":"product_tag-pv-substation-transformer","13":"product_tag-renewable-energy-transformer","14":"product_tag-solar-power-equipment","15":"product_tag-solar-step-up-transformer","16":"product_tag-wind-farm-electrical-equipment","17":"product_tag-wind-power-transformer","18":"product_tag-zgs13-transformer","19":"desktop-align-left","20":"tablet-align-left","21":"mobile-align-left","23":"first","24":"instock","25":"shipping-taxable","26":"product-type-simple"},"_links":{"self":[{"href":"https:\/\/www.wonzh.com\/hu\/wp-json\/wp\/v2\/product\/2153","targetHints":{"allow":["GET"]}}],"collection":[{"href":"https:\/\/www.wonzh.com\/hu\/wp-json\/wp\/v2\/product"}],"about":[{"href":"https:\/\/www.wonzh.com\/hu\/wp-json\/wp\/v2\/types\/product"}],"replies":[{"embeddable":true,"href":"https:\/\/www.wonzh.com\/hu\/wp-json\/wp\/v2\/comments?post=2153"}],"wp:featuredmedia":[{"embeddable":true,"href":"https:\/\/www.wonzh.com\/hu\/wp-json\/wp\/v2\/media\/2154"}],"wp:attachment":[{"href":"https:\/\/www.wonzh.com\/hu\/wp-json\/wp\/v2\/media?parent=2153"}],"wp:term":[{"taxonomy":"product_brand","embeddable":true,"href":"https:\/\/www.wonzh.com\/hu\/wp-json\/wp\/v2\/product_brand?post=2153"},{"taxonomy":"product_cat","embeddable":true,"href":"https:\/\/www.wonzh.com\/hu\/wp-json\/wp\/v2\/product_cat?post=2153"},{"taxonomy":"product_tag","embeddable":true,"href":"https:\/\/www.wonzh.com\/hu\/wp-json\/wp\/v2\/product_tag?post=2153"}],"curies":[{"name":"wp","href":"https:\/\/api.w.org\/{rel}","templated":true}]}}