{"id":2151,"date":"2026-04-29T15:21:33","date_gmt":"2026-04-29T15:21:33","guid":{"rendered":"https:\/\/www.wonzh.com\/?post_type=product&#038;p=2151"},"modified":"2026-04-29T15:21:35","modified_gmt":"2026-04-29T15:21:35","slug":"ybh-series-hybrid-compact-substation-10kv-35kv-prefabricated-substation-for-solar-wind-power-distribution","status":"publish","type":"product","link":"https:\/\/www.wonzh.com\/hu\/product\/ybh-series-hybrid-compact-substation-10kv-35kv-prefabricated-substation-for-solar-wind-power-distribution\/","title":{"rendered":"YBH sorozat\u00fa hibrid kompakt al\u00e1llom\u00e1s (10kV \/ 35kV el\u0151re gy\u00e1rtott al\u00e1llom\u00e1s nap- \u00e9s sz\u00e9lenergia eloszt\u00e1shoz)"},"content":{"rendered":"<p data-start=\"252\" data-end=\"450\">Az YBH sorozat\u00fa hibrid kompakt al\u00e1llom\u00e1s egy innovat\u00edv, el\u0151re gy\u00e1rtott al\u00e1llom\u00e1s, amely egyes\u00edti az amerikai t\u00edpus\u00fa (padra szerelt) \u00e9s az eur\u00f3pai t\u00edpus\u00fa kompakt al\u00e1llom\u00e1sok el\u0151nyeit.<\/p>\n<p data-start=\"452\" data-end=\"611\">A hagyom\u00e1nyos kialak\u00edt\u00e1sokkal ellent\u00e9tben az YBH sorozat egyedi nagyfesz\u00fclts\u00e9g\u0171 csatlakoz\u00f3szerkezetet alkalmaz saj\u00e1t fejleszt\u00e9s\u0171 technol\u00f3gi\u00e1val, amely kiv\u00e1l\u00f3 egyens\u00falyt biztos\u00edt:<\/p>\n<p data-start=\"613\" data-end=\"689\">\ud83d\udc49 Biztons\u00e1g<br data-start=\"622\" data-end=\"625\" \/>\ud83d\udc49 Megb\u00edzhat\u00f3s\u00e1g<br data-start=\"639\" data-end=\"642\" \/>\ud83d\udc49 Rugalmass\u00e1g<br data-start=\"656\" data-end=\"659\" \/>\ud83d\udc49 K\u00f6rnyezeti teljes\u00edtm\u00e9ny<\/p>\n<p data-start=\"691\" data-end=\"712\">Sz\u00e9les k\u00f6rben haszn\u00e1lj\u00e1k a k\u00f6vetkez\u0151kben:<\/p>\n<ul data-start=\"713\" data-end=\"811\">\n<li data-section-id=\"1w4tyzr\" data-start=\"713\" data-end=\"744\">Napenergia (PV) er\u0151m\u0171vek<\/li>\n<li data-section-id=\"z32h6d\" data-start=\"745\" data-end=\"771\">Sz\u00e9lenergia-rendszerek<\/li>\n<li data-section-id=\"1xsivcn\" data-start=\"772\" data-end=\"811\">10kV \/ 35kV eloszt\u00f3h\u00e1l\u00f3zatok<\/li>\n<\/ul>\n<hr data-start=\"813\" data-end=\"816\" \/>\n<h2 data-section-id=\"17fvu7l\" data-start=\"818\" data-end=\"836\">\ud83d\udd39 F\u0151bb jellemz\u0151k<\/h2>\n<h3 data-section-id=\"p055a8\" data-start=\"838\" data-end=\"893\">\u2714 Hibrid design (az amerikai \u00e9s az eur\u00f3pai t\u00edpusok legjobbja)<\/h3>\n<ul data-start=\"894\" data-end=\"996\">\n<li data-section-id=\"1ravmmf\" data-start=\"894\" data-end=\"941\">Kombin\u00e1lja az amerikai t\u00edpus\u00fa kompakt szerkezetet<\/li>\n<li data-section-id=\"h5akx7\" data-start=\"942\" data-end=\"996\">Rugalmas eur\u00f3pai t\u00edpus\u00fa konfigur\u00e1ci\u00f3t integr\u00e1l<\/li>\n<\/ul>\n<p data-start=\"998\" data-end=\"1048\">\ud83d\udc49 Optimaliz\u00e1lva a modern energiaeloszt\u00e1si ig\u00e9nyekhez<\/p>\n<hr data-start=\"1050\" data-end=\"1053\" \/>\n<h3 data-section-id=\"jwo2v2\" data-start=\"1055\" data-end=\"1107\">\u2714 Saj\u00e1t nagyfesz\u00fclts\u00e9g\u0171 csatlakoz\u00e1si technol\u00f3gia<\/h3>\n<ul data-start=\"1108\" data-end=\"1180\">\n<li data-section-id=\"eeyv5\" data-start=\"1108\" data-end=\"1139\">Egyed\u00fcl\u00e1ll\u00f3 HV csatlakoz\u00f3 kialak\u00edt\u00e1s<\/li>\n<li data-section-id=\"1neig4x\" data-start=\"1140\" data-end=\"1180\">Fokozott rendszerstabilit\u00e1s \u00e9s biztons\u00e1g<\/li>\n<\/ul>\n<p data-start=\"1182\" data-end=\"1232\">\ud83d\udc49 Differenci\u00e1lt term\u00e9kel\u0151ny a projektek sz\u00e1m\u00e1ra<\/p>\n<hr data-start=\"1234\" data-end=\"1237\" \/>\n<h3 data-section-id=\"1mr7066\" data-start=\"1239\" data-end=\"1279\">\u2714 Integr\u00e1lt el\u0151regy\u00e1rtott szerkezet<\/h3>\n<ul data-start=\"1280\" data-end=\"1350\">\n<li data-section-id=\"kygouv\" data-start=\"1280\" data-end=\"1324\">Transzform\u00e1tor + HV + LV rendszer egy egys\u00e9gben<\/li>\n<li data-section-id=\"y5las0\" data-start=\"1325\" data-end=\"1350\">Gy\u00e1rilag el\u0151re \u00f6sszeszerelve<\/li>\n<\/ul>\n<p data-start=\"1352\" data-end=\"1390\">\ud83d\udc49 Cs\u00f6kkenti a helysz\u00edni telep\u00edt\u00e9si id\u0151t<\/p>\n<hr data-start=\"1392\" data-end=\"1395\" \/>\n<h3 data-section-id=\"1ney3w6\" data-start=\"1397\" data-end=\"1428\">\u2714 Nagy biztons\u00e1g \u00e9s megb\u00edzhat\u00f3s\u00e1g<\/h3>\n<ul data-start=\"1429\" data-end=\"1488\">\n<li data-section-id=\"18wyaby\" data-start=\"1429\" data-end=\"1457\">Teljesen z\u00e1rt szerkezet<\/li>\n<li data-section-id=\"eqylk7\" data-start=\"1458\" data-end=\"1488\">Teljes v\u00e9delmi rendszer<\/li>\n<\/ul>\n<p data-start=\"1490\" data-end=\"1534\">\ud83d\udc49 Alkalmas zord k\u00fclt\u00e9ri k\u00f6rnyezethez<\/p>\n<hr data-start=\"1536\" data-end=\"1539\" \/>\n<h3 data-section-id=\"1ep4gse\" data-start=\"1541\" data-end=\"1569\">\u2714 Kompakt \u00e9s helytakar\u00e9kos<\/h3>\n<ul data-start=\"1570\" data-end=\"1678\">\n<li data-section-id=\"1kzytt9\" data-start=\"1570\" data-end=\"1627\">Kisebb helyig\u00e9ny a hagyom\u00e1nyos al\u00e1llom\u00e1sokhoz k\u00e9pest<\/li>\n<li data-section-id=\"1bdhfgw\" data-start=\"1628\" data-end=\"1678\">Ide\u00e1lis v\u00e1rosi \u00e9s elosztott energiarendszerekhez<\/li>\n<\/ul>\n<hr data-start=\"1680\" data-end=\"1683\" \/>\n<h3 data-section-id=\"nixv8q\" data-start=\"1685\" data-end=\"1722\">\u2714 K\u00f6rnyezetbar\u00e1t tervez\u00e9s<\/h3>\n<ul data-start=\"1723\" data-end=\"1802\">\n<li data-section-id=\"16visxu\" data-start=\"1723\" data-end=\"1736\">Alacsony zajszint<\/li>\n<li data-section-id=\"xnrp06\" data-start=\"1737\" data-end=\"1771\">Cs\u00f6kkentett elektrom\u00e1gneses hat\u00e1s<\/li>\n<li data-section-id=\"fwrxgr\" data-start=\"1772\" data-end=\"1802\">Energiahat\u00e9kony m\u0171k\u00f6d\u00e9s<\/li>\n<\/ul>\n<p data-start=\"1804\" data-end=\"1843\">\ud83d\udc49 Alkalmas a z\u00f6ld energia projektekhez<\/p>\n<hr data-start=\"1845\" data-end=\"1848\" \/>\n<h2 data-section-id=\"1hq6i26\" data-start=\"1850\" data-end=\"1873\">\ud83d\udd39 Szerkezeti tervez\u00e9s<\/h2>\n<h3 data-section-id=\"18zdobt\" data-start=\"1875\" data-end=\"1899\">\ud83d\udd38 Nagyfesz\u00fclts\u00e9g\u0171 egys\u00e9g<\/h3>\n<ul data-start=\"1900\" data-end=\"1965\">\n<li data-section-id=\"1vszvk\" data-start=\"1900\" data-end=\"1933\">Rugalmas HV-csatlakoz\u00e1si rendszer<\/li>\n<li data-section-id=\"wvv6oo\" data-start=\"1934\" data-end=\"1965\">Biztons\u00e1gos \u00e9s megb\u00edzhat\u00f3 kapcsol\u00e1s<\/li>\n<\/ul>\n<hr data-start=\"1967\" data-end=\"1970\" \/>\n<h3 data-section-id=\"ebkzy6\" data-start=\"1972\" data-end=\"1995\">\ud83d\udd38 Transzform\u00e1tor egys\u00e9g<\/h3>\n<ul data-start=\"1996\" data-end=\"2071\">\n<li data-section-id=\"c29kbn\" data-start=\"1996\" data-end=\"2045\">T\u00e1mogatja az olajba mer\u00edtett vagy sz\u00e1raz t\u00edpus\u00fa transzform\u00e1tort<\/li>\n<li data-section-id=\"zfd45y\" data-start=\"2046\" data-end=\"2071\">Testreszabhat\u00f3 kapacit\u00e1s<\/li>\n<\/ul>\n<hr data-start=\"2073\" data-end=\"2076\" \/>\n<h3 data-section-id=\"1ts15o3\" data-start=\"2078\" data-end=\"2101\">\ud83d\udd38 Alacsony fesz\u00fclts\u00e9g\u0171 egys\u00e9g<\/h3>\n<ul data-start=\"2102\" data-end=\"2177\">\n<li data-section-id=\"1nhl37j\" data-start=\"2102\" data-end=\"2140\">Eloszt\u00f3 \u00e9s v\u00e9delmi rendszer<\/li>\n<li data-section-id=\"nc910x\" data-start=\"2141\" data-end=\"2177\">M\u00e9r\u00e9s \u00e9s vez\u00e9rl\u00e9s integr\u00e1l\u00e1sa<\/li>\n<\/ul>\n<hr data-start=\"2179\" data-end=\"2182\" \/>\n<h3 data-section-id=\"1m6twft\" data-start=\"2184\" data-end=\"2200\">\ud83d\udd38 Burkolat<\/h3>\n<ul data-start=\"2201\" data-end=\"2286\">\n<li data-section-id=\"1ut0yto\" data-start=\"2201\" data-end=\"2222\">Id\u0151j\u00e1r\u00e1s\u00e1ll\u00f3<\/li>\n<li data-section-id=\"xvhfr1\" data-start=\"2223\" data-end=\"2248\">Korr\u00f3zi\u00f3g\u00e1tl\u00f3 kialak\u00edt\u00e1s<\/li>\n<li data-section-id=\"1qum606\" data-start=\"2249\" data-end=\"2286\">Alkalmas k\u00fclt\u00e9ri telep\u00edt\u00e9sre<\/li>\n<\/ul>\n<hr data-start=\"2288\" data-end=\"2291\" \/>\n<h2 data-section-id=\"15du31k\" data-start=\"2293\" data-end=\"2311\">\ud83d\udd39 Alkalmaz\u00e1sok<\/h2>\n<p data-start=\"2313\" data-end=\"2357\">Az YBH hibrid al\u00e1llom\u00e1st sz\u00e9les k\u00f6rben haszn\u00e1lj\u00e1k:<\/p>\n<ul data-start=\"2359\" data-end=\"2542\">\n<li data-section-id=\"aj1s75\" data-start=\"2359\" data-end=\"2399\">Fotovoltaikus (PV) naper\u0151m\u0171vek<\/li>\n<li data-section-id=\"pdj8ig\" data-start=\"2400\" data-end=\"2424\">Sz\u00e9lenergia projektek<\/li>\n<li data-section-id=\"1oiocup\" data-start=\"2425\" data-end=\"2461\">V\u00e1rosi energiaeloszt\u00f3 rendszerek<\/li>\n<li data-section-id=\"ikoknv\" data-start=\"2462\" data-end=\"2502\">Ipari \u00e9s kereskedelmi l\u00e9tes\u00edtm\u00e9nyek<\/li>\n<li data-section-id=\"gftaf6\" data-start=\"2503\" data-end=\"2542\">Infrastrukt\u00fara- \u00e9s k\u00f6zm\u0171projektek<\/li>\n<\/ul>\n<hr data-start=\"2544\" data-end=\"2547\" \/>\n<h2 data-section-id=\"1rg4wz9\" data-start=\"2549\" data-end=\"2573\">\ud83d\udd39 El\u0151ny\u00f6k \u00f6sszefoglal\u00e1sa<\/h2>\n<ul data-start=\"2575\" data-end=\"2866\">\n<li data-section-id=\"1gwl3b8\" data-start=\"2575\" data-end=\"2632\">Az amerikai \u00e9s az uni\u00f3s al\u00e1llom\u00e1sok el\u0151nyeit \u00f6tv\u00f6z\u0151 hibrid kialak\u00edt\u00e1s<\/li>\n<li data-section-id=\"2hkvtw\" data-start=\"2633\" data-end=\"2683\">Saj\u00e1t nagyfesz\u00fclts\u00e9g\u0171 csatlakoz\u00e1si technol\u00f3gia<\/li>\n<li data-section-id=\"17kae4n\" data-start=\"2684\" data-end=\"2728\">Kompakt, integr\u00e1lt \u00e9s k\u00f6nnyen telep\u00edthet\u0151<\/li>\n<li data-section-id=\"el1xvd\" data-start=\"2729\" data-end=\"2772\">Nagyfok\u00fa biztons\u00e1g \u00e9s \u00fczembiztons\u00e1g<\/li>\n<li data-section-id=\"blvuyk\" data-start=\"2773\" data-end=\"2816\">Ide\u00e1lis meg\u00fajul\u00f3 energiaforr\u00e1sokhoz<\/li>\n<li data-section-id=\"5i22eq\" data-start=\"2817\" data-end=\"2866\">K\u00f6rnyezetbar\u00e1t \u00e9s energiahat\u00e9kony<\/li>\n<\/ul>\n<hr data-start=\"2868\" data-end=\"2871\" \/>\n<h1 data-section-id=\"1lxd8kj\" data-start=\"2873\" data-end=\"2880\">\u2753 GYIK<\/h1>\n<h3 data-section-id=\"z3zs38\" data-start=\"2882\" data-end=\"2922\">1\ufe0f\u20e3 Mi az az YBH hibrid al\u00e1llom\u00e1s?<\/h3>\n<p data-start=\"2924\" data-end=\"3023\">Ez az:<br \/>\n\ud83d\udc49 El\u0151re gy\u00e1rtott kompakt al\u00e1llom\u00e1s, amely egyes\u00edti az amerikai \u00e9s az eur\u00f3pai t\u00edpusok jellemz\u0151it.<\/p>\n<hr data-start=\"3025\" data-end=\"3028\" \/>\n<h3 data-section-id=\"12cezs5\" data-start=\"3030\" data-end=\"3074\">2\ufe0f\u20e3 Milyen fesz\u00fclts\u00e9gszinteket t\u00e1mogat?<\/h3>\n<p data-start=\"3076\" data-end=\"3128\">Jellemz\u0151en:<br \/>\n\ud83d\udc49 10kV \u00e9s 35kV eloszt\u00f3rendszerek<\/p>\n<hr data-start=\"3130\" data-end=\"3133\" \/>\n<h3 data-section-id=\"67s3uz\" data-start=\"3135\" data-end=\"3194\">3\ufe0f\u20e3 Miben k\u00fcl\u00f6nb\u00f6zik az YBH a hagyom\u00e1nyos al\u00e1llom\u00e1sokt\u00f3l?<\/h3>\n<ul data-start=\"3196\" data-end=\"3301\">\n<li data-section-id=\"1hj524x\" data-start=\"3196\" data-end=\"3216\">Hibrid szerkezet<\/li>\n<li data-section-id=\"whfq98\" data-start=\"3217\" data-end=\"3251\">Egyedi nagyfesz\u00fclts\u00e9g\u0171 csatlakoz\u00e1s<\/li>\n<li data-section-id=\"111rkfh\" data-start=\"3252\" data-end=\"3301\">A t\u00f6m\u00f6rs\u00e9g \u00e9s a rugalmass\u00e1g jobb egyens\u00falya<\/li>\n<\/ul>\n<hr data-start=\"3303\" data-end=\"3306\" \/>\n<h3 data-section-id=\"1638i42\" data-start=\"3308\" data-end=\"3360\">4\ufe0f\u20e3 Haszn\u00e1lhat\u00f3-e meg\u00fajul\u00f3 energiaprojektekben?<\/h3>\n<p data-start=\"3362\" data-end=\"3427\">Igen, sz\u00e9les k\u00f6rben haszn\u00e1lj\u00e1k:<br \/>\n\ud83d\udc49 Napenergia (PV) \u00e9s sz\u00e9lenergia rendszerek<\/p>\n<hr data-start=\"3429\" data-end=\"3432\" \/>\n<h3 data-section-id=\"zb1fot\" data-start=\"3434\" data-end=\"3461\">5\ufe0f\u20e3 Testreszabhat\u00f3?<\/h3>\n<p data-start=\"3463\" data-end=\"3480\">Igen, t\u00e1mogatja:<\/p>\n<ul data-start=\"3481\" data-end=\"3574\">\n<li data-section-id=\"sbuquj\" data-start=\"3481\" data-end=\"3511\">Transzform\u00e1tor t\u00edpus kiv\u00e1laszt\u00e1sa<\/li>\n<li data-section-id=\"1aqod29\" data-start=\"3512\" data-end=\"3538\">Kapacit\u00e1s testreszab\u00e1sa<\/li>\n<li data-section-id=\"5l4zr8\" data-start=\"3539\" data-end=\"3574\">Elektromos konfigur\u00e1ci\u00f3 tervez\u00e9se<\/li>\n<\/ul>","protected":false},"excerpt":{"rendered":"<p data-start=\"252\" data-end=\"450\">Az YBH sorozat\u00fa hibrid kompakt al\u00e1llom\u00e1s egy innovat\u00edv, el\u0151re gy\u00e1rtott al\u00e1llom\u00e1s, amely egyes\u00edti az amerikai t\u00edpus\u00fa (padra szerelt) \u00e9s az eur\u00f3pai t\u00edpus\u00fa kompakt al\u00e1llom\u00e1sok el\u0151nyeit.<\/p>\n<p data-start=\"452\" data-end=\"611\">A hagyom\u00e1nyos kialak\u00edt\u00e1sokkal ellent\u00e9tben az YBH sorozat egyedi nagyfesz\u00fclts\u00e9g\u0171 csatlakoz\u00f3szerkezetet alkalmaz saj\u00e1t fejleszt\u00e9s\u0171 technol\u00f3gi\u00e1val, amely kiv\u00e1l\u00f3 egyens\u00falyt biztos\u00edt:<\/p>","protected":false},"featured_media":2152,"comment_status":"open","ping_status":"closed","template":"","meta":{"site-sidebar-layout":"default","site-content-layout":"","ast-site-content-layout":"default","site-content-style":"default","site-sidebar-style":"default","ast-global-header-display":"","ast-banner-title-visibility":"","ast-main-header-display":"","ast-hfb-above-header-display":"","ast-hfb-below-header-display":"","ast-hfb-mobile-header-display":"","site-post-title":"","ast-breadcrumbs-content":"","ast-featured-img":"","footer-sml-layout":"","ast-disable-related-posts":"","theme-transparent-header-meta":"default","adv-header-id-meta":"","stick-header-meta":"","header-above-stick-meta":"","header-main-stick-meta":"","header-below-stick-meta":"","astra-migrate-meta-layouts":"set","ast-page-background-enabled":"default","ast-page-background-meta":{"desktop":{"background-color":"","background-image":"","background-repeat":"repeat","background-position":"center center","background-size":"auto","background-attachment":"scroll","background-type":"","background-media":"","overlay-type":"","overlay-color":"","overlay-opacity":"","overlay-gradient":""},"tablet":{"background-color":"","background-image":"","background-repeat":"repeat","background-position":"center center","background-size":"auto","background-attachment":"scroll","background-type":"","background-media":"","overlay-type":"","overlay-color":"","overlay-opacity":"","overlay-gradient":""},"mobile":{"background-color":"","background-image":"","background-repeat":"repeat","background-position":"center center","background-size":"auto","background-attachment":"scroll","background-type":"","background-media":"","overlay-type":"","overlay-color":"","overlay-opacity":"","overlay-gradient":""}},"ast-content-background-meta":{"desktop":{"background-color":"var(--ast-global-color-5)","background-image":"","background-repeat":"repeat","background-position":"center center","background-size":"auto","background-attachment":"scroll","background-type":"","background-media":"","overlay-type":"","overlay-color":"","overlay-opacity":"","overlay-gradient":""},"tablet":{"background-color":"var(--ast-global-color-5)","background-image":"","background-repeat":"repeat","background-position":"center center","background-size":"auto","background-attachment":"scroll","background-type":"","background-media":"","overlay-type":"","overlay-color":"","overlay-opacity":"","overlay-gradient":""},"mobile":{"background-color":"var(--ast-global-color-5)","background-image":"","background-repeat":"repeat","background-position":"center center","background-size":"auto","background-attachment":"scroll","background-type":"","background-media":"","overlay-type":"","overlay-color":"","overlay-opacity":"","overlay-gradient":""}}},"product_brand":[],"product_cat":[2032,2036],"product_tag":[2145,2146,2149,2144,2151,2150,2064,2147,2148,2143],"class_list":{"0":"post-2151","1":"product","2":"type-product","3":"status-publish","4":"has-post-thumbnail","6":"product_cat-electrical-equipment","7":"product_cat-renewable-energy-products","8":"product_tag-10kv-substation","9":"product_tag-35kv-substation","10":"product_tag-compact-transformer-substation","11":"product_tag-hybrid-compact-substation","12":"product_tag-outdoor-substation-equipment","13":"product_tag-power-distribution-substation","14":"product_tag-prefabricated-substation","15":"product_tag-solar-substation","16":"product_tag-wind-power-substation","17":"product_tag-ybh-substation","18":"desktop-align-left","19":"tablet-align-left","20":"mobile-align-left","22":"first","23":"instock","24":"shipping-taxable","25":"product-type-simple"},"_links":{"self":[{"href":"https:\/\/www.wonzh.com\/hu\/wp-json\/wp\/v2\/product\/2151","targetHints":{"allow":["GET"]}}],"collection":[{"href":"https:\/\/www.wonzh.com\/hu\/wp-json\/wp\/v2\/product"}],"about":[{"href":"https:\/\/www.wonzh.com\/hu\/wp-json\/wp\/v2\/types\/product"}],"replies":[{"embeddable":true,"href":"https:\/\/www.wonzh.com\/hu\/wp-json\/wp\/v2\/comments?post=2151"}],"wp:featuredmedia":[{"embeddable":true,"href":"https:\/\/www.wonzh.com\/hu\/wp-json\/wp\/v2\/media\/2152"}],"wp:attachment":[{"href":"https:\/\/www.wonzh.com\/hu\/wp-json\/wp\/v2\/media?parent=2151"}],"wp:term":[{"taxonomy":"product_brand","embeddable":true,"href":"https:\/\/www.wonzh.com\/hu\/wp-json\/wp\/v2\/product_brand?post=2151"},{"taxonomy":"product_cat","embeddable":true,"href":"https:\/\/www.wonzh.com\/hu\/wp-json\/wp\/v2\/product_cat?post=2151"},{"taxonomy":"product_tag","embeddable":true,"href":"https:\/\/www.wonzh.com\/hu\/wp-json\/wp\/v2\/product_tag?post=2151"}],"curies":[{"name":"wp","href":"https:\/\/api.w.org\/{rel}","templated":true}]}}