{"id":2140,"date":"2026-04-29T14:46:34","date_gmt":"2026-04-29T14:46:34","guid":{"rendered":"https:\/\/www.wonzh.com\/?post_type=product&#038;p=2140"},"modified":"2026-04-29T14:46:35","modified_gmt":"2026-04-29T14:46:35","slug":"xgn15-12-sf6-ring-main-unit-12kv-metal-enclosed-air-insulated-switchgear-for-power-distribution","status":"publish","type":"product","link":"https:\/\/www.wonzh.com\/hu\/product\/xgn15-12-sf6-ring-main-unit-12kv-metal-enclosed-air-insulated-switchgear-for-power-distribution\/","title":{"rendered":"XGN15-12 SF6 gy\u0171r\u0171s f\u0151egys\u00e9g (12 kV-os f\u00e9mz\u00e1rt, l\u00e9gszigetelt kapcsol\u00f3berendez\u00e9s \u00e1rameloszt\u00e1shoz)"},"content":{"rendered":"<p data-start=\"244\" data-end=\"452\">Az XGN15-12 sorozat\u00fa SF6 gy\u0171r\u0171s f\u0151egys\u00e9g (RMU) egy \u00faj gener\u00e1ci\u00f3s k\u00f6z\u00e9pfesz\u00fclts\u00e9g\u0171 kapcsol\u00f3berendez\u00e9s, amelyet SF6 terhel\u00e9smegszak\u00edt\u00f3 kapcsol\u00f3kkal mint f\u0151 kapcsol\u00f3elemmel \u00e9s l\u00e9gszigetel\u0151 szerkezettel terveztek.<\/p>\n<p data-start=\"454\" data-end=\"609\">Kompakt, modul\u00e1ris \u00e9s b\u0151v\u00edthet\u0151 kialak\u00edt\u00e1ssal rendelkezik, \u00edgy ide\u00e1lis a modern gy\u0171r\u0171s h\u00e1l\u00f3zati \u00e1rameloszt\u00f3 rendszerekhez \u00e9s a v\u00e9gponti al\u00e1llom\u00e1sokhoz.<\/p>\n<p data-start=\"611\" data-end=\"638\">A kapcsol\u00f3berendez\u00e9s a k\u00f6vetkez\u0151kben m\u0171k\u00f6dik:<\/p>\n<ul data-start=\"639\" data-end=\"696\">\n<li data-section-id=\"w0xwqv\" data-start=\"639\" data-end=\"668\">N\u00e9vleges frekvencia: 50Hz<\/li>\n<li data-section-id=\"1hfgq88\" data-start=\"669\" data-end=\"696\">N\u00e9vleges fesz\u00fclts\u00e9g: 12kV<\/li>\n<\/ul>\n<p data-start=\"698\" data-end=\"845\">Sz\u00e9les k\u00f6rben haszn\u00e1lj\u00e1k a v\u00e1rosi \u00e9s ipari \u00e1rameloszt\u00f3 h\u00e1l\u00f3zatokban, k\u00fcl\u00f6n\u00f6sen a k\u00e1belgy\u0171r\u0171s rendszerekben \u00e9s a v\u00e9gponti \u00e1ramell\u00e1t\u00e1si alkalmaz\u00e1sokban.<\/p>\n<hr data-start=\"847\" data-end=\"850\" \/>\n<h2 data-section-id=\"17fvu7l\" data-start=\"852\" data-end=\"870\">\ud83d\udd39 F\u0151bb jellemz\u0151k<\/h2>\n<h3 data-section-id=\"17n3pcd\" data-start=\"872\" data-end=\"902\">\u2714 Kompakt \u00e9s modul\u00e1ris kialak\u00edt\u00e1s<\/h3>\n<ul data-start=\"903\" data-end=\"974\">\n<li data-section-id=\"1exxsfo\" data-start=\"903\" data-end=\"922\">Kis helyig\u00e9ny<\/li>\n<li data-section-id=\"1pg46p\" data-start=\"923\" data-end=\"947\">B\u0151v\u00edthet\u0151 szerkezet<\/li>\n<li data-section-id=\"1lwy1yl\" data-start=\"948\" data-end=\"974\">Rugalmas konfigur\u00e1ci\u00f3<\/li>\n<\/ul>\n<p data-start=\"976\" data-end=\"1018\">\ud83d\udc49 Ide\u00e1lis helyhi\u00e1nyos telep\u00edt\u00e9sekhez<\/p>\n<hr data-start=\"1020\" data-end=\"1023\" \/>\n<h3 data-section-id=\"1rmabi4\" data-start=\"1025\" data-end=\"1063\">\u2714 SF6 Load Break Switch technol\u00f3gia<\/h3>\n<ul data-start=\"1064\" data-end=\"1149\">\n<li data-section-id=\"xmiurg\" data-start=\"1064\" data-end=\"1106\">Nagy megb\u00edzhat\u00f3s\u00e1g\u00fa kapcsol\u00e1si teljes\u00edtm\u00e9ny<\/li>\n<li data-section-id=\"g919cy\" data-start=\"1107\" data-end=\"1149\">Kiv\u00e1l\u00f3 \u00edvolt\u00f3 k\u00e9pess\u00e9g<\/li>\n<\/ul>\n<p data-start=\"1151\" data-end=\"1189\">\ud83d\udc49 Biztos\u00edtja a biztons\u00e1gos \u00e9s stabil m\u0171k\u00f6d\u00e9st<\/p>\n<hr data-start=\"1191\" data-end=\"1194\" \/>\n<h3 data-section-id=\"1xt7gxu\" data-start=\"1196\" data-end=\"1226\">\u2714 F\u00e9m-z\u00e1rt szerkezet<\/h3>\n<ul data-start=\"1227\" data-end=\"1298\">\n<li data-section-id=\"jufgzz\" data-start=\"1227\" data-end=\"1261\">Teljesen z\u00e1rt p\u00e1nc\u00e9lozott szekr\u00e9ny<\/li>\n<li data-section-id=\"1cbibis\" data-start=\"1262\" data-end=\"1298\">L\u00e9gszigetelt bels\u0151 szerkezet<\/li>\n<\/ul>\n<p data-start=\"1300\" data-end=\"1332\">\ud83d\udc49 N\u00f6veli az \u00fczembiztons\u00e1got<\/p>\n<hr data-start=\"1334\" data-end=\"1337\" \/>\n<h3 data-section-id=\"nmp87m\" data-start=\"1339\" data-end=\"1369\">\u2714 Rugalmas \u00e1ramk\u00f6ri s\u00e9m\u00e1k<\/h3>\n<ul data-start=\"1370\" data-end=\"1462\">\n<li data-section-id=\"ivfvff\" data-start=\"1370\" data-end=\"1415\">T\u00e1mogatja a termin\u00e1l- \u00e9s gy\u0171r\u0171s h\u00e1l\u00f3zati k\u00e1belez\u00e9st<\/li>\n<li data-section-id=\"1l6lnne\" data-start=\"1416\" data-end=\"1462\">Alkalmazhat\u00f3 k\u00fcl\u00f6nb\u00f6z\u0151 rendszerkonfigur\u00e1ci\u00f3khoz<\/li>\n<\/ul>\n<hr data-start=\"1464\" data-end=\"1467\" \/>\n<h3 data-section-id=\"1gxptii\" data-start=\"1469\" data-end=\"1505\">\u2714 Teljes komponens-integr\u00e1ci\u00f3<\/h3>\n<p data-start=\"1506\" data-end=\"1515\">Tartalmazza:<\/p>\n<ul data-start=\"1516\" data-end=\"1629\">\n<li data-section-id=\"zza4lc\" data-start=\"1516\" data-end=\"1541\">SF6 terhel\u00e9s megszak\u00edt\u00f3 kapcsol\u00f3<\/li>\n<li data-section-id=\"1wup980\" data-start=\"1542\" data-end=\"1561\">F\u00f6ldel\u0151 kapcsol\u00f3<\/li>\n<li data-section-id=\"1yhabhp\" data-start=\"1562\" data-end=\"1570\">Biztos\u00edt\u00e9k<\/li>\n<li data-section-id=\"1vf5890\" data-start=\"1571\" data-end=\"1603\">\u00c1ram\/fesz\u00fclts\u00e9g transzform\u00e1torok<\/li>\n<li data-section-id=\"9wlt9w\" data-start=\"1604\" data-end=\"1629\">M\u00e1sodlagos eszk\u00f6z\u00f6k<\/li>\n<\/ul>\n<p data-start=\"1631\" data-end=\"1674\">\ud83d\udc49 Megfelel a k\u00fcl\u00f6nb\u00f6z\u0151 m\u0171szaki k\u00f6vetelm\u00e9nyeknek<\/p>\n<hr data-start=\"1676\" data-end=\"1679\" \/>\n<h3 data-section-id=\"12n2clq\" data-start=\"1681\" data-end=\"1719\">\u2714 Megb\u00edzhat\u00f3 mechanikus reteszel\u00e9s<\/h3>\n<ul data-start=\"1720\" data-end=\"1905\">\n<li data-section-id=\"12itbxq\" data-start=\"1720\" data-end=\"1749\">Be\u00e9p\u00edtett reteszel\u0151 rendszer<\/li>\n<li data-section-id=\"opbivp\" data-start=\"1750\" data-end=\"1905\">Teljes m\u00e9rt\u00e9kben megfelel <strong data-start=\"1764\" data-end=\"1805\">\u201c\u00d6t megel\u0151z\u00e9si\u201d biztons\u00e1gi k\u00f6vetelm\u00e9ny<\/strong>:\n<ul data-start=\"1809\" data-end=\"1905\">\n<li data-section-id=\"10220o4\" data-start=\"1809\" data-end=\"1833\">A hib\u00e1s m\u0171k\u00f6d\u00e9s megakad\u00e1lyoz\u00e1sa<\/li>\n<li data-section-id=\"1d8zgdx\" data-start=\"1836\" data-end=\"1862\">Az \u00e9l\u0151 f\u00f6ldel\u00e9s megakad\u00e1lyoz\u00e1sa<\/li>\n<li data-section-id=\"1xh9vyq\" data-start=\"1865\" data-end=\"1905\">A helytelen kapcsol\u00e1si sorrend megakad\u00e1lyoz\u00e1sa<\/li>\n<\/ul>\n<\/li>\n<\/ul>\n<hr data-start=\"1907\" data-end=\"1910\" \/>\n<h3 data-section-id=\"1ney3w6\" data-start=\"1912\" data-end=\"1943\">\u2714 Nagy biztons\u00e1g \u00e9s megb\u00edzhat\u00f3s\u00e1g<\/h3>\n<ul data-start=\"1944\" data-end=\"2044\">\n<li data-section-id=\"1trnttq\" data-start=\"1944\" data-end=\"1990\">Stabil m\u0171k\u00f6d\u00e9s k\u00f6z\u00e9pfesz\u00fclts\u00e9g\u0171 rendszerekben<\/li>\n<li data-section-id=\"1upbm1x\" data-start=\"1991\" data-end=\"2044\">Alkalmas folyamatos t\u00e1pell\u00e1t\u00e1s\u00fa k\u00f6rnyezetekhez<\/li>\n<\/ul>\n<hr data-start=\"2046\" data-end=\"2049\" \/>\n<h2 data-section-id=\"1hq6i26\" data-start=\"2051\" data-end=\"2074\">\ud83d\udd39 Szerkezeti tervez\u00e9s<\/h2>\n<h3 data-section-id=\"8fsvm5\" data-start=\"2076\" data-end=\"2095\">\ud83d\udd38 Szekr\u00e9nyt\u00edpus<\/h3>\n<ul data-start=\"2096\" data-end=\"2183\">\n<li data-section-id=\"6ycy0i\" data-start=\"2096\" data-end=\"2129\">F\u00e9mbor\u00edt\u00e1s\u00fa z\u00e1rt szerkezet<\/li>\n<li data-section-id=\"9mhacx\" data-start=\"2130\" data-end=\"2160\">L\u00e9gszigetelt rekeszek<\/li>\n<li data-section-id=\"19bdaax\" data-start=\"2161\" data-end=\"2183\">Kompakt \u00e9s robusztus<\/li>\n<\/ul>\n<hr data-start=\"2185\" data-end=\"2188\" \/>\n<h3 data-section-id=\"1k4dlis\" data-start=\"2190\" data-end=\"2213\">\ud83d\udd38 Kapcsol\u00e1si rendszer<\/h3>\n<ul data-start=\"2214\" data-end=\"2300\">\n<li data-section-id=\"1pc7u17\" data-start=\"2214\" data-end=\"2254\">SF6 terhel\u00e9smegszak\u00edt\u00f3 kapcsol\u00f3 mint f\u0151kapcsol\u00f3<\/li>\n<li data-section-id=\"19peevs\" data-start=\"2255\" data-end=\"2300\">Integr\u00e1lt f\u00f6ldel\u00e9si \u00e9s v\u00e9delmi rendszer<\/li>\n<\/ul>\n<hr data-start=\"2302\" data-end=\"2305\" \/>\n<h3 data-section-id=\"1x6mgn9\" data-start=\"2307\" data-end=\"2331\">\ud83d\udd38 V\u00e9delmi rendszer<\/h3>\n<ul data-start=\"2332\" data-end=\"2409\">\n<li data-section-id=\"1vzhk71\" data-start=\"2332\" data-end=\"2368\">Transzform\u00e1torok biztos\u00edt\u00e9kv\u00e9delme<\/li>\n<li data-section-id=\"1jqn82g\" data-start=\"2369\" data-end=\"2409\">Teljes k\u00f6r\u0171 hibav\u00e9delmi k\u00e9pess\u00e9g<\/li>\n<\/ul>\n<hr data-start=\"2411\" data-end=\"2414\" \/>\n<h3 data-section-id=\"1ux2mw7\" data-start=\"2416\" data-end=\"2436\">\ud83d\udd38 B\u0151v\u00edthet\u0151s\u00e9g<\/h3>\n<ul data-start=\"2437\" data-end=\"2518\">\n<li data-section-id=\"hkvjgg\" data-start=\"2437\" data-end=\"2479\">A modul\u00e1ris kialak\u00edt\u00e1s lehet\u0151v\u00e9 teszi a j\u00f6v\u0151beli b\u0151v\u00edt\u00e9st<\/li>\n<li data-section-id=\"cucwfa\" data-start=\"2480\" data-end=\"2518\">Alkalmas n\u00f6vekv\u0151 energiarendszerekhez<\/li>\n<\/ul>\n<hr data-start=\"2520\" data-end=\"2523\" \/>\n<h2 data-section-id=\"15du31k\" data-start=\"2525\" data-end=\"2543\">\ud83d\udd39 Alkalmaz\u00e1sok<\/h2>\n<p data-start=\"2545\" data-end=\"2580\">Az XGN15-12 RMU-t sz\u00e9les k\u00f6rben haszn\u00e1lj\u00e1k:<\/p>\n<ul data-start=\"2582\" data-end=\"2841\">\n<li data-section-id=\"86zm1h\" data-start=\"2582\" data-end=\"2622\">V\u00e1rosi lakoss\u00e1gi \u00e1rameloszt\u00e1s<\/li>\n<li data-section-id=\"zcg4fz\" data-start=\"2623\" data-end=\"2648\">M\u00e1sodlagos al\u00e1llom\u00e1sok<\/li>\n<li data-section-id=\"114sfdf\" data-start=\"2649\" data-end=\"2671\">Kapcsol\u00f3\u00e1llom\u00e1sok<\/li>\n<li data-section-id=\"eakz7s\" data-start=\"2672\" data-end=\"2709\">Ipari \u00e9s b\u00e1ny\u00e1szati v\u00e1llalkoz\u00e1sok<\/li>\n<li data-section-id=\"hfihxt\" data-start=\"2710\" data-end=\"2734\">Kereskedelmi \u00e9p\u00fcletek<\/li>\n<li data-section-id=\"1b8blr8\" data-start=\"2735\" data-end=\"2765\">Rep\u00fcl\u0151terek \u00e9s metr\u00f3rendszerek<\/li>\n<li data-section-id=\"18stwit\" data-start=\"2766\" data-end=\"2789\">Sz\u00e9lenergia projektek<\/li>\n<li data-section-id=\"1v8duec\" data-start=\"2790\" data-end=\"2816\">K\u00f3rh\u00e1zak \u00e9s stadionok<\/li>\n<li data-section-id=\"11oc9le\" data-start=\"2817\" data-end=\"2841\">Vasutak \u00e9s alagutak<\/li>\n<\/ul>\n<hr data-start=\"2843\" data-end=\"2846\" \/>\n<h2 data-section-id=\"1rg4wz9\" data-start=\"2848\" data-end=\"2872\">\ud83d\udd39 El\u0151ny\u00f6k \u00f6sszefoglal\u00e1sa<\/h2>\n<ul data-start=\"2874\" data-end=\"3139\">\n<li data-section-id=\"1x16qe3\" data-start=\"2874\" data-end=\"2909\">Kompakt \u00e9s helytakar\u00e9kos kialak\u00edt\u00e1s<\/li>\n<li data-section-id=\"1bsc137\" data-start=\"2910\" data-end=\"2960\">Nagy megb\u00edzhat\u00f3s\u00e1g az SF6 kapcsol\u00e1si technol\u00f3gi\u00e1val<\/li>\n<li data-section-id=\"lol72i\" data-start=\"2961\" data-end=\"3002\">Rugalmas \u00e9s b\u0151v\u00edthet\u0151 konfigur\u00e1ci\u00f3<\/li>\n<li data-section-id=\"1nkqwt3\" data-start=\"3003\" data-end=\"3042\">Teljes biztons\u00e1gi reteszel\u00e9si rendszer<\/li>\n<li data-section-id=\"18p92t7\" data-start=\"3043\" data-end=\"3098\">Alkalmas gy\u0171r\u0171s h\u00e1l\u00f3zathoz \u00e9s termin\u00e1l eloszt\u00e1shoz<\/li>\n<li data-section-id=\"crou16\" data-start=\"3099\" data-end=\"3139\">Ide\u00e1lis a modern v\u00e1rosi energiarendszerekhez<\/li>\n<\/ul>\n<hr data-start=\"3141\" data-end=\"3144\" \/>\n<h1 data-section-id=\"1lxd8kj\" data-start=\"3146\" data-end=\"3153\">\u2753 GYIK<\/h1>\n<h3 data-section-id=\"1ukyt9j\" data-start=\"3155\" data-end=\"3193\">1\ufe0f\u20e3 Mi az SF6 gy\u0171r\u0171s f\u0151egys\u00e9g?<\/h3>\n<p data-start=\"3195\" data-end=\"3344\">Egy <strong data-start=\"3198\" data-end=\"3209\">SF6 RMU<\/strong> egy k\u00f6z\u00e9pfesz\u00fclts\u00e9g\u0171 kapcsol\u00f3berendez\u00e9s, amely <strong data-start=\"3247\" data-end=\"3278\">SF6 g\u00e1zterhel\u00e9s-megszak\u00edt\u00f3 kapcsol\u00f3k<\/strong> a biztons\u00e1gos \u00e9s megb\u00edzhat\u00f3 energiaeloszt\u00e1s a gy\u0171r\u0171s h\u00e1l\u00f3zati rendszerekben.<\/p>\n<hr data-start=\"3346\" data-end=\"3349\" \/>\n<h3 data-section-id=\"uv2j8y\" data-start=\"3351\" data-end=\"3403\">2\ufe0f\u20e3 Milyen fesz\u00fclts\u00e9gszintre alkalmas az XGN15-12?<\/h3>\n<p data-start=\"3405\" data-end=\"3465\">A k\u00f6vetkez\u0151kre tervezt\u00e9k:<br \/>\n\ud83d\udc49 <strong data-start=\"3428\" data-end=\"3465\">12 kV-os k\u00f6z\u00e9pfesz\u00fclts\u00e9g\u0171 rendszerek<\/strong><\/p>\n<hr data-start=\"3467\" data-end=\"3470\" \/>\n<h3 data-section-id=\"tk3rvm\" data-start=\"3472\" data-end=\"3512\">3\ufe0f\u20e3 Hol haszn\u00e1lj\u00e1k \u00e1ltal\u00e1ban ezt az RMU-t?<\/h3>\n<p data-start=\"3514\" data-end=\"3535\">Sz\u00e9les k\u00f6rben haszn\u00e1lj\u00e1k a k\u00f6vetkez\u0151kben:<\/p>\n<ul data-start=\"3536\" data-end=\"3607\">\n<li data-section-id=\"1k1ryxi\" data-start=\"3536\" data-end=\"3557\">V\u00e1rosi energiah\u00e1l\u00f3zatok<\/li>\n<li data-section-id=\"8295nf\" data-start=\"3558\" data-end=\"3579\">Ipari \u00fczemek<\/li>\n<li data-section-id=\"1e17v55\" data-start=\"3580\" data-end=\"3607\">Infrastruktur\u00e1lis projektek<\/li>\n<\/ul>\n<hr data-start=\"3609\" data-end=\"3612\" \/>\n<h3 data-section-id=\"4brwmt\" data-start=\"3614\" data-end=\"3664\">4\ufe0f\u20e3 Milyen el\u0151nyei vannak az SF6 kapcsol\u00f3berendez\u00e9seknek?<\/h3>\n<ul data-start=\"3666\" data-end=\"3782\">\n<li data-section-id=\"1b4urz8\" data-start=\"3666\" data-end=\"3702\">Kiv\u00e1l\u00f3 szigetel\u00e9si teljes\u00edtm\u00e9ny<\/li>\n<li data-section-id=\"ub7qiv\" data-start=\"3703\" data-end=\"3739\">Er\u0151s \u00edvolt\u00f3 k\u00e9pess\u00e9g<\/li>\n<li data-section-id=\"hlwggc\" data-start=\"3740\" data-end=\"3782\">Nagy megb\u00edzhat\u00f3s\u00e1g \u00e9s hossz\u00fa \u00e9lettartam<\/li>\n<\/ul>\n<hr data-start=\"3784\" data-end=\"3787\" \/>\n<h3 data-section-id=\"1vzxbic\" data-start=\"3789\" data-end=\"3830\">5\ufe0f\u20e3 B\u0151v\u00edthet\u0151-e az XGN15-12 RMU?<\/h3>\n<p data-start=\"3832\" data-end=\"3915\">Igen, van benne egy <strong data-start=\"3851\" data-end=\"3880\">modul\u00e1risan b\u0151v\u00edthet\u0151 kialak\u00edt\u00e1s<\/strong>, lehet\u0151v\u00e9 t\u00e9ve a rendszer j\u00f6v\u0151beli b\u0151v\u00edt\u00e9s\u00e9t.<\/p>","protected":false},"excerpt":{"rendered":"<p data-start=\"244\" data-end=\"452\">Az XGN15-12 sorozat\u00fa SF6 gy\u0171r\u0171s f\u0151egys\u00e9g (RMU) egy \u00faj gener\u00e1ci\u00f3s k\u00f6z\u00e9pfesz\u00fclts\u00e9g\u0171 kapcsol\u00f3berendez\u00e9s, amelyet SF6 terhel\u00e9smegszak\u00edt\u00f3 kapcsol\u00f3kkal mint f\u0151 kapcsol\u00f3elemmel \u00e9s l\u00e9gszigetel\u0151 szerkezettel terveztek.<\/p>\n<p data-start=\"454\" data-end=\"609\">Kompakt, modul\u00e1ris \u00e9s b\u0151v\u00edthet\u0151 kialak\u00edt\u00e1ssal rendelkezik, \u00edgy ide\u00e1lis a modern gy\u0171r\u0171s h\u00e1l\u00f3zati \u00e1rameloszt\u00f3 rendszerekhez \u00e9s a v\u00e9gponti al\u00e1llom\u00e1sokhoz.<\/p>","protected":false},"featured_media":2141,"comment_status":"open","ping_status":"closed","template":"","meta":{"site-sidebar-layout":"default","site-content-layout":"","ast-site-content-layout":"default","site-content-style":"default","site-sidebar-style":"default","ast-global-header-display":"","ast-banner-title-visibility":"","ast-main-header-display":"","ast-hfb-above-header-display":"","ast-hfb-below-header-display":"","ast-hfb-mobile-header-display":"","site-post-title":"","ast-breadcrumbs-content":"","ast-featured-img":"","footer-sml-layout":"","ast-disable-related-posts":"","theme-transparent-header-meta":"default","adv-header-id-meta":"","stick-header-meta":"","header-above-stick-meta":"","header-main-stick-meta":"","header-below-stick-meta":"","astra-migrate-meta-layouts":"set","ast-page-background-enabled":"default","ast-page-background-meta":{"desktop":{"background-color":"","background-image":"","background-repeat":"repeat","background-position":"center center","background-size":"auto","background-attachment":"scroll","background-type":"","background-media":"","overlay-type":"","overlay-color":"","overlay-opacity":"","overlay-gradient":""},"tablet":{"background-color":"","background-image":"","background-repeat":"repeat","background-position":"center center","background-size":"auto","background-attachment":"scroll","background-type":"","background-media":"","overlay-type":"","overlay-color":"","overlay-opacity":"","overlay-gradient":""},"mobile":{"background-color":"","background-image":"","background-repeat":"repeat","background-position":"center center","background-size":"auto","background-attachment":"scroll","background-type":"","background-media":"","overlay-type":"","overlay-color":"","overlay-opacity":"","overlay-gradient":""}},"ast-content-background-meta":{"desktop":{"background-color":"var(--ast-global-color-5)","background-image":"","background-repeat":"repeat","background-position":"center center","background-size":"auto","background-attachment":"scroll","background-type":"","background-media":"","overlay-type":"","overlay-color":"","overlay-opacity":"","overlay-gradient":""},"tablet":{"background-color":"var(--ast-global-color-5)","background-image":"","background-repeat":"repeat","background-position":"center center","background-size":"auto","background-attachment":"scroll","background-type":"","background-media":"","overlay-type":"","overlay-color":"","overlay-opacity":"","overlay-gradient":""},"mobile":{"background-color":"var(--ast-global-color-5)","background-image":"","background-repeat":"repeat","background-position":"center center","background-size":"auto","background-attachment":"scroll","background-type":"","background-media":"","overlay-type":"","overlay-color":"","overlay-opacity":"","overlay-gradient":""}}},"product_brand":[],"product_cat":[2035,2032],"product_tag":[2119,2124,2104,2125,2120,2122,2097,2123,2121,2117,2114,2118],"class_list":{"0":"post-2140","1":"product","2":"type-product","3":"status-publish","4":"has-post-thumbnail","6":"product_cat-high-and-low-voltage-switchgear","7":"product_cat-electrical-equipment","8":"product_tag-12kv-rmu","9":"product_tag-air-insulated-switchgear","10":"product_tag-electrical-switchgear","11":"product_tag-industrial-power-equipment","12":"product_tag-medium-voltage-switchgear","13":"product_tag-metal-enclosed-switchgear","14":"product_tag-power-distribution-equipment","15":"product_tag-ring-network-cabinet","16":"product_tag-sf6-load-break-switch","17":"product_tag-sf6-ring-main-unit","18":"product_tag-substation-equipment","19":"product_tag-xgn15-12-switchgear","20":"desktop-align-left","21":"tablet-align-left","22":"mobile-align-left","24":"first","25":"instock","26":"shipping-taxable","27":"product-type-simple"},"_links":{"self":[{"href":"https:\/\/www.wonzh.com\/hu\/wp-json\/wp\/v2\/product\/2140","targetHints":{"allow":["GET"]}}],"collection":[{"href":"https:\/\/www.wonzh.com\/hu\/wp-json\/wp\/v2\/product"}],"about":[{"href":"https:\/\/www.wonzh.com\/hu\/wp-json\/wp\/v2\/types\/product"}],"replies":[{"embeddable":true,"href":"https:\/\/www.wonzh.com\/hu\/wp-json\/wp\/v2\/comments?post=2140"}],"wp:featuredmedia":[{"embeddable":true,"href":"https:\/\/www.wonzh.com\/hu\/wp-json\/wp\/v2\/media\/2141"}],"wp:attachment":[{"href":"https:\/\/www.wonzh.com\/hu\/wp-json\/wp\/v2\/media?parent=2140"}],"wp:term":[{"taxonomy":"product_brand","embeddable":true,"href":"https:\/\/www.wonzh.com\/hu\/wp-json\/wp\/v2\/product_brand?post=2140"},{"taxonomy":"product_cat","embeddable":true,"href":"https:\/\/www.wonzh.com\/hu\/wp-json\/wp\/v2\/product_cat?post=2140"},{"taxonomy":"product_tag","embeddable":true,"href":"https:\/\/www.wonzh.com\/hu\/wp-json\/wp\/v2\/product_tag?post=2140"}],"curies":[{"name":"wp","href":"https:\/\/api.w.org\/{rel}","templated":true}]}}