{"id":2134,"date":"2026-04-28T15:40:24","date_gmt":"2026-04-28T15:40:24","guid":{"rendered":"https:\/\/www.wonzh.com\/?post_type=product&#038;p=2134"},"modified":"2026-04-28T15:40:25","modified_gmt":"2026-04-28T15:40:25","slug":"gck-low-voltage-withdrawable-switchgear-pc-mcc-power-distribution-system-up-to-4000a","status":"publish","type":"product","link":"https:\/\/www.wonzh.com\/hu\/product\/gck-low-voltage-withdrawable-switchgear-pc-mcc-power-distribution-system-up-to-4000a\/","title":{"rendered":"GCK kisfesz\u00fclts\u00e9g\u0171 kih\u00fazhat\u00f3 kapcsol\u00f3berendez\u00e9sek (PC &amp; MCC \u00e1rameloszt\u00f3 rendszer 4000A-ig)"},"content":{"rendered":"<p data-start=\"231\" data-end=\"339\"><img fetchpriority=\"high\" decoding=\"async\" class=\"size-medium wp-image-2135 alignright\" src=\"https:\/\/www.wonzh.com\/wp-content\/uploads\/2026\/04\/GCK-Low-Voltage-Withdrawable-Switchgear-PC-MCC-Power-Distribution-System-up-to-4000A-300x300.png\" alt=\"\" width=\"300\" height=\"300\" srcset=\"https:\/\/www.wonzh.com\/wp-content\/uploads\/2026\/04\/GCK-Low-Voltage-Withdrawable-Switchgear-PC-MCC-Power-Distribution-System-up-to-4000A-300x300.png 300w, https:\/\/www.wonzh.com\/wp-content\/uploads\/2026\/04\/GCK-Low-Voltage-Withdrawable-Switchgear-PC-MCC-Power-Distribution-System-up-to-4000A-150x150.png 150w, https:\/\/www.wonzh.com\/wp-content\/uploads\/2026\/04\/GCK-Low-Voltage-Withdrawable-Switchgear-PC-MCC-Power-Distribution-System-up-to-4000A-768x768.png 768w, https:\/\/www.wonzh.com\/wp-content\/uploads\/2026\/04\/GCK-Low-Voltage-Withdrawable-Switchgear-PC-MCC-Power-Distribution-System-up-to-4000A-12x12.png 12w, https:\/\/www.wonzh.com\/wp-content\/uploads\/2026\/04\/GCK-Low-Voltage-Withdrawable-Switchgear-PC-MCC-Power-Distribution-System-up-to-4000A-600x600.png 600w, https:\/\/www.wonzh.com\/wp-content\/uploads\/2026\/04\/GCK-Low-Voltage-Withdrawable-Switchgear-PC-MCC-Power-Distribution-System-up-to-4000A-100x100.png 100w, https:\/\/www.wonzh.com\/wp-content\/uploads\/2026\/04\/GCK-Low-Voltage-Withdrawable-Switchgear-PC-MCC-Power-Distribution-System-up-to-4000A.png 1000w\" sizes=\"(max-width: 300px) 100vw, 300px\" \/>A GCK sorozat\u00fa kisfesz\u00fclts\u00e9g\u0171 kih\u00fazhat\u00f3 kapcsol\u00f3berendez\u00e9s egy modul\u00e1ris \u00e1rameloszt\u00f3 rendszer, amely a k\u00f6vetkez\u0151kb\u0151l \u00e1ll:<\/p>\n<ul data-start=\"341\" data-end=\"401\">\n<li data-section-id=\"v1nqxa\" data-start=\"341\" data-end=\"366\">Teljes\u00edtm\u00e9nyk\u00f6zpont (PC)<\/li>\n<li data-section-id=\"fm9pr7\" data-start=\"367\" data-end=\"401\">Motorvez\u00e9rl\u0151 k\u00f6zpont (MCC)<\/li>\n<\/ul>\n<p data-start=\"403\" data-end=\"530\">Ipari \u00e9s infrastruktur\u00e1lis alkalmaz\u00e1sokban alkalmazott energiaeloszt\u00f3, motorvez\u00e9rl\u0151 \u00e9s vil\u00e1g\u00edt\u00e1si rendszerekhez tervezt\u00e9k.<\/p>\n<p data-start=\"532\" data-end=\"559\">A rendszer alkalmas:<\/p>\n<ul data-start=\"560\" data-end=\"655\">\n<li data-section-id=\"1sq361m\" data-start=\"560\" data-end=\"590\">Frekvencia: 50Hz \/ 60Hz<\/li>\n<li data-section-id=\"11lkq8k\" data-start=\"591\" data-end=\"620\">N\u00e9vleges fesz\u00fclts\u00e9g: \u2264 660V<\/li>\n<li data-section-id=\"1ui9t9i\" data-start=\"621\" data-end=\"655\">N\u00e9vleges \u00e1ram: 4000A-ig<\/li>\n<\/ul>\n<p data-start=\"657\" data-end=\"825\">A GCK kapcsol\u00f3berendez\u00e9s rugalmas modul\u00e1ris fel\u00e9p\u00edt\u00e9s\u00e9nek \u00e9s nagy megb\u00edzhat\u00f3s\u00e1g\u00e1nak k\u00f6sz\u00f6nhet\u0151en sz\u00e9les k\u00f6rben haszn\u00e1lj\u00e1k a hat\u00e9kony eloszt\u00e1st \u00e9s k\u00f6nny\u0171 karbantart\u00e1st ig\u00e9nyl\u0151 energiarendszerekben.<\/p>\n<hr data-start=\"827\" data-end=\"830\" \/>\n<h2 data-section-id=\"g4vs8k\" data-start=\"832\" data-end=\"858\">\ud83d\udd39 Szabv\u00e1nyoknak val\u00f3 megfelel\u00e9s<\/h2>\n<ul data-start=\"860\" data-end=\"1028\">\n<li data-section-id=\"19udq8o\" data-start=\"860\" data-end=\"920\">IEC 60439-1 - Kisfesz\u00fclts\u00e9g\u0171 kapcsol\u00f3berendez\u00e9sek \u00e9s vez\u00e9rl\u0151berendez\u00e9sek<\/li>\n<li data-section-id=\"1uecbkd\" data-start=\"921\" data-end=\"974\">GB 7251.1 - Kisfesz\u00fclts\u00e9g\u0171 kapcsol\u00f3berendez\u00e9sek<\/li>\n<li data-section-id=\"1pmq6xo\" data-start=\"975\" data-end=\"1028\">GB \/ T 14048.1 - Alacsony fesz\u00fclts\u00e9g\u0171 kapcsol\u00f3berendez\u00e9sek<\/li>\n<\/ul>\n<hr data-start=\"1030\" data-end=\"1033\" \/>\n<h2 data-section-id=\"17fvu7l\" data-start=\"1035\" data-end=\"1053\">\ud83d\udd39 F\u0151bb jellemz\u0151k<\/h2>\n<h3 data-section-id=\"1xxqpis\" data-start=\"1055\" data-end=\"1084\">\u2714 Modul\u00e1ris PC \u00e9s MCC kialak\u00edt\u00e1s<\/h3>\n<ul data-start=\"1085\" data-end=\"1210\">\n<li data-section-id=\"13k59vd\" data-start=\"1085\" data-end=\"1156\">Integr\u00e1lt teljes\u00edtm\u00e9nyk\u00f6zpont (PC) \u00e9s motorvez\u00e9rl\u0151 k\u00f6zpont (MCC)<\/li>\n<li data-section-id=\"jrny9m\" data-start=\"1157\" data-end=\"1210\">Rugalmas konfigur\u00e1ci\u00f3 k\u00fcl\u00f6nb\u00f6z\u0151 alkalmaz\u00e1sokhoz<\/li>\n<\/ul>\n<p data-start=\"1212\" data-end=\"1273\">\ud83d\udc49 Alkalmas eloszt\u00f3 \u00e9s motorvez\u00e9rl\u0151 rendszerekhez egyar\u00e1nt<\/p>\n<hr data-start=\"1275\" data-end=\"1278\" \/>\n<h3 data-section-id=\"j1odmc\" data-start=\"1280\" data-end=\"1320\">\u2714 Nagy t\u00f6r\u00e9si kapacit\u00e1s \u00e9s stabilit\u00e1s<\/h3>\n<ul data-start=\"1321\" data-end=\"1409\">\n<li data-section-id=\"ap3u9k\" data-start=\"1321\" data-end=\"1365\">Er\u0151s r\u00f6vidz\u00e1rlat-megszak\u00edt\u00f3 k\u00e9pess\u00e9g<\/li>\n<li data-section-id=\"jr6bto\" data-start=\"1366\" data-end=\"1409\">Kiv\u00e1l\u00f3 dinamikus \u00e9s termikus stabilit\u00e1s<\/li>\n<\/ul>\n<p data-start=\"1411\" data-end=\"1461\">\ud83d\udc49 Biztos\u00edtja a biztons\u00e1gos m\u0171k\u00f6d\u00e9st hiba eset\u00e9n is<\/p>\n<hr data-start=\"1463\" data-end=\"1466\" \/>\n<h3 data-section-id=\"1tan46n\" data-start=\"1468\" data-end=\"1501\">\u2714 Rugalmas elektromos rendszerek<\/h3>\n<ul data-start=\"1502\" data-end=\"1583\">\n<li data-section-id=\"aq4mu3\" data-start=\"1502\" data-end=\"1543\">T\u00f6bb funkcion\u00e1lis egys\u00e9g kombin\u00e1ci\u00f3ja<\/li>\n<li data-section-id=\"auas6q\" data-start=\"1544\" data-end=\"1583\">Testreszabhat\u00f3 \u00e1ramk\u00f6ri konfigur\u00e1ci\u00f3k<\/li>\n<\/ul>\n<p data-start=\"1585\" data-end=\"1624\">\ud83d\udc49 Megfelel a k\u00fcl\u00f6nb\u00f6z\u0151 projektk\u00f6vetelm\u00e9nyeknek<\/p>\n<hr data-start=\"1626\" data-end=\"1629\" \/>\n<h3 data-section-id=\"12zqktg\" data-start=\"1631\" data-end=\"1668\">\u2714 Nagyfok\u00fa integr\u00e1ci\u00f3 \u00e9s helytakar\u00e9koss\u00e1g<\/h3>\n<ul data-start=\"1669\" data-end=\"1754\">\n<li data-section-id=\"ivpknx\" data-start=\"1669\" data-end=\"1708\">Nagy sz\u00e1m\u00fa \u00e1ramk\u00f6r szekr\u00e9nyenk\u00e9nt<\/li>\n<li data-section-id=\"hixc46\" data-start=\"1709\" data-end=\"1754\">Kompakt kialak\u00edt\u00e1s cs\u00f6kkenti a telep\u00edt\u00e9si helyet<\/li>\n<\/ul>\n<hr data-start=\"1756\" data-end=\"1759\" \/>\n<h3 data-section-id=\"9k2jgl\" data-start=\"1761\" data-end=\"1791\">\u2714 Magas fok\u00fa v\u00e9delem \u00e9s biztons\u00e1g<\/h3>\n<ul data-start=\"1792\" data-end=\"1880\">\n<li data-section-id=\"112z0x2\" data-start=\"1792\" data-end=\"1847\">Magas v\u00e9delmi fokozat (IP v\u00e9detts\u00e9gi fokozat\u00fa opci\u00f3k \u00e1llnak rendelkez\u00e9sre)<\/li>\n<li data-section-id=\"1vvy6hm\" data-start=\"1848\" data-end=\"1880\">Megb\u00edzhat\u00f3 reteszel\u00e9si rendszer<\/li>\n<\/ul>\n<p data-start=\"1882\" data-end=\"1933\">\ud83d\udc49 Biztos\u00edtja az \u00fczemeltet\u0151 biztons\u00e1g\u00e1t \u00e9s a rendszer megb\u00edzhat\u00f3s\u00e1g\u00e1t<\/p>\n<hr data-start=\"1935\" data-end=\"1938\" \/>\n<h3 data-section-id=\"y8xjs1\" data-start=\"1940\" data-end=\"1962\">\u2714 K\u00f6nny\u0171 karbantart\u00e1s<\/h3>\n<ul data-start=\"1963\" data-end=\"2028\">\n<li data-section-id=\"zkkr2a\" data-start=\"1963\" data-end=\"1992\">Kivehet\u0151 fi\u00f3kos egys\u00e9gek<\/li>\n<li data-section-id=\"1ho7t4w\" data-start=\"1993\" data-end=\"2028\">Gyors csere \u00e9s szervizel\u00e9s<\/li>\n<\/ul>\n<p data-start=\"2030\" data-end=\"2053\">\ud83d\udc49 minimaliz\u00e1lja az \u00e1ll\u00e1sid\u0151t<\/p>\n<hr data-start=\"2055\" data-end=\"2058\" \/>\n<h3 data-section-id=\"1d4fvu7\" data-start=\"2060\" data-end=\"2086\">\u2714 Er\u0151s kompatibilit\u00e1s<\/h3>\n<ul data-start=\"2087\" data-end=\"2139\">\n<li data-section-id=\"hwk1uw\" data-start=\"2087\" data-end=\"2111\">Szabv\u00e1nyos\u00edtott modulok<\/li>\n<li data-section-id=\"i8q01y\" data-start=\"2112\" data-end=\"2139\">Nagyfok\u00fa felcser\u00e9lhet\u0151s\u00e9g<\/li>\n<\/ul>\n<p data-start=\"2141\" data-end=\"2179\">\ud83d\udc49 Egyszer\u0171s\u00edti a b\u0151v\u00edt\u00e9st \u00e9s a friss\u00edt\u00e9seket<\/p>\n<hr data-start=\"2181\" data-end=\"2184\" \/>\n<h2 data-section-id=\"1hq6i26\" data-start=\"2186\" data-end=\"2209\">\ud83d\udd39 Szerkezeti tervez\u00e9s<\/h2>\n<h3 data-section-id=\"1xh03j4\" data-start=\"2211\" data-end=\"2235\">\ud83d\udd38 Szekr\u00e9nyszerkezet<\/h3>\n<ul data-start=\"2236\" data-end=\"2334\">\n<li data-section-id=\"mwl858\" data-start=\"2236\" data-end=\"2273\">Modul\u00e1risan \u00f6ssze\u00e1ll\u00edtott ac\u00e9lszerkezet<\/li>\n<li data-section-id=\"1y6898m\" data-start=\"2274\" data-end=\"2301\">Merev \u00e9s tart\u00f3s keret<\/li>\n<li data-section-id=\"oog22r\" data-start=\"2302\" data-end=\"2334\">Kompakt \u00e9s optimaliz\u00e1lt elrendez\u00e9s<\/li>\n<\/ul>\n<hr data-start=\"2336\" data-end=\"2339\" \/>\n<h3 data-section-id=\"v76t0e\" data-start=\"2341\" data-end=\"2366\">\ud83d\udd38 Kivonhat\u00f3 egys\u00e9gek<\/h3>\n<ul data-start=\"2367\" data-end=\"2435\">\n<li data-section-id=\"rzk20g\" data-start=\"2367\" data-end=\"2399\">Fi\u00f3k t\u00edpus\u00fa funkcion\u00e1lis egys\u00e9gek<\/li>\n<li data-section-id=\"1j0ioyy\" data-start=\"2400\" data-end=\"2435\">Szabv\u00e1nyos\u00edtott m\u00e9ret \u00e9s interf\u00e9sz<\/li>\n<\/ul>\n<p data-start=\"2437\" data-end=\"2448\">\u27a1 El\u0151ny\u00f6k:<\/p>\n<ul data-start=\"2449\" data-end=\"2488\">\n<li data-section-id=\"zpcfub\" data-start=\"2449\" data-end=\"2467\">K\u00f6nny\u0171 kezelhet\u0151s\u00e9g<\/li>\n<li data-section-id=\"1oehgdx\" data-start=\"2468\" data-end=\"2488\">Gyors karbantart\u00e1s<\/li>\n<\/ul>\n<hr data-start=\"2490\" data-end=\"2493\" \/>\n<h3 data-section-id=\"1tnodmb\" data-start=\"2495\" data-end=\"2515\">\ud83d\udd38 S\u00ednrendszer<\/h3>\n<ul data-start=\"2516\" data-end=\"2573\">\n<li data-section-id=\"3lmozf\" data-start=\"2516\" data-end=\"2547\">Kiv\u00e1l\u00f3 min\u0151s\u00e9g\u0171 r\u00e9z gy\u0171jt\u0151s\u00ednek<\/li>\n<li data-section-id=\"1nt1b1n\" data-start=\"2548\" data-end=\"2573\">Optimaliz\u00e1lt elrendez\u00e9s<\/li>\n<\/ul>\n<p data-start=\"2575\" data-end=\"2586\">\u27a1 Jellemz\u0151k:<\/p>\n<ul data-start=\"2587\" data-end=\"2637\">\n<li data-section-id=\"11d9kpn\" data-start=\"2587\" data-end=\"2612\">Nagy \u00e1ramer\u0151ss\u00e9g<\/li>\n<li data-section-id=\"173shq5\" data-start=\"2613\" data-end=\"2637\">Alacsony h\u0151m\u00e9rs\u00e9klet-emelked\u00e9s<\/li>\n<\/ul>\n<hr data-start=\"2639\" data-end=\"2642\" \/>\n<h3 data-section-id=\"1x6mgn9\" data-start=\"2644\" data-end=\"2668\">\ud83d\udd38 V\u00e9delmi rendszer<\/h3>\n<ul data-start=\"2669\" data-end=\"2756\">\n<li data-section-id=\"14s7m03\" data-start=\"2669\" data-end=\"2692\">T\u00falterhel\u00e9s elleni v\u00e9delem<\/li>\n<li data-section-id=\"xnufhj\" data-start=\"2693\" data-end=\"2721\">R\u00f6vidz\u00e1rlat elleni v\u00e9delem<\/li>\n<li data-section-id=\"1t1clws\" data-start=\"2722\" data-end=\"2756\">Elektromos reteszel\u0151rendszer<\/li>\n<\/ul>\n<hr data-start=\"2758\" data-end=\"2761\" \/>\n<h2 data-section-id=\"15du31k\" data-start=\"2763\" data-end=\"2781\">\ud83d\udd39 Alkalmaz\u00e1sok<\/h2>\n<ul data-start=\"2783\" data-end=\"2934\">\n<li data-section-id=\"13gp9hh\" data-start=\"2783\" data-end=\"2815\">Er\u0151m\u0171vek \u00e9s al\u00e1llom\u00e1sok<\/li>\n<li data-section-id=\"1j2bus9\" data-start=\"2816\" data-end=\"2852\">Ipari gy\u00e1rt\u00e1si rendszerek<\/li>\n<li data-section-id=\"1pzb87g\" data-start=\"2853\" data-end=\"2881\">Petrolk\u00e9miai ipar\u00e1gak<\/li>\n<li data-section-id=\"hfihxt\" data-start=\"2882\" data-end=\"2906\">Kereskedelmi \u00e9p\u00fcletek<\/li>\n<li data-section-id=\"1e17v55\" data-start=\"2907\" data-end=\"2934\">Infrastruktur\u00e1lis projektek<\/li>\n<\/ul>\n<hr data-start=\"2936\" data-end=\"2939\" \/>\n<h2 data-section-id=\"1rg4wz9\" data-start=\"2941\" data-end=\"2965\">\ud83d\udd39 El\u0151ny\u00f6k \u00f6sszefoglal\u00e1sa<\/h2>\n<ul data-start=\"2967\" data-end=\"3191\">\n<li data-section-id=\"krkyjz\" data-start=\"2967\" data-end=\"2997\">PC + MCC integr\u00e1lt rendszer<\/li>\n<li data-section-id=\"1x9begz\" data-start=\"2998\" data-end=\"3038\">Nagy szak\u00edt\u00f3szil\u00e1rds\u00e1g \u00e9s stabilit\u00e1s<\/li>\n<li data-section-id=\"6vrj5k\" data-start=\"3039\" data-end=\"3084\">Rugalmas konfigur\u00e1ci\u00f3 \u00e9s modul\u00e1ris fel\u00e9p\u00edt\u00e9s<\/li>\n<li data-section-id=\"1t7p732\" data-start=\"3085\" data-end=\"3122\">Helytakar\u00e9kos \u00e9s nagyfok\u00fa integr\u00e1ci\u00f3<\/li>\n<li data-section-id=\"1am4nmt\" data-start=\"3123\" data-end=\"3157\">K\u00f6nny\u0171 karbantart\u00e1s \u00e9s \u00fczemeltet\u00e9s<\/li>\n<li data-section-id=\"1z0g0xe\" data-start=\"3158\" data-end=\"3191\">Megb\u00edzhat\u00f3 \u00e9s biztons\u00e1gos teljes\u00edtm\u00e9ny<\/li>\n<\/ul>\n<hr data-start=\"3193\" data-end=\"3196\" \/>\n<h1 data-section-id=\"1lxd8kj\" data-start=\"3198\" data-end=\"3205\">\u2753 GYIK<\/h1>\n<h3 data-section-id=\"17kl14w\" data-start=\"3207\" data-end=\"3269\">1\ufe0f\u20e3 Mi a k\u00fcl\u00f6nbs\u00e9g a GCK \u00e9s a GCS kapcsol\u00f3berendez\u00e9sek k\u00f6z\u00f6tt?<\/h3>\n<ul data-start=\"3271\" data-end=\"3389\">\n<li data-section-id=\"ix9vu\" data-start=\"3271\" data-end=\"3327\">GCK: K\u00f6lts\u00e9ghat\u00e9konyabb, rugalmasabb konfigur\u00e1ci\u00f3<\/li>\n<li data-section-id=\"5gga31\" data-start=\"3328\" data-end=\"3389\">GCS: Magasabb szabv\u00e1nyos\u00edt\u00e1s \u00e9s automatiz\u00e1l\u00e1si k\u00e9pess\u00e9g<\/li>\n<\/ul>\n<p data-start=\"3391\" data-end=\"3449\">\ud83d\udc49 A GCK-t sz\u00e9les k\u00f6rben haszn\u00e1lj\u00e1k \u00e1ltal\u00e1nos ipari alkalmaz\u00e1sokhoz.<\/p>\n<hr data-start=\"3451\" data-end=\"3454\" \/>\n<h3 data-section-id=\"oy2arm\" data-start=\"3456\" data-end=\"3490\">2\ufe0f\u20e3 Mit jelent a PC \u00e9s az MCC?<\/h3>\n<ul data-start=\"3492\" data-end=\"3607\">\n<li data-section-id=\"qbl23e\" data-start=\"3492\" data-end=\"3542\">PC (Power Center): F\u0151 \u00e1rameloszt\u00f3<\/li>\n<li data-section-id=\"c0crjh\" data-start=\"3543\" data-end=\"3607\">MCC (motorvez\u00e9rl\u0151 k\u00f6zpont): Motorvez\u00e9rl\u00e9s \u00e9s -ir\u00e1ny\u00edt\u00e1s<\/li>\n<\/ul>\n<p data-start=\"3609\" data-end=\"3663\">\ud83d\udc49 Egy\u00fctt egy teljes teljes\u00edtm\u00e9nyszab\u00e1lyoz\u00f3 rendszert alkotnak.<\/p>\n<hr data-start=\"3665\" data-end=\"3668\" \/>\n<h3 data-section-id=\"2pi7lx\" data-start=\"3670\" data-end=\"3717\">3\ufe0f\u20e3 K\u00f6nny\u0171 karbantartani a GCK kapcsol\u00f3berendez\u00e9st?<\/h3>\n<p data-start=\"3719\" data-end=\"3734\">Igen, k\u00f6sz\u00f6nhet\u0151en:<\/p>\n<ul data-start=\"3735\" data-end=\"3783\">\n<li data-section-id=\"zkkr2a\" data-start=\"3735\" data-end=\"3764\">Kivehet\u0151 fi\u00f3kos egys\u00e9gek<\/li>\n<li data-section-id=\"1f7s8xi\" data-start=\"3765\" data-end=\"3783\">Modul\u00e1ris kialak\u00edt\u00e1s<\/li>\n<\/ul>\n<p data-start=\"3785\" data-end=\"3840\">\ud83d\udc49 A karbantart\u00e1s \u00e9s a csere gyors \u00e9s k\u00e9nyelmes.<\/p>\n<hr data-start=\"3842\" data-end=\"3845\" \/>\n<h3 data-section-id=\"ojgr6w\" data-start=\"3847\" data-end=\"3891\">4\ufe0f\u20e3 Milyen ipar\u00e1gak sz\u00e1m\u00e1ra alkalmas a GCK?<\/h3>\n<p data-start=\"3893\" data-end=\"3914\">Sz\u00e9les k\u00f6rben haszn\u00e1lj\u00e1k a k\u00f6vetkez\u0151kben:<\/p>\n<ul data-start=\"3915\" data-end=\"3979\">\n<li data-section-id=\"8295nf\" data-start=\"3915\" data-end=\"3936\">Ipari \u00fczemek<\/li>\n<li data-section-id=\"3shzmp\" data-start=\"3937\" data-end=\"3954\">Energetikai rendszerek<\/li>\n<li data-section-id=\"hfihxt\" data-start=\"3955\" data-end=\"3979\">Kereskedelmi \u00e9p\u00fcletek<\/li>\n<\/ul>","protected":false},"excerpt":{"rendered":"<p data-start=\"231\" data-end=\"339\">A GCK sorozat\u00fa kisfesz\u00fclts\u00e9g\u0171 kih\u00fazhat\u00f3 kapcsol\u00f3berendez\u00e9s egy modul\u00e1ris \u00e1rameloszt\u00f3 rendszer, amely a k\u00f6vetkez\u0151kb\u0151l \u00e1ll:<\/p>\n<ul data-start=\"341\" data-end=\"401\">\n<li data-section-id=\"v1nqxa\" data-start=\"341\" data-end=\"366\">Teljes\u00edtm\u00e9nyk\u00f6zpont (PC)<\/li>\n<li data-section-id=\"fm9pr7\" data-start=\"367\" data-end=\"401\">Motorvez\u00e9rl\u0151 k\u00f6zpont (MCC)<\/li>\n<\/ul>\n<p data-start=\"403\" data-end=\"530\">Ipari \u00e9s infrastruktur\u00e1lis alkalmaz\u00e1sokban alkalmazott energiaeloszt\u00f3, motorvez\u00e9rl\u0151 \u00e9s vil\u00e1g\u00edt\u00e1si rendszerekhez tervezt\u00e9k.<\/p>\n<p data-start=\"532\" data-end=\"559\">A rendszer alkalmas:<\/p>\n<ul data-start=\"560\" data-end=\"655\">\n<li data-section-id=\"1sq361m\" data-start=\"560\" data-end=\"590\">Frekvencia: 50Hz \/ 60Hz<\/li>\n<li data-section-id=\"11lkq8k\" data-start=\"591\" data-end=\"620\">N\u00e9vleges fesz\u00fclts\u00e9g: \u2264 660V<\/li>\n<li data-section-id=\"1ui9t9i\" data-start=\"621\" data-end=\"655\">N\u00e9vleges \u00e1ram: 4000A-ig<\/li>\n<\/ul>","protected":false},"featured_media":2135,"comment_status":"open","ping_status":"closed","template":"","meta":{"site-sidebar-layout":"default","site-content-layout":"","ast-site-content-layout":"default","site-content-style":"default","site-sidebar-style":"default","ast-global-header-display":"","ast-banner-title-visibility":"","ast-main-header-display":"","ast-hfb-above-header-display":"","ast-hfb-below-header-display":"","ast-hfb-mobile-header-display":"","site-post-title":"","ast-breadcrumbs-content":"","ast-featured-img":"","footer-sml-layout":"","ast-disable-related-posts":"","theme-transparent-header-meta":"default","adv-header-id-meta":"","stick-header-meta":"","header-above-stick-meta":"","header-main-stick-meta":"","header-below-stick-meta":"","astra-migrate-meta-layouts":"set","ast-page-background-enabled":"default","ast-page-background-meta":{"desktop":{"background-color":"","background-image":"","background-repeat":"repeat","background-position":"center center","background-size":"auto","background-attachment":"scroll","background-type":"","background-media":"","overlay-type":"","overlay-color":"","overlay-opacity":"","overlay-gradient":""},"tablet":{"background-color":"","background-image":"","background-repeat":"repeat","background-position":"center center","background-size":"auto","background-attachment":"scroll","background-type":"","background-media":"","overlay-type":"","overlay-color":"","overlay-opacity":"","overlay-gradient":""},"mobile":{"background-color":"","background-image":"","background-repeat":"repeat","background-position":"center center","background-size":"auto","background-attachment":"scroll","background-type":"","background-media":"","overlay-type":"","overlay-color":"","overlay-opacity":"","overlay-gradient":""}},"ast-content-background-meta":{"desktop":{"background-color":"var(--ast-global-color-5)","background-image":"","background-repeat":"repeat","background-position":"center center","background-size":"auto","background-attachment":"scroll","background-type":"","background-media":"","overlay-type":"","overlay-color":"","overlay-opacity":"","overlay-gradient":""},"tablet":{"background-color":"var(--ast-global-color-5)","background-image":"","background-repeat":"repeat","background-position":"center center","background-size":"auto","background-attachment":"scroll","background-type":"","background-media":"","overlay-type":"","overlay-color":"","overlay-opacity":"","overlay-gradient":""},"mobile":{"background-color":"var(--ast-global-color-5)","background-image":"","background-repeat":"repeat","background-position":"center center","background-size":"auto","background-attachment":"scroll","background-type":"","background-media":"","overlay-type":"","overlay-color":"","overlay-opacity":"","overlay-gradient":""}}},"product_brand":[],"product_cat":[2032,2035],"product_tag":[2043,2104,2102,2099,2094,2098,2105,2103,2101,2095],"class_list":{"0":"post-2134","1":"product","2":"type-product","3":"status-publish","4":"has-post-thumbnail","6":"product_cat-electrical-equipment","7":"product_cat-high-and-low-voltage-switchgear","8":"product_tag-electrical-equipment","9":"product_tag-electrical-switchgear","10":"product_tag-gck-switchgear","11":"product_tag-industrial-switchgear","12":"product_tag-low-voltage-switchgear","13":"product_tag-mcc-panel","14":"product_tag-pc-mcc-system","15":"product_tag-power-distribution-cabinet","16":"product_tag-transformer-equipment","17":"product_tag-withdrawable-switchgear","18":"desktop-align-left","19":"tablet-align-left","20":"mobile-align-left","22":"first","23":"instock","24":"shipping-taxable","25":"product-type-simple"},"_links":{"self":[{"href":"https:\/\/www.wonzh.com\/hu\/wp-json\/wp\/v2\/product\/2134","targetHints":{"allow":["GET"]}}],"collection":[{"href":"https:\/\/www.wonzh.com\/hu\/wp-json\/wp\/v2\/product"}],"about":[{"href":"https:\/\/www.wonzh.com\/hu\/wp-json\/wp\/v2\/types\/product"}],"replies":[{"embeddable":true,"href":"https:\/\/www.wonzh.com\/hu\/wp-json\/wp\/v2\/comments?post=2134"}],"wp:featuredmedia":[{"embeddable":true,"href":"https:\/\/www.wonzh.com\/hu\/wp-json\/wp\/v2\/media\/2135"}],"wp:attachment":[{"href":"https:\/\/www.wonzh.com\/hu\/wp-json\/wp\/v2\/media?parent=2134"}],"wp:term":[{"taxonomy":"product_brand","embeddable":true,"href":"https:\/\/www.wonzh.com\/hu\/wp-json\/wp\/v2\/product_brand?post=2134"},{"taxonomy":"product_cat","embeddable":true,"href":"https:\/\/www.wonzh.com\/hu\/wp-json\/wp\/v2\/product_cat?post=2134"},{"taxonomy":"product_tag","embeddable":true,"href":"https:\/\/www.wonzh.com\/hu\/wp-json\/wp\/v2\/product_tag?post=2134"}],"curies":[{"name":"wp","href":"https:\/\/api.w.org\/{rel}","templated":true}]}}