{"id":2118,"date":"2026-04-28T14:17:30","date_gmt":"2026-04-28T14:17:30","guid":{"rendered":"https:\/\/www.wonzh.com\/?post_type=product&#038;p=2118"},"modified":"2026-04-29T16:14:59","modified_gmt":"2026-04-29T16:14:59","slug":"scb11-epoxy-resin-cast-dry-type-transformer","status":"publish","type":"product","link":"https:\/\/www.wonzh.com\/hu\/product\/scb11-epoxy-resin-cast-dry-type-transformer\/","title":{"rendered":"SCB11 Epoxigyanta \u00f6nt\u00f6tt sz\u00e1raz t\u00edpus\u00fa teljes\u00edtm\u00e9nytranszform\u00e1tor (alacsony vesztes\u00e9g \u00e9s energiahat\u00e9kony t\u00edpus)"},"content":{"rendered":"<p data-start=\"235\" data-end=\"430\"><img fetchpriority=\"high\" decoding=\"async\" class=\"size-medium wp-image-2120 alignright\" src=\"https:\/\/www.wonzh.com\/wp-content\/uploads\/2026\/04\/SCB11-Epoxy-Resin-Cast-Dry-Type-Power-Transformer-Low-Loss-Energy-Efficient-Type-3-300x300.png\" alt=\"\" width=\"300\" height=\"300\" srcset=\"https:\/\/www.wonzh.com\/wp-content\/uploads\/2026\/04\/SCB11-Epoxy-Resin-Cast-Dry-Type-Power-Transformer-Low-Loss-Energy-Efficient-Type-3-300x300.png 300w, https:\/\/www.wonzh.com\/wp-content\/uploads\/2026\/04\/SCB11-Epoxy-Resin-Cast-Dry-Type-Power-Transformer-Low-Loss-Energy-Efficient-Type-3-150x150.png 150w, https:\/\/www.wonzh.com\/wp-content\/uploads\/2026\/04\/SCB11-Epoxy-Resin-Cast-Dry-Type-Power-Transformer-Low-Loss-Energy-Efficient-Type-3-768x768.png 768w, https:\/\/www.wonzh.com\/wp-content\/uploads\/2026\/04\/SCB11-Epoxy-Resin-Cast-Dry-Type-Power-Transformer-Low-Loss-Energy-Efficient-Type-3-12x12.png 12w, https:\/\/www.wonzh.com\/wp-content\/uploads\/2026\/04\/SCB11-Epoxy-Resin-Cast-Dry-Type-Power-Transformer-Low-Loss-Energy-Efficient-Type-3-600x600.png 600w, https:\/\/www.wonzh.com\/wp-content\/uploads\/2026\/04\/SCB11-Epoxy-Resin-Cast-Dry-Type-Power-Transformer-Low-Loss-Energy-Efficient-Type-3-100x100.png 100w, https:\/\/www.wonzh.com\/wp-content\/uploads\/2026\/04\/SCB11-Epoxy-Resin-Cast-Dry-Type-Power-Transformer-Low-Loss-Energy-Efficient-Type-3.png 1000w\" sizes=\"(max-width: 300px) 100vw, 300px\" \/>Az SCB11 epoxigyanta-\u00f6nt\u00f6tt sz\u00e1raz transzform\u00e1tor az SCB10 sorozat tov\u00e1bbfejlesztett v\u00e1ltozata, amelyet alacsonyabb vesztes\u00e9gekkel, jobb energiahat\u00e9konys\u00e1ggal \u00e9s nagyobb \u00fczembiztons\u00e1ggal terveztek.<\/p>\n<p data-start=\"432\" data-end=\"605\">A fejlett \u00f6nt\u00e9si technol\u00f3gia, kiv\u00e1l\u00f3 min\u0151s\u00e9g\u0171 anyagok \u00e9s prec\u00edz gy\u00e1rt\u00e1si folyamatok felhaszn\u00e1l\u00e1s\u00e1val gy\u00e1rtott term\u00e9k kiv\u00e1l\u00f3 elektromos teljes\u00edtm\u00e9nyt \u00e9s hossz\u00fa \u00e9lettartamot biztos\u00edt.<\/p>\n<p data-start=\"607\" data-end=\"749\">Ez a transzform\u00e1tor olajmentes, t\u0171z\u00e1ll\u00f3 \u00e9s k\u00f6rnyezetbar\u00e1t, \u00edgy ide\u00e1lis belt\u00e9ri \u00e9s biztons\u00e1gkritikus alkalmaz\u00e1sokhoz.<\/p>\n<p data-start=\"751\" data-end=\"772\">Sz\u00e9les k\u00f6rben haszn\u00e1lj\u00e1k a k\u00f6vetkez\u0151kben:<\/p>\n<ul data-start=\"773\" data-end=\"923\">\n<li data-section-id=\"ov2w8z\" data-start=\"773\" data-end=\"796\">Magas \u00e9p\u00fcletek<\/li>\n<li data-section-id=\"1yjht70\" data-start=\"797\" data-end=\"819\">Kereskedelmi k\u00f6zpontok<\/li>\n<li data-section-id=\"1usaqco\" data-start=\"820\" data-end=\"844\">Rep\u00fcl\u0151terek \u00e9s alagutak<\/li>\n<li data-section-id=\"11epkig\" data-start=\"845\" data-end=\"864\">Vegyi \u00fczemek<\/li>\n<li data-section-id=\"qf2vj0\" data-start=\"865\" data-end=\"891\">Atomer\u0151m\u0171vek<\/li>\n<li data-section-id=\"5nxb0l\" data-start=\"892\" data-end=\"923\">Tengeri \u00e9s tengeri rendszerek<\/li>\n<\/ul>\n<hr data-start=\"925\" data-end=\"928\" \/>\n<h2 data-section-id=\"g4vs8k\" data-start=\"930\" data-end=\"956\">\ud83d\udd39 Szabv\u00e1nyoknak val\u00f3 megfelel\u00e9s<\/h2>\n<ul data-start=\"958\" data-end=\"1274\">\n<li data-section-id=\"1t9ehtv\" data-start=\"958\" data-end=\"1008\">IEC 60076-11 - Sz\u00e1raz t\u00edpus\u00fa teljes\u00edtm\u00e9nytranszform\u00e1torok<\/li>\n<li data-section-id=\"1cu5kzl\" data-start=\"1009\" data-end=\"1049\">GB\/T 1094.1 - Teljes\u00edtm\u00e9nytranszform\u00e1torok<\/li>\n<li data-section-id=\"12jd1ed\" data-start=\"1050\" data-end=\"1094\">GB\/T 1094.11 - Sz\u00e1raz t\u00edpus\u00fa transzform\u00e1torok<\/li>\n<li data-section-id=\"2b1ch6\" data-start=\"1095\" data-end=\"1164\">GB \/ T 10228 - Sz\u00e1raz t\u00edpus\u00fa transzform\u00e1torok m\u0171szaki k\u00f6vetelm\u00e9nyei<\/li>\n<li data-section-id=\"1nzvw4u\" data-start=\"1165\" data-end=\"1224\">JB\/T 10088 - 6kV-500kV transzform\u00e1torok zajszintje<\/li>\n<li data-section-id=\"16sztuj\" data-start=\"1225\" data-end=\"1274\">GB 20052-2020 - Energiahat\u00e9konys\u00e1gi szabv\u00e1nyok<\/li>\n<\/ul>\n<hr data-start=\"1276\" data-end=\"1279\" \/>\n<h2 data-section-id=\"17fvu7l\" data-start=\"1281\" data-end=\"1299\">\ud83d\udd39 F\u0151bb jellemz\u0151k<\/h2>\n<h3 data-section-id=\"1bk7ou6\" data-start=\"1301\" data-end=\"1331\">\u2714 Magasabb energiahat\u00e9konys\u00e1g<\/h3>\n<ul data-start=\"1332\" data-end=\"1458\">\n<li data-section-id=\"1c5yyc9\" data-start=\"1332\" data-end=\"1376\">Alacsonyabb \u00fcresj\u00e1rati \u00e9s terhel\u00e9si vesztes\u00e9gek, mint az SCB10-n\u00e9l<\/li>\n<li data-section-id=\"13bj96\" data-start=\"1377\" data-end=\"1420\">Megfelel a modern energiatakar\u00e9koss\u00e1gi k\u00f6vetelm\u00e9nyeknek<\/li>\n<li data-section-id=\"1362i6d\" data-start=\"1421\" data-end=\"1458\">Id\u0151vel cs\u00f6kkenti az \u00fczemeltet\u00e9si k\u00f6lts\u00e9geket<\/li>\n<\/ul>\n<hr data-start=\"1460\" data-end=\"1463\" \/>\n<h3 data-section-id=\"xrppzx\" data-start=\"1465\" data-end=\"1500\">\u2714 Nagy biztons\u00e1g \u00e9s t\u0171z\u00e1ll\u00f3s\u00e1g<\/h3>\n<ul data-start=\"1501\" data-end=\"1635\">\n<li data-section-id=\"2hl2rz\" data-start=\"1501\" data-end=\"1544\">Az olajmentes kialak\u00edt\u00e1s kik\u00fcsz\u00f6b\u00f6li a t\u0171zvesz\u00e9lyt<\/li>\n<li data-section-id=\"1iz7znm\" data-start=\"1545\" data-end=\"1587\">Nem m\u00e9rgez\u0151 \u00e9s k\u00f6rnyezetbar\u00e1t<\/li>\n<li data-section-id=\"1hbfpug\" data-start=\"1588\" data-end=\"1635\">Alkalmas a terhel\u00e9sk\u00f6zpontok k\u00f6zel\u00e9ben t\u00f6rt\u00e9n\u0151 telep\u00edt\u00e9shez<\/li>\n<\/ul>\n<hr data-start=\"1637\" data-end=\"1640\" \/>\n<h3 data-section-id=\"d5sgrf\" data-start=\"1642\" data-end=\"1684\">\u2714 Nagy megb\u00edzhat\u00f3s\u00e1g \u00e9s hossz\u00fa \u00e9lettartam<\/h3>\n<ul data-start=\"1685\" data-end=\"1804\">\n<li data-section-id=\"bi6h0g\" data-start=\"1685\" data-end=\"1725\">Fejlett epoxigyanta \u00f6nt\u00e9si elj\u00e1r\u00e1s<\/li>\n<li data-section-id=\"1c490t9\" data-start=\"1726\" data-end=\"1757\">Alacsony r\u00e9szleges kis\u00fcl\u00e9si szint<\/li>\n<li data-section-id=\"1dwz9yg\" data-start=\"1758\" data-end=\"1804\">Kiv\u00e1l\u00f3 h\u0151stabilit\u00e1s \u00e9s tart\u00f3ss\u00e1g<\/li>\n<\/ul>\n<hr data-start=\"1806\" data-end=\"1809\" \/>\n<h3 data-section-id=\"l9y0hl\" data-start=\"1811\" data-end=\"1843\">\u2714 Er\u0151s t\u00falterhelhet\u0151s\u00e9g<\/h3>\n<ul data-start=\"1844\" data-end=\"1927\">\n<li data-section-id=\"15of4r\" data-start=\"1844\" data-end=\"1872\">Hat\u00e9kony h\u0171t\u0151rendszer<\/li>\n<li data-section-id=\"1i5hu2f\" data-start=\"1873\" data-end=\"1927\">T\u00e1mogatja a k\u00e9nyszer\u00edtett l\u00e9gh\u0171t\u00e9st a megn\u00f6velt kapacit\u00e1s \u00e9rdek\u00e9ben<\/li>\n<\/ul>\n<hr data-start=\"1929\" data-end=\"1932\" \/>\n<h3 data-section-id=\"u1jwb0\" data-start=\"1934\" data-end=\"1979\">\u2714 Nedvess\u00e9g \u00e9s durva k\u00f6rnyezet ellen\u00e1ll\u00e1sa<\/h3>\n<ul data-start=\"1980\" data-end=\"2084\">\n<li data-section-id=\"if9zqc\" data-start=\"1980\" data-end=\"2033\">Kiv\u00e1l\u00f3 teljes\u00edtm\u00e9ny magas p\u00e1ratartalom mellett<\/li>\n<li data-section-id=\"1o770jo\" data-start=\"2034\" data-end=\"2084\">Alkalmas ig\u00e9nyes ipari k\u00f6rnyezethez<\/li>\n<\/ul>\n<hr data-start=\"2086\" data-end=\"2089\" \/>\n<h3 data-section-id=\"5dsqk\" data-start=\"2091\" data-end=\"2126\">\u2714 Intelligens fel\u00fcgyeleti rendszer<\/h3>\n<ul data-start=\"2127\" data-end=\"2269\">\n<li data-section-id=\"uteb38\" data-start=\"2127\" data-end=\"2175\">A tekercsek h\u0151m\u00e9rs\u00e9klet\u00e9nek val\u00f3s idej\u0171 ellen\u0151rz\u00e9se<\/li>\n<li data-section-id=\"143wrmj\" data-start=\"2176\" data-end=\"2201\">Automatikus ventil\u00e1torvez\u00e9rl\u00e9s<\/li>\n<li data-section-id=\"36ajnw\" data-start=\"2202\" data-end=\"2231\">Riaszt\u00e1s \u00e9s kiold\u00e1sv\u00e9delem<\/li>\n<li data-section-id=\"1yt3w6j\" data-start=\"2232\" data-end=\"2269\">Opcion\u00e1lis t\u00e1vfel\u00fcgyeleti rendszer<\/li>\n<\/ul>\n<hr data-start=\"2271\" data-end=\"2274\" \/>\n<h3 data-section-id=\"129yrz8\" data-start=\"2276\" data-end=\"2319\">\u2714 Kompakt \u00e9s k\u00f6lts\u00e9ghat\u00e9kony telep\u00edt\u00e9s<\/h3>\n<ul data-start=\"2320\" data-end=\"2390\">\n<li data-section-id=\"z73dtz\" data-start=\"2320\" data-end=\"2350\">Kis m\u00e9ret \u00e9s k\u00f6nny\u0171 s\u00faly<\/li>\n<li data-section-id=\"1ed73f8\" data-start=\"2351\" data-end=\"2390\">Cs\u00f6kkentett telep\u00edt\u00e9si hely \u00e9s k\u00f6lts\u00e9g<\/li>\n<\/ul>\n<hr data-start=\"2392\" data-end=\"2395\" \/>\n<h2 data-section-id=\"1hq6i26\" data-start=\"2397\" data-end=\"2420\">\ud83d\udd39 Szerkezeti tervez\u00e9s<\/h2>\n<h3 data-section-id=\"1oaxluj\" data-start=\"2422\" data-end=\"2449\">\ud83d\udd38 Nagyfesz\u00fclts\u00e9g\u0171 tekercsel\u00e9s<\/h3>\n<ul data-start=\"2450\" data-end=\"2586\">\n<li data-section-id=\"1rs2wlq\" data-start=\"2450\" data-end=\"2488\">Oxig\u00e9nmentes r\u00e9zf\u00f3li\u00e1s vezet\u0151k<\/li>\n<li data-section-id=\"3ff1a0\" data-start=\"2489\" data-end=\"2518\">F-oszt\u00e1ly\u00fa szigetel\u0151rendszer<\/li>\n<li data-section-id=\"4z6hz8\" data-start=\"2519\" data-end=\"2555\">\u00dcvegsz\u00e1l er\u0151s\u00edt\u00e9s\u0171 szerkezet<\/li>\n<li data-section-id=\"dv6lws\" data-start=\"2556\" data-end=\"2586\">V\u00e1kuumos epoxigyanta \u00f6nt\u00e9s<\/li>\n<\/ul>\n<p data-start=\"2588\" data-end=\"2599\">\u27a1 El\u0151ny\u00f6k:<\/p>\n<ul data-start=\"2600\" data-end=\"2691\">\n<li data-section-id=\"19zadxp\" data-start=\"2600\" data-end=\"2628\">Nagy elektromos szil\u00e1rds\u00e1g<\/li>\n<li data-section-id=\"6ehatn\" data-start=\"2629\" data-end=\"2654\">Alacsony r\u00e9szleges kis\u00fcl\u00e9s<\/li>\n<li data-section-id=\"1b4urz8\" data-start=\"2655\" data-end=\"2691\">Kiv\u00e1l\u00f3 szigetel\u00e9si teljes\u00edtm\u00e9ny<\/li>\n<\/ul>\n<hr data-start=\"2693\" data-end=\"2696\" \/>\n<h3 data-section-id=\"vz1dz5\" data-start=\"2698\" data-end=\"2724\">\ud83d\udd38 Alacsony fesz\u00fclts\u00e9g\u0171 tekercsel\u00e9s<\/h3>\n<ul data-start=\"2725\" data-end=\"2845\">\n<li data-section-id=\"1maj4yk\" data-start=\"2725\" data-end=\"2772\">R\u00e9zf\u00f3li\u00e1s tekercsel\u00e9s F-oszt\u00e1ly\u00fa szigetel\u00e9ssel<\/li>\n<li data-section-id=\"10wylr8\" data-start=\"2773\" data-end=\"2803\">Be\u00e9p\u00edtett h\u0171t\u0151 l\u00e9gcsatorn\u00e1k<\/li>\n<li data-section-id=\"vblrvo\" data-start=\"2804\" data-end=\"2845\">Gyanta t\u00f6m\u00edt\u00e9s a fokozott tart\u00f3ss\u00e1g \u00e9rdek\u00e9ben<\/li>\n<\/ul>\n<p data-start=\"2847\" data-end=\"2858\">\u27a1 Biztos\u00edtja:<\/p>\n<ul data-start=\"2859\" data-end=\"2925\">\n<li data-section-id=\"u66b5g\" data-start=\"2859\" data-end=\"2894\">Er\u0151s r\u00f6vidz\u00e1rlat-ellen\u00e1ll\u00e1s<\/li>\n<li data-section-id=\"7gsig0\" data-start=\"2895\" data-end=\"2925\">Hat\u00e9kony h\u0151elvezet\u00e9s<\/li>\n<\/ul>\n<hr data-start=\"2927\" data-end=\"2930\" \/>\n<h3 data-section-id=\"mp6v7c\" data-start=\"2932\" data-end=\"2943\">\ud83d\udd38 Mag<\/h3>\n<ul data-start=\"2944\" data-end=\"3064\">\n<li data-section-id=\"1i8lzu9\" data-start=\"2944\" data-end=\"3001\">Kiv\u00e1l\u00f3 min\u0151s\u00e9g\u0171 szemcseorient\u00e1lt hidegen hengerelt szil\u00edciumac\u00e9l<\/li>\n<li data-section-id=\"18m9khk\" data-start=\"3002\" data-end=\"3034\">45\u00b0-os, l\u00e9pcs\u0151zetes \u00e1tfed\u00e9ses k\u00f6t\u00e9sszerkezet<\/li>\n<li data-section-id=\"1gp9gfs\" data-start=\"3035\" data-end=\"3064\">L\u00e9zerv\u00e1gott r\u00f6gz\u00edt\u0151 rendszer<\/li>\n<\/ul>\n<p data-start=\"3066\" data-end=\"3077\">\u27a1 Jellemz\u0151k:<\/p>\n<ul data-start=\"3078\" data-end=\"3145\">\n<li data-section-id=\"tkh7rp\" data-start=\"3078\" data-end=\"3098\">Alacsony terhel\u00e9s n\u00e9lk\u00fcli vesztes\u00e9g<\/li>\n<li data-section-id=\"1gveydu\" data-start=\"3099\" data-end=\"3116\">Cs\u00f6kkentett zajszint<\/li>\n<li data-section-id=\"1s47fpa\" data-start=\"3117\" data-end=\"3145\">Nagy szerkezeti szil\u00e1rds\u00e1g<\/li>\n<\/ul>\n<hr data-start=\"3147\" data-end=\"3150\" \/>\n<h2 data-section-id=\"15du31k\" data-start=\"3152\" data-end=\"3170\">\ud83d\udd39 Alkalmaz\u00e1sok<\/h2>\n<ul data-start=\"3172\" data-end=\"3353\">\n<li data-section-id=\"kec6b0\" data-start=\"3172\" data-end=\"3210\">Kereskedelmi \u00e9p\u00fcletek \u00e9s komplexumok<\/li>\n<li data-section-id=\"1b8blr8\" data-start=\"3211\" data-end=\"3241\">Rep\u00fcl\u0151terek \u00e9s metr\u00f3rendszerek<\/li>\n<li data-section-id=\"x7ouso\" data-start=\"3242\" data-end=\"3287\">Ipari \u00fczemek \u00e9s vegyipar<\/li>\n<li data-section-id=\"eogvhd\" data-start=\"3288\" data-end=\"3316\">Energiaeloszt\u00f3 helyis\u00e9gek<\/li>\n<li data-section-id=\"1ggvioq\" data-start=\"3317\" data-end=\"3353\">Offshore \u00e9s tengeri alkalmaz\u00e1sok<\/li>\n<\/ul>\n<hr data-start=\"3355\" data-end=\"3358\" \/>\n<h2 data-section-id=\"1rg4wz9\" data-start=\"3360\" data-end=\"3384\">\ud83d\udd39 El\u0151ny\u00f6k \u00f6sszefoglal\u00e1sa<\/h2>\n<ul data-start=\"3386\" data-end=\"3610\">\n<li data-section-id=\"4478bs\" data-start=\"3386\" data-end=\"3411\">Alacsonyabb vesztes\u00e9g, mint az SCB10<\/li>\n<li data-section-id=\"1s4bb9e\" data-start=\"3412\" data-end=\"3458\">Energiatakar\u00e9kos \u00e9s k\u00f6rnyezetbar\u00e1t<\/li>\n<li data-section-id=\"swjw0r\" data-start=\"3459\" data-end=\"3493\">T\u0171z\u00e1ll\u00f3 \u00e9s karbantart\u00e1smentes<\/li>\n<li data-section-id=\"vhoyyl\" data-start=\"3494\" data-end=\"3532\">Nagy megb\u00edzhat\u00f3s\u00e1g \u00e9s hossz\u00fa \u00e9lettartam<\/li>\n<li data-section-id=\"oc6tql\" data-start=\"3533\" data-end=\"3564\">Intelligens fel\u00fcgyeleti k\u00e9pess\u00e9g<\/li>\n<li data-section-id=\"1tttck1\" data-start=\"3565\" data-end=\"3610\">Alkalmas kritikus belt\u00e9ri alkalmaz\u00e1sokhoz<\/li>\n<\/ul>\n<hr data-start=\"3612\" data-end=\"3615\" \/>\n<h1 data-section-id=\"1lxd8kj\" data-start=\"3617\" data-end=\"3624\">\u2753 GYIK<\/h1>\n<h3 data-section-id=\"gnwdjm\" data-start=\"3626\" data-end=\"3694\">1\ufe0f\u20e3 Mi a k\u00fcl\u00f6nbs\u00e9g az SCB10 \u00e9s SCB11 transzform\u00e1torok k\u00f6z\u00f6tt?<\/h3>\n<p data-start=\"3696\" data-end=\"3791\">Az SCB11 transzform\u00e1tor az SCB10-hez k\u00e9pest alacsonyabb vesztes\u00e9geket \u00e9s nagyobb energiahat\u00e9konys\u00e1got k\u00edn\u00e1l.<\/p>\n<p data-start=\"3793\" data-end=\"3894\">\ud83d\udc49 Alkalmasabb az energiatakar\u00e9kos teljes\u00edtm\u00e9nyt \u00e9s hossz\u00fa t\u00e1v\u00fa k\u00f6lts\u00e9gcs\u00f6kkent\u00e9st ig\u00e9nyl\u0151 projektekhez.<\/p>\n<hr data-start=\"3896\" data-end=\"3899\" \/>\n<h3 data-section-id=\"17jktbc\" data-start=\"3901\" data-end=\"3951\">2\ufe0f\u20e3 Az SCB11 alkalmas belt\u00e9ri telep\u00edt\u00e9sre?<\/h3>\n<p data-start=\"3953\" data-end=\"4001\">Igen, kifejezetten belt\u00e9ri haszn\u00e1latra tervezt\u00e9k:<\/p>\n<ul data-start=\"4002\" data-end=\"4083\">\n<li data-section-id=\"1lbhprg\" data-start=\"4002\" data-end=\"4020\">T\u0171z\u00e1ll\u00f3<\/li>\n<li data-section-id=\"1rtbpgg\" data-start=\"4021\" data-end=\"4044\">Nincs olajsziv\u00e1rg\u00e1s kock\u00e1zata<\/li>\n<li data-section-id=\"sr2uf3\" data-start=\"4045\" data-end=\"4083\">Biztons\u00e1gos nagy s\u0171r\u0171s\u00e9g\u0171 k\u00f6rnyezetekben<\/li>\n<\/ul>\n<p data-start=\"4085\" data-end=\"4147\">\ud83d\udc49 Ide\u00e1lis kereskedelmi \u00e9p\u00fcletekhez \u00e9s infrastruktur\u00e1lis projektekhez.<\/p>\n<hr data-start=\"4149\" data-end=\"4152\" \/>\n<h3 data-section-id=\"dwut0p\" data-start=\"4154\" data-end=\"4203\">3\ufe0f\u20e3 Sz\u00fcks\u00e9ges-e a transzform\u00e1tor karbantart\u00e1sa?<\/h3>\n<p data-start=\"4205\" data-end=\"4265\">Az SCB11 egy karbantart\u00e1smentes transzform\u00e1tor, amely csak:<\/p>\n<ul data-start=\"4266\" data-end=\"4334\">\n<li data-section-id=\"1mj82eg\" data-start=\"4266\" data-end=\"4288\">Rutinellen\u0151rz\u00e9s<\/li>\n<li data-section-id=\"1vmf05w\" data-start=\"4289\" data-end=\"4334\">H\u0151m\u00e9rs\u00e9klet-szab\u00e1lyoz\u00f3 rendszeren kereszt\u00fcli fel\u00fcgyelet<\/li>\n<\/ul>\n<hr data-start=\"4336\" data-end=\"4339\" \/>\n<h3 data-section-id=\"103styt\" data-start=\"4341\" data-end=\"4385\">4\ufe0f\u20e3 Integr\u00e1lhat\u00f3-e a t\u00e1vfel\u00fcgyelet?<\/h3>\n<p data-start=\"4387\" data-end=\"4404\">Igen, t\u00e1mogatja:<\/p>\n<ul data-start=\"4405\" data-end=\"4518\">\n<li data-section-id=\"13oiu88\" data-start=\"4405\" data-end=\"4431\">H\u0151m\u00e9rs\u00e9klet-ellen\u0151rz\u00e9s<\/li>\n<li data-section-id=\"e5ci2u\" data-start=\"4432\" data-end=\"4447\">Ventil\u00e1tor vez\u00e9rl\u00e9s<\/li>\n<li data-section-id=\"11u18w2\" data-start=\"4448\" data-end=\"4482\">Riaszt\u00e1si \u00e9s v\u00e9delmi funkci\u00f3k<\/li>\n<li data-section-id=\"7vomgq\" data-start=\"4483\" data-end=\"4518\">T\u00e1voli kommunik\u00e1ci\u00f3s interf\u00e9szek<\/li>\n<\/ul>\n<p data-start=\"4520\" data-end=\"4554\">\ud83d\udc49 Lehet\u0151v\u00e9 teszi az intelligens h\u00e1l\u00f3zati integr\u00e1ci\u00f3t.<\/p>","protected":false},"excerpt":{"rendered":"<p data-start=\"235\" data-end=\"430\">Az SCB11 epoxigyanta-\u00f6nt\u00f6tt sz\u00e1raz transzform\u00e1tor az SCB10 sorozat tov\u00e1bbfejlesztett v\u00e1ltozata, amelyet alacsonyabb vesztes\u00e9gekkel, jobb energiahat\u00e9konys\u00e1ggal \u00e9s nagyobb \u00fczembiztons\u00e1ggal terveztek.<\/p>\n<p data-start=\"432\" data-end=\"605\">A fejlett \u00f6nt\u00e9si technol\u00f3gia, kiv\u00e1l\u00f3 min\u0151s\u00e9g\u0171 anyagok \u00e9s prec\u00edz gy\u00e1rt\u00e1si folyamatok felhaszn\u00e1l\u00e1s\u00e1val gy\u00e1rtott term\u00e9k kiv\u00e1l\u00f3 elektromos teljes\u00edtm\u00e9nyt \u00e9s hossz\u00fa \u00e9lettartamot biztos\u00edt.<\/p>\n<p data-start=\"607\" data-end=\"749\">Ez a transzform\u00e1tor olajmentes, t\u0171z\u00e1ll\u00f3 \u00e9s k\u00f6rnyezetbar\u00e1t, \u00edgy ide\u00e1lis belt\u00e9ri \u00e9s biztons\u00e1gkritikus alkalmaz\u00e1sokhoz.<\/p>","protected":false},"featured_media":2120,"comment_status":"open","ping_status":"closed","template":"","meta":{"site-sidebar-layout":"default","site-content-layout":"","ast-site-content-layout":"default","site-content-style":"default","site-sidebar-style":"default","ast-global-header-display":"","ast-banner-title-visibility":"","ast-main-header-display":"","ast-hfb-above-header-display":"","ast-hfb-below-header-display":"","ast-hfb-mobile-header-display":"","site-post-title":"","ast-breadcrumbs-content":"","ast-featured-img":"","footer-sml-layout":"","ast-disable-related-posts":"","theme-transparent-header-meta":"default","adv-header-id-meta":"","stick-header-meta":"","header-above-stick-meta":"","header-main-stick-meta":"","header-below-stick-meta":"","astra-migrate-meta-layouts":"set","ast-page-background-enabled":"default","ast-page-background-meta":{"desktop":{"background-color":"","background-image":"","background-repeat":"repeat","background-position":"center center","background-size":"auto","background-attachment":"scroll","background-type":"","background-media":"","overlay-type":"","overlay-color":"","overlay-opacity":"","overlay-gradient":""},"tablet":{"background-color":"","background-image":"","background-repeat":"repeat","background-position":"center center","background-size":"auto","background-attachment":"scroll","background-type":"","background-media":"","overlay-type":"","overlay-color":"","overlay-opacity":"","overlay-gradient":""},"mobile":{"background-color":"","background-image":"","background-repeat":"repeat","background-position":"center center","background-size":"auto","background-attachment":"scroll","background-type":"","background-media":"","overlay-type":"","overlay-color":"","overlay-opacity":"","overlay-gradient":""}},"ast-content-background-meta":{"desktop":{"background-color":"var(--ast-global-color-5)","background-image":"","background-repeat":"repeat","background-position":"center center","background-size":"auto","background-attachment":"scroll","background-type":"","background-media":"","overlay-type":"","overlay-color":"","overlay-opacity":"","overlay-gradient":""},"tablet":{"background-color":"var(--ast-global-color-5)","background-image":"","background-repeat":"repeat","background-position":"center center","background-size":"auto","background-attachment":"scroll","background-type":"","background-media":"","overlay-type":"","overlay-color":"","overlay-opacity":"","overlay-gradient":""},"mobile":{"background-color":"var(--ast-global-color-5)","background-image":"","background-repeat":"repeat","background-position":"center center","background-size":"auto","background-attachment":"scroll","background-type":"","background-media":"","overlay-type":"","overlay-color":"","overlay-opacity":"","overlay-gradient":""}}},"product_brand":[],"product_cat":[2034,2032],"product_tag":[2074,2071,2043,2041,2078,2075,2042,2076,2077,2044],"class_list":{"0":"post-2118","1":"product","2":"type-product","3":"status-publish","4":"has-post-thumbnail","6":"product_cat-dry-type-power-transformer","7":"product_cat-electrical-equipment","8":"product_tag-cast-resin-transformer","9":"product_tag-dry-type-transformer","10":"product_tag-electrical-equipment","11":"product_tag-energy-efficient-transformer","12":"product_tag-epoxy-transformer","13":"product_tag-indoor-transformer","14":"product_tag-power-transformer","15":"product_tag-safe-transformer","16":"product_tag-scb11-transformer","17":"product_tag-transformer-manufacturer","18":"desktop-align-left","19":"tablet-align-left","20":"mobile-align-left","22":"first","23":"instock","24":"shipping-taxable","25":"product-type-simple"},"_links":{"self":[{"href":"https:\/\/www.wonzh.com\/hu\/wp-json\/wp\/v2\/product\/2118","targetHints":{"allow":["GET"]}}],"collection":[{"href":"https:\/\/www.wonzh.com\/hu\/wp-json\/wp\/v2\/product"}],"about":[{"href":"https:\/\/www.wonzh.com\/hu\/wp-json\/wp\/v2\/types\/product"}],"replies":[{"embeddable":true,"href":"https:\/\/www.wonzh.com\/hu\/wp-json\/wp\/v2\/comments?post=2118"}],"wp:featuredmedia":[{"embeddable":true,"href":"https:\/\/www.wonzh.com\/hu\/wp-json\/wp\/v2\/media\/2120"}],"wp:attachment":[{"href":"https:\/\/www.wonzh.com\/hu\/wp-json\/wp\/v2\/media?parent=2118"}],"wp:term":[{"taxonomy":"product_brand","embeddable":true,"href":"https:\/\/www.wonzh.com\/hu\/wp-json\/wp\/v2\/product_brand?post=2118"},{"taxonomy":"product_cat","embeddable":true,"href":"https:\/\/www.wonzh.com\/hu\/wp-json\/wp\/v2\/product_cat?post=2118"},{"taxonomy":"product_tag","embeddable":true,"href":"https:\/\/www.wonzh.com\/hu\/wp-json\/wp\/v2\/product_tag?post=2118"}],"curies":[{"name":"wp","href":"https:\/\/api.w.org\/{rel}","templated":true}]}}