{"id":1480,"date":"2026-02-03T15:17:38","date_gmt":"2026-02-03T15:17:38","guid":{"rendered":"https:\/\/www.wonzh.com\/?post_type=product&#038;p=1480"},"modified":"2026-02-05T15:25:42","modified_gmt":"2026-02-05T15:25:42","slug":"ceramic-lined-parts-for-abrasion-resistant-industrial-applications","status":"publish","type":"product","link":"https:\/\/www.wonzh.com\/hu\/product\/ceramic-lined-parts-for-abrasion-resistant-industrial-applications\/","title":{"rendered":"Ker\u00e1mia b\u00e9l\u00e9s\u0171 alkatr\u00e9szek kop\u00e1s\u00e1ll\u00f3 ipari alkalmaz\u00e1sokhoz"},"content":{"rendered":"<p data-start=\"580\" data-end=\"910\">A Wonzh \u00e1ltal sz\u00e1ll\u00edtott ker\u00e1mia b\u00e9l\u00e9s\u0171 alkatr\u00e9szeket \u00fagy tervezt\u00e9k, hogy ellen\u00e1lljanak az ipari g\u00e9pekben a s\u00falyos kop\u00e1snak, a nagy \u00fct\u00e9seknek \u00e9s a korr\u00f3zi\u00f3s k\u00f6rnyezetnek. Ezeket az alkatr\u00e9szeket sz\u00e9les k\u00f6rben haszn\u00e1lj\u00e1k a b\u00e1ny\u00e1szatban, a cementiparban, az ac\u00e9lgy\u00e1rt\u00e1sban, a vegyipari feldolgoz\u00e1sban, az energiatermel\u00e9sben \u00e9s az anyagmozgat\u00f3 berendez\u00e9sekben, hogy meghosszabb\u00edts\u00e1k a nagy kop\u00e1sig\u00e9ny\u0171 alkatr\u00e9szek \u00e9lettartam\u00e1t.<\/p>\n<p data-start=\"912\" data-end=\"1304\">Alkatr\u00e9szeink kem\u00e9ny f\u00e9m alapot (sz\u00e9nac\u00e9l, \u00f6tv\u00f6z\u00f6tt ac\u00e9l vagy rozsdamentes ac\u00e9l) kombin\u00e1lnak kiv\u00e1l\u00f3 min\u0151s\u00e9g\u0171 ker\u00e1mia b\u00e9l\u00e9ssel, amely kiv\u00e9teles kem\u00e9nys\u00e9get, kop\u00e1s\u00e1ll\u00f3s\u00e1got \u00e9s \u00fct\u00e9s\u00e1ll\u00f3s\u00e1got biztos\u00edt. A gy\u00e1rt\u00e1si folyamatok k\u00f6z\u00e9 tartozik a prec\u00edzi\u00f3s CNC megmunk\u00e1l\u00e1s, a ker\u00e1mia be\u00e1gyaz\u00e1sa, ragaszt\u00e1sa \u00e9s fel\u00fcleti kik\u00e9sz\u00edt\u00e9se, ami biztos\u00edtja, hogy a b\u00e9l\u00e9s tart\u00f3s, egyenletes \u00e9s biztons\u00e1gosan az alaphoz tapadjon.<\/p>\n<p data-start=\"1306\" data-end=\"1612\">A Wonzh szabv\u00e1nyos \u00e9s egyedi ker\u00e1mia b\u00e9l\u00e9s\u0171 alkatr\u00e9szeket k\u00edn\u00e1l, amelyeket az \u00fcgyf\u00e9l specifik\u00e1ci\u00f3i, az OEM-k\u00f6vetelm\u00e9nyek vagy a berendez\u00e9sek modelljei szerint tervez\u00fcnk. M\u0171szaki csapatunk tan\u00e1csot ad a ker\u00e1miaanyag kiv\u00e1laszt\u00e1s\u00e1val, a vastags\u00e1ggal, a geometri\u00e1val \u00e9s a ragaszt\u00e1si technik\u00e1kkal kapcsolatban, hogy optimaliz\u00e1ljuk a teljes\u00edtm\u00e9nyt a zord \u00fczemi k\u00f6r\u00fclm\u00e9nyek k\u00f6z\u00f6tt.<\/p>\n<h2 data-start=\"1619\" data-end=\"1638\"><strong data-start=\"1622\" data-end=\"1638\">F\u0151 jellemz\u0151k<\/strong><\/h2>\n<ul data-start=\"1640\" data-end=\"1959\">\n<li data-start=\"1640\" data-end=\"1681\">\n<p data-start=\"1642\" data-end=\"1681\">Kiv\u00e1l\u00f3 kop\u00e1s- \u00e9s kop\u00e1s\u00e1ll\u00f3s\u00e1g<\/p>\n<\/li>\n<li data-start=\"1682\" data-end=\"1719\">\n<p data-start=\"1684\" data-end=\"1719\">\u00dct\u00e9s- \u00e9s korr\u00f3zi\u00f3\u00e1ll\u00f3<\/p>\n<\/li>\n<li data-start=\"1720\" data-end=\"1780\">\n<p data-start=\"1722\" data-end=\"1780\">Nagy pontoss\u00e1g\u00fa megmunk\u00e1l\u00e1s a k\u00f6vetkezetes illeszked\u00e9s \u00e9s m\u0171k\u00f6d\u00e9s \u00e9rdek\u00e9ben<\/p>\n<\/li>\n<li data-start=\"1781\" data-end=\"1836\">\n<p data-start=\"1783\" data-end=\"1836\">Testreszabhat\u00f3 form\u00e1k, m\u00e9retek \u00e9s ker\u00e1mia vastags\u00e1gok<\/p>\n<\/li>\n<li data-start=\"1837\" data-end=\"1894\">\n<p data-start=\"1839\" data-end=\"1894\">Protot\u00edpus, kissz\u00e9ri\u00e1s \u00e9s t\u00f6meggy\u00e1rt\u00e1s t\u00e1mogat\u00e1sa<\/p>\n<\/li>\n<li data-start=\"1895\" data-end=\"1959\">\n<p data-start=\"1897\" data-end=\"1959\">Meghosszabb\u00edtja a berendez\u00e9sek \u00e9lettartam\u00e1t \u00e9s cs\u00f6kkenti a karbantart\u00e1si k\u00f6lts\u00e9geket<\/p>\n<\/li>\n<\/ul>\n<h2 data-start=\"1966\" data-end=\"1993\"><strong data-start=\"1969\" data-end=\"1993\">Tipikus alkalmaz\u00e1sok<\/strong><\/h2>\n<ul data-start=\"1995\" data-end=\"2334\">\n<li data-start=\"1995\" data-end=\"2062\">\n<p data-start=\"1997\" data-end=\"2062\">Cs\u00faszd\u00e1k, t\u00f6lcs\u00e9rek \u00e9s adagol\u00f3cs\u00f6vek a b\u00e1ny\u00e1szatban \u00e9s a cementiparban<\/p>\n<\/li>\n<li data-start=\"2063\" data-end=\"2112\">\n<p data-start=\"2065\" data-end=\"2112\">Kop\u00f3bet\u00e9tek malmokhoz, z\u00faz\u00f3khoz \u00e9s \u0151rl\u0151kh\u00f6z<\/p>\n<\/li>\n<li data-start=\"2113\" data-end=\"2158\">\n<p data-start=\"2115\" data-end=\"2158\">Szivatty\u00fak \u00e9s szelepek koptat\u00f3 iszapok kezel\u00e9s\u00e9re<\/p>\n<\/li>\n<li data-start=\"2159\" data-end=\"2210\">\n<p data-start=\"2161\" data-end=\"2210\">Anyagmozgat\u00f3 \u00e9s \u00f6mlesztett anyagokat feldolgoz\u00f3 berendez\u00e9sek<\/p>\n<\/li>\n<li data-start=\"2211\" data-end=\"2266\">\n<p data-start=\"2213\" data-end=\"2266\">Energiatermel\u0151 g\u00e9pek \u00e9s ipari cs\u0151vezet\u00e9kek<\/p>\n<\/li>\n<li data-start=\"2267\" data-end=\"2334\">\n<p data-start=\"2269\" data-end=\"2334\">Koptat\u00e1snak \u00e9s korr\u00f3zi\u00f3nak kitett vegyi \u00e9s feldolgoz\u00f3 berendez\u00e9sek<\/p>\n<\/li>\n<\/ul>\n<h2 data-start=\"2341\" data-end=\"2382\"><strong data-start=\"2344\" data-end=\"2382\">Ker\u00e1mia b\u00e9l\u00e9s\u0171 alkatr\u00e9sz t\u00edpusok<\/strong><\/h2>\n<div class=\"TyagGW_tableContainer\">\n<div class=\"group TyagGW_tableWrapper flex flex-col-reverse w-fit\" tabindex=\"-1\">\n<table class=\"w-fit min-w-(--thread-content-width)\" data-start=\"2384\" data-end=\"2969\">\n<thead data-start=\"2384\" data-end=\"2430\">\n<tr data-start=\"2384\" data-end=\"2430\">\n<th data-start=\"2384\" data-end=\"2401\" data-col-size=\"sm\">Komponens t\u00edpusa<\/th>\n<th data-start=\"2401\" data-end=\"2415\" data-col-size=\"md\">Le\u00edr\u00e1s<\/th>\n<th data-start=\"2415\" data-end=\"2430\" data-col-size=\"sm\">Tipikus haszn\u00e1lat<\/th>\n<\/tr>\n<\/thead>\n<tbody data-start=\"2445\" data-end=\"2969\">\n<tr data-start=\"2445\" data-end=\"2543\">\n<td data-start=\"2445\" data-end=\"2473\" data-col-size=\"sm\"><strong data-start=\"2447\" data-end=\"2472\">Hord\u00f3 \/ cs\u00faszdab\u00e9l\u00e9sek<\/strong><\/td>\n<td data-start=\"2473\" data-end=\"2513\" data-col-size=\"md\">Ker\u00e1mi\u00e1val b\u00e9lelt lemezek vagy szegmensek<\/td>\n<td data-start=\"2513\" data-end=\"2543\" data-col-size=\"sm\">Csiszol\u00f3anyagok kezel\u00e9se<\/td>\n<\/tr>\n<tr data-start=\"2544\" data-end=\"2640\">\n<td data-start=\"2544\" data-end=\"2572\" data-col-size=\"sm\"><strong data-start=\"2546\" data-end=\"2571\">Malom \/ z\u00faz\u00f3berendez\u00e9sek<\/strong><\/td>\n<td data-start=\"2572\" data-end=\"2604\" data-col-size=\"md\">Ker\u00e1miabevonat\u00fa lemezek vagy rudak<\/td>\n<td data-start=\"2604\" data-end=\"2640\" data-col-size=\"sm\">Csiszol\u00e1si \u00e9s z\u00faz\u00e1si m\u0171veletek<\/td>\n<\/tr>\n<tr data-start=\"2641\" data-end=\"2752\">\n<td data-start=\"2641\" data-end=\"2671\" data-col-size=\"sm\"><strong data-start=\"2643\" data-end=\"2670\">Szivatty\u00fa \/ szelep alkatr\u00e9szek<\/strong><\/td>\n<td data-start=\"2671\" data-end=\"2714\" data-col-size=\"md\">Ker\u00e1mia b\u00e9l\u00e9s j\u00e1r\u00f3ker\u00e9khez \u00e9s burkolathoz<\/td>\n<td data-start=\"2714\" data-end=\"2752\" data-col-size=\"sm\">Iszap \u00e9s koptat\u00f3 folyad\u00e9kok kezel\u00e9se<\/td>\n<\/tr>\n<tr data-start=\"2753\" data-end=\"2850\">\n<td data-start=\"2753\" data-end=\"2778\" data-col-size=\"sm\"><strong data-start=\"2755\" data-end=\"2777\">Cs\u0151 \/ cs\u0151 b\u00e9l\u00e9sek<\/strong><\/td>\n<td data-start=\"2778\" data-end=\"2810\" data-col-size=\"md\">Ker\u00e1mia bet\u00e9tek cs\u0151vezet\u00e9kekhez<\/td>\n<td data-start=\"2810\" data-end=\"2850\" data-col-size=\"sm\">H\u00edgtr\u00e1gya \u00e9s korroz\u00edv k\u00f6zegek sz\u00e1ll\u00edt\u00e1sa<\/td>\n<\/tr>\n<tr data-start=\"2851\" data-end=\"2969\">\n<td data-start=\"2851\" data-end=\"2884\" data-col-size=\"sm\"><strong data-start=\"2853\" data-end=\"2883\">Egyedi ker\u00e1mia b\u00e9l\u00e9s\u0171 alkatr\u00e9szek<\/strong><\/td>\n<td data-start=\"2884\" data-end=\"2930\" data-col-size=\"md\">Rajzonk\u00e9nt vagy OEM specifik\u00e1ci\u00f3nk\u00e9nt tervezve<\/td>\n<td data-start=\"2930\" data-end=\"2969\" data-col-size=\"sm\">Speci\u00e1lis ipari alkalmaz\u00e1sok<\/td>\n<\/tr>\n<\/tbody>\n<\/table>\n<\/div>\n<\/div>\n<h2 data-start=\"2976\" data-end=\"3028\"><strong data-start=\"2979\" data-end=\"3026\">M\u0171szaki param\u00e9terek (reprezentat\u00edv tartom\u00e1ny)<\/strong><\/h2>\n<div class=\"TyagGW_tableContainer\">\n<div class=\"group TyagGW_tableWrapper flex flex-col-reverse w-fit\" tabindex=\"-1\">\n<table class=\"w-fit min-w-(--thread-content-width)\" data-start=\"3030\" data-end=\"3579\">\n<thead data-start=\"3030\" data-end=\"3067\">\n<tr data-start=\"3030\" data-end=\"3067\">\n<th data-start=\"3030\" data-end=\"3042\" data-col-size=\"sm\">Param\u00e9ter<\/th>\n<th data-start=\"3042\" data-end=\"3067\" data-col-size=\"md\">Specifik\u00e1ci\u00f3 \/ tartom\u00e1ny<\/th>\n<\/tr>\n<\/thead>\n<tbody data-start=\"3078\" data-end=\"3579\">\n<tr data-start=\"3078\" data-end=\"3146\">\n<td data-start=\"3078\" data-end=\"3100\" data-col-size=\"sm\">F\u00e9m alapanyag<\/td>\n<td data-start=\"3100\" data-end=\"3146\" data-col-size=\"md\">Sz\u00e9nac\u00e9l, \u00f6tv\u00f6z\u00f6tt ac\u00e9l, rozsdamentes ac\u00e9l<\/td>\n<\/tr>\n<tr data-start=\"3147\" data-end=\"3246\">\n<td data-start=\"3147\" data-end=\"3166\" data-col-size=\"sm\">Ker\u00e1mia anyag<\/td>\n<td data-start=\"3166\" data-end=\"3246\" data-col-size=\"md\">Alum\u00ednium-oxid (Al\u2082O\u2083), cirk\u00f3nium-dioxid (ZrO\u2082), szil\u00edcium-karbid (SiC), b\u00f3r-karbid (B\u2084C).<\/td>\n<\/tr>\n<tr data-start=\"3247\" data-end=\"3298\">\n<td data-start=\"3247\" data-end=\"3267\" data-col-size=\"sm\">Ker\u00e1mia vastags\u00e1g<\/td>\n<td data-start=\"3267\" data-end=\"3298\" data-col-size=\"md\">2 mm - 20 mm (testre szabhat\u00f3)<\/td>\n<\/tr>\n<tr data-start=\"3299\" data-end=\"3366\">\n<td data-start=\"3299\" data-end=\"3324\" data-col-size=\"sm\">Lemez \/ alkatr\u00e9sz m\u00e9rete<\/td>\n<td data-start=\"3324\" data-end=\"3366\" data-col-size=\"md\">Legfeljebb 2000 mm \u00d7 1000 mm (testreszabhat\u00f3)<\/td>\n<\/tr>\n<tr data-start=\"3367\" data-end=\"3403\">\n<td data-start=\"3367\" data-end=\"3378\" data-col-size=\"sm\">Kem\u00e9nys\u00e9g<\/td>\n<td data-start=\"3378\" data-end=\"3403\" data-col-size=\"md\">HRA 85 - 92 (ker\u00e1mia)<\/td>\n<\/tr>\n<tr data-start=\"3404\" data-end=\"3478\">\n<td data-start=\"3404\" data-end=\"3421\" data-col-size=\"sm\">Ragaszt\u00e1si m\u00f3dszer<\/td>\n<td data-start=\"3421\" data-end=\"3478\" data-col-size=\"md\">Magas h\u0151m\u00e9rs\u00e9klet\u0171 szinterez\u00e9s, kem\u00e9nyforraszt\u00e1s, ragaszt\u00e1s<\/td>\n<\/tr>\n<tr data-start=\"3479\" data-end=\"3540\">\n<td data-start=\"3479\" data-end=\"3497\" data-col-size=\"sm\">Termel\u00e9si t\u00edpus<\/td>\n<td data-start=\"3497\" data-end=\"3540\" data-col-size=\"md\">Protot\u00edpus, kis t\u00e9tel, t\u00f6megtermel\u00e9s<\/td>\n<\/tr>\n<tr data-start=\"3541\" data-end=\"3579\">\n<td data-start=\"3541\" data-end=\"3563\" data-col-size=\"sm\">T\u00e1mogatott szabv\u00e1nyok<\/td>\n<td data-start=\"3563\" data-end=\"3579\" data-col-size=\"md\">ISO, DIN, GB<\/td>\n<\/tr>\n<\/tbody>\n<\/table>\n<\/div>\n<\/div>\n<h2 data-start=\"3586\" data-end=\"3619\"><strong data-start=\"3589\" data-end=\"3619\">Anyag \u00e9s kiv\u00e1laszt\u00e1si \u00fatmutat\u00f3<\/strong><\/h2>\n<div class=\"TyagGW_tableContainer\">\n<div class=\"group TyagGW_tableWrapper flex flex-col-reverse w-fit\" tabindex=\"-1\">\n<table class=\"w-fit min-w-(--thread-content-width)\" data-start=\"3621\" data-end=\"3913\">\n<thead data-start=\"3621\" data-end=\"3665\">\n<tr data-start=\"3621\" data-end=\"3665\">\n<th data-start=\"3621\" data-end=\"3637\" data-col-size=\"sm\">Alapanyag<\/th>\n<th data-start=\"3637\" data-end=\"3650\" data-col-size=\"sm\">El\u0151ny\u00f6k<\/th>\n<th data-start=\"3650\" data-end=\"3665\" data-col-size=\"sm\">Tipikus haszn\u00e1lat<\/th>\n<\/tr>\n<\/thead>\n<tbody data-start=\"3680\" data-end=\"3913\">\n<tr data-start=\"3680\" data-end=\"3763\">\n<td data-start=\"3680\" data-end=\"3695\" data-col-size=\"sm\">Sz\u00e9nac\u00e9l<\/td>\n<td data-start=\"3695\" data-end=\"3728\" data-col-size=\"sm\">K\u00f6lts\u00e9ghat\u00e9kony, egyszer\u0171 megmunk\u00e1l\u00e1s<\/td>\n<td data-start=\"3728\" data-end=\"3763\" data-col-size=\"sm\">\u00c1ltal\u00e1nos ipari alkalmaz\u00e1sok<\/td>\n<\/tr>\n<tr data-start=\"3764\" data-end=\"3836\">\n<td data-start=\"3764\" data-end=\"3778\" data-col-size=\"sm\">\u00f6tv\u00f6z\u00f6tt ac\u00e9l<\/td>\n<td data-start=\"3778\" data-end=\"3812\" data-col-size=\"sm\">Nagy szil\u00e1rds\u00e1g\u00fa, \u00fct\u00e9s\u00e1ll\u00f3<\/td>\n<td data-start=\"3812\" data-end=\"3836\" data-col-size=\"sm\">Neh\u00e9zg\u00e9pek<\/td>\n<\/tr>\n<tr data-start=\"3837\" data-end=\"3913\">\n<td data-start=\"3837\" data-end=\"3855\" data-col-size=\"sm\">Rozsdamentes ac\u00e9l<\/td>\n<td data-start=\"3855\" data-end=\"3877\" data-col-size=\"sm\">Korr\u00f3zi\u00f3\u00e1ll\u00f3<\/td>\n<td data-start=\"3877\" data-end=\"3913\" data-col-size=\"sm\">K\u00e9miai \u00e9s tengeri k\u00f6rnyezet<\/td>\n<\/tr>\n<\/tbody>\n<\/table>\n<\/div>\n<\/div>\n<div class=\"TyagGW_tableContainer\">\n<div class=\"group TyagGW_tableWrapper flex flex-col-reverse w-fit\" tabindex=\"-1\">\n<table class=\"w-fit min-w-(--thread-content-width)\" data-start=\"3915\" data-end=\"4351\">\n<thead data-start=\"3915\" data-end=\"3966\">\n<tr data-start=\"3915\" data-end=\"3966\">\n<th data-start=\"3915\" data-end=\"3934\" data-col-size=\"sm\">Ker\u00e1mia anyag<\/th>\n<th data-start=\"3934\" data-end=\"3947\" data-col-size=\"sm\">El\u0151ny\u00f6k<\/th>\n<th data-start=\"3947\" data-end=\"3966\" data-col-size=\"md\">Aj\u00e1nlott<\/th>\n<\/tr>\n<\/thead>\n<tbody data-start=\"3981\" data-end=\"4351\">\n<tr data-start=\"3981\" data-end=\"4059\">\n<td data-start=\"3981\" data-end=\"3999\" data-col-size=\"sm\">Alumina (Al\u2082O\u2083)<\/td>\n<td data-start=\"3999\" data-end=\"4031\" data-col-size=\"sm\">Nagy kem\u00e9nys\u00e9g\u0171, kop\u00e1s\u00e1ll\u00f3<\/td>\n<td data-start=\"4031\" data-end=\"4059\" data-col-size=\"md\">Csiszol\u00f3iszap kezel\u00e9se<\/td>\n<\/tr>\n<tr data-start=\"4060\" data-end=\"4147\">\n<td data-start=\"4060\" data-end=\"4078\" data-col-size=\"sm\">Cirk\u00f3nium-dioxid (ZrO\u2082)<\/td>\n<td data-start=\"4078\" data-end=\"4120\" data-col-size=\"sm\">Nagy t\u00f6r\u00e9si sz\u00edv\u00f3ss\u00e1g, kop\u00e1s\u00e1ll\u00f3<\/td>\n<td data-start=\"4120\" data-end=\"4147\" data-col-size=\"md\">Nagy hat\u00e1s\u00fa m\u0171veletek<\/td>\n<\/tr>\n<tr data-start=\"4148\" data-end=\"4255\">\n<td data-start=\"4148\" data-end=\"4172\" data-col-size=\"sm\">Szil\u00edcium-karbid (SiC)<\/td>\n<td data-start=\"4172\" data-end=\"4209\" data-col-size=\"sm\">Rendk\u00edv\u00fcl kem\u00e9ny, vegyszer\u00e1ll\u00f3<\/td>\n<td data-start=\"4209\" data-end=\"4255\" data-col-size=\"md\">Vegyi iszap, extr\u00e9m kop\u00e1si k\u00f6rnyezetek<\/td>\n<\/tr>\n<tr data-start=\"4256\" data-end=\"4351\">\n<td data-start=\"4256\" data-end=\"4278\" data-col-size=\"sm\">Borkarbid (B\u2084C)<\/td>\n<td data-start=\"4278\" data-end=\"4315\" data-col-size=\"sm\">Ultra-kem\u00e9ny, nagy \u00fct\u00e9s\u00e1ll\u00f3s\u00e1g\u00fa<\/td>\n<td data-start=\"4315\" data-end=\"4351\" data-col-size=\"md\">Nagy ig\u00e9nybev\u00e9telnek kitett, nagy ig\u00e9nybev\u00e9telnek kitett berendez\u00e9sek<\/td>\n<\/tr>\n<\/tbody>\n<\/table>\n<\/div>\n<\/div>\n<h2 data-start=\"4358\" data-end=\"4381\"><strong data-start=\"4361\" data-end=\"4381\">Mi\u00e9rt v\u00e1lassza a Wonzh-t<\/strong><\/h2>\n<ul data-start=\"4383\" data-end=\"4732\">\n<li data-start=\"4383\" data-end=\"4437\">\n<p data-start=\"4385\" data-end=\"4437\">Ker\u00e1mia b\u00e9l\u00e9s\u0171 alkatr\u00e9szek korszer\u0171 gy\u00e1rt\u00e1sa<\/p>\n<\/li>\n<li data-start=\"4438\" data-end=\"4494\">\n<p data-start=\"4440\" data-end=\"4494\">Nagy pontoss\u00e1g\u00fa megmunk\u00e1l\u00e1s \u00e9s tart\u00f3s ker\u00e1mia k\u00f6t\u00e9s<\/p>\n<\/li>\n<li data-start=\"4495\" data-end=\"4562\">\n<p data-start=\"4497\" data-end=\"4562\">Ker\u00e1mia- \u00e9s alapanyagok sz\u00e9les v\u00e1laszt\u00e9ka zord k\u00f6rnyezetekhez<\/p>\n<\/li>\n<li data-start=\"4563\" data-end=\"4626\">\n<p data-start=\"4565\" data-end=\"4626\">Egyedi m\u00e9rn\u00f6ki t\u00e1mogat\u00e1s OEM \u00e9s ipari g\u00e9pek sz\u00e1m\u00e1ra<\/p>\n<\/li>\n<li data-start=\"4627\" data-end=\"4676\">\n<p data-start=\"4629\" data-end=\"4676\">Cs\u00f6kkenti a kop\u00e1st, az \u00e1ll\u00e1sid\u0151t \u00e9s a karbantart\u00e1si k\u00f6lts\u00e9geket<\/p>\n<\/li>\n<li data-start=\"4677\" data-end=\"4732\">\n<p data-start=\"4679\" data-end=\"4732\">A protot\u00edpust\u00f3l a megb\u00edzhat\u00f3 sz\u00e1ll\u00edt\u00e1s\u00fa t\u00f6megtermel\u00e9sig<\/p>\n<\/li>\n<\/ul>\n<h2 data-start=\"4739\" data-end=\"4780\"><strong data-start=\"4742\" data-end=\"4778\">Gyakran ism\u00e9telt k\u00e9rd\u00e9sek (GYIK)<\/strong><\/h2>\n<h3 data-start=\"4782\" data-end=\"4834\"><strong data-start=\"4786\" data-end=\"4832\">1. k\u00e9rd\u00e9s: Mire haszn\u00e1lj\u00e1k a ker\u00e1mia b\u00e9l\u00e9s\u0171 alkatr\u00e9szeket?<\/strong><\/h3>\n<p data-start=\"4835\" data-end=\"4934\">V\u00e9dik a berendez\u00e9seket a kop\u00e1st\u00f3l, \u00fct\u0151d\u00e9st\u0151l \u00e9s korr\u00f3zi\u00f3t\u00f3l a nagy ig\u00e9nybev\u00e9tel\u0171 ipari alkalmaz\u00e1sokban.<\/p>\n<h3 data-start=\"4936\" data-end=\"4984\"><strong data-start=\"4940\" data-end=\"4982\">2. k\u00e9rd\u00e9s: Kaphatok egyedi form\u00e1kat \u00e9s m\u00e9reteket?<\/strong><\/h3>\n<p data-start=\"4985\" data-end=\"5086\">Igen. Ker\u00e1miab\u00e9l\u00e9ssel ell\u00e1tott alkatr\u00e9szeket gy\u00e1rtunk rajzok, berendez\u00e9smodellek vagy OEM specifik\u00e1ci\u00f3k alapj\u00e1n.<\/p>\n<h3 data-start=\"5088\" data-end=\"5140\"><strong data-start=\"5092\" data-end=\"5138\">3. k\u00e9rd\u00e9s: Milyen ker\u00e1miaanyagok \u00e1llnak rendelkez\u00e9sre?<\/strong><\/h3>\n<p data-start=\"5141\" data-end=\"5271\">Az opci\u00f3k a k\u00f6vetkez\u0151k <strong data-start=\"5157\" data-end=\"5214\">Alum\u00ednium-oxid, cirk\u00f3nium-dioxid, szil\u00edciumkarbid \u00e9s b\u00f3rkarbid<\/strong>, a kop\u00e1s, az \u00fct\u00e9s \u00e9s a vegyi k\u00f6vetelm\u00e9nyek f\u00fcggv\u00e9ny\u00e9ben.<\/p>\n<h3 data-start=\"5273\" data-end=\"5328\"><strong data-start=\"5277\" data-end=\"5326\">4. k\u00e9rd\u00e9s: Lehet ker\u00e1mi\u00e1t k\u00fcl\u00f6nb\u00f6z\u0151 f\u00e9mekhez ragasztani?<\/strong><\/h3>\n<p data-start=\"5329\" data-end=\"5473\">Igen. Ker\u00e1mi\u00e1t ragasztunk <strong data-start=\"5354\" data-end=\"5404\">sz\u00e9nac\u00e9l, \u00f6tv\u00f6z\u00f6tt ac\u00e9l \u00e9s rozsdamentes ac\u00e9l<\/strong> magas h\u0151m\u00e9rs\u00e9klet\u0171 szinterez\u00e9ssel, forraszt\u00e1ssal vagy ragaszt\u00e1sos technik\u00e1kkal.<\/p>\n<h3 data-start=\"5475\" data-end=\"5538\"><strong data-start=\"5479\" data-end=\"5536\">5. k\u00e9rd\u00e9s: Milyen ipar\u00e1gak haszn\u00e1lj\u00e1k \u00e1ltal\u00e1ban a ker\u00e1mia b\u00e9l\u00e9s\u0171 alkatr\u00e9szeket?<\/strong><\/h3>\n<p data-start=\"5539\" data-end=\"5636\">B\u00e1ny\u00e1szat, cementipar, ac\u00e9lipar, vegyipar, energiatermel\u00e9s \u00e9s anyagmozgat\u00e1s.<\/p>","protected":false},"excerpt":{"rendered":"<p>A Wonzh \u00e1ltal sz\u00e1ll\u00edtott ker\u00e1mia b\u00e9l\u00e9s\u0171 alkatr\u00e9szeket \u00fagy tervezt\u00e9k, hogy ellen\u00e1lljanak az ipari g\u00e9pekben a s\u00falyos kop\u00e1snak, a nagy \u00fct\u00e9seknek \u00e9s a korr\u00f3zi\u00f3s k\u00f6rnyezetnek. Ezeket az alkatr\u00e9szeket sz\u00e9les k\u00f6rben haszn\u00e1lj\u00e1k a b\u00e1ny\u00e1szatban, a cementiparban, az ac\u00e9lgy\u00e1rt\u00e1sban, a vegyipari feldolgoz\u00e1sban, az energiatermel\u00e9sben \u00e9s az anyagmozgat\u00f3 berendez\u00e9sekben, hogy meghosszabb\u00edts\u00e1k a nagy kop\u00e1sig\u00e9ny\u0171 alkatr\u00e9szek \u00e9lettartam\u00e1t.<\/p>","protected":false},"featured_media":1542,"comment_status":"open","ping_status":"closed","template":"","meta":{"site-sidebar-layout":"default","site-content-layout":"","ast-site-content-layout":"default","site-content-style":"default","site-sidebar-style":"default","ast-global-header-display":"","ast-banner-title-visibility":"","ast-main-header-display":"","ast-hfb-above-header-display":"","ast-hfb-below-header-display":"","ast-hfb-mobile-header-display":"","site-post-title":"","ast-breadcrumbs-content":"","ast-featured-img":"","footer-sml-layout":"","ast-disable-related-posts":"","theme-transparent-header-meta":"default","adv-header-id-meta":"","stick-header-meta":"default","header-above-stick-meta":"","header-main-stick-meta":"","header-below-stick-meta":"","astra-migrate-meta-layouts":"set","ast-page-background-enabled":"default","ast-page-background-meta":{"desktop":{"background-color":"","background-image":"","background-repeat":"repeat","background-position":"center center","background-size":"auto","background-attachment":"scroll","background-type":"","background-media":"","overlay-type":"","overlay-color":"","overlay-opacity":"","overlay-gradient":""},"tablet":{"background-color":"","background-image":"","background-repeat":"repeat","background-position":"center center","background-size":"auto","background-attachment":"scroll","background-type":"","background-media":"","overlay-type":"","overlay-color":"","overlay-opacity":"","overlay-gradient":""},"mobile":{"background-color":"","background-image":"","background-repeat":"repeat","background-position":"center center","background-size":"auto","background-attachment":"scroll","background-type":"","background-media":"","overlay-type":"","overlay-color":"","overlay-opacity":"","overlay-gradient":""}},"ast-content-background-meta":{"desktop":{"background-color":"var(--ast-global-color-5)","background-image":"","background-repeat":"repeat","background-position":"center center","background-size":"auto","background-attachment":"scroll","background-type":"","background-media":"","overlay-type":"","overlay-color":"","overlay-opacity":"","overlay-gradient":""},"tablet":{"background-color":"var(--ast-global-color-5)","background-image":"","background-repeat":"repeat","background-position":"center center","background-size":"auto","background-attachment":"scroll","background-type":"","background-media":"","overlay-type":"","overlay-color":"","overlay-opacity":"","overlay-gradient":""},"mobile":{"background-color":"var(--ast-global-color-5)","background-image":"","background-repeat":"repeat","background-position":"center center","background-size":"auto","background-attachment":"scroll","background-type":"","background-media":"","overlay-type":"","overlay-color":"","overlay-opacity":"","overlay-gradient":""}}},"product_brand":[],"product_cat":[24],"product_tag":[434,429,432,428,440,343,439,420,435,436,437,431,438,433,430],"class_list":{"0":"post-1480","1":"product","2":"type-product","3":"status-publish","4":"has-post-thumbnail","6":"product_cat-wear-parts-wear-components","7":"product_tag-abrasion-resistant-parts","8":"product_tag-alumina-lined-parts","9":"product_tag-boron-carbide-lined-parts","10":"product_tag-ceramic-lined-parts","11":"product_tag-china-ceramic-lined-manufacturer","12":"product_tag-crusher-liners","13":"product_tag-custom-ceramic-lined-parts","14":"product_tag-hopper-liners","15":"product_tag-industrial-liners","16":"product_tag-mill-liners","17":"product_tag-pipe-liners","18":"product_tag-sic-lined-parts","19":"product_tag-slurry-handling-parts","20":"product_tag-wear-resistant-components","21":"product_tag-zirconia-lined-parts","22":"desktop-align-left","23":"tablet-align-left","24":"mobile-align-left","26":"first","27":"instock","28":"shipping-taxable","29":"product-type-simple"},"_links":{"self":[{"href":"https:\/\/www.wonzh.com\/hu\/wp-json\/wp\/v2\/product\/1480","targetHints":{"allow":["GET"]}}],"collection":[{"href":"https:\/\/www.wonzh.com\/hu\/wp-json\/wp\/v2\/product"}],"about":[{"href":"https:\/\/www.wonzh.com\/hu\/wp-json\/wp\/v2\/types\/product"}],"replies":[{"embeddable":true,"href":"https:\/\/www.wonzh.com\/hu\/wp-json\/wp\/v2\/comments?post=1480"}],"wp:featuredmedia":[{"embeddable":true,"href":"https:\/\/www.wonzh.com\/hu\/wp-json\/wp\/v2\/media\/1542"}],"wp:attachment":[{"href":"https:\/\/www.wonzh.com\/hu\/wp-json\/wp\/v2\/media?parent=1480"}],"wp:term":[{"taxonomy":"product_brand","embeddable":true,"href":"https:\/\/www.wonzh.com\/hu\/wp-json\/wp\/v2\/product_brand?post=1480"},{"taxonomy":"product_cat","embeddable":true,"href":"https:\/\/www.wonzh.com\/hu\/wp-json\/wp\/v2\/product_cat?post=1480"},{"taxonomy":"product_tag","embeddable":true,"href":"https:\/\/www.wonzh.com\/hu\/wp-json\/wp\/v2\/product_tag?post=1480"}],"curies":[{"name":"wp","href":"https:\/\/api.w.org\/{rel}","templated":true}]}}