{"id":1476,"date":"2026-02-03T15:06:59","date_gmt":"2026-02-03T15:06:59","guid":{"rendered":"https:\/\/www.wonzh.com\/?post_type=product&#038;p=1476"},"modified":"2026-02-05T15:03:37","modified_gmt":"2026-02-05T15:03:37","slug":"sprockets-chain-components-for-industrial-power-transmission","status":"publish","type":"product","link":"https:\/\/www.wonzh.com\/hu\/product\/sprockets-chain-components-for-industrial-power-transmission\/","title":{"rendered":"L\u00e1nckerekek \u00e9s l\u00e1ncelemek ipari er\u0151\u00e1tvitelhez"},"content":{"rendered":"<p data-start=\"615\" data-end=\"909\">A Wonzh \u00e1ltal sz\u00e1ll\u00edtott l\u00e1nckerekek \u00e9s l\u00e1nckomponensek prec\u00edzi\u00f3s tervez\u00e9s\u0171 alkatr\u00e9szek, amelyeket a mechanikus er\u0151 \u00e1tvitel\u00e9re terveztek a l\u00e1nchajt\u00e1s\u00fa rendszerekben. Sz\u00e9les k\u00f6rben haszn\u00e1lj\u00e1k \u0151ket sz\u00e1ll\u00edt\u00f3szalagokban, mez\u0151gazdas\u00e1gi g\u00e9pekben, \u00e9p\u00edt\u0151ipari berendez\u00e9sekben, ipari automatiz\u00e1l\u00e1sban \u00e9s anyagmozgat\u00f3 rendszerekben.<\/p>\n<p data-start=\"911\" data-end=\"1262\">L\u00e1nckerekeinket sz\u00e9nac\u00e9lb\u00f3l, \u00f6tv\u00f6z\u00f6tt ac\u00e9lb\u00f3l, rozsdamentes ac\u00e9lb\u00f3l vagy m\u0171szaki m\u0171anyagb\u00f3l gy\u00e1rtjuk, \u00e9s nagy pontoss\u00e1ggal, szigor\u00fa fogprofil-t\u0171r\u00e9sekkel megmunk\u00e1ljuk. A l\u00e1ncok nagy szil\u00e1rds\u00e1g\u00fa \u00f6tv\u00f6z\u00f6tt ac\u00e9lb\u00f3l k\u00e9sz\u00fclnek, h\u0151kezel\u00e9ssel \u00e9s fel\u00fcletkezel\u00e9ssel a kop\u00e1s\u00e1ll\u00f3s\u00e1g, a f\u00e1rad\u00e1si szil\u00e1rds\u00e1g \u00e9s a hossz\u00fa \u00e9lettartam biztos\u00edt\u00e1sa \u00e9rdek\u00e9ben.<\/p>\n<p data-start=\"1264\" data-end=\"1667\">A Wonzh g\u00f6rg\u0151s l\u00e1ncok, csendes l\u00e1ncok, sz\u00e1ll\u00edt\u00f3szalag-l\u00e1ncok, szabv\u00e1nyos l\u00e1nckerekek, egyedi l\u00e1nckerekek \u00e9s l\u00e1ncszerelv\u00e9nyek \u00e1tfog\u00f3 v\u00e1laszt\u00e9k\u00e1t k\u00edn\u00e1lja. Egyedi m\u00e9reteket, fogsz\u00e1mokat, anyagokat \u00e9s bevonatokat is k\u00edn\u00e1lunk az alkalmaz\u00e1sspecifikus ig\u00e9nyeknek megfelel\u0151en. M\u00e9rn\u00f6ki csapatunk seg\u00edt a l\u00e1nct\u00edpusok, l\u00e1ncker\u00e9kanyagok \u00e9s a kompatibilit\u00e1s kiv\u00e1laszt\u00e1s\u00e1ban, biztos\u00edtva a z\u00f6kken\u0151mentes \u00e9s megb\u00edzhat\u00f3 m\u0171k\u00f6d\u00e9st.<\/p>\n<h2 data-start=\"1674\" data-end=\"1693\"><strong data-start=\"1677\" data-end=\"1693\">F\u0151 jellemz\u0151k<\/strong><\/h2>\n<ul data-start=\"1695\" data-end=\"2057\">\n<li data-start=\"1695\" data-end=\"1764\">\n<p data-start=\"1697\" data-end=\"1764\">Nagy pontoss\u00e1g\u00fa l\u00e1ncker\u00e9k fogprofil a sima l\u00e1ncbefog\u00e1s \u00e9rdek\u00e9ben<\/p>\n<\/li>\n<li data-start=\"1765\" data-end=\"1832\">\n<p data-start=\"1767\" data-end=\"1832\">Nagy szak\u00edt\u00f3szil\u00e1rds\u00e1gra \u00e9s kop\u00e1s\u00e1ll\u00f3s\u00e1gra tervezett l\u00e1ncok<\/p>\n<\/li>\n<li data-start=\"1833\" data-end=\"1889\">\n<p data-start=\"1835\" data-end=\"1889\">T\u00f6bbf\u00e9le l\u00e1ncvez\u00e9relt alkalmaz\u00e1s t\u00e1mogat\u00e1sa<\/p>\n<\/li>\n<li data-start=\"1890\" data-end=\"1945\">\n<p data-start=\"1892\" data-end=\"1945\">Egyedi m\u00e9retek, fogsz\u00e1mok \u00e9s anyagok rendelhet\u0151k<\/p>\n<\/li>\n<li data-start=\"1946\" data-end=\"1996\">\n<p data-start=\"1948\" data-end=\"1996\">Tart\u00f3s nagy terhel\u00e9s \u00e9s zord k\u00f6r\u00fclm\u00e9nyek k\u00f6z\u00f6tt is<\/p>\n<\/li>\n<li data-start=\"1997\" data-end=\"2057\">\n<p data-start=\"1999\" data-end=\"2057\">Alkalmas protot\u00edpusok, kis t\u00e9telek \u00e9s t\u00f6meggy\u00e1rt\u00e1s eset\u00e9n is.<\/p>\n<\/li>\n<\/ul>\n<h2 data-start=\"2064\" data-end=\"2091\"><strong data-start=\"2067\" data-end=\"2091\">Tipikus alkalmaz\u00e1sok<\/strong><\/h2>\n<ul data-start=\"2093\" data-end=\"2348\">\n<li data-start=\"2093\" data-end=\"2139\">\n<p data-start=\"2095\" data-end=\"2139\">Ipari sz\u00e1ll\u00edt\u00f3szalagok \u00e9s anyagmozgat\u00e1s<\/p>\n<\/li>\n<li data-start=\"2140\" data-end=\"2178\">\n<p data-start=\"2142\" data-end=\"2178\">Mez\u0151gazdas\u00e1gi \u00e9s mez\u0151gazdas\u00e1gi g\u00e9pek<\/p>\n<\/li>\n<li data-start=\"2179\" data-end=\"2216\">\n<p data-start=\"2181\" data-end=\"2216\">\u00c9p\u00edt\u0151ipari \u00e9s b\u00e1ny\u00e1szati berendez\u00e9sek<\/p>\n<\/li>\n<li data-start=\"2217\" data-end=\"2273\">\n<p data-start=\"2219\" data-end=\"2273\">Csomagol\u00e1si, \u00e9lelmiszer-feldolgoz\u00f3 \u00e9s automatiz\u00e1l\u00e1si g\u00e9pek<\/p>\n<\/li>\n<li data-start=\"2274\" data-end=\"2307\">\n<p data-start=\"2276\" data-end=\"2307\">Aut\u00f3ipari er\u0151\u00e1tvitel<\/p>\n<\/li>\n<li data-start=\"2308\" data-end=\"2348\">\n<p data-start=\"2310\" data-end=\"2348\">Neh\u00e9zg\u00e9pek \u00e9s berendez\u00e9sek meghajt\u00e1sa<\/p>\n<\/li>\n<\/ul>\n<h2 data-start=\"2355\" data-end=\"2394\"><strong data-start=\"2358\" data-end=\"2394\">L\u00e1ncker\u00e9k \u00e9s l\u00e1nc t\u00edpusok, amelyeket sz\u00e1ll\u00edtunk<\/strong><\/h2>\n<div class=\"TyagGW_tableContainer\">\n<div class=\"group TyagGW_tableWrapper flex flex-col-reverse w-fit\" tabindex=\"-1\">\n<table class=\"w-fit min-w-(--thread-content-width)\" data-start=\"2396\" data-end=\"3034\">\n<thead data-start=\"2396\" data-end=\"2442\">\n<tr data-start=\"2396\" data-end=\"2442\">\n<th data-start=\"2396\" data-end=\"2413\" data-col-size=\"sm\">Komponens t\u00edpusa<\/th>\n<th data-start=\"2413\" data-end=\"2427\" data-col-size=\"md\">Le\u00edr\u00e1s<\/th>\n<th data-start=\"2427\" data-end=\"2442\" data-col-size=\"sm\">Tipikus haszn\u00e1lat<\/th>\n<\/tr>\n<\/thead>\n<tbody data-start=\"2457\" data-end=\"3034\">\n<tr data-start=\"2457\" data-end=\"2548\">\n<td data-start=\"2457\" data-end=\"2476\" data-col-size=\"sm\"><strong data-start=\"2459\" data-end=\"2475\">G\u00f6rg\u0151s l\u00e1nc<\/strong><\/td>\n<td data-start=\"2476\" data-end=\"2516\" data-col-size=\"md\">Szabv\u00e1nyos l\u00e1nc er\u0151\u00e1tvitelhez<\/td>\n<td data-start=\"2516\" data-end=\"2548\" data-col-size=\"sm\">Sz\u00e1ll\u00edt\u00f3szalagok, ipari hajt\u00e1sok<\/td>\n<\/tr>\n<tr data-start=\"2549\" data-end=\"2650\">\n<td data-start=\"2549\" data-end=\"2577\" data-col-size=\"sm\"><strong data-start=\"2551\" data-end=\"2576\">Csendes \/ vez\u00e9rm\u0171l\u00e1nc<\/strong><\/td>\n<td data-start=\"2577\" data-end=\"2612\" data-col-size=\"md\">Z\u00f6kken\u0151mentes m\u0171k\u00f6d\u00e9s, pontos id\u0151z\u00edt\u00e9s<\/td>\n<td data-start=\"2612\" data-end=\"2650\" data-col-size=\"sm\">Aut\u00f3ipar, CNC g\u00e9pek, robotika<\/td>\n<\/tr>\n<tr data-start=\"2651\" data-end=\"2743\">\n<td data-start=\"2651\" data-end=\"2672\" data-col-size=\"sm\"><strong data-start=\"2653\" data-end=\"2671\">Sz\u00e1ll\u00edt\u00f3 l\u00e1nc<\/strong><\/td>\n<td data-start=\"2672\" data-end=\"2702\" data-col-size=\"md\">Nagy teherb\u00edr\u00e1s\u00fa vagy modul\u00e1ris l\u00e1nc<\/td>\n<td data-start=\"2702\" data-end=\"2743\" data-col-size=\"sm\">Anyagmozgat\u00f3 \u00e9s csomagol\u00f3 sorok<\/td>\n<\/tr>\n<tr data-start=\"2744\" data-end=\"2846\">\n<td data-start=\"2744\" data-end=\"2768\" data-col-size=\"sm\"><strong data-start=\"2746\" data-end=\"2767\">Standard l\u00e1ncker\u00e9k<\/strong><\/td>\n<td data-start=\"2768\" data-end=\"2812\" data-col-size=\"md\">K\u00f6rfogasker\u00e9k fogazott fogasker\u00e9k a l\u00e1ncok fogaz\u00e1s\u00e1hoz<\/td>\n<td data-start=\"2812\" data-end=\"2846\" data-col-size=\"sm\">G\u00f6rg\u0151s l\u00e1ncos hajt\u00e1sok, sz\u00e1ll\u00edt\u00f3szalagok<\/td>\n<\/tr>\n<tr data-start=\"2847\" data-end=\"2946\">\n<td data-start=\"2847\" data-end=\"2869\" data-col-size=\"sm\"><strong data-start=\"2849\" data-end=\"2868\">Egyedi l\u00e1ncker\u00e9k<\/strong><\/td>\n<td data-start=\"2869\" data-end=\"2910\" data-col-size=\"md\">Rajzok \/ specifik\u00e1ci\u00f3k szerint tervezve<\/td>\n<td data-start=\"2910\" data-end=\"2946\" data-col-size=\"sm\">OEM \u00e9s speci\u00e1lis alkalmaz\u00e1sok<\/td>\n<\/tr>\n<tr data-start=\"2947\" data-end=\"3034\">\n<td data-start=\"2947\" data-end=\"2971\" data-col-size=\"sm\"><strong data-start=\"2949\" data-end=\"2970\">L\u00e1nc tartoz\u00e9kok<\/strong><\/td>\n<td data-start=\"2971\" data-end=\"3000\" data-col-size=\"md\">Csatlakoz\u00f3k, csapok, perselyek<\/td>\n<td data-start=\"3000\" data-end=\"3034\" data-col-size=\"sm\">L\u00e1nc \u00f6sszeszerel\u00e9se \u00e9s karbantart\u00e1sa<\/td>\n<\/tr>\n<\/tbody>\n<\/table>\n<\/div>\n<\/div>\n<h2 data-start=\"3041\" data-end=\"3093\"><strong data-start=\"3044\" data-end=\"3091\">M\u0171szaki param\u00e9terek (reprezentat\u00edv tartom\u00e1ny)<\/strong><\/h2>\n<div class=\"TyagGW_tableContainer\">\n<div class=\"group TyagGW_tableWrapper flex flex-col-reverse w-fit\" tabindex=\"-1\">\n<table class=\"w-fit min-w-(--thread-content-width)\" data-start=\"3095\" data-end=\"3617\">\n<thead data-start=\"3095\" data-end=\"3132\">\n<tr data-start=\"3095\" data-end=\"3132\">\n<th data-start=\"3095\" data-end=\"3107\" data-col-size=\"sm\">Param\u00e9ter<\/th>\n<th data-start=\"3107\" data-end=\"3132\" data-col-size=\"md\">Specifik\u00e1ci\u00f3 \/ tartom\u00e1ny<\/th>\n<\/tr>\n<\/thead>\n<tbody data-start=\"3143\" data-end=\"3617\">\n<tr data-start=\"3143\" data-end=\"3230\">\n<td data-start=\"3143\" data-end=\"3162\" data-col-size=\"sm\">Anyagi lehet\u0151s\u00e9gek<\/td>\n<td data-start=\"3162\" data-end=\"3230\" data-col-size=\"md\">Sz\u00e9nac\u00e9l, \u00f6tv\u00f6z\u00f6tt ac\u00e9l, rozsdamentes ac\u00e9l, m\u0171szaki m\u0171anyagok<\/td>\n<\/tr>\n<tr data-start=\"3231\" data-end=\"3282\">\n<td data-start=\"3231\" data-end=\"3245\" data-col-size=\"sm\">L\u00e1nc oszt\u00e1s<\/td>\n<td data-start=\"3245\" data-end=\"3282\" data-col-size=\"md\">6 mm - 100 mm (standard \u00e9s egyedi)<\/td>\n<\/tr>\n<tr data-start=\"3283\" data-end=\"3331\">\n<td data-start=\"3283\" data-end=\"3299\" data-col-size=\"sm\">L\u00e1ncker\u00e9k furat<\/td>\n<td data-start=\"3299\" data-end=\"3331\" data-col-size=\"md\">5 mm - 150 mm (testre szabhat\u00f3)<\/td>\n<\/tr>\n<tr data-start=\"3332\" data-end=\"3377\">\n<td data-start=\"3332\" data-end=\"3350\" data-col-size=\"sm\">Fogak sz\u00e1ma<\/td>\n<td data-start=\"3350\" data-end=\"3377\" data-col-size=\"md\">10 - 200 (testre szabhat\u00f3)<\/td>\n<\/tr>\n<tr data-start=\"3378\" data-end=\"3442\">\n<td data-start=\"3378\" data-end=\"3394\" data-col-size=\"sm\">Terhelhet\u0151s\u00e9g<\/td>\n<td data-start=\"3394\" data-end=\"3442\" data-col-size=\"md\">K\u00f6nny\u0171 \u00e9s nagy teherb\u00edr\u00e1s\u00fa l\u00e1ncok (t\u00edpust\u00f3l f\u00fcgg\u0151en)<\/td>\n<\/tr>\n<tr data-start=\"3443\" data-end=\"3510\">\n<td data-start=\"3443\" data-end=\"3463\" data-col-size=\"sm\">Fel\u00fcletkezel\u00e9s<\/td>\n<td data-start=\"3463\" data-end=\"3510\" data-col-size=\"md\">Edz\u00e9s, galvaniz\u00e1l\u00e1s, bevonatol\u00e1s, h\u0151kezel\u00e9s<\/td>\n<\/tr>\n<tr data-start=\"3511\" data-end=\"3572\">\n<td data-start=\"3511\" data-end=\"3529\" data-col-size=\"sm\">Termel\u00e9si t\u00edpus<\/td>\n<td data-start=\"3529\" data-end=\"3572\" data-col-size=\"md\">Protot\u00edpus, kis t\u00e9tel, t\u00f6megtermel\u00e9s<\/td>\n<\/tr>\n<tr data-start=\"3573\" data-end=\"3617\">\n<td data-start=\"3573\" data-end=\"3595\" data-col-size=\"sm\">T\u00e1mogatott szabv\u00e1nyok<\/td>\n<td data-start=\"3595\" data-end=\"3617\" data-col-size=\"md\">ISO, DIN, ANSI, GB<\/td>\n<\/tr>\n<\/tbody>\n<\/table>\n<\/div>\n<\/div>\n<h2 data-start=\"3624\" data-end=\"3657\"><strong data-start=\"3627\" data-end=\"3657\">Anyag \u00e9s kiv\u00e1laszt\u00e1si \u00fatmutat\u00f3<\/strong><\/h2>\n<div class=\"TyagGW_tableContainer\">\n<div class=\"group TyagGW_tableWrapper flex flex-col-reverse w-fit\" tabindex=\"-1\">\n<table class=\"w-fit min-w-(--thread-content-width)\" data-start=\"3659\" data-end=\"4079\">\n<thead data-start=\"3659\" data-end=\"3702\">\n<tr data-start=\"3659\" data-end=\"3702\">\n<th data-start=\"3659\" data-end=\"3670\" data-col-size=\"sm\">Anyag<\/th>\n<th data-start=\"3670\" data-end=\"3683\" data-col-size=\"sm\">El\u0151ny\u00f6k<\/th>\n<th data-start=\"3683\" data-end=\"3702\" data-col-size=\"sm\">Aj\u00e1nlott<\/th>\n<\/tr>\n<\/thead>\n<tbody data-start=\"3717\" data-end=\"4079\">\n<tr data-start=\"3717\" data-end=\"3805\">\n<td data-start=\"3717\" data-end=\"3736\" data-col-size=\"sm\"><strong data-start=\"3719\" data-end=\"3735\">Sz\u00e9nac\u00e9l<\/strong><\/td>\n<td data-start=\"3736\" data-end=\"3761\" data-col-size=\"sm\">Er\u0151s, k\u00f6lts\u00e9ghat\u00e9kony<\/td>\n<td data-start=\"3761\" data-end=\"3805\" data-col-size=\"sm\">Szabv\u00e1nyos ipari l\u00e1ncok \u00e9s l\u00e1nckerekek<\/td>\n<\/tr>\n<tr data-start=\"3806\" data-end=\"3902\">\n<td data-start=\"3806\" data-end=\"3824\" data-col-size=\"sm\"><strong data-start=\"3808\" data-end=\"3823\">\u00f6tv\u00f6z\u00f6tt ac\u00e9l<\/strong><\/td>\n<td data-start=\"3824\" data-end=\"3864\" data-col-size=\"sm\">Nagy szak\u00edt\u00f3szil\u00e1rds\u00e1g, kop\u00e1s\u00e1ll\u00f3<\/td>\n<td data-start=\"3864\" data-end=\"3902\" data-col-size=\"sm\">Nagy teherb\u00edr\u00e1s\u00fa, nagy terhel\u00e9st ig\u00e9nyl\u0151 alkalmaz\u00e1sok<\/td>\n<\/tr>\n<tr data-start=\"3903\" data-end=\"3987\">\n<td data-start=\"3903\" data-end=\"3925\" data-col-size=\"sm\"><strong data-start=\"3905\" data-end=\"3924\">Rozsdamentes ac\u00e9l<\/strong><\/td>\n<td data-start=\"3925\" data-end=\"3947\" data-col-size=\"sm\">Korr\u00f3zi\u00f3\u00e1ll\u00f3<\/td>\n<td data-start=\"3947\" data-end=\"3987\" data-col-size=\"sm\">\u00c9lelmiszeripari, vegyi \u00e9s tengeri g\u00e9pek<\/td>\n<\/tr>\n<tr data-start=\"3988\" data-end=\"4079\">\n<td data-start=\"3988\" data-end=\"4015\" data-col-size=\"sm\"><strong data-start=\"3990\" data-end=\"4014\">M\u0171szaki m\u0171anyagok<\/strong><\/td>\n<td data-start=\"4015\" data-end=\"4043\" data-col-size=\"sm\">K\u00f6nny\u0171, alacsony s\u00farl\u00f3d\u00e1s<\/td>\n<td data-start=\"4043\" data-end=\"4079\" data-col-size=\"sm\">Alacsony terhel\u00e9s\u0171, alacsony sebess\u00e9g\u0171 alkalmaz\u00e1sok<\/td>\n<\/tr>\n<\/tbody>\n<\/table>\n<\/div>\n<\/div>\n<div class=\"TyagGW_tableContainer\">\n<div class=\"group TyagGW_tableWrapper flex flex-col-reverse w-fit\" tabindex=\"-1\">\n<table class=\"w-fit min-w-(--thread-content-width)\" data-start=\"4081\" data-end=\"4427\">\n<thead data-start=\"4081\" data-end=\"4125\">\n<tr data-start=\"4081\" data-end=\"4125\">\n<th data-start=\"4081\" data-end=\"4098\" data-col-size=\"sm\">Komponens t\u00edpusa<\/th>\n<th data-start=\"4098\" data-end=\"4110\" data-col-size=\"sm\">El\u0151ny<\/th>\n<th data-start=\"4110\" data-end=\"4125\" data-col-size=\"sm\">Tipikus haszn\u00e1lat<\/th>\n<\/tr>\n<\/thead>\n<tbody data-start=\"4140\" data-end=\"4427\">\n<tr data-start=\"4140\" data-end=\"4200\">\n<td data-start=\"4140\" data-end=\"4155\" data-col-size=\"sm\">G\u00f6rg\u0151s l\u00e1nc<\/td>\n<td data-start=\"4155\" data-end=\"4179\" data-col-size=\"sm\">Nagy terhel\u00e9s, tart\u00f3ss\u00e1g<\/td>\n<td data-start=\"4179\" data-end=\"4200\" data-col-size=\"sm\">Sz\u00e1ll\u00edt\u00f3szalagok, hajt\u00e1sok<\/td>\n<\/tr>\n<tr data-start=\"4201\" data-end=\"4274\">\n<td data-start=\"4201\" data-end=\"4225\" data-col-size=\"sm\">Id\u0151z\u00edt\u00e9s \/ csendes l\u00e1nc<\/td>\n<td data-start=\"4225\" data-end=\"4245\" data-col-size=\"sm\">Sima, alacsony zajszint<\/td>\n<td data-start=\"4245\" data-end=\"4274\" data-col-size=\"sm\">Aut\u00f3ipar, CNC, robotika<\/td>\n<\/tr>\n<tr data-start=\"4275\" data-end=\"4350\">\n<td data-start=\"4275\" data-end=\"4286\" data-col-size=\"sm\">L\u00e1ncker\u00e9k<\/td>\n<td data-start=\"4286\" data-end=\"4310\" data-col-size=\"sm\">Pontos fogprofil<\/td>\n<td data-start=\"4310\" data-end=\"4350\" data-col-size=\"sm\">L\u00e1ncbefog\u00e1s, er\u0151\u00e1tvitel<\/td>\n<\/tr>\n<tr data-start=\"4351\" data-end=\"4427\">\n<td data-start=\"4351\" data-end=\"4371\" data-col-size=\"sm\">Egyedi komponensek<\/td>\n<td data-start=\"4371\" data-end=\"4394\" data-col-size=\"sm\">Alkalmaz\u00e1sspecifikus<\/td>\n<td data-start=\"4394\" data-end=\"4427\" data-col-size=\"sm\">OEM \u00e9s speci\u00e1lis g\u00e9pek<\/td>\n<\/tr>\n<\/tbody>\n<\/table>\n<\/div>\n<\/div>\n<h2 data-start=\"4434\" data-end=\"4457\"><strong data-start=\"4437\" data-end=\"4457\">Mi\u00e9rt v\u00e1lassza a Wonzh-t<\/strong><\/h2>\n<ul data-start=\"4459\" data-end=\"4772\">\n<li data-start=\"4459\" data-end=\"4510\">\n<p data-start=\"4461\" data-end=\"4510\">Korszer\u0171 gy\u00e1rt\u00e1s l\u00e1nckerekek \u00e9s l\u00e1ncok sz\u00e1m\u00e1ra<\/p>\n<\/li>\n<li data-start=\"4511\" data-end=\"4585\">\n<p data-start=\"4513\" data-end=\"4585\">Szigor\u00fa min\u0151s\u00e9gellen\u0151rz\u00e9s a kop\u00e1s\u00e1ll\u00f3s\u00e1g \u00e9s a m\u00e9retpontoss\u00e1g tekintet\u00e9ben<\/p>\n<\/li>\n<li data-start=\"4586\" data-end=\"4652\">\n<p data-start=\"4588\" data-end=\"4652\">Egyedi m\u00e9rn\u00f6ki t\u00e1mogat\u00e1s OEM \u00e9s ipari alkalmaz\u00e1sokhoz<\/p>\n<\/li>\n<li data-start=\"4653\" data-end=\"4716\">\n<p data-start=\"4655\" data-end=\"4716\">Tart\u00f3s, nagy szil\u00e1rds\u00e1g\u00fa alkatr\u00e9szek a hossz\u00fa \u00e9lettartam \u00e9rdek\u00e9ben<\/p>\n<\/li>\n<li data-start=\"4717\" data-end=\"4772\">\n<p data-start=\"4719\" data-end=\"4772\">A protot\u00edpust\u00f3l a megb\u00edzhat\u00f3 sz\u00e1ll\u00edt\u00e1s\u00fa t\u00f6megtermel\u00e9sig<\/p>\n<\/li>\n<\/ul>\n<h2 data-start=\"4779\" data-end=\"4820\"><strong data-start=\"4782\" data-end=\"4818\">Gyakran ism\u00e9telt k\u00e9rd\u00e9sek (GYIK)<\/strong><\/h2>\n<h3 data-start=\"4822\" data-end=\"4875\"><strong data-start=\"4826\" data-end=\"4873\">1. k\u00e9rd\u00e9s: Mire haszn\u00e1lj\u00e1k a l\u00e1nckerekeket \u00e9s l\u00e1ncokat?<\/strong><\/h3>\n<p data-start=\"4876\" data-end=\"4965\">Mechanikus er\u0151t k\u00f6zvet\u00edtenek a tengelyek k\u00f6z\u00f6tt, \u00e9s a l\u00e1nchajt\u00e1s\u00fa rendszerekben hajtj\u00e1k a mozg\u00e1st.<\/p>\n<h3 data-start=\"4967\" data-end=\"5018\"><strong data-start=\"4971\" data-end=\"5016\">2. k\u00e9rd\u00e9s: Kaphatok egyedi l\u00e1nckereket vagy l\u00e1ncokat?<\/strong><\/h3>\n<p data-start=\"5019\" data-end=\"5121\">Igen. L\u00e1nckerekeket \u00e9s l\u00e1ncokat gy\u00e1rtunk a k\u00f6vetkez\u0151k alapj\u00e1n <strong data-start=\"5069\" data-end=\"5118\">rajzok, specifik\u00e1ci\u00f3k vagy OEM k\u00f6vetelm\u00e9nyek<\/strong>.<\/p>\n<h3 data-start=\"5123\" data-end=\"5166\"><strong data-start=\"5127\" data-end=\"5164\">3. k\u00e9rd\u00e9s: Milyen anyagok \u00e1llnak rendelkez\u00e9sre?<\/strong><\/h3>\n<p data-start=\"5167\" data-end=\"5301\"><strong data-start=\"5167\" data-end=\"5239\">Sz\u00e9nac\u00e9l, \u00f6tv\u00f6z\u00f6tt ac\u00e9l, rozsdamentes ac\u00e9l \u00e9s m\u0171szaki m\u0171anyagok<\/strong> a terhel\u00e9st\u0151l, a k\u00f6rnyezett\u0151l \u00e9s a korr\u00f3zi\u00f3s k\u00f6vetelm\u00e9nyekt\u0151l f\u00fcgg\u0151en.<\/p>\n<h3 data-start=\"5303\" data-end=\"5349\"><strong data-start=\"5307\" data-end=\"5347\">4. k\u00e9rd\u00e9s: Milyen l\u00e1nct\u00edpusok t\u00e1mogatottak?<\/strong><\/h3>\n<p data-start=\"5350\" data-end=\"5423\">Mi sz\u00e1ll\u00edtjuk <strong data-start=\"5360\" data-end=\"5420\">g\u00f6rg\u0151s l\u00e1ncok, szilent\/id\u0151z\u00edt\u0151 l\u00e1ncok \u00e9s sz\u00e1ll\u00edt\u00f3szalag-l\u00e1ncok<\/strong>.<\/p>\n<h3 data-start=\"5425\" data-end=\"5473\"><strong data-start=\"5429\" data-end=\"5471\">5. k\u00e9rd\u00e9s: Alkalmazhat\u00f3k-e fel\u00fcleti kezel\u00e9sek?<\/strong><\/h3>\n<p data-start=\"5474\" data-end=\"5600\">Igen. A tart\u00f3ss\u00e1g \u00e9s a korr\u00f3zi\u00f3\u00e1ll\u00f3s\u00e1g fokoz\u00e1s\u00e1ra rendelkez\u00e9sre \u00e1ll kem\u00e9ny\u00edt\u00e9s, galvaniz\u00e1l\u00e1s, bevonatol\u00e1s \u00e9s egy\u00e9b fel\u00fcletkezel\u00e9sek.<\/p>","protected":false},"excerpt":{"rendered":"<p>A Wonzh \u00e1ltal sz\u00e1ll\u00edtott l\u00e1nckerekek \u00e9s l\u00e1nckomponensek prec\u00edzi\u00f3s tervez\u00e9s\u0171 alkatr\u00e9szek, amelyeket a mechanikus er\u0151 \u00e1tvitel\u00e9re terveztek a l\u00e1nchajt\u00e1s\u00fa rendszerekben. Sz\u00e9les k\u00f6rben haszn\u00e1lj\u00e1k \u0151ket sz\u00e1ll\u00edt\u00f3szalagokban, mez\u0151gazdas\u00e1gi g\u00e9pekben, \u00e9p\u00edt\u0151ipari berendez\u00e9sekben, ipari automatiz\u00e1l\u00e1sban \u00e9s anyagmozgat\u00f3 rendszerekben.<\/p>","protected":false},"featured_media":1536,"comment_status":"open","ping_status":"closed","template":"","meta":{"site-sidebar-layout":"default","site-content-layout":"","ast-site-content-layout":"default","site-content-style":"default","site-sidebar-style":"default","ast-global-header-display":"","ast-banner-title-visibility":"","ast-main-header-display":"","ast-hfb-above-header-display":"","ast-hfb-below-header-display":"","ast-hfb-mobile-header-display":"","site-post-title":"","ast-breadcrumbs-content":"","ast-featured-img":"","footer-sml-layout":"","ast-disable-related-posts":"","theme-transparent-header-meta":"default","adv-header-id-meta":"","stick-header-meta":"default","header-above-stick-meta":"","header-main-stick-meta":"","header-below-stick-meta":"","astra-migrate-meta-layouts":"set","ast-page-background-enabled":"default","ast-page-background-meta":{"desktop":{"background-color":"","background-image":"","background-repeat":"repeat","background-position":"center center","background-size":"auto","background-attachment":"scroll","background-type":"","background-media":"","overlay-type":"","overlay-color":"","overlay-opacity":"","overlay-gradient":""},"tablet":{"background-color":"","background-image":"","background-repeat":"repeat","background-position":"center center","background-size":"auto","background-attachment":"scroll","background-type":"","background-media":"","overlay-type":"","overlay-color":"","overlay-opacity":"","overlay-gradient":""},"mobile":{"background-color":"","background-image":"","background-repeat":"repeat","background-position":"center center","background-size":"auto","background-attachment":"scroll","background-type":"","background-media":"","overlay-type":"","overlay-color":"","overlay-opacity":"","overlay-gradient":""}},"ast-content-background-meta":{"desktop":{"background-color":"var(--ast-global-color-5)","background-image":"","background-repeat":"repeat","background-position":"center center","background-size":"auto","background-attachment":"scroll","background-type":"","background-media":"","overlay-type":"","overlay-color":"","overlay-opacity":"","overlay-gradient":""},"tablet":{"background-color":"var(--ast-global-color-5)","background-image":"","background-repeat":"repeat","background-position":"center center","background-size":"auto","background-attachment":"scroll","background-type":"","background-media":"","overlay-type":"","overlay-color":"","overlay-opacity":"","overlay-gradient":""},"mobile":{"background-color":"var(--ast-global-color-5)","background-image":"","background-repeat":"repeat","background-position":"center center","background-size":"auto","background-attachment":"scroll","background-type":"","background-media":"","overlay-type":"","overlay-color":"","overlay-opacity":"","overlay-gradient":""}}},"product_brand":[],"product_cat":[25],"product_tag":[409,408,415,411,405,406,414,407,413,412,402,404,401,410,403],"class_list":{"0":"post-1476","1":"product","2":"type-product","3":"status-publish","4":"has-post-thumbnail","6":"product_cat-transmission-drive-components","7":"product_tag-alloy-steel-chains","8":"product_tag-chain-accessories","9":"product_tag-china-chain-manufacturer","10":"product_tag-cnc-machined-sprockets","11":"product_tag-conveyor-chain","12":"product_tag-custom-sprockets","13":"product_tag-heavy-duty-chains","14":"product_tag-industrial-sprockets","15":"product_tag-oem-chains","16":"product_tag-power-transmission-components","17":"product_tag-roller-chain","18":"product_tag-silent-chain","19":"product_tag-sprocket-components","20":"product_tag-stainless-steel-chains","21":"product_tag-timing-chain","22":"desktop-align-left","23":"tablet-align-left","24":"mobile-align-left","26":"first","27":"instock","28":"shipping-taxable","29":"product-type-simple"},"_links":{"self":[{"href":"https:\/\/www.wonzh.com\/hu\/wp-json\/wp\/v2\/product\/1476","targetHints":{"allow":["GET"]}}],"collection":[{"href":"https:\/\/www.wonzh.com\/hu\/wp-json\/wp\/v2\/product"}],"about":[{"href":"https:\/\/www.wonzh.com\/hu\/wp-json\/wp\/v2\/types\/product"}],"replies":[{"embeddable":true,"href":"https:\/\/www.wonzh.com\/hu\/wp-json\/wp\/v2\/comments?post=1476"}],"wp:featuredmedia":[{"embeddable":true,"href":"https:\/\/www.wonzh.com\/hu\/wp-json\/wp\/v2\/media\/1536"}],"wp:attachment":[{"href":"https:\/\/www.wonzh.com\/hu\/wp-json\/wp\/v2\/media?parent=1476"}],"wp:term":[{"taxonomy":"product_brand","embeddable":true,"href":"https:\/\/www.wonzh.com\/hu\/wp-json\/wp\/v2\/product_brand?post=1476"},{"taxonomy":"product_cat","embeddable":true,"href":"https:\/\/www.wonzh.com\/hu\/wp-json\/wp\/v2\/product_cat?post=1476"},{"taxonomy":"product_tag","embeddable":true,"href":"https:\/\/www.wonzh.com\/hu\/wp-json\/wp\/v2\/product_tag?post=1476"}],"curies":[{"name":"wp","href":"https:\/\/api.w.org\/{rel}","templated":true}]}}