{"id":1446,"date":"2026-02-03T14:22:59","date_gmt":"2026-02-03T14:22:59","guid":{"rendered":"https:\/\/www.wonzh.com\/?post_type=product&#038;p=1446"},"modified":"2026-02-04T15:05:01","modified_gmt":"2026-02-04T15:05:01","slug":"high-performance-hydraulic-seals-for-cylinders-and-fluid-power-systems","status":"publish","type":"product","link":"https:\/\/www.wonzh.com\/hu\/product\/high-performance-hydraulic-seals-for-cylinders-and-fluid-power-systems\/","title":{"rendered":"Nagy teljes\u00edtm\u00e9ny\u0171 hidraulikus t\u00f6m\u00edt\u00e9sek hengerekhez \u00e9s folyad\u00e9khajt\u00e1s\u00fa rendszerekhez"},"content":{"rendered":"<p data-start=\"555\" data-end=\"914\">A Wonzh \u00e1ltal sz\u00e1ll\u00edtott hidraulikus t\u00f6m\u00edt\u00e9sek prec\u00edzi\u00f3s tervez\u00e9s\u0171 t\u00f6m\u00edt\u0151elemek, amelyeket a folyad\u00e9ksziv\u00e1rg\u00e1s megakad\u00e1lyoz\u00e1s\u00e1ra \u00e9s a nyom\u00e1s stabilit\u00e1s\u00e1nak fenntart\u00e1s\u00e1ra terveztek hidraulikus hengerekben, szivatty\u00fakban \u00e9s folyad\u00e9khajt\u00e1s\u00fa rendszerekben. Ezek a t\u00f6m\u00edt\u00e9sek kritikus szerepet j\u00e1tszanak a dugatty\u00fak sima mozg\u00e1s\u00e1nak biztos\u00edt\u00e1s\u00e1ban, a bels\u0151 sziv\u00e1rg\u00e1s megel\u0151z\u00e9s\u00e9ben, valamint a hidraulikus rendszerek szennyez\u0151d\u00e9sekt\u0151l \u00e9s kop\u00e1st\u00f3l val\u00f3 v\u00e9delm\u00e9ben.<\/p>\n<p data-start=\"916\" data-end=\"1340\">A fejlett elasztomer \u00e9s polimer anyagokb\u00f3l, p\u00e9ld\u00e1ul PU (poliuret\u00e1n), NBR, FKM, PTFE \u00e9s PTFE kompozit vegy\u00fcletekb\u0151l gy\u00e1rtott Wonzh hidraulikus t\u00f6m\u00edt\u00e9sek kiv\u00e1l\u00f3 kop\u00e1s\u00e1ll\u00f3s\u00e1got, alacsony s\u00farl\u00f3d\u00e1si teljes\u00edtm\u00e9nyt \u00e9s nagynyom\u00e1s\u00fa tart\u00f3ss\u00e1got biztos\u00edtanak. A prec\u00edzi\u00f3s \u00f6nt\u00e9s, a CNC megmunk\u00e1l\u00e1s \u00e9s a szigor\u00fa min\u0151s\u00e9gellen\u0151rz\u00e9s biztos\u00edtja a m\u00e9retpontoss\u00e1got, a megb\u00edzhat\u00f3 t\u00f6m\u00edt\u00e9st \u00e9s a meghosszabb\u00edtott \u00e9lettartamot m\u00e9g zord \u00fczemi k\u00f6r\u00fclm\u00e9nyek k\u00f6z\u00f6tt is.<\/p>\n<p data-start=\"1342\" data-end=\"1686\">Tapasztalt ipari t\u00f6m\u00edt\u00e9ssz\u00e1ll\u00edt\u00f3k\u00e9nt a Wonzh szabv\u00e1nyos hidraulikus t\u00f6m\u00edt\u00e9si profilokat, valamint a nyom\u00e1s, sebess\u00e9g, h\u0151m\u00e9rs\u00e9klet \u00e9s folyad\u00e9kkompatibilit\u00e1si k\u00f6vetelm\u00e9nyekre szabott egyedi megold\u00e1sokat k\u00edn\u00e1l. M\u00e9rn\u00f6ki csapatunk t\u00e1mogatja a t\u00f6m\u00edt\u00e9s kiv\u00e1laszt\u00e1s\u00e1t, a horonytervez\u00e9s optimaliz\u00e1l\u00e1s\u00e1t \u00e9s az alkalmaz\u00e1s hibaelh\u00e1r\u00edt\u00e1s\u00e1t a rendszer megb\u00edzhat\u00f3s\u00e1g\u00e1nak maximaliz\u00e1l\u00e1sa \u00e9rdek\u00e9ben.<\/p>\n<h2 data-start=\"1693\" data-end=\"1712\"><strong data-start=\"1696\" data-end=\"1712\">F\u0151 jellemz\u0151k<\/strong><\/h2>\n<ul data-start=\"1714\" data-end=\"2014\">\n<li data-start=\"1714\" data-end=\"1767\">\n<p data-start=\"1716\" data-end=\"1767\">Kiv\u00e1l\u00f3 t\u00f6m\u00edt\u00e9si teljes\u00edtm\u00e9ny nagy nyom\u00e1s alatt<\/p>\n<\/li>\n<li data-start=\"1768\" data-end=\"1815\">\n<p data-start=\"1770\" data-end=\"1815\">Alacsony s\u00farl\u00f3d\u00e1s \u00e9s cs\u00f6kkentett energiafogyaszt\u00e1s<\/p>\n<\/li>\n<li data-start=\"1816\" data-end=\"1860\">\n<p data-start=\"1818\" data-end=\"1860\">Er\u0151s kop\u00e1s- \u00e9s extrud\u00e1l\u00e1si ellen\u00e1ll\u00e1s<\/p>\n<\/li>\n<li data-start=\"1861\" data-end=\"1906\">\n<p data-start=\"1863\" data-end=\"1906\">Alkalmas dinamikus oda-vissza mozg\u00e1shoz<\/p>\n<\/li>\n<li data-start=\"1907\" data-end=\"1960\">\n<p data-start=\"1909\" data-end=\"1960\">Sz\u00e9lesk\u00f6r\u0171 anyagkompatibilit\u00e1s a hidraulikafolyad\u00e9kokkal<\/p>\n<\/li>\n<li data-start=\"1961\" data-end=\"2014\">\n<p data-start=\"1963\" data-end=\"2014\">Egyedi kialak\u00edt\u00e1sok speci\u00e1lis alkalmaz\u00e1sokhoz<\/p>\n<\/li>\n<\/ul>\n<h2 data-start=\"2021\" data-end=\"2048\"><strong data-start=\"2024\" data-end=\"2048\">Tipikus alkalmaz\u00e1sok<\/strong><\/h2>\n<ul data-start=\"2050\" data-end=\"2337\">\n<li data-start=\"2050\" data-end=\"2073\">\n<p data-start=\"2052\" data-end=\"2073\">Hidraulikus hengerek<\/p>\n<\/li>\n<li data-start=\"2074\" data-end=\"2115\">\n<p data-start=\"2076\" data-end=\"2115\">Kotr\u00f3g\u00e9pek \u00e9s \u00e9p\u00edt\u0151ipari g\u00e9pek<\/p>\n<\/li>\n<li data-start=\"2116\" data-end=\"2163\">\n<p data-start=\"2118\" data-end=\"2163\">Ipari pr\u00e9sg\u00e9pek \u00e9s automatiz\u00e1l\u00e1si berendez\u00e9sek<\/p>\n<\/li>\n<li data-start=\"2164\" data-end=\"2184\">\n<p data-start=\"2166\" data-end=\"2184\">B\u00e1ny\u00e1szati g\u00e9pek<\/p>\n<\/li>\n<li data-start=\"2185\" data-end=\"2228\">\n<p data-start=\"2187\" data-end=\"2228\">Targonc\u00e1k \u00e9s anyagmozgat\u00f3 rendszerek<\/p>\n<\/li>\n<li data-start=\"2229\" data-end=\"2255\">\n<p data-start=\"2231\" data-end=\"2255\">Mez\u0151gazdas\u00e1gi berendez\u00e9sek<\/p>\n<\/li>\n<li data-start=\"2256\" data-end=\"2289\">\n<p data-start=\"2258\" data-end=\"2289\">Olaj- \u00e9s g\u00e1zhidraulikus rendszerek<\/p>\n<\/li>\n<li data-start=\"2290\" data-end=\"2337\">\n<p data-start=\"2292\" data-end=\"2337\">Mobil \u00e9s helyhez k\u00f6t\u00f6tt hidraulikus er\u0151g\u00e9pek<\/p>\n<\/li>\n<\/ul>\n<h2 data-start=\"2344\" data-end=\"2381\"><strong data-start=\"2347\" data-end=\"2381\">Hidraulikus t\u00f6m\u00edt\u00e9s t\u00edpusok<\/strong><\/h2>\n<div class=\"TyagGW_tableContainer\">\n<div class=\"group TyagGW_tableWrapper flex flex-col-reverse w-fit\" tabindex=\"-1\">\n<table class=\"w-fit min-w-(--thread-content-width)\" data-start=\"2383\" data-end=\"2809\">\n<thead data-start=\"2383\" data-end=\"2426\">\n<tr data-start=\"2383\" data-end=\"2426\">\n<th data-start=\"2383\" data-end=\"2395\" data-col-size=\"sm\">Pecs\u00e9t t\u00edpusa<\/th>\n<th data-start=\"2395\" data-end=\"2406\" data-col-size=\"md\">Funkci\u00f3<\/th>\n<th data-start=\"2406\" data-end=\"2426\" data-col-size=\"sm\">Tipikus poz\u00edci\u00f3<\/th>\n<\/tr>\n<\/thead>\n<tbody data-start=\"2441\" data-end=\"2809\">\n<tr data-start=\"2441\" data-end=\"2516\">\n<td data-start=\"2441\" data-end=\"2455\" data-col-size=\"sm\">Dugatty\u00fa t\u00f6m\u00edt\u00e9s<\/td>\n<td data-start=\"2455\" data-end=\"2497\" data-col-size=\"md\">Megakad\u00e1lyozza a dugatty\u00fa bels\u0151 sziv\u00e1rg\u00e1s\u00e1t<\/td>\n<td data-start=\"2497\" data-end=\"2516\" data-col-size=\"sm\">Bels\u0151 henger<\/td>\n<\/tr>\n<tr data-start=\"2517\" data-end=\"2591\">\n<td data-start=\"2517\" data-end=\"2528\" data-col-size=\"sm\">R\u00fadt\u00f6m\u00edt\u00e9s<\/td>\n<td data-start=\"2528\" data-end=\"2570\" data-col-size=\"md\">Megakad\u00e1lyozza a k\u00fcls\u0151 sziv\u00e1rg\u00e1st a palackb\u00f3l<\/td>\n<td data-start=\"2570\" data-end=\"2591\" data-col-size=\"sm\">Hengerr\u00fad kil\u00e9p\u00e9se<\/td>\n<\/tr>\n<tr data-start=\"2592\" data-end=\"2662\">\n<td data-start=\"2592\" data-end=\"2605\" data-col-size=\"sm\">Ablakt\u00f6rl\u0151 t\u00f6m\u00edt\u00e9s<\/td>\n<td data-start=\"2605\" data-end=\"2643\" data-col-size=\"md\">Elz\u00e1rja a port, a szennyez\u0151d\u00e9seket \u00e9s a szennyez\u0151d\u00e9seket<\/td>\n<td data-start=\"2643\" data-end=\"2662\" data-col-size=\"sm\">R\u00fad bel\u00e9p\u00e9si pont<\/td>\n<\/tr>\n<tr data-start=\"2663\" data-end=\"2728\">\n<td data-start=\"2663\" data-end=\"2676\" data-col-size=\"sm\">Vezet\u0151 gy\u0171r\u0171<\/td>\n<td data-start=\"2676\" data-end=\"2710\" data-col-size=\"md\">Megakad\u00e1lyozza a f\u00e9m-f\u00e9m \u00e9rintkez\u00e9st<\/td>\n<td data-start=\"2710\" data-end=\"2728\" data-col-size=\"sm\">Dugatty\u00fa \u00e9s r\u00fad<\/td>\n<\/tr>\n<tr data-start=\"2729\" data-end=\"2809\">\n<td data-start=\"2729\" data-end=\"2743\" data-col-size=\"sm\">Biztons\u00e1gi gy\u0171r\u0171<\/td>\n<td data-start=\"2743\" data-end=\"2789\" data-col-size=\"md\">Megakad\u00e1lyozza a t\u00f6m\u00edt\u00e9s extrud\u00e1l\u00e1s\u00e1t nagy nyom\u00e1s alatt<\/td>\n<td data-start=\"2789\" data-end=\"2809\" data-col-size=\"sm\">F\u0151 t\u00f6m\u00edt\u00e9s m\u00f6g\u00f6tt<\/td>\n<\/tr>\n<\/tbody>\n<\/table>\n<\/div>\n<\/div>\n<h2 data-start=\"2816\" data-end=\"2868\"><strong data-start=\"2819\" data-end=\"2866\">M\u0171szaki param\u00e9terek (reprezentat\u00edv tartom\u00e1ny)<\/strong><\/h2>\n<div class=\"TyagGW_tableContainer\">\n<div class=\"group TyagGW_tableWrapper flex flex-col-reverse w-fit\" tabindex=\"-1\">\n<table class=\"w-fit min-w-(--thread-content-width)\" data-start=\"2870\" data-end=\"3388\">\n<thead data-start=\"2870\" data-end=\"2907\">\n<tr data-start=\"2870\" data-end=\"2907\">\n<th data-start=\"2870\" data-end=\"2882\" data-col-size=\"sm\">Param\u00e9ter<\/th>\n<th data-start=\"2882\" data-end=\"2907\" data-col-size=\"md\">Specifik\u00e1ci\u00f3 \/ tartom\u00e1ny<\/th>\n<\/tr>\n<\/thead>\n<tbody data-start=\"2918\" data-end=\"3388\">\n<tr data-start=\"2918\" data-end=\"2967\">\n<td data-start=\"2918\" data-end=\"2930\" data-col-size=\"sm\">Pecs\u00e9t t\u00edpusa<\/td>\n<td data-start=\"2930\" data-end=\"2967\" data-col-size=\"md\">Dugatty\u00fa, r\u00fad, ablakt\u00f6rl\u0151, vezet\u0151, tartal\u00e9k<\/td>\n<\/tr>\n<tr data-start=\"2968\" data-end=\"3029\">\n<td data-start=\"2968\" data-end=\"2989\" data-col-size=\"sm\">\u00dczemi nyom\u00e1s<\/td>\n<td data-start=\"2989\" data-end=\"3029\" data-col-size=\"md\">Ak\u00e1r 40 MPa (alkalmaz\u00e1sf\u00fcgg\u0151)<\/td>\n<\/tr>\n<tr data-start=\"3030\" data-end=\"3090\">\n<td data-start=\"3030\" data-end=\"3050\" data-col-size=\"sm\">H\u0151m\u00e9rs\u00e9klet tartom\u00e1ny<\/td>\n<td data-start=\"3050\" data-end=\"3090\" data-col-size=\"md\">-40\u00b0C \u00e9s +120\u00b0C k\u00f6z\u00f6tt (anyagf\u00fcgg\u0151)<\/td>\n<\/tr>\n<tr data-start=\"3091\" data-end=\"3150\">\n<td data-start=\"3091\" data-end=\"3107\" data-col-size=\"sm\">Cs\u00fasz\u00e1si sebess\u00e9g<\/td>\n<td data-start=\"3107\" data-end=\"3150\" data-col-size=\"md\">Legfeljebb 1,0 m\/s (konfigur\u00e1ci\u00f3f\u00fcgg\u0151)<\/td>\n<\/tr>\n<tr data-start=\"3151\" data-end=\"3220\">\n<td data-start=\"3151\" data-end=\"3173\" data-col-size=\"sm\">M\u00e9dia kompatibilit\u00e1s<\/td>\n<td data-start=\"3173\" data-end=\"3220\" data-col-size=\"md\">\u00c1sv\u00e1nyolaj, v\u00edz-glikol, szintetikus folyad\u00e9kok<\/td>\n<\/tr>\n<tr data-start=\"3221\" data-end=\"3281\">\n<td data-start=\"3221\" data-end=\"3243\" data-col-size=\"sm\">El\u00e9rhet\u0151 anyagok<\/td>\n<td data-start=\"3243\" data-end=\"3281\" data-col-size=\"md\">PU, NBR, FKM, PTFE, PTFE kompozit<\/td>\n<\/tr>\n<tr data-start=\"3282\" data-end=\"3339\">\n<td data-start=\"3282\" data-end=\"3308\" data-col-size=\"sm\">Fel\u00fcleti \u00e9rdess\u00e9g (r\u00fad)<\/td>\n<td data-start=\"3308\" data-end=\"3339\" data-col-size=\"md\">Ra 0,2 - 0,4 \u03bcm aj\u00e1nlott<\/td>\n<\/tr>\n<tr data-start=\"3340\" data-end=\"3388\">\n<td data-start=\"3340\" data-end=\"3362\" data-col-size=\"sm\">T\u00e1mogatott szabv\u00e1nyok<\/td>\n<td data-start=\"3362\" data-end=\"3388\" data-col-size=\"md\">Rendelkez\u00e9sre \u00e1ll\u00f3 ISO-profilok<\/td>\n<\/tr>\n<\/tbody>\n<\/table>\n<\/div>\n<\/div>\n<h2 data-start=\"3395\" data-end=\"3426\"><strong data-start=\"3398\" data-end=\"3426\">Anyagv\u00e1laszt\u00e1si \u00fatmutat\u00f3<\/strong><\/h2>\n<div class=\"TyagGW_tableContainer\">\n<div class=\"group TyagGW_tableWrapper flex flex-col-reverse w-fit\" tabindex=\"-1\">\n<table class=\"w-fit min-w-(--thread-content-width)\" data-start=\"3428\" data-end=\"3860\">\n<thead data-start=\"3428\" data-end=\"3467\">\n<tr data-start=\"3428\" data-end=\"3467\">\n<th data-start=\"3428\" data-end=\"3439\" data-col-size=\"sm\">Anyag<\/th>\n<th data-start=\"3439\" data-end=\"3453\" data-col-size=\"sm\">Tipikus haszn\u00e1lat<\/th>\n<th data-start=\"3453\" data-end=\"3467\" data-col-size=\"sm\">El\u0151ny\u00f6k<\/th>\n<\/tr>\n<\/thead>\n<tbody data-start=\"3482\" data-end=\"3860\">\n<tr data-start=\"3482\" data-end=\"3558\">\n<td data-start=\"3482\" data-end=\"3506\" data-col-size=\"sm\"><strong data-start=\"3484\" data-end=\"3505\">PU (poliuret\u00e1n)<\/strong><\/td>\n<td data-start=\"3506\" data-end=\"3529\" data-col-size=\"sm\">Nagy teherb\u00edr\u00e1s\u00fa hengerek<\/td>\n<td data-start=\"3529\" data-end=\"3558\" data-col-size=\"sm\">Kiv\u00e1l\u00f3 kop\u00e1s\u00e1ll\u00f3s\u00e1g<\/td>\n<\/tr>\n<tr data-start=\"3559\" data-end=\"3632\">\n<td data-start=\"3559\" data-end=\"3569\" data-col-size=\"sm\"><strong data-start=\"3561\" data-end=\"3568\">NBR<\/strong><\/td>\n<td data-start=\"3569\" data-end=\"3593\" data-col-size=\"sm\">\u00c1ltal\u00e1nos hidraulikaolaj<\/td>\n<td data-start=\"3593\" data-end=\"3632\" data-col-size=\"sm\">K\u00f6lts\u00e9ghat\u00e9kony, j\u00f3 olaj\u00e1ll\u00f3s\u00e1g<\/td>\n<\/tr>\n<tr data-start=\"3633\" data-end=\"3706\">\n<td data-start=\"3633\" data-end=\"3651\" data-col-size=\"sm\"><strong data-start=\"3635\" data-end=\"3650\">FKM (Viton)<\/strong><\/td>\n<td data-start=\"3651\" data-end=\"3678\" data-col-size=\"sm\">Magas h\u0151m\u00e9rs\u00e9klet\u0171 rendszerek<\/td>\n<td data-start=\"3678\" data-end=\"3706\" data-col-size=\"sm\">Kiv\u00e1l\u00f3 h\u0151\u00e1ll\u00f3s\u00e1g<\/td>\n<\/tr>\n<tr data-start=\"3707\" data-end=\"3781\">\n<td data-start=\"3707\" data-end=\"3718\" data-col-size=\"sm\"><strong data-start=\"3709\" data-end=\"3717\">PTFE<\/strong><\/td>\n<td data-start=\"3718\" data-end=\"3746\" data-col-size=\"sm\">Alacsony s\u00farl\u00f3d\u00e1s\u00fa alkalmaz\u00e1sok<\/td>\n<td data-start=\"3746\" data-end=\"3781\" data-col-size=\"sm\">Kiv\u00e1l\u00f3 k\u00e9miai ellen\u00e1ll\u00e1s<\/td>\n<\/tr>\n<tr data-start=\"3782\" data-end=\"3860\">\n<td data-start=\"3782\" data-end=\"3803\" data-col-size=\"sm\"><strong data-start=\"3784\" data-end=\"3802\">PTFE kompozit<\/strong><\/td>\n<td data-start=\"3803\" data-end=\"3828\" data-col-size=\"sm\">Nagy terhel\u00e9s \u00e9s nagy sebess\u00e9g<\/td>\n<td data-start=\"3828\" data-end=\"3860\" data-col-size=\"sm\">Nagyon alacsony s\u00farl\u00f3d\u00e1s, hossz\u00fa \u00e9lettartam<\/td>\n<\/tr>\n<\/tbody>\n<\/table>\n<\/div>\n<\/div>\n<h2 data-start=\"3867\" data-end=\"3890\"><strong data-start=\"3870\" data-end=\"3890\">Mi\u00e9rt v\u00e1lassza a Wonzh-t<\/strong><\/h2>\n<ul data-start=\"3892\" data-end=\"4160\">\n<li data-start=\"3892\" data-end=\"3956\">\n<p data-start=\"3894\" data-end=\"3956\">Szigor\u00fa min\u0151s\u00e9gellen\u0151rz\u00e9s a nyersanyagt\u00f3l a v\u00e9gs\u0151 ellen\u0151rz\u00e9sig<\/p>\n<\/li>\n<li data-start=\"3957\" data-end=\"4008\">\n<p data-start=\"3959\" data-end=\"4008\">Szabv\u00e1nyos \u00e9s egyedi t\u00f6m\u00edt\u0151profilok sz\u00e9les v\u00e1laszt\u00e9ka<\/p>\n<\/li>\n<li data-start=\"4009\" data-end=\"4069\">\n<p data-start=\"4011\" data-end=\"4069\">M\u00e9rn\u00f6ki t\u00e1mogat\u00e1s a horonytervez\u00e9shez \u00e9s a t\u00f6m\u00edt\u00e9s kiv\u00e1laszt\u00e1s\u00e1hoz<\/p>\n<\/li>\n<li data-start=\"4070\" data-end=\"4122\">\n<p data-start=\"4072\" data-end=\"4122\">Stabil teljes\u00edtm\u00e9ny zord munkak\u00f6rnyezetben<\/p>\n<\/li>\n<li data-start=\"4123\" data-end=\"4160\">\n<p data-start=\"4125\" data-end=\"4160\">Megb\u00edzhat\u00f3 glob\u00e1lis ell\u00e1t\u00e1si k\u00e9pess\u00e9g<\/p>\n<\/li>\n<\/ul>\n<h2 data-start=\"4167\" data-end=\"4208\"><strong data-start=\"4170\" data-end=\"4206\">Gyakran ism\u00e9telt k\u00e9rd\u00e9sek (GYIK)<\/strong><\/h2>\n<h3 data-start=\"4210\" data-end=\"4258\"><strong data-start=\"4214\" data-end=\"4256\">1. k\u00e9rd\u00e9s: Mire haszn\u00e1lj\u00e1k a hidraulikus t\u00f6m\u00edt\u00e9st?<\/strong><\/h3>\n<p data-start=\"4259\" data-end=\"4400\">A hidraulikus t\u00f6m\u00edt\u00e9s megakad\u00e1lyozza a folyad\u00e9ksziv\u00e1rg\u00e1st \u00e9s fenntartja a hidraulikus hengerek \u00e9s rendszerek nyom\u00e1s\u00e1t, mik\u00f6zben lehet\u0151v\u00e9 teszi a sima oda-vissza mozg\u00e1st.<\/p>\n<h3 data-start=\"4402\" data-end=\"4472\"><strong data-start=\"4406\" data-end=\"4470\">2. k\u00e9rd\u00e9s: Mi a k\u00fcl\u00f6nbs\u00e9g a dugatty\u00fat\u00f6m\u00edt\u00e9s \u00e9s a r\u00fadt\u00f6m\u00edt\u00e9s k\u00f6z\u00f6tt?<\/strong><\/h3>\n<ul data-start=\"4473\" data-end=\"4620\">\n<li data-start=\"4473\" data-end=\"4540\">\n<p data-start=\"4475\" data-end=\"4540\"><strong data-start=\"4475\" data-end=\"4491\">Dugatty\u00fat\u00f6m\u00edt\u00e9s:<\/strong> megakad\u00e1lyozza a bels\u0151 sziv\u00e1rg\u00e1st a henger belsej\u00e9ben.<\/p>\n<\/li>\n<li data-start=\"4541\" data-end=\"4620\">\n<p data-start=\"4543\" data-end=\"4620\"><strong data-start=\"4543\" data-end=\"4556\">R\u00fadt\u00f6m\u00edt\u00e9s:<\/strong> megakad\u00e1lyozza a palackb\u00f3l a k\u00f6rnyezetbe t\u00f6rt\u00e9n\u0151 k\u00fcls\u0151 sziv\u00e1rg\u00e1st.<\/p>\n<\/li>\n<\/ul>\n<h3 data-start=\"4622\" data-end=\"4681\"><strong data-start=\"4626\" data-end=\"4679\">3. k\u00e9rd\u00e9s: M\u0171k\u00f6dhetnek-e a hidraulikus t\u00f6m\u00edt\u00e9sek nagy nyom\u00e1s alatt?<\/strong><\/h3>\n<p data-start=\"4682\" data-end=\"4785\">Igen. Megfelel\u0151 anyagv\u00e1laszt\u00e1ssal \u00e9s horonykialak\u00edt\u00e1ssal t\u00f6m\u00edt\u00e9seink megb\u00edzhat\u00f3an m\u0171k\u00f6dnek ak\u00e1r a k\u00f6vetkez\u0151kig is <strong data-start=\"4774\" data-end=\"4784\">40 MPa<\/strong>.<\/p>\n<h3 data-start=\"4787\" data-end=\"4832\"><strong data-start=\"4791\" data-end=\"4830\">4. k\u00e9rd\u00e9s: Milyen anyagot v\u00e1lasszak?<\/strong><\/h3>\n<ul data-start=\"4833\" data-end=\"4960\">\n<li data-start=\"4833\" data-end=\"4865\">\n<p data-start=\"4835\" data-end=\"4865\">Nagy ig\u00e9nybev\u00e9telhez \u2192 <strong data-start=\"4857\" data-end=\"4863\">PU<\/strong><\/p>\n<\/li>\n<li data-start=\"4866\" data-end=\"4900\">\n<p data-start=\"4868\" data-end=\"4900\">Magas h\u0151m\u00e9rs\u00e9klet eset\u00e9n \u2192 <strong data-start=\"4891\" data-end=\"4898\">FKM<\/strong><\/p>\n<\/li>\n<li data-start=\"4901\" data-end=\"4932\">\n<p data-start=\"4903\" data-end=\"4932\">Alacsony s\u00farl\u00f3d\u00e1s eset\u00e9n \u2192 <strong data-start=\"4922\" data-end=\"4930\">PTFE<\/strong><\/p>\n<\/li>\n<li data-start=\"4933\" data-end=\"4960\">\n<p data-start=\"4935\" data-end=\"4960\">\u00c1ltal\u00e1nos haszn\u00e1latra \u2192 <strong data-start=\"4953\" data-end=\"4960\">NBR<\/strong><\/p>\n<\/li>\n<\/ul>\n<h3 data-start=\"4962\" data-end=\"5004\"><strong data-start=\"4966\" data-end=\"5002\">5. k\u00e9rd\u00e9s: K\u00edn\u00e1lnak egyedi m\u00e9reteket?<\/strong><\/h3>\n<p data-start=\"5005\" data-end=\"5122\">Igen. A t\u00f6m\u00edt\u00e9seket az \u00d6n pontos hengerm\u00e9retei, nyom\u00e1sa, sebess\u00e9ge \u00e9s h\u0151m\u00e9rs\u00e9kleti k\u00f6vetelm\u00e9nyei alapj\u00e1n tudjuk legy\u00e1rtani.<\/p>","protected":false},"excerpt":{"rendered":"<p>A Wonzh \u00e1ltal sz\u00e1ll\u00edtott hidraulikus t\u00f6m\u00edt\u00e9sek prec\u00edzi\u00f3s tervez\u00e9s\u0171 t\u00f6m\u00edt\u0151elemek, amelyeket a folyad\u00e9ksziv\u00e1rg\u00e1s megakad\u00e1lyoz\u00e1s\u00e1ra \u00e9s a nyom\u00e1s stabilit\u00e1s\u00e1nak fenntart\u00e1s\u00e1ra terveztek hidraulikus hengerekben, szivatty\u00fakban \u00e9s folyad\u00e9khajt\u00e1s\u00fa rendszerekben.<\/p>","protected":false},"featured_media":1496,"comment_status":"open","ping_status":"closed","template":"","meta":{"site-sidebar-layout":"default","site-content-layout":"","ast-site-content-layout":"default","site-content-style":"default","site-sidebar-style":"default","ast-global-header-display":"","ast-banner-title-visibility":"","ast-main-header-display":"","ast-hfb-above-header-display":"","ast-hfb-below-header-display":"","ast-hfb-mobile-header-display":"","site-post-title":"","ast-breadcrumbs-content":"","ast-featured-img":"","footer-sml-layout":"","ast-disable-related-posts":"","theme-transparent-header-meta":"default","adv-header-id-meta":"","stick-header-meta":"default","header-above-stick-meta":"","header-main-stick-meta":"","header-below-stick-meta":"","astra-migrate-meta-layouts":"set","ast-page-background-enabled":"default","ast-page-background-meta":{"desktop":{"background-color":"","background-image":"","background-repeat":"repeat","background-position":"center center","background-size":"auto","background-attachment":"scroll","background-type":"","background-media":"","overlay-type":"","overlay-color":"","overlay-opacity":"","overlay-gradient":""},"tablet":{"background-color":"","background-image":"","background-repeat":"repeat","background-position":"center center","background-size":"auto","background-attachment":"scroll","background-type":"","background-media":"","overlay-type":"","overlay-color":"","overlay-opacity":"","overlay-gradient":""},"mobile":{"background-color":"","background-image":"","background-repeat":"repeat","background-position":"center center","background-size":"auto","background-attachment":"scroll","background-type":"","background-media":"","overlay-type":"","overlay-color":"","overlay-opacity":"","overlay-gradient":""}},"ast-content-background-meta":{"desktop":{"background-color":"var(--ast-global-color-5)","background-image":"","background-repeat":"repeat","background-position":"center center","background-size":"auto","background-attachment":"scroll","background-type":"","background-media":"","overlay-type":"","overlay-color":"","overlay-opacity":"","overlay-gradient":""},"tablet":{"background-color":"var(--ast-global-color-5)","background-image":"","background-repeat":"repeat","background-position":"center center","background-size":"auto","background-attachment":"scroll","background-type":"","background-media":"","overlay-type":"","overlay-color":"","overlay-opacity":"","overlay-gradient":""},"mobile":{"background-color":"var(--ast-global-color-5)","background-image":"","background-repeat":"repeat","background-position":"center center","background-size":"auto","background-attachment":"scroll","background-type":"","background-media":"","overlay-type":"","overlay-color":"","overlay-opacity":"","overlay-gradient":""}}},"product_brand":[],"product_cat":[21],"product_tag":[230,214,237,233,236,229,195,235,203,190,232,226,234,231,227,228],"class_list":{"0":"post-1446","1":"product","2":"type-product","3":"status-publish","4":"has-post-thumbnail","6":"product_cat-sealing-parts-sealing-systems","7":"product_tag-backup-ring","8":"product_tag-china-seal-manufacturer","9":"product_tag-custom-hydraulic-seal","10":"product_tag-fkm-hydraulic-seal","11":"product_tag-fluid-power-seal","12":"product_tag-guide-ring","13":"product_tag-high-pressure-seal","14":"product_tag-hydraulic-cylinder-seal","15":"product_tag-hydraulic-seal","16":"product_tag-industrial-sealing","17":"product_tag-nbr-hydraulic-seal","18":"product_tag-piston-seal","19":"product_tag-ptfe-hydraulic-seal","20":"product_tag-pu-hydraulic-seal","21":"product_tag-rod-seal","22":"product_tag-wiper-seal","23":"desktop-align-left","24":"tablet-align-left","25":"mobile-align-left","27":"first","28":"instock","29":"shipping-taxable","30":"product-type-simple"},"_links":{"self":[{"href":"https:\/\/www.wonzh.com\/hu\/wp-json\/wp\/v2\/product\/1446","targetHints":{"allow":["GET"]}}],"collection":[{"href":"https:\/\/www.wonzh.com\/hu\/wp-json\/wp\/v2\/product"}],"about":[{"href":"https:\/\/www.wonzh.com\/hu\/wp-json\/wp\/v2\/types\/product"}],"replies":[{"embeddable":true,"href":"https:\/\/www.wonzh.com\/hu\/wp-json\/wp\/v2\/comments?post=1446"}],"wp:featuredmedia":[{"embeddable":true,"href":"https:\/\/www.wonzh.com\/hu\/wp-json\/wp\/v2\/media\/1496"}],"wp:attachment":[{"href":"https:\/\/www.wonzh.com\/hu\/wp-json\/wp\/v2\/media?parent=1446"}],"wp:term":[{"taxonomy":"product_brand","embeddable":true,"href":"https:\/\/www.wonzh.com\/hu\/wp-json\/wp\/v2\/product_brand?post=1446"},{"taxonomy":"product_cat","embeddable":true,"href":"https:\/\/www.wonzh.com\/hu\/wp-json\/wp\/v2\/product_cat?post=1446"},{"taxonomy":"product_tag","embeddable":true,"href":"https:\/\/www.wonzh.com\/hu\/wp-json\/wp\/v2\/product_tag?post=1446"}],"curies":[{"name":"wp","href":"https:\/\/api.w.org\/{rel}","templated":true}]}}