{"id":1443,"date":"2026-02-03T14:19:35","date_gmt":"2026-02-03T14:19:35","guid":{"rendered":"https:\/\/www.wonzh.com\/?post_type=product&#038;p=1443"},"modified":"2026-02-04T14:34:09","modified_gmt":"2026-02-04T14:34:09","slug":"industrial-o-ring-seals-for-static-and-dynamic-sealing-applications","status":"publish","type":"product","link":"https:\/\/www.wonzh.com\/hu\/product\/industrial-o-ring-seals-for-static-and-dynamic-sealing-applications\/","title":{"rendered":"Ipari O-gy\u0171r\u0171s t\u00f6m\u00edt\u00e9sek statikus \u00e9s dinamikus t\u00f6m\u00edt\u00e9si alkalmaz\u00e1sokhoz"},"content":{"rendered":"<p data-start=\"542\" data-end=\"933\">A Wonzh \u00e1ltal sz\u00e1ll\u00edtott O-gy\u0171r\u0171s t\u00f6m\u00edt\u00e9sek nagy teljes\u00edtm\u00e9ny\u0171 elasztomer t\u00f6m\u00edt\u0151elemek, amelyeket folyad\u00e9kok, g\u00e1zok \u00e9s egy\u00e9b k\u00f6zegek sziv\u00e1rg\u00e1s\u00e1nak megakad\u00e1lyoz\u00e1s\u00e1ra terveztek statikus \u00e9s dinamikus alkalmaz\u00e1sokban egyar\u00e1nt. Az egyszer\u0171 k\u00f6r keresztmetszet\u0171 O-gy\u0171r\u0171k hat\u00e9kony t\u00f6m\u00edt\u00e9st biztos\u00edtanak a t\u00f6m\u00f6r\u00edt\u00e9s hat\u00e1s\u00e1ra bek\u00f6vetkez\u0151 rugalmas deform\u00e1ci\u00f3 r\u00e9v\u00e9n, \u00edgy az ipari berendez\u00e9sekben az egyik legsz\u00e9lesebb k\u00f6rben haszn\u00e1lt t\u00f6m\u00edt\u00e9si megold\u00e1s.<\/p>\n<p data-start=\"935\" data-end=\"1293\">A pr\u00e9mium elasztomer anyagokb\u00f3l, mint p\u00e9ld\u00e1ul NBR, FKM (Viton), EPDM, szilikon \u00e9s PTFE kapszul\u00e1zott vegy\u00fcletekb\u0151l gy\u00e1rtott Wonzh O-gy\u0171r\u0171k kiv\u00e1l\u00f3 h\u0151-, olaj-, vegyszer- \u00e9s kop\u00e1s\u00e1ll\u00f3s\u00e1got biztos\u00edtanak. A prec\u00edzi\u00f3s \u00f6nt\u00e9s \u00e9s a szigor\u00fa min\u0151s\u00e9gellen\u0151rz\u00e9s biztos\u00edtja a m\u00e9retpontoss\u00e1got, a hossz\u00fa \u00e9lettartamot \u00e9s a stabil t\u00f6m\u00edt\u00e9si teljes\u00edtm\u00e9nyt v\u00e1ltoz\u00f3 \u00fczemi k\u00f6r\u00fclm\u00e9nyek k\u00f6z\u00f6tt.<\/p>\n<p data-start=\"1295\" data-end=\"1694\">Tapasztalt ipari t\u00f6m\u00edt\u0151anyag-sz\u00e1ll\u00edt\u00f3k\u00e9nt a Wonzh szabv\u00e1nyos m\u00e9reteket, metrikus \u00e9s h\u00fcvelykes m\u00e9reteket, valamint egyedi O-gy\u0171r\u0171s megold\u00e1sokat k\u00edn\u00e1l, amelyeket a konkr\u00e9t nyom\u00e1s-, h\u0151m\u00e9rs\u00e9klet- \u00e9s m\u00e9diakompatibilit\u00e1si k\u00f6vetelm\u00e9nyekre szabnak. M\u00e9rn\u00f6ki csapatunk t\u00e1mogatja az anyagv\u00e1laszt\u00e1st, a horonytervez\u00e9si aj\u00e1nl\u00e1sokat \u00e9s az alkalmaz\u00e1s optimaliz\u00e1l\u00e1s\u00e1t, hogy biztos\u00edtsa a megb\u00edzhat\u00f3 teljes\u00edtm\u00e9nyt a val\u00f3s m\u0171k\u00f6d\u00e9si k\u00f6rnyezetben.<\/p>\n<h2 data-start=\"1701\" data-end=\"1720\"><strong data-start=\"1704\" data-end=\"1720\">F\u0151 jellemz\u0151k<\/strong><\/h2>\n<ul data-start=\"1722\" data-end=\"2041\">\n<li data-start=\"1722\" data-end=\"1790\">\n<p data-start=\"1724\" data-end=\"1790\">Kiv\u00e1l\u00f3 t\u00f6m\u00edt\u00e9si teljes\u00edtm\u00e9ny statikus \u00e9s dinamikus alkalmaz\u00e1sokban<\/p>\n<\/li>\n<li data-start=\"1791\" data-end=\"1862\">\n<p data-start=\"1793\" data-end=\"1862\">Anyagv\u00e1laszt\u00e9k sz\u00e9les v\u00e1laszt\u00e9ka k\u00fcl\u00f6nb\u00f6z\u0151 k\u00f6zegekhez \u00e9s h\u0151m\u00e9rs\u00e9kletekhez<\/p>\n<\/li>\n<li data-start=\"1863\" data-end=\"1907\">\n<p data-start=\"1865\" data-end=\"1907\">Nagyfok\u00fa rugalmass\u00e1g \u00e9s kompresszi\u00f3visszanyer\u00e9s<\/p>\n<\/li>\n<li data-start=\"1908\" data-end=\"1958\">\n<p data-start=\"1910\" data-end=\"1958\">Er\u0151s ellen\u00e1ll\u00e1s az olajjal, vegyszerekkel \u00e9s \u00f6reged\u00e9ssel szemben<\/p>\n<\/li>\n<li data-start=\"1959\" data-end=\"2000\">\n<p data-start=\"1961\" data-end=\"2000\">K\u00f6nny\u0171 telep\u00edt\u00e9s \u00e9s alacsony karbantart\u00e1s<\/p>\n<\/li>\n<li data-start=\"2001\" data-end=\"2041\">\n<p data-start=\"2003\" data-end=\"2041\">Egyedi m\u00e9retek \u00e9s anyagok el\u00e9rhet\u0151ek<\/p>\n<\/li>\n<\/ul>\n<h2 data-start=\"2048\" data-end=\"2075\"><strong data-start=\"2051\" data-end=\"2075\">Tipikus alkalmaz\u00e1sok<\/strong><\/h2>\n<ul data-start=\"2077\" data-end=\"2357\">\n<li data-start=\"2077\" data-end=\"2112\">\n<p data-start=\"2079\" data-end=\"2112\">Hidraulikus \u00e9s pneumatikus rendszerek<\/p>\n<\/li>\n<li data-start=\"2113\" data-end=\"2133\">\n<p data-start=\"2115\" data-end=\"2133\">Szivatty\u00fak \u00e9s szelepek<\/p>\n<\/li>\n<li data-start=\"2134\" data-end=\"2172\">\n<p data-start=\"2136\" data-end=\"2172\">Ipari g\u00e9pek \u00e9s berendez\u00e9sek<\/p>\n<\/li>\n<li data-start=\"2173\" data-end=\"2198\">\n<p data-start=\"2175\" data-end=\"2198\">Aut\u00f3ipari alkatr\u00e9szek<\/p>\n<\/li>\n<li data-start=\"2199\" data-end=\"2232\">\n<p data-start=\"2201\" data-end=\"2232\">K\u00e9miai feldolgoz\u00f3 berendez\u00e9sek<\/p>\n<\/li>\n<li data-start=\"2233\" data-end=\"2294\">\n<p data-start=\"2235\" data-end=\"2294\">\u00c9lelmiszer- \u00e9s italgy\u00e1rt\u00f3 g\u00e9pek (FDA-min\u0151s\u00edt\u00e9s\u0171 opci\u00f3k \u00e1llnak rendelkez\u00e9sre)<\/p>\n<\/li>\n<li data-start=\"2295\" data-end=\"2322\">\n<p data-start=\"2297\" data-end=\"2322\">V\u00edzkezel\u0151 rendszerek<\/p>\n<\/li>\n<li data-start=\"2323\" data-end=\"2357\">\n<p data-start=\"2325\" data-end=\"2357\">Rep\u00fcl\u0151g\u00e9pek \u00e9s energetikai berendez\u00e9sek<\/p>\n<\/li>\n<\/ul>\n<h2 data-start=\"2364\" data-end=\"2416\"><strong data-start=\"2367\" data-end=\"2414\">M\u0171szaki param\u00e9terek (reprezentat\u00edv tartom\u00e1ny)<\/strong><\/h2>\n<div class=\"TyagGW_tableContainer\">\n<div class=\"group TyagGW_tableWrapper flex flex-col-reverse w-fit\" tabindex=\"-1\">\n<table class=\"w-fit min-w-(--thread-content-width)\" data-start=\"2418\" data-end=\"2984\">\n<thead data-start=\"2418\" data-end=\"2455\">\n<tr data-start=\"2418\" data-end=\"2455\">\n<th data-start=\"2418\" data-end=\"2430\" data-col-size=\"sm\">Param\u00e9ter<\/th>\n<th data-start=\"2430\" data-end=\"2455\" data-col-size=\"md\">Specifik\u00e1ci\u00f3 \/ tartom\u00e1ny<\/th>\n<\/tr>\n<\/thead>\n<tbody data-start=\"2466\" data-end=\"2984\">\n<tr data-start=\"2466\" data-end=\"2505\">\n<td data-start=\"2466\" data-end=\"2478\" data-col-size=\"sm\">Pecs\u00e9t t\u00edpusa<\/td>\n<td data-start=\"2478\" data-end=\"2505\" data-col-size=\"md\">O-gy\u0171r\u0171 (elasztomer t\u00f6m\u00edt\u00e9s)<\/td>\n<\/tr>\n<tr data-start=\"2506\" data-end=\"2558\">\n<td data-start=\"2506\" data-end=\"2522\" data-col-size=\"sm\">Keresztmetszet<\/td>\n<td data-start=\"2522\" data-end=\"2558\" data-col-size=\"md\">1,0 - 10,0 mm (egyedi rendel\u00e9s)<\/td>\n<\/tr>\n<tr data-start=\"2559\" data-end=\"2613\">\n<td data-start=\"2559\" data-end=\"2576\" data-col-size=\"sm\">Bels\u0151 \u00e1tm\u00e9r\u0151<\/td>\n<td data-start=\"2576\" data-end=\"2613\" data-col-size=\"md\">2 mm - 1000 mm (egyedi rendel\u00e9s)<\/td>\n<\/tr>\n<tr data-start=\"2614\" data-end=\"2667\">\n<td data-start=\"2614\" data-end=\"2635\" data-col-size=\"sm\">Kem\u00e9nys\u00e9g (Shore A)<\/td>\n<td data-start=\"2635\" data-end=\"2667\" data-col-size=\"md\">60 - 90 (anyagf\u00fcgg\u0151)<\/td>\n<\/tr>\n<tr data-start=\"2668\" data-end=\"2728\">\n<td data-start=\"2668\" data-end=\"2688\" data-col-size=\"sm\">H\u0151m\u00e9rs\u00e9klet tartom\u00e1ny<\/td>\n<td data-start=\"2688\" data-end=\"2728\" data-col-size=\"md\">-40\u00b0C \u00e9s +250\u00b0C k\u00f6z\u00f6tt (anyagf\u00fcgg\u0151)<\/td>\n<\/tr>\n<tr data-start=\"2729\" data-end=\"2795\">\n<td data-start=\"2729\" data-end=\"2751\" data-col-size=\"sm\">Nyom\u00e1s ellen\u00e1ll\u00e1s<\/td>\n<td data-start=\"2751\" data-end=\"2795\" data-col-size=\"md\">Ak\u00e1r 40 MPa (megfelel\u0151 horonykialak\u00edt\u00e1ssal)<\/td>\n<\/tr>\n<tr data-start=\"2796\" data-end=\"2865\">\n<td data-start=\"2796\" data-end=\"2818\" data-col-size=\"sm\">El\u00e9rhet\u0151 anyagok<\/td>\n<td data-start=\"2818\" data-end=\"2865\" data-col-size=\"md\">NBR, FKM, EPDM, szilikon, PTFE-kapszul\u00e1zott NBR, FKM, EPDM, PTFE<\/td>\n<\/tr>\n<tr data-start=\"2866\" data-end=\"2937\">\n<td data-start=\"2866\" data-end=\"2882\" data-col-size=\"sm\">Sz\u00ednv\u00e1laszt\u00e9k<\/td>\n<td data-start=\"2882\" data-end=\"2937\" data-col-size=\"md\">Fekete, barna, z\u00f6ld, piros, k\u00e9k (anyagf\u00fcgg\u0151)<\/td>\n<\/tr>\n<tr data-start=\"2938\" data-end=\"2984\">\n<td data-start=\"2938\" data-end=\"2960\" data-col-size=\"sm\">T\u00e1mogatott szabv\u00e1nyok<\/td>\n<td data-start=\"2960\" data-end=\"2984\" data-col-size=\"md\">ISO 3601, AS568, DIN<\/td>\n<\/tr>\n<\/tbody>\n<\/table>\n<\/div>\n<\/div>\n<h2 data-start=\"2991\" data-end=\"3037\"><strong data-start=\"2994\" data-end=\"3037\">Reprezentat\u00edv anyagv\u00e1laszt\u00e1si \u00fatmutat\u00f3<\/strong><\/h2>\n<div class=\"TyagGW_tableContainer\">\n<div class=\"group TyagGW_tableWrapper flex flex-col-reverse w-fit\" tabindex=\"-1\">\n<table class=\"w-fit min-w-(--thread-content-width)\" data-start=\"3039\" data-end=\"3513\">\n<thead data-start=\"3039\" data-end=\"3078\">\n<tr data-start=\"3039\" data-end=\"3078\">\n<th data-start=\"3039\" data-end=\"3050\" data-col-size=\"sm\">Anyag<\/th>\n<th data-start=\"3050\" data-end=\"3064\" data-col-size=\"sm\">Tipikus haszn\u00e1lat<\/th>\n<th data-start=\"3064\" data-end=\"3078\" data-col-size=\"sm\">El\u0151ny\u00f6k<\/th>\n<\/tr>\n<\/thead>\n<tbody data-start=\"3093\" data-end=\"3513\">\n<tr data-start=\"3093\" data-end=\"3173\">\n<td data-start=\"3093\" data-end=\"3108\" data-col-size=\"sm\">NBR (Buna-N)<\/td>\n<td data-start=\"3108\" data-end=\"3129\" data-col-size=\"sm\">Olaj- \u00e9s \u00fczemanyagrendszerek<\/td>\n<td data-start=\"3129\" data-end=\"3173\" data-col-size=\"sm\">Kiv\u00e1l\u00f3 olaj\u00e1ll\u00f3s\u00e1g, k\u00f6lts\u00e9ghat\u00e9kony<\/td>\n<\/tr>\n<tr data-start=\"3174\" data-end=\"3272\">\n<td data-start=\"3174\" data-end=\"3188\" data-col-size=\"sm\">FKM (Viton)<\/td>\n<td data-start=\"3188\" data-end=\"3231\" data-col-size=\"sm\">Magas h\u0151m\u00e9rs\u00e9klet\u0171 \u00e9s k\u00e9miai k\u00f6rnyezet<\/td>\n<td data-start=\"3231\" data-end=\"3272\" data-col-size=\"sm\">Kiv\u00e1l\u00f3 h\u0151- \u00e9s vegyszer\u00e1ll\u00f3s\u00e1g<\/td>\n<\/tr>\n<tr data-start=\"3273\" data-end=\"3351\">\n<td data-start=\"3273\" data-end=\"3280\" data-col-size=\"sm\">EPDM<\/td>\n<td data-start=\"3280\" data-end=\"3309\" data-col-size=\"sm\">V\u00edz \u00e9s g\u0151z alkalmaz\u00e1sok<\/td>\n<td data-start=\"3309\" data-end=\"3351\" data-col-size=\"sm\">Kiv\u00e1l\u00f3 id\u0151j\u00e1r\u00e1s- \u00e9s \u00f3zon\u00e1ll\u00f3s\u00e1g<\/td>\n<\/tr>\n<tr data-start=\"3352\" data-end=\"3434\">\n<td data-start=\"3352\" data-end=\"3363\" data-col-size=\"sm\">Szilikon<\/td>\n<td data-start=\"3363\" data-end=\"3390\" data-col-size=\"sm\">\u00c9lelmiszerek \u00e9s orvosi berendez\u00e9sek<\/td>\n<td data-start=\"3390\" data-end=\"3434\" data-col-size=\"sm\">Nagy rugalmass\u00e1g, sz\u00e9les h\u0151m\u00e9rs\u00e9kleti tartom\u00e1ny<\/td>\n<\/tr>\n<tr data-start=\"3435\" data-end=\"3513\">\n<td data-start=\"3435\" data-end=\"3455\" data-col-size=\"sm\">PTFE-kapszul\u00e1zott<\/td>\n<td data-start=\"3455\" data-end=\"3478\" data-col-size=\"sm\">Kem\u00e9ny k\u00e9miai k\u00f6zeg<\/td>\n<td data-start=\"3478\" data-end=\"3513\" data-col-size=\"sm\">Kiv\u00e1l\u00f3 k\u00e9miai ellen\u00e1ll\u00e1s<\/td>\n<\/tr>\n<\/tbody>\n<\/table>\n<\/div>\n<\/div>\n<h2 data-start=\"3520\" data-end=\"3543\"><strong data-start=\"3523\" data-end=\"3543\">Mi\u00e9rt v\u00e1lassza a Wonzh-t<\/strong><\/h2>\n<ul data-start=\"3545\" data-end=\"3803\">\n<li data-start=\"3545\" data-end=\"3598\">\n<p data-start=\"3547\" data-end=\"3598\">Szigor\u00fa min\u0151s\u00e9gellen\u0151rz\u00e9s \u00e9s m\u00e9retellen\u0151rz\u00e9s<\/p>\n<\/li>\n<li data-start=\"3599\" data-end=\"3651\">\n<p data-start=\"3601\" data-end=\"3651\">Sz\u00e9les anyagportf\u00f3li\u00f3 k\u00fcl\u00f6nb\u00f6z\u0151 ipar\u00e1gak sz\u00e1m\u00e1ra<\/p>\n<\/li>\n<li data-start=\"3652\" data-end=\"3693\">\n<p data-start=\"3654\" data-end=\"3693\">Szabv\u00e1nyos \u00e9s egyedi m\u00e9retek el\u00e9rhet\u0151s\u00e9ge<\/p>\n<\/li>\n<li data-start=\"3694\" data-end=\"3757\">\n<p data-start=\"3696\" data-end=\"3757\">M\u00e9rn\u00f6ki t\u00e1mogat\u00e1s a horonytervez\u00e9shez \u00e9s az anyagilleszt\u00e9shez<\/p>\n<\/li>\n<li data-start=\"3758\" data-end=\"3803\">\n<p data-start=\"3760\" data-end=\"3803\">Stabil ell\u00e1t\u00e1si l\u00e1nc \u00e9s megb\u00edzhat\u00f3 sz\u00e1ll\u00edt\u00e1s<\/p>\n<\/li>\n<\/ul>\n<h2 data-start=\"3810\" data-end=\"3851\"><strong data-start=\"3813\" data-end=\"3849\">Gyakran ism\u00e9telt k\u00e9rd\u00e9sek (GYIK)<\/strong><\/h2>\n<h3 data-start=\"3853\" data-end=\"3894\"><strong data-start=\"3857\" data-end=\"3892\">1. k\u00e9rd\u00e9s: Mire haszn\u00e1lj\u00e1k az O-gy\u0171r\u0171t?<\/strong><\/h3>\n<p data-start=\"3895\" data-end=\"4020\">Az O-gy\u0171r\u0171 k\u00e9t illeszked\u0151 fel\u00fclet k\u00f6z\u00f6tti sziv\u00e1rg\u00e1s megakad\u00e1lyoz\u00e1s\u00e1ra szolg\u00e1l az\u00e1ltal, hogy t\u00f6m\u00f6r\u00edtett t\u00f6m\u00edt\u00e9st hoz l\u00e9tre, amely megakad\u00e1lyozza a folyad\u00e9k vagy g\u00e1z \u00e1raml\u00e1s\u00e1t.<\/p>\n<h3 data-start=\"4022\" data-end=\"4067\"><strong data-start=\"4026\" data-end=\"4065\">2. k\u00e9rd\u00e9s: Milyen anyagot v\u00e1lasszak?<\/strong><\/h3>\n<ul data-start=\"4068\" data-end=\"4247\">\n<li data-start=\"4068\" data-end=\"4098\">\n<p data-start=\"4070\" data-end=\"4098\">Olaj \u00e9s \u00fczemanyag eset\u00e9ben \u2192 <strong data-start=\"4089\" data-end=\"4096\">NBR<\/strong><\/p>\n<\/li>\n<li data-start=\"4099\" data-end=\"4154\">\n<p data-start=\"4101\" data-end=\"4154\">Magas h\u0151m\u00e9rs\u00e9klet vagy vegyi anyagok eset\u00e9n \u2192 <strong data-start=\"4137\" data-end=\"4152\">FKM (Viton)<\/strong><\/p>\n<\/li>\n<li data-start=\"4155\" data-end=\"4185\">\n<p data-start=\"4157\" data-end=\"4185\">V\u00edz\/g\u0151z eset\u00e9n \u2192 <strong data-start=\"4175\" data-end=\"4183\">EPDM<\/strong><\/p>\n<\/li>\n<li data-start=\"4186\" data-end=\"4247\">\n<p data-start=\"4188\" data-end=\"4247\">\u00c9lelmiszeripari felhaszn\u00e1l\u00e1s eset\u00e9n \u2192 <strong data-start=\"4209\" data-end=\"4247\">Szilikon vagy FDA \u00e1ltal j\u00f3v\u00e1hagyott anyagok<\/strong><\/p>\n<\/li>\n<\/ul>\n<h3 data-start=\"4249\" data-end=\"4308\"><strong data-start=\"4253\" data-end=\"4306\">3. k\u00e9rd\u00e9s: Haszn\u00e1lhat\u00f3k-e O-gy\u0171r\u0171k nagynyom\u00e1s\u00fa rendszerekben?<\/strong><\/h3>\n<p data-start=\"4309\" data-end=\"4403\">Igen. Megfelel\u0151 horonykialak\u00edt\u00e1ssal \u00e9s tartal\u00e9kgy\u0171r\u0171kkel az O-gy\u0171r\u0171k ak\u00e1r 40 MPa nyom\u00e1st is kib\u00edrnak.<\/p>\n<h3 data-start=\"4405\" data-end=\"4447\"><strong data-start=\"4409\" data-end=\"4445\">4. k\u00e9rd\u00e9s: Biztos\u00edtanak egyedi m\u00e9reteket?<\/strong><\/h3>\n<p data-start=\"4448\" data-end=\"4558\">Igen. Az \u00d6n ig\u00e9nyei alapj\u00e1n egyedi \u00e1tm\u00e9r\u0151j\u0171, keresztmetszet\u0171 \u00e9s anyag\u00fa O-gy\u0171r\u0171ket tudunk gy\u00e1rtani.<\/p>\n<h3 data-start=\"4560\" data-end=\"4598\"><strong data-start=\"4564\" data-end=\"4596\">5. k\u00e9rd\u00e9s: T\u00e1mogatottak a szabv\u00e1nyok?<\/strong><\/h3>\n<p data-start=\"4599\" data-end=\"4658\">Igen. Megfelel\u00fcnk a <strong data-start=\"4619\" data-end=\"4647\">ISO 3601, AS568 \u00e9s DIN szabv\u00e1nyok<\/strong> szabv\u00e1nyok.<\/p>","protected":false},"excerpt":{"rendered":"<p>A Wonzh \u00e1ltal sz\u00e1ll\u00edtott O-gy\u0171r\u0171s t\u00f6m\u00edt\u00e9sek nagy teljes\u00edtm\u00e9ny\u0171 elasztomer t\u00f6m\u00edt\u0151elemek, amelyeket folyad\u00e9kok, g\u00e1zok \u00e9s egy\u00e9b k\u00f6zegek sziv\u00e1rg\u00e1s\u00e1nak megakad\u00e1lyoz\u00e1s\u00e1ra terveztek statikus \u00e9s dinamikus alkalmaz\u00e1sokban egyar\u00e1nt.<\/p>","protected":false},"featured_media":1487,"comment_status":"open","ping_status":"closed","template":"","meta":{"site-sidebar-layout":"default","site-content-layout":"","ast-site-content-layout":"default","site-content-style":"default","site-sidebar-style":"default","ast-global-header-display":"","ast-banner-title-visibility":"","ast-main-header-display":"","ast-hfb-above-header-display":"","ast-hfb-below-header-display":"","ast-hfb-mobile-header-display":"","site-post-title":"","ast-breadcrumbs-content":"","ast-featured-img":"","footer-sml-layout":"","ast-disable-related-posts":"","theme-transparent-header-meta":"default","adv-header-id-meta":"","stick-header-meta":"default","header-above-stick-meta":"","header-main-stick-meta":"","header-below-stick-meta":"","astra-migrate-meta-layouts":"set","ast-page-background-enabled":"default","ast-page-background-meta":{"desktop":{"background-color":"","background-image":"","background-repeat":"repeat","background-position":"center center","background-size":"auto","background-attachment":"scroll","background-type":"","background-media":"","overlay-type":"","overlay-color":"","overlay-opacity":"","overlay-gradient":""},"tablet":{"background-color":"","background-image":"","background-repeat":"repeat","background-position":"center center","background-size":"auto","background-attachment":"scroll","background-type":"","background-media":"","overlay-type":"","overlay-color":"","overlay-opacity":"","overlay-gradient":""},"mobile":{"background-color":"","background-image":"","background-repeat":"repeat","background-position":"center center","background-size":"auto","background-attachment":"scroll","background-type":"","background-media":"","overlay-type":"","overlay-color":"","overlay-opacity":"","overlay-gradient":""}},"ast-content-background-meta":{"desktop":{"background-color":"var(--ast-global-color-5)","background-image":"","background-repeat":"repeat","background-position":"center center","background-size":"auto","background-attachment":"scroll","background-type":"","background-media":"","overlay-type":"","overlay-color":"","overlay-opacity":"","overlay-gradient":""},"tablet":{"background-color":"var(--ast-global-color-5)","background-image":"","background-repeat":"repeat","background-position":"center center","background-size":"auto","background-attachment":"scroll","background-type":"","background-media":"","overlay-type":"","overlay-color":"","overlay-opacity":"","overlay-gradient":""},"mobile":{"background-color":"var(--ast-global-color-5)","background-image":"","background-repeat":"repeat","background-position":"center center","background-size":"auto","background-attachment":"scroll","background-type":"","background-media":"","overlay-type":"","overlay-color":"","overlay-opacity":"","overlay-gradient":""}}},"product_brand":[],"product_cat":[21],"product_tag":[212,214,213,205,202,208,207,203,190,211,206,201,210,209,204],"class_list":{"0":"post-1443","1":"product","2":"type-product","3":"status-publish","4":"has-post-thumbnail","6":"product_cat-sealing-parts-sealing-systems","7":"product_tag-as568-o-ring","8":"product_tag-china-seal-manufacturer","9":"product_tag-custom-o-rings","10":"product_tag-dynamic-seal","11":"product_tag-elastomer-seal","12":"product_tag-epdm-o-ring","13":"product_tag-fkm-o-ring","14":"product_tag-hydraulic-seal","15":"product_tag-industrial-sealing","16":"product_tag-iso-3601-o-ring","17":"product_tag-nbr-o-ring","18":"product_tag-o-ring-seal","19":"product_tag-ptfe-encapsulated-o-ring","20":"product_tag-silicone-o-ring","21":"product_tag-static-seal","22":"desktop-align-left","23":"tablet-align-left","24":"mobile-align-left","26":"first","27":"instock","28":"shipping-taxable","29":"product-type-simple"},"_links":{"self":[{"href":"https:\/\/www.wonzh.com\/hu\/wp-json\/wp\/v2\/product\/1443","targetHints":{"allow":["GET"]}}],"collection":[{"href":"https:\/\/www.wonzh.com\/hu\/wp-json\/wp\/v2\/product"}],"about":[{"href":"https:\/\/www.wonzh.com\/hu\/wp-json\/wp\/v2\/types\/product"}],"replies":[{"embeddable":true,"href":"https:\/\/www.wonzh.com\/hu\/wp-json\/wp\/v2\/comments?post=1443"}],"wp:featuredmedia":[{"embeddable":true,"href":"https:\/\/www.wonzh.com\/hu\/wp-json\/wp\/v2\/media\/1487"}],"wp:attachment":[{"href":"https:\/\/www.wonzh.com\/hu\/wp-json\/wp\/v2\/media?parent=1443"}],"wp:term":[{"taxonomy":"product_brand","embeddable":true,"href":"https:\/\/www.wonzh.com\/hu\/wp-json\/wp\/v2\/product_brand?post=1443"},{"taxonomy":"product_cat","embeddable":true,"href":"https:\/\/www.wonzh.com\/hu\/wp-json\/wp\/v2\/product_cat?post=1443"},{"taxonomy":"product_tag","embeddable":true,"href":"https:\/\/www.wonzh.com\/hu\/wp-json\/wp\/v2\/product_tag?post=1443"}],"curies":[{"name":"wp","href":"https:\/\/api.w.org\/{rel}","templated":true}]}}