{"id":1440,"date":"2026-02-02T15:44:39","date_gmt":"2026-02-02T15:44:39","guid":{"rendered":"https:\/\/www.wonzh.com\/?post_type=product&#038;p=1440"},"modified":"2026-02-02T15:44:40","modified_gmt":"2026-02-02T15:44:40","slug":"custom-industrial-bearings-for-specialized-machinery-and-heavy-duty-applications","status":"publish","type":"product","link":"https:\/\/www.wonzh.com\/hu\/product\/custom-industrial-bearings-for-specialized-machinery-and-heavy-duty-applications\/","title":{"rendered":"Egyedi ipari csap\u00e1gyak speci\u00e1lis g\u00e9pekhez \u00e9s nagy teherb\u00edr\u00e1s\u00fa alkalmaz\u00e1sokhoz"},"content":{"rendered":"<p data-start=\"487\" data-end=\"823\">A Wonzh egyedi ipari csap\u00e1gyakat \u00fagy tervezt\u00e9k, hogy megfeleljenek a speci\u00e1lis g\u00e9pek, nagy teherb\u00edr\u00e1s\u00fa berendez\u00e9sek \u00e9s nagy teljes\u00edtm\u00e9ny\u0171 ipari alkalmaz\u00e1sok egyedi ig\u00e9nyeinek. A pontoss\u00e1gra, tart\u00f3ss\u00e1gra \u00e9s megb\u00edzhat\u00f3s\u00e1gra tervezett csap\u00e1gyak m\u00e9ret, anyag, terhelhet\u0151s\u00e9g, bels\u0151 h\u00e9zag \u00e9s t\u00f6m\u00edt\u00e9si lehet\u0151s\u00e9gek tekintet\u00e9ben testre szabhat\u00f3k.<\/p>\n<p data-start=\"825\" data-end=\"1143\">A kiv\u00e1l\u00f3 min\u0151s\u00e9g\u0171 csap\u00e1gyac\u00e9lokb\u00f3l, p\u00e9ld\u00e1ul GCr15 (AISI 52100 egyen\u00e9rt\u00e9k\u0171), rozsdamentes ac\u00e9lb\u00f3l vagy speci\u00e1lis \u00f6tv\u00f6z\u00f6tt anyagokb\u00f3l gy\u00e1rtott \u00e9s szigor\u00fa ISO-alap\u00fa min\u0151s\u00e9gi szabv\u00e1nyok szerint feldolgozott Wonzh egyedi csap\u00e1gyak stabil forg\u00e1st, cs\u00f6kkentett s\u00farl\u00f3d\u00e1st \u00e9s hossz\u00fa \u00e9lettartamot biztos\u00edtanak m\u00e9g zord vagy nem hagyom\u00e1nyos k\u00f6rnyezetben is.<\/p>\n<p data-start=\"1145\" data-end=\"1494\">M\u00e9rn\u00f6ki csapatunk szorosan egy\u00fcttm\u0171k\u00f6dik \u00fcgyfeleinkkel az \u00fczemeltet\u00e9si k\u00f6vetelm\u00e9nyek elemz\u00e9se \u00e9s a terhel\u00e9sre, sebess\u00e9gre, h\u0151m\u00e9rs\u00e9kletre, szennyez\u0151d\u00e9s\u00e1ll\u00f3s\u00e1gra \u00e9s ken\u00e9si m\u00f3dra optimaliz\u00e1lt csap\u00e1gyak tervez\u00e9se \u00e9rdek\u00e9ben. Egyedi megold\u00e1sok a csap\u00e1gyt\u00edpusok sz\u00e9les sk\u00e1l\u00e1j\u00e1hoz \u00e1llnak rendelkez\u00e9sre, bele\u00e9rtve a goly\u00f3scsap\u00e1gyakat, g\u00f6rg\u0151scsap\u00e1gyakat, k\u00fapos, g\u00f6mbcsap\u00e1gyakat \u00e9s szerelt konfigur\u00e1ci\u00f3kat.<\/p>\n<h2 data-start=\"1501\" data-end=\"1520\"><strong data-start=\"1504\" data-end=\"1520\">F\u0151 jellemz\u0151k<\/strong><\/h2>\n<ul data-start=\"1522\" data-end=\"1872\">\n<li data-start=\"1522\" data-end=\"1573\">\n<p data-start=\"1524\" data-end=\"1573\">Teljesen testreszabhat\u00f3 m\u00e9retek \u00e9s terhelhet\u0151s\u00e9g<\/p>\n<\/li>\n<li data-start=\"1574\" data-end=\"1652\">\n<p data-start=\"1576\" data-end=\"1652\">Sz\u00e9lesk\u00f6r\u0171 anyagv\u00e1laszt\u00e9k: standard ac\u00e9l, rozsdamentes ac\u00e9l \u00e9s speci\u00e1lis \u00f6tv\u00f6zetek<\/p>\n<\/li>\n<li data-start=\"1653\" data-end=\"1701\">\n<p data-start=\"1655\" data-end=\"1701\">\u00c1ll\u00edthat\u00f3 bels\u0151 h\u00e9zag \u00e9s el\u0151fesz\u00edt\u00e9s<\/p>\n<\/li>\n<li data-start=\"1702\" data-end=\"1746\">\n<p data-start=\"1704\" data-end=\"1746\">T\u00f6bbf\u00e9le t\u00f6m\u00edt\u00e9si \u00e9s ken\u00e9si lehet\u0151s\u00e9g<\/p>\n<\/li>\n<li data-start=\"1747\" data-end=\"1810\">\n<p data-start=\"1749\" data-end=\"1810\">Sz\u00e9ls\u0151s\u00e9ges vagy szokatlan \u00fczemeltet\u00e9si k\u00f6r\u00fclm\u00e9nyekre tervezve<\/p>\n<\/li>\n<li data-start=\"1811\" data-end=\"1872\">\n<p data-start=\"1813\" data-end=\"1872\">M\u00e9rn\u00f6ki t\u00e1mogat\u00e1s az alkalmaz\u00e1sspecifikus optimaliz\u00e1l\u00e1shoz<\/p>\n<\/li>\n<\/ul>\n<h2 data-start=\"1879\" data-end=\"1906\"><strong data-start=\"1882\" data-end=\"1906\">Tipikus alkalmaz\u00e1sok<\/strong><\/h2>\n<ul data-start=\"1908\" data-end=\"2168\">\n<li data-start=\"1908\" data-end=\"1952\">\n<p data-start=\"1910\" data-end=\"1952\">Neh\u00e9zg\u00e9pek \u00e9s ipari berendez\u00e9sek<\/p>\n<\/li>\n<li data-start=\"1953\" data-end=\"1993\">\n<p data-start=\"1955\" data-end=\"1993\">B\u00e1ny\u00e1szati \u00e9s anyagmozgat\u00f3 rendszerek<\/p>\n<\/li>\n<li data-start=\"1994\" data-end=\"2031\">\n<p data-start=\"1996\" data-end=\"2031\">Szivatty\u00fak, kompresszorok \u00e9s sebess\u00e9gv\u00e1lt\u00f3k<\/p>\n<\/li>\n<li data-start=\"2032\" data-end=\"2075\">\n<p data-start=\"2034\" data-end=\"2075\">Aut\u00f3ipari \u00e9s k\u00f6zleked\u00e9si berendez\u00e9sek<\/p>\n<\/li>\n<li data-start=\"2076\" data-end=\"2122\">\n<p data-start=\"2078\" data-end=\"2122\">Sz\u00e9lturbin\u00e1k \u00e9s meg\u00fajul\u00f3 energiarendszerek<\/p>\n<\/li>\n<li data-start=\"2123\" data-end=\"2168\">\n<p data-start=\"2125\" data-end=\"2168\">Egyedi g\u00e9pek \u00e9s OEM gy\u00e1rt\u00f3sorok<\/p>\n<\/li>\n<\/ul>\n<h2 data-start=\"2175\" data-end=\"2227\"><strong data-start=\"2178\" data-end=\"2225\">M\u0171szaki param\u00e9terek (reprezentat\u00edv tartom\u00e1ny)<\/strong><\/h2>\n<div class=\"TyagGW_tableContainer\">\n<div class=\"group TyagGW_tableWrapper flex flex-col-reverse w-fit\" tabindex=\"-1\">\n<table class=\"w-fit min-w-(--thread-content-width)\" data-start=\"2229\" data-end=\"2908\">\n<thead data-start=\"2229\" data-end=\"2266\">\n<tr data-start=\"2229\" data-end=\"2266\">\n<th data-start=\"2229\" data-end=\"2241\" data-col-size=\"sm\">Param\u00e9ter<\/th>\n<th data-start=\"2241\" data-end=\"2266\" data-col-size=\"md\">Specifik\u00e1ci\u00f3 \/ tartom\u00e1ny<\/th>\n<\/tr>\n<\/thead>\n<tbody data-start=\"2277\" data-end=\"2908\">\n<tr data-start=\"2277\" data-end=\"2365\">\n<td data-start=\"2277\" data-end=\"2292\" data-col-size=\"sm\">Csap\u00e1gy t\u00edpusa<\/td>\n<td data-col-size=\"md\" data-start=\"2292\" data-end=\"2365\">Egyedi ipari csap\u00e1gy (goly\u00f3s, g\u00f6rg\u0151s, k\u00fapos, g\u00f6mb alak\u00fa, szerelt)<\/td>\n<\/tr>\n<tr data-start=\"2366\" data-end=\"2437\">\n<td data-start=\"2366\" data-end=\"2377\" data-col-size=\"sm\">Anyag<\/td>\n<td data-start=\"2377\" data-end=\"2437\" data-col-size=\"md\">GCr15 (AISI 52100), rozsdamentes ac\u00e9l, speci\u00e1lis \u00f6tv\u00f6z\u00f6tt ac\u00e9l<\/td>\n<\/tr>\n<tr data-start=\"2438\" data-end=\"2488\">\n<td data-start=\"2438\" data-end=\"2455\" data-col-size=\"sm\">Furatm\u00e9ret (ID)<\/td>\n<td data-start=\"2455\" data-end=\"2488\" data-col-size=\"md\">10 mm - 500 mm (testre szabhat\u00f3)<\/td>\n<\/tr>\n<tr data-start=\"2489\" data-end=\"2544\">\n<td data-start=\"2489\" data-end=\"2511\" data-col-size=\"sm\">K\u00fcls\u0151 \u00e1tm\u00e9r\u0151 (OD)<\/td>\n<td data-start=\"2511\" data-end=\"2544\" data-col-size=\"md\">26 mm - 900 mm (testre szabhat\u00f3)<\/td>\n<\/tr>\n<tr data-start=\"2545\" data-end=\"2600\">\n<td data-start=\"2545\" data-end=\"2557\" data-col-size=\"sm\">Terhel\u00e9s t\u00edpusa<\/td>\n<td data-start=\"2557\" data-end=\"2600\" data-col-size=\"md\">Radi\u00e1lis, axi\u00e1lis vagy kombin\u00e1lt (testreszabott)<\/td>\n<\/tr>\n<tr data-start=\"2601\" data-end=\"2662\">\n<td data-start=\"2601\" data-end=\"2620\" data-col-size=\"sm\">Sebess\u00e9g K\u00e9pess\u00e9g<\/td>\n<td data-start=\"2620\" data-end=\"2662\" data-col-size=\"md\">Alacsony vagy magas (az alkalmaz\u00e1st\u00f3l f\u00fcgg\u0151en)<\/td>\n<\/tr>\n<tr data-start=\"2663\" data-end=\"2721\">\n<td data-start=\"2663\" data-end=\"2687\" data-col-size=\"sm\">\u00dczemi h\u0151m\u00e9rs\u00e9klet<\/td>\n<td data-start=\"2687\" data-end=\"2721\" data-col-size=\"md\">-40\u00b0C \u00e9s +150\u00b0C k\u00f6z\u00f6tt (testre szabhat\u00f3)<\/td>\n<\/tr>\n<tr data-start=\"2722\" data-end=\"2773\">\n<td data-start=\"2722\" data-end=\"2734\" data-col-size=\"sm\">Ki\u00fcr\u00edt\u00e9s<\/td>\n<td data-start=\"2734\" data-end=\"2773\" data-col-size=\"md\">C2 \/ C3 \/ C4 vagy specifikus el\u0151fesz\u00edt\u00e9s<\/td>\n<\/tr>\n<tr data-start=\"2774\" data-end=\"2855\">\n<td data-start=\"2774\" data-end=\"2792\" data-col-size=\"sm\">T\u00f6m\u00edt\u00e9si lehet\u0151s\u00e9gek<\/td>\n<td data-col-size=\"md\" data-start=\"2792\" data-end=\"2855\">Nyitott \/ ZZ (f\u00e9m pajzs) \/ 2RS (gumit\u00f6m\u00edt\u00e9s) \/ egyedi t\u00f6m\u00edt\u00e9sek<\/td>\n<\/tr>\n<tr data-start=\"2856\" data-end=\"2908\">\n<td data-start=\"2856\" data-end=\"2870\" data-col-size=\"sm\">Ken\u00e9s<\/td>\n<td data-start=\"2870\" data-end=\"2908\" data-col-size=\"md\">Zs\u00edr, olaj vagy speci\u00e1lis ken\u0151anyagok<\/td>\n<\/tr>\n<\/tbody>\n<\/table>\n<\/div>\n<\/div>\n<h2 data-start=\"2915\" data-end=\"2951\"><strong data-start=\"2918\" data-end=\"2951\">Reprezentat\u00edv modellp\u00e9ld\u00e1k<\/strong><\/h2>\n<p data-start=\"2953\" data-end=\"3025\"><em data-start=\"2953\" data-end=\"3025\">(Csak referenciak\u00e9nt - k\u00e9r\u00e9sre teljesen testreszabott modellek is rendelkez\u00e9sre \u00e1llnak.)<\/em><\/p>\n<div class=\"TyagGW_tableContainer\">\n<div class=\"group TyagGW_tableWrapper flex flex-col-reverse w-fit\" tabindex=\"-1\">\n<table class=\"w-fit min-w-(--thread-content-width)\" data-start=\"3027\" data-end=\"3461\">\n<thead data-start=\"3027\" data-end=\"3066\">\n<tr data-start=\"3027\" data-end=\"3066\">\n<th data-start=\"3027\" data-end=\"3034\" data-col-size=\"sm\">T\u00edpus<\/th>\n<th data-start=\"3034\" data-end=\"3051\" data-col-size=\"sm\">P\u00e9lda modellek<\/th>\n<th data-start=\"3051\" data-end=\"3066\" data-col-size=\"md\">Tipikus haszn\u00e1lat<\/th>\n<\/tr>\n<\/thead>\n<tbody data-start=\"3081\" data-end=\"3461\">\n<tr data-start=\"3081\" data-end=\"3142\">\n<td data-start=\"3081\" data-end=\"3097\" data-col-size=\"sm\">Goly\u00f3scsap\u00e1gyak<\/td>\n<td data-start=\"3097\" data-end=\"3117\" data-col-size=\"sm\">Custom 6205, 6308<\/td>\n<td data-start=\"3117\" data-end=\"3142\" data-col-size=\"md\">OEM g\u00e9pek, motorok<\/td>\n<\/tr>\n<tr data-start=\"3143\" data-end=\"3207\">\n<td data-start=\"3143\" data-end=\"3161\" data-col-size=\"sm\">G\u00f6rg\u0151s csap\u00e1gyak<\/td>\n<td data-start=\"3161\" data-end=\"3183\" data-col-size=\"sm\">Custom 22206, 22308<\/td>\n<td data-start=\"3183\" data-end=\"3207\" data-col-size=\"md\">Sebess\u00e9gv\u00e1lt\u00f3k, sz\u00e1ll\u00edt\u00f3szalagok<\/td>\n<\/tr>\n<tr data-start=\"3208\" data-end=\"3300\">\n<td data-start=\"3208\" data-end=\"3225\" data-col-size=\"sm\">K\u00fapos g\u00f6rg\u0151<\/td>\n<td data-start=\"3225\" data-end=\"3247\" data-col-size=\"sm\">Custom 30208, 30310<\/td>\n<td data-start=\"3247\" data-end=\"3300\" data-col-size=\"md\">Nagy teherb\u00edr\u00e1s\u00fa aut\u00f3ipari \u00e9s ipari alkalmaz\u00e1sok<\/td>\n<\/tr>\n<tr data-start=\"3301\" data-end=\"3380\">\n<td data-start=\"3301\" data-end=\"3320\" data-col-size=\"sm\">G\u00f6mbhenger<\/td>\n<td data-start=\"3320\" data-end=\"3342\" data-col-size=\"sm\">Custom 22220, 22322<\/td>\n<td data-start=\"3342\" data-end=\"3380\" data-col-size=\"md\">B\u00e1ny\u00e1szati, ac\u00e9l- \u00e9s pap\u00edripari g\u00e9pek<\/td>\n<\/tr>\n<tr data-start=\"3381\" data-end=\"3461\">\n<td data-start=\"3381\" data-end=\"3396\" data-col-size=\"sm\">P\u00e1rna blokk<\/td>\n<td data-start=\"3396\" data-end=\"3420\" data-col-size=\"sm\">Egyedi UCP206, UCF208<\/td>\n<td data-start=\"3420\" data-end=\"3461\" data-col-size=\"md\">Sz\u00e1ll\u00edt\u00f3szalagokba \u00e9s ventil\u00e1torokba szerelt t\u00e1masz<\/td>\n<\/tr>\n<\/tbody>\n<\/table>\n<\/div>\n<\/div>\n<p data-start=\"3463\" data-end=\"3577\"><strong data-start=\"3463\" data-end=\"3472\">Megjegyz\u00e9s:<\/strong> Minden m\u00e9ret, anyag \u00e9s konfigur\u00e1ci\u00f3 testre szabhat\u00f3, hogy megfeleljen az egyedi \u00fczemeltet\u00e9si k\u00f6vetelm\u00e9nyeknek.<\/p>\n<h2 data-start=\"3584\" data-end=\"3607\"><strong data-start=\"3587\" data-end=\"3607\">Mi\u00e9rt v\u00e1lassza a Wonzh-t<\/strong><\/h2>\n<ul data-start=\"3609\" data-end=\"3936\">\n<li data-start=\"3609\" data-end=\"3669\">\n<p data-start=\"3611\" data-end=\"3669\">Teljes testreszab\u00e1s az \u00fczemeltet\u00e9si k\u00f6vetelm\u00e9nyek alapj\u00e1n<\/p>\n<\/li>\n<li data-start=\"3670\" data-end=\"3754\">\n<p data-start=\"3672\" data-end=\"3754\">M\u00e9rn\u00f6ki t\u00e1mogat\u00e1s a tervez\u00e9shez, anyagv\u00e1laszt\u00e1shoz \u00e9s teljes\u00edtm\u00e9nyoptimaliz\u00e1l\u00e1shoz<\/p>\n<\/li>\n<li data-start=\"3755\" data-end=\"3814\">\n<p data-start=\"3757\" data-end=\"3814\">Kiv\u00e1l\u00f3 min\u0151s\u00e9g\u0171 gy\u00e1rt\u00e1s ISO-szabv\u00e1nyos folyamatok szerint<\/p>\n<\/li>\n<li data-start=\"3815\" data-end=\"3890\">\n<p data-start=\"3817\" data-end=\"3890\">Megold\u00e1sok extr\u00e9m terhel\u00e9sekhez, h\u0151m\u00e9rs\u00e9kletekhez \u00e9s k\u00f6rnyezeti felt\u00e9telekhez<\/p>\n<\/li>\n<li data-start=\"3891\" data-end=\"3936\">\n<p data-start=\"3893\" data-end=\"3936\">Megb\u00edzhat\u00f3 ell\u00e1t\u00e1si l\u00e1nc \u00e9s glob\u00e1lis sz\u00e1ll\u00edt\u00e1s<\/p>\n<\/li>\n<\/ul>\n<h2 data-start=\"3943\" data-end=\"3984\"><strong data-start=\"3946\" data-end=\"3982\">Gyakran ism\u00e9telt k\u00e9rd\u00e9sek (GYIK)<\/strong><\/h2>\n<h3 data-start=\"3986\" data-end=\"4041\"><strong data-start=\"3990\" data-end=\"4039\">1. k\u00e9rd\u00e9s: Milyen t\u00edpus\u00fa csap\u00e1gyak testre szabhat\u00f3k?<\/strong><\/h3>\n<p data-start=\"4042\" data-end=\"4154\">Minden f\u0151bb csap\u00e1gyt\u00edpust testre tudunk szabni, bele\u00e9rtve a goly\u00f3s, g\u00f6rg\u0151s, k\u00fapos, g\u00f6mb alak\u00fa \u00e9s p\u00e1rn\u00e1s csap\u00e1gyakat.<\/p>\n<h3 data-start=\"4156\" data-end=\"4222\"><strong data-start=\"4160\" data-end=\"4220\">2. k\u00e9rd\u00e9s: Tudja testre szabni a csap\u00e1gyakat extr\u00e9m k\u00f6rnyezetekhez?<\/strong><\/h3>\n<p data-start=\"4223\" data-end=\"4354\">Igen. Az anyagok, t\u00f6m\u00edt\u00e9sek \u00e9s ken\u0151anyagok \u00fagy v\u00e1laszthat\u00f3k ki, hogy ellen\u00e1lljanak a magas\/alacsony h\u0151m\u00e9rs\u00e9kletnek, nagy terhel\u00e9snek vagy szennyezett k\u00f6r\u00fclm\u00e9nyeknek.<\/p>\n<h3 data-start=\"4356\" data-end=\"4420\"><strong data-start=\"4360\" data-end=\"4418\">3. k\u00e9rd\u00e9s: Mennyi az egyedi csap\u00e1gyak tipikus \u00e1tfut\u00e1si ideje?<\/strong><\/h3>\n<p data-start=\"4421\" data-end=\"4541\">Az \u00e1tfut\u00e1si id\u0151 a tervez\u00e9s \u00f6sszetetts\u00e9g\u00e9t\u0151l \u00e9s a mennyis\u00e9gt\u0151l f\u00fcgg. M\u00e9rn\u00f6ki csapatunk az egyes projektek alapj\u00e1n ad \u00fctemtervet.<\/p>\n<h3 data-start=\"4543\" data-end=\"4609\"><strong data-start=\"4547\" data-end=\"4607\">4. k\u00e9rd\u00e9s: Biztos\u00edtanak technikai t\u00e1mogat\u00e1st az egyedi tervekhez?<\/strong><\/h3>\n<p data-start=\"4610\" data-end=\"4722\">Igen. A Wonzh m\u00e9rn\u00f6kei az \u00fcgyfelekkel egy\u00fctt dolgoznak a tervez\u00e9s, az anyagok, a terhelhet\u0151s\u00e9gi \u00e9rt\u00e9kek \u00e9s az \u00fczemi teljes\u00edtm\u00e9ny optimaliz\u00e1l\u00e1s\u00e1n.<\/p>\n<h3 data-start=\"4724\" data-end=\"4788\"><strong data-start=\"4728\" data-end=\"4786\">5. k\u00e9rd\u00e9s: Kaphat\u00f3ak egyedi csap\u00e1gyak kis mennyis\u00e9gben?<\/strong><\/h3>\n<p data-start=\"4789\" data-end=\"4863\">Igen. T\u00e1mogatjuk mind a kis OEM sorozatokat, mind a nagy\u00fczemi gy\u00e1rt\u00e1st.<\/p>","protected":false},"excerpt":{"rendered":"<p>A Wonzh egyedi ipari csap\u00e1gyakat \u00fagy tervezt\u00e9k, hogy megfeleljenek a speci\u00e1lis g\u00e9pek, nagy teherb\u00edr\u00e1s\u00fa berendez\u00e9sek \u00e9s nagy teljes\u00edtm\u00e9ny\u0171 ipari alkalmaz\u00e1sok egyedi ig\u00e9nyeinek. A pontoss\u00e1gra, tart\u00f3ss\u00e1gra \u00e9s megb\u00edzhat\u00f3s\u00e1gra tervezett csap\u00e1gyak m\u00e9ret, anyag, terhelhet\u0151s\u00e9g, bels\u0151 h\u00e9zag \u00e9s t\u00f6m\u00edt\u00e9si lehet\u0151s\u00e9gek tekintet\u00e9ben testre szabhat\u00f3k.<\/p>","protected":false},"featured_media":1441,"comment_status":"open","ping_status":"closed","template":"","meta":{"site-sidebar-layout":"default","site-content-layout":"","ast-site-content-layout":"default","site-content-style":"default","site-sidebar-style":"default","ast-global-header-display":"","ast-banner-title-visibility":"","ast-main-header-display":"","ast-hfb-above-header-display":"","ast-hfb-below-header-display":"","ast-hfb-mobile-header-display":"","site-post-title":"","ast-breadcrumbs-content":"","ast-featured-img":"","footer-sml-layout":"","ast-disable-related-posts":"","theme-transparent-header-meta":"default","adv-header-id-meta":"","stick-header-meta":"default","header-above-stick-meta":"","header-main-stick-meta":"","header-below-stick-meta":"","astra-migrate-meta-layouts":"set","ast-page-background-enabled":"default","ast-page-background-meta":{"desktop":{"background-color":"","background-image":"","background-repeat":"repeat","background-position":"center center","background-size":"auto","background-attachment":"scroll","background-type":"","background-media":"","overlay-type":"","overlay-color":"","overlay-opacity":"","overlay-gradient":""},"tablet":{"background-color":"","background-image":"","background-repeat":"repeat","background-position":"center center","background-size":"auto","background-attachment":"scroll","background-type":"","background-media":"","overlay-type":"","overlay-color":"","overlay-opacity":"","overlay-gradient":""},"mobile":{"background-color":"","background-image":"","background-repeat":"repeat","background-position":"center center","background-size":"auto","background-attachment":"scroll","background-type":"","background-media":"","overlay-type":"","overlay-color":"","overlay-opacity":"","overlay-gradient":""}},"ast-content-background-meta":{"desktop":{"background-color":"var(--ast-global-color-5)","background-image":"","background-repeat":"repeat","background-position":"center center","background-size":"auto","background-attachment":"scroll","background-type":"","background-media":"","overlay-type":"","overlay-color":"","overlay-opacity":"","overlay-gradient":""},"tablet":{"background-color":"var(--ast-global-color-5)","background-image":"","background-repeat":"repeat","background-position":"center center","background-size":"auto","background-attachment":"scroll","background-type":"","background-media":"","overlay-type":"","overlay-color":"","overlay-opacity":"","overlay-gradient":""},"mobile":{"background-color":"var(--ast-global-color-5)","background-image":"","background-repeat":"repeat","background-position":"center center","background-size":"auto","background-attachment":"scroll","background-type":"","background-media":"","overlay-type":"","overlay-color":"","overlay-opacity":"","overlay-gradient":""}}},"product_brand":[],"product_cat":[15],"product_tag":[180,148,175,184,186,178,185,152,177,166,179,181,183,176,182],"class_list":{"0":"post-1440","1":"product","2":"type-product","3":"status-publish","4":"has-post-thumbnail","6":"product_cat-bearings-bearing-components","7":"product_tag-ball-bearing","8":"product_tag-bearing-manufacturer-china","9":"product_tag-custom-industrial-bearing","10":"product_tag-custom-load-bearing","11":"product_tag-engineering-bearing-solution","12":"product_tag-heavy-duty-bearing","13":"product_tag-high-performance-bearing","14":"product_tag-industrial-components","15":"product_tag-oem-bearing","16":"product_tag-pillow-block-bearing","17":"product_tag-precision-bearing","18":"product_tag-roller-bearing","19":"product_tag-spherical-bearing","20":"product_tag-tailored-bearing","21":"product_tag-tapered-bearing","22":"desktop-align-left","23":"tablet-align-left","24":"mobile-align-left","26":"first","27":"instock","28":"shipping-taxable","29":"product-type-simple"},"_links":{"self":[{"href":"https:\/\/www.wonzh.com\/hu\/wp-json\/wp\/v2\/product\/1440","targetHints":{"allow":["GET"]}}],"collection":[{"href":"https:\/\/www.wonzh.com\/hu\/wp-json\/wp\/v2\/product"}],"about":[{"href":"https:\/\/www.wonzh.com\/hu\/wp-json\/wp\/v2\/types\/product"}],"replies":[{"embeddable":true,"href":"https:\/\/www.wonzh.com\/hu\/wp-json\/wp\/v2\/comments?post=1440"}],"wp:featuredmedia":[{"embeddable":true,"href":"https:\/\/www.wonzh.com\/hu\/wp-json\/wp\/v2\/media\/1441"}],"wp:attachment":[{"href":"https:\/\/www.wonzh.com\/hu\/wp-json\/wp\/v2\/media?parent=1440"}],"wp:term":[{"taxonomy":"product_brand","embeddable":true,"href":"https:\/\/www.wonzh.com\/hu\/wp-json\/wp\/v2\/product_brand?post=1440"},{"taxonomy":"product_cat","embeddable":true,"href":"https:\/\/www.wonzh.com\/hu\/wp-json\/wp\/v2\/product_cat?post=1440"},{"taxonomy":"product_tag","embeddable":true,"href":"https:\/\/www.wonzh.com\/hu\/wp-json\/wp\/v2\/product_tag?post=1440"}],"curies":[{"name":"wp","href":"https:\/\/api.w.org\/{rel}","templated":true}]}}