{"id":1428,"date":"2026-02-02T14:54:21","date_gmt":"2026-02-02T14:54:21","guid":{"rendered":"https:\/\/www.wonzh.com\/?post_type=product&#038;p=1428"},"modified":"2026-02-02T15:07:33","modified_gmt":"2026-02-02T15:07:33","slug":"industrial-tapered-roller-bearings-for-heavy-load-and-high-reliability-applications","status":"publish","type":"product","link":"https:\/\/www.wonzh.com\/hu\/product\/industrial-tapered-roller-bearings-for-heavy-load-and-high-reliability-applications\/","title":{"rendered":"Ipari k\u00fapos g\u00f6rg\u0151s csap\u00e1gyak nagy terhel\u00e9s\u0171 \u00e9s nagy megb\u00edzhat\u00f3s\u00e1g\u00fa alkalmaz\u00e1sokhoz"},"content":{"rendered":"<p data-start=\"588\" data-end=\"902\">A Wonzh \u00e1ltal sz\u00e1ll\u00edtott k\u00fapos g\u00f6rg\u0151scsap\u00e1gyak prec\u00edzi\u00f3s g\u00f6rd\u00fcl\u0151csap\u00e1gyak, amelyeket \u00fagy terveztek, hogy egy ir\u00e1nyban radi\u00e1lis \u00e9s axi\u00e1lis terhel\u00e9st is elviseljenek. K\u00fapos geometri\u00e1juknak k\u00f6sz\u00f6nhet\u0151en ezek a csap\u00e1gyak kiv\u00e1l\u00f3 teherb\u00edr\u00e1st, nagy merevs\u00e9get \u00e9s kiv\u00e1l\u00f3 tart\u00f3ss\u00e1got biztos\u00edtanak nagy ig\u00e9nybev\u00e9tel\u0171 \u00fczemi k\u00f6r\u00fclm\u00e9nyek k\u00f6z\u00f6tt.<\/p>\n<p data-start=\"904\" data-end=\"1327\">A kiv\u00e1l\u00f3 min\u0151s\u00e9g\u0171 csap\u00e1gyac\u00e9lb\u00f3l, p\u00e9ld\u00e1ul GCr15 (AISI 52100 egyen\u00e9rt\u00e9k\u0171), valamint fejlett h\u0151kezel\u00e9ssel \u00e9s prec\u00edzi\u00f3s k\u00f6sz\u00f6r\u00fcl\u00e9ssel feldolgozott Wonzh k\u00fapg\u00f6rg\u0151s csap\u00e1gyak k\u00f6vetkezetes m\u00e9retpontoss\u00e1got, megb\u00edzhat\u00f3 teljes\u00edtm\u00e9nyt \u00e9s hosszabb \u00e9lettartamot biztos\u00edtanak. Sz\u00e9les k\u00f6rben haszn\u00e1lj\u00e1k \u0151ket aut\u00f3ipari tengelyekben, sebess\u00e9gv\u00e1lt\u00f3kban, \u00e9p\u00edt\u0151ipari g\u00e9pekben, b\u00e1ny\u00e1szati berendez\u00e9sekben, ipari sebess\u00e9gv\u00e1lt\u00f3kban \u00e9s neh\u00e9z forg\u00f3g\u00e9pekben.<\/p>\n<p data-start=\"1329\" data-end=\"1611\">Tapasztalt ipari alkatr\u00e9szsz\u00e1ll\u00edt\u00f3k\u00e9nt a Wonzh standard \u00e9s egyedi k\u00fapg\u00f6rg\u0151s csap\u00e1gyakat k\u00edn\u00e1l. M\u00e9rn\u00f6ki csapatunk t\u00e1mogatja \u00fcgyfeleinket a megfelel\u0151 m\u00e9retek, h\u00e9zagok, anyagok \u00e9s konfigur\u00e1ci\u00f3k kiv\u00e1laszt\u00e1s\u00e1ban, hogy optimaliz\u00e1lj\u00e1k a teljes\u00edtm\u00e9nyt a val\u00f3s alkalmaz\u00e1sokban.<\/p>\n<h2 data-start=\"1618\" data-end=\"1637\"><strong data-start=\"1621\" data-end=\"1637\">F\u0151 jellemz\u0151k<\/strong><\/h2>\n<ul data-start=\"1639\" data-end=\"1918\">\n<li data-start=\"1639\" data-end=\"1683\">\n<p data-start=\"1641\" data-end=\"1683\">Kiv\u00e1l\u00f3 radi\u00e1lis \u00e9s axi\u00e1lis terhelhet\u0151s\u00e9g<\/p>\n<\/li>\n<li data-start=\"1684\" data-end=\"1726\">\n<p data-start=\"1686\" data-end=\"1726\">Nagy merevs\u00e9g \u00e9s szerkezeti stabilit\u00e1s<\/p>\n<\/li>\n<li data-start=\"1727\" data-end=\"1774\">\n<p data-start=\"1729\" data-end=\"1774\">Er\u0151s ellen\u00e1ll\u00e1s a l\u00f6k\u00e9s- \u00e9s \u00fct\u00e9shat\u00e1sokkal szemben<\/p>\n<\/li>\n<li data-start=\"1775\" data-end=\"1831\">\n<p data-start=\"1777\" data-end=\"1831\">Alkalmas nagy ig\u00e9nybev\u00e9tel\u0171 \u00e9s nagy nyomat\u00e9k\u00fa alkalmaz\u00e1sokhoz<\/p>\n<\/li>\n<li data-start=\"1832\" data-end=\"1877\">\n<p data-start=\"1834\" data-end=\"1877\">Hossz\u00fa \u00e9lettartam megfelel\u0151 ken\u00e9s mellett<\/p>\n<\/li>\n<li data-start=\"1878\" data-end=\"1918\">\n<p data-start=\"1880\" data-end=\"1918\">Egyedi m\u00e9retek \u00e9s anyagok el\u00e9rhet\u0151ek<\/p>\n<\/li>\n<\/ul>\n<h2 data-start=\"1925\" data-end=\"1952\"><strong data-start=\"1928\" data-end=\"1952\">Tipikus alkalmaz\u00e1sok<\/strong><\/h2>\n<ul data-start=\"1954\" data-end=\"2180\">\n<li data-start=\"1954\" data-end=\"1989\">\n<p data-start=\"1956\" data-end=\"1989\">Aut\u00f3ipari tengelyek \u00e9s ker\u00e9kagyak<\/p>\n<\/li>\n<li data-start=\"1990\" data-end=\"2016\">\n<p data-start=\"1992\" data-end=\"2016\">Sebess\u00e9gv\u00e1lt\u00f3k \u00e9s reduktorok<\/p>\n<\/li>\n<li data-start=\"2017\" data-end=\"2054\">\n<p data-start=\"2019\" data-end=\"2054\">B\u00e1ny\u00e1szati \u00e9s \u00e9p\u00edt\u0151ipari g\u00e9pek<\/p>\n<\/li>\n<li data-start=\"2055\" data-end=\"2083\">\n<p data-start=\"2057\" data-end=\"2083\">Ipari sebess\u00e9gv\u00e1lt\u00f3k<\/p>\n<\/li>\n<li data-start=\"2084\" data-end=\"2132\">\n<p data-start=\"2086\" data-end=\"2132\">Neh\u00e9zg\u00e9pek \u00e9s energiatermel\u0151 rendszerek<\/p>\n<\/li>\n<li data-start=\"2133\" data-end=\"2180\">\n<p data-start=\"2135\" data-end=\"2180\">Ac\u00e9lm\u0171vek \u00e9s anyagmozgat\u00f3 berendez\u00e9sek<\/p>\n<\/li>\n<\/ul>\n<h2 data-start=\"2187\" data-end=\"2239\"><strong data-start=\"2190\" data-end=\"2237\">M\u0171szaki param\u00e9terek (reprezentat\u00edv tartom\u00e1ny)<\/strong><\/h2>\n<div class=\"TyagGW_tableContainer\">\n<div class=\"group TyagGW_tableWrapper flex flex-col-reverse w-fit\" tabindex=\"-1\">\n<table class=\"w-fit min-w-(--thread-content-width)\" data-start=\"2241\" data-end=\"2765\">\n<thead data-start=\"2241\" data-end=\"2278\">\n<tr data-start=\"2241\" data-end=\"2278\">\n<th data-start=\"2241\" data-end=\"2253\" data-col-size=\"sm\">Param\u00e9ter<\/th>\n<th data-start=\"2253\" data-end=\"2278\" data-col-size=\"md\">Specifik\u00e1ci\u00f3 \/ tartom\u00e1ny<\/th>\n<\/tr>\n<\/thead>\n<tbody data-start=\"2289\" data-end=\"2765\">\n<tr data-start=\"2289\" data-end=\"2330\">\n<td data-start=\"2289\" data-end=\"2304\" data-col-size=\"sm\">Csap\u00e1gy t\u00edpusa<\/td>\n<td data-col-size=\"md\" data-start=\"2304\" data-end=\"2330\">K\u00fapos g\u00f6rg\u0151s csap\u00e1gy<\/td>\n<\/tr>\n<tr data-start=\"2331\" data-end=\"2398\">\n<td data-start=\"2331\" data-end=\"2342\" data-col-size=\"sm\">Anyag<\/td>\n<td data-col-size=\"md\" data-start=\"2342\" data-end=\"2398\">GCr15 (AISI 52100 egyen\u00e9rt\u00e9k\u0171) vagy speci\u00e1lisan \u00f6tv\u00f6z\u00f6tt ac\u00e9l<\/td>\n<\/tr>\n<tr data-start=\"2399\" data-end=\"2434\">\n<td data-start=\"2399\" data-end=\"2416\" data-col-size=\"sm\">Furatm\u00e9ret (ID)<\/td>\n<td data-start=\"2416\" data-end=\"2434\" data-col-size=\"md\">20 mm - 300 mm<\/td>\n<\/tr>\n<tr data-start=\"2435\" data-end=\"2475\">\n<td data-start=\"2435\" data-end=\"2457\" data-col-size=\"sm\">K\u00fcls\u0151 \u00e1tm\u00e9r\u0151 (OD)<\/td>\n<td data-start=\"2457\" data-end=\"2475\" data-col-size=\"md\">47 mm - 600 mm<\/td>\n<\/tr>\n<tr data-start=\"2476\" data-end=\"2522\">\n<td data-start=\"2476\" data-end=\"2488\" data-col-size=\"sm\">Terhel\u00e9s t\u00edpusa<\/td>\n<td data-start=\"2488\" data-end=\"2522\" data-col-size=\"md\">Radi\u00e1lis + axi\u00e1lis (egy ir\u00e1nyban)<\/td>\n<\/tr>\n<tr data-start=\"2523\" data-end=\"2575\">\n<td data-start=\"2523\" data-end=\"2542\" data-col-size=\"sm\">Sebess\u00e9g K\u00e9pess\u00e9g<\/td>\n<td data-start=\"2542\" data-end=\"2575\" data-col-size=\"md\">K\u00f6zepes sebess\u00e9g (terhel\u00e9sf\u00fcgg\u0151)<\/td>\n<\/tr>\n<tr data-start=\"2576\" data-end=\"2619\">\n<td data-start=\"2576\" data-end=\"2600\" data-col-size=\"sm\">\u00dczemi h\u0151m\u00e9rs\u00e9klet<\/td>\n<td data-start=\"2600\" data-end=\"2619\" data-col-size=\"md\">-20\u00b0C \u00e9s +120\u00b0C k\u00f6z\u00f6tt<\/td>\n<\/tr>\n<tr data-start=\"2620\" data-end=\"2669\">\n<td data-start=\"2620\" data-end=\"2632\" data-col-size=\"sm\">Ki\u00fcr\u00edt\u00e9s<\/td>\n<td data-start=\"2632\" data-end=\"2669\" data-col-size=\"md\">Alkalmaz\u00e1s alapj\u00e1n testreszabhat\u00f3<\/td>\n<\/tr>\n<tr data-start=\"2670\" data-end=\"2733\">\n<td data-start=\"2670\" data-end=\"2686\" data-col-size=\"sm\">Konfigur\u00e1ci\u00f3<\/td>\n<td data-start=\"2686\" data-end=\"2733\" data-col-size=\"md\">Egysoros, p\u00e1ros vagy k\u00e9tsoros kivitelben kaphat\u00f3<\/td>\n<\/tr>\n<tr data-start=\"2734\" data-end=\"2765\">\n<td data-start=\"2734\" data-end=\"2748\" data-col-size=\"sm\">Ken\u00e9s<\/td>\n<td data-start=\"2748\" data-end=\"2765\" data-col-size=\"md\">Zs\u00edr vagy olaj<\/td>\n<\/tr>\n<\/tbody>\n<\/table>\n<\/div>\n<\/div>\n<h2 data-start=\"2772\" data-end=\"2808\"><strong data-start=\"2775\" data-end=\"2808\">Reprezentat\u00edv modellp\u00e9ld\u00e1k<\/strong><\/h2>\n<p data-start=\"2810\" data-end=\"2871\"><em data-start=\"2810\" data-end=\"2871\">(Csak t\u00e1j\u00e9koztat\u00f3 jelleggel - a teljes katal\u00f3gus k\u00e9r\u00e9sre rendelkez\u00e9sre \u00e1ll.)<\/em><\/p>\n<div class=\"TyagGW_tableContainer\">\n<div class=\"group TyagGW_tableWrapper flex flex-col-reverse w-fit\" tabindex=\"-1\">\n<table class=\"w-fit min-w-(--thread-content-width)\" data-start=\"2873\" data-end=\"3217\">\n<thead data-start=\"2873\" data-end=\"2914\">\n<tr data-start=\"2873\" data-end=\"2914\">\n<th data-start=\"2873\" data-end=\"2882\" data-col-size=\"sm\">Sorozat<\/th>\n<th data-start=\"2882\" data-end=\"2899\" data-col-size=\"sm\">P\u00e9lda modellek<\/th>\n<th data-start=\"2899\" data-end=\"2914\" data-col-size=\"sm\">Tipikus haszn\u00e1lat<\/th>\n<\/tr>\n<\/thead>\n<tbody data-start=\"2929\" data-end=\"3217\">\n<tr data-start=\"2929\" data-end=\"2993\">\n<td data-start=\"2929\" data-end=\"2942\" data-col-size=\"sm\">302-es sorozat<\/td>\n<td data-start=\"2942\" data-end=\"2964\" data-col-size=\"sm\">30205, 30206, 30208<\/td>\n<td data-start=\"2964\" data-end=\"2993\" data-col-size=\"sm\">K\u00f6nny\u0171 \u00e9s k\u00f6zepes g\u00e9pek<\/td>\n<\/tr>\n<tr data-start=\"2994\" data-end=\"3050\">\n<td data-start=\"2994\" data-end=\"3007\" data-col-size=\"sm\">303 sorozat<\/td>\n<td data-start=\"3007\" data-end=\"3022\" data-col-size=\"sm\">30306, 30308<\/td>\n<td data-start=\"3022\" data-end=\"3050\" data-col-size=\"sm\">Ipari sebess\u00e9gv\u00e1lt\u00f3k<\/td>\n<\/tr>\n<tr data-start=\"3051\" data-end=\"3103\">\n<td data-start=\"3051\" data-end=\"3064\" data-col-size=\"sm\">322 sorozat<\/td>\n<td data-col-size=\"sm\" data-start=\"3064\" data-end=\"3079\">32208, 32210<\/td>\n<td data-col-size=\"sm\" data-start=\"3079\" data-end=\"3103\">Nagy teherb\u00edr\u00e1s\u00fa sebess\u00e9gv\u00e1lt\u00f3k<\/td>\n<\/tr>\n<tr data-start=\"3104\" data-end=\"3162\">\n<td data-start=\"3104\" data-end=\"3117\" data-col-size=\"sm\">323 sorozat<\/td>\n<td data-start=\"3117\" data-end=\"3132\" data-col-size=\"sm\">32308, 32310<\/td>\n<td data-start=\"3132\" data-end=\"3162\" data-col-size=\"sm\">B\u00e1ny\u00e1szati \u00e9s ac\u00e9lipari berendez\u00e9sek<\/td>\n<\/tr>\n<tr data-start=\"3163\" data-end=\"3217\">\n<td data-start=\"3163\" data-end=\"3176\" data-col-size=\"sm\">329 sorozat<\/td>\n<td data-start=\"3176\" data-end=\"3191\" data-col-size=\"sm\">32908, 32910<\/td>\n<td data-start=\"3191\" data-end=\"3217\" data-col-size=\"sm\">Nagy terhel\u00e9s\u0171 alkalmaz\u00e1sok<\/td>\n<\/tr>\n<\/tbody>\n<\/table>\n<\/div>\n<\/div>\n<p data-start=\"3219\" data-end=\"3311\"><strong data-start=\"3219\" data-end=\"3228\">Megjegyz\u00e9s:<\/strong> Tov\u00e1bbi m\u00e9retek, anyagok \u00e9s p\u00e1ros\u00edtott konfigur\u00e1ci\u00f3k k\u00e9r\u00e9sre rendelkez\u00e9sre \u00e1llnak.<\/p>\n<h2 data-start=\"3318\" data-end=\"3341\"><strong data-start=\"3321\" data-end=\"3341\">Mi\u00e9rt v\u00e1lassza a Wonzh-t<\/strong><\/h2>\n<ul data-start=\"3343\" data-end=\"3637\">\n<li data-start=\"3343\" data-end=\"3407\">\n<p data-start=\"3345\" data-end=\"3407\">Szigor\u00fa min\u0151s\u00e9gellen\u0151rz\u00e9s a nyersanyagt\u00f3l a v\u00e9gs\u0151 ellen\u0151rz\u00e9sig<\/p>\n<\/li>\n<li data-start=\"3408\" data-end=\"3460\">\n<p data-start=\"3410\" data-end=\"3460\">Prec\u00edzi\u00f3s megmunk\u00e1l\u00e1s \u00e9s stabil t\u00e9tel\u00e1lland\u00f3s\u00e1g<\/p>\n<\/li>\n<li data-start=\"3461\" data-end=\"3518\">\n<p data-start=\"3463\" data-end=\"3518\">M\u00e9rn\u00f6ki t\u00e1mogat\u00e1s a terhel\u00e9s \u00e9s az alkalmaz\u00e1s \u00f6sszehangol\u00e1s\u00e1hoz<\/p>\n<\/li>\n<li data-start=\"3519\" data-end=\"3580\">\n<p data-start=\"3521\" data-end=\"3580\">Egyedi kialak\u00edt\u00e1sok speci\u00e1lis \u00fczemi k\u00f6r\u00fclm\u00e9nyekhez<\/p>\n<\/li>\n<li data-start=\"3581\" data-end=\"3637\">\n<p data-start=\"3583\" data-end=\"3637\">Megb\u00edzhat\u00f3 ell\u00e1t\u00e1si l\u00e1nc \u00e9s glob\u00e1lis sz\u00e1ll\u00edt\u00e1si k\u00e9pess\u00e9g<\/p>\n<\/li>\n<\/ul>\n<h2 data-start=\"3644\" data-end=\"3685\"><strong data-start=\"3647\" data-end=\"3683\">Gyakran ism\u00e9telt k\u00e9rd\u00e9sek (GYIK)<\/strong><\/h2>\n<h3 data-start=\"3687\" data-end=\"3743\"><strong data-start=\"3691\" data-end=\"3741\">1. k\u00e9rd\u00e9s: Mire haszn\u00e1lj\u00e1k a k\u00fapg\u00f6rg\u0151s csap\u00e1gyat?<\/strong><\/h3>\n<p data-start=\"3744\" data-end=\"3917\">A k\u00fapos g\u00f6rg\u0151s csap\u00e1gyakat \u00e1ltal\u00e1ban g\u00e9pj\u00e1rm\u0171tengelyekben, sebess\u00e9gv\u00e1lt\u00f3kban, b\u00e1nyag\u00e9pekben \u00e9s neh\u00e9zipari berendez\u00e9sekben haszn\u00e1lj\u00e1k, ahol kombin\u00e1lt radi\u00e1lis \u00e9s axi\u00e1lis terhel\u00e9s van jelen.<\/p>\n<h3 data-start=\"3919\" data-end=\"3980\"><strong data-start=\"3923\" data-end=\"3978\">2. k\u00e9rd\u00e9s: A k\u00fapos g\u00f6rg\u0151scsap\u00e1gyak elb\u00edrj\u00e1k a nagy terhel\u00e9st?<\/strong><\/h3>\n<p data-start=\"3981\" data-end=\"4110\">Igen. K\u00fapos kialak\u00edt\u00e1suk \u00e9s nagy \u00e9rintkez\u00e9si fel\u00fclet\u00fck miatt k\u00fcl\u00f6n\u00f6sen alkalmasak a nagy terhel\u00e9s\u0171 \u00e9s nagy \u00fct\u00e9shat\u00e1s\u00fa alkalmaz\u00e1sokhoz.<\/p>\n<h3 data-start=\"4112\" data-end=\"4156\"><strong data-start=\"4116\" data-end=\"4154\">3. k\u00e9rd\u00e9s: Kaphat\u00f3ak p\u00e1ros\u00edtott csap\u00e1gyak?<\/strong><\/h3>\n<p data-start=\"4157\" data-end=\"4284\">Igen. Az alkalmaz\u00e1si ig\u00e9nyek alapj\u00e1n egysoros, egym\u00e1s melletti, egym\u00e1ssal szemben l\u00e9v\u0151 vagy tandem p\u00e1ros\u00edtott k\u00fapg\u00f6rg\u0151s csap\u00e1gyakat tudunk sz\u00e1ll\u00edtani.<\/p>\n<h3 data-start=\"4286\" data-end=\"4329\"><strong data-start=\"4290\" data-end=\"4327\">4. k\u00e9rd\u00e9s: Milyen anyagok \u00e1llnak rendelkez\u00e9sre?<\/strong><\/h3>\n<p data-start=\"4330\" data-end=\"4454\">A szabv\u00e1nyos anyag a GCr15 (AISI 52100 egyen\u00e9rt\u00e9k\u0171). K\u00e9r\u00e9sre speci\u00e1lis \u00f6tv\u00f6z\u00f6tt ac\u00e9lok \u00e9s rozsdamentes ac\u00e9lok is biztos\u00edthat\u00f3k.<\/p>\n<h3 data-start=\"4456\" data-end=\"4499\"><strong data-start=\"4460\" data-end=\"4497\">5. k\u00e9rd\u00e9s: T\u00e1mogatja a testreszab\u00e1st?<\/strong><\/h3>\n<p data-start=\"4500\" data-end=\"4618\">Igen. A Wonzh t\u00e1mogatja az egyedi m\u00e9reteket, anyagokat, t\u00e1vols\u00e1gokat \u00e9s konfigur\u00e1ci\u00f3kat, hogy megfeleljen az egyedi teljes\u00edtm\u00e9nyk\u00f6vetelm\u00e9nyeknek.<\/p>","protected":false},"excerpt":{"rendered":"<p>A Wonzh \u00e1ltal sz\u00e1ll\u00edtott k\u00fapos g\u00f6rg\u0151scsap\u00e1gyak prec\u00edzi\u00f3s g\u00f6rd\u00fcl\u0151csap\u00e1gyak, amelyeket \u00fagy terveztek, hogy egy ir\u00e1nyban radi\u00e1lis \u00e9s axi\u00e1lis terhel\u00e9st is elviseljenek. K\u00fapos geometri\u00e1juknak k\u00f6sz\u00f6nhet\u0151en ezek a csap\u00e1gyak kiv\u00e1l\u00f3 teherb\u00edr\u00e1st, nagy merevs\u00e9get \u00e9s kiv\u00e1l\u00f3 tart\u00f3ss\u00e1got biztos\u00edtanak nagy ig\u00e9nybev\u00e9tel\u0171 \u00fczemi k\u00f6r\u00fclm\u00e9nyek k\u00f6z\u00f6tt.<\/p>","protected":false},"featured_media":1429,"comment_status":"open","ping_status":"closed","template":"","meta":{"site-sidebar-layout":"default","site-content-layout":"","ast-site-content-layout":"default","site-content-style":"default","site-sidebar-style":"default","ast-global-header-display":"","ast-banner-title-visibility":"","ast-main-header-display":"","ast-hfb-above-header-display":"","ast-hfb-below-header-display":"","ast-hfb-mobile-header-display":"","site-post-title":"","ast-breadcrumbs-content":"","ast-featured-img":"","footer-sml-layout":"","ast-disable-related-posts":"","theme-transparent-header-meta":"default","adv-header-id-meta":"","stick-header-meta":"default","header-above-stick-meta":"","header-main-stick-meta":"","header-below-stick-meta":"","astra-migrate-meta-layouts":"set","ast-page-background-enabled":"default","ast-page-background-meta":{"desktop":{"background-color":"","background-image":"","background-repeat":"repeat","background-position":"center center","background-size":"auto","background-attachment":"scroll","background-type":"","background-media":"","overlay-type":"","overlay-color":"","overlay-opacity":"","overlay-gradient":""},"tablet":{"background-color":"","background-image":"","background-repeat":"repeat","background-position":"center center","background-size":"auto","background-attachment":"scroll","background-type":"","background-media":"","overlay-type":"","overlay-color":"","overlay-opacity":"","overlay-gradient":""},"mobile":{"background-color":"","background-image":"","background-repeat":"repeat","background-position":"center center","background-size":"auto","background-attachment":"scroll","background-type":"","background-media":"","overlay-type":"","overlay-color":"","overlay-opacity":"","overlay-gradient":""}},"ast-content-background-meta":{"desktop":{"background-color":"var(--ast-global-color-5)","background-image":"","background-repeat":"repeat","background-position":"center center","background-size":"auto","background-attachment":"scroll","background-type":"","background-media":"","overlay-type":"","overlay-color":"","overlay-opacity":"","overlay-gradient":""},"tablet":{"background-color":"var(--ast-global-color-5)","background-image":"","background-repeat":"repeat","background-position":"center center","background-size":"auto","background-attachment":"scroll","background-type":"","background-media":"","overlay-type":"","overlay-color":"","overlay-opacity":"","overlay-gradient":""},"mobile":{"background-color":"var(--ast-global-color-5)","background-image":"","background-repeat":"repeat","background-position":"center center","background-size":"auto","background-attachment":"scroll","background-type":"","background-media":"","overlay-type":"","overlay-color":"","overlay-opacity":"","overlay-gradient":""}}},"product_brand":[],"product_cat":[15],"product_tag":[140,165,148,144,139,164,157,136,152,158,153,149,163,162],"class_list":{"0":"post-1428","1":"product","2":"type-product","3":"status-publish","4":"has-post-thumbnail","6":"product_cat-bearings-bearing-components","7":"product_tag-aisi-52100-bearing","8":"product_tag-automotive-axle-bearing","9":"product_tag-bearing-manufacturer-china","10":"product_tag-custom-bearings","11":"product_tag-gcr15-bearing","12":"product_tag-gearbox-bearing","13":"product_tag-heavy-load-bearing","14":"product_tag-industrial-bearings","15":"product_tag-industrial-components","16":"product_tag-mining-machinery-bearing","17":"product_tag-oem-bearings","18":"product_tag-precision-bearings","19":"product_tag-radial-and-axial-bearing","20":"product_tag-tapered-roller-bearing","21":"desktop-align-left","22":"tablet-align-left","23":"mobile-align-left","25":"first","26":"instock","27":"shipping-taxable","28":"product-type-simple"},"_links":{"self":[{"href":"https:\/\/www.wonzh.com\/hu\/wp-json\/wp\/v2\/product\/1428","targetHints":{"allow":["GET"]}}],"collection":[{"href":"https:\/\/www.wonzh.com\/hu\/wp-json\/wp\/v2\/product"}],"about":[{"href":"https:\/\/www.wonzh.com\/hu\/wp-json\/wp\/v2\/types\/product"}],"replies":[{"embeddable":true,"href":"https:\/\/www.wonzh.com\/hu\/wp-json\/wp\/v2\/comments?post=1428"}],"wp:featuredmedia":[{"embeddable":true,"href":"https:\/\/www.wonzh.com\/hu\/wp-json\/wp\/v2\/media\/1429"}],"wp:attachment":[{"href":"https:\/\/www.wonzh.com\/hu\/wp-json\/wp\/v2\/media?parent=1428"}],"wp:term":[{"taxonomy":"product_brand","embeddable":true,"href":"https:\/\/www.wonzh.com\/hu\/wp-json\/wp\/v2\/product_brand?post=1428"},{"taxonomy":"product_cat","embeddable":true,"href":"https:\/\/www.wonzh.com\/hu\/wp-json\/wp\/v2\/product_cat?post=1428"},{"taxonomy":"product_tag","embeddable":true,"href":"https:\/\/www.wonzh.com\/hu\/wp-json\/wp\/v2\/product_tag?post=1428"}],"curies":[{"name":"wp","href":"https:\/\/api.w.org\/{rel}","templated":true}]}}