{"id":2155,"date":"2026-04-29T15:46:24","date_gmt":"2026-04-29T15:46:24","guid":{"rendered":"https:\/\/www.wonzh.com\/?post_type=product&#038;p=2155"},"modified":"2026-04-29T15:46:25","modified_gmt":"2026-04-29T15:46:25","slug":"boite-de-derivation-de-cable-de-la-serie-dfw-boite-de-jonction-de-distribution-de-cable-entierement-isolee-pour-systeme-de-reseau-de-cables-denergie-a-lexterieur-a-linterieur-et-sous-terre","status":"publish","type":"product","link":"https:\/\/www.wonzh.com\/fr\/product\/dfw-series-cable-branch-box-outdoor-indoor-underground-fully-insulated-cable-distribution-junction-box-for-power-cable-network-system\/","title":{"rendered":"Bo\u00eete de d\u00e9rivation de c\u00e2bles de la s\u00e9rie DFW (bo\u00eete de jonction de distribution de c\u00e2bles enti\u00e8rement isol\u00e9e pour syst\u00e8me de r\u00e9seau de c\u00e2bles d'\u00e9nergie, \u00e0 l'ext\u00e9rieur, \u00e0 l'int\u00e9rieur et \u00e0 l'int\u00e9rieur du sol)"},"content":{"rendered":"<p data-start=\"267\" data-end=\"438\">La bo\u00eete de d\u00e9rivation de c\u00e2bles de la s\u00e9rie DFW est un dispositif polyvalent de distribution et de connexion de c\u00e2bles de moyenne et basse tension, con\u00e7u pour les syst\u00e8mes modernes de mise en r\u00e9seau des c\u00e2bles d'alimentation.<\/p>\n<p data-start=\"440\" data-end=\"483\">Il est disponible en plusieurs configurations :<\/p>\n<ul data-start=\"484\" data-end=\"585\">\n<li data-section-id=\"1b1rycm\" data-start=\"484\" data-end=\"518\">Bo\u00eete de d\u00e9rivation de c\u00e2ble de type am\u00e9ricain<\/li>\n<li data-section-id=\"4zhipb\" data-start=\"519\" data-end=\"553\">Bo\u00eete de d\u00e9rivation de c\u00e2ble de type europ\u00e9en<\/li>\n<li data-section-id=\"1y53ypx\" data-start=\"554\" data-end=\"585\">Bo\u00eete de d\u00e9rivation de type interrupteur de charge<\/li>\n<\/ul>\n<p data-start=\"587\" data-end=\"610\">Il peut \u00eatre install\u00e9 dans :<\/p>\n<ul data-start=\"611\" data-end=\"688\">\n<li data-section-id=\"ogmok6\" data-start=\"611\" data-end=\"635\">Environnements ext\u00e9rieurs<\/li>\n<li data-section-id=\"1ga8o2c\" data-start=\"636\" data-end=\"658\">Sous-stations int\u00e9rieures<\/li>\n<li data-section-id=\"4gvg0a\" data-start=\"659\" data-end=\"688\">Installations souterraines<\/li>\n<\/ul>\n<p data-start=\"690\" data-end=\"738\">Le syst\u00e8me est utilis\u00e9 pour connecter les c\u00e2bles d'alimentation avec :<\/p>\n<ul data-start=\"739\" data-end=\"850\">\n<li data-section-id=\"1wb0xsk\" data-start=\"739\" data-end=\"767\">Transformateurs sur socle<\/li>\n<li data-section-id=\"204qt5\" data-start=\"768\" data-end=\"792\">Armoires de commutation de charge<\/li>\n<li data-section-id=\"1n6bpa2\" data-start=\"793\" data-end=\"824\">Appareils de commutation \u00e0 combinaison de fusibles<\/li>\n<li data-section-id=\"1nbsyjz\" data-start=\"825\" data-end=\"850\">Unit\u00e9s principales en anneau (RMU)<\/li>\n<\/ul>\n<p data-start=\"852\" data-end=\"955\">\ud83d\udc49 Il assure les fonctions de d\u00e9rivation, de distribution, de transfert et d'interconnexion des c\u00e2bles \u00e9lectriques.<\/p>\n<hr data-start=\"957\" data-end=\"960\" \/>\n<h2 data-section-id=\"17fvu7l\" data-start=\"962\" data-end=\"980\">\ud83d\udd39 Caract\u00e9ristiques principales<\/h2>\n<h3 data-section-id=\"83kma6\" data-start=\"982\" data-end=\"1022\">\u2714 Int\u00e9gration d'un r\u00e9seau c\u00e2bl\u00e9 flexible<\/h3>\n<ul data-start=\"1023\" data-end=\"1127\">\n<li data-section-id=\"1xveqe0\" data-start=\"1023\" data-end=\"1076\">Prise en charge de plusieurs configurations de connexion par c\u00e2ble<\/li>\n<li data-section-id=\"qn3ivt\" data-start=\"1077\" data-end=\"1127\">Compatible avec divers \u00e9quipements de distribution<\/li>\n<\/ul>\n<p data-start=\"1129\" data-end=\"1174\">\ud83d\udc49 Permet une extension flexible du r\u00e9seau \u00e9lectrique<\/p>\n<hr data-start=\"1176\" data-end=\"1179\" \/>\n<h3 data-section-id=\"eb4elr\" data-start=\"1181\" data-end=\"1218\">\u2714 Conception enti\u00e8rement isol\u00e9e et \u00e9tanche<\/h3>\n<ul data-start=\"1219\" data-end=\"1318\">\n<li data-section-id=\"j9zwqu\" data-start=\"1219\" data-end=\"1256\">Syst\u00e8me de connecteurs de c\u00e2bles pr\u00e9-moul\u00e9s<\/li>\n<li data-section-id=\"7jmlji\" data-start=\"1257\" data-end=\"1286\">Structure enti\u00e8rement isol\u00e9e<\/li>\n<li data-section-id=\"1p7zya\" data-start=\"1287\" data-end=\"1318\">Enti\u00e8rement scell\u00e9 et imperm\u00e9able<\/li>\n<\/ul>\n<p data-start=\"1320\" data-end=\"1369\">\ud83d\udc49 Assure un fonctionnement s\u00fbr dans des environnements difficiles<\/p>\n<hr data-start=\"1371\" data-end=\"1374\" \/>\n<h3 data-section-id=\"11uvrqb\" data-start=\"1376\" data-end=\"1408\">\u2714 Fonctionnement sans entretien<\/h3>\n<ul data-start=\"1409\" data-end=\"1473\">\n<li data-section-id=\"1s9s2lf\" data-start=\"1409\" data-end=\"1444\">Aucun entretien de routine n'est n\u00e9cessaire<\/li>\n<li data-section-id=\"3m3xcb\" data-start=\"1445\" data-end=\"1473\">Conception \u00e0 longue dur\u00e9e de vie<\/li>\n<\/ul>\n<p data-start=\"1475\" data-end=\"1518\">\ud83d\udc49 R\u00e9duction des co\u00fbts d'exploitation et de maintenance<\/p>\n<hr data-start=\"1520\" data-end=\"1523\" \/>\n<h3 data-section-id=\"1yk88wo\" data-start=\"1525\" data-end=\"1554\">\u2714 Haute performance en mati\u00e8re de s\u00e9curit\u00e9<\/h3>\n<ul data-start=\"1555\" data-end=\"1668\">\n<li data-section-id=\"1sbxal4\" data-start=\"1555\" data-end=\"1590\">Connecteurs isol\u00e9s \u00e0 s\u00e9curit\u00e9 tactile<\/li>\n<li data-section-id=\"1j4yelu\" data-start=\"1591\" data-end=\"1626\">Conception \u00e9tanche \u00e0 l'eau et \u00e0 la poussi\u00e8re<\/li>\n<li data-section-id=\"xrwnq4\" data-start=\"1627\" data-end=\"1668\">Grande fiabilit\u00e9 en fonctionnement ext\u00e9rieur<\/li>\n<\/ul>\n<hr data-start=\"1670\" data-end=\"1673\" \/>\n<h3 data-section-id=\"5ae8zy\" data-start=\"1675\" data-end=\"1710\">\u2714 Options d'installation multiples<\/h3>\n<ul data-start=\"1711\" data-end=\"1789\">\n<li data-section-id=\"1psv4z0\" data-start=\"1711\" data-end=\"1729\">Montage au sol<\/li>\n<li data-section-id=\"15dtqpx\" data-start=\"1730\" data-end=\"1753\">Installation \u00e0 l'int\u00e9rieur<\/li>\n<li data-section-id=\"drzzpw\" data-start=\"1754\" data-end=\"1789\">Installation souterraine enterr\u00e9e<\/li>\n<\/ul>\n<p data-start=\"1791\" data-end=\"1840\">\ud83d\udc49 Adapt\u00e9 \u00e0 diff\u00e9rents sc\u00e9narios d'ing\u00e9nierie<\/p>\n<hr data-start=\"1842\" data-end=\"1845\" \/>\n<h3 data-section-id=\"lo4pv\" data-start=\"1847\" data-end=\"1871\">Compatibilit\u00e9 \u00e9tendue<\/h3>\n<p data-start=\"1872\" data-end=\"1889\">Peut se connecter avec :<\/p>\n<ul data-start=\"1890\" data-end=\"2006\">\n<li data-section-id=\"9e8jry\" data-start=\"1890\" data-end=\"1917\">Postes de transformation<\/li>\n<li data-section-id=\"204qt5\" data-start=\"1918\" data-end=\"1942\">Armoires de commutation de charge<\/li>\n<li data-section-id=\"17bv308\" data-start=\"1943\" data-end=\"1971\">Syst\u00e8mes de r\u00e9seaux en anneau RMU<\/li>\n<li data-section-id=\"1hei0ww\" data-start=\"1972\" data-end=\"2006\">Appareils de commutation \u00e9lectrique combin\u00e9s<\/li>\n<\/ul>\n<hr data-start=\"2008\" data-end=\"2011\" \/>\n<h2 data-section-id=\"1hq6i26\" data-start=\"2013\" data-end=\"2036\">\ud83d\udd39 Conception structurelle<\/h2>\n<h3 data-section-id=\"1y35nqk\" data-start=\"2038\" data-end=\"2067\">\ud83d\udd38 Syst\u00e8me de connecteur de c\u00e2ble<\/h3>\n<ul data-start=\"2068\" data-end=\"2151\">\n<li data-section-id=\"alh734\" data-start=\"2068\" data-end=\"2103\">Connecteurs isol\u00e9s pr\u00e9-moul\u00e9s<\/li>\n<li data-section-id=\"1c3b4xr\" data-start=\"2104\" data-end=\"2151\">Plusieurs tailles et configurations disponibles<\/li>\n<\/ul>\n<hr data-start=\"2153\" data-end=\"2156\" \/>\n<h3 data-section-id=\"10wxqng\" data-start=\"2158\" data-end=\"2184\">\ud83d\udd38 Structure de l'enceinte<\/h3>\n<ul data-start=\"2185\" data-end=\"2286\">\n<li data-section-id=\"3ajclp\" data-start=\"2185\" data-end=\"2214\">Bo\u00eetier r\u00e9sistant aux intemp\u00e9ries<\/li>\n<li data-section-id=\"1twjtjg\" data-start=\"2215\" data-end=\"2244\">Protection anticorrosion<\/li>\n<li data-section-id=\"127ycka\" data-start=\"2245\" data-end=\"2286\">Convient aux conditions ext\u00e9rieures difficiles<\/li>\n<\/ul>\n<hr data-start=\"2288\" data-end=\"2291\" \/>\n<h3 data-section-id=\"1u5i8v2\" data-start=\"2293\" data-end=\"2317\">\ud83d\udd38 Conception fonctionnelle<\/h3>\n<ul data-start=\"2318\" data-end=\"2406\">\n<li data-section-id=\"1wjoi39\" data-start=\"2318\" data-end=\"2337\">D\u00e9rivation du c\u00e2ble<\/li>\n<li data-section-id=\"1nucvvf\" data-start=\"2338\" data-end=\"2360\">Distribution de c\u00e2bles<\/li>\n<li data-section-id=\"1o2p1be\" data-start=\"2361\" data-end=\"2379\">Transfert de c\u00e2ble<\/li>\n<li data-section-id=\"koqqbj\" data-start=\"2380\" data-end=\"2406\">Interconnexion des syst\u00e8mes<\/li>\n<\/ul>\n<hr data-start=\"2408\" data-end=\"2411\" \/>\n<h2 data-section-id=\"15du31k\" data-start=\"2413\" data-end=\"2431\">\ud83d\udd39 Applications<\/h2>\n<p data-start=\"2433\" data-end=\"2476\">La bo\u00eete de d\u00e9rivation de c\u00e2ble DFW est largement utilis\u00e9e dans :<\/p>\n<ul data-start=\"2478\" data-end=\"2684\">\n<li data-section-id=\"cptaoa\" data-start=\"2478\" data-end=\"2515\">R\u00e9seaux urbains de distribution d'\u00e9lectricit\u00e9<\/li>\n<li data-section-id=\"16vuyds\" data-start=\"2516\" data-end=\"2544\">Syst\u00e8mes de c\u00e2bles industriels<\/li>\n<li data-section-id=\"zs3gyb\" data-start=\"2545\" data-end=\"2586\">Infrastructure \u00e9lectrique r\u00e9sidentielle<\/li>\n<li data-section-id=\"hfihxt\" data-start=\"2587\" data-end=\"2611\">B\u00e2timents commerciaux<\/li>\n<li data-section-id=\"rysg9z\" data-start=\"2612\" data-end=\"2653\">Syst\u00e8mes de distribution des \u00e9nergies renouvelables<\/li>\n<li data-section-id=\"7b60u9\" data-start=\"2654\" data-end=\"2684\">R\u00e9seaux de c\u00e2bles souterrains<\/li>\n<\/ul>\n<hr data-start=\"2686\" data-end=\"2689\" \/>\n<h2 data-section-id=\"1rg4wz9\" data-start=\"2691\" data-end=\"2715\">\ud83d\udd39 R\u00e9sum\u00e9 des avantages<\/h2>\n<ul data-start=\"2717\" data-end=\"2982\">\n<li data-section-id=\"1cqn87z\" data-start=\"2717\" data-end=\"2757\">Structure enti\u00e8rement isol\u00e9e et \u00e9tanche<\/li>\n<li data-section-id=\"yjho9c\" data-start=\"2758\" data-end=\"2803\">Syst\u00e8me de connexion des c\u00e2bles s\u00fbr et fiable<\/li>\n<li data-section-id=\"phyv7z\" data-start=\"2804\" data-end=\"2851\">Distribution flexible et multidirectionnelle des c\u00e2bles<\/li>\n<li data-section-id=\"sjf3fy\" data-start=\"2852\" data-end=\"2905\">Convient pour une utilisation \u00e0 l'int\u00e9rieur, \u00e0 l'ext\u00e9rieur et sous terre<\/li>\n<li data-section-id=\"1ysv9yx\" data-start=\"2906\" data-end=\"2936\">Fonctionnement sans entretien<\/li>\n<li data-section-id=\"1azmre0\" data-start=\"2937\" data-end=\"2982\">Id\u00e9al pour les syst\u00e8mes modernes de r\u00e9seaux c\u00e2bl\u00e9s<\/li>\n<\/ul>\n<hr data-start=\"2984\" data-end=\"2987\" \/>\n<h1 data-section-id=\"1lxd8kj\" data-start=\"2989\" data-end=\"2996\">\u2753 FAQ<\/h1>\n<h3 data-section-id=\"10d5nh0\" data-start=\"2998\" data-end=\"3046\">1\ufe0f\u20e3 A quoi sert une bo\u00eete de d\u00e9rivation du c\u00e2ble DFW ?<\/h3>\n<p data-start=\"3048\" data-end=\"3145\">Il est utilis\u00e9 pour :<br \/>\n\ud83d\udc49 Distribution, d\u00e9rivation et interconnexion des c\u00e2bles dans les r\u00e9seaux de c\u00e2bles \u00e9lectriques<\/p>\n<hr data-start=\"3147\" data-end=\"3150\" \/>\n<h3 data-section-id=\"m8r8u4\" data-start=\"3152\" data-end=\"3192\">2\ufe0f\u20e3 Peut-il \u00eatre install\u00e9 sous terre ?<\/h3>\n<p data-start=\"3194\" data-end=\"3262\">Oui, il prend en charge :<br \/>\n\ud83d\udc49 Installation \u00e0 l'ext\u00e9rieur, \u00e0 l'int\u00e9rieur et souterraine<\/p>\n<hr data-start=\"3264\" data-end=\"3267\" \/>\n<h3 data-section-id=\"3v9qy9\" data-start=\"3269\" data-end=\"3312\">3\ufe0f\u20e3 Le syst\u00e8me peut-il \u00eatre utilis\u00e9 \u00e0 l'ext\u00e9rieur ?<\/h3>\n<p data-start=\"3314\" data-end=\"3331\">Oui, c'est le cas :<\/p>\n<ul data-start=\"3332\" data-end=\"3420\">\n<li data-section-id=\"1rm48rt\" data-start=\"3332\" data-end=\"3358\">Conception enti\u00e8rement isol\u00e9e<\/li>\n<li data-section-id=\"1n1cccd\" data-start=\"3359\" data-end=\"3394\">Structure \u00e9tanche et scell\u00e9e<\/li>\n<li data-section-id=\"rm0pq9\" data-start=\"3395\" data-end=\"3420\">Connecteurs \u00e0 s\u00e9curit\u00e9 tactile<\/li>\n<\/ul>\n<hr data-start=\"3422\" data-end=\"3425\" \/>\n<h3 data-section-id=\"b3qzgx\" data-start=\"3427\" data-end=\"3463\">4\ufe0f\u20e3 Doit-il \u00eatre entretenu ?<\/h3>\n<p data-start=\"3465\" data-end=\"3529\">Non, c'est le cas :<br \/>\n\ud83d\udc49 Conception sans entretien et longue dur\u00e9e de vie<\/p>\n<hr data-start=\"3531\" data-end=\"3534\" \/>\n<h3 data-section-id=\"17drfyl\" data-start=\"3536\" data-end=\"3579\">5\ufe0f\u20e3 Avec quel \u00e9quipement peut-il \u00eatre connect\u00e9 ?<\/h3>\n<p data-start=\"3581\" data-end=\"3604\">Il peut \u00eatre connect\u00e9 \u00e0 :<\/p>\n<ul data-start=\"3605\" data-end=\"3704\">\n<li data-section-id=\"nqkthc\" data-start=\"3605\" data-end=\"3621\">Transformateurs<\/li>\n<li data-section-id=\"h6gab3\" data-start=\"3622\" data-end=\"3647\">RMU (Ring Main Units)<\/li>\n<li data-section-id=\"204qt5\" data-start=\"3648\" data-end=\"3672\">Armoires de commutation de charge<\/li>\n<li data-section-id=\"rbnifp\" data-start=\"3673\" data-end=\"3704\">Syst\u00e8mes \u00e9lectriques combin\u00e9s<\/li>\n<\/ul>","protected":false},"excerpt":{"rendered":"<p data-start=\"267\" data-end=\"438\">La bo\u00eete de d\u00e9rivation de c\u00e2bles de la s\u00e9rie DFW est un dispositif polyvalent de distribution et de connexion de c\u00e2bles de moyenne et basse tension, con\u00e7u pour les syst\u00e8mes modernes de mise en r\u00e9seau des c\u00e2bles d'alimentation.<\/p>\n<p data-start=\"440\" data-end=\"483\">Il est disponible en plusieurs configurations :<\/p>\n<ul data-start=\"484\" data-end=\"585\">\n<li data-section-id=\"1b1rycm\" data-start=\"484\" data-end=\"518\">Bo\u00eete de d\u00e9rivation de c\u00e2ble de type am\u00e9ricain<\/li>\n<li data-section-id=\"4zhipb\" data-start=\"519\" data-end=\"553\">Bo\u00eete de d\u00e9rivation de c\u00e2ble de type europ\u00e9en<\/li>\n<li data-section-id=\"1y53ypx\" data-start=\"554\" data-end=\"585\">Bo\u00eete de d\u00e9rivation de type interrupteur de charge<\/li>\n<\/ul>","protected":false},"featured_media":2158,"comment_status":"open","ping_status":"closed","template":"","meta":{"site-sidebar-layout":"default","site-content-layout":"","ast-site-content-layout":"default","site-content-style":"default","site-sidebar-style":"default","ast-global-header-display":"","ast-banner-title-visibility":"","ast-main-header-display":"","ast-hfb-above-header-display":"","ast-hfb-below-header-display":"","ast-hfb-mobile-header-display":"","site-post-title":"","ast-breadcrumbs-content":"","ast-featured-img":"","footer-sml-layout":"","ast-disable-related-posts":"","theme-transparent-header-meta":"default","adv-header-id-meta":"","stick-header-meta":"","header-above-stick-meta":"","header-main-stick-meta":"","header-below-stick-meta":"","astra-migrate-meta-layouts":"set","ast-page-background-enabled":"default","ast-page-background-meta":{"desktop":{"background-color":"","background-image":"","background-repeat":"repeat","background-position":"center center","background-size":"auto","background-attachment":"scroll","background-type":"","background-media":"","overlay-type":"","overlay-color":"","overlay-opacity":"","overlay-gradient":""},"tablet":{"background-color":"","background-image":"","background-repeat":"repeat","background-position":"center center","background-size":"auto","background-attachment":"scroll","background-type":"","background-media":"","overlay-type":"","overlay-color":"","overlay-opacity":"","overlay-gradient":""},"mobile":{"background-color":"","background-image":"","background-repeat":"repeat","background-position":"center center","background-size":"auto","background-attachment":"scroll","background-type":"","background-media":"","overlay-type":"","overlay-color":"","overlay-opacity":"","overlay-gradient":""}},"ast-content-background-meta":{"desktop":{"background-color":"var(--ast-global-color-5)","background-image":"","background-repeat":"repeat","background-position":"center center","background-size":"auto","background-attachment":"scroll","background-type":"","background-media":"","overlay-type":"","overlay-color":"","overlay-opacity":"","overlay-gradient":""},"tablet":{"background-color":"var(--ast-global-color-5)","background-image":"","background-repeat":"repeat","background-position":"center center","background-size":"auto","background-attachment":"scroll","background-type":"","background-media":"","overlay-type":"","overlay-color":"","overlay-opacity":"","overlay-gradient":""},"mobile":{"background-color":"var(--ast-global-color-5)","background-image":"","background-repeat":"repeat","background-position":"center center","background-size":"auto","background-attachment":"scroll","background-type":"","background-media":"","overlay-type":"","overlay-color":"","overlay-opacity":"","overlay-gradient":""}}},"product_brand":[],"product_cat":[2036,2032],"product_tag":[2164,2165,2163,2170,2167,2171,2169,2166,2172,2168],"class_list":{"0":"post-2155","1":"product","2":"type-product","3":"status-publish","4":"has-post-thumbnail","6":"product_cat-renewable-energy-products","7":"product_cat-electrical-equipment","8":"product_tag-cable-distribution-box","9":"product_tag-cable-junction-box","10":"product_tag-dfw-cable-branch-box","11":"product_tag-electrical-cable-network-equipment","12":"product_tag-fully-insulated-cable-box","13":"product_tag-medium-voltage-cable-system","14":"product_tag-outdoor-cable-branch-cabinet","15":"product_tag-power-cable-branch-system","16":"product_tag-power-distribution-accessories","17":"product_tag-underground-cable-distribution-box","18":"desktop-align-left","19":"tablet-align-left","20":"mobile-align-left","22":"first","23":"instock","24":"shipping-taxable","25":"product-type-simple"},"_links":{"self":[{"href":"https:\/\/www.wonzh.com\/fr\/wp-json\/wp\/v2\/product\/2155","targetHints":{"allow":["GET"]}}],"collection":[{"href":"https:\/\/www.wonzh.com\/fr\/wp-json\/wp\/v2\/product"}],"about":[{"href":"https:\/\/www.wonzh.com\/fr\/wp-json\/wp\/v2\/types\/product"}],"replies":[{"embeddable":true,"href":"https:\/\/www.wonzh.com\/fr\/wp-json\/wp\/v2\/comments?post=2155"}],"wp:featuredmedia":[{"embeddable":true,"href":"https:\/\/www.wonzh.com\/fr\/wp-json\/wp\/v2\/media\/2158"}],"wp:attachment":[{"href":"https:\/\/www.wonzh.com\/fr\/wp-json\/wp\/v2\/media?parent=2155"}],"wp:term":[{"taxonomy":"product_brand","embeddable":true,"href":"https:\/\/www.wonzh.com\/fr\/wp-json\/wp\/v2\/product_brand?post=2155"},{"taxonomy":"product_cat","embeddable":true,"href":"https:\/\/www.wonzh.com\/fr\/wp-json\/wp\/v2\/product_cat?post=2155"},{"taxonomy":"product_tag","embeddable":true,"href":"https:\/\/www.wonzh.com\/fr\/wp-json\/wp\/v2\/product_tag?post=2155"}],"curies":[{"name":"wp","href":"https:\/\/api.w.org\/{rel}","templated":true}]}}