{"id":2153,"date":"2026-04-29T15:31:51","date_gmt":"2026-04-29T15:31:51","guid":{"rendered":"https:\/\/www.wonzh.com\/?post_type=product&#038;p=2153"},"modified":"2026-04-29T15:31:53","modified_gmt":"2026-04-29T15:31:53","slug":"zgs13-wind-solar-power-pad-mounted-step-up-transformer-0-69kv-to-10kv-35kv-compact-substation-transformer-for-renewable-energy-systems","status":"publish","type":"product","link":"https:\/\/www.wonzh.com\/fr\/product\/zgs13-wind-solar-power-pad-mounted-step-up-transformer-0-69kv-to-10kv-35kv-compact-substation-transformer-for-renewable-energy-systems\/","title":{"rendered":"ZGS13 Wind &amp; Solar Power Pad-Mounted Step-Up Transformer (0.69kV to 10kV \/ 35kV Compact Substation Transformer for Renewable Energy Systems)"},"content":{"rendered":"<p data-start=\"283\" data-end=\"466\">Le transformateur \u00e9l\u00e9vateur d\u00e9di\u00e9 \u00e0 l'\u00e9nergie \u00e9olienne et solaire de la s\u00e9rie ZGS13 est un transformateur compact int\u00e9gr\u00e9 de type sous-station con\u00e7u pour les syst\u00e8mes de production d'\u00e9nergie renouvelable.<\/p>\n<p data-start=\"468\" data-end=\"532\">Il combine les \u00e9l\u00e9ments suivants dans une structure compacte :<\/p>\n<ul data-start=\"533\" data-end=\"630\">\n<li data-section-id=\"159gwlz\" data-start=\"533\" data-end=\"565\">Noyau et enroulement du transformateur<\/li>\n<li data-section-id=\"1nd1vfv\" data-start=\"566\" data-end=\"580\">Appareillage<\/li>\n<li data-section-id=\"1gutmwu\" data-start=\"581\" data-end=\"590\">Fusibles<\/li>\n<li data-section-id=\"1b2jgah\" data-start=\"591\" data-end=\"606\">Changeur de robinet<\/li>\n<li data-section-id=\"1d1nt9k\" data-start=\"607\" data-end=\"630\">\u00c9quipements auxiliaires<\/li>\n<\/ul>\n<p data-start=\"632\" data-end=\"762\">L'unit\u00e9 utilise de l'huile isolante de transformateur comme moyen d'isolation et de refroidissement, ce qui garantit un rendement \u00e9lev\u00e9 et un fonctionnement stable.<\/p>\n<p data-start=\"764\" data-end=\"889\">Il est con\u00e7u pour convertir l'\u00e9nergie g\u00e9n\u00e9r\u00e9e par :<br \/>\n\ud83d\udc49 0,69kV (0,27-1,14kV)<br data-start=\"839\" data-end=\"842\" \/>en<br data-start=\"846\" data-end=\"849\" \/>\ud83d\udc49 10kV ou 35kV niveau de moyenne tension<\/p>\n<p data-start=\"891\" data-end=\"954\">pour le transport sur le r\u00e9seau via des c\u00e2bles souterrains ou des lignes a\u00e9riennes.<\/p>\n<hr data-start=\"956\" data-end=\"959\" \/>\n<h2 data-section-id=\"lmz2ep\" data-start=\"961\" data-end=\"984\">\ud83d\udd39 Champ d'application<\/h2>\n<p data-start=\"986\" data-end=\"1001\">Largement utilis\u00e9 dans :<\/p>\n<ul data-start=\"1002\" data-end=\"1152\">\n<li data-section-id=\"2kgmpf\" data-start=\"1002\" data-end=\"1035\">Syst\u00e8mes de production d'\u00e9nergie \u00e9olienne<\/li>\n<li data-section-id=\"aj1s75\" data-start=\"1036\" data-end=\"1076\">Centrales solaires photovolta\u00efques (PV)<\/li>\n<li data-section-id=\"x0107k\" data-start=\"1077\" data-end=\"1120\">Sous-stations de collecte d'\u00e9nergie renouvelable<\/li>\n<li data-section-id=\"dyo4pr\" data-start=\"1121\" data-end=\"1152\">Projets d'\u00e9nergie distribu\u00e9e<\/li>\n<\/ul>\n<hr data-start=\"1154\" data-end=\"1157\" \/>\n<h2 data-section-id=\"17fvu7l\" data-start=\"1159\" data-end=\"1177\">\ud83d\udd39 Caract\u00e9ristiques principales<\/h2>\n<h3 data-section-id=\"8xngy4\" data-start=\"1179\" data-end=\"1209\">\u2714 Conception hautement int\u00e9gr\u00e9e<\/h3>\n<ul data-start=\"1210\" data-end=\"1338\">\n<li data-section-id=\"18mz8ju\" data-start=\"1210\" data-end=\"1282\">Transformateur + appareillage + dispositifs de protection int\u00e9gr\u00e9s dans une seule unit\u00e9<\/li>\n<li data-section-id=\"h1zq8k\" data-start=\"1283\" data-end=\"1338\">Structure compacte adapt\u00e9e \u00e0 l'installation en ext\u00e9rieur<\/li>\n<\/ul>\n<p data-start=\"1340\" data-end=\"1392\">\ud83d\udc49 R\u00e9duit la complexit\u00e9 du syst\u00e8me et les co\u00fbts d'installation<\/p>\n<hr data-start=\"1394\" data-end=\"1397\" \/>\n<h3 data-section-id=\"13rpt0v\" data-start=\"1399\" data-end=\"1429\">\u2714 Conversion d'\u00e9nergie par paliers<\/h3>\n<ul data-start=\"1430\" data-end=\"1532\">\n<li data-section-id=\"n0iuwa\" data-start=\"1430\" data-end=\"1490\">Convertit la production de basse tension en moyenne tension<\/li>\n<li data-section-id=\"1udo1p2\" data-start=\"1491\" data-end=\"1532\">Prise en charge des exigences en mati\u00e8re de connexion au r\u00e9seau<\/li>\n<\/ul>\n<p data-start=\"1534\" data-end=\"1590\">\ud83d\udc49 Essentiel pour les syst\u00e8mes de transmission des \u00e9nergies renouvelables<\/p>\n<hr data-start=\"1592\" data-end=\"1595\" \/>\n<h3 data-section-id=\"dsrx6t\" data-start=\"1597\" data-end=\"1643\">Syst\u00e8me d'isolation et de refroidissement par immersion dans l'huile<\/h3>\n<ul data-start=\"1644\" data-end=\"1734\">\n<li data-section-id=\"13xv2st\" data-start=\"1644\" data-end=\"1734\">Utilise de l'huile isolante comme :\n<ul data-start=\"1672\" data-end=\"1734\">\n<li data-section-id=\"s7zkff\" data-start=\"1672\" data-end=\"1704\">Milieu d'isolation \u00e9lectrique<\/li>\n<li data-section-id=\"m3lgqs\" data-start=\"1707\" data-end=\"1734\">Moyen de dissipation de la chaleur<\/li>\n<\/ul>\n<\/li>\n<\/ul>\n<p data-start=\"1736\" data-end=\"1775\">\ud83d\udc49 Assure un fonctionnement stable \u00e0 long terme<\/p>\n<hr data-start=\"1777\" data-end=\"1780\" \/>\n<h3 data-section-id=\"q0elz3\" data-start=\"1782\" data-end=\"1823\">Installation rapide et d\u00e9ploiement facile<\/h3>\n<ul data-start=\"1824\" data-end=\"1894\">\n<li data-section-id=\"1oiyy76\" data-start=\"1824\" data-end=\"1856\">Conception pr\u00e9-assembl\u00e9e en usine<\/li>\n<li data-section-id=\"8zqbpt\" data-start=\"1857\" data-end=\"1894\">Travaux d'installation minimaux sur place<\/li>\n<\/ul>\n<p data-start=\"1896\" data-end=\"1938\">\ud83d\udc49 Id\u00e9al pour les parcs \u00e9oliens et solaires \u00e9loign\u00e9s<\/p>\n<hr data-start=\"1940\" data-end=\"1943\" \/>\n<h3 data-section-id=\"1ney3w6\" data-start=\"1945\" data-end=\"1976\">S\u00e9curit\u00e9 et fiabilit\u00e9 \u00e9lev\u00e9es<\/h3>\n<ul data-start=\"1977\" data-end=\"2059\">\n<li data-section-id=\"18wyaby\" data-start=\"1977\" data-end=\"2005\">Structure enti\u00e8rement ferm\u00e9e<\/li>\n<li data-section-id=\"1yfbqna\" data-start=\"2006\" data-end=\"2059\">Syst\u00e8me de protection int\u00e9gr\u00e9 (fusibles + appareillage)<\/li>\n<\/ul>\n<p data-start=\"2061\" data-end=\"2105\">\ud83d\udc49 Adapt\u00e9 aux environnements ext\u00e9rieurs difficiles<\/p>\n<hr data-start=\"2107\" data-end=\"2110\" \/>\n<h3 data-section-id=\"1ukkhrg\" data-start=\"2112\" data-end=\"2149\">Efficacit\u00e9 \u00e9nerg\u00e9tique et respect de l'environnement<\/h3>\n<ul data-start=\"2150\" data-end=\"2242\">\n<li data-section-id=\"10oncp9\" data-start=\"2150\" data-end=\"2169\">Conception \u00e0 faible perte<\/li>\n<li data-section-id=\"19wmozq\" data-start=\"2170\" data-end=\"2203\">Performance thermique optimis\u00e9e<\/li>\n<li data-section-id=\"14ijk6v\" data-start=\"2204\" data-end=\"2242\">Fonctionnement respectueux de l'environnement<\/li>\n<\/ul>\n<hr data-start=\"2244\" data-end=\"2247\" \/>\n<h3 data-section-id=\"mvgs39\" data-start=\"2249\" data-end=\"2285\">\u2714 Configuration flexible de la tension<\/h3>\n<p data-start=\"2286\" data-end=\"2295\">Soutient :<\/p>\n<ul data-start=\"2296\" data-end=\"2363\">\n<li data-section-id=\"mzelvn\" data-start=\"2296\" data-end=\"2332\">Entr\u00e9e 0,69 kV (plage 0,27-1,14 kV)<\/li>\n<li data-section-id=\"11dvkj3\" data-start=\"2333\" data-end=\"2363\">Options de sortie 10kV \/ 35kV<\/li>\n<\/ul>\n<hr data-start=\"2365\" data-end=\"2368\" \/>\n<h2 data-section-id=\"149biba\" data-start=\"2370\" data-end=\"2393\">\ud83d\udd39 Principe de fonctionnement<\/h2>\n<ol data-start=\"2395\" data-end=\"2716\">\n<li data-section-id=\"4w3r9l\" data-start=\"2395\" data-end=\"2477\">L'\u00e9lectricit\u00e9 produite par les \u00e9oliennes ou les onduleurs photovolta\u00efques entre dans le transformateur.<\/li>\n<li data-section-id=\"1s3j0n7\" data-start=\"2478\" data-end=\"2539\">La tension est augment\u00e9e de la basse tension \u00e0 la moyenne tension<\/li>\n<li data-section-id=\"asu5i3\" data-start=\"2540\" data-end=\"2641\">L'\u00e9nergie est transmise au syst\u00e8me de collecte via :\n<ul data-start=\"2597\" data-end=\"2641\">\n<li data-section-id=\"1y41j33\" data-start=\"2597\" data-end=\"2619\">C\u00e2bles souterrains<\/li>\n<li data-section-id=\"1yxobhv\" data-start=\"2623\" data-end=\"2641\">Lignes a\u00e9riennes<\/li>\n<\/ul>\n<\/li>\n<li data-section-id=\"fb5a62\" data-start=\"2642\" data-end=\"2716\">L'\u00e9nergie est livr\u00e9e \u00e0 la sous-station \u00e9olienne\/solaire pour l'int\u00e9gration au r\u00e9seau.<\/li>\n<\/ol>\n<hr data-start=\"2718\" data-end=\"2721\" \/>\n<h2 data-section-id=\"1rg4wz9\" data-start=\"2723\" data-end=\"2747\">\ud83d\udd39 R\u00e9sum\u00e9 des avantages<\/h2>\n<ul data-start=\"2749\" data-end=\"3022\">\n<li data-section-id=\"223ev8\" data-start=\"2749\" data-end=\"2807\">Conception int\u00e9gr\u00e9e compacte pour les syst\u00e8mes d'\u00e9nergie renouvelable<\/li>\n<li data-section-id=\"3v4amq\" data-start=\"2808\" data-end=\"2847\">Installation et mise en service rapides<\/li>\n<li data-section-id=\"1kyl9qx\" data-start=\"2848\" data-end=\"2891\">Fiabilit\u00e9 et s\u00e9curit\u00e9 de fonctionnement \u00e9lev\u00e9es<\/li>\n<li data-section-id=\"1o44870\" data-start=\"2892\" data-end=\"2935\">Convient aux environnements ext\u00e9rieurs difficiles<\/li>\n<li data-section-id=\"5k48t5\" data-start=\"2936\" data-end=\"2980\">Prise en charge des exigences de tension au niveau du r\u00e9seau<\/li>\n<li data-section-id=\"18rnbjv\" data-start=\"2981\" data-end=\"3022\">Peu d'entretien et longue dur\u00e9e de vie<\/li>\n<\/ul>\n<hr data-start=\"3024\" data-end=\"3027\" \/>\n<h1 data-section-id=\"1lxd8kj\" data-start=\"3029\" data-end=\"3036\">\u2753 FAQ<\/h1>\n<h3 data-section-id=\"16tdf6s\" data-start=\"3038\" data-end=\"3091\">1\ufe0f\u20e3 A quoi sert un transformateur \u00e9l\u00e9vateur ZGS13 ?<\/h3>\n<p data-start=\"3093\" data-end=\"3211\">Il est utilis\u00e9 pour :<br \/>\n\ud83d\udc49 Augmenter la tension des syst\u00e8mes de production \u00e9olienne ou solaire au niveau de transmission du r\u00e9seau (10kV ou 35kV)<\/p>\n<hr data-start=\"3213\" data-end=\"3216\" \/>\n<h3 data-section-id=\"6385e5\" data-start=\"3218\" data-end=\"3248\">2\ufe0f\u20e3 O\u00f9 est-il install\u00e9 ?<\/h3>\n<p data-start=\"3250\" data-end=\"3273\">Il est couramment utilis\u00e9 dans :<\/p>\n<ul data-start=\"3274\" data-end=\"3347\">\n<li data-section-id=\"1ryn0s7\" data-start=\"3274\" data-end=\"3288\">Parcs \u00e9oliens<\/li>\n<li data-section-id=\"igs886\" data-start=\"3289\" data-end=\"3314\">Centrales solaires photovolta\u00efques<\/li>\n<li data-section-id=\"1aribom\" data-start=\"3315\" data-end=\"3347\">Sous-stations d'\u00e9nergie renouvelable<\/li>\n<\/ul>\n<hr data-start=\"3349\" data-end=\"3352\" \/>\n<h3 data-section-id=\"eaniav\" data-start=\"3354\" data-end=\"3412\">3\ufe0f\u20e3 Pourquoi l'appelle-t-on transformateur de poste compact ?<\/h3>\n<p data-start=\"3414\" data-end=\"3436\">Parce qu'il s'int\u00e8gre :<\/p>\n<ul data-start=\"3437\" data-end=\"3490\">\n<li data-section-id=\"1c2mxqr\" data-start=\"3437\" data-end=\"3452\">Transformateur<\/li>\n<li data-section-id=\"1nd1vfv\" data-start=\"3453\" data-end=\"3467\">Appareillage<\/li>\n<li data-section-id=\"9lz69s\" data-start=\"3468\" data-end=\"3490\">Dispositifs de protection<\/li>\n<\/ul>\n<p data-start=\"3492\" data-end=\"3524\">\ud83d\udc49 En une seule unit\u00e9 pr\u00e9fabriqu\u00e9e<\/p>\n<hr data-start=\"3526\" data-end=\"3529\" \/>\n<h3 data-section-id=\"kdbnzc\" data-start=\"3531\" data-end=\"3592\">4\ufe0f\u20e3 Qu'est-ce qui fait qu'il convient aux projets d'\u00e9nergie renouvelable ?<\/h3>\n<ul data-start=\"3594\" data-end=\"3686\">\n<li data-section-id=\"5svd5d\" data-start=\"3594\" data-end=\"3613\">D\u00e9ploiement rapide<\/li>\n<li data-section-id=\"4sp4nl\" data-start=\"3614\" data-end=\"3636\">Durabilit\u00e9 \u00e0 l'ext\u00e9rieur<\/li>\n<li data-section-id=\"1cqlean\" data-start=\"3637\" data-end=\"3666\">Conversion stable de la tension<\/li>\n<li data-section-id=\"1s8wp6p\" data-start=\"3667\" data-end=\"3686\">Peu d'entretien<\/li>\n<\/ul>\n<hr data-start=\"3688\" data-end=\"3691\" \/>\n<h3 data-section-id=\"e1lsee\" data-start=\"3693\" data-end=\"3725\">5\ufe0f\u20e3 Utilise-t-il un syst\u00e8me de refroidissement de l'huile ?<\/h3>\n<p data-start=\"3727\" data-end=\"3794\">Oui, il utilise :<br \/>\n\ud83d\udc49 Huile isolante pour le refroidissement et l'isolation<\/p>","protected":false},"excerpt":{"rendered":"<p data-start=\"283\" data-end=\"466\">Le transformateur \u00e9l\u00e9vateur d\u00e9di\u00e9 \u00e0 l'\u00e9nergie \u00e9olienne et solaire de la s\u00e9rie ZGS13 est un transformateur compact int\u00e9gr\u00e9 de type sous-station con\u00e7u pour les syst\u00e8mes de production d'\u00e9nergie renouvelable.<\/p>\n<p data-start=\"468\" data-end=\"532\">Il combine les \u00e9l\u00e9ments suivants dans une structure compacte :<\/p>\n<ul data-start=\"533\" data-end=\"630\">\n<li data-section-id=\"159gwlz\" data-start=\"533\" data-end=\"565\">Noyau et enroulement du transformateur<\/li>\n<li data-section-id=\"1nd1vfv\" data-start=\"566\" data-end=\"580\">Appareillage<\/li>\n<li data-section-id=\"1gutmwu\" data-start=\"581\" data-end=\"590\">Fusibles<\/li>\n<li data-section-id=\"1b2jgah\" data-start=\"591\" data-end=\"606\">Changeur de robinet<\/li>\n<li data-section-id=\"1d1nt9k\" data-start=\"607\" data-end=\"630\">\u00c9quipements auxiliaires<\/li>\n<\/ul>","protected":false},"featured_media":2154,"comment_status":"open","ping_status":"closed","template":"","meta":{"site-sidebar-layout":"default","site-content-layout":"","ast-site-content-layout":"default","site-content-style":"default","site-sidebar-style":"default","ast-global-header-display":"","ast-banner-title-visibility":"","ast-main-header-display":"","ast-hfb-above-header-display":"","ast-hfb-below-header-display":"","ast-hfb-mobile-header-display":"","site-post-title":"","ast-breadcrumbs-content":"","ast-featured-img":"","footer-sml-layout":"","ast-disable-related-posts":"","theme-transparent-header-meta":"default","adv-header-id-meta":"","stick-header-meta":"","header-above-stick-meta":"","header-main-stick-meta":"","header-below-stick-meta":"","astra-migrate-meta-layouts":"set","ast-page-background-enabled":"default","ast-page-background-meta":{"desktop":{"background-color":"","background-image":"","background-repeat":"repeat","background-position":"center center","background-size":"auto","background-attachment":"scroll","background-type":"","background-media":"","overlay-type":"","overlay-color":"","overlay-opacity":"","overlay-gradient":""},"tablet":{"background-color":"","background-image":"","background-repeat":"repeat","background-position":"center center","background-size":"auto","background-attachment":"scroll","background-type":"","background-media":"","overlay-type":"","overlay-color":"","overlay-opacity":"","overlay-gradient":""},"mobile":{"background-color":"","background-image":"","background-repeat":"repeat","background-position":"center center","background-size":"auto","background-attachment":"scroll","background-type":"","background-media":"","overlay-type":"","overlay-color":"","overlay-opacity":"","overlay-gradient":""}},"ast-content-background-meta":{"desktop":{"background-color":"var(--ast-global-color-5)","background-image":"","background-repeat":"repeat","background-position":"center center","background-size":"auto","background-attachment":"scroll","background-type":"","background-media":"","overlay-type":"","overlay-color":"","overlay-opacity":"","overlay-gradient":""},"tablet":{"background-color":"var(--ast-global-color-5)","background-image":"","background-repeat":"repeat","background-position":"center center","background-size":"auto","background-attachment":"scroll","background-type":"","background-media":"","overlay-type":"","overlay-color":"","overlay-opacity":"","overlay-gradient":""},"mobile":{"background-color":"var(--ast-global-color-5)","background-image":"","background-repeat":"repeat","background-position":"center center","background-size":"auto","background-attachment":"scroll","background-type":"","background-media":"","overlay-type":"","overlay-color":"","overlay-opacity":"","overlay-gradient":""}}},"product_brand":[],"product_cat":[2036,2032],"product_tag":[2156,2157,2160,2159,2155,2158,2162,2154,2161,2153,2152],"class_list":{"0":"post-2153","1":"product","2":"type-product","3":"status-publish","4":"has-post-thumbnail","6":"product_cat-renewable-energy-products","7":"product_cat-electrical-equipment","8":"product_tag-0-69kv-to-10kv-transformer","9":"product_tag-35kv-step-up-transformer","10":"product_tag-compact-substation-transformer","11":"product_tag-pad-mounted-transformer","12":"product_tag-pv-substation-transformer","13":"product_tag-renewable-energy-transformer","14":"product_tag-solar-power-equipment","15":"product_tag-solar-step-up-transformer","16":"product_tag-wind-farm-electrical-equipment","17":"product_tag-wind-power-transformer","18":"product_tag-zgs13-transformer","19":"desktop-align-left","20":"tablet-align-left","21":"mobile-align-left","23":"first","24":"instock","25":"shipping-taxable","26":"product-type-simple"},"_links":{"self":[{"href":"https:\/\/www.wonzh.com\/fr\/wp-json\/wp\/v2\/product\/2153","targetHints":{"allow":["GET"]}}],"collection":[{"href":"https:\/\/www.wonzh.com\/fr\/wp-json\/wp\/v2\/product"}],"about":[{"href":"https:\/\/www.wonzh.com\/fr\/wp-json\/wp\/v2\/types\/product"}],"replies":[{"embeddable":true,"href":"https:\/\/www.wonzh.com\/fr\/wp-json\/wp\/v2\/comments?post=2153"}],"wp:featuredmedia":[{"embeddable":true,"href":"https:\/\/www.wonzh.com\/fr\/wp-json\/wp\/v2\/media\/2154"}],"wp:attachment":[{"href":"https:\/\/www.wonzh.com\/fr\/wp-json\/wp\/v2\/media?parent=2153"}],"wp:term":[{"taxonomy":"product_brand","embeddable":true,"href":"https:\/\/www.wonzh.com\/fr\/wp-json\/wp\/v2\/product_brand?post=2153"},{"taxonomy":"product_cat","embeddable":true,"href":"https:\/\/www.wonzh.com\/fr\/wp-json\/wp\/v2\/product_cat?post=2153"},{"taxonomy":"product_tag","embeddable":true,"href":"https:\/\/www.wonzh.com\/fr\/wp-json\/wp\/v2\/product_tag?post=2153"}],"curies":[{"name":"wp","href":"https:\/\/api.w.org\/{rel}","templated":true}]}}