{"id":2151,"date":"2026-04-29T15:21:33","date_gmt":"2026-04-29T15:21:33","guid":{"rendered":"https:\/\/www.wonzh.com\/?post_type=product&#038;p=2151"},"modified":"2026-04-29T15:21:35","modified_gmt":"2026-04-29T15:21:35","slug":"series-ybh-hybrid-compact-substation-10kv-35kv-prefabricated-substation-for-solar-wind-power-distribution","status":"publish","type":"product","link":"https:\/\/www.wonzh.com\/fr\/product\/ybh-series-hybrid-compact-substation-10kv-35kv-prefabricated-substation-for-solar-wind-power-distribution\/","title":{"rendered":"Poste hybride compact de la s\u00e9rie YBH (poste pr\u00e9fabriqu\u00e9 10kV\/35kV pour la distribution d'\u00e9nergie solaire et \u00e9olienne)"},"content":{"rendered":"<p data-start=\"252\" data-end=\"450\">Le poste compact hybride de la s\u00e9rie YBH est un poste pr\u00e9fabriqu\u00e9 innovant qui combine les avantages des postes compacts de type am\u00e9ricain (sur socle) et de type europ\u00e9en.<\/p>\n<p data-start=\"452\" data-end=\"611\">Contrairement aux conceptions traditionnelles, la s\u00e9rie YBH adopte une structure de connexion haute tension unique avec une technologie propri\u00e9taire, offrant un \u00e9quilibre sup\u00e9rieur entre :<\/p>\n<p data-start=\"613\" data-end=\"689\">\ud83d\udc49 S\u00e9curit\u00e9<br data-start=\"622\" data-end=\"625\" \/>\ud83d\udc49 Fiabilit\u00e9<br data-start=\"639\" data-end=\"642\" \/>\ud83d\udc49 Flexibilit\u00e9<br data-start=\"656\" data-end=\"659\" \/>\ud83d\udc49 Performance environnementale<\/p>\n<p data-start=\"691\" data-end=\"712\">Il est largement utilis\u00e9 dans :<\/p>\n<ul data-start=\"713\" data-end=\"811\">\n<li data-section-id=\"1w4tyzr\" data-start=\"713\" data-end=\"744\">Centrales solaires (PV)<\/li>\n<li data-section-id=\"z32h6d\" data-start=\"745\" data-end=\"771\">Syst\u00e8mes d'\u00e9nergie \u00e9olienne<\/li>\n<li data-section-id=\"1xsivcn\" data-start=\"772\" data-end=\"811\">R\u00e9seaux de distribution 10kV \/ 35kV<\/li>\n<\/ul>\n<hr data-start=\"813\" data-end=\"816\" \/>\n<h2 data-section-id=\"17fvu7l\" data-start=\"818\" data-end=\"836\">\ud83d\udd39 Caract\u00e9ristiques principales<\/h2>\n<h3 data-section-id=\"p055a8\" data-start=\"838\" data-end=\"893\">\u2714 Conception hybride (le meilleur des types am\u00e9ricains et europ\u00e9ens)<\/h3>\n<ul data-start=\"894\" data-end=\"996\">\n<li data-section-id=\"1ravmmf\" data-start=\"894\" data-end=\"941\">Combine la structure compacte du type am\u00e9ricain<\/li>\n<li data-section-id=\"h5akx7\" data-start=\"942\" data-end=\"996\">Int\u00e9gration d'une configuration flexible de type europ\u00e9en<\/li>\n<\/ul>\n<p data-start=\"998\" data-end=\"1048\">\ud83d\udc49 Optimis\u00e9 pour les besoins modernes de distribution d'\u00e9nergie<\/p>\n<hr data-start=\"1050\" data-end=\"1053\" \/>\n<h3 data-section-id=\"jwo2v2\" data-start=\"1055\" data-end=\"1107\">Technologie de connexion haute tension exclusive<\/h3>\n<ul data-start=\"1108\" data-end=\"1180\">\n<li data-section-id=\"eeyv5\" data-start=\"1108\" data-end=\"1139\">Conception unique de la connexion HT<\/li>\n<li data-section-id=\"1neig4x\" data-start=\"1140\" data-end=\"1180\">Am\u00e9lioration de la stabilit\u00e9 et de la s\u00e9curit\u00e9 du syst\u00e8me<\/li>\n<\/ul>\n<p data-start=\"1182\" data-end=\"1232\">\ud83d\udc49 Avantage d'un produit diff\u00e9renci\u00e9 pour les projets<\/p>\n<hr data-start=\"1234\" data-end=\"1237\" \/>\n<h3 data-section-id=\"1mr7066\" data-start=\"1239\" data-end=\"1279\">\u2714 Structure pr\u00e9fabriqu\u00e9e int\u00e9gr\u00e9e<\/h3>\n<ul data-start=\"1280\" data-end=\"1350\">\n<li data-section-id=\"kygouv\" data-start=\"1280\" data-end=\"1324\">Transformateur + syst\u00e8me HT + BT en une seule unit\u00e9<\/li>\n<li data-section-id=\"y5las0\" data-start=\"1325\" data-end=\"1350\">Pr\u00e9-assemblage en usine<\/li>\n<\/ul>\n<p data-start=\"1352\" data-end=\"1390\">\ud83d\udc49 R\u00e9duction du temps d'installation sur site<\/p>\n<hr data-start=\"1392\" data-end=\"1395\" \/>\n<h3 data-section-id=\"1ney3w6\" data-start=\"1397\" data-end=\"1428\">S\u00e9curit\u00e9 et fiabilit\u00e9 \u00e9lev\u00e9es<\/h3>\n<ul data-start=\"1429\" data-end=\"1488\">\n<li data-section-id=\"18wyaby\" data-start=\"1429\" data-end=\"1457\">Structure enti\u00e8rement ferm\u00e9e<\/li>\n<li data-section-id=\"eqylk7\" data-start=\"1458\" data-end=\"1488\">Syst\u00e8me de protection complet<\/li>\n<\/ul>\n<p data-start=\"1490\" data-end=\"1534\">\ud83d\udc49 Adapt\u00e9 aux environnements ext\u00e9rieurs difficiles<\/p>\n<hr data-start=\"1536\" data-end=\"1539\" \/>\n<h3 data-section-id=\"1ep4gse\" data-start=\"1541\" data-end=\"1569\">\u2714 Compact et peu encombrant<\/h3>\n<ul data-start=\"1570\" data-end=\"1678\">\n<li data-section-id=\"1kzytt9\" data-start=\"1570\" data-end=\"1627\">Encombrement r\u00e9duit par rapport aux sous-stations traditionnelles<\/li>\n<li data-section-id=\"1bdhfgw\" data-start=\"1628\" data-end=\"1678\">Id\u00e9al pour les syst\u00e8mes \u00e9nerg\u00e9tiques urbains et distribu\u00e9s<\/li>\n<\/ul>\n<hr data-start=\"1680\" data-end=\"1683\" \/>\n<h3 data-section-id=\"nixv8q\" data-start=\"1685\" data-end=\"1722\">\u2714 Conception respectueuse de l'environnement<\/h3>\n<ul data-start=\"1723\" data-end=\"1802\">\n<li data-section-id=\"16visxu\" data-start=\"1723\" data-end=\"1736\">Faible bruit<\/li>\n<li data-section-id=\"xnrp06\" data-start=\"1737\" data-end=\"1771\">R\u00e9duction de l'impact \u00e9lectromagn\u00e9tique<\/li>\n<li data-section-id=\"fwrxgr\" data-start=\"1772\" data-end=\"1802\">Fonctionnement \u00e9conome en \u00e9nergie<\/li>\n<\/ul>\n<p data-start=\"1804\" data-end=\"1843\">\ud83d\udc49 Adapt\u00e9 aux projets d'\u00e9nergie verte<\/p>\n<hr data-start=\"1845\" data-end=\"1848\" \/>\n<h2 data-section-id=\"1hq6i26\" data-start=\"1850\" data-end=\"1873\">\ud83d\udd39 Conception structurelle<\/h2>\n<h3 data-section-id=\"18zdobt\" data-start=\"1875\" data-end=\"1899\">\ud83d\udd38 Unit\u00e9 haute tension<\/h3>\n<ul data-start=\"1900\" data-end=\"1965\">\n<li data-section-id=\"1vszvk\" data-start=\"1900\" data-end=\"1933\">Sch\u00e9ma de connexion HT flexible<\/li>\n<li data-section-id=\"wvv6oo\" data-start=\"1934\" data-end=\"1965\">Commutation s\u00fbre et fiable<\/li>\n<\/ul>\n<hr data-start=\"1967\" data-end=\"1970\" \/>\n<h3 data-section-id=\"ebkzy6\" data-start=\"1972\" data-end=\"1995\">\ud83d\udd38 Unit\u00e9 de transformation<\/h3>\n<ul data-start=\"1996\" data-end=\"2071\">\n<li data-section-id=\"c29kbn\" data-start=\"1996\" data-end=\"2045\">Prend en charge les transformateurs \u00e0 bain d'huile ou \u00e0 sec<\/li>\n<li data-section-id=\"zfd45y\" data-start=\"2046\" data-end=\"2071\">Capacit\u00e9 personnalisable<\/li>\n<\/ul>\n<hr data-start=\"2073\" data-end=\"2076\" \/>\n<h3 data-section-id=\"1ts15o3\" data-start=\"2078\" data-end=\"2101\">\ud83d\udd38 Unit\u00e9 basse tension<\/h3>\n<ul data-start=\"2102\" data-end=\"2177\">\n<li data-section-id=\"1nhl37j\" data-start=\"2102\" data-end=\"2140\">Syst\u00e8me de distribution et de protection<\/li>\n<li data-section-id=\"nc910x\" data-start=\"2141\" data-end=\"2177\">Int\u00e9gration du comptage et du contr\u00f4le<\/li>\n<\/ul>\n<hr data-start=\"2179\" data-end=\"2182\" \/>\n<h3 data-section-id=\"1m6twft\" data-start=\"2184\" data-end=\"2200\">\ud83d\udd38 Bo\u00eetier<\/h3>\n<ul data-start=\"2201\" data-end=\"2286\">\n<li data-section-id=\"1ut0yto\" data-start=\"2201\" data-end=\"2222\">R\u00e9sistant aux intemp\u00e9ries<\/li>\n<li data-section-id=\"xvhfr1\" data-start=\"2223\" data-end=\"2248\">Conception anticorrosion<\/li>\n<li data-section-id=\"1qum606\" data-start=\"2249\" data-end=\"2286\">Convient \u00e0 l'installation en ext\u00e9rieur<\/li>\n<\/ul>\n<hr data-start=\"2288\" data-end=\"2291\" \/>\n<h2 data-section-id=\"15du31k\" data-start=\"2293\" data-end=\"2311\">\ud83d\udd39 Applications<\/h2>\n<p data-start=\"2313\" data-end=\"2357\">La station hybride YBH est largement utilis\u00e9e dans :<\/p>\n<ul data-start=\"2359\" data-end=\"2542\">\n<li data-section-id=\"aj1s75\" data-start=\"2359\" data-end=\"2399\">Centrales solaires photovolta\u00efques (PV)<\/li>\n<li data-section-id=\"pdj8ig\" data-start=\"2400\" data-end=\"2424\">Projets d'\u00e9nergie \u00e9olienne<\/li>\n<li data-section-id=\"1oiocup\" data-start=\"2425\" data-end=\"2461\">Syst\u00e8mes de distribution d'\u00e9lectricit\u00e9 en milieu urbain<\/li>\n<li data-section-id=\"ikoknv\" data-start=\"2462\" data-end=\"2502\">Installations industrielles et commerciales<\/li>\n<li data-section-id=\"gftaf6\" data-start=\"2503\" data-end=\"2542\">Projets d'infrastructures et de services publics<\/li>\n<\/ul>\n<hr data-start=\"2544\" data-end=\"2547\" \/>\n<h2 data-section-id=\"1rg4wz9\" data-start=\"2549\" data-end=\"2573\">\ud83d\udd39 R\u00e9sum\u00e9 des avantages<\/h2>\n<ul data-start=\"2575\" data-end=\"2866\">\n<li data-section-id=\"1gwl3b8\" data-start=\"2575\" data-end=\"2632\">Conception hybride combinant les avantages des postes \u00e9lectriques des \u00c9tats-Unis et de l'Union europ\u00e9enne<\/li>\n<li data-section-id=\"2hkvtw\" data-start=\"2633\" data-end=\"2683\">Technologie exclusive de connexion \u00e0 haute tension<\/li>\n<li data-section-id=\"17kae4n\" data-start=\"2684\" data-end=\"2728\">Compact, int\u00e9gr\u00e9 et facile \u00e0 installer<\/li>\n<li data-section-id=\"el1xvd\" data-start=\"2729\" data-end=\"2772\">S\u00e9curit\u00e9 et fiabilit\u00e9 op\u00e9rationnelle \u00e9lev\u00e9es<\/li>\n<li data-section-id=\"blvuyk\" data-start=\"2773\" data-end=\"2816\">Id\u00e9al pour les applications dans le domaine des \u00e9nergies renouvelables<\/li>\n<li data-section-id=\"5i22eq\" data-start=\"2817\" data-end=\"2866\">Respect de l'environnement et efficacit\u00e9 \u00e9nerg\u00e9tique<\/li>\n<\/ul>\n<hr data-start=\"2868\" data-end=\"2871\" \/>\n<h1 data-section-id=\"1lxd8kj\" data-start=\"2873\" data-end=\"2880\">\u2753 FAQ<\/h1>\n<h3 data-section-id=\"z3zs38\" data-start=\"2882\" data-end=\"2922\">1\ufe0f\u20e3 Qu'est-ce qu'une sous-station hybride YBH ?<\/h3>\n<p data-start=\"2924\" data-end=\"3023\">C'est le cas :<br \/>\n\ud83d\udc49 Sous-station compacte pr\u00e9fabriqu\u00e9e combinant les caract\u00e9ristiques des types am\u00e9ricain et europ\u00e9en.<\/p>\n<hr data-start=\"3025\" data-end=\"3028\" \/>\n<h3 data-section-id=\"12cezs5\" data-start=\"3030\" data-end=\"3074\">2\ufe0f\u20e3 Quels sont les niveaux de tension pris en charge ?<\/h3>\n<p data-start=\"3076\" data-end=\"3128\">Typiquement :<br \/>\n\ud83d\udc49 R\u00e9seaux de distribution 10kV et 35kV<\/p>\n<hr data-start=\"3130\" data-end=\"3133\" \/>\n<h3 data-section-id=\"67s3uz\" data-start=\"3135\" data-end=\"3194\">3\ufe0f\u20e3 Qu'est-ce qui diff\u00e9rencie l'YBH des sous-stations standard ?<\/h3>\n<ul data-start=\"3196\" data-end=\"3301\">\n<li data-section-id=\"1hj524x\" data-start=\"3196\" data-end=\"3216\">Structure hybride<\/li>\n<li data-section-id=\"whfq98\" data-start=\"3217\" data-end=\"3251\">Connexion haute tension unique<\/li>\n<li data-section-id=\"111rkfh\" data-start=\"3252\" data-end=\"3301\">Meilleur \u00e9quilibre entre compacit\u00e9 et flexibilit\u00e9<\/li>\n<\/ul>\n<hr data-start=\"3303\" data-end=\"3306\" \/>\n<h3 data-section-id=\"1638i42\" data-start=\"3308\" data-end=\"3360\">4\ufe0f\u20e3 Peut-il \u00eatre utilis\u00e9 dans des projets d'\u00e9nergie renouvelable ?<\/h3>\n<p data-start=\"3362\" data-end=\"3427\">Oui, il est largement utilis\u00e9 dans :<br \/>\n\ud83d\udc49 Syst\u00e8mes d'\u00e9nergie solaire (PV) et \u00e9olienne<\/p>\n<hr data-start=\"3429\" data-end=\"3432\" \/>\n<h3 data-section-id=\"zb1fot\" data-start=\"3434\" data-end=\"3461\">5\ufe0f\u20e3 Est-il personnalisable ?<\/h3>\n<p data-start=\"3463\" data-end=\"3480\">Oui, il prend en charge :<\/p>\n<ul data-start=\"3481\" data-end=\"3574\">\n<li data-section-id=\"sbuquj\" data-start=\"3481\" data-end=\"3511\">S\u00e9lection du type de transformateur<\/li>\n<li data-section-id=\"1aqod29\" data-start=\"3512\" data-end=\"3538\">Personnalisation de la capacit\u00e9<\/li>\n<li data-section-id=\"5l4zr8\" data-start=\"3539\" data-end=\"3574\">Conception de la configuration \u00e9lectrique<\/li>\n<\/ul>","protected":false},"excerpt":{"rendered":"<p data-start=\"252\" data-end=\"450\">Le poste compact hybride de la s\u00e9rie YBH est un poste pr\u00e9fabriqu\u00e9 innovant qui combine les avantages des postes compacts de type am\u00e9ricain (sur socle) et de type europ\u00e9en.<\/p>\n<p data-start=\"452\" data-end=\"611\">Contrairement aux conceptions traditionnelles, la s\u00e9rie YBH adopte une structure de connexion haute tension unique avec une technologie propri\u00e9taire, offrant un \u00e9quilibre sup\u00e9rieur entre :<\/p>","protected":false},"featured_media":2152,"comment_status":"open","ping_status":"closed","template":"","meta":{"site-sidebar-layout":"default","site-content-layout":"","ast-site-content-layout":"default","site-content-style":"default","site-sidebar-style":"default","ast-global-header-display":"","ast-banner-title-visibility":"","ast-main-header-display":"","ast-hfb-above-header-display":"","ast-hfb-below-header-display":"","ast-hfb-mobile-header-display":"","site-post-title":"","ast-breadcrumbs-content":"","ast-featured-img":"","footer-sml-layout":"","ast-disable-related-posts":"","theme-transparent-header-meta":"default","adv-header-id-meta":"","stick-header-meta":"","header-above-stick-meta":"","header-main-stick-meta":"","header-below-stick-meta":"","astra-migrate-meta-layouts":"set","ast-page-background-enabled":"default","ast-page-background-meta":{"desktop":{"background-color":"","background-image":"","background-repeat":"repeat","background-position":"center center","background-size":"auto","background-attachment":"scroll","background-type":"","background-media":"","overlay-type":"","overlay-color":"","overlay-opacity":"","overlay-gradient":""},"tablet":{"background-color":"","background-image":"","background-repeat":"repeat","background-position":"center center","background-size":"auto","background-attachment":"scroll","background-type":"","background-media":"","overlay-type":"","overlay-color":"","overlay-opacity":"","overlay-gradient":""},"mobile":{"background-color":"","background-image":"","background-repeat":"repeat","background-position":"center center","background-size":"auto","background-attachment":"scroll","background-type":"","background-media":"","overlay-type":"","overlay-color":"","overlay-opacity":"","overlay-gradient":""}},"ast-content-background-meta":{"desktop":{"background-color":"var(--ast-global-color-5)","background-image":"","background-repeat":"repeat","background-position":"center center","background-size":"auto","background-attachment":"scroll","background-type":"","background-media":"","overlay-type":"","overlay-color":"","overlay-opacity":"","overlay-gradient":""},"tablet":{"background-color":"var(--ast-global-color-5)","background-image":"","background-repeat":"repeat","background-position":"center center","background-size":"auto","background-attachment":"scroll","background-type":"","background-media":"","overlay-type":"","overlay-color":"","overlay-opacity":"","overlay-gradient":""},"mobile":{"background-color":"var(--ast-global-color-5)","background-image":"","background-repeat":"repeat","background-position":"center center","background-size":"auto","background-attachment":"scroll","background-type":"","background-media":"","overlay-type":"","overlay-color":"","overlay-opacity":"","overlay-gradient":""}}},"product_brand":[],"product_cat":[2032,2036],"product_tag":[2145,2146,2149,2144,2151,2150,2064,2147,2148,2143],"class_list":{"0":"post-2151","1":"product","2":"type-product","3":"status-publish","4":"has-post-thumbnail","6":"product_cat-electrical-equipment","7":"product_cat-renewable-energy-products","8":"product_tag-10kv-substation","9":"product_tag-35kv-substation","10":"product_tag-compact-transformer-substation","11":"product_tag-hybrid-compact-substation","12":"product_tag-outdoor-substation-equipment","13":"product_tag-power-distribution-substation","14":"product_tag-prefabricated-substation","15":"product_tag-solar-substation","16":"product_tag-wind-power-substation","17":"product_tag-ybh-substation","18":"desktop-align-left","19":"tablet-align-left","20":"mobile-align-left","22":"first","23":"instock","24":"shipping-taxable","25":"product-type-simple"},"_links":{"self":[{"href":"https:\/\/www.wonzh.com\/fr\/wp-json\/wp\/v2\/product\/2151","targetHints":{"allow":["GET"]}}],"collection":[{"href":"https:\/\/www.wonzh.com\/fr\/wp-json\/wp\/v2\/product"}],"about":[{"href":"https:\/\/www.wonzh.com\/fr\/wp-json\/wp\/v2\/types\/product"}],"replies":[{"embeddable":true,"href":"https:\/\/www.wonzh.com\/fr\/wp-json\/wp\/v2\/comments?post=2151"}],"wp:featuredmedia":[{"embeddable":true,"href":"https:\/\/www.wonzh.com\/fr\/wp-json\/wp\/v2\/media\/2152"}],"wp:attachment":[{"href":"https:\/\/www.wonzh.com\/fr\/wp-json\/wp\/v2\/media?parent=2151"}],"wp:term":[{"taxonomy":"product_brand","embeddable":true,"href":"https:\/\/www.wonzh.com\/fr\/wp-json\/wp\/v2\/product_brand?post=2151"},{"taxonomy":"product_cat","embeddable":true,"href":"https:\/\/www.wonzh.com\/fr\/wp-json\/wp\/v2\/product_cat?post=2151"},{"taxonomy":"product_tag","embeddable":true,"href":"https:\/\/www.wonzh.com\/fr\/wp-json\/wp\/v2\/product_tag?post=2151"}],"curies":[{"name":"wp","href":"https:\/\/api.w.org\/{rel}","templated":true}]}}