{"id":2140,"date":"2026-04-29T14:46:34","date_gmt":"2026-04-29T14:46:34","guid":{"rendered":"https:\/\/www.wonzh.com\/?post_type=product&#038;p=2140"},"modified":"2026-04-29T14:46:35","modified_gmt":"2026-04-29T14:46:35","slug":"xgn15-12-sf6-ring-main-unit-12kv-metal-enclosed-air-insulated-switchgear-for-power-distribution","status":"publish","type":"product","link":"https:\/\/www.wonzh.com\/fr\/product\/xgn15-12-sf6-ring-main-unit-12kv-metal-enclosed-air-insulated-switchgear-for-power-distribution\/","title":{"rendered":"XGN15-12 SF6 Ring Main Unit (12kV Metal-Enclosed Air-Insulated Switchgear for Power Distribution)"},"content":{"rendered":"<p data-start=\"244\" data-end=\"452\">L'unit\u00e9 principale annulaire (RMU) SF6 de la s\u00e9rie XGN15-12 est un appareillage de commutation moyenne tension de nouvelle g\u00e9n\u00e9ration con\u00e7u avec des interrupteurs de coupure de charge SF6 comme principal composant de commutation et une structure d'isolation \u00e0 l'air.<\/p>\n<p data-start=\"454\" data-end=\"609\">De conception compacte, modulaire et extensible, il est id\u00e9al pour les syst\u00e8mes modernes de distribution d'\u00e9nergie en anneau et les sous-stations terminales.<\/p>\n<p data-start=\"611\" data-end=\"638\">L'appareillage fonctionne en :<\/p>\n<ul data-start=\"639\" data-end=\"696\">\n<li data-section-id=\"w0xwqv\" data-start=\"639\" data-end=\"668\">Fr\u00e9quence nominale : 50Hz<\/li>\n<li data-section-id=\"1hfgq88\" data-start=\"669\" data-end=\"696\">Tension nominale : 12kV<\/li>\n<\/ul>\n<p data-start=\"698\" data-end=\"845\">Il est largement utilis\u00e9 dans les r\u00e9seaux de distribution d'\u00e9nergie urbains et industriels, en particulier dans les syst\u00e8mes d'anneaux de c\u00e2bles et les applications d'alimentation terminale.<\/p>\n<hr data-start=\"847\" data-end=\"850\" \/>\n<h2 data-section-id=\"17fvu7l\" data-start=\"852\" data-end=\"870\">\ud83d\udd39 Caract\u00e9ristiques principales<\/h2>\n<h3 data-section-id=\"17n3pcd\" data-start=\"872\" data-end=\"902\">\u2714 Conception compacte et modulaire<\/h3>\n<ul data-start=\"903\" data-end=\"974\">\n<li data-section-id=\"1exxsfo\" data-start=\"903\" data-end=\"922\">Faible encombrement<\/li>\n<li data-section-id=\"1pg46p\" data-start=\"923\" data-end=\"947\">Structure extensible<\/li>\n<li data-section-id=\"1lwy1yl\" data-start=\"948\" data-end=\"974\">Configuration flexible<\/li>\n<\/ul>\n<p data-start=\"976\" data-end=\"1018\">\ud83d\udc49 Id\u00e9al pour les installations \u00e0 espace limit\u00e9<\/p>\n<hr data-start=\"1020\" data-end=\"1023\" \/>\n<h3 data-section-id=\"1rmabi4\" data-start=\"1025\" data-end=\"1063\">Technologie d'interrupteur \u00e0 rupture de charge SF6<\/h3>\n<ul data-start=\"1064\" data-end=\"1149\">\n<li data-section-id=\"xmiurg\" data-start=\"1064\" data-end=\"1106\">Haute fiabilit\u00e9 des performances de commutation<\/li>\n<li data-section-id=\"g919cy\" data-start=\"1107\" data-end=\"1149\">Excellente capacit\u00e9 d'extinction des arcs \u00e9lectriques<\/li>\n<\/ul>\n<p data-start=\"1151\" data-end=\"1189\">\ud83d\udc49 Assure un fonctionnement s\u00fbr et stable<\/p>\n<hr data-start=\"1191\" data-end=\"1194\" \/>\n<h3 data-section-id=\"1xt7gxu\" data-start=\"1196\" data-end=\"1226\">\u2714 Structure m\u00e9tallique ferm\u00e9e<\/h3>\n<ul data-start=\"1227\" data-end=\"1298\">\n<li data-section-id=\"jufgzz\" data-start=\"1227\" data-end=\"1261\">Armoire blind\u00e9e enti\u00e8rement ferm\u00e9e<\/li>\n<li data-section-id=\"1cbibis\" data-start=\"1262\" data-end=\"1298\">Structure interne isol\u00e9e de l'air<\/li>\n<\/ul>\n<p data-start=\"1300\" data-end=\"1332\">\ud83d\udc49 Am\u00e9lioration de la s\u00e9curit\u00e9 op\u00e9rationnelle<\/p>\n<hr data-start=\"1334\" data-end=\"1337\" \/>\n<h3 data-section-id=\"nmp87m\" data-start=\"1339\" data-end=\"1369\">\u2714 Sch\u00e9mas de circuits flexibles<\/h3>\n<ul data-start=\"1370\" data-end=\"1462\">\n<li data-section-id=\"ivfvff\" data-start=\"1370\" data-end=\"1415\">Prise en charge du c\u00e2blage terminal et du r\u00e9seau en anneau<\/li>\n<li data-section-id=\"1l6lnne\" data-start=\"1416\" data-end=\"1462\">Adaptable \u00e0 diverses configurations de syst\u00e8mes<\/li>\n<\/ul>\n<hr data-start=\"1464\" data-end=\"1467\" \/>\n<h3 data-section-id=\"1gxptii\" data-start=\"1469\" data-end=\"1505\">\u2714 Int\u00e9gration compl\u00e8te des composants<\/h3>\n<p data-start=\"1506\" data-end=\"1515\">Comprend :<\/p>\n<ul data-start=\"1516\" data-end=\"1629\">\n<li data-section-id=\"zza4lc\" data-start=\"1516\" data-end=\"1541\">Interrupteur de rupture de charge SF6<\/li>\n<li data-section-id=\"1wup980\" data-start=\"1542\" data-end=\"1561\">Interrupteur de mise \u00e0 la terre<\/li>\n<li data-section-id=\"1yhabhp\" data-start=\"1562\" data-end=\"1570\">Fusible<\/li>\n<li data-section-id=\"1vf5890\" data-start=\"1571\" data-end=\"1603\">Transformateurs de courant\/tension<\/li>\n<li data-section-id=\"9wlt9w\" data-start=\"1604\" data-end=\"1629\">Instruments secondaires<\/li>\n<\/ul>\n<p data-start=\"1631\" data-end=\"1674\">\ud83d\udc49 R\u00e9pond \u00e0 diverses exigences en mati\u00e8re d'ing\u00e9nierie<\/p>\n<hr data-start=\"1676\" data-end=\"1679\" \/>\n<h3 data-section-id=\"12n2clq\" data-start=\"1681\" data-end=\"1719\">\u2714 Verrouillage m\u00e9canique fiable<\/h3>\n<ul data-start=\"1720\" data-end=\"1905\">\n<li data-section-id=\"12itbxq\" data-start=\"1720\" data-end=\"1749\">Syst\u00e8me de verrouillage int\u00e9gr\u00e9<\/li>\n<li data-section-id=\"opbivp\" data-start=\"1750\" data-end=\"1905\">Satisfait pleinement <strong data-start=\"1764\" data-end=\"1805\">\u201cExigences de s\u00e9curit\u00e9 \u201dFive Prevention<\/strong>:\n<ul data-start=\"1809\" data-end=\"1905\">\n<li data-section-id=\"10220o4\" data-start=\"1809\" data-end=\"1833\">Pr\u00e9venir les erreurs de fonctionnement<\/li>\n<li data-section-id=\"1d8zgdx\" data-start=\"1836\" data-end=\"1862\">Pr\u00e9venir la mise \u00e0 la terre sous tension<\/li>\n<li data-section-id=\"1xh9vyq\" data-start=\"1865\" data-end=\"1905\">Emp\u00eacher une s\u00e9quence de commutation incorrecte<\/li>\n<\/ul>\n<\/li>\n<\/ul>\n<hr data-start=\"1907\" data-end=\"1910\" \/>\n<h3 data-section-id=\"1ney3w6\" data-start=\"1912\" data-end=\"1943\">S\u00e9curit\u00e9 et fiabilit\u00e9 \u00e9lev\u00e9es<\/h3>\n<ul data-start=\"1944\" data-end=\"2044\">\n<li data-section-id=\"1trnttq\" data-start=\"1944\" data-end=\"1990\">Fonctionnement stable dans les syst\u00e8mes \u00e0 moyenne tension<\/li>\n<li data-section-id=\"1upbm1x\" data-start=\"1991\" data-end=\"2044\">Convient aux environnements \u00e0 alimentation continue<\/li>\n<\/ul>\n<hr data-start=\"2046\" data-end=\"2049\" \/>\n<h2 data-section-id=\"1hq6i26\" data-start=\"2051\" data-end=\"2074\">\ud83d\udd39 Conception structurelle<\/h2>\n<h3 data-section-id=\"8fsvm5\" data-start=\"2076\" data-end=\"2095\">\ud83d\udd38 Type d'armoire<\/h3>\n<ul data-start=\"2096\" data-end=\"2183\">\n<li data-section-id=\"6ycy0i\" data-start=\"2096\" data-end=\"2129\">Structure ferm\u00e9e rev\u00eatue de m\u00e9tal<\/li>\n<li data-section-id=\"9mhacx\" data-start=\"2130\" data-end=\"2160\">Compartiments isol\u00e9s de l'air<\/li>\n<li data-section-id=\"19bdaax\" data-start=\"2161\" data-end=\"2183\">Compact et robuste<\/li>\n<\/ul>\n<hr data-start=\"2185\" data-end=\"2188\" \/>\n<h3 data-section-id=\"1k4dlis\" data-start=\"2190\" data-end=\"2213\">\ud83d\udd38 Syst\u00e8me de commutation<\/h3>\n<ul data-start=\"2214\" data-end=\"2300\">\n<li data-section-id=\"1pc7u17\" data-start=\"2214\" data-end=\"2254\">Interrupteur de rupture de charge SF6 comme interrupteur principal<\/li>\n<li data-section-id=\"19peevs\" data-start=\"2255\" data-end=\"2300\">Syst\u00e8me de mise \u00e0 la terre et de protection int\u00e9gr\u00e9<\/li>\n<\/ul>\n<hr data-start=\"2302\" data-end=\"2305\" \/>\n<h3 data-section-id=\"1x6mgn9\" data-start=\"2307\" data-end=\"2331\">\ud83d\udd38 Syst\u00e8me de protection<\/h3>\n<ul data-start=\"2332\" data-end=\"2409\">\n<li data-section-id=\"1vzhk71\" data-start=\"2332\" data-end=\"2368\">Protection par fusible des transformateurs<\/li>\n<li data-section-id=\"1jqn82g\" data-start=\"2369\" data-end=\"2409\">Capacit\u00e9 de protection compl\u00e8te contre les d\u00e9faillances<\/li>\n<\/ul>\n<hr data-start=\"2411\" data-end=\"2414\" \/>\n<h3 data-section-id=\"1ux2mw7\" data-start=\"2416\" data-end=\"2436\">\ud83d\udd38 Extensibilit\u00e9<\/h3>\n<ul data-start=\"2437\" data-end=\"2518\">\n<li data-section-id=\"hkvjgg\" data-start=\"2437\" data-end=\"2479\">La conception modulaire permet une expansion future<\/li>\n<li data-section-id=\"cucwfa\" data-start=\"2480\" data-end=\"2518\">Convient aux syst\u00e8mes d'alimentation en croissance<\/li>\n<\/ul>\n<hr data-start=\"2520\" data-end=\"2523\" \/>\n<h2 data-section-id=\"15du31k\" data-start=\"2525\" data-end=\"2543\">\ud83d\udd39 Applications<\/h2>\n<p data-start=\"2545\" data-end=\"2580\">Le XGN15-12 RMU est largement utilis\u00e9 dans :<\/p>\n<ul data-start=\"2582\" data-end=\"2841\">\n<li data-section-id=\"86zm1h\" data-start=\"2582\" data-end=\"2622\">Distribution d'\u00e9lectricit\u00e9 dans les zones urbaines et r\u00e9sidentielles<\/li>\n<li data-section-id=\"zcg4fz\" data-start=\"2623\" data-end=\"2648\">Sous-stations secondaires<\/li>\n<li data-section-id=\"114sfdf\" data-start=\"2649\" data-end=\"2671\">Postes de commutation<\/li>\n<li data-section-id=\"eakz7s\" data-start=\"2672\" data-end=\"2709\">Entreprises industrielles et mini\u00e8res<\/li>\n<li data-section-id=\"hfihxt\" data-start=\"2710\" data-end=\"2734\">B\u00e2timents commerciaux<\/li>\n<li data-section-id=\"1b8blr8\" data-start=\"2735\" data-end=\"2765\">A\u00e9roports et syst\u00e8mes de m\u00e9tro<\/li>\n<li data-section-id=\"18stwit\" data-start=\"2766\" data-end=\"2789\">Projets d'\u00e9nergie \u00e9olienne<\/li>\n<li data-section-id=\"1v8duec\" data-start=\"2790\" data-end=\"2816\">H\u00f4pitaux et stades<\/li>\n<li data-section-id=\"11oc9le\" data-start=\"2817\" data-end=\"2841\">Chemins de fer et tunnels<\/li>\n<\/ul>\n<hr data-start=\"2843\" data-end=\"2846\" \/>\n<h2 data-section-id=\"1rg4wz9\" data-start=\"2848\" data-end=\"2872\">\ud83d\udd39 R\u00e9sum\u00e9 des avantages<\/h2>\n<ul data-start=\"2874\" data-end=\"3139\">\n<li data-section-id=\"1x16qe3\" data-start=\"2874\" data-end=\"2909\">Conception compacte et peu encombrante<\/li>\n<li data-section-id=\"1bsc137\" data-start=\"2910\" data-end=\"2960\">Haute fiabilit\u00e9 gr\u00e2ce \u00e0 la technologie de commutation SF6<\/li>\n<li data-section-id=\"lol72i\" data-start=\"2961\" data-end=\"3002\">Configuration flexible et extensible<\/li>\n<li data-section-id=\"1nkqwt3\" data-start=\"3003\" data-end=\"3042\">Syst\u00e8me complet de verrouillage de s\u00e9curit\u00e9<\/li>\n<li data-section-id=\"18p92t7\" data-start=\"3043\" data-end=\"3098\">Convient au r\u00e9seau en anneau et \u00e0 la distribution terminale<\/li>\n<li data-section-id=\"crou16\" data-start=\"3099\" data-end=\"3139\">Id\u00e9al pour les syst\u00e8mes \u00e9lectriques urbains modernes<\/li>\n<\/ul>\n<hr data-start=\"3141\" data-end=\"3144\" \/>\n<h1 data-section-id=\"1lxd8kj\" data-start=\"3146\" data-end=\"3153\">\u2753 FAQ<\/h1>\n<h3 data-section-id=\"1ukyt9j\" data-start=\"3155\" data-end=\"3193\">1\ufe0f\u20e3 Qu'est-ce qu'une unit\u00e9 principale d'anneau SF6 ?<\/h3>\n<p data-start=\"3195\" data-end=\"3344\">Un <strong data-start=\"3198\" data-end=\"3209\">SF6 RMU<\/strong> est un appareillage de commutation moyenne tension utilisant <strong data-start=\"3247\" data-end=\"3278\">Interrupteurs de rupture de charge \u00e0 gaz SF6<\/strong> pour une distribution s\u00fbre et fiable de l'\u00e9lectricit\u00e9 dans les r\u00e9seaux en anneau.<\/p>\n<hr data-start=\"3346\" data-end=\"3349\" \/>\n<h3 data-section-id=\"uv2j8y\" data-start=\"3351\" data-end=\"3403\">2\ufe0f\u20e3 Pour quel niveau de tension le XGN15-12 est-il adapt\u00e9 ?<\/h3>\n<p data-start=\"3405\" data-end=\"3465\">Il est con\u00e7u pour :<br \/>\n\ud83d\udc49 <strong data-start=\"3428\" data-end=\"3465\">Syst\u00e8mes d'alimentation moyenne tension 12kV<\/strong><\/p>\n<hr data-start=\"3467\" data-end=\"3470\" \/>\n<h3 data-section-id=\"tk3rvm\" data-start=\"3472\" data-end=\"3512\">3\ufe0f\u20e3 O\u00f9 cet UMR est-il couramment utilis\u00e9 ?<\/h3>\n<p data-start=\"3514\" data-end=\"3535\">Il est largement utilis\u00e9 dans :<\/p>\n<ul data-start=\"3536\" data-end=\"3607\">\n<li data-section-id=\"1k1ryxi\" data-start=\"3536\" data-end=\"3557\">R\u00e9seaux \u00e9lectriques urbains<\/li>\n<li data-section-id=\"8295nf\" data-start=\"3558\" data-end=\"3579\">Installations industrielles<\/li>\n<li data-section-id=\"1e17v55\" data-start=\"3580\" data-end=\"3607\">Projets d'infrastructure<\/li>\n<\/ul>\n<hr data-start=\"3609\" data-end=\"3612\" \/>\n<h3 data-section-id=\"4brwmt\" data-start=\"3614\" data-end=\"3664\">4\ufe0f\u20e3 Quels sont les avantages de l'appareillage SF6 ?<\/h3>\n<ul data-start=\"3666\" data-end=\"3782\">\n<li data-section-id=\"1b4urz8\" data-start=\"3666\" data-end=\"3702\">Excellente performance d'isolation<\/li>\n<li data-section-id=\"ub7qiv\" data-start=\"3703\" data-end=\"3739\">Forte capacit\u00e9 d'extinction de l'arc \u00e9lectrique<\/li>\n<li data-section-id=\"hlwggc\" data-start=\"3740\" data-end=\"3782\">Grande fiabilit\u00e9 et longue dur\u00e9e de vie<\/li>\n<\/ul>\n<hr data-start=\"3784\" data-end=\"3787\" \/>\n<h3 data-section-id=\"1vzxbic\" data-start=\"3789\" data-end=\"3830\">5\ufe0f\u20e3 L'unit\u00e9 RMU XGN15-12 peut-elle \u00eatre \u00e9tendue ?<\/h3>\n<p data-start=\"3832\" data-end=\"3915\">Oui, il est dot\u00e9 d'un <strong data-start=\"3851\" data-end=\"3880\">conception modulaire et extensible<\/strong>, permettant l'extension future du syst\u00e8me.<\/p>","protected":false},"excerpt":{"rendered":"<p data-start=\"244\" data-end=\"452\">L'unit\u00e9 principale annulaire (RMU) SF6 de la s\u00e9rie XGN15-12 est un appareillage de commutation moyenne tension de nouvelle g\u00e9n\u00e9ration con\u00e7u avec des interrupteurs de coupure de charge SF6 comme principal composant de commutation et une structure d'isolation \u00e0 l'air.<\/p>\n<p data-start=\"454\" data-end=\"609\">De conception compacte, modulaire et extensible, il est id\u00e9al pour les syst\u00e8mes modernes de distribution d'\u00e9nergie en anneau et les sous-stations terminales.<\/p>","protected":false},"featured_media":2141,"comment_status":"open","ping_status":"closed","template":"","meta":{"site-sidebar-layout":"default","site-content-layout":"","ast-site-content-layout":"default","site-content-style":"default","site-sidebar-style":"default","ast-global-header-display":"","ast-banner-title-visibility":"","ast-main-header-display":"","ast-hfb-above-header-display":"","ast-hfb-below-header-display":"","ast-hfb-mobile-header-display":"","site-post-title":"","ast-breadcrumbs-content":"","ast-featured-img":"","footer-sml-layout":"","ast-disable-related-posts":"","theme-transparent-header-meta":"default","adv-header-id-meta":"","stick-header-meta":"","header-above-stick-meta":"","header-main-stick-meta":"","header-below-stick-meta":"","astra-migrate-meta-layouts":"set","ast-page-background-enabled":"default","ast-page-background-meta":{"desktop":{"background-color":"","background-image":"","background-repeat":"repeat","background-position":"center center","background-size":"auto","background-attachment":"scroll","background-type":"","background-media":"","overlay-type":"","overlay-color":"","overlay-opacity":"","overlay-gradient":""},"tablet":{"background-color":"","background-image":"","background-repeat":"repeat","background-position":"center center","background-size":"auto","background-attachment":"scroll","background-type":"","background-media":"","overlay-type":"","overlay-color":"","overlay-opacity":"","overlay-gradient":""},"mobile":{"background-color":"","background-image":"","background-repeat":"repeat","background-position":"center center","background-size":"auto","background-attachment":"scroll","background-type":"","background-media":"","overlay-type":"","overlay-color":"","overlay-opacity":"","overlay-gradient":""}},"ast-content-background-meta":{"desktop":{"background-color":"var(--ast-global-color-5)","background-image":"","background-repeat":"repeat","background-position":"center center","background-size":"auto","background-attachment":"scroll","background-type":"","background-media":"","overlay-type":"","overlay-color":"","overlay-opacity":"","overlay-gradient":""},"tablet":{"background-color":"var(--ast-global-color-5)","background-image":"","background-repeat":"repeat","background-position":"center center","background-size":"auto","background-attachment":"scroll","background-type":"","background-media":"","overlay-type":"","overlay-color":"","overlay-opacity":"","overlay-gradient":""},"mobile":{"background-color":"var(--ast-global-color-5)","background-image":"","background-repeat":"repeat","background-position":"center center","background-size":"auto","background-attachment":"scroll","background-type":"","background-media":"","overlay-type":"","overlay-color":"","overlay-opacity":"","overlay-gradient":""}}},"product_brand":[],"product_cat":[2035,2032],"product_tag":[2119,2124,2104,2125,2120,2122,2097,2123,2121,2117,2114,2118],"class_list":{"0":"post-2140","1":"product","2":"type-product","3":"status-publish","4":"has-post-thumbnail","6":"product_cat-high-and-low-voltage-switchgear","7":"product_cat-electrical-equipment","8":"product_tag-12kv-rmu","9":"product_tag-air-insulated-switchgear","10":"product_tag-electrical-switchgear","11":"product_tag-industrial-power-equipment","12":"product_tag-medium-voltage-switchgear","13":"product_tag-metal-enclosed-switchgear","14":"product_tag-power-distribution-equipment","15":"product_tag-ring-network-cabinet","16":"product_tag-sf6-load-break-switch","17":"product_tag-sf6-ring-main-unit","18":"product_tag-substation-equipment","19":"product_tag-xgn15-12-switchgear","20":"desktop-align-left","21":"tablet-align-left","22":"mobile-align-left","24":"first","25":"instock","26":"shipping-taxable","27":"product-type-simple"},"_links":{"self":[{"href":"https:\/\/www.wonzh.com\/fr\/wp-json\/wp\/v2\/product\/2140","targetHints":{"allow":["GET"]}}],"collection":[{"href":"https:\/\/www.wonzh.com\/fr\/wp-json\/wp\/v2\/product"}],"about":[{"href":"https:\/\/www.wonzh.com\/fr\/wp-json\/wp\/v2\/types\/product"}],"replies":[{"embeddable":true,"href":"https:\/\/www.wonzh.com\/fr\/wp-json\/wp\/v2\/comments?post=2140"}],"wp:featuredmedia":[{"embeddable":true,"href":"https:\/\/www.wonzh.com\/fr\/wp-json\/wp\/v2\/media\/2141"}],"wp:attachment":[{"href":"https:\/\/www.wonzh.com\/fr\/wp-json\/wp\/v2\/media?parent=2140"}],"wp:term":[{"taxonomy":"product_brand","embeddable":true,"href":"https:\/\/www.wonzh.com\/fr\/wp-json\/wp\/v2\/product_brand?post=2140"},{"taxonomy":"product_cat","embeddable":true,"href":"https:\/\/www.wonzh.com\/fr\/wp-json\/wp\/v2\/product_cat?post=2140"},{"taxonomy":"product_tag","embeddable":true,"href":"https:\/\/www.wonzh.com\/fr\/wp-json\/wp\/v2\/product_tag?post=2140"}],"curies":[{"name":"wp","href":"https:\/\/api.w.org\/{rel}","templated":true}]}}