{"id":2134,"date":"2026-04-28T15:40:24","date_gmt":"2026-04-28T15:40:24","guid":{"rendered":"https:\/\/www.wonzh.com\/?post_type=product&#038;p=2134"},"modified":"2026-04-28T15:40:25","modified_gmt":"2026-04-28T15:40:25","slug":"gck-tableau-de-distribution-basse-tension-debrochable-pc-mcc-systeme-de-distribution-denergie-jusqua-4000a","status":"publish","type":"product","link":"https:\/\/www.wonzh.com\/fr\/product\/gck-low-voltage-withdrawable-switchgear-pc-mcc-power-distribution-system-up-to-4000a\/","title":{"rendered":"Appareillage basse tension d\u00e9brochable GCK (Syst\u00e8me de distribution d'\u00e9nergie PC &amp; MCC jusqu'\u00e0 4000A)"},"content":{"rendered":"<p data-start=\"231\" data-end=\"339\"><img fetchpriority=\"high\" decoding=\"async\" class=\"size-medium wp-image-2135 alignright\" src=\"https:\/\/www.wonzh.com\/wp-content\/uploads\/2026\/04\/GCK-Low-Voltage-Withdrawable-Switchgear-PC-MCC-Power-Distribution-System-up-to-4000A-300x300.png\" alt=\"\" width=\"300\" height=\"300\" srcset=\"https:\/\/www.wonzh.com\/wp-content\/uploads\/2026\/04\/GCK-Low-Voltage-Withdrawable-Switchgear-PC-MCC-Power-Distribution-System-up-to-4000A-300x300.png 300w, https:\/\/www.wonzh.com\/wp-content\/uploads\/2026\/04\/GCK-Low-Voltage-Withdrawable-Switchgear-PC-MCC-Power-Distribution-System-up-to-4000A-150x150.png 150w, https:\/\/www.wonzh.com\/wp-content\/uploads\/2026\/04\/GCK-Low-Voltage-Withdrawable-Switchgear-PC-MCC-Power-Distribution-System-up-to-4000A-768x768.png 768w, https:\/\/www.wonzh.com\/wp-content\/uploads\/2026\/04\/GCK-Low-Voltage-Withdrawable-Switchgear-PC-MCC-Power-Distribution-System-up-to-4000A-12x12.png 12w, https:\/\/www.wonzh.com\/wp-content\/uploads\/2026\/04\/GCK-Low-Voltage-Withdrawable-Switchgear-PC-MCC-Power-Distribution-System-up-to-4000A-600x600.png 600w, https:\/\/www.wonzh.com\/wp-content\/uploads\/2026\/04\/GCK-Low-Voltage-Withdrawable-Switchgear-PC-MCC-Power-Distribution-System-up-to-4000A-100x100.png 100w, https:\/\/www.wonzh.com\/wp-content\/uploads\/2026\/04\/GCK-Low-Voltage-Withdrawable-Switchgear-PC-MCC-Power-Distribution-System-up-to-4000A.png 1000w\" sizes=\"(max-width: 300px) 100vw, 300px\" \/>L'appareillage de commutation basse tension d\u00e9brochable de la s\u00e9rie GCK est un syst\u00e8me de distribution d'\u00e9nergie modulaire compos\u00e9 de :<\/p>\n<ul data-start=\"341\" data-end=\"401\">\n<li data-section-id=\"v1nqxa\" data-start=\"341\" data-end=\"366\">Power Center (PC)<\/li>\n<li data-section-id=\"fm9pr7\" data-start=\"367\" data-end=\"401\">Centre de contr\u00f4le du moteur (MCC)<\/li>\n<\/ul>\n<p data-start=\"403\" data-end=\"530\">Il est con\u00e7u pour la distribution d'\u00e9nergie, la commande de moteurs et les syst\u00e8mes d'\u00e9clairage dans les applications industrielles et d'infrastructure.<\/p>\n<p data-start=\"532\" data-end=\"559\">Le syst\u00e8me convient pour :<\/p>\n<ul data-start=\"560\" data-end=\"655\">\n<li data-section-id=\"1sq361m\" data-start=\"560\" data-end=\"590\">Fr\u00e9quence : 50Hz \/ 60Hz<\/li>\n<li data-section-id=\"11lkq8k\" data-start=\"591\" data-end=\"620\">Tension nominale : \u2264 660V<\/li>\n<li data-section-id=\"1ui9t9i\" data-start=\"621\" data-end=\"655\">Courant nominal : jusqu'\u00e0 4000A<\/li>\n<\/ul>\n<p data-start=\"657\" data-end=\"825\">Gr\u00e2ce \u00e0 sa conception modulaire flexible et \u00e0 sa grande fiabilit\u00e9, l'appareillage de commutation GCK est largement utilis\u00e9 dans les syst\u00e8mes d'alimentation \u00e9lectrique n\u00e9cessitant une distribution efficace et une maintenance ais\u00e9e.<\/p>\n<hr data-start=\"827\" data-end=\"830\" \/>\n<h2 data-section-id=\"g4vs8k\" data-start=\"832\" data-end=\"858\">\ud83d\udd39 Conformit\u00e9 aux normes<\/h2>\n<ul data-start=\"860\" data-end=\"1028\">\n<li data-section-id=\"19udq8o\" data-start=\"860\" data-end=\"920\">IEC 60439-1 - Appareillage \u00e0 basse tension<\/li>\n<li data-section-id=\"1uecbkd\" data-start=\"921\" data-end=\"974\">GB 7251.1 - Ensembles d'appareillage \u00e0 basse tension<\/li>\n<li data-section-id=\"1pmq6xo\" data-start=\"975\" data-end=\"1028\">GB\/T 14048.1 - \u00c9quipement de commutation \u00e0 basse tension<\/li>\n<\/ul>\n<hr data-start=\"1030\" data-end=\"1033\" \/>\n<h2 data-section-id=\"17fvu7l\" data-start=\"1035\" data-end=\"1053\">\ud83d\udd39 Caract\u00e9ristiques principales<\/h2>\n<h3 data-section-id=\"1xxqpis\" data-start=\"1055\" data-end=\"1084\">Conception modulaire de PC et de MCC<\/h3>\n<ul data-start=\"1085\" data-end=\"1210\">\n<li data-section-id=\"13k59vd\" data-start=\"1085\" data-end=\"1156\">Centre d'alimentation int\u00e9gr\u00e9 (PC) et centre de contr\u00f4le du moteur (MCC)<\/li>\n<li data-section-id=\"jrny9m\" data-start=\"1157\" data-end=\"1210\">Configuration flexible pour diff\u00e9rentes applications<\/li>\n<\/ul>\n<p data-start=\"1212\" data-end=\"1273\">\ud83d\udc49 Convient aux syst\u00e8mes de distribution et de contr\u00f4le des moteurs<\/p>\n<hr data-start=\"1275\" data-end=\"1278\" \/>\n<h3 data-section-id=\"j1odmc\" data-start=\"1280\" data-end=\"1320\">\u2714 Capacit\u00e9 de rupture et stabilit\u00e9 \u00e9lev\u00e9es<\/h3>\n<ul data-start=\"1321\" data-end=\"1409\">\n<li data-section-id=\"ap3u9k\" data-start=\"1321\" data-end=\"1365\">Forte capacit\u00e9 de coupure en cas de court-circuit<\/li>\n<li data-section-id=\"jr6bto\" data-start=\"1366\" data-end=\"1409\">Excellente stabilit\u00e9 dynamique et thermique<\/li>\n<\/ul>\n<p data-start=\"1411\" data-end=\"1461\">\ud83d\udc49 Assure un fonctionnement s\u00fbr dans des conditions de d\u00e9faillance<\/p>\n<hr data-start=\"1463\" data-end=\"1466\" \/>\n<h3 data-section-id=\"1tan46n\" data-start=\"1468\" data-end=\"1501\">\u2714 Syst\u00e8mes \u00e9lectriques flexibles<\/h3>\n<ul data-start=\"1502\" data-end=\"1583\">\n<li data-section-id=\"aq4mu3\" data-start=\"1502\" data-end=\"1543\">Combinaisons d'unit\u00e9s fonctionnelles multiples<\/li>\n<li data-section-id=\"auas6q\" data-start=\"1544\" data-end=\"1583\">Configurations de circuits personnalisables<\/li>\n<\/ul>\n<p data-start=\"1585\" data-end=\"1624\">\ud83d\udc49 R\u00e9pond aux diverses exigences des projets<\/p>\n<hr data-start=\"1626\" data-end=\"1629\" \/>\n<h3 data-section-id=\"12zqktg\" data-start=\"1631\" data-end=\"1668\">\u2714 Haute int\u00e9gration et faible encombrement<\/h3>\n<ul data-start=\"1669\" data-end=\"1754\">\n<li data-section-id=\"ivpknx\" data-start=\"1669\" data-end=\"1708\">Nombre \u00e9lev\u00e9 de circuits par armoire<\/li>\n<li data-section-id=\"hixc46\" data-start=\"1709\" data-end=\"1754\">La conception compacte r\u00e9duit l'espace d'installation<\/li>\n<\/ul>\n<hr data-start=\"1756\" data-end=\"1759\" \/>\n<h3 data-section-id=\"9k2jgl\" data-start=\"1761\" data-end=\"1791\">\u2714 Haute protection et s\u00e9curit\u00e9<\/h3>\n<ul data-start=\"1792\" data-end=\"1880\">\n<li data-section-id=\"112z0x2\" data-start=\"1792\" data-end=\"1847\">Degr\u00e9 de protection \u00e9lev\u00e9 (options IP disponibles)<\/li>\n<li data-section-id=\"1vvy6hm\" data-start=\"1848\" data-end=\"1880\">Syst\u00e8me de verrouillage fiable<\/li>\n<\/ul>\n<p data-start=\"1882\" data-end=\"1933\">\ud83d\udc49 Assure la s\u00e9curit\u00e9 de l'op\u00e9rateur et la fiabilit\u00e9 du syst\u00e8me<\/p>\n<hr data-start=\"1935\" data-end=\"1938\" \/>\n<h3 data-section-id=\"y8xjs1\" data-start=\"1940\" data-end=\"1962\">\u2714 Entretien facile<\/h3>\n<ul data-start=\"1963\" data-end=\"2028\">\n<li data-section-id=\"zkkr2a\" data-start=\"1963\" data-end=\"1992\">Blocs-tiroirs extractibles<\/li>\n<li data-section-id=\"1ho7t4w\" data-start=\"1993\" data-end=\"2028\">Remplacement et entretien rapides<\/li>\n<\/ul>\n<p data-start=\"2030\" data-end=\"2053\">\ud83d\udc49 Minimise les temps d'arr\u00eat<\/p>\n<hr data-start=\"2055\" data-end=\"2058\" \/>\n<h3 data-section-id=\"1d4fvu7\" data-start=\"2060\" data-end=\"2086\">\u2714 Forte compatibilit\u00e9<\/h3>\n<ul data-start=\"2087\" data-end=\"2139\">\n<li data-section-id=\"hwk1uw\" data-start=\"2087\" data-end=\"2111\">Modules standardis\u00e9s<\/li>\n<li data-section-id=\"i8q01y\" data-start=\"2112\" data-end=\"2139\">Grande interchangeabilit\u00e9<\/li>\n<\/ul>\n<p data-start=\"2141\" data-end=\"2179\">\ud83d\udc49 Simplifie l'expansion et les mises \u00e0 niveau<\/p>\n<hr data-start=\"2181\" data-end=\"2184\" \/>\n<h2 data-section-id=\"1hq6i26\" data-start=\"2186\" data-end=\"2209\">\ud83d\udd39 Conception structurelle<\/h2>\n<h3 data-section-id=\"1xh03j4\" data-start=\"2211\" data-end=\"2235\">\ud83d\udd38 Structure du cabinet<\/h3>\n<ul data-start=\"2236\" data-end=\"2334\">\n<li data-section-id=\"mwl858\" data-start=\"2236\" data-end=\"2273\">Structure modulaire en acier assembl\u00e9<\/li>\n<li data-section-id=\"1y6898m\" data-start=\"2274\" data-end=\"2301\">Cadre rigide et durable<\/li>\n<li data-section-id=\"oog22r\" data-start=\"2302\" data-end=\"2334\">Disposition compacte et optimis\u00e9e<\/li>\n<\/ul>\n<hr data-start=\"2336\" data-end=\"2339\" \/>\n<h3 data-section-id=\"v76t0e\" data-start=\"2341\" data-end=\"2366\">\ud83d\udd38 Unit\u00e9s retirables<\/h3>\n<ul data-start=\"2367\" data-end=\"2435\">\n<li data-section-id=\"rzk20g\" data-start=\"2367\" data-end=\"2399\">Unit\u00e9s fonctionnelles \u00e0 tiroir<\/li>\n<li data-section-id=\"1j0ioyy\" data-start=\"2400\" data-end=\"2435\">Taille et interface standardis\u00e9es<\/li>\n<\/ul>\n<p data-start=\"2437\" data-end=\"2448\">\u27a1 Avantages :<\/p>\n<ul data-start=\"2449\" data-end=\"2488\">\n<li data-section-id=\"zpcfub\" data-start=\"2449\" data-end=\"2467\">Facilit\u00e9 d'utilisation<\/li>\n<li data-section-id=\"1oehgdx\" data-start=\"2468\" data-end=\"2488\">Entretien rapide<\/li>\n<\/ul>\n<hr data-start=\"2490\" data-end=\"2493\" \/>\n<h3 data-section-id=\"1tnodmb\" data-start=\"2495\" data-end=\"2515\">\ud83d\udd38 Syst\u00e8me de jeux de barres<\/h3>\n<ul data-start=\"2516\" data-end=\"2573\">\n<li data-section-id=\"3lmozf\" data-start=\"2516\" data-end=\"2547\">Barres omnibus en cuivre de haute qualit\u00e9<\/li>\n<li data-section-id=\"1nt1b1n\" data-start=\"2548\" data-end=\"2573\">Arrangement optimis\u00e9<\/li>\n<\/ul>\n<p data-start=\"2575\" data-end=\"2586\">\u27a1 Caract\u00e9ristiques :<\/p>\n<ul data-start=\"2587\" data-end=\"2637\">\n<li data-section-id=\"11d9kpn\" data-start=\"2587\" data-end=\"2612\">Capacit\u00e9 de courant \u00e9lev\u00e9e<\/li>\n<li data-section-id=\"173shq5\" data-start=\"2613\" data-end=\"2637\">Faible augmentation de la temp\u00e9rature<\/li>\n<\/ul>\n<hr data-start=\"2639\" data-end=\"2642\" \/>\n<h3 data-section-id=\"1x6mgn9\" data-start=\"2644\" data-end=\"2668\">\ud83d\udd38 Syst\u00e8me de protection<\/h3>\n<ul data-start=\"2669\" data-end=\"2756\">\n<li data-section-id=\"14s7m03\" data-start=\"2669\" data-end=\"2692\">Protection contre les surcharges<\/li>\n<li data-section-id=\"xnufhj\" data-start=\"2693\" data-end=\"2721\">Protection contre les courts-circuits<\/li>\n<li data-section-id=\"1t1clws\" data-start=\"2722\" data-end=\"2756\">Syst\u00e8me de verrouillage \u00e9lectrique<\/li>\n<\/ul>\n<hr data-start=\"2758\" data-end=\"2761\" \/>\n<h2 data-section-id=\"15du31k\" data-start=\"2763\" data-end=\"2781\">\ud83d\udd39 Applications<\/h2>\n<ul data-start=\"2783\" data-end=\"2934\">\n<li data-section-id=\"13gp9hh\" data-start=\"2783\" data-end=\"2815\">Centrales \u00e9lectriques et sous-stations<\/li>\n<li data-section-id=\"1j2bus9\" data-start=\"2816\" data-end=\"2852\">Syst\u00e8mes de fabrication industrielle<\/li>\n<li data-section-id=\"1pzb87g\" data-start=\"2853\" data-end=\"2881\">Industries p\u00e9trochimiques<\/li>\n<li data-section-id=\"hfihxt\" data-start=\"2882\" data-end=\"2906\">B\u00e2timents commerciaux<\/li>\n<li data-section-id=\"1e17v55\" data-start=\"2907\" data-end=\"2934\">Projets d'infrastructure<\/li>\n<\/ul>\n<hr data-start=\"2936\" data-end=\"2939\" \/>\n<h2 data-section-id=\"1rg4wz9\" data-start=\"2941\" data-end=\"2965\">\ud83d\udd39 R\u00e9sum\u00e9 des avantages<\/h2>\n<ul data-start=\"2967\" data-end=\"3191\">\n<li data-section-id=\"krkyjz\" data-start=\"2967\" data-end=\"2997\">Syst\u00e8me int\u00e9gr\u00e9 PC + MCC<\/li>\n<li data-section-id=\"1x9begz\" data-start=\"2998\" data-end=\"3038\">Capacit\u00e9 de rupture et stabilit\u00e9 \u00e9lev\u00e9es<\/li>\n<li data-section-id=\"6vrj5k\" data-start=\"3039\" data-end=\"3084\">Configuration flexible et conception modulaire<\/li>\n<li data-section-id=\"1t7p732\" data-start=\"3085\" data-end=\"3122\">Faible encombrement et forte int\u00e9gration<\/li>\n<li data-section-id=\"1am4nmt\" data-start=\"3123\" data-end=\"3157\">Facilit\u00e9 d'entretien et de fonctionnement<\/li>\n<li data-section-id=\"1z0g0xe\" data-start=\"3158\" data-end=\"3191\">Des performances fiables et s\u00fbres<\/li>\n<\/ul>\n<hr data-start=\"3193\" data-end=\"3196\" \/>\n<h1 data-section-id=\"1lxd8kj\" data-start=\"3198\" data-end=\"3205\">\u2753 FAQ<\/h1>\n<h3 data-section-id=\"17kl14w\" data-start=\"3207\" data-end=\"3269\">1\ufe0f\u20e3 Quelle est la diff\u00e9rence entre les appareillages GCK et GCS ?<\/h3>\n<ul data-start=\"3271\" data-end=\"3389\">\n<li data-section-id=\"ix9vu\" data-start=\"3271\" data-end=\"3327\">GCK : plus rentable, configuration flexible<\/li>\n<li data-section-id=\"5gga31\" data-start=\"3328\" data-end=\"3389\">GCS : Plus grande capacit\u00e9 de normalisation et d'automatisation<\/li>\n<\/ul>\n<p data-start=\"3391\" data-end=\"3449\">\ud83d\udc49 GCK est largement utilis\u00e9 pour des applications industrielles g\u00e9n\u00e9rales.<\/p>\n<hr data-start=\"3451\" data-end=\"3454\" \/>\n<h3 data-section-id=\"oy2arm\" data-start=\"3456\" data-end=\"3490\">2\ufe0f\u20e3 Que signifient PC et MCC ?<\/h3>\n<ul data-start=\"3492\" data-end=\"3607\">\n<li data-section-id=\"qbl23e\" data-start=\"3492\" data-end=\"3542\">PC (Power Center) : Distribution principale de l'\u00e9lectricit\u00e9<\/li>\n<li data-section-id=\"c0crjh\" data-start=\"3543\" data-end=\"3607\">MCC (Motor Control Center) : Contr\u00f4le et gestion des moteurs<\/li>\n<\/ul>\n<p data-start=\"3609\" data-end=\"3663\">\ud83d\udc49 Ensemble, ils forment un syst\u00e8me complet de contr\u00f4le de la puissance.<\/p>\n<hr data-start=\"3665\" data-end=\"3668\" \/>\n<h3 data-section-id=\"2pi7lx\" data-start=\"3670\" data-end=\"3717\">3\ufe0f\u20e3 L'appareillage GCK est-il facile \u00e0 entretenir ?<\/h3>\n<p data-start=\"3719\" data-end=\"3734\">Oui, gr\u00e2ce \u00e0 :<\/p>\n<ul data-start=\"3735\" data-end=\"3783\">\n<li data-section-id=\"zkkr2a\" data-start=\"3735\" data-end=\"3764\">Blocs-tiroirs extractibles<\/li>\n<li data-section-id=\"1f7s8xi\" data-start=\"3765\" data-end=\"3783\">Conception modulaire<\/li>\n<\/ul>\n<p data-start=\"3785\" data-end=\"3840\">\ud83d\udc49 L'entretien et le remplacement sont rapides et pratiques.<\/p>\n<hr data-start=\"3842\" data-end=\"3845\" \/>\n<h3 data-section-id=\"ojgr6w\" data-start=\"3847\" data-end=\"3891\">4\ufe0f\u20e3 Quels sont les secteurs d'activit\u00e9 pour lesquels GCK est adapt\u00e9 ?<\/h3>\n<p data-start=\"3893\" data-end=\"3914\">Il est largement utilis\u00e9 dans :<\/p>\n<ul data-start=\"3915\" data-end=\"3979\">\n<li data-section-id=\"8295nf\" data-start=\"3915\" data-end=\"3936\">Installations industrielles<\/li>\n<li data-section-id=\"3shzmp\" data-start=\"3937\" data-end=\"3954\">Syst\u00e8mes d'alimentation<\/li>\n<li data-section-id=\"hfihxt\" data-start=\"3955\" data-end=\"3979\">B\u00e2timents commerciaux<\/li>\n<\/ul>","protected":false},"excerpt":{"rendered":"<p data-start=\"231\" data-end=\"339\">L'appareillage de commutation basse tension d\u00e9brochable de la s\u00e9rie GCK est un syst\u00e8me de distribution d'\u00e9nergie modulaire compos\u00e9 de :<\/p>\n<ul data-start=\"341\" data-end=\"401\">\n<li data-section-id=\"v1nqxa\" data-start=\"341\" data-end=\"366\">Power Center (PC)<\/li>\n<li data-section-id=\"fm9pr7\" data-start=\"367\" data-end=\"401\">Centre de contr\u00f4le du moteur (MCC)<\/li>\n<\/ul>\n<p data-start=\"403\" data-end=\"530\">Il est con\u00e7u pour la distribution d'\u00e9nergie, la commande de moteurs et les syst\u00e8mes d'\u00e9clairage dans les applications industrielles et d'infrastructure.<\/p>\n<p data-start=\"532\" data-end=\"559\">Le syst\u00e8me convient pour :<\/p>\n<ul data-start=\"560\" data-end=\"655\">\n<li data-section-id=\"1sq361m\" data-start=\"560\" data-end=\"590\">Fr\u00e9quence : 50Hz \/ 60Hz<\/li>\n<li data-section-id=\"11lkq8k\" data-start=\"591\" data-end=\"620\">Tension nominale : \u2264 660V<\/li>\n<li data-section-id=\"1ui9t9i\" data-start=\"621\" data-end=\"655\">Courant nominal : jusqu'\u00e0 4000A<\/li>\n<\/ul>","protected":false},"featured_media":2135,"comment_status":"open","ping_status":"closed","template":"","meta":{"site-sidebar-layout":"default","site-content-layout":"","ast-site-content-layout":"default","site-content-style":"default","site-sidebar-style":"default","ast-global-header-display":"","ast-banner-title-visibility":"","ast-main-header-display":"","ast-hfb-above-header-display":"","ast-hfb-below-header-display":"","ast-hfb-mobile-header-display":"","site-post-title":"","ast-breadcrumbs-content":"","ast-featured-img":"","footer-sml-layout":"","ast-disable-related-posts":"","theme-transparent-header-meta":"default","adv-header-id-meta":"","stick-header-meta":"","header-above-stick-meta":"","header-main-stick-meta":"","header-below-stick-meta":"","astra-migrate-meta-layouts":"set","ast-page-background-enabled":"default","ast-page-background-meta":{"desktop":{"background-color":"","background-image":"","background-repeat":"repeat","background-position":"center center","background-size":"auto","background-attachment":"scroll","background-type":"","background-media":"","overlay-type":"","overlay-color":"","overlay-opacity":"","overlay-gradient":""},"tablet":{"background-color":"","background-image":"","background-repeat":"repeat","background-position":"center center","background-size":"auto","background-attachment":"scroll","background-type":"","background-media":"","overlay-type":"","overlay-color":"","overlay-opacity":"","overlay-gradient":""},"mobile":{"background-color":"","background-image":"","background-repeat":"repeat","background-position":"center center","background-size":"auto","background-attachment":"scroll","background-type":"","background-media":"","overlay-type":"","overlay-color":"","overlay-opacity":"","overlay-gradient":""}},"ast-content-background-meta":{"desktop":{"background-color":"var(--ast-global-color-5)","background-image":"","background-repeat":"repeat","background-position":"center center","background-size":"auto","background-attachment":"scroll","background-type":"","background-media":"","overlay-type":"","overlay-color":"","overlay-opacity":"","overlay-gradient":""},"tablet":{"background-color":"var(--ast-global-color-5)","background-image":"","background-repeat":"repeat","background-position":"center center","background-size":"auto","background-attachment":"scroll","background-type":"","background-media":"","overlay-type":"","overlay-color":"","overlay-opacity":"","overlay-gradient":""},"mobile":{"background-color":"var(--ast-global-color-5)","background-image":"","background-repeat":"repeat","background-position":"center center","background-size":"auto","background-attachment":"scroll","background-type":"","background-media":"","overlay-type":"","overlay-color":"","overlay-opacity":"","overlay-gradient":""}}},"product_brand":[],"product_cat":[2032,2035],"product_tag":[2043,2104,2102,2099,2094,2098,2105,2103,2101,2095],"class_list":{"0":"post-2134","1":"product","2":"type-product","3":"status-publish","4":"has-post-thumbnail","6":"product_cat-electrical-equipment","7":"product_cat-high-and-low-voltage-switchgear","8":"product_tag-electrical-equipment","9":"product_tag-electrical-switchgear","10":"product_tag-gck-switchgear","11":"product_tag-industrial-switchgear","12":"product_tag-low-voltage-switchgear","13":"product_tag-mcc-panel","14":"product_tag-pc-mcc-system","15":"product_tag-power-distribution-cabinet","16":"product_tag-transformer-equipment","17":"product_tag-withdrawable-switchgear","18":"desktop-align-left","19":"tablet-align-left","20":"mobile-align-left","22":"first","23":"instock","24":"shipping-taxable","25":"product-type-simple"},"_links":{"self":[{"href":"https:\/\/www.wonzh.com\/fr\/wp-json\/wp\/v2\/product\/2134","targetHints":{"allow":["GET"]}}],"collection":[{"href":"https:\/\/www.wonzh.com\/fr\/wp-json\/wp\/v2\/product"}],"about":[{"href":"https:\/\/www.wonzh.com\/fr\/wp-json\/wp\/v2\/types\/product"}],"replies":[{"embeddable":true,"href":"https:\/\/www.wonzh.com\/fr\/wp-json\/wp\/v2\/comments?post=2134"}],"wp:featuredmedia":[{"embeddable":true,"href":"https:\/\/www.wonzh.com\/fr\/wp-json\/wp\/v2\/media\/2135"}],"wp:attachment":[{"href":"https:\/\/www.wonzh.com\/fr\/wp-json\/wp\/v2\/media?parent=2134"}],"wp:term":[{"taxonomy":"product_brand","embeddable":true,"href":"https:\/\/www.wonzh.com\/fr\/wp-json\/wp\/v2\/product_brand?post=2134"},{"taxonomy":"product_cat","embeddable":true,"href":"https:\/\/www.wonzh.com\/fr\/wp-json\/wp\/v2\/product_cat?post=2134"},{"taxonomy":"product_tag","embeddable":true,"href":"https:\/\/www.wonzh.com\/fr\/wp-json\/wp\/v2\/product_tag?post=2134"}],"curies":[{"name":"wp","href":"https:\/\/api.w.org\/{rel}","templated":true}]}}