{"id":2132,"date":"2026-04-28T15:33:52","date_gmt":"2026-04-28T15:33:52","guid":{"rendered":"https:\/\/www.wonzh.com\/?post_type=product&#038;p=2132"},"modified":"2026-04-29T16:14:16","modified_gmt":"2026-04-29T16:14:16","slug":"gcs-low-voltage-withdrawable-switchgear-up-to-4000a-power-distribution-motor-control-system","status":"publish","type":"product","link":"https:\/\/www.wonzh.com\/fr\/product\/gcs-low-voltage-withdrawable-switchgear-up-to-4000a-power-distribution-motor-control-system\/","title":{"rendered":"Appareillage basse tension d\u00e9brochable GCS (jusqu'\u00e0 4000A, syst\u00e8me de distribution d'\u00e9nergie et de contr\u00f4le des moteurs)"},"content":{"rendered":"<p data-start=\"255\" data-end=\"423\">Les tableaux de distribution basse tension d\u00e9brochables de la s\u00e9rie GCS sont con\u00e7us pour la distribution d'\u00e9nergie, la commande de moteurs et la compensation de la puissance r\u00e9active dans les r\u00e9seaux \u00e9lectriques modernes.<\/p>\n<p data-start=\"425\" data-end=\"483\">Il convient aux syst\u00e8mes triphas\u00e9s \u00e0 courant alternatif (50 Hz) avec<img fetchpriority=\"high\" decoding=\"async\" class=\"size-medium wp-image-2133 alignright\" src=\"https:\/\/www.wonzh.com\/wp-content\/uploads\/2026\/04\/GCS-Low-Voltage-Withdrawable-Switchgear-Up-to-4000A-Power-Distribution-Motor-Control-System-300x300.png\" alt=\"\" width=\"300\" height=\"300\" srcset=\"https:\/\/www.wonzh.com\/wp-content\/uploads\/2026\/04\/GCS-Low-Voltage-Withdrawable-Switchgear-Up-to-4000A-Power-Distribution-Motor-Control-System-300x300.png 300w, https:\/\/www.wonzh.com\/wp-content\/uploads\/2026\/04\/GCS-Low-Voltage-Withdrawable-Switchgear-Up-to-4000A-Power-Distribution-Motor-Control-System-150x150.png 150w, https:\/\/www.wonzh.com\/wp-content\/uploads\/2026\/04\/GCS-Low-Voltage-Withdrawable-Switchgear-Up-to-4000A-Power-Distribution-Motor-Control-System-768x768.png 768w, https:\/\/www.wonzh.com\/wp-content\/uploads\/2026\/04\/GCS-Low-Voltage-Withdrawable-Switchgear-Up-to-4000A-Power-Distribution-Motor-Control-System-12x12.png 12w, https:\/\/www.wonzh.com\/wp-content\/uploads\/2026\/04\/GCS-Low-Voltage-Withdrawable-Switchgear-Up-to-4000A-Power-Distribution-Motor-Control-System-600x600.png 600w, https:\/\/www.wonzh.com\/wp-content\/uploads\/2026\/04\/GCS-Low-Voltage-Withdrawable-Switchgear-Up-to-4000A-Power-Distribution-Motor-Control-System-100x100.png 100w, https:\/\/www.wonzh.com\/wp-content\/uploads\/2026\/04\/GCS-Low-Voltage-Withdrawable-Switchgear-Up-to-4000A-Power-Distribution-Motor-Control-System.png 1000w\" sizes=\"(max-width: 300px) 100vw, 300px\" \/>h :<\/p>\n<ul data-start=\"484\" data-end=\"553\">\n<li data-section-id=\"1ua275e\" data-start=\"484\" data-end=\"518\">Tension nominale : 400V \/ 690V<\/li>\n<li data-section-id=\"1ui9t9i\" data-start=\"519\" data-end=\"553\">Courant nominal : jusqu'\u00e0 4000A<\/li>\n<\/ul>\n<p data-start=\"555\" data-end=\"789\">La conception modulaire d\u00e9brochable permet un fonctionnement flexible, une maintenance ais\u00e9e et une grande fiabilit\u00e9 du syst\u00e8me, ce qui en fait la solution id\u00e9ale pour les applications industrielles et d'infrastructure n\u00e9cessitant une gestion continue et intelligente de l'\u00e9nergie.<\/p>\n<p data-start=\"791\" data-end=\"812\">Il est largement utilis\u00e9 dans :<\/p>\n<ul data-start=\"813\" data-end=\"1000\">\n<li data-section-id=\"13gp9hh\" data-start=\"813\" data-end=\"845\">Centrales \u00e9lectriques et sous-stations<\/li>\n<li data-section-id=\"v68dal\" data-start=\"846\" data-end=\"882\">Industries p\u00e9trochimiques et p\u00e9troli\u00e8res<\/li>\n<li data-section-id=\"17rxug5\" data-start=\"883\" data-end=\"929\">Industries m\u00e9tallurgiques et manufacturi\u00e8res<\/li>\n<li data-section-id=\"18q0d1j\" data-start=\"930\" data-end=\"951\">Usines textiles<\/li>\n<li data-section-id=\"1ij7n1e\" data-start=\"952\" data-end=\"1000\">Immeubles de grande hauteur et complexes commerciaux<\/li>\n<\/ul>\n<hr data-start=\"1002\" data-end=\"1005\" \/>\n<h2 data-section-id=\"17fvu7l\" data-start=\"1007\" data-end=\"1025\">\ud83d\udd39 Caract\u00e9ristiques principales<\/h2>\n<h3 data-section-id=\"1ms3rs4\" data-start=\"1027\" data-end=\"1060\">\u2714 Conception modulaire et amovible<\/h3>\n<ul data-start=\"1061\" data-end=\"1145\">\n<li data-section-id=\"rzk20g\" data-start=\"1061\" data-end=\"1093\">Unit\u00e9s fonctionnelles \u00e0 tiroir<\/li>\n<li data-section-id=\"1bdsdea\" data-start=\"1094\" data-end=\"1145\">Facilit\u00e9 d'installation, de remplacement et d'entretien<\/li>\n<\/ul>\n<p data-start=\"1147\" data-end=\"1192\">\ud83d\udc49 R\u00e9duction des temps d'arr\u00eat et am\u00e9lioration de l'efficacit\u00e9<\/p>\n<hr data-start=\"1194\" data-end=\"1197\" \/>\n<h3 data-section-id=\"2w9o6u\" data-start=\"1199\" data-end=\"1230\">\u2714 Fiabilit\u00e9 et s\u00e9curit\u00e9 \u00e9lev\u00e9es<\/h3>\n<ul data-start=\"1231\" data-end=\"1328\">\n<li data-section-id=\"1gq6mz6\" data-start=\"1231\" data-end=\"1274\">Syst\u00e8me de verrouillage \u00e9lectrique avanc\u00e9<\/li>\n<li data-section-id=\"nhyewn\" data-start=\"1275\" data-end=\"1300\">\u00c9vite les erreurs de fonctionnement<\/li>\n<li data-section-id=\"1605knx\" data-start=\"1301\" data-end=\"1328\">Assurer la s\u00e9curit\u00e9 de l'op\u00e9rateur<\/li>\n<\/ul>\n<hr data-start=\"1330\" data-end=\"1333\" \/>\n<h3 data-section-id=\"u4z51z\" data-start=\"1335\" data-end=\"1363\">\u2714 Configuration flexible<\/h3>\n<ul data-start=\"1364\" data-end=\"1455\">\n<li data-section-id=\"sazqw8\" data-start=\"1364\" data-end=\"1455\">Soutient :\n<ul data-start=\"1378\" data-end=\"1455\">\n<li data-section-id=\"1tv7qr1\" data-start=\"1378\" data-end=\"1400\">Distribution de l'\u00e9lectricit\u00e9<\/li>\n<li data-section-id=\"zm7t8o\" data-start=\"1403\" data-end=\"1426\">Contr\u00f4le du moteur (MCC)<\/li>\n<li data-section-id=\"yuz8vg\" data-start=\"1429\" data-end=\"1455\">Compensation du condensateur<\/li>\n<\/ul>\n<\/li>\n<\/ul>\n<p data-start=\"1457\" data-end=\"1504\">\ud83d\udc49 Adapt\u00e9 \u00e0 divers sc\u00e9narios d'application<\/p>\n<hr data-start=\"1506\" data-end=\"1509\" \/>\n<h3 data-section-id=\"11dpq2p\" data-start=\"1511\" data-end=\"1538\">Capacit\u00e9 de courant \u00e9lev\u00e9e<\/h3>\n<ul data-start=\"1539\" data-end=\"1615\">\n<li data-section-id=\"1udyif0\" data-start=\"1539\" data-end=\"1572\">Courant nominal jusqu'\u00e0 4000A<\/li>\n<li data-section-id=\"11waltv\" data-start=\"1573\" data-end=\"1615\">Convient aux syst\u00e8mes d'alimentation \u00e0 grande \u00e9chelle<\/li>\n<\/ul>\n<hr data-start=\"1617\" data-end=\"1620\" \/>\n<h3 data-section-id=\"56aejm\" data-start=\"1622\" data-end=\"1658\">Capacit\u00e9 de contr\u00f4le intelligent<\/h3>\n<ul data-start=\"1659\" data-end=\"1759\">\n<li data-section-id=\"1q3ju9x\" data-start=\"1659\" data-end=\"1697\">Compatible avec les syst\u00e8mes d'automatisation<\/li>\n<li data-section-id=\"ls73aw\" data-start=\"1698\" data-end=\"1759\">Favorise la communication avec les ordinateurs et les syst\u00e8mes de contr\u00f4le<\/li>\n<\/ul>\n<p data-start=\"1761\" data-end=\"1813\">\ud83d\udc49 Id\u00e9al pour les usines intelligentes et les syst\u00e8mes automatis\u00e9s.<\/p>\n<hr data-start=\"1815\" data-end=\"1818\" \/>\n<h3 data-section-id=\"1hweg03\" data-start=\"1820\" data-end=\"1845\">\u2714 Forte capacit\u00e9 d'adaptation<\/h3>\n<ul data-start=\"1846\" data-end=\"1942\">\n<li data-section-id=\"ug4n5v\" data-start=\"1846\" data-end=\"1892\">Convient aux environnements industriels difficiles<\/li>\n<li data-section-id=\"1e4pl9p\" data-start=\"1893\" data-end=\"1942\">Performances stables en fonctionnement continu<\/li>\n<\/ul>\n<hr data-start=\"1944\" data-end=\"1947\" \/>\n<h2 data-section-id=\"1hq6i26\" data-start=\"1949\" data-end=\"1972\">\ud83d\udd39 Conception structurelle<\/h2>\n<h3 data-section-id=\"1xh03j4\" data-start=\"1974\" data-end=\"1998\">\ud83d\udd38 Structure du cabinet<\/h3>\n<ul data-start=\"1999\" data-end=\"2099\">\n<li data-section-id=\"rca4d3\" data-start=\"1999\" data-end=\"2030\">Structure modulaire assembl\u00e9e<\/li>\n<li data-section-id=\"i5treg\" data-start=\"2031\" data-end=\"2060\">Cadre en acier \u00e0 haute r\u00e9sistance<\/li>\n<li data-section-id=\"1bdd9s6\" data-start=\"2061\" data-end=\"2099\">Conception compacte et peu encombrante<\/li>\n<\/ul>\n<hr data-start=\"2101\" data-end=\"2104\" \/>\n<h3 data-section-id=\"v76t0e\" data-start=\"2106\" data-end=\"2131\">\ud83d\udd38 Unit\u00e9s retirables<\/h3>\n<ul data-start=\"2132\" data-end=\"2221\">\n<li data-section-id=\"gzz3tl\" data-start=\"2132\" data-end=\"2175\">Conception \u00e0 tiroir pour les unit\u00e9s fonctionnelles<\/li>\n<li data-section-id=\"mhiher\" data-start=\"2176\" data-end=\"2221\">Modules standardis\u00e9s pour un remplacement facile<\/li>\n<\/ul>\n<p data-start=\"2223\" data-end=\"2234\">\u27a1 Avantages :<\/p>\n<ul data-start=\"2235\" data-end=\"2277\">\n<li data-section-id=\"1o62h68\" data-start=\"2235\" data-end=\"2256\">Entretien rapide<\/li>\n<li data-section-id=\"16zesr\" data-start=\"2257\" data-end=\"2277\">R\u00e9duction des temps d'arr\u00eat<\/li>\n<\/ul>\n<hr data-start=\"2279\" data-end=\"2282\" \/>\n<h3 data-section-id=\"1tnodmb\" data-start=\"2284\" data-end=\"2304\">\ud83d\udd38 Syst\u00e8me de jeux de barres<\/h3>\n<ul data-start=\"2305\" data-end=\"2383\">\n<li data-section-id=\"rj0pb8\" data-start=\"2305\" data-end=\"2341\">Barres conductrices en cuivre \u00e0 haute conductivit\u00e9<\/li>\n<li data-section-id=\"11i1xl1\" data-start=\"2342\" data-end=\"2383\">Disposition optimis\u00e9e pour la dissipation de la chaleur<\/li>\n<\/ul>\n<p data-start=\"2385\" data-end=\"2396\">\u27a1 Caract\u00e9ristiques :<\/p>\n<ul data-start=\"2397\" data-end=\"2447\">\n<li data-section-id=\"11d9kpn\" data-start=\"2397\" data-end=\"2422\">Capacit\u00e9 de courant \u00e9lev\u00e9e<\/li>\n<li data-section-id=\"173shq5\" data-start=\"2423\" data-end=\"2447\">Faible augmentation de la temp\u00e9rature<\/li>\n<\/ul>\n<hr data-start=\"2449\" data-end=\"2452\" \/>\n<h3 data-section-id=\"1x6mgn9\" data-start=\"2454\" data-end=\"2478\">\ud83d\udd38 Syst\u00e8me de protection<\/h3>\n<ul data-start=\"2479\" data-end=\"2590\">\n<li data-section-id=\"1qpbf50\" data-start=\"2479\" data-end=\"2590\">Fonctions de protection compl\u00e8tes :\n<ul data-start=\"2514\" data-end=\"2590\">\n<li data-section-id=\"14s7m03\" data-start=\"2514\" data-end=\"2537\">Protection contre les surcharges<\/li>\n<li data-section-id=\"xnufhj\" data-start=\"2540\" data-end=\"2568\">Protection contre les courts-circuits<\/li>\n<li data-section-id=\"1gniwxy\" data-start=\"2571\" data-end=\"2590\">Isolation des d\u00e9fauts<\/li>\n<\/ul>\n<\/li>\n<\/ul>\n<hr data-start=\"2592\" data-end=\"2595\" \/>\n<h3 data-section-id=\"jsk2jm\" data-start=\"2597\" data-end=\"2627\">\ud83d\udd38 Contr\u00f4le et communication<\/h3>\n<ul data-start=\"2628\" data-end=\"2710\">\n<li data-section-id=\"12xyfr6\" data-start=\"2628\" data-end=\"2667\">Prise en charge de l'interface PLC et ordinateur<\/li>\n<li data-section-id=\"bkrhvp\" data-start=\"2668\" data-end=\"2710\">Convient aux syst\u00e8mes de contr\u00f4le automatis\u00e9s<\/li>\n<\/ul>\n<hr data-start=\"2712\" data-end=\"2715\" \/>\n<h2 data-section-id=\"15du31k\" data-start=\"2717\" data-end=\"2735\">\ud83d\udd39 Applications<\/h2>\n<ul data-start=\"2737\" data-end=\"2922\">\n<li data-section-id=\"19y712\" data-start=\"2737\" data-end=\"2782\">Syst\u00e8mes de production et de distribution d'\u00e9lectricit\u00e9<\/li>\n<li data-section-id=\"1qs4a2s\" data-start=\"2783\" data-end=\"2807\">Usines p\u00e9trochimiques<\/li>\n<li data-section-id=\"1y4z0ss\" data-start=\"2808\" data-end=\"2847\">Installations de production industrielle<\/li>\n<li data-section-id=\"6m4zjg\" data-start=\"2848\" data-end=\"2894\">Immeubles de grande hauteur et centres commerciaux<\/li>\n<li data-section-id=\"1e17v55\" data-start=\"2895\" data-end=\"2922\">Projets d'infrastructure<\/li>\n<\/ul>\n<hr data-start=\"2924\" data-end=\"2927\" \/>\n<h2 data-section-id=\"1rg4wz9\" data-start=\"2929\" data-end=\"2953\">\ud83d\udd39 R\u00e9sum\u00e9 des avantages<\/h2>\n<ul data-start=\"2955\" data-end=\"3197\">\n<li data-section-id=\"z0351a\" data-start=\"2955\" data-end=\"2986\">Conception modulaire et amovible<\/li>\n<li data-section-id=\"1wao6ap\" data-start=\"2987\" data-end=\"3018\">S\u00e9curit\u00e9 et fiabilit\u00e9 \u00e9lev\u00e9es<\/li>\n<li data-section-id=\"1q8mitz\" data-start=\"3019\" data-end=\"3068\">Configuration flexible pour des fonctions multiples<\/li>\n<li data-section-id=\"82rthe\" data-start=\"3069\" data-end=\"3109\">Soutien aux syst\u00e8mes de contr\u00f4le intelligents<\/li>\n<li data-section-id=\"1am4nmt\" data-start=\"3110\" data-end=\"3144\">Facilit\u00e9 d'entretien et de fonctionnement<\/li>\n<li data-section-id=\"1kvgnyc\" data-start=\"3145\" data-end=\"3197\">Convient aux applications industrielles \u00e0 grande \u00e9chelle<\/li>\n<\/ul>\n<hr data-start=\"3199\" data-end=\"3202\" \/>\n<h1 data-section-id=\"1lxd8kj\" data-start=\"3204\" data-end=\"3211\">\u2753 FAQ<\/h1>\n<h3 data-section-id=\"n1rjwe\" data-start=\"3213\" data-end=\"3255\">1\ufe0f\u20e3 Qu'est-ce qu'un interrupteur d\u00e9brochable ?<\/h3>\n<p data-start=\"3257\" data-end=\"3384\">Un appareillage de commutation d\u00e9brochable utilise des unit\u00e9s de type tiroir qui peuvent \u00eatre retir\u00e9es ou remplac\u00e9es sans arr\u00eater l'ensemble du syst\u00e8me.<\/p>\n<p data-start=\"3386\" data-end=\"3449\">\ud83d\udc49 Cela am\u00e9liore l'efficacit\u00e9 de la maintenance et la fiabilit\u00e9 du syst\u00e8me.<\/p>\n<hr data-start=\"3451\" data-end=\"3454\" \/>\n<h3 data-section-id=\"vheh8a\" data-start=\"3456\" data-end=\"3520\">2\ufe0f\u20e3 Quelle est la diff\u00e9rence entre les GCS et l'appareillage fixe ?<\/h3>\n<ul data-start=\"3522\" data-end=\"3624\">\n<li data-section-id=\"fkedhn\" data-start=\"3522\" data-end=\"3575\">GCS : Extractible, flexible, facile d'entretien<\/li>\n<li data-section-id=\"zfbo4r\" data-start=\"3576\" data-end=\"3624\">Type fixe : Moins co\u00fbteux mais moins flexible<\/li>\n<\/ul>\n<p data-start=\"3626\" data-end=\"3676\">\ud83d\udc49 Les GCS sont mieux adapt\u00e9s aux syst\u00e8mes complexes et critiques.<\/p>\n<hr data-start=\"3678\" data-end=\"3681\" \/>\n<h3 data-section-id=\"17jpg85\" data-start=\"3683\" data-end=\"3748\">3\ufe0f\u20e3 L'appareillage de commutation GCS peut-il \u00eatre int\u00e9gr\u00e9 \u00e0 des syst\u00e8mes d'automatisation ?<\/h3>\n<p data-start=\"3750\" data-end=\"3767\">Oui, il prend en charge :<\/p>\n<ul data-start=\"3768\" data-end=\"3833\">\n<li data-section-id=\"11o480x\" data-start=\"3768\" data-end=\"3783\">Syst\u00e8mes PLC<\/li>\n<li data-section-id=\"f41at5\" data-start=\"3784\" data-end=\"3807\">Interfaces informatiques<\/li>\n<li data-section-id=\"ecp77k\" data-start=\"3808\" data-end=\"3833\">Syst\u00e8mes de contr\u00f4le intelligents<\/li>\n<\/ul>\n<p data-start=\"3835\" data-end=\"3886\">\ud83d\udc49 Id\u00e9al pour l'automatisation industrielle et les r\u00e9seaux intelligents.<\/p>\n<hr data-start=\"3888\" data-end=\"3891\" \/>\n<h3 data-section-id=\"1a8r5p4\" data-start=\"3893\" data-end=\"3945\">4\ufe0f\u20e3 Quelles sont les industries qui utilisent couramment l'appareillage de commutation GCS ?<\/h3>\n<p data-start=\"3947\" data-end=\"3968\">Il est largement utilis\u00e9 dans :<\/p>\n<ul data-start=\"3969\" data-end=\"4062\">\n<li data-section-id=\"1q4mphf\" data-start=\"3969\" data-end=\"3985\">Centrales \u00e9lectriques<\/li>\n<li data-section-id=\"njd3e2\" data-start=\"3986\" data-end=\"4012\">Industrie p\u00e9trochimique<\/li>\n<li data-section-id=\"u3fi1o\" data-start=\"4013\" data-end=\"4037\">Usines de fabrication<\/li>\n<li data-section-id=\"hfihxt\" data-start=\"4038\" data-end=\"4062\">B\u00e2timents commerciaux<\/li>\n<\/ul>","protected":false},"excerpt":{"rendered":"<p data-start=\"255\" data-end=\"423\">Les tableaux de distribution basse tension d\u00e9brochables de la s\u00e9rie GCS sont con\u00e7us pour la distribution d'\u00e9nergie, la commande de moteurs et la compensation de la puissance r\u00e9active dans les r\u00e9seaux \u00e9lectriques modernes.<\/p>\n<p data-start=\"425\" data-end=\"483\">Il convient aux syst\u00e8mes CA triphas\u00e9s (50 Hz) avec :<\/p>\n<ul data-start=\"484\" data-end=\"553\">\n<li data-section-id=\"1ua275e\" data-start=\"484\" data-end=\"518\">Tension nominale : 400V \/ 690V<\/li>\n<li data-section-id=\"1ui9t9i\" data-start=\"519\" data-end=\"553\">Courant nominal : jusqu'\u00e0 4000A<\/li>\n<\/ul>","protected":false},"featured_media":2133,"comment_status":"open","ping_status":"closed","template":"","meta":{"site-sidebar-layout":"default","site-content-layout":"","ast-site-content-layout":"default","site-content-style":"default","site-sidebar-style":"default","ast-global-header-display":"","ast-banner-title-visibility":"","ast-main-header-display":"","ast-hfb-above-header-display":"","ast-hfb-below-header-display":"","ast-hfb-mobile-header-display":"","site-post-title":"","ast-breadcrumbs-content":"","ast-featured-img":"","footer-sml-layout":"","ast-disable-related-posts":"","theme-transparent-header-meta":"default","adv-header-id-meta":"","stick-header-meta":"","header-above-stick-meta":"","header-main-stick-meta":"","header-below-stick-meta":"","astra-migrate-meta-layouts":"set","ast-page-background-enabled":"default","ast-page-background-meta":{"desktop":{"background-color":"","background-image":"","background-repeat":"repeat","background-position":"center center","background-size":"auto","background-attachment":"scroll","background-type":"","background-media":"","overlay-type":"","overlay-color":"","overlay-opacity":"","overlay-gradient":""},"tablet":{"background-color":"","background-image":"","background-repeat":"repeat","background-position":"center center","background-size":"auto","background-attachment":"scroll","background-type":"","background-media":"","overlay-type":"","overlay-color":"","overlay-opacity":"","overlay-gradient":""},"mobile":{"background-color":"","background-image":"","background-repeat":"repeat","background-position":"center center","background-size":"auto","background-attachment":"scroll","background-type":"","background-media":"","overlay-type":"","overlay-color":"","overlay-opacity":"","overlay-gradient":""}},"ast-content-background-meta":{"desktop":{"background-color":"var(--ast-global-color-5)","background-image":"","background-repeat":"repeat","background-position":"center center","background-size":"auto","background-attachment":"scroll","background-type":"","background-media":"","overlay-type":"","overlay-color":"","overlay-opacity":"","overlay-gradient":""},"tablet":{"background-color":"var(--ast-global-color-5)","background-image":"","background-repeat":"repeat","background-position":"center center","background-size":"auto","background-attachment":"scroll","background-type":"","background-media":"","overlay-type":"","overlay-color":"","overlay-opacity":"","overlay-gradient":""},"mobile":{"background-color":"var(--ast-global-color-5)","background-image":"","background-repeat":"repeat","background-position":"center center","background-size":"auto","background-attachment":"scroll","background-type":"","background-media":"","overlay-type":"","overlay-color":"","overlay-opacity":"","overlay-gradient":""}}},"product_brand":[],"product_cat":[2035,2032],"product_tag":[2096,2043,2093,2099,2094,2098,2097,2100,2101,2095],"class_list":{"0":"post-2132","1":"product","2":"type-product","3":"status-publish","4":"has-post-thumbnail","6":"product_cat-high-and-low-voltage-switchgear","7":"product_cat-electrical-equipment","8":"product_tag-electrical-cabinet","9":"product_tag-electrical-equipment","10":"product_tag-gcs-switchgear","11":"product_tag-industrial-switchgear","12":"product_tag-low-voltage-switchgear","13":"product_tag-mcc-panel","14":"product_tag-power-distribution-equipment","15":"product_tag-smart-switchgear","16":"product_tag-transformer-equipment","17":"product_tag-withdrawable-switchgear","18":"desktop-align-left","19":"tablet-align-left","20":"mobile-align-left","22":"first","23":"instock","24":"shipping-taxable","25":"product-type-simple"},"_links":{"self":[{"href":"https:\/\/www.wonzh.com\/fr\/wp-json\/wp\/v2\/product\/2132","targetHints":{"allow":["GET"]}}],"collection":[{"href":"https:\/\/www.wonzh.com\/fr\/wp-json\/wp\/v2\/product"}],"about":[{"href":"https:\/\/www.wonzh.com\/fr\/wp-json\/wp\/v2\/types\/product"}],"replies":[{"embeddable":true,"href":"https:\/\/www.wonzh.com\/fr\/wp-json\/wp\/v2\/comments?post=2132"}],"wp:featuredmedia":[{"embeddable":true,"href":"https:\/\/www.wonzh.com\/fr\/wp-json\/wp\/v2\/media\/2133"}],"wp:attachment":[{"href":"https:\/\/www.wonzh.com\/fr\/wp-json\/wp\/v2\/media?parent=2132"}],"wp:term":[{"taxonomy":"product_brand","embeddable":true,"href":"https:\/\/www.wonzh.com\/fr\/wp-json\/wp\/v2\/product_brand?post=2132"},{"taxonomy":"product_cat","embeddable":true,"href":"https:\/\/www.wonzh.com\/fr\/wp-json\/wp\/v2\/product_cat?post=2132"},{"taxonomy":"product_tag","embeddable":true,"href":"https:\/\/www.wonzh.com\/fr\/wp-json\/wp\/v2\/product_tag?post=2132"}],"curies":[{"name":"wp","href":"https:\/\/api.w.org\/{rel}","templated":true}]}}