{"id":2118,"date":"2026-04-28T14:17:30","date_gmt":"2026-04-28T14:17:30","guid":{"rendered":"https:\/\/www.wonzh.com\/?post_type=product&#038;p=2118"},"modified":"2026-04-29T16:14:59","modified_gmt":"2026-04-29T16:14:59","slug":"scb11-transformateur-sec-en-resine-epoxy","status":"publish","type":"product","link":"https:\/\/www.wonzh.com\/fr\/product\/scb11-epoxy-resin-cast-dry-type-transformer\/","title":{"rendered":"SCB11 Transformateur de puissance \u00e0 sec en r\u00e9sine \u00e9poxy (\u00e0 faibles pertes et \u00e0 haut rendement \u00e9nerg\u00e9tique)"},"content":{"rendered":"<p data-start=\"235\" data-end=\"430\"><img fetchpriority=\"high\" decoding=\"async\" class=\"size-medium wp-image-2120 alignright\" src=\"https:\/\/www.wonzh.com\/wp-content\/uploads\/2026\/04\/SCB11-Epoxy-Resin-Cast-Dry-Type-Power-Transformer-Low-Loss-Energy-Efficient-Type-3-300x300.png\" alt=\"\" width=\"300\" height=\"300\" srcset=\"https:\/\/www.wonzh.com\/wp-content\/uploads\/2026\/04\/SCB11-Epoxy-Resin-Cast-Dry-Type-Power-Transformer-Low-Loss-Energy-Efficient-Type-3-300x300.png 300w, https:\/\/www.wonzh.com\/wp-content\/uploads\/2026\/04\/SCB11-Epoxy-Resin-Cast-Dry-Type-Power-Transformer-Low-Loss-Energy-Efficient-Type-3-150x150.png 150w, https:\/\/www.wonzh.com\/wp-content\/uploads\/2026\/04\/SCB11-Epoxy-Resin-Cast-Dry-Type-Power-Transformer-Low-Loss-Energy-Efficient-Type-3-768x768.png 768w, https:\/\/www.wonzh.com\/wp-content\/uploads\/2026\/04\/SCB11-Epoxy-Resin-Cast-Dry-Type-Power-Transformer-Low-Loss-Energy-Efficient-Type-3-12x12.png 12w, https:\/\/www.wonzh.com\/wp-content\/uploads\/2026\/04\/SCB11-Epoxy-Resin-Cast-Dry-Type-Power-Transformer-Low-Loss-Energy-Efficient-Type-3-600x600.png 600w, https:\/\/www.wonzh.com\/wp-content\/uploads\/2026\/04\/SCB11-Epoxy-Resin-Cast-Dry-Type-Power-Transformer-Low-Loss-Energy-Efficient-Type-3-100x100.png 100w, https:\/\/www.wonzh.com\/wp-content\/uploads\/2026\/04\/SCB11-Epoxy-Resin-Cast-Dry-Type-Power-Transformer-Low-Loss-Energy-Efficient-Type-3.png 1000w\" sizes=\"(max-width: 300px) 100vw, 300px\" \/>Le transformateur sec en r\u00e9sine \u00e9poxy SCB11 est une version am\u00e9lior\u00e9e de la s\u00e9rie SCB10, con\u00e7ue pour r\u00e9duire les pertes, am\u00e9liorer l'efficacit\u00e9 \u00e9nerg\u00e9tique et la fiabilit\u00e9 op\u00e9rationnelle.<\/p>\n<p data-start=\"432\" data-end=\"605\">Fabriqu\u00e9 \u00e0 l'aide d'une technologie de moulage avanc\u00e9e, de mat\u00e9riaux de haute qualit\u00e9 et de processus de production pr\u00e9cis, il offre d'excellentes performances \u00e9lectriques et une longue dur\u00e9e de vie.<\/p>\n<p data-start=\"607\" data-end=\"749\">Ce transformateur est exempt d'huile, r\u00e9sistant au feu et respectueux de l'environnement, ce qui le rend id\u00e9al pour les applications int\u00e9rieures et les applications critiques en mati\u00e8re de s\u00e9curit\u00e9.<\/p>\n<p data-start=\"751\" data-end=\"772\">Il est largement utilis\u00e9 dans :<\/p>\n<ul data-start=\"773\" data-end=\"923\">\n<li data-section-id=\"ov2w8z\" data-start=\"773\" data-end=\"796\">Immeubles de grande hauteur<\/li>\n<li data-section-id=\"1yjht70\" data-start=\"797\" data-end=\"819\">Centres commerciaux<\/li>\n<li data-section-id=\"1usaqco\" data-start=\"820\" data-end=\"844\">A\u00e9roports et tunnels<\/li>\n<li data-section-id=\"11epkig\" data-start=\"845\" data-end=\"864\">Usines chimiques<\/li>\n<li data-section-id=\"qf2vj0\" data-start=\"865\" data-end=\"891\">Centrales nucl\u00e9aires<\/li>\n<li data-section-id=\"5nxb0l\" data-start=\"892\" data-end=\"923\">Syst\u00e8mes marins et offshore<\/li>\n<\/ul>\n<hr data-start=\"925\" data-end=\"928\" \/>\n<h2 data-section-id=\"g4vs8k\" data-start=\"930\" data-end=\"956\">\ud83d\udd39 Conformit\u00e9 aux normes<\/h2>\n<ul data-start=\"958\" data-end=\"1274\">\n<li data-section-id=\"1t9ehtv\" data-start=\"958\" data-end=\"1008\">IEC 60076-11 - Transformateurs de puissance \u00e0 sec<\/li>\n<li data-section-id=\"1cu5kzl\" data-start=\"1009\" data-end=\"1049\">GB\/T 1094.1 - Transformateurs de puissance<\/li>\n<li data-section-id=\"12jd1ed\" data-start=\"1050\" data-end=\"1094\">GB\/T 1094.11 - Transformateurs \u00e0 sec<\/li>\n<li data-section-id=\"2b1ch6\" data-start=\"1095\" data-end=\"1164\">GB\/T 10228 - Technical Requirements for Dry-Type Transformers (Exigences techniques pour les transformateurs \u00e0 sec)<\/li>\n<li data-section-id=\"1nzvw4u\" data-start=\"1165\" data-end=\"1224\">JB\/T 10088 - Niveaux sonores des transformateurs 6kV-500kV<\/li>\n<li data-section-id=\"16sztuj\" data-start=\"1225\" data-end=\"1274\">GB 20052-2020 - Normes d'efficacit\u00e9 \u00e9nerg\u00e9tique<\/li>\n<\/ul>\n<hr data-start=\"1276\" data-end=\"1279\" \/>\n<h2 data-section-id=\"17fvu7l\" data-start=\"1281\" data-end=\"1299\">\ud83d\udd39 Caract\u00e9ristiques principales<\/h2>\n<h3 data-section-id=\"1bk7ou6\" data-start=\"1301\" data-end=\"1331\">\u2714 Meilleure efficacit\u00e9 \u00e9nerg\u00e9tique<\/h3>\n<ul data-start=\"1332\" data-end=\"1458\">\n<li data-section-id=\"1c5yyc9\" data-start=\"1332\" data-end=\"1376\">Pertes \u00e0 vide et en charge inf\u00e9rieures \u00e0 celles du SCB10<\/li>\n<li data-section-id=\"13bj96\" data-start=\"1377\" data-end=\"1420\">R\u00e9pond aux exigences modernes en mati\u00e8re d'\u00e9conomie d'\u00e9nergie<\/li>\n<li data-section-id=\"1362i6d\" data-start=\"1421\" data-end=\"1458\">R\u00e9duit les co\u00fbts d'exploitation au fil du temps<\/li>\n<\/ul>\n<hr data-start=\"1460\" data-end=\"1463\" \/>\n<h3 data-section-id=\"xrppzx\" data-start=\"1465\" data-end=\"1500\">\u2714 Haute s\u00e9curit\u00e9 et r\u00e9sistance au feu<\/h3>\n<ul data-start=\"1501\" data-end=\"1635\">\n<li data-section-id=\"2hl2rz\" data-start=\"1501\" data-end=\"1544\">La conception sans huile \u00e9limine les risques d'incendie<\/li>\n<li data-section-id=\"1iz7znm\" data-start=\"1545\" data-end=\"1587\">Non toxique et respectueux de l'environnement<\/li>\n<li data-section-id=\"1hbfpug\" data-start=\"1588\" data-end=\"1635\">Convient \u00e0 l'installation \u00e0 proximit\u00e9 des centres de charge<\/li>\n<\/ul>\n<hr data-start=\"1637\" data-end=\"1640\" \/>\n<h3 data-section-id=\"d5sgrf\" data-start=\"1642\" data-end=\"1684\">Haute fiabilit\u00e9 et longue dur\u00e9e de vie<\/h3>\n<ul data-start=\"1685\" data-end=\"1804\">\n<li data-section-id=\"bi6h0g\" data-start=\"1685\" data-end=\"1725\">Proc\u00e9d\u00e9 avanc\u00e9 de coul\u00e9e de r\u00e9sine \u00e9poxy<\/li>\n<li data-section-id=\"1c490t9\" data-start=\"1726\" data-end=\"1757\">Faible niveau de d\u00e9charge partielle<\/li>\n<li data-section-id=\"1dwz9yg\" data-start=\"1758\" data-end=\"1804\">Excellente stabilit\u00e9 thermique et durabilit\u00e9<\/li>\n<\/ul>\n<hr data-start=\"1806\" data-end=\"1809\" \/>\n<h3 data-section-id=\"l9y0hl\" data-start=\"1811\" data-end=\"1843\">\u2714 Forte capacit\u00e9 de surcharge<\/h3>\n<ul data-start=\"1844\" data-end=\"1927\">\n<li data-section-id=\"15of4r\" data-start=\"1844\" data-end=\"1872\">Syst\u00e8me de refroidissement efficace<\/li>\n<li data-section-id=\"1i5hu2f\" data-start=\"1873\" data-end=\"1927\">Prise en charge du refroidissement par air forc\u00e9 pour une plus grande capacit\u00e9<\/li>\n<\/ul>\n<hr data-start=\"1929\" data-end=\"1932\" \/>\n<h3 data-section-id=\"u1jwb0\" data-start=\"1934\" data-end=\"1979\">\u2714 R\u00e9sistance \u00e0 l'humidit\u00e9 et aux environnements difficiles<\/h3>\n<ul data-start=\"1980\" data-end=\"2084\">\n<li data-section-id=\"if9zqc\" data-start=\"1980\" data-end=\"2033\">Excellente performance dans des conditions d'humidit\u00e9 \u00e9lev\u00e9e<\/li>\n<li data-section-id=\"1o770jo\" data-start=\"2034\" data-end=\"2084\">Convient aux environnements industriels exigeants<\/li>\n<\/ul>\n<hr data-start=\"2086\" data-end=\"2089\" \/>\n<h3 data-section-id=\"5dsqk\" data-start=\"2091\" data-end=\"2126\">Syst\u00e8me de surveillance intelligent<\/h3>\n<ul data-start=\"2127\" data-end=\"2269\">\n<li data-section-id=\"uteb38\" data-start=\"2127\" data-end=\"2175\">Contr\u00f4le en temps r\u00e9el de la temp\u00e9rature des enroulements<\/li>\n<li data-section-id=\"143wrmj\" data-start=\"2176\" data-end=\"2201\">Contr\u00f4le automatique du ventilateur<\/li>\n<li data-section-id=\"36ajnw\" data-start=\"2202\" data-end=\"2231\">Protection contre les alarmes et les d\u00e9clenchements<\/li>\n<li data-section-id=\"1yt3w6j\" data-start=\"2232\" data-end=\"2269\">Syst\u00e8me de surveillance \u00e0 distance en option<\/li>\n<\/ul>\n<hr data-start=\"2271\" data-end=\"2274\" \/>\n<h3 data-section-id=\"129yrz8\" data-start=\"2276\" data-end=\"2319\">Installation compacte et \u00e9conomique<\/h3>\n<ul data-start=\"2320\" data-end=\"2390\">\n<li data-section-id=\"z73dtz\" data-start=\"2320\" data-end=\"2350\">Petite taille et l\u00e9g\u00e8ret\u00e9<\/li>\n<li data-section-id=\"1ed73f8\" data-start=\"2351\" data-end=\"2390\">Espace et co\u00fbt d'installation r\u00e9duits<\/li>\n<\/ul>\n<hr data-start=\"2392\" data-end=\"2395\" \/>\n<h2 data-section-id=\"1hq6i26\" data-start=\"2397\" data-end=\"2420\">\ud83d\udd39 Conception structurelle<\/h2>\n<h3 data-section-id=\"1oaxluj\" data-start=\"2422\" data-end=\"2449\">\ud83d\udd38 Bobinage haute tension<\/h3>\n<ul data-start=\"2450\" data-end=\"2586\">\n<li data-section-id=\"1rs2wlq\" data-start=\"2450\" data-end=\"2488\">Conducteurs en cuivre sans oxyg\u00e8ne<\/li>\n<li data-section-id=\"3ff1a0\" data-start=\"2489\" data-end=\"2518\">Syst\u00e8me d'isolation de classe F<\/li>\n<li data-section-id=\"4z6hz8\" data-start=\"2519\" data-end=\"2555\">Structure renforc\u00e9e par des fibres de verre<\/li>\n<li data-section-id=\"dv6lws\" data-start=\"2556\" data-end=\"2586\">Coul\u00e9e de r\u00e9sine \u00e9poxy sous vide<\/li>\n<\/ul>\n<p data-start=\"2588\" data-end=\"2599\">\u27a1 Avantages :<\/p>\n<ul data-start=\"2600\" data-end=\"2691\">\n<li data-section-id=\"19zadxp\" data-start=\"2600\" data-end=\"2628\">Haute r\u00e9sistance \u00e9lectrique<\/li>\n<li data-section-id=\"6ehatn\" data-start=\"2629\" data-end=\"2654\">Faible d\u00e9charge partielle<\/li>\n<li data-section-id=\"1b4urz8\" data-start=\"2655\" data-end=\"2691\">Excellente performance d'isolation<\/li>\n<\/ul>\n<hr data-start=\"2693\" data-end=\"2696\" \/>\n<h3 data-section-id=\"vz1dz5\" data-start=\"2698\" data-end=\"2724\">\ud83d\udd38 Bobinage basse tension<\/h3>\n<ul data-start=\"2725\" data-end=\"2845\">\n<li data-section-id=\"1maj4yk\" data-start=\"2725\" data-end=\"2772\">Enroulement par feuille de cuivre avec isolation de classe F<\/li>\n<li data-section-id=\"10wylr8\" data-start=\"2773\" data-end=\"2803\">Conduits d'air de refroidissement int\u00e9gr\u00e9s<\/li>\n<li data-section-id=\"vblrvo\" data-start=\"2804\" data-end=\"2845\">Scellement en r\u00e9sine pour une meilleure durabilit\u00e9<\/li>\n<\/ul>\n<p data-start=\"2847\" data-end=\"2858\">\u27a1 Fournit :<\/p>\n<ul data-start=\"2859\" data-end=\"2925\">\n<li data-section-id=\"u66b5g\" data-start=\"2859\" data-end=\"2894\">Forte r\u00e9sistance aux courts-circuits<\/li>\n<li data-section-id=\"7gsig0\" data-start=\"2895\" data-end=\"2925\">Dissipation efficace de la chaleur<\/li>\n<\/ul>\n<hr data-start=\"2927\" data-end=\"2930\" \/>\n<h3 data-section-id=\"mp6v7c\" data-start=\"2932\" data-end=\"2943\">\ud83d\udd38 Core<\/h3>\n<ul data-start=\"2944\" data-end=\"3064\">\n<li data-section-id=\"1i8lzu9\" data-start=\"2944\" data-end=\"3001\">Acier au silicium lamin\u00e9 \u00e0 froid \u00e0 grains orient\u00e9s de haute qualit\u00e9<\/li>\n<li data-section-id=\"18m9khk\" data-start=\"3002\" data-end=\"3034\">Structure du joint \u00e0 45\u00b0 en escalier<\/li>\n<li data-section-id=\"1gp9gfs\" data-start=\"3035\" data-end=\"3064\">Syst\u00e8me de serrage d\u00e9coup\u00e9 au laser<\/li>\n<\/ul>\n<p data-start=\"3066\" data-end=\"3077\">\u27a1 Caract\u00e9ristiques :<\/p>\n<ul data-start=\"3078\" data-end=\"3145\">\n<li data-section-id=\"tkh7rp\" data-start=\"3078\" data-end=\"3098\">Faible perte \u00e0 vide<\/li>\n<li data-section-id=\"1gveydu\" data-start=\"3099\" data-end=\"3116\">R\u00e9duction du bruit<\/li>\n<li data-section-id=\"1s47fpa\" data-start=\"3117\" data-end=\"3145\">Haute r\u00e9sistance structurelle<\/li>\n<\/ul>\n<hr data-start=\"3147\" data-end=\"3150\" \/>\n<h2 data-section-id=\"15du31k\" data-start=\"3152\" data-end=\"3170\">\ud83d\udd39 Applications<\/h2>\n<ul data-start=\"3172\" data-end=\"3353\">\n<li data-section-id=\"kec6b0\" data-start=\"3172\" data-end=\"3210\">B\u00e2timents et complexes commerciaux<\/li>\n<li data-section-id=\"1b8blr8\" data-start=\"3211\" data-end=\"3241\">A\u00e9roports et syst\u00e8mes de m\u00e9tro<\/li>\n<li data-section-id=\"x7ouso\" data-start=\"3242\" data-end=\"3287\">Installations industrielles et industries chimiques<\/li>\n<li data-section-id=\"eogvhd\" data-start=\"3288\" data-end=\"3316\">Salles de distribution d'\u00e9nergie<\/li>\n<li data-section-id=\"1ggvioq\" data-start=\"3317\" data-end=\"3353\">Applications offshore et marines<\/li>\n<\/ul>\n<hr data-start=\"3355\" data-end=\"3358\" \/>\n<h2 data-section-id=\"1rg4wz9\" data-start=\"3360\" data-end=\"3384\">\ud83d\udd39 R\u00e9sum\u00e9 des avantages<\/h2>\n<ul data-start=\"3386\" data-end=\"3610\">\n<li data-section-id=\"4478bs\" data-start=\"3386\" data-end=\"3411\">Perte inf\u00e9rieure \u00e0 celle du SCB10<\/li>\n<li data-section-id=\"1s4bb9e\" data-start=\"3412\" data-end=\"3458\">Economies d'\u00e9nergie et respect de l'environnement<\/li>\n<li data-section-id=\"swjw0r\" data-start=\"3459\" data-end=\"3493\">Ignifug\u00e9 et sans entretien<\/li>\n<li data-section-id=\"vhoyyl\" data-start=\"3494\" data-end=\"3532\">Grande fiabilit\u00e9 et longue dur\u00e9e de vie<\/li>\n<li data-section-id=\"oc6tql\" data-start=\"3533\" data-end=\"3564\">Capacit\u00e9 de surveillance intelligente<\/li>\n<li data-section-id=\"1tttck1\" data-start=\"3565\" data-end=\"3610\">Convient aux applications critiques en int\u00e9rieur<\/li>\n<\/ul>\n<hr data-start=\"3612\" data-end=\"3615\" \/>\n<h1 data-section-id=\"1lxd8kj\" data-start=\"3617\" data-end=\"3624\">\u2753 FAQ<\/h1>\n<h3 data-section-id=\"gnwdjm\" data-start=\"3626\" data-end=\"3694\">1\ufe0f\u20e3 Quelle est la diff\u00e9rence entre les transformateurs SCB10 et SCB11 ?<\/h3>\n<p data-start=\"3696\" data-end=\"3791\">Le transformateur SCB11 offre des pertes plus faibles et un meilleur rendement \u00e9nerg\u00e9tique que le SCB10.<\/p>\n<p data-start=\"3793\" data-end=\"3894\">\ud83d\udc49 Il convient mieux aux projets n\u00e9cessitant des \u00e9conomies d'\u00e9nergie et une r\u00e9duction des co\u00fbts \u00e0 long terme.<\/p>\n<hr data-start=\"3896\" data-end=\"3899\" \/>\n<h3 data-section-id=\"17jktbc\" data-start=\"3901\" data-end=\"3951\">2\ufe0f\u20e3 Le SCB11 peut-il \u00eatre install\u00e9 \u00e0 l'int\u00e9rieur ?<\/h3>\n<p data-start=\"3953\" data-end=\"4001\">Oui, il est sp\u00e9cifiquement con\u00e7u pour une utilisation \u00e0 l'int\u00e9rieur :<\/p>\n<ul data-start=\"4002\" data-end=\"4083\">\n<li data-section-id=\"1lbhprg\" data-start=\"4002\" data-end=\"4020\">R\u00e9sistant au feu<\/li>\n<li data-section-id=\"1rtbpgg\" data-start=\"4021\" data-end=\"4044\">Pas de risque de fuite d'huile<\/li>\n<li data-section-id=\"sr2uf3\" data-start=\"4045\" data-end=\"4083\">S\u00fbr pour les environnements \u00e0 haute densit\u00e9<\/li>\n<\/ul>\n<p data-start=\"4085\" data-end=\"4147\">\ud83d\udc49 Id\u00e9al pour les b\u00e2timents commerciaux et les projets d'infrastructure.<\/p>\n<hr data-start=\"4149\" data-end=\"4152\" \/>\n<h3 data-section-id=\"dwut0p\" data-start=\"4154\" data-end=\"4203\">3\ufe0f\u20e3 Le transformateur doit-il \u00eatre entretenu ?<\/h3>\n<p data-start=\"4205\" data-end=\"4265\">Le SCB11 est un transformateur sans entretien, qui ne n\u00e9cessite qu'un seul entretien :<\/p>\n<ul data-start=\"4266\" data-end=\"4334\">\n<li data-section-id=\"1mj82eg\" data-start=\"4266\" data-end=\"4288\">Inspection de routine<\/li>\n<li data-section-id=\"1vmf05w\" data-start=\"4289\" data-end=\"4334\">Surveillance par le syst\u00e8me de contr\u00f4le de la temp\u00e9rature<\/li>\n<\/ul>\n<hr data-start=\"4336\" data-end=\"4339\" \/>\n<h3 data-section-id=\"103styt\" data-start=\"4341\" data-end=\"4385\">4\ufe0f\u20e3 La t\u00e9l\u00e9surveillance peut-elle \u00eatre int\u00e9gr\u00e9e ?<\/h3>\n<p data-start=\"4387\" data-end=\"4404\">Oui, il prend en charge :<\/p>\n<ul data-start=\"4405\" data-end=\"4518\">\n<li data-section-id=\"13oiu88\" data-start=\"4405\" data-end=\"4431\">Contr\u00f4le de la temp\u00e9rature<\/li>\n<li data-section-id=\"e5ci2u\" data-start=\"4432\" data-end=\"4447\">Contr\u00f4le du ventilateur<\/li>\n<li data-section-id=\"11u18w2\" data-start=\"4448\" data-end=\"4482\">Fonctions d'alarme et de protection<\/li>\n<li data-section-id=\"7vomgq\" data-start=\"4483\" data-end=\"4518\">Interfaces de communication \u00e0 distance<\/li>\n<\/ul>\n<p data-start=\"4520\" data-end=\"4554\">\ud83d\udc49 Permet l'int\u00e9gration d'un r\u00e9seau intelligent.<\/p>","protected":false},"excerpt":{"rendered":"<p data-start=\"235\" data-end=\"430\">Le transformateur sec en r\u00e9sine \u00e9poxy SCB11 est une version am\u00e9lior\u00e9e de la s\u00e9rie SCB10, con\u00e7ue pour r\u00e9duire les pertes, am\u00e9liorer l'efficacit\u00e9 \u00e9nerg\u00e9tique et la fiabilit\u00e9 op\u00e9rationnelle.<\/p>\n<p data-start=\"432\" data-end=\"605\">Fabriqu\u00e9 \u00e0 l'aide d'une technologie de moulage avanc\u00e9e, de mat\u00e9riaux de haute qualit\u00e9 et de processus de production pr\u00e9cis, il offre d'excellentes performances \u00e9lectriques et une longue dur\u00e9e de vie.<\/p>\n<p data-start=\"607\" data-end=\"749\">Ce transformateur est exempt d'huile, r\u00e9sistant au feu et respectueux de l'environnement, ce qui le rend id\u00e9al pour les applications int\u00e9rieures et les applications critiques en mati\u00e8re de s\u00e9curit\u00e9.<\/p>","protected":false},"featured_media":2120,"comment_status":"open","ping_status":"closed","template":"","meta":{"site-sidebar-layout":"default","site-content-layout":"","ast-site-content-layout":"default","site-content-style":"default","site-sidebar-style":"default","ast-global-header-display":"","ast-banner-title-visibility":"","ast-main-header-display":"","ast-hfb-above-header-display":"","ast-hfb-below-header-display":"","ast-hfb-mobile-header-display":"","site-post-title":"","ast-breadcrumbs-content":"","ast-featured-img":"","footer-sml-layout":"","ast-disable-related-posts":"","theme-transparent-header-meta":"default","adv-header-id-meta":"","stick-header-meta":"","header-above-stick-meta":"","header-main-stick-meta":"","header-below-stick-meta":"","astra-migrate-meta-layouts":"set","ast-page-background-enabled":"default","ast-page-background-meta":{"desktop":{"background-color":"","background-image":"","background-repeat":"repeat","background-position":"center center","background-size":"auto","background-attachment":"scroll","background-type":"","background-media":"","overlay-type":"","overlay-color":"","overlay-opacity":"","overlay-gradient":""},"tablet":{"background-color":"","background-image":"","background-repeat":"repeat","background-position":"center center","background-size":"auto","background-attachment":"scroll","background-type":"","background-media":"","overlay-type":"","overlay-color":"","overlay-opacity":"","overlay-gradient":""},"mobile":{"background-color":"","background-image":"","background-repeat":"repeat","background-position":"center center","background-size":"auto","background-attachment":"scroll","background-type":"","background-media":"","overlay-type":"","overlay-color":"","overlay-opacity":"","overlay-gradient":""}},"ast-content-background-meta":{"desktop":{"background-color":"var(--ast-global-color-5)","background-image":"","background-repeat":"repeat","background-position":"center center","background-size":"auto","background-attachment":"scroll","background-type":"","background-media":"","overlay-type":"","overlay-color":"","overlay-opacity":"","overlay-gradient":""},"tablet":{"background-color":"var(--ast-global-color-5)","background-image":"","background-repeat":"repeat","background-position":"center center","background-size":"auto","background-attachment":"scroll","background-type":"","background-media":"","overlay-type":"","overlay-color":"","overlay-opacity":"","overlay-gradient":""},"mobile":{"background-color":"var(--ast-global-color-5)","background-image":"","background-repeat":"repeat","background-position":"center center","background-size":"auto","background-attachment":"scroll","background-type":"","background-media":"","overlay-type":"","overlay-color":"","overlay-opacity":"","overlay-gradient":""}}},"product_brand":[],"product_cat":[2034,2032],"product_tag":[2074,2071,2043,2041,2078,2075,2042,2076,2077,2044],"class_list":{"0":"post-2118","1":"product","2":"type-product","3":"status-publish","4":"has-post-thumbnail","6":"product_cat-dry-type-power-transformer","7":"product_cat-electrical-equipment","8":"product_tag-cast-resin-transformer","9":"product_tag-dry-type-transformer","10":"product_tag-electrical-equipment","11":"product_tag-energy-efficient-transformer","12":"product_tag-epoxy-transformer","13":"product_tag-indoor-transformer","14":"product_tag-power-transformer","15":"product_tag-safe-transformer","16":"product_tag-scb11-transformer","17":"product_tag-transformer-manufacturer","18":"desktop-align-left","19":"tablet-align-left","20":"mobile-align-left","22":"first","23":"instock","24":"shipping-taxable","25":"product-type-simple"},"_links":{"self":[{"href":"https:\/\/www.wonzh.com\/fr\/wp-json\/wp\/v2\/product\/2118","targetHints":{"allow":["GET"]}}],"collection":[{"href":"https:\/\/www.wonzh.com\/fr\/wp-json\/wp\/v2\/product"}],"about":[{"href":"https:\/\/www.wonzh.com\/fr\/wp-json\/wp\/v2\/types\/product"}],"replies":[{"embeddable":true,"href":"https:\/\/www.wonzh.com\/fr\/wp-json\/wp\/v2\/comments?post=2118"}],"wp:featuredmedia":[{"embeddable":true,"href":"https:\/\/www.wonzh.com\/fr\/wp-json\/wp\/v2\/media\/2120"}],"wp:attachment":[{"href":"https:\/\/www.wonzh.com\/fr\/wp-json\/wp\/v2\/media?parent=2118"}],"wp:term":[{"taxonomy":"product_brand","embeddable":true,"href":"https:\/\/www.wonzh.com\/fr\/wp-json\/wp\/v2\/product_brand?post=2118"},{"taxonomy":"product_cat","embeddable":true,"href":"https:\/\/www.wonzh.com\/fr\/wp-json\/wp\/v2\/product_cat?post=2118"},{"taxonomy":"product_tag","embeddable":true,"href":"https:\/\/www.wonzh.com\/fr\/wp-json\/wp\/v2\/product_tag?post=2118"}],"curies":[{"name":"wp","href":"https:\/\/api.w.org\/{rel}","templated":true}]}}