{"id":1923,"date":"2026-02-16T03:42:16","date_gmt":"2026-02-16T03:42:16","guid":{"rendered":"https:\/\/www.wonzh.com\/?post_type=product&#038;p=1923"},"modified":"2026-02-16T04:08:22","modified_gmt":"2026-02-16T04:08:22","slug":"high-strength-alloy-wire-rope-for-heavy-lifting","status":"publish","type":"product","link":"https:\/\/www.wonzh.com\/fr\/product\/high-strength-alloy-wire-rope-for-heavy-lifting\/","title":{"rendered":"C\u00e2ble m\u00e9tallique en alliage \u00e0 haute r\u00e9sistance pour le levage de charges lourdes"},"content":{"rendered":"<p data-start=\"215\" data-end=\"667\">Notre c\u00e2ble en alliage \u00e0 haute r\u00e9sistance est con\u00e7u pour les applications industrielles exigeantes de levage, de hissage et de gr\u00e9ement. Fabriqu\u00e9 en acier alli\u00e9 de premi\u00e8re qualit\u00e9, il offre une r\u00e9sistance \u00e0 la traction sup\u00e9rieure, une excellente r\u00e9sistance \u00e0 la fatigue et une longue dur\u00e9e de vie sous des charges extr\u00eames. Con\u00e7u pour les op\u00e9rations lourdes, ce c\u00e2ble m\u00e9tallique garantit une s\u00e9curit\u00e9 et une fiabilit\u00e9 maximales dans les applications industrielles, de construction, offshore et mini\u00e8res.<\/p>\n<p data-start=\"669\" data-end=\"1001\">L'\u00e2me en acier alli\u00e9 \u00e0 haute r\u00e9sistance offre une capacit\u00e9 de charge exceptionnelle tout en conservant souplesse et r\u00e9silience. Chaque c\u00e2ble est fabriqu\u00e9 selon des normes strictes de contr\u00f4le de la qualit\u00e9 afin de r\u00e9pondre aux exigences internationales en mati\u00e8re de s\u00e9curit\u00e9 et de performance, ce qui en fait une solution de confiance pour les professionnels des secteurs du levage et du gr\u00e9ement.<\/p>\n<hr data-start=\"1003\" data-end=\"1006\" \/>\n<h3 data-start=\"1008\" data-end=\"1031\"><strong data-start=\"1012\" data-end=\"1029\">Caract\u00e9ristiques principales :<\/strong><\/h3>\n<ul data-start=\"1032\" data-end=\"1439\">\n<li data-start=\"1032\" data-end=\"1104\">\n<p data-start=\"1034\" data-end=\"1104\">Construction en acier alli\u00e9 de premi\u00e8re qualit\u00e9 pour une r\u00e9sistance et une durabilit\u00e9 maximales<\/p>\n<\/li>\n<li data-start=\"1105\" data-end=\"1169\">\n<p data-start=\"1107\" data-end=\"1169\">R\u00e9sistance \u00e9lev\u00e9e \u00e0 la traction et \u00e0 la fatigue pour les charges lourdes<\/p>\n<\/li>\n<li data-start=\"1170\" data-end=\"1234\">\n<p data-start=\"1172\" data-end=\"1234\">Longue dur\u00e9e de vie, m\u00eame en cas d'utilisation intensive continue<\/p>\n<\/li>\n<li data-start=\"1235\" data-end=\"1308\">\n<p data-start=\"1237\" data-end=\"1308\">Conception flexible adapt\u00e9e aux grues, aux palans et aux machines industrielles<\/p>\n<\/li>\n<li data-start=\"1309\" data-end=\"1377\">\n<p data-start=\"1311\" data-end=\"1377\">Conforme aux normes internationales de s\u00e9curit\u00e9 en mati\u00e8re de levage et de gr\u00e9ement<\/p>\n<\/li>\n<li data-start=\"1378\" data-end=\"1439\">\n<p data-start=\"1380\" data-end=\"1439\">R\u00e9sistance \u00e0 l'abrasion, \u00e0 la d\u00e9formation et aux contraintes m\u00e9caniques<\/p>\n<\/li>\n<\/ul>\n<hr data-start=\"1441\" data-end=\"1444\" \/>\n<h3 data-start=\"1446\" data-end=\"1480\"><strong data-start=\"1450\" data-end=\"1478\">Sp\u00e9cifications techniques<\/strong><\/h3>\n<div class=\"TyagGW_tableContainer\">\n<div class=\"group TyagGW_tableWrapper flex flex-col-reverse w-fit\" tabindex=\"-1\">\n<table class=\"w-fit min-w-(--thread-content-width)\" data-start=\"1482\" data-end=\"2176\">\n<thead data-start=\"1482\" data-end=\"1519\">\n<tr data-start=\"1482\" data-end=\"1519\">\n<th class=\"\" data-start=\"1482\" data-end=\"1494\" data-col-size=\"sm\">Param\u00e8tres<\/th>\n<th class=\"\" data-start=\"1494\" data-end=\"1510\" data-col-size=\"md\">Sp\u00e9cifications<\/th>\n<th class=\"\" data-start=\"1510\" data-end=\"1519\" data-col-size=\"md\">Notes<\/th>\n<\/tr>\n<\/thead>\n<tbody data-start=\"1558\" data-end=\"2176\">\n<tr data-start=\"1558\" data-end=\"1639\">\n<td data-start=\"1558\" data-end=\"1569\" data-col-size=\"sm\">Mat\u00e9riau<\/td>\n<td data-start=\"1569\" data-end=\"1591\" data-col-size=\"md\">Acier alli\u00e9 de premi\u00e8re qualit\u00e9<\/td>\n<td data-start=\"1591\" data-end=\"1639\" data-col-size=\"md\">R\u00e9sistance \u00e9lev\u00e9e \u00e0 la traction et \u00e0 la fatigue<\/td>\n<\/tr>\n<tr data-start=\"1640\" data-end=\"1718\">\n<td data-start=\"1640\" data-end=\"1657\" data-col-size=\"sm\">Gamme de diam\u00e8tres<\/td>\n<td data-start=\"1657\" data-end=\"1672\" data-col-size=\"md\">8 mm - 36 mm<\/td>\n<td data-start=\"1672\" data-end=\"1718\" data-col-size=\"md\">Dimensions standard ; diam\u00e8tres personnalis\u00e9s disponibles<\/td>\n<\/tr>\n<tr data-start=\"1719\" data-end=\"1807\">\n<td data-start=\"1719\" data-end=\"1734\" data-col-size=\"sm\">La construction<\/td>\n<td data-col-size=\"md\" data-start=\"1734\" data-end=\"1767\">6\u00d719, 6\u00d736, 7\u00d719, 1\u00d719 brins<\/td>\n<td data-col-size=\"md\" data-start=\"1767\" data-end=\"1807\">Constructions souples ou semi-rigides<\/td>\n<\/tr>\n<tr data-start=\"1808\" data-end=\"1881\">\n<td data-start=\"1808\" data-end=\"1824\" data-col-size=\"sm\">Charge de rupture<\/td>\n<td data-start=\"1824\" data-end=\"1839\" data-col-size=\"md\">2 - 150 tonnes<\/td>\n<td data-start=\"1839\" data-end=\"1881\" data-col-size=\"md\">En fonction du diam\u00e8tre et de la construction<\/td>\n<\/tr>\n<tr data-start=\"1882\" data-end=\"1962\">\n<td data-start=\"1882\" data-end=\"1892\" data-col-size=\"sm\">Rev\u00eatement<\/td>\n<td data-start=\"1892\" data-end=\"1929\" data-col-size=\"md\">Rev\u00eatement galvanis\u00e9 ou PVC en option<\/td>\n<td data-start=\"1929\" data-end=\"1962\" data-col-size=\"md\">Am\u00e9liore la r\u00e9sistance \u00e0 la corrosion<\/td>\n<\/tr>\n<tr data-start=\"1963\" data-end=\"2056\">\n<td data-start=\"1963\" data-end=\"1983\" data-col-size=\"sm\">Plage de temp\u00e9rature<\/td>\n<td data-start=\"1983\" data-end=\"2001\" data-col-size=\"md\">De -40\u00b0C \u00e0 +150\u00b0C<\/td>\n<td data-start=\"2001\" data-end=\"2056\" data-col-size=\"md\">D\u00e9pend du rev\u00eatement ; convient aux conditions extr\u00eames<\/td>\n<\/tr>\n<tr data-start=\"2057\" data-end=\"2176\">\n<td data-start=\"2057\" data-end=\"2072\" data-col-size=\"sm\">Applications<\/td>\n<td data-start=\"2072\" data-end=\"2128\" data-col-size=\"md\">Levage lourd, grues, construction, offshore, exploitation mini\u00e8re<\/td>\n<td data-start=\"2128\" data-end=\"2176\" data-col-size=\"md\">Con\u00e7u pour les op\u00e9rations industrielles exigeantes<\/td>\n<\/tr>\n<\/tbody>\n<\/table>\n<\/div>\n<\/div>\n<blockquote data-start=\"2178\" data-end=\"2285\">\n<p data-start=\"2180\" data-end=\"2285\"><strong data-start=\"2180\" data-end=\"2189\">Remarque :<\/strong> Des diam\u00e8tres, des constructions et des rev\u00eatements sur mesure sont disponibles pour r\u00e9pondre \u00e0 des besoins sp\u00e9cifiques.<\/p>\n<\/blockquote>\n<hr data-start=\"2287\" data-end=\"2290\" \/>\n<h3 data-start=\"2292\" data-end=\"2323\"><strong data-start=\"2296\" data-end=\"2321\">Applications typiques :<\/strong><\/h3>\n<ul data-start=\"2324\" data-end=\"2598\">\n<li data-start=\"2324\" data-end=\"2373\">\n<p data-start=\"2326\" data-end=\"2373\">Grues industrielles et levage de machines lourdes<\/p>\n<\/li>\n<li data-start=\"2374\" data-end=\"2427\">\n<p data-start=\"2376\" data-end=\"2427\">Op\u00e9rations de levage et de montage sur les chantiers de construction<\/p>\n<\/li>\n<li data-start=\"2428\" data-end=\"2470\">\n<p data-start=\"2430\" data-end=\"2470\">Levage en mer et op\u00e9rations maritimes<\/p>\n<\/li>\n<li data-start=\"2471\" data-end=\"2525\">\n<p data-start=\"2473\" data-end=\"2525\">Exploitation mini\u00e8re et manutention de charges lourdes<\/p>\n<\/li>\n<li data-start=\"2526\" data-end=\"2598\">\n<p data-start=\"2528\" data-end=\"2598\">Toute application n\u00e9cessitant des solutions de levage \u00e0 haute charge et \u00e0 haute r\u00e9sistance<\/p>\n<\/li>\n<\/ul>\n<hr data-start=\"2600\" data-end=\"2603\" \/>\n<h3 data-start=\"2605\" data-end=\"2656\"><strong data-start=\"2609\" data-end=\"2654\">Pourquoi choisir un c\u00e2ble en alliage \u00e0 haute r\u00e9sistance ?<\/strong><\/h3>\n<p data-start=\"2657\" data-end=\"3096\">Les c\u00e2bles en alliage \u00e0 haute r\u00e9sistance offrent un \u00e9quilibre parfait entre <strong data-start=\"2724\" data-end=\"2778\">capacit\u00e9 de charge, flexibilit\u00e9 et durabilit\u00e9<\/strong>. Contrairement aux c\u00e2bles en acier standard, la composition de l'alliage am\u00e9liore la r\u00e9sistance \u00e0 la fatigue, r\u00e9duit le risque de d\u00e9faillance sous des contraintes r\u00e9p\u00e9t\u00e9es et prolonge la dur\u00e9e de vie, m\u00eame dans des environnements exigeants. Ces caract\u00e9ristiques en font la solution id\u00e9ale pour les ing\u00e9nieurs et les op\u00e9rateurs qui ont besoin de performances fiables dans des conditions et des charges extr\u00eames.<\/p>\n<hr data-start=\"3098\" data-end=\"3101\" \/>\n<h3 data-start=\"3103\" data-end=\"3145\"><strong data-start=\"3107\" data-end=\"3143\">Foire aux questions (FAQ)<\/strong><\/h3>\n<p data-start=\"3147\" data-end=\"3457\"><strong data-start=\"3147\" data-end=\"3230\">Q1 : Quelle est la diff\u00e9rence entre un c\u00e2ble en alliage \u00e0 haute r\u00e9sistance et un c\u00e2ble en acier ordinaire ?<\/strong><br data-start=\"3230\" data-end=\"3233\" \/>R : Les c\u00e2bles en alliage sont fabriqu\u00e9s \u00e0 partir d'alliages d'acier sp\u00e9cialis\u00e9s qui augmentent la r\u00e9sistance \u00e0 la traction, la r\u00e9sistance \u00e0 la fatigue et la capacit\u00e9 de charge. Les c\u00e2bles en acier ordinaires sont plus susceptibles de s'user, de se d\u00e9former et de se rompre sous l'effet de lourdes charges.<\/p>\n<p data-start=\"3459\" data-end=\"3739\"><strong data-start=\"3459\" data-end=\"3518\">Q2 : Ce c\u00e2ble peut-il \u00eatre utilis\u00e9 dans des environnements extr\u00eames ?<\/strong><br data-start=\"3518\" data-end=\"3521\" \/>R : Oui. Avec des rev\u00eatements optionnels tels que la galvanisation ou le PVC, le c\u00e2ble m\u00e9tallique peut r\u00e9sister \u00e0 une humidit\u00e9 \u00e9lev\u00e9e, \u00e0 une exposition ext\u00e9rieure, \u00e0 des conditions marines et \u00e0 des contraintes m\u00e9caniques importantes. Des variantes r\u00e9sistantes \u00e0 la temp\u00e9rature sont \u00e9galement disponibles.<\/p>\n<p data-start=\"3741\" data-end=\"4109\"><strong data-start=\"3741\" data-end=\"3822\">Q3 : Comment s\u00e9lectionner le diam\u00e8tre et la construction adapt\u00e9s \u00e0 mon application ?<\/strong><br data-start=\"3822\" data-end=\"3825\" \/>R : Le choix d\u00e9pend de la charge de rupture requise, du rayon de courbure et des conditions d'utilisation. Les constructions standard telles que 6\u00d719, 6\u00d736 ou 7\u00d719 conviennent \u00e0 la plupart des applications lourdes. Contactez le fabricant pour des configurations personnalis\u00e9es pour des charges extr\u00eames ou des op\u00e9rations sp\u00e9cialis\u00e9es.<\/p>\n<hr data-start=\"4111\" data-end=\"4114\" \/>\n<p data-start=\"4116\" data-end=\"4369\">Le pr\u00e9sent <strong data-start=\"4121\" data-end=\"4154\">C\u00e2ble en alliage \u00e0 haute r\u00e9sistance<\/strong> est la solution optimale pour les professionnels \u00e0 la recherche de <strong data-start=\"4205\" data-end=\"4266\">des \u00e9quipements de levage fiables, durables et performants<\/strong>. Une s\u00e9lection, une installation et une maintenance appropri\u00e9es garantissent la s\u00e9curit\u00e9 et l'efficacit\u00e9 op\u00e9rationnelles \u00e0 long terme.<\/p>","protected":false},"excerpt":{"rendered":"<p>Notre c\u00e2ble en alliage \u00e0 haute r\u00e9sistance est con\u00e7u pour les applications industrielles exigeantes de levage, de hissage et de gr\u00e9ement. Fabriqu\u00e9 en acier alli\u00e9 de premi\u00e8re qualit\u00e9, il offre une r\u00e9sistance \u00e0 la traction sup\u00e9rieure, une excellente r\u00e9sistance \u00e0 la fatigue et une longue dur\u00e9e de vie sous des charges extr\u00eames.<\/p>","protected":false},"featured_media":1929,"comment_status":"open","ping_status":"closed","template":"","meta":{"site-sidebar-layout":"default","site-content-layout":"","ast-site-content-layout":"default","site-content-style":"default","site-sidebar-style":"default","ast-global-header-display":"","ast-banner-title-visibility":"","ast-main-header-display":"","ast-hfb-above-header-display":"","ast-hfb-below-header-display":"","ast-hfb-mobile-header-display":"","site-post-title":"","ast-breadcrumbs-content":"","ast-featured-img":"","footer-sml-layout":"","ast-disable-related-posts":"","theme-transparent-header-meta":"default","adv-header-id-meta":"","stick-header-meta":"default","header-above-stick-meta":"","header-main-stick-meta":"","header-below-stick-meta":"","astra-migrate-meta-layouts":"set","ast-page-background-enabled":"default","ast-page-background-meta":{"desktop":{"background-color":"","background-image":"","background-repeat":"repeat","background-position":"center center","background-size":"auto","background-attachment":"scroll","background-type":"","background-media":"","overlay-type":"","overlay-color":"","overlay-opacity":"","overlay-gradient":""},"tablet":{"background-color":"","background-image":"","background-repeat":"repeat","background-position":"center center","background-size":"auto","background-attachment":"scroll","background-type":"","background-media":"","overlay-type":"","overlay-color":"","overlay-opacity":"","overlay-gradient":""},"mobile":{"background-color":"","background-image":"","background-repeat":"repeat","background-position":"center center","background-size":"auto","background-attachment":"scroll","background-type":"","background-media":"","overlay-type":"","overlay-color":"","overlay-opacity":"","overlay-gradient":""}},"ast-content-background-meta":{"desktop":{"background-color":"var(--ast-global-color-5)","background-image":"","background-repeat":"repeat","background-position":"center center","background-size":"auto","background-attachment":"scroll","background-type":"","background-media":"","overlay-type":"","overlay-color":"","overlay-opacity":"","overlay-gradient":""},"tablet":{"background-color":"var(--ast-global-color-5)","background-image":"","background-repeat":"repeat","background-position":"center center","background-size":"auto","background-attachment":"scroll","background-type":"","background-media":"","overlay-type":"","overlay-color":"","overlay-opacity":"","overlay-gradient":""},"mobile":{"background-color":"var(--ast-global-color-5)","background-image":"","background-repeat":"repeat","background-position":"center center","background-size":"auto","background-attachment":"scroll","background-type":"","background-media":"","overlay-type":"","overlay-color":"","overlay-opacity":"","overlay-gradient":""}}},"product_brand":[],"product_cat":[22],"product_tag":[1639,1642,256,1645,1644,1646,1638,1647,1643,1637,1632,119,1641,1640,1627,1633],"class_list":{"0":"post-1923","1":"product","2":"type-product","3":"status-publish","4":"has-post-thumbnail","6":"product_cat-wire-rope-lifting-accessories","7":"product_tag-alloy-steel-wire-rope","8":"product_tag-construction-wire-rope","9":"product_tag-crane-wire-rope","10":"product_tag-durable-wire-rope","11":"product_tag-fatigue-resistant-wire-rope","12":"product_tag-galvanized-wire-rope","13":"product_tag-heavy-lifting-wire-rope","14":"product_tag-heavy-duty-lifting-equipment","15":"product_tag-high-load-wire-rope","16":"product_tag-high-strength-alloy-wire-rope","17":"product_tag-hoisting-wire-rope","18":"product_tag-industrial-wire-rope","19":"product_tag-mining-wire-rope","20":"product_tag-offshore-wire-rope","21":"product_tag-pvc-coated-wire-rope","22":"product_tag-rigging-wire-rope","23":"desktop-align-left","24":"tablet-align-left","25":"mobile-align-left","27":"first","28":"instock","29":"shipping-taxable","30":"product-type-simple"},"_links":{"self":[{"href":"https:\/\/www.wonzh.com\/fr\/wp-json\/wp\/v2\/product\/1923","targetHints":{"allow":["GET"]}}],"collection":[{"href":"https:\/\/www.wonzh.com\/fr\/wp-json\/wp\/v2\/product"}],"about":[{"href":"https:\/\/www.wonzh.com\/fr\/wp-json\/wp\/v2\/types\/product"}],"replies":[{"embeddable":true,"href":"https:\/\/www.wonzh.com\/fr\/wp-json\/wp\/v2\/comments?post=1923"}],"wp:featuredmedia":[{"embeddable":true,"href":"https:\/\/www.wonzh.com\/fr\/wp-json\/wp\/v2\/media\/1929"}],"wp:attachment":[{"href":"https:\/\/www.wonzh.com\/fr\/wp-json\/wp\/v2\/media?parent=1923"}],"wp:term":[{"taxonomy":"product_brand","embeddable":true,"href":"https:\/\/www.wonzh.com\/fr\/wp-json\/wp\/v2\/product_brand?post=1923"},{"taxonomy":"product_cat","embeddable":true,"href":"https:\/\/www.wonzh.com\/fr\/wp-json\/wp\/v2\/product_cat?post=1923"},{"taxonomy":"product_tag","embeddable":true,"href":"https:\/\/www.wonzh.com\/fr\/wp-json\/wp\/v2\/product_tag?post=1923"}],"curies":[{"name":"wp","href":"https:\/\/api.w.org\/{rel}","templated":true}]}}